{"id":40056,"date":"2025-09-10T12:49:40","date_gmt":"2025-09-10T16:49:40","guid":{"rendered":"https:\/\/meteoquebec.ca\/?post_type=product&#038;p=40056"},"modified":"2026-03-17T01:41:31","modified_gmt":"2026-03-17T05:41:31","slug":"espadrille-de-travail-reebok-fusion-ib4317","status":"publish","type":"product","link":"https:\/\/autravail.ca\/en\/product\/espadrille-de-travail-reebok-fusion-ib4317\/","title":{"rendered":"Espadrille de travail Reebok Fusion &#8211; IB4317"},"content":{"rendered":"<h3>Espadrille de travail Reebok Fusion &#8211; IB4317<\/h3>\n<p>Tout le confort d&rsquo;une espadrille sport avec la libert\u00e9 de mouvements et la respirabilit\u00e9, mais propos\u00e9 dans une chaussure de s\u00e9curit\u00e9. L&rsquo;Espadrille de travail Reebok Fusion &#8211; IB4317 Flexweave de Reebok combine le confort d\u2019une chaussure de sport avec les exigences de s\u00e9curit\u00e9 industrielle. L&#8217;empeigne de nylon et la semelle de mousse font de cette espadrille CSA, une chaussure de s\u00e9curit\u00e9 qui se d\u00e9marque. <a href=\"https:\/\/autravail.ca\/en\/product-brand\/Reebok\/\">Reebok<\/a> propose le mod\u00e8le d&rsquo;espadrille de travail Fusion Flexweave parfaitement adapt\u00e9 aux travailleurs qui font de longues journ\u00e9es dans un environnement sec et qui doivent effectuer de nombreux pas par jour. Effectuez vos t\u00e2ches quotidiennes sans avoir \u00e0 penser \u00e0 vos pieds!<\/p>\n<p><!--StartFragment --><\/p>\n<p>Reebok Safety allie performance sportive et protection industrielle. Con\u00e7ue pour les travailleurs actifs, sa gamme de chaussures de s\u00e9curit\u00e9 int\u00e8gre des technologies avanc\u00e9es. Par exemple, la mousse Floatride Energy, offrant un amorti l\u00e9ger et r\u00e9actif. Les tiges en Flexweave ou Ultraknit assurent respirabilit\u00e9 et durabilit\u00e9, tandis que les embouts en composite certifi\u00e9s CSA prot\u00e8gent contre les chocs et perforations. Antid\u00e9rapantes, sans m\u00e9tal et souvent dot\u00e9es de propri\u00e9t\u00e9s antistatiques, les espadrilles Reebok Safety conviennent \u00e0 divers environnements : entrep\u00f4ts, ateliers, restauration ou \u00e9lectronique. Leur design moderne et leur confort prolong\u00e9 en font un choix pris\u00e9 par ceux qui exigent s\u00e9curit\u00e9 sans compromis sur le style.<!--EndFragment --><\/p>\n<p><img decoding=\"async\" class=\"alignnone size-full wp-image-40117\" src=\"https:\/\/autravail.ca\/wp-content\/uploads\/2025\/09\/Certification-Omega-Triangle-vert.jpg\" alt=\"Certifications Om\u00e9ga Triangle vert\" width=\"193\" height=\"110\" srcset=\"https:\/\/autravail.ca\/wp-content\/uploads\/2025\/09\/Certification-Omega-Triangle-vert.jpg 193w, https:\/\/autravail.ca\/wp-content\/uploads\/2025\/09\/Certification-Omega-Triangle-vert-150x85.jpg 150w, https:\/\/autravail.ca\/wp-content\/uploads\/2025\/09\/Certification-Omega-Triangle-vert-18x10.jpg 18w\" sizes=\"(max-width: 193px) 100vw, 193px\" \/><\/p>\n<h4>Characteristics:<\/h4>\n<ul>\n<li>Protection: Om\u00e9ga, cap et semelle<\/li>\n<li>Tube : Ultraknit and Flexweave Tube<\/li>\n<li>Empeigne: ultral\u00e9g\u00e8re et respirante.<\/li>\n<li>Lining: Nylon mesh draining moisture<\/li>\n<li>Exterior sole: intermediate outsole made of Floatride Energy foam and exterior anti-slip rubber sole<\/li>\n<li>Midsole Intercalaire: The Midsole Intercalaire in Floatride Energy Foam is lighter than traditional EVA<\/li>\n<li>Inner Sole: Removable Forefoot Cushion in EVA<\/li>\n<li>Gamme de tailles : Large 4-11, 12, 13, 14 et 15<\/li>\n<li>Profession: Industrial, Hotel or Restaurant<em>.<\/em><\/li>\n<li>Certifications: CSA triangle vert, Om\u00e9ga<\/li>\n<\/ul>\n<p><img decoding=\"async\" class=\"alignnone wp-image-40620\" src=\"https:\/\/autravail.ca\/wp-content\/uploads\/2025\/09\/Jachete-quebec-et-canada.jpg\" alt=\"Logo de l'achat local\" width=\"162\" height=\"139\" \/>Merci d&rsquo;encourager une entreprise 100% d&rsquo;ici!<\/p>\n<p>TS2510S<\/p>","protected":false},"excerpt":{"rendered":"<p>Espadrille de travail Reebok Fusion &#8211; IB4317 Tout le confort d&rsquo;une espadrille sport avec la libert\u00e9 de mouvements et la respirabilit\u00e9, mais propos\u00e9 dans une chaussure de s\u00e9curit\u00e9. L&rsquo;Espadrille de travail Reebok Fusion &#8211; IB4317 Flexweave de Reebok combine le confort d\u2019une chaussure de sport avec les exigences de s\u00e9curit\u00e9 industrielle. L&#8217;empeigne de nylon et [&hellip;]<\/p>","protected":false},"featured_media":41964,"comment_status":"open","ping_status":"closed","template":"","meta":[],"product_cat":[631,645,808,602],"product_tag":[252,263,270,242,793],"class_list":{"0":"post-40056","1":"product","2":"type-product","3":"status-publish","4":"has-post-thumbnail","6":"product_brand-reebok","7":"product_cat-en-solde","8":"product_cat-espadrilles-de-travail","9":"product_cat-espadrilles-de-travail-homme","10":"product_cat-hommes","11":"product_tag-electric-shock-resistant","12":"product_tag-en-solde","13":"product_tag-espadrilles-de-travail","14":"product_tag-homme","15":"product_tag-protection-omega","17":"first","18":"instock","19":"sale","20":"taxable","21":"shipping-taxable","22":"purchasable","23":"product-type-variable"},"yoast_head":"<!-- This site is optimized with the Yoast SEO plugin v25.3.1 - https:\/\/yoast.com\/wordpress\/plugins\/seo\/ -->\n<title>Espadrille de travail Reebok Fusion - IB4317 - Le Magasin Industriel<\/title>\n<meta name=\"description\" content=\"Espadrille de travail Reebok Fusion - IB4317 Flexwear CSA avec empeigne de PU et de nylon. Id\u00e9al pour un travail qui exige beaucoup de d\u00e9placement.\" \/>\n<meta name=\"robots\" content=\"index, follow, max-snippet:-1, max-image-preview:large, max-video-preview:-1\" \/>\n<link rel=\"canonical\" href=\"https:\/\/autravail.ca\/en\/product\/espadrille-de-travail-reebok-fusion-ib4317\/\" \/>\n<meta property=\"og:locale\" content=\"en_US\" \/>\n<meta property=\"og:type\" content=\"article\" \/>\n<meta property=\"og:title\" content=\"Espadrille de travail Reebok Fusion - IB4317 - Le Magasin Industriel\" \/>\n<meta property=\"og:description\" content=\"Espadrille de travail Reebok Fusion - IB4317 Flexwear CSA avec empeigne de PU et de nylon. Id\u00e9al pour un travail qui exige beaucoup de d\u00e9placement.\" \/>\n<meta property=\"og:url\" content=\"https:\/\/autravail.ca\/en\/product\/espadrille-de-travail-reebok-fusion-ib4317\/\" \/>\n<meta property=\"og:site_name\" content=\"Le Magasin Industriel\" \/>\n<meta property=\"article:publisher\" content=\"https:\/\/www.facebook.com\/lemagasinindustriel\/?locale=fr_FR\" \/>\n<meta property=\"article:modified_time\" content=\"2026-03-17T05:41:31+00:00\" \/>\n<meta property=\"og:image\" content=\"https:\/\/autravail.ca\/wp-content\/uploads\/2025\/09\/IB4317_A01.jpg\" \/>\n\t<meta property=\"og:image:width\" content=\"1000\" \/>\n\t<meta property=\"og:image:height\" content=\"1000\" \/>\n\t<meta property=\"og:image:type\" content=\"image\/jpeg\" \/>\n<meta name=\"twitter:card\" content=\"summary_large_image\" \/>\n<meta name=\"twitter:label1\" content=\"Est. reading time\" \/>\n\t<meta name=\"twitter:data1\" content=\"3 minutes\" \/>\n<script type=\"application\/ld+json\" class=\"yoast-schema-graph\">{\"@context\":\"https:\/\/schema.org\",\"@graph\":[{\"@type\":\"WebPage\",\"@id\":\"https:\/\/autravail.ca\/product\/espadrille-de-travail-reebok-fusion-ib4317\/\",\"url\":\"https:\/\/autravail.ca\/product\/espadrille-de-travail-reebok-fusion-ib4317\/\",\"name\":\"Espadrille de travail Reebok Fusion - IB4317 - Le Magasin Industriel\",\"isPartOf\":{\"@id\":\"https:\/\/autravail.ca\/#website\"},\"primaryImageOfPage\":{\"@id\":\"https:\/\/autravail.ca\/product\/espadrille-de-travail-reebok-fusion-ib4317\/#primaryimage\"},\"image\":{\"@id\":\"https:\/\/autravail.ca\/product\/espadrille-de-travail-reebok-fusion-ib4317\/#primaryimage\"},\"thumbnailUrl\":\"https:\/\/autravail.ca\/wp-content\/uploads\/2025\/09\/IB4317_A01.jpg\",\"datePublished\":\"2025-09-10T16:49:40+00:00\",\"dateModified\":\"2026-03-17T05:41:31+00:00\",\"description\":\"Espadrille de travail Reebok Fusion - IB4317 Flexwear CSA avec empeigne de PU et de nylon. Id\u00e9al pour un travail qui exige beaucoup de d\u00e9placement.\",\"breadcrumb\":{\"@id\":\"https:\/\/autravail.ca\/product\/espadrille-de-travail-reebok-fusion-ib4317\/#breadcrumb\"},\"inLanguage\":\"en-CA\",\"potentialAction\":[{\"@type\":\"ReadAction\",\"target\":[\"https:\/\/autravail.ca\/product\/espadrille-de-travail-reebok-fusion-ib4317\/\"]}]},{\"@type\":\"ImageObject\",\"inLanguage\":\"en-CA\",\"@id\":\"https:\/\/autravail.ca\/product\/espadrille-de-travail-reebok-fusion-ib4317\/#primaryimage\",\"url\":\"https:\/\/autravail.ca\/wp-content\/uploads\/2025\/09\/IB4317_A01.jpg\",\"contentUrl\":\"https:\/\/autravail.ca\/wp-content\/uploads\/2025\/09\/IB4317_A01.jpg\",\"width\":1000,\"height\":1000,\"caption\":\"Espadrille de travail Reebok Fusion - IB4317\"},{\"@type\":\"BreadcrumbList\",\"@id\":\"https:\/\/autravail.ca\/product\/espadrille-de-travail-reebok-fusion-ib4317\/#breadcrumb\",\"itemListElement\":[{\"@type\":\"ListItem\",\"position\":1,\"name\":\"Accueil\",\"item\":\"https:\/\/autravail.ca\/\"},{\"@type\":\"ListItem\",\"position\":2,\"name\":\"Magasin\",\"item\":\"https:\/\/autravail.ca\/en\/shop\/\"},{\"@type\":\"ListItem\",\"position\":3,\"name\":\"Espadrille de travail Reebok Fusion &#8211; IB4317\"}]},{\"@type\":\"WebSite\",\"@id\":\"https:\/\/autravail.ca\/#website\",\"url\":\"https:\/\/autravail.ca\/\",\"name\":\"Le Magasin Industriel\",\"description\":\"50 ans de tradition de s\u00e9curit\u00e9 au travail\",\"publisher\":{\"@id\":\"https:\/\/autravail.ca\/#organization\"},\"potentialAction\":[{\"@type\":\"SearchAction\",\"target\":{\"@type\":\"EntryPoint\",\"urlTemplate\":\"https:\/\/autravail.ca\/?s={search_term_string}\"},\"query-input\":{\"@type\":\"PropertyValueSpecification\",\"valueRequired\":true,\"valueName\":\"search_term_string\"}}],\"inLanguage\":\"en-CA\"},{\"@type\":\"Organization\",\"@id\":\"https:\/\/autravail.ca\/#organization\",\"name\":\"Le Magasin Industriel\",\"url\":\"https:\/\/autravail.ca\/\",\"logo\":{\"@type\":\"ImageObject\",\"inLanguage\":\"en-CA\",\"@id\":\"https:\/\/autravail.ca\/#\/schema\/logo\/image\/\",\"url\":\"https:\/\/autravail.ca\/wp-content\/uploads\/2025\/05\/cropped-magasin_industriel_120x.avif\",\"contentUrl\":\"https:\/\/autravail.ca\/wp-content\/uploads\/2025\/05\/cropped-magasin_industriel_120x.avif\",\"width\":120,\"height\":24,\"caption\":\"Le Magasin Industriel\"},\"image\":{\"@id\":\"https:\/\/autravail.ca\/#\/schema\/logo\/image\/\"},\"sameAs\":[\"https:\/\/www.facebook.com\/lemagasinindustriel\/?locale=fr_FR\"]}]}<\/script>\n<!-- \/ Yoast SEO plugin. -->","yoast_head_json":{"title":"Espadrille de travail Reebok Fusion - IB4317 - Le Magasin Industriel","description":"Espadrille de travail Reebok Fusion - IB4317 Flexwear CSA avec empeigne de PU et de nylon. Id\u00e9al pour un travail qui exige beaucoup de d\u00e9placement.","robots":{"index":"index","follow":"follow","max-snippet":"max-snippet:-1","max-image-preview":"max-image-preview:large","max-video-preview":"max-video-preview:-1"},"canonical":"https:\/\/autravail.ca\/en\/product\/espadrille-de-travail-reebok-fusion-ib4317\/","og_locale":"en_US","og_type":"article","og_title":"Espadrille de travail Reebok Fusion - IB4317 - Le Magasin Industriel","og_description":"Espadrille de travail Reebok Fusion - IB4317 Flexwear CSA avec empeigne de PU et de nylon. Id\u00e9al pour un travail qui exige beaucoup de d\u00e9placement.","og_url":"https:\/\/autravail.ca\/en\/product\/espadrille-de-travail-reebok-fusion-ib4317\/","og_site_name":"Le Magasin Industriel","article_publisher":"https:\/\/www.facebook.com\/lemagasinindustriel\/?locale=fr_FR","article_modified_time":"2026-03-17T05:41:31+00:00","og_image":[{"width":1000,"height":1000,"url":"https:\/\/autravail.ca\/wp-content\/uploads\/2025\/09\/IB4317_A01.jpg","type":"image\/jpeg"}],"twitter_card":"summary_large_image","twitter_misc":{"Est. reading time":"3 minutes"},"schema":{"@context":"https:\/\/schema.org","@graph":[{"@type":"WebPage","@id":"https:\/\/autravail.ca\/product\/espadrille-de-travail-reebok-fusion-ib4317\/","url":"https:\/\/autravail.ca\/product\/espadrille-de-travail-reebok-fusion-ib4317\/","name":"Espadrille de travail Reebok Fusion - IB4317 - Le Magasin Industriel","isPartOf":{"@id":"https:\/\/autravail.ca\/#website"},"primaryImageOfPage":{"@id":"https:\/\/autravail.ca\/product\/espadrille-de-travail-reebok-fusion-ib4317\/#primaryimage"},"image":{"@id":"https:\/\/autravail.ca\/product\/espadrille-de-travail-reebok-fusion-ib4317\/#primaryimage"},"thumbnailUrl":"https:\/\/autravail.ca\/wp-content\/uploads\/2025\/09\/IB4317_A01.jpg","datePublished":"2025-09-10T16:49:40+00:00","dateModified":"2026-03-17T05:41:31+00:00","description":"Espadrille de travail Reebok Fusion - IB4317 Flexwear CSA avec empeigne de PU et de nylon. Id\u00e9al pour un travail qui exige beaucoup de d\u00e9placement.","breadcrumb":{"@id":"https:\/\/autravail.ca\/product\/espadrille-de-travail-reebok-fusion-ib4317\/#breadcrumb"},"inLanguage":"en-CA","potentialAction":[{"@type":"ReadAction","target":["https:\/\/autravail.ca\/product\/espadrille-de-travail-reebok-fusion-ib4317\/"]}]},{"@type":"ImageObject","inLanguage":"en-CA","@id":"https:\/\/autravail.ca\/product\/espadrille-de-travail-reebok-fusion-ib4317\/#primaryimage","url":"https:\/\/autravail.ca\/wp-content\/uploads\/2025\/09\/IB4317_A01.jpg","contentUrl":"https:\/\/autravail.ca\/wp-content\/uploads\/2025\/09\/IB4317_A01.jpg","width":1000,"height":1000,"caption":"Espadrille de travail Reebok Fusion - IB4317"},{"@type":"BreadcrumbList","@id":"https:\/\/autravail.ca\/product\/espadrille-de-travail-reebok-fusion-ib4317\/#breadcrumb","itemListElement":[{"@type":"ListItem","position":1,"name":"Accueil","item":"https:\/\/autravail.ca\/"},{"@type":"ListItem","position":2,"name":"Magasin","item":"https:\/\/autravail.ca\/en\/shop\/"},{"@type":"ListItem","position":3,"name":"Espadrille de travail Reebok Fusion &#8211; IB4317"}]},{"@type":"WebSite","@id":"https:\/\/autravail.ca\/#website","url":"https:\/\/autravail.ca\/","name":"Le Magasin Industriel","description":"50 ans de tradition de s\u00e9curit\u00e9 au travail","publisher":{"@id":"https:\/\/autravail.ca\/#organization"},"potentialAction":[{"@type":"SearchAction","target":{"@type":"EntryPoint","urlTemplate":"https:\/\/autravail.ca\/?s={search_term_string}"},"query-input":{"@type":"PropertyValueSpecification","valueRequired":true,"valueName":"search_term_string"}}],"inLanguage":"en-CA"},{"@type":"Organization","@id":"https:\/\/autravail.ca\/#organization","name":"Le Magasin Industriel","url":"https:\/\/autravail.ca\/","logo":{"@type":"ImageObject","inLanguage":"en-CA","@id":"https:\/\/autravail.ca\/#\/schema\/logo\/image\/","url":"https:\/\/autravail.ca\/wp-content\/uploads\/2025\/05\/cropped-magasin_industriel_120x.avif","contentUrl":"https:\/\/autravail.ca\/wp-content\/uploads\/2025\/05\/cropped-magasin_industriel_120x.avif","width":120,"height":24,"caption":"Le Magasin Industriel"},"image":{"@id":"https:\/\/autravail.ca\/#\/schema\/logo\/image\/"},"sameAs":["https:\/\/www.facebook.com\/lemagasinindustriel\/?locale=fr_FR"]}]}},"jetpack_sharing_enabled":true,"_links":{"self":[{"href":"https:\/\/autravail.ca\/en\/wp-json\/wp\/v2\/product\/40056","targetHints":{"allow":["GET"]}}],"collection":[{"href":"https:\/\/autravail.ca\/en\/wp-json\/wp\/v2\/product"}],"about":[{"href":"https:\/\/autravail.ca\/en\/wp-json\/wp\/v2\/types\/product"}],"replies":[{"embeddable":true,"href":"https:\/\/autravail.ca\/en\/wp-json\/wp\/v2\/comments?post=40056"}],"wp:featuredmedia":[{"embeddable":true,"href":"https:\/\/autravail.ca\/en\/wp-json\/wp\/v2\/media\/41964"}],"wp:attachment":[{"href":"https:\/\/autravail.ca\/en\/wp-json\/wp\/v2\/media?parent=40056"}],"wp:term":[{"taxonomy":"product_cat","embeddable":true,"href":"https:\/\/autravail.ca\/en\/wp-json\/wp\/v2\/product_cat?post=40056"},{"taxonomy":"product_tag","embeddable":true,"href":"https:\/\/autravail.ca\/en\/wp-json\/wp\/v2\/product_tag?post=40056"}],"curies":[{"name":"wp","href":"https:\/\/api.w.org\/{rel}","templated":true}]}}