{"id":39875,"date":"2025-09-04T14:15:34","date_gmt":"2025-09-04T18:15:34","guid":{"rendered":"https:\/\/meteoquebec.ca\/?post_type=product&#038;p=39875"},"modified":"2026-03-27T11:40:32","modified_gmt":"2026-03-27T15:40:32","slug":"botte-de-travail-boondock-ultralight-a64a7","status":"publish","type":"product","link":"https:\/\/autravail.ca\/en\/product\/botte-de-travail-boondock-ultralight-a64a7\/","title":{"rendered":"Botte de travail Boondock Ultralight &#8211; A64A7"},"content":{"rendered":"<h3>Botte de travail Boondock Ultralight &#8211; A64A7<\/h3>\n<p>Le Magasin Industriel vous propose de d\u00e9couvrir le confort de la <a href=\"https:\/\/autravail.ca\/en\/product-brand\/timberland-pro\/\">Timberland Pro<\/a> Boondock traditionnelle, mais en version ultra-l\u00e9g\u00e8re! Afin de bien vous \u00e9quiper pour vos longues journ\u00e9es de travail, Timberland Pro propose le bottillon de travail Boondock UltraLight en version 8 pouces noire.\u00a0 Con\u00e7ue pour les travaux exigeants et les conditions impr\u00e9visibles, cette botte de travail imperm\u00e9able allie confort, robustesse et protection pour vous permettre de vous d\u00e9placer en toute confiance tout au long de la journ\u00e9e.<\/p>\n<p><!--StartFragment --><\/p>\n<p>Timberland PRO, c\u2019est la branche robuste et technique de Timberland, con\u00e7ue sp\u00e9cialement pour les professionnels du travail. Elle propose des bottes, v\u00eatements et accessoires pens\u00e9s pour les environnements exigeants : chantiers, ateliers, ou conditions m\u00e9t\u00e9o difficiles.<!--EndFragment --><\/p>\n<p><img decoding=\"async\" class=\"alignnone size-full wp-image-40117\" src=\"https:\/\/autravail.ca\/wp-content\/uploads\/2025\/09\/Certification-Omega-Triangle-vert.jpg\" alt=\"Certifications Om\u00e9ga Triangle vert\" width=\"193\" height=\"110\" srcset=\"https:\/\/autravail.ca\/wp-content\/uploads\/2025\/09\/Certification-Omega-Triangle-vert.jpg 193w, https:\/\/autravail.ca\/wp-content\/uploads\/2025\/09\/Certification-Omega-Triangle-vert-150x85.jpg 150w, https:\/\/autravail.ca\/wp-content\/uploads\/2025\/09\/Certification-Omega-Triangle-vert-18x10.jpg 18w\" sizes=\"(max-width: 193px) 100vw, 193px\" \/><\/p>\n<h6>Characteristics:<\/h6>\n<div id=\"base-collapse-v-0-10-2-content\" class=\"overflow-hidden duration\" aria-labelledby=\"base-collapse-v-0-10-2\">\n<div class=\"\" data-test-id=\"vf-accordion-content\">\n<div class=\"body-3 pb-4 pt-2\">\n<ul class=\"grid list-disc gap-4 cols-2\" title=\"Properties of Benefits\" data-test-id=\"product-details-bulletin\">\n<li class=\"ml-5\">Tige Timberland\u00ae en cuir pleine fleur imperm\u00e9able de premi\u00e8re qualit\u00e9 dot\u00e9e de renforts en TPU moul\u00e9 et en cuir Ever-Guard\u2122 pour la durabilit\u00e9 et d\u2019une membrane imperm\u00e9able<\/li>\n<li class=\"ml-5\">Timberland soutient la fabrication responsable du cuir par l\u2019interm\u00e9diaire du Groupe de travail sur le cuir<\/li>\n<li class=\"ml-5\">Asymmetrical composite safety buckle<\/li>\n<li class=\"ml-5\">Protection contre les dangers \u00e9lectriques<\/li>\n<li class=\"ml-5\">Cambrion sans m\u00e9tal offrant un soutien structurel<\/li>\n<li class=\"ml-5\">Tige sans m\u00e9tal avec \u0153illets renforc\u00e9s et crochets double usage en TPU moul\u00e9 pour un la\u00e7age personnalis\u00e9<\/li>\n<li class=\"ml-5\">Doublure respirante \u00e9vacuant l\u2019humidit\u00e9 avec traitement antimicrobien contr\u00f4lant les odeurs<\/li>\n<li class=\"ml-5\">Assise plantaire a\u00e9r\u00e9e en polyur\u00e9thane avec technologie antifatigue offrant r\u00e9gulation thermique, amortissement des chocs et retour d\u2019\u00e9nergie<\/li>\n<li class=\"ml-5\">Technologie Timberland PRO\u00ae 24\/7+ tout confort qui aide \u00e0 r\u00e9duire la fatigue du pied en dispersant les points de pression, en soutenant la vo\u00fbte plantaire et en amortissant chaque pas<\/li>\n<li class=\"ml-5\">Semelle intercalaire l\u00e9g\u00e8re en mousse Hover Spring\u2122 favorisant confort sous le pied, flexibilit\u00e9 et durabilit\u00e9<\/li>\n<li class=\"ml-5\">Tr\u00e9pointe cousue alli\u00e9e \u00e0 un avant-pied coll\u00e9 favorisant la durabilit\u00e9 et la flexibilit\u00e9<\/li>\n<li class=\"ml-5\">Semelle d\u2019usure toutes saisons l\u00e9g\u00e8re en TPU non marquant qui r\u00e9siste \u00e0 la chaleur, \u00e0 l\u2019huile, au glissement et \u00e0 l\u2019abrasion<\/li>\n<li class=\"ml-5\">Garantie confort 30 jours<\/li>\n<\/ul>\n<p><img decoding=\"async\" class=\"alignnone wp-image-40620\" src=\"https:\/\/autravail.ca\/wp-content\/uploads\/2025\/09\/Jachete-quebec-et-canada.jpg\" alt=\"Logo de l'achat local\" width=\"162\" height=\"139\" \/>Merci d&rsquo;encourager une entreprise 100% d&rsquo;ici!<\/p>\n<\/div>\n<\/div>\n<\/div>\n<p>&nbsp;<\/p>","protected":false},"excerpt":{"rendered":"<p>Botte de travail Boondock Ultralight &#8211; A64A7 Le Magasin Industriel vous propose de d\u00e9couvrir le confort de la Timberland Pro Boondock traditionnelle, mais en version ultra-l\u00e9g\u00e8re! Afin de bien vous \u00e9quiper pour vos longues journ\u00e9es de travail, Timberland Pro propose le bottillon de travail Boondock UltraLight en version 8 pouces noire.\u00a0 Con\u00e7ue pour les travaux [&hellip;]<\/p>","protected":false},"featured_media":39889,"comment_status":"open","ping_status":"closed","template":"","meta":[],"product_cat":[613,805,631,602,848],"product_tag":[251,790,252,263,242,791],"class_list":{"0":"post-39875","1":"product","2":"type-product","3":"status-publish","4":"has-post-thumbnail","6":"product_brand-boondock","7":"product_brand-ultralight","8":"product_brand-timberland-pro","9":"product_cat-bottes-de-travail","10":"product_cat-bottes-de-travail-homme","11":"product_cat-en-solde","12":"product_cat-hommes","13":"product_cat-top-choix-des-travailleurs","14":"product_tag-bottes-de-travail","15":"product_tag-bottes-de-travail-8","16":"product_tag-electric-shock-resistant","17":"product_tag-en-solde","18":"product_tag-homme","19":"product_tag-serie-ultralight","21":"first","22":"instock","23":"sale","24":"taxable","25":"shipping-taxable","26":"purchasable","27":"product-type-variable"},"yoast_head":"<!-- This site is optimized with the Yoast SEO plugin v25.3.1 - https:\/\/yoast.com\/wordpress\/plugins\/seo\/ -->\n<title>Botte de travail Boondock Ultralight - A64A7 - Le Magasin Industriel<\/title>\n<meta name=\"description\" content=\"De Timberland Pro, la Botte de travail Boondock Ultralight - A64A7 8 pouces noire propose; confort, l\u00e9g\u00e8ret\u00e9, antid\u00e9rapance, robustesse.\" \/>\n<meta name=\"robots\" content=\"index, follow, max-snippet:-1, max-image-preview:large, max-video-preview:-1\" \/>\n<link rel=\"canonical\" href=\"https:\/\/autravail.ca\/en\/product\/botte-de-travail-boondock-ultralight-a64a7\/\" \/>\n<meta property=\"og:locale\" content=\"en_US\" \/>\n<meta property=\"og:type\" content=\"article\" \/>\n<meta property=\"og:title\" content=\"Botte de travail Boondock Ultralight - A64A7 - Le Magasin Industriel\" \/>\n<meta property=\"og:description\" content=\"De Timberland Pro, la Botte de travail Boondock Ultralight - A64A7 8 pouces noire propose; confort, l\u00e9g\u00e8ret\u00e9, antid\u00e9rapance, robustesse.\" \/>\n<meta property=\"og:url\" content=\"https:\/\/autravail.ca\/en\/product\/botte-de-travail-boondock-ultralight-a64a7\/\" \/>\n<meta property=\"og:site_name\" content=\"Le Magasin Industriel\" \/>\n<meta property=\"article:publisher\" content=\"https:\/\/www.facebook.com\/lemagasinindustriel\/?locale=fr_FR\" \/>\n<meta property=\"article:modified_time\" content=\"2026-03-27T15:40:32+00:00\" \/>\n<meta property=\"og:image\" content=\"https:\/\/autravail.ca\/wp-content\/uploads\/2025\/09\/A64A7_A01.jpg\" \/>\n\t<meta property=\"og:image:width\" content=\"1000\" \/>\n\t<meta property=\"og:image:height\" content=\"1000\" \/>\n\t<meta property=\"og:image:type\" content=\"image\/jpeg\" \/>\n<meta name=\"twitter:card\" content=\"summary_large_image\" \/>\n<meta name=\"twitter:label1\" content=\"Est. reading time\" \/>\n\t<meta name=\"twitter:data1\" content=\"3 minutes\" \/>\n<script type=\"application\/ld+json\" class=\"yoast-schema-graph\">{\"@context\":\"https:\/\/schema.org\",\"@graph\":[{\"@type\":\"WebPage\",\"@id\":\"https:\/\/autravail.ca\/product\/botte-de-travail-boondock-ultralight-a64a7\/\",\"url\":\"https:\/\/autravail.ca\/product\/botte-de-travail-boondock-ultralight-a64a7\/\",\"name\":\"Botte de travail Boondock Ultralight - A64A7 - Le Magasin Industriel\",\"isPartOf\":{\"@id\":\"https:\/\/autravail.ca\/#website\"},\"primaryImageOfPage\":{\"@id\":\"https:\/\/autravail.ca\/product\/botte-de-travail-boondock-ultralight-a64a7\/#primaryimage\"},\"image\":{\"@id\":\"https:\/\/autravail.ca\/product\/botte-de-travail-boondock-ultralight-a64a7\/#primaryimage\"},\"thumbnailUrl\":\"https:\/\/autravail.ca\/wp-content\/uploads\/2025\/09\/A64A7_A01.jpg\",\"datePublished\":\"2025-09-04T18:15:34+00:00\",\"dateModified\":\"2026-03-27T15:40:32+00:00\",\"description\":\"De Timberland Pro, la Botte de travail Boondock Ultralight - A64A7 8 pouces noire propose; confort, l\u00e9g\u00e8ret\u00e9, antid\u00e9rapance, robustesse.\",\"breadcrumb\":{\"@id\":\"https:\/\/autravail.ca\/product\/botte-de-travail-boondock-ultralight-a64a7\/#breadcrumb\"},\"inLanguage\":\"en-CA\",\"potentialAction\":[{\"@type\":\"ReadAction\",\"target\":[\"https:\/\/autravail.ca\/product\/botte-de-travail-boondock-ultralight-a64a7\/\"]}]},{\"@type\":\"ImageObject\",\"inLanguage\":\"en-CA\",\"@id\":\"https:\/\/autravail.ca\/product\/botte-de-travail-boondock-ultralight-a64a7\/#primaryimage\",\"url\":\"https:\/\/autravail.ca\/wp-content\/uploads\/2025\/09\/A64A7_A01.jpg\",\"contentUrl\":\"https:\/\/autravail.ca\/wp-content\/uploads\/2025\/09\/A64A7_A01.jpg\",\"width\":1000,\"height\":1000,\"caption\":\"Bottes de travail Timberland Pro Boondock Ultralight noire\"},{\"@type\":\"BreadcrumbList\",\"@id\":\"https:\/\/autravail.ca\/product\/botte-de-travail-boondock-ultralight-a64a7\/#breadcrumb\",\"itemListElement\":[{\"@type\":\"ListItem\",\"position\":1,\"name\":\"Accueil\",\"item\":\"https:\/\/autravail.ca\/\"},{\"@type\":\"ListItem\",\"position\":2,\"name\":\"Magasin\",\"item\":\"https:\/\/autravail.ca\/en\/shop\/\"},{\"@type\":\"ListItem\",\"position\":3,\"name\":\"Botte de travail Boondock Ultralight &#8211; A64A7\"}]},{\"@type\":\"WebSite\",\"@id\":\"https:\/\/autravail.ca\/#website\",\"url\":\"https:\/\/autravail.ca\/\",\"name\":\"Le Magasin Industriel\",\"description\":\"50 ans de tradition de s\u00e9curit\u00e9 au travail\",\"publisher\":{\"@id\":\"https:\/\/autravail.ca\/#organization\"},\"potentialAction\":[{\"@type\":\"SearchAction\",\"target\":{\"@type\":\"EntryPoint\",\"urlTemplate\":\"https:\/\/autravail.ca\/?s={search_term_string}\"},\"query-input\":{\"@type\":\"PropertyValueSpecification\",\"valueRequired\":true,\"valueName\":\"search_term_string\"}}],\"inLanguage\":\"en-CA\"},{\"@type\":\"Organization\",\"@id\":\"https:\/\/autravail.ca\/#organization\",\"name\":\"Le Magasin Industriel\",\"url\":\"https:\/\/autravail.ca\/\",\"logo\":{\"@type\":\"ImageObject\",\"inLanguage\":\"en-CA\",\"@id\":\"https:\/\/autravail.ca\/#\/schema\/logo\/image\/\",\"url\":\"https:\/\/autravail.ca\/wp-content\/uploads\/2025\/05\/cropped-magasin_industriel_120x.avif\",\"contentUrl\":\"https:\/\/autravail.ca\/wp-content\/uploads\/2025\/05\/cropped-magasin_industriel_120x.avif\",\"width\":120,\"height\":24,\"caption\":\"Le Magasin Industriel\"},\"image\":{\"@id\":\"https:\/\/autravail.ca\/#\/schema\/logo\/image\/\"},\"sameAs\":[\"https:\/\/www.facebook.com\/lemagasinindustriel\/?locale=fr_FR\"]}]}<\/script>\n<!-- \/ Yoast SEO plugin. -->","yoast_head_json":{"title":"Botte de travail Boondock Ultralight - A64A7 - Le Magasin Industriel","description":"De Timberland Pro, la Botte de travail Boondock Ultralight - A64A7 8 pouces noire propose; confort, l\u00e9g\u00e8ret\u00e9, antid\u00e9rapance, robustesse.","robots":{"index":"index","follow":"follow","max-snippet":"max-snippet:-1","max-image-preview":"max-image-preview:large","max-video-preview":"max-video-preview:-1"},"canonical":"https:\/\/autravail.ca\/en\/product\/botte-de-travail-boondock-ultralight-a64a7\/","og_locale":"en_US","og_type":"article","og_title":"Botte de travail Boondock Ultralight - A64A7 - Le Magasin Industriel","og_description":"De Timberland Pro, la Botte de travail Boondock Ultralight - A64A7 8 pouces noire propose; confort, l\u00e9g\u00e8ret\u00e9, antid\u00e9rapance, robustesse.","og_url":"https:\/\/autravail.ca\/en\/product\/botte-de-travail-boondock-ultralight-a64a7\/","og_site_name":"Le Magasin Industriel","article_publisher":"https:\/\/www.facebook.com\/lemagasinindustriel\/?locale=fr_FR","article_modified_time":"2026-03-27T15:40:32+00:00","og_image":[{"width":1000,"height":1000,"url":"https:\/\/autravail.ca\/wp-content\/uploads\/2025\/09\/A64A7_A01.jpg","type":"image\/jpeg"}],"twitter_card":"summary_large_image","twitter_misc":{"Est. reading time":"3 minutes"},"schema":{"@context":"https:\/\/schema.org","@graph":[{"@type":"WebPage","@id":"https:\/\/autravail.ca\/product\/botte-de-travail-boondock-ultralight-a64a7\/","url":"https:\/\/autravail.ca\/product\/botte-de-travail-boondock-ultralight-a64a7\/","name":"Botte de travail Boondock Ultralight - A64A7 - Le Magasin Industriel","isPartOf":{"@id":"https:\/\/autravail.ca\/#website"},"primaryImageOfPage":{"@id":"https:\/\/autravail.ca\/product\/botte-de-travail-boondock-ultralight-a64a7\/#primaryimage"},"image":{"@id":"https:\/\/autravail.ca\/product\/botte-de-travail-boondock-ultralight-a64a7\/#primaryimage"},"thumbnailUrl":"https:\/\/autravail.ca\/wp-content\/uploads\/2025\/09\/A64A7_A01.jpg","datePublished":"2025-09-04T18:15:34+00:00","dateModified":"2026-03-27T15:40:32+00:00","description":"De Timberland Pro, la Botte de travail Boondock Ultralight - A64A7 8 pouces noire propose; confort, l\u00e9g\u00e8ret\u00e9, antid\u00e9rapance, robustesse.","breadcrumb":{"@id":"https:\/\/autravail.ca\/product\/botte-de-travail-boondock-ultralight-a64a7\/#breadcrumb"},"inLanguage":"en-CA","potentialAction":[{"@type":"ReadAction","target":["https:\/\/autravail.ca\/product\/botte-de-travail-boondock-ultralight-a64a7\/"]}]},{"@type":"ImageObject","inLanguage":"en-CA","@id":"https:\/\/autravail.ca\/product\/botte-de-travail-boondock-ultralight-a64a7\/#primaryimage","url":"https:\/\/autravail.ca\/wp-content\/uploads\/2025\/09\/A64A7_A01.jpg","contentUrl":"https:\/\/autravail.ca\/wp-content\/uploads\/2025\/09\/A64A7_A01.jpg","width":1000,"height":1000,"caption":"Bottes de travail Timberland Pro Boondock Ultralight noire"},{"@type":"BreadcrumbList","@id":"https:\/\/autravail.ca\/product\/botte-de-travail-boondock-ultralight-a64a7\/#breadcrumb","itemListElement":[{"@type":"ListItem","position":1,"name":"Accueil","item":"https:\/\/autravail.ca\/"},{"@type":"ListItem","position":2,"name":"Magasin","item":"https:\/\/autravail.ca\/en\/shop\/"},{"@type":"ListItem","position":3,"name":"Botte de travail Boondock Ultralight &#8211; A64A7"}]},{"@type":"WebSite","@id":"https:\/\/autravail.ca\/#website","url":"https:\/\/autravail.ca\/","name":"Le Magasin Industriel","description":"50 ans de tradition de s\u00e9curit\u00e9 au travail","publisher":{"@id":"https:\/\/autravail.ca\/#organization"},"potentialAction":[{"@type":"SearchAction","target":{"@type":"EntryPoint","urlTemplate":"https:\/\/autravail.ca\/?s={search_term_string}"},"query-input":{"@type":"PropertyValueSpecification","valueRequired":true,"valueName":"search_term_string"}}],"inLanguage":"en-CA"},{"@type":"Organization","@id":"https:\/\/autravail.ca\/#organization","name":"Le Magasin Industriel","url":"https:\/\/autravail.ca\/","logo":{"@type":"ImageObject","inLanguage":"en-CA","@id":"https:\/\/autravail.ca\/#\/schema\/logo\/image\/","url":"https:\/\/autravail.ca\/wp-content\/uploads\/2025\/05\/cropped-magasin_industriel_120x.avif","contentUrl":"https:\/\/autravail.ca\/wp-content\/uploads\/2025\/05\/cropped-magasin_industriel_120x.avif","width":120,"height":24,"caption":"Le Magasin Industriel"},"image":{"@id":"https:\/\/autravail.ca\/#\/schema\/logo\/image\/"},"sameAs":["https:\/\/www.facebook.com\/lemagasinindustriel\/?locale=fr_FR"]}]}},"jetpack_sharing_enabled":true,"_links":{"self":[{"href":"https:\/\/autravail.ca\/en\/wp-json\/wp\/v2\/product\/39875","targetHints":{"allow":["GET"]}}],"collection":[{"href":"https:\/\/autravail.ca\/en\/wp-json\/wp\/v2\/product"}],"about":[{"href":"https:\/\/autravail.ca\/en\/wp-json\/wp\/v2\/types\/product"}],"replies":[{"embeddable":true,"href":"https:\/\/autravail.ca\/en\/wp-json\/wp\/v2\/comments?post=39875"}],"wp:featuredmedia":[{"embeddable":true,"href":"https:\/\/autravail.ca\/en\/wp-json\/wp\/v2\/media\/39889"}],"wp:attachment":[{"href":"https:\/\/autravail.ca\/en\/wp-json\/wp\/v2\/media?parent=39875"}],"wp:term":[{"taxonomy":"product_cat","embeddable":true,"href":"https:\/\/autravail.ca\/en\/wp-json\/wp\/v2\/product_cat?post=39875"},{"taxonomy":"product_tag","embeddable":true,"href":"https:\/\/autravail.ca\/en\/wp-json\/wp\/v2\/product_tag?post=39875"}],"curies":[{"name":"wp","href":"https:\/\/api.w.org\/{rel}","templated":true}]}}