{"id":39839,"date":"2025-08-29T14:17:00","date_gmt":"2025-08-29T18:17:00","guid":{"rendered":"https:\/\/meteoquebec.ca\/?post_type=product&#038;p=39839"},"modified":"2025-12-30T14:10:04","modified_gmt":"2025-12-30T18:10:04","slug":"bouchons-doreille-312-1250","status":"publish","type":"product","link":"https:\/\/autravail.ca\/en\/product\/bouchons-doreille-312-1250\/","title":{"rendered":"Bouchons d&rsquo;oreille &#8211; 312-1250"},"content":{"rendered":"<h3 id=\"title\" class=\"a-size-large a-spacing-none\"><span id=\"productTitle\" class=\"a-size-large product-title-word-break\">Bouchons d&rsquo;oreille &#8211; 312-1250 de 3M, E-A-Rsoft jaune n\u00e9ons 200 paire\/boites, sans corde<\/span><\/h3>\n<p>Bouchons d&rsquo;oreille &#8211; 312-1250 sont des <mark class=\"HxTRcb\" data-complete=\"true\" data-sae=\"\">protections auditives jetables en mousse souple<\/mark>, pris\u00e9es pour leur confort et leur niveau de r\u00e9duction du bruit \u00e9lev\u00e9, id\u00e9ales pour une vari\u00e9t\u00e9 d&rsquo;environnements industriels et de loisirs bruyants.<\/p>\n<h6>Caract\u00e9ristiques Principales<\/h6>\n<ul class=\"KsbFXc U6u95\" data-complete=\"true\" data-processed=\"true\">\n<li data-hveid=\"CAEIBBAA\" data-complete=\"true\" data-sae=\"\"><span class=\"T286Pc\" data-sfc-cp=\"\" data-complete=\"true\">Bouchons d&rsquo;oreille en mousse \u00e0 rouler et \u00e0 ins\u00e9rer (forme conique).<\/span><\/li>\n<li data-hveid=\"CAEIBBAB\" data-complete=\"true\" data-sae=\"\"><span class=\"T286Pc\" data-sfc-cp=\"\" data-complete=\"true\">Mousse de polyur\u00e9thane (PU) \u00e0 expansion lente, douce et flexible, qui s&rsquo;adapte \u00e0 la forme unique de chaque conduit auditif.<\/span><\/li>\n<li data-hveid=\"CAEIBBAC\" data-complete=\"true\" data-sae=\"\"><span class=\"T286Pc\" data-sfc-cp=\"\" data-complete=\"true\">Offrent un niveau de r\u00e9duction du bruit (NRR) de <strong class=\"Yjhzub\" data-complete=\"true\">33 dB<\/strong>, l&rsquo;un des plus \u00e9lev\u00e9s disponibles pour ce type de produit.<\/span><\/li>\n<li data-hveid=\"CAEIBBAD\" data-complete=\"true\" data-sae=\"\"><span class=\"T286Pc\" data-sfc-cp=\"\" data-complete=\"true\">Jaune n\u00e9on vif pour faciliter les v\u00e9rifications de conformit\u00e9 visuelle.<\/span><\/li>\n<li data-hveid=\"CAEIBBAE\" data-complete=\"true\" data-sae=\"\"><span class=\"T286Pc\" data-sfc-cp=\"\" data-complete=\"true\">Sans cordon.<\/span><\/li>\n<li data-hveid=\"CAEIBBAF\" data-complete=\"true\" data-sae=\"\"><span class=\"T286Pc\" data-sfc-cp=\"\" data-complete=\"true\">Taille r\u00e9guli\u00e8re qui convient \u00e0 la plupart des conduits auditifs.<\/span><\/li>\n<li data-hveid=\"CAEIBBAG\" data-complete=\"true\" data-sae=\"\"><span class=\"T286Pc\" data-sfc-cp=\"\" data-complete=\"true\">Viennent en vrac dans un sac en poly\u00e9thyl\u00e8ne ou en bo\u00eete distributrice pour garder chaque paire propre avant utilisation.<\/span><span class=\"uJ19be notranslate\" data-wiz-uids=\"c7rOwf_1b,c7rOwf_1c,c7rOwf_1d\" data-complete=\"true\"><span class=\"vKEkVd\" data-animation-atomic=\"\" data-wiz-attrbind=\"class=c7rOwf_1b\/TKHnVd;\" data-sae=\"\">\u00a0<button class=\"rBl3me\" tabindex=\"0\" data-amic=\"true\" data-icl-uuid=\"bf073900-d393-4bf4-bf41-df578cc6f498\" aria-label=\"Afficher les liens associ\u00e9s\" data-wiz-attrbind=\"disabled=c7rOwf_1b\/C5gNJc;class=c7rOwf_1b\/UpSNec;\" data-ved=\"2ahUKEwiL2qu28-WRAxXwKFkFHba8EPIQye0OegYIAQgEEAc\"><\/button><\/span><\/span><\/li>\n<\/ul>\n<div class=\"Fsg96\" data-sfc-cp=\"\" data-complete=\"true\" data-processed=\"true\"><\/div>\n<h6 class=\"otQkpb\" role=\"heading\" aria-level=\"3\" data-processed=\"true\" data-complete=\"true\">Avantages et Utilisation<\/h6>\n<div role=\"heading\" aria-level=\"3\" data-animation-nesting=\"\" data-sfc-cp=\"\" data-processed=\"true\" data-sae=\"\" data-complete=\"true\"><\/div>\n<ul class=\"a-unordered-list a-vertical a-spacing-mini\">\n<li class=\"a-spacing-mini\"><span class=\"a-list-item\">Confort exceptionnel : les bouchons d&rsquo;oreille E-A-Rsoft ont une mousse avanc\u00e9e avec une texture lisse \u2013 offrant un confort intra-auriculaire pour un port prolong\u00e9<\/span><\/li>\n<li class=\"a-spacing-mini\"><span class=\"a-list-item\">Indice de r\u00e9duction du bruit : 33 dB CSA Classe AL*<\/span><\/li>\n<li class=\"a-spacing-mini\"><span class=\"a-list-item\">Mousse souple absorbant le son : les bouchons d&rsquo;oreille en mousse souple sont faciles \u00e0 rouler vers le bas et \u00e0 ins\u00e9rer, puis \u00e0 s&rsquo;\u00e9tendre dans le conduit auditif pour aider \u00e0 r\u00e9duire l&rsquo;exposition au bruit<\/span><\/li>\n<li class=\"a-spacing-mini\"><span class=\"a-list-item\">Polyvalent : utilisation lors de l&rsquo;\u00e9caillage, du burinage, du per\u00e7age, des op\u00e9rations de four, du meulage, des op\u00e9rations d&rsquo;\u00e9quipement lourd, de l&rsquo;usinage, du coul\u00e9\/du moulage, de la fixation \u00e9lectrique, du rivetage, du pon\u00e7age, du sciage et du soudage<\/span><\/li>\n<li class=\"a-spacing-mini\"><span class=\"a-list-item\">Rangement propre : le sac en poly\u00e9thyl\u00e8ne garde chaque paire de bouchons d&rsquo;oreille sans fil propre avant utilisation<\/span><\/li>\n<li class=\"a-spacing-mini\"><span class=\"a-list-item\">Pour un usage industriel\/professionnel uniquement. Ne convient pas pour la vente ou l&rsquo;utilisation des consommateurs<\/span><\/li>\n<\/ul>\n<p><img decoding=\"async\" class=\"alignnone wp-image-40620\" src=\"https:\/\/autravail.ca\/wp-content\/uploads\/2025\/09\/Jachete-quebec-et-canada.jpg\" alt=\"Logo de l'achat local\" width=\"162\" height=\"139\" \/>Merci d&rsquo;encourager une entreprise 100% d&rsquo;ici!<\/p>\n<p>TS3012H<\/p>","protected":false},"excerpt":{"rendered":"<p>Bouchons d&rsquo;oreille &#8211; 312-1250 de 3M, E-A-Rsoft jaune n\u00e9ons 200 paire\/boites, sans corde Bouchons d&rsquo;oreille &#8211; 312-1250 sont des protections auditives jetables en mousse souple, pris\u00e9es pour leur confort et leur niveau de r\u00e9duction du bruit \u00e9lev\u00e9, id\u00e9ales pour une vari\u00e9t\u00e9 d&rsquo;environnements industriels et de loisirs bruyants. Caract\u00e9ristiques Principales Bouchons d&rsquo;oreille en mousse \u00e0 rouler [&hellip;]<\/p>","protected":false},"featured_media":39840,"comment_status":"open","ping_status":"closed","template":"","meta":[],"product_cat":[633,602,676],"product_tag":[255,242,780],"class_list":{"0":"post-39839","1":"product","2":"type-product","3":"status-publish","4":"has-post-thumbnail","6":"product_brand-dynamic","7":"product_cat-femmes","8":"product_cat-hommes","9":"product_cat-protection-de-louie","10":"product_tag-femme","11":"product_tag-homme","12":"product_tag-protection-auditive","14":"first","15":"instock","16":"taxable","17":"shipping-taxable","18":"purchasable","19":"product-type-variable"},"yoast_head":"<!-- This site is optimized with the Yoast SEO plugin v25.3.1 - https:\/\/yoast.com\/wordpress\/plugins\/seo\/ -->\n<title>Bouchons d&#039;oreille - 312-1250 - Le Magasin Industriel<\/title>\n<meta name=\"description\" content=\"Bouchons d&#039;oreille - 312-1250, sans corde, jetable, d\u00e9cibels, mousse, NRR 33, emballage individuel, 3M, r\u00e9duction du bruit, CSA, exposition au bruit\" \/>\n<meta name=\"robots\" content=\"index, follow, max-snippet:-1, max-image-preview:large, max-video-preview:-1\" \/>\n<link rel=\"canonical\" href=\"https:\/\/autravail.ca\/en\/product\/bouchons-doreille-312-1250\/\" \/>\n<meta property=\"og:locale\" content=\"en_US\" \/>\n<meta property=\"og:type\" content=\"article\" \/>\n<meta property=\"og:title\" content=\"Bouchons d&#039;oreille - 312-1250 - Le Magasin Industriel\" \/>\n<meta property=\"og:description\" content=\"Bouchons d&#039;oreille - 312-1250, sans corde, jetable, d\u00e9cibels, mousse, NRR 33, emballage individuel, 3M, r\u00e9duction du bruit, CSA, exposition au bruit\" \/>\n<meta property=\"og:url\" content=\"https:\/\/autravail.ca\/en\/product\/bouchons-doreille-312-1250\/\" \/>\n<meta property=\"og:site_name\" content=\"Le Magasin Industriel\" \/>\n<meta property=\"article:publisher\" content=\"https:\/\/www.facebook.com\/lemagasinindustriel\/?locale=fr_FR\" \/>\n<meta property=\"article:modified_time\" content=\"2025-12-30T18:10:04+00:00\" \/>\n<meta property=\"og:image\" content=\"https:\/\/autravail.ca\/wp-content\/uploads\/2025\/08\/HR-312-1250_A01.jpg\" \/>\n\t<meta property=\"og:image:width\" content=\"1000\" \/>\n\t<meta property=\"og:image:height\" content=\"1000\" \/>\n\t<meta property=\"og:image:type\" content=\"image\/jpeg\" \/>\n<meta name=\"twitter:card\" content=\"summary_large_image\" \/>\n<meta name=\"twitter:label1\" content=\"Est. reading time\" \/>\n\t<meta name=\"twitter:data1\" content=\"2 minutes\" \/>\n<script type=\"application\/ld+json\" class=\"yoast-schema-graph\">{\"@context\":\"https:\/\/schema.org\",\"@graph\":[{\"@type\":\"WebPage\",\"@id\":\"https:\/\/autravail.ca\/product\/bouchons-doreille-312-1250\/\",\"url\":\"https:\/\/autravail.ca\/product\/bouchons-doreille-312-1250\/\",\"name\":\"Bouchons d'oreille - 312-1250 - Le Magasin Industriel\",\"isPartOf\":{\"@id\":\"https:\/\/autravail.ca\/#website\"},\"primaryImageOfPage\":{\"@id\":\"https:\/\/autravail.ca\/product\/bouchons-doreille-312-1250\/#primaryimage\"},\"image\":{\"@id\":\"https:\/\/autravail.ca\/product\/bouchons-doreille-312-1250\/#primaryimage\"},\"thumbnailUrl\":\"https:\/\/autravail.ca\/wp-content\/uploads\/2025\/08\/HR-312-1250_A01.jpg\",\"datePublished\":\"2025-08-29T18:17:00+00:00\",\"dateModified\":\"2025-12-30T18:10:04+00:00\",\"description\":\"Bouchons d'oreille - 312-1250, sans corde, jetable, d\u00e9cibels, mousse, NRR 33, emballage individuel, 3M, r\u00e9duction du bruit, CSA, exposition au bruit\",\"breadcrumb\":{\"@id\":\"https:\/\/autravail.ca\/product\/bouchons-doreille-312-1250\/#breadcrumb\"},\"inLanguage\":\"en-CA\",\"potentialAction\":[{\"@type\":\"ReadAction\",\"target\":[\"https:\/\/autravail.ca\/product\/bouchons-doreille-312-1250\/\"]}]},{\"@type\":\"ImageObject\",\"inLanguage\":\"en-CA\",\"@id\":\"https:\/\/autravail.ca\/product\/bouchons-doreille-312-1250\/#primaryimage\",\"url\":\"https:\/\/autravail.ca\/wp-content\/uploads\/2025\/08\/HR-312-1250_A01.jpg\",\"contentUrl\":\"https:\/\/autravail.ca\/wp-content\/uploads\/2025\/08\/HR-312-1250_A01.jpg\",\"width\":1000,\"height\":1000},{\"@type\":\"BreadcrumbList\",\"@id\":\"https:\/\/autravail.ca\/product\/bouchons-doreille-312-1250\/#breadcrumb\",\"itemListElement\":[{\"@type\":\"ListItem\",\"position\":1,\"name\":\"Accueil\",\"item\":\"https:\/\/autravail.ca\/\"},{\"@type\":\"ListItem\",\"position\":2,\"name\":\"Magasin\",\"item\":\"https:\/\/autravail.ca\/en\/shop\/\"},{\"@type\":\"ListItem\",\"position\":3,\"name\":\"Bouchons d&rsquo;oreille &#8211; 312-1250\"}]},{\"@type\":\"WebSite\",\"@id\":\"https:\/\/autravail.ca\/#website\",\"url\":\"https:\/\/autravail.ca\/\",\"name\":\"Le Magasin Industriel\",\"description\":\"50 ans de tradition de s\u00e9curit\u00e9 au travail\",\"publisher\":{\"@id\":\"https:\/\/autravail.ca\/#organization\"},\"potentialAction\":[{\"@type\":\"SearchAction\",\"target\":{\"@type\":\"EntryPoint\",\"urlTemplate\":\"https:\/\/autravail.ca\/?s={search_term_string}\"},\"query-input\":{\"@type\":\"PropertyValueSpecification\",\"valueRequired\":true,\"valueName\":\"search_term_string\"}}],\"inLanguage\":\"en-CA\"},{\"@type\":\"Organization\",\"@id\":\"https:\/\/autravail.ca\/#organization\",\"name\":\"Le Magasin Industriel\",\"url\":\"https:\/\/autravail.ca\/\",\"logo\":{\"@type\":\"ImageObject\",\"inLanguage\":\"en-CA\",\"@id\":\"https:\/\/autravail.ca\/#\/schema\/logo\/image\/\",\"url\":\"https:\/\/autravail.ca\/wp-content\/uploads\/2025\/05\/cropped-magasin_industriel_120x.avif\",\"contentUrl\":\"https:\/\/autravail.ca\/wp-content\/uploads\/2025\/05\/cropped-magasin_industriel_120x.avif\",\"width\":120,\"height\":24,\"caption\":\"Le Magasin Industriel\"},\"image\":{\"@id\":\"https:\/\/autravail.ca\/#\/schema\/logo\/image\/\"},\"sameAs\":[\"https:\/\/www.facebook.com\/lemagasinindustriel\/?locale=fr_FR\"]}]}<\/script>\n<!-- \/ Yoast SEO plugin. -->","yoast_head_json":{"title":"Bouchons d'oreille - 312-1250 - Le Magasin Industriel","description":"Bouchons d'oreille - 312-1250, sans corde, jetable, d\u00e9cibels, mousse, NRR 33, emballage individuel, 3M, r\u00e9duction du bruit, CSA, exposition au bruit","robots":{"index":"index","follow":"follow","max-snippet":"max-snippet:-1","max-image-preview":"max-image-preview:large","max-video-preview":"max-video-preview:-1"},"canonical":"https:\/\/autravail.ca\/en\/product\/bouchons-doreille-312-1250\/","og_locale":"en_US","og_type":"article","og_title":"Bouchons d'oreille - 312-1250 - Le Magasin Industriel","og_description":"Bouchons d'oreille - 312-1250, sans corde, jetable, d\u00e9cibels, mousse, NRR 33, emballage individuel, 3M, r\u00e9duction du bruit, CSA, exposition au bruit","og_url":"https:\/\/autravail.ca\/en\/product\/bouchons-doreille-312-1250\/","og_site_name":"Le Magasin Industriel","article_publisher":"https:\/\/www.facebook.com\/lemagasinindustriel\/?locale=fr_FR","article_modified_time":"2025-12-30T18:10:04+00:00","og_image":[{"width":1000,"height":1000,"url":"https:\/\/autravail.ca\/wp-content\/uploads\/2025\/08\/HR-312-1250_A01.jpg","type":"image\/jpeg"}],"twitter_card":"summary_large_image","twitter_misc":{"Est. reading time":"2 minutes"},"schema":{"@context":"https:\/\/schema.org","@graph":[{"@type":"WebPage","@id":"https:\/\/autravail.ca\/product\/bouchons-doreille-312-1250\/","url":"https:\/\/autravail.ca\/product\/bouchons-doreille-312-1250\/","name":"Bouchons d'oreille - 312-1250 - Le Magasin Industriel","isPartOf":{"@id":"https:\/\/autravail.ca\/#website"},"primaryImageOfPage":{"@id":"https:\/\/autravail.ca\/product\/bouchons-doreille-312-1250\/#primaryimage"},"image":{"@id":"https:\/\/autravail.ca\/product\/bouchons-doreille-312-1250\/#primaryimage"},"thumbnailUrl":"https:\/\/autravail.ca\/wp-content\/uploads\/2025\/08\/HR-312-1250_A01.jpg","datePublished":"2025-08-29T18:17:00+00:00","dateModified":"2025-12-30T18:10:04+00:00","description":"Bouchons d'oreille - 312-1250, sans corde, jetable, d\u00e9cibels, mousse, NRR 33, emballage individuel, 3M, r\u00e9duction du bruit, CSA, exposition au bruit","breadcrumb":{"@id":"https:\/\/autravail.ca\/product\/bouchons-doreille-312-1250\/#breadcrumb"},"inLanguage":"en-CA","potentialAction":[{"@type":"ReadAction","target":["https:\/\/autravail.ca\/product\/bouchons-doreille-312-1250\/"]}]},{"@type":"ImageObject","inLanguage":"en-CA","@id":"https:\/\/autravail.ca\/product\/bouchons-doreille-312-1250\/#primaryimage","url":"https:\/\/autravail.ca\/wp-content\/uploads\/2025\/08\/HR-312-1250_A01.jpg","contentUrl":"https:\/\/autravail.ca\/wp-content\/uploads\/2025\/08\/HR-312-1250_A01.jpg","width":1000,"height":1000},{"@type":"BreadcrumbList","@id":"https:\/\/autravail.ca\/product\/bouchons-doreille-312-1250\/#breadcrumb","itemListElement":[{"@type":"ListItem","position":1,"name":"Accueil","item":"https:\/\/autravail.ca\/"},{"@type":"ListItem","position":2,"name":"Magasin","item":"https:\/\/autravail.ca\/en\/shop\/"},{"@type":"ListItem","position":3,"name":"Bouchons d&rsquo;oreille &#8211; 312-1250"}]},{"@type":"WebSite","@id":"https:\/\/autravail.ca\/#website","url":"https:\/\/autravail.ca\/","name":"Le Magasin Industriel","description":"50 ans de tradition de s\u00e9curit\u00e9 au travail","publisher":{"@id":"https:\/\/autravail.ca\/#organization"},"potentialAction":[{"@type":"SearchAction","target":{"@type":"EntryPoint","urlTemplate":"https:\/\/autravail.ca\/?s={search_term_string}"},"query-input":{"@type":"PropertyValueSpecification","valueRequired":true,"valueName":"search_term_string"}}],"inLanguage":"en-CA"},{"@type":"Organization","@id":"https:\/\/autravail.ca\/#organization","name":"Le Magasin Industriel","url":"https:\/\/autravail.ca\/","logo":{"@type":"ImageObject","inLanguage":"en-CA","@id":"https:\/\/autravail.ca\/#\/schema\/logo\/image\/","url":"https:\/\/autravail.ca\/wp-content\/uploads\/2025\/05\/cropped-magasin_industriel_120x.avif","contentUrl":"https:\/\/autravail.ca\/wp-content\/uploads\/2025\/05\/cropped-magasin_industriel_120x.avif","width":120,"height":24,"caption":"Le Magasin Industriel"},"image":{"@id":"https:\/\/autravail.ca\/#\/schema\/logo\/image\/"},"sameAs":["https:\/\/www.facebook.com\/lemagasinindustriel\/?locale=fr_FR"]}]}},"jetpack_sharing_enabled":true,"_links":{"self":[{"href":"https:\/\/autravail.ca\/en\/wp-json\/wp\/v2\/product\/39839","targetHints":{"allow":["GET"]}}],"collection":[{"href":"https:\/\/autravail.ca\/en\/wp-json\/wp\/v2\/product"}],"about":[{"href":"https:\/\/autravail.ca\/en\/wp-json\/wp\/v2\/types\/product"}],"replies":[{"embeddable":true,"href":"https:\/\/autravail.ca\/en\/wp-json\/wp\/v2\/comments?post=39839"}],"wp:featuredmedia":[{"embeddable":true,"href":"https:\/\/autravail.ca\/en\/wp-json\/wp\/v2\/media\/39840"}],"wp:attachment":[{"href":"https:\/\/autravail.ca\/en\/wp-json\/wp\/v2\/media?parent=39839"}],"wp:term":[{"taxonomy":"product_cat","embeddable":true,"href":"https:\/\/autravail.ca\/en\/wp-json\/wp\/v2\/product_cat?post=39839"},{"taxonomy":"product_tag","embeddable":true,"href":"https:\/\/autravail.ca\/en\/wp-json\/wp\/v2\/product_tag?post=39839"}],"curies":[{"name":"wp","href":"https:\/\/api.w.org\/{rel}","templated":true}]}}