{"id":39831,"date":"2025-08-29T13:38:52","date_gmt":"2025-08-29T17:38:52","guid":{"rendered":"https:\/\/meteoquebec.ca\/?post_type=product&#038;p=39831"},"modified":"2025-12-05T05:09:40","modified_gmt":"2025-12-05T09:09:40","slug":"casque-antibruit-passif-bandeau-reglable","status":"publish","type":"product","link":"https:\/\/autravail.ca\/en\/product\/casque-antibruit-passif-bandeau-reglable\/","title":{"rendered":"Casque antibruit passif bandeau r\u00e9glable"},"content":{"rendered":"<h3><span dir=\"auto\">La gamme de casques antibruit PIP\u00ae VSeries\u2122 <\/span><\/h3>\n<p><span dir=\"auto\">Casque antibruit cod\u00e9e par couleur pour une s\u00e9lection facile, la s\u00e9rie verte V1 pour le bruit de faible niveau NRR 23, la s\u00e9rie orange V2 pour le bruit de niveau moyen NRR 25 et la s\u00e9rie V3 pour une utilisation dans des environnements plus extr\u00eames NRR 29.<\/span><\/p>\n<ul id=\"desc-features\">\n<li><span dir=\"auto\">Cache-oreilles di\u00e9lectriques sans m\u00e9tal adapt\u00e9s \u00e0 une utilisation dans des environnements de travail expos\u00e9s \u00e0 la tension \u00e9lectrique<\/span><\/li>\n<li><span dir=\"auto\">R\u00e9glage t\u00e9lescopique en douceur de la taille pour un ajustement pr\u00e9cis et stable<\/span><\/li>\n<li><span dir=\"auto\">La conception mince de l&rsquo;\u00e9trier r\u00e9duit le risque d&rsquo;accrochage dans les zones confin\u00e9es<\/span><\/li>\n<li><span dir=\"auto\">Les coussinets d&rsquo;oreille en mousse \u00e0 m\u00e9moire de forme extra doux et le bandeau rembourr\u00e9 ultra l\u00e9ger offrent un confort optimal m\u00eame en cas de port prolong\u00e9<\/span><\/li>\n<li><span dir=\"auto\">Codage couleur lumineux avec indicateur de protection contre le bruit v1\u2122, v2\u2122, v3\u2122 pour une s\u00e9lection et une identification faciles<\/span><\/li>\n<li><span dir=\"auto\">Kits d&rsquo;hygi\u00e8ne de remplacement disponibles s\u00e9par\u00e9ment<\/span><\/li>\n<\/ul>","protected":false},"excerpt":{"rendered":"<p>La gamme de casques antibruit PIP\u00ae VSeries\u2122 Casque antibruit cod\u00e9e par couleur pour une s\u00e9lection facile, la s\u00e9rie verte V1 pour le bruit de faible niveau NRR 23, la s\u00e9rie orange V2 pour le bruit de niveau moyen NRR 25 et la s\u00e9rie V3 pour une utilisation dans des environnements plus extr\u00eames NRR 29. Cache-oreilles [&hellip;]<\/p>","protected":false},"featured_media":39832,"comment_status":"open","ping_status":"closed","template":"","meta":[],"product_cat":[702,633,602,676],"product_tag":[255,242,780],"class_list":{"0":"post-39831","1":"product","2":"type-product","3":"status-publish","4":"has-post-thumbnail","6":"product_brand-dynamic","7":"product_cat-accessoires-de-securite","8":"product_cat-femmes","9":"product_cat-hommes","10":"product_cat-protection-de-louie","11":"product_tag-femme","12":"product_tag-homme","13":"product_tag-protection-auditive","15":"first","16":"instock","17":"taxable","18":"shipping-taxable","19":"purchasable","20":"product-type-variable"},"yoast_head":"<!-- This site is optimized with the Yoast SEO plugin v25.3.1 - https:\/\/yoast.com\/wordpress\/plugins\/seo\/ -->\n<title>Casque antibruit passif bandeau r\u00e9glable - Le Magasin Industriel<\/title>\n<meta name=\"description\" content=\"Casque, antibruit, bouchon d&#039;oreille, d\u00e9cibels, mousse m\u00e9moire, coussinet d&#039;oreille, bandeau r\u00e9glable, bruit environnement\" \/>\n<meta name=\"robots\" content=\"index, follow, max-snippet:-1, max-image-preview:large, max-video-preview:-1\" \/>\n<link rel=\"canonical\" href=\"https:\/\/autravail.ca\/en\/product\/casque-antibruit-passif-bandeau-reglable\/\" \/>\n<meta property=\"og:locale\" content=\"en_US\" \/>\n<meta property=\"og:type\" content=\"article\" \/>\n<meta property=\"og:title\" content=\"Casque antibruit passif bandeau r\u00e9glable - Le Magasin Industriel\" \/>\n<meta property=\"og:description\" content=\"Casque, antibruit, bouchon d&#039;oreille, d\u00e9cibels, mousse m\u00e9moire, coussinet d&#039;oreille, bandeau r\u00e9glable, bruit environnement\" \/>\n<meta property=\"og:url\" content=\"https:\/\/autravail.ca\/en\/product\/casque-antibruit-passif-bandeau-reglable\/\" \/>\n<meta property=\"og:site_name\" content=\"Le Magasin Industriel\" \/>\n<meta property=\"article:publisher\" content=\"https:\/\/www.facebook.com\/lemagasinindustriel\/?locale=fr_FR\" \/>\n<meta property=\"article:modified_time\" content=\"2025-12-05T09:09:40+00:00\" \/>\n<meta property=\"og:image\" content=\"https:\/\/autravail.ca\/wp-content\/uploads\/2025\/08\/263-VNRR.jpg\" \/>\n\t<meta property=\"og:image:width\" content=\"1000\" \/>\n\t<meta property=\"og:image:height\" content=\"1000\" \/>\n\t<meta property=\"og:image:type\" content=\"image\/jpeg\" \/>\n<meta name=\"twitter:card\" content=\"summary_large_image\" \/>\n<meta name=\"twitter:label1\" content=\"Est. reading time\" \/>\n\t<meta name=\"twitter:data1\" content=\"1 minute\" \/>\n<script type=\"application\/ld+json\" class=\"yoast-schema-graph\">{\"@context\":\"https:\/\/schema.org\",\"@graph\":[{\"@type\":\"WebPage\",\"@id\":\"https:\/\/autravail.ca\/product\/casque-antibruit-passif-bandeau-reglable\/\",\"url\":\"https:\/\/autravail.ca\/product\/casque-antibruit-passif-bandeau-reglable\/\",\"name\":\"Casque antibruit passif bandeau r\u00e9glable - Le Magasin Industriel\",\"isPartOf\":{\"@id\":\"https:\/\/autravail.ca\/#website\"},\"primaryImageOfPage\":{\"@id\":\"https:\/\/autravail.ca\/product\/casque-antibruit-passif-bandeau-reglable\/#primaryimage\"},\"image\":{\"@id\":\"https:\/\/autravail.ca\/product\/casque-antibruit-passif-bandeau-reglable\/#primaryimage\"},\"thumbnailUrl\":\"https:\/\/autravail.ca\/wp-content\/uploads\/2025\/08\/263-VNRR.jpg\",\"datePublished\":\"2025-08-29T17:38:52+00:00\",\"dateModified\":\"2025-12-05T09:09:40+00:00\",\"description\":\"Casque, antibruit, bouchon d'oreille, d\u00e9cibels, mousse m\u00e9moire, coussinet d'oreille, bandeau r\u00e9glable, bruit environnement\",\"breadcrumb\":{\"@id\":\"https:\/\/autravail.ca\/product\/casque-antibruit-passif-bandeau-reglable\/#breadcrumb\"},\"inLanguage\":\"en-CA\",\"potentialAction\":[{\"@type\":\"ReadAction\",\"target\":[\"https:\/\/autravail.ca\/product\/casque-antibruit-passif-bandeau-reglable\/\"]}]},{\"@type\":\"ImageObject\",\"inLanguage\":\"en-CA\",\"@id\":\"https:\/\/autravail.ca\/product\/casque-antibruit-passif-bandeau-reglable\/#primaryimage\",\"url\":\"https:\/\/autravail.ca\/wp-content\/uploads\/2025\/08\/263-VNRR.jpg\",\"contentUrl\":\"https:\/\/autravail.ca\/wp-content\/uploads\/2025\/08\/263-VNRR.jpg\",\"width\":1000,\"height\":1000},{\"@type\":\"BreadcrumbList\",\"@id\":\"https:\/\/autravail.ca\/product\/casque-antibruit-passif-bandeau-reglable\/#breadcrumb\",\"itemListElement\":[{\"@type\":\"ListItem\",\"position\":1,\"name\":\"Accueil\",\"item\":\"https:\/\/autravail.ca\/\"},{\"@type\":\"ListItem\",\"position\":2,\"name\":\"Magasin\",\"item\":\"https:\/\/autravail.ca\/en\/shop\/\"},{\"@type\":\"ListItem\",\"position\":3,\"name\":\"Casque antibruit passif bandeau r\u00e9glable\"}]},{\"@type\":\"WebSite\",\"@id\":\"https:\/\/autravail.ca\/#website\",\"url\":\"https:\/\/autravail.ca\/\",\"name\":\"Le Magasin Industriel\",\"description\":\"50 ans de tradition de s\u00e9curit\u00e9 au travail\",\"publisher\":{\"@id\":\"https:\/\/autravail.ca\/#organization\"},\"potentialAction\":[{\"@type\":\"SearchAction\",\"target\":{\"@type\":\"EntryPoint\",\"urlTemplate\":\"https:\/\/autravail.ca\/?s={search_term_string}\"},\"query-input\":{\"@type\":\"PropertyValueSpecification\",\"valueRequired\":true,\"valueName\":\"search_term_string\"}}],\"inLanguage\":\"en-CA\"},{\"@type\":\"Organization\",\"@id\":\"https:\/\/autravail.ca\/#organization\",\"name\":\"Le Magasin Industriel\",\"url\":\"https:\/\/autravail.ca\/\",\"logo\":{\"@type\":\"ImageObject\",\"inLanguage\":\"en-CA\",\"@id\":\"https:\/\/autravail.ca\/#\/schema\/logo\/image\/\",\"url\":\"https:\/\/autravail.ca\/wp-content\/uploads\/2025\/05\/cropped-magasin_industriel_120x.avif\",\"contentUrl\":\"https:\/\/autravail.ca\/wp-content\/uploads\/2025\/05\/cropped-magasin_industriel_120x.avif\",\"width\":120,\"height\":24,\"caption\":\"Le Magasin Industriel\"},\"image\":{\"@id\":\"https:\/\/autravail.ca\/#\/schema\/logo\/image\/\"},\"sameAs\":[\"https:\/\/www.facebook.com\/lemagasinindustriel\/?locale=fr_FR\"]}]}<\/script>\n<!-- \/ Yoast SEO plugin. -->","yoast_head_json":{"title":"Casque antibruit passif bandeau r\u00e9glable - Le Magasin Industriel","description":"Casque, antibruit, bouchon d'oreille, d\u00e9cibels, mousse m\u00e9moire, coussinet d'oreille, bandeau r\u00e9glable, bruit environnement","robots":{"index":"index","follow":"follow","max-snippet":"max-snippet:-1","max-image-preview":"max-image-preview:large","max-video-preview":"max-video-preview:-1"},"canonical":"https:\/\/autravail.ca\/en\/product\/casque-antibruit-passif-bandeau-reglable\/","og_locale":"en_US","og_type":"article","og_title":"Casque antibruit passif bandeau r\u00e9glable - Le Magasin Industriel","og_description":"Casque, antibruit, bouchon d'oreille, d\u00e9cibels, mousse m\u00e9moire, coussinet d'oreille, bandeau r\u00e9glable, bruit environnement","og_url":"https:\/\/autravail.ca\/en\/product\/casque-antibruit-passif-bandeau-reglable\/","og_site_name":"Le Magasin Industriel","article_publisher":"https:\/\/www.facebook.com\/lemagasinindustriel\/?locale=fr_FR","article_modified_time":"2025-12-05T09:09:40+00:00","og_image":[{"width":1000,"height":1000,"url":"https:\/\/autravail.ca\/wp-content\/uploads\/2025\/08\/263-VNRR.jpg","type":"image\/jpeg"}],"twitter_card":"summary_large_image","twitter_misc":{"Est. reading time":"1 minute"},"schema":{"@context":"https:\/\/schema.org","@graph":[{"@type":"WebPage","@id":"https:\/\/autravail.ca\/product\/casque-antibruit-passif-bandeau-reglable\/","url":"https:\/\/autravail.ca\/product\/casque-antibruit-passif-bandeau-reglable\/","name":"Casque antibruit passif bandeau r\u00e9glable - Le Magasin Industriel","isPartOf":{"@id":"https:\/\/autravail.ca\/#website"},"primaryImageOfPage":{"@id":"https:\/\/autravail.ca\/product\/casque-antibruit-passif-bandeau-reglable\/#primaryimage"},"image":{"@id":"https:\/\/autravail.ca\/product\/casque-antibruit-passif-bandeau-reglable\/#primaryimage"},"thumbnailUrl":"https:\/\/autravail.ca\/wp-content\/uploads\/2025\/08\/263-VNRR.jpg","datePublished":"2025-08-29T17:38:52+00:00","dateModified":"2025-12-05T09:09:40+00:00","description":"Casque, antibruit, bouchon d'oreille, d\u00e9cibels, mousse m\u00e9moire, coussinet d'oreille, bandeau r\u00e9glable, bruit environnement","breadcrumb":{"@id":"https:\/\/autravail.ca\/product\/casque-antibruit-passif-bandeau-reglable\/#breadcrumb"},"inLanguage":"en-CA","potentialAction":[{"@type":"ReadAction","target":["https:\/\/autravail.ca\/product\/casque-antibruit-passif-bandeau-reglable\/"]}]},{"@type":"ImageObject","inLanguage":"en-CA","@id":"https:\/\/autravail.ca\/product\/casque-antibruit-passif-bandeau-reglable\/#primaryimage","url":"https:\/\/autravail.ca\/wp-content\/uploads\/2025\/08\/263-VNRR.jpg","contentUrl":"https:\/\/autravail.ca\/wp-content\/uploads\/2025\/08\/263-VNRR.jpg","width":1000,"height":1000},{"@type":"BreadcrumbList","@id":"https:\/\/autravail.ca\/product\/casque-antibruit-passif-bandeau-reglable\/#breadcrumb","itemListElement":[{"@type":"ListItem","position":1,"name":"Accueil","item":"https:\/\/autravail.ca\/"},{"@type":"ListItem","position":2,"name":"Magasin","item":"https:\/\/autravail.ca\/en\/shop\/"},{"@type":"ListItem","position":3,"name":"Casque antibruit passif bandeau r\u00e9glable"}]},{"@type":"WebSite","@id":"https:\/\/autravail.ca\/#website","url":"https:\/\/autravail.ca\/","name":"Le Magasin Industriel","description":"50 ans de tradition de s\u00e9curit\u00e9 au travail","publisher":{"@id":"https:\/\/autravail.ca\/#organization"},"potentialAction":[{"@type":"SearchAction","target":{"@type":"EntryPoint","urlTemplate":"https:\/\/autravail.ca\/?s={search_term_string}"},"query-input":{"@type":"PropertyValueSpecification","valueRequired":true,"valueName":"search_term_string"}}],"inLanguage":"en-CA"},{"@type":"Organization","@id":"https:\/\/autravail.ca\/#organization","name":"Le Magasin Industriel","url":"https:\/\/autravail.ca\/","logo":{"@type":"ImageObject","inLanguage":"en-CA","@id":"https:\/\/autravail.ca\/#\/schema\/logo\/image\/","url":"https:\/\/autravail.ca\/wp-content\/uploads\/2025\/05\/cropped-magasin_industriel_120x.avif","contentUrl":"https:\/\/autravail.ca\/wp-content\/uploads\/2025\/05\/cropped-magasin_industriel_120x.avif","width":120,"height":24,"caption":"Le Magasin Industriel"},"image":{"@id":"https:\/\/autravail.ca\/#\/schema\/logo\/image\/"},"sameAs":["https:\/\/www.facebook.com\/lemagasinindustriel\/?locale=fr_FR"]}]}},"jetpack_sharing_enabled":true,"_links":{"self":[{"href":"https:\/\/autravail.ca\/en\/wp-json\/wp\/v2\/product\/39831","targetHints":{"allow":["GET"]}}],"collection":[{"href":"https:\/\/autravail.ca\/en\/wp-json\/wp\/v2\/product"}],"about":[{"href":"https:\/\/autravail.ca\/en\/wp-json\/wp\/v2\/types\/product"}],"replies":[{"embeddable":true,"href":"https:\/\/autravail.ca\/en\/wp-json\/wp\/v2\/comments?post=39831"}],"wp:featuredmedia":[{"embeddable":true,"href":"https:\/\/autravail.ca\/en\/wp-json\/wp\/v2\/media\/39832"}],"wp:attachment":[{"href":"https:\/\/autravail.ca\/en\/wp-json\/wp\/v2\/media?parent=39831"}],"wp:term":[{"taxonomy":"product_cat","embeddable":true,"href":"https:\/\/autravail.ca\/en\/wp-json\/wp\/v2\/product_cat?post=39831"},{"taxonomy":"product_tag","embeddable":true,"href":"https:\/\/autravail.ca\/en\/wp-json\/wp\/v2\/product_tag?post=39831"}],"curies":[{"name":"wp","href":"https:\/\/api.w.org\/{rel}","templated":true}]}}