{"id":38045,"date":"2025-05-08T08:21:14","date_gmt":"2025-05-08T08:21:14","guid":{"rendered":"https:\/\/meteoquebec.ca\/?post_type=product&#038;p=38045"},"modified":"2026-03-05T16:36:52","modified_gmt":"2026-03-05T20:36:52","slug":"espadrille-de-travail-x67","status":"publish","type":"product","link":"https:\/\/autravail.ca\/en\/product\/espadrille-de-travail-x67\/","title":{"rendered":"Espadrille de travail &#8211; X67"},"content":{"rendered":"<h3>Espadrille de travail &#8211; X67<\/h3>\n<p>Espadrille de travail &#8211; X67 de <a href=\"https:\/\/autravail.ca\/en\/product-brand\/vismo\/\">Vismo<\/a> est un mod\u00e8le ultra-l\u00e9ger qui red\u00e9finit le confort industriel en adoptant les codes de la chaussure de sport de haute performance. Con\u00e7ue pour offrir une agilit\u00e9 maximale, elle ne p\u00e8se que\u00a0<strong class=\"Yjhzub\" data-sfc-cb=\"\" data-complete=\"true\" data-processed=\"true\">650 grammes<\/strong>, ce qui en fait l&rsquo;une des options les plus l\u00e9g\u00e8res de sa cat\u00e9gorie.<\/p>\n<p><img decoding=\"async\" class=\"alignnone size-full wp-image-40117\" src=\"https:\/\/autravail.ca\/wp-content\/uploads\/2025\/09\/Certification-Omega-Triangle-vert.jpg\" alt=\"Certifications Om\u00e9ga Triangle vert\" width=\"193\" height=\"110\" srcset=\"https:\/\/autravail.ca\/wp-content\/uploads\/2025\/09\/Certification-Omega-Triangle-vert.jpg 193w, https:\/\/autravail.ca\/wp-content\/uploads\/2025\/09\/Certification-Omega-Triangle-vert-150x85.jpg 150w, https:\/\/autravail.ca\/wp-content\/uploads\/2025\/09\/Certification-Omega-Triangle-vert-18x10.jpg 18w\" sizes=\"(max-width: 193px) 100vw, 193px\" \/><\/p>\n<p>Characteristics:<\/p>\n<ul>\n<li class=\"dF3vjf\" data-sfc-cb=\"\" data-hveid=\"CAEIBRAA\" data-complete=\"true\" data-sae=\"\"><span class=\"T286Pc\" data-sfc-cp=\"\" data-sfc-cb=\"\" data-complete=\"true\" aria-owns=\"action-menu-parent-container\"><strong class=\"Yjhzub\" data-sfc-cb=\"\" data-complete=\"true\">Embout de s\u00e9curit\u00e9 f<\/strong>abriqu\u00e9 en composite l\u00e9ger, il offre une protection contre les impacts sans le poids ou la conduction thermique de l&rsquo;acier.<\/span><\/li>\n<li class=\"dF3vjf\" data-sfc-cb=\"\" data-hveid=\"CAEIBRAB\" data-complete=\"true\" data-sae=\"\"><span class=\"T286Pc\" data-sfc-cp=\"\" data-sfc-cb=\"\" data-complete=\"true\" aria-owns=\"action-menu-parent-container\"><strong class=\"Yjhzub\" data-sfc-cb=\"\" data-complete=\"true\">Plaque anti-perforation :<\/strong>\u00a0Elle utilise du\u00a0<strong class=\"Yjhzub\" data-sfc-cb=\"\" data-complete=\"true\">Kevlar<\/strong>, une fibre ultra-r\u00e9sistante qui prot\u00e8ge la plante du pied tout en conservant une flexibilit\u00e9 exceptionnelle de la semelle.<\/span><\/li>\n<li>Elle est certifi\u00e9e r\u00e9sistante aux chocs \u00e9lectriques (ESR\/EH).<\/li>\n<li>La semelle absorbe les chocs et redistribue l&rsquo;\u00e9nergie \u00e0 chaque pas, r\u00e9duisant consid\u00e9rablement la fatigue des jambes lors de longues journ\u00e9es debout.<\/li>\n<li>La semelle ext\u00e9rieure est con\u00e7ue pour \u00eatre antid\u00e9rapante et r\u00e9sistante aux huiles.<\/li>\n<li>ASTM and CSA (approved in United States and Canada)<\/li>\n<li>Sole NRG55 at 2 densities<\/li>\n<li>Compressed nylon tube with 4 layers<\/li>\n<li>Tube with one sewing line<\/li>\n<li>removable cushioned inner sole<\/li>\n<li>Resistant to electrical shocks<\/li>\n<li>Resistant to oil.<\/li>\n<li>Antislip<\/li>\n<\/ul>\n<div data-sfc-cp=\"\" data-sfc-cb=\"\" data-hveid=\"CAEIChAA\" data-complete=\"true\" data-processed=\"true\" aria-owns=\"action-menu-parent-container\"><\/div>\n<div data-sfc-cp=\"\" data-sfc-cb=\"\" data-hveid=\"CAEIChAA\" data-complete=\"true\" data-processed=\"true\" aria-owns=\"action-menu-parent-container\">\n<p><em><span style=\"color: #fa0b0b;\">Unisex U.S. men's sizes presented. To convert to U.S. women's size, add 2 sizes. Example: 5 U.S. men = 7 U.S. women<\/span><\/em><\/p>\n<p><img decoding=\"async\" class=\"alignnone wp-image-40620\" src=\"https:\/\/autravail.ca\/wp-content\/uploads\/2025\/09\/Jachete-quebec-et-canada.jpg\" alt=\"Logo de l'achat local\" width=\"162\" height=\"139\" \/>Merci d&rsquo;encourager une entreprise 100% d&rsquo;ici!<\/p>\n<p>TS2603H<\/p>\n<\/div>\n<p>&nbsp;<\/p>\n<p>&nbsp;<\/p>","protected":false},"excerpt":{"rendered":"<p>Espadrille de style bottillon &#8211; Vismo<\/p>","protected":false},"featured_media":39651,"comment_status":"open","ping_status":"closed","template":"","meta":[],"product_cat":[645,602],"product_tag":[367,252,270,242,253,257],"class_list":{"0":"post-38045","1":"product","2":"type-product","3":"status-publish","4":"has-post-thumbnail","6":"product_brand-vismo","7":"product_cat-espadrilles-de-travail","8":"product_cat-hommes","9":"product_tag-big-bill-csa","10":"product_tag-electric-shock-resistant","11":"product_tag-espadrilles-de-travail","12":"product_tag-homme","13":"product_tag-sole-protection","14":"product_tag-souliers-de-travail","16":"first","17":"instock","18":"taxable","19":"shipping-taxable","20":"purchasable","21":"product-type-variable"},"yoast_head":"<!-- This site is optimized with the Yoast SEO plugin v25.3.1 - https:\/\/yoast.com\/wordpress\/plugins\/seo\/ -->\n<title>Espadrille de travail - X67 - Le Magasin Industriel<\/title>\n<meta name=\"description\" content=\"Espadrille de travail - X67 r\u00e9sistance \u00e0 l&#039;usure, fiabilit\u00e9, anti-abrasion, haute qualit\u00e9, long\u00e9vit\u00e9, solidit\u00e9, support, stabilit\u00e9, bien-\u00eatre, commodit\u00e9\" \/>\n<meta name=\"robots\" content=\"index, follow, max-snippet:-1, max-image-preview:large, max-video-preview:-1\" \/>\n<link rel=\"canonical\" href=\"https:\/\/autravail.ca\/en\/product\/espadrille-de-travail-x67\/\" \/>\n<meta property=\"og:locale\" content=\"en_US\" \/>\n<meta property=\"og:type\" content=\"article\" \/>\n<meta property=\"og:title\" content=\"Espadrille de travail - X67 - Le Magasin Industriel\" \/>\n<meta property=\"og:description\" content=\"Espadrille de travail - X67 r\u00e9sistance \u00e0 l&#039;usure, fiabilit\u00e9, anti-abrasion, haute qualit\u00e9, long\u00e9vit\u00e9, solidit\u00e9, support, stabilit\u00e9, bien-\u00eatre, commodit\u00e9\" \/>\n<meta property=\"og:url\" content=\"https:\/\/autravail.ca\/en\/product\/espadrille-de-travail-x67\/\" \/>\n<meta property=\"og:site_name\" content=\"Le Magasin Industriel\" \/>\n<meta property=\"article:publisher\" content=\"https:\/\/www.facebook.com\/lemagasinindustriel\/?locale=fr_FR\" \/>\n<meta property=\"article:modified_time\" content=\"2026-03-05T20:36:52+00:00\" \/>\n<meta property=\"og:image\" content=\"https:\/\/autravail.ca\/wp-content\/uploads\/2025\/05\/X67_A01_712abd48-9678-41c2-97ee-0a6176bbdcc2-1.jpg\" \/>\n\t<meta property=\"og:image:width\" content=\"1000\" \/>\n\t<meta property=\"og:image:height\" content=\"1000\" \/>\n\t<meta property=\"og:image:type\" content=\"image\/jpeg\" \/>\n<meta name=\"twitter:card\" content=\"summary_large_image\" \/>\n<meta name=\"twitter:label1\" content=\"Est. reading time\" \/>\n\t<meta name=\"twitter:data1\" content=\"2 minutes\" \/>\n<script type=\"application\/ld+json\" class=\"yoast-schema-graph\">{\"@context\":\"https:\/\/schema.org\",\"@graph\":[{\"@type\":\"WebPage\",\"@id\":\"https:\/\/autravail.ca\/product\/espadrille-de-travail-x67\/\",\"url\":\"https:\/\/autravail.ca\/product\/espadrille-de-travail-x67\/\",\"name\":\"Espadrille de travail - X67 - Le Magasin Industriel\",\"isPartOf\":{\"@id\":\"https:\/\/autravail.ca\/#website\"},\"primaryImageOfPage\":{\"@id\":\"https:\/\/autravail.ca\/product\/espadrille-de-travail-x67\/#primaryimage\"},\"image\":{\"@id\":\"https:\/\/autravail.ca\/product\/espadrille-de-travail-x67\/#primaryimage\"},\"thumbnailUrl\":\"https:\/\/autravail.ca\/wp-content\/uploads\/2025\/05\/X67_A01_712abd48-9678-41c2-97ee-0a6176bbdcc2-1.jpg\",\"datePublished\":\"2025-05-08T08:21:14+00:00\",\"dateModified\":\"2026-03-05T20:36:52+00:00\",\"description\":\"Espadrille de travail - X67 r\u00e9sistance \u00e0 l'usure, fiabilit\u00e9, anti-abrasion, haute qualit\u00e9, long\u00e9vit\u00e9, solidit\u00e9, support, stabilit\u00e9, bien-\u00eatre, commodit\u00e9\",\"breadcrumb\":{\"@id\":\"https:\/\/autravail.ca\/product\/espadrille-de-travail-x67\/#breadcrumb\"},\"inLanguage\":\"en-CA\",\"potentialAction\":[{\"@type\":\"ReadAction\",\"target\":[\"https:\/\/autravail.ca\/product\/espadrille-de-travail-x67\/\"]}]},{\"@type\":\"ImageObject\",\"inLanguage\":\"en-CA\",\"@id\":\"https:\/\/autravail.ca\/product\/espadrille-de-travail-x67\/#primaryimage\",\"url\":\"https:\/\/autravail.ca\/wp-content\/uploads\/2025\/05\/X67_A01_712abd48-9678-41c2-97ee-0a6176bbdcc2-1.jpg\",\"contentUrl\":\"https:\/\/autravail.ca\/wp-content\/uploads\/2025\/05\/X67_A01_712abd48-9678-41c2-97ee-0a6176bbdcc2-1.jpg\",\"width\":1000,\"height\":1000,\"caption\":\"Espadrille de travail - X67\"},{\"@type\":\"BreadcrumbList\",\"@id\":\"https:\/\/autravail.ca\/product\/espadrille-de-travail-x67\/#breadcrumb\",\"itemListElement\":[{\"@type\":\"ListItem\",\"position\":1,\"name\":\"Accueil\",\"item\":\"https:\/\/autravail.ca\/\"},{\"@type\":\"ListItem\",\"position\":2,\"name\":\"Magasin\",\"item\":\"https:\/\/autravail.ca\/en\/shop\/\"},{\"@type\":\"ListItem\",\"position\":3,\"name\":\"Espadrille de travail &#8211; X67\"}]},{\"@type\":\"WebSite\",\"@id\":\"https:\/\/autravail.ca\/#website\",\"url\":\"https:\/\/autravail.ca\/\",\"name\":\"Le Magasin Industriel\",\"description\":\"50 ans de tradition de s\u00e9curit\u00e9 au travail\",\"publisher\":{\"@id\":\"https:\/\/autravail.ca\/#organization\"},\"potentialAction\":[{\"@type\":\"SearchAction\",\"target\":{\"@type\":\"EntryPoint\",\"urlTemplate\":\"https:\/\/autravail.ca\/?s={search_term_string}\"},\"query-input\":{\"@type\":\"PropertyValueSpecification\",\"valueRequired\":true,\"valueName\":\"search_term_string\"}}],\"inLanguage\":\"en-CA\"},{\"@type\":\"Organization\",\"@id\":\"https:\/\/autravail.ca\/#organization\",\"name\":\"Le Magasin Industriel\",\"url\":\"https:\/\/autravail.ca\/\",\"logo\":{\"@type\":\"ImageObject\",\"inLanguage\":\"en-CA\",\"@id\":\"https:\/\/autravail.ca\/#\/schema\/logo\/image\/\",\"url\":\"https:\/\/autravail.ca\/wp-content\/uploads\/2025\/05\/cropped-magasin_industriel_120x.avif\",\"contentUrl\":\"https:\/\/autravail.ca\/wp-content\/uploads\/2025\/05\/cropped-magasin_industriel_120x.avif\",\"width\":120,\"height\":24,\"caption\":\"Le Magasin Industriel\"},\"image\":{\"@id\":\"https:\/\/autravail.ca\/#\/schema\/logo\/image\/\"},\"sameAs\":[\"https:\/\/www.facebook.com\/lemagasinindustriel\/?locale=fr_FR\"]}]}<\/script>\n<!-- \/ Yoast SEO plugin. -->","yoast_head_json":{"title":"Espadrille de travail - X67 - Le Magasin Industriel","description":"Espadrille de travail - X67 r\u00e9sistance \u00e0 l'usure, fiabilit\u00e9, anti-abrasion, haute qualit\u00e9, long\u00e9vit\u00e9, solidit\u00e9, support, stabilit\u00e9, bien-\u00eatre, commodit\u00e9","robots":{"index":"index","follow":"follow","max-snippet":"max-snippet:-1","max-image-preview":"max-image-preview:large","max-video-preview":"max-video-preview:-1"},"canonical":"https:\/\/autravail.ca\/en\/product\/espadrille-de-travail-x67\/","og_locale":"en_US","og_type":"article","og_title":"Espadrille de travail - X67 - Le Magasin Industriel","og_description":"Espadrille de travail - X67 r\u00e9sistance \u00e0 l'usure, fiabilit\u00e9, anti-abrasion, haute qualit\u00e9, long\u00e9vit\u00e9, solidit\u00e9, support, stabilit\u00e9, bien-\u00eatre, commodit\u00e9","og_url":"https:\/\/autravail.ca\/en\/product\/espadrille-de-travail-x67\/","og_site_name":"Le Magasin Industriel","article_publisher":"https:\/\/www.facebook.com\/lemagasinindustriel\/?locale=fr_FR","article_modified_time":"2026-03-05T20:36:52+00:00","og_image":[{"width":1000,"height":1000,"url":"https:\/\/autravail.ca\/wp-content\/uploads\/2025\/05\/X67_A01_712abd48-9678-41c2-97ee-0a6176bbdcc2-1.jpg","type":"image\/jpeg"}],"twitter_card":"summary_large_image","twitter_misc":{"Est. reading time":"2 minutes"},"schema":{"@context":"https:\/\/schema.org","@graph":[{"@type":"WebPage","@id":"https:\/\/autravail.ca\/product\/espadrille-de-travail-x67\/","url":"https:\/\/autravail.ca\/product\/espadrille-de-travail-x67\/","name":"Espadrille de travail - X67 - Le Magasin Industriel","isPartOf":{"@id":"https:\/\/autravail.ca\/#website"},"primaryImageOfPage":{"@id":"https:\/\/autravail.ca\/product\/espadrille-de-travail-x67\/#primaryimage"},"image":{"@id":"https:\/\/autravail.ca\/product\/espadrille-de-travail-x67\/#primaryimage"},"thumbnailUrl":"https:\/\/autravail.ca\/wp-content\/uploads\/2025\/05\/X67_A01_712abd48-9678-41c2-97ee-0a6176bbdcc2-1.jpg","datePublished":"2025-05-08T08:21:14+00:00","dateModified":"2026-03-05T20:36:52+00:00","description":"Espadrille de travail - X67 r\u00e9sistance \u00e0 l'usure, fiabilit\u00e9, anti-abrasion, haute qualit\u00e9, long\u00e9vit\u00e9, solidit\u00e9, support, stabilit\u00e9, bien-\u00eatre, commodit\u00e9","breadcrumb":{"@id":"https:\/\/autravail.ca\/product\/espadrille-de-travail-x67\/#breadcrumb"},"inLanguage":"en-CA","potentialAction":[{"@type":"ReadAction","target":["https:\/\/autravail.ca\/product\/espadrille-de-travail-x67\/"]}]},{"@type":"ImageObject","inLanguage":"en-CA","@id":"https:\/\/autravail.ca\/product\/espadrille-de-travail-x67\/#primaryimage","url":"https:\/\/autravail.ca\/wp-content\/uploads\/2025\/05\/X67_A01_712abd48-9678-41c2-97ee-0a6176bbdcc2-1.jpg","contentUrl":"https:\/\/autravail.ca\/wp-content\/uploads\/2025\/05\/X67_A01_712abd48-9678-41c2-97ee-0a6176bbdcc2-1.jpg","width":1000,"height":1000,"caption":"Espadrille de travail - X67"},{"@type":"BreadcrumbList","@id":"https:\/\/autravail.ca\/product\/espadrille-de-travail-x67\/#breadcrumb","itemListElement":[{"@type":"ListItem","position":1,"name":"Accueil","item":"https:\/\/autravail.ca\/"},{"@type":"ListItem","position":2,"name":"Magasin","item":"https:\/\/autravail.ca\/en\/shop\/"},{"@type":"ListItem","position":3,"name":"Espadrille de travail &#8211; X67"}]},{"@type":"WebSite","@id":"https:\/\/autravail.ca\/#website","url":"https:\/\/autravail.ca\/","name":"Le Magasin Industriel","description":"50 ans de tradition de s\u00e9curit\u00e9 au travail","publisher":{"@id":"https:\/\/autravail.ca\/#organization"},"potentialAction":[{"@type":"SearchAction","target":{"@type":"EntryPoint","urlTemplate":"https:\/\/autravail.ca\/?s={search_term_string}"},"query-input":{"@type":"PropertyValueSpecification","valueRequired":true,"valueName":"search_term_string"}}],"inLanguage":"en-CA"},{"@type":"Organization","@id":"https:\/\/autravail.ca\/#organization","name":"Le Magasin Industriel","url":"https:\/\/autravail.ca\/","logo":{"@type":"ImageObject","inLanguage":"en-CA","@id":"https:\/\/autravail.ca\/#\/schema\/logo\/image\/","url":"https:\/\/autravail.ca\/wp-content\/uploads\/2025\/05\/cropped-magasin_industriel_120x.avif","contentUrl":"https:\/\/autravail.ca\/wp-content\/uploads\/2025\/05\/cropped-magasin_industriel_120x.avif","width":120,"height":24,"caption":"Le Magasin Industriel"},"image":{"@id":"https:\/\/autravail.ca\/#\/schema\/logo\/image\/"},"sameAs":["https:\/\/www.facebook.com\/lemagasinindustriel\/?locale=fr_FR"]}]}},"jetpack_sharing_enabled":true,"_links":{"self":[{"href":"https:\/\/autravail.ca\/en\/wp-json\/wp\/v2\/product\/38045","targetHints":{"allow":["GET"]}}],"collection":[{"href":"https:\/\/autravail.ca\/en\/wp-json\/wp\/v2\/product"}],"about":[{"href":"https:\/\/autravail.ca\/en\/wp-json\/wp\/v2\/types\/product"}],"replies":[{"embeddable":true,"href":"https:\/\/autravail.ca\/en\/wp-json\/wp\/v2\/comments?post=38045"}],"wp:featuredmedia":[{"embeddable":true,"href":"https:\/\/autravail.ca\/en\/wp-json\/wp\/v2\/media\/39651"}],"wp:attachment":[{"href":"https:\/\/autravail.ca\/en\/wp-json\/wp\/v2\/media?parent=38045"}],"wp:term":[{"taxonomy":"product_cat","embeddable":true,"href":"https:\/\/autravail.ca\/en\/wp-json\/wp\/v2\/product_cat?post=38045"},{"taxonomy":"product_tag","embeddable":true,"href":"https:\/\/autravail.ca\/en\/wp-json\/wp\/v2\/product_tag?post=38045"}],"curies":[{"name":"wp","href":"https:\/\/api.w.org\/{rel}","templated":true}]}}