{"id":38005,"date":"2025-05-08T08:19:33","date_gmt":"2025-05-08T08:19:33","guid":{"rendered":"https:\/\/meteoquebec.ca\/?post_type=product&#038;p=38005"},"modified":"2025-12-05T05:09:41","modified_gmt":"2025-12-05T09:09:41","slug":"wk-027-veste-de-travail-matelasse","status":"publish","type":"product","link":"https:\/\/autravail.ca\/en\/product\/wk-027-veste-de-travail-matelasse\/","title":{"rendered":"WK027 &#8211; Veste matelass\u00e9e pour le travail"},"content":{"rendered":"<h3>Work jacket padded for man - Paragone<\/h3>\n<p><strong>Style classique<\/strong>\u00a0<strong>:<\/strong> Ce gilet offre un look intemporel, id\u00e9al pour divers environnements de travail.<\/p>\n<p><strong>L\u00e9ger et chaud<\/strong>\u00a0<strong>:<\/strong> Ce gilet l\u00e9ger sans manches, dot\u00e9 d&rsquo;un int\u00e9rieur matelass\u00e9, vous garde au chaud sans restreindre vos mouvements, id\u00e9al pour un confort optimal tout au long de votre journ\u00e9e de travail.<\/p>\n<p><strong>Utilisation polyvalente\u00a0:<\/strong> Id\u00e9al pour les professionnels de l&rsquo;agriculture, de la construction et de nombreux autres secteurs exigeants.<\/p>\n<p><strong>Conception pratique\u00a0:<\/strong><\/p>\n<p>Deux grandes poches avant pour un rangement pratique.<\/p>\n<p>Une fermeture \u00e9clair avant facilite l&rsquo;enfilage.<\/p>\n<p>Des bandes \u00e9lastiques au niveau du cou et des c\u00f4t\u00e9s assurent un ajustement s\u00fbr et confortable.<\/p>\n<p><strong>Mati\u00e8re et isolation\u00a0:<\/strong><\/p>\n<p>L&rsquo;int\u00e9rieur et l&rsquo;ext\u00e9rieur sont 100\u00a0% polyester pour une chaleur optimale par temps froid.<\/p>\n<p>Il est dot\u00e9 d&rsquo;une isolation en polyester de 150\u00a0g\/m\u00b2.<\/p>\n<p><strong>Chaleur accrue\u00a0:<\/strong> Le dos du gilet est plus long que l&rsquo;avant, offrant une couverture et une chaleur suppl\u00e9mentaires l\u00e0 o\u00f9 vous en avez le plus besoin.<\/p>\n<p><strong>Durable et fiable\u00a0:<\/strong> Con\u00e7u pour r\u00e9sister aux t\u00e2ches exigeantes, il convient aussi bien aux travaux int\u00e9rieurs qu&rsquo;ext\u00e9rieurs, notamment lors de vos d\u00e9placements.<\/p>\n<p>Ce gilet Nats semble \u00eatre un ajout essentiel \u00e0 toute garde-robe de travail, con\u00e7u pour vous garder au chaud, confortable et pr\u00eat \u00e0 affronter tout ce que la journ\u00e9e vous r\u00e9serve !<\/p>\n<p>D\u00e9couvrez la diff\u00e9rence avec Nats!<\/p>\n<p><strong>Conseils d&rsquo;entretien<\/strong><br \/>\nPour conserver votre gilet de travail en parfait \u00e9tat, veuillez suivre ces conseils\u00a0:<\/p>\n<p><strong>Lavage en machine \u00e0 froid.<\/strong><\/p>\n<p><strong>Laver les couleurs s\u00e9par\u00e9ment.<\/strong><\/p>\n<p><strong>Ne pas utiliser d&rsquo;eau de Javel.<\/strong><\/p>\n<p><strong>S\u00e9chage en machine \u00e0 temp\u00e9rature moyenne.<\/strong><\/p>\n<p><strong>Ne pas repasser.<\/strong><\/p>\n<p>Suivre ces conseils vous aidera \u00e0 pr\u00e9server la qualit\u00e9 et la long\u00e9vit\u00e9 de votre gilet, vous assurant ainsi chaleur et confort au travail.<\/p>","protected":false},"excerpt":{"rendered":"<p>Veste de travail matelass\u00e9 pour homme &#8211; Paragone Style classique\u00a0: Ce gilet offre un look intemporel, id\u00e9al pour divers environnements de travail. L\u00e9ger et chaud\u00a0: Ce gilet l\u00e9ger sans manches, dot\u00e9 d&rsquo;un int\u00e9rieur matelass\u00e9, vous garde au chaud sans restreindre vos mouvements, id\u00e9al pour un confort optimal tout au long de votre journ\u00e9e de travail. [&hellip;]<\/p>","protected":false},"featured_media":38041,"comment_status":"open","ping_status":"closed","template":"","meta":[],"product_cat":[602,610,604],"product_tag":[242],"class_list":{"0":"post-38005","1":"product","2":"type-product","3":"status-publish","4":"has-post-thumbnail","6":"product_brand-le-magasin-industriel","7":"product_cat-hommes","8":"product_cat-manteaux","9":"product_cat-vetements-de-travail","10":"product_tag-homme","12":"first","13":"instock","14":"taxable","15":"shipping-taxable","16":"purchasable","17":"product-type-variable"},"yoast_head":"<!-- This site is optimized with the Yoast SEO plugin v25.3.1 - https:\/\/yoast.com\/wordpress\/plugins\/seo\/ -->\n<title>WK027 - Veste matelass\u00e9e pour le travail - Le Magasin Industriel<\/title>\n<meta name=\"description\" content=\"Veste matelass\u00e9e, homme, cong\u00e9lateur, frigidaire, fermeture \u00e9clair, bandes \u00e9lastique sur les c\u00f4t\u00e9s, isolant en polyester, sans manches, froid, chaleur\" \/>\n<meta name=\"robots\" content=\"index, follow, max-snippet:-1, max-image-preview:large, max-video-preview:-1\" \/>\n<link rel=\"canonical\" href=\"https:\/\/autravail.ca\/en\/product\/wk-027-veste-de-travail-matelasse\/\" \/>\n<meta property=\"og:locale\" content=\"en_US\" \/>\n<meta property=\"og:type\" content=\"article\" \/>\n<meta property=\"og:title\" content=\"WK027 - Veste matelass\u00e9e pour le travail - Le Magasin Industriel\" \/>\n<meta property=\"og:description\" content=\"Veste matelass\u00e9e, homme, cong\u00e9lateur, frigidaire, fermeture \u00e9clair, bandes \u00e9lastique sur les c\u00f4t\u00e9s, isolant en polyester, sans manches, froid, chaleur\" \/>\n<meta property=\"og:url\" content=\"https:\/\/autravail.ca\/en\/product\/wk-027-veste-de-travail-matelasse\/\" \/>\n<meta property=\"og:site_name\" content=\"Le Magasin Industriel\" \/>\n<meta property=\"article:publisher\" content=\"https:\/\/www.facebook.com\/lemagasinindustriel\/?locale=fr_FR\" \/>\n<meta property=\"article:modified_time\" content=\"2025-12-05T09:09:41+00:00\" \/>\n<meta property=\"og:image\" content=\"https:\/\/autravail.ca\/wp-content\/uploads\/2025\/05\/WK027_Noir_A01.jpg\" \/>\n\t<meta property=\"og:image:width\" content=\"800\" \/>\n\t<meta property=\"og:image:height\" content=\"720\" \/>\n\t<meta property=\"og:image:type\" content=\"image\/jpeg\" \/>\n<meta name=\"twitter:card\" content=\"summary_large_image\" \/>\n<meta name=\"twitter:label1\" content=\"Est. reading time\" \/>\n\t<meta name=\"twitter:data1\" content=\"2 minutes\" \/>\n<script type=\"application\/ld+json\" class=\"yoast-schema-graph\">{\"@context\":\"https:\/\/schema.org\",\"@graph\":[{\"@type\":\"WebPage\",\"@id\":\"https:\/\/autravail.ca\/product\/wk-027-veste-de-travail-matelasse\/\",\"url\":\"https:\/\/autravail.ca\/product\/wk-027-veste-de-travail-matelasse\/\",\"name\":\"WK027 - Veste matelass\u00e9e pour le travail - Le Magasin Industriel\",\"isPartOf\":{\"@id\":\"https:\/\/autravail.ca\/#website\"},\"primaryImageOfPage\":{\"@id\":\"https:\/\/autravail.ca\/product\/wk-027-veste-de-travail-matelasse\/#primaryimage\"},\"image\":{\"@id\":\"https:\/\/autravail.ca\/product\/wk-027-veste-de-travail-matelasse\/#primaryimage\"},\"thumbnailUrl\":\"https:\/\/autravail.ca\/wp-content\/uploads\/2025\/05\/WK027_Noir_A01.jpg\",\"datePublished\":\"2025-05-08T08:19:33+00:00\",\"dateModified\":\"2025-12-05T09:09:41+00:00\",\"description\":\"Veste matelass\u00e9e, homme, cong\u00e9lateur, frigidaire, fermeture \u00e9clair, bandes \u00e9lastique sur les c\u00f4t\u00e9s, isolant en polyester, sans manches, froid, chaleur\",\"breadcrumb\":{\"@id\":\"https:\/\/autravail.ca\/product\/wk-027-veste-de-travail-matelasse\/#breadcrumb\"},\"inLanguage\":\"en-CA\",\"potentialAction\":[{\"@type\":\"ReadAction\",\"target\":[\"https:\/\/autravail.ca\/product\/wk-027-veste-de-travail-matelasse\/\"]}]},{\"@type\":\"ImageObject\",\"inLanguage\":\"en-CA\",\"@id\":\"https:\/\/autravail.ca\/product\/wk-027-veste-de-travail-matelasse\/#primaryimage\",\"url\":\"https:\/\/autravail.ca\/wp-content\/uploads\/2025\/05\/WK027_Noir_A01.jpg\",\"contentUrl\":\"https:\/\/autravail.ca\/wp-content\/uploads\/2025\/05\/WK027_Noir_A01.jpg\",\"width\":800,\"height\":720,\"caption\":\"Veste de travail\"},{\"@type\":\"BreadcrumbList\",\"@id\":\"https:\/\/autravail.ca\/product\/wk-027-veste-de-travail-matelasse\/#breadcrumb\",\"itemListElement\":[{\"@type\":\"ListItem\",\"position\":1,\"name\":\"Accueil\",\"item\":\"https:\/\/autravail.ca\/\"},{\"@type\":\"ListItem\",\"position\":2,\"name\":\"Magasin\",\"item\":\"https:\/\/autravail.ca\/en\/shop\/\"},{\"@type\":\"ListItem\",\"position\":3,\"name\":\"WK027 &#8211; Veste matelass\u00e9e pour le travail\"}]},{\"@type\":\"WebSite\",\"@id\":\"https:\/\/autravail.ca\/#website\",\"url\":\"https:\/\/autravail.ca\/\",\"name\":\"Le Magasin Industriel\",\"description\":\"50 ans de tradition de s\u00e9curit\u00e9 au travail\",\"publisher\":{\"@id\":\"https:\/\/autravail.ca\/#organization\"},\"potentialAction\":[{\"@type\":\"SearchAction\",\"target\":{\"@type\":\"EntryPoint\",\"urlTemplate\":\"https:\/\/autravail.ca\/?s={search_term_string}\"},\"query-input\":{\"@type\":\"PropertyValueSpecification\",\"valueRequired\":true,\"valueName\":\"search_term_string\"}}],\"inLanguage\":\"en-CA\"},{\"@type\":\"Organization\",\"@id\":\"https:\/\/autravail.ca\/#organization\",\"name\":\"Le Magasin Industriel\",\"url\":\"https:\/\/autravail.ca\/\",\"logo\":{\"@type\":\"ImageObject\",\"inLanguage\":\"en-CA\",\"@id\":\"https:\/\/autravail.ca\/#\/schema\/logo\/image\/\",\"url\":\"https:\/\/autravail.ca\/wp-content\/uploads\/2025\/05\/cropped-magasin_industriel_120x.avif\",\"contentUrl\":\"https:\/\/autravail.ca\/wp-content\/uploads\/2025\/05\/cropped-magasin_industriel_120x.avif\",\"width\":120,\"height\":24,\"caption\":\"Le Magasin Industriel\"},\"image\":{\"@id\":\"https:\/\/autravail.ca\/#\/schema\/logo\/image\/\"},\"sameAs\":[\"https:\/\/www.facebook.com\/lemagasinindustriel\/?locale=fr_FR\"]}]}<\/script>\n<!-- \/ Yoast SEO plugin. -->","yoast_head_json":{"title":"WK027 - Veste matelass\u00e9e pour le travail - Le Magasin Industriel","description":"Veste matelass\u00e9e, homme, cong\u00e9lateur, frigidaire, fermeture \u00e9clair, bandes \u00e9lastique sur les c\u00f4t\u00e9s, isolant en polyester, sans manches, froid, chaleur","robots":{"index":"index","follow":"follow","max-snippet":"max-snippet:-1","max-image-preview":"max-image-preview:large","max-video-preview":"max-video-preview:-1"},"canonical":"https:\/\/autravail.ca\/en\/product\/wk-027-veste-de-travail-matelasse\/","og_locale":"en_US","og_type":"article","og_title":"WK027 - Veste matelass\u00e9e pour le travail - Le Magasin Industriel","og_description":"Veste matelass\u00e9e, homme, cong\u00e9lateur, frigidaire, fermeture \u00e9clair, bandes \u00e9lastique sur les c\u00f4t\u00e9s, isolant en polyester, sans manches, froid, chaleur","og_url":"https:\/\/autravail.ca\/en\/product\/wk-027-veste-de-travail-matelasse\/","og_site_name":"Le Magasin Industriel","article_publisher":"https:\/\/www.facebook.com\/lemagasinindustriel\/?locale=fr_FR","article_modified_time":"2025-12-05T09:09:41+00:00","og_image":[{"width":800,"height":720,"url":"https:\/\/autravail.ca\/wp-content\/uploads\/2025\/05\/WK027_Noir_A01.jpg","type":"image\/jpeg"}],"twitter_card":"summary_large_image","twitter_misc":{"Est. reading time":"2 minutes"},"schema":{"@context":"https:\/\/schema.org","@graph":[{"@type":"WebPage","@id":"https:\/\/autravail.ca\/product\/wk-027-veste-de-travail-matelasse\/","url":"https:\/\/autravail.ca\/product\/wk-027-veste-de-travail-matelasse\/","name":"WK027 - Veste matelass\u00e9e pour le travail - Le Magasin Industriel","isPartOf":{"@id":"https:\/\/autravail.ca\/#website"},"primaryImageOfPage":{"@id":"https:\/\/autravail.ca\/product\/wk-027-veste-de-travail-matelasse\/#primaryimage"},"image":{"@id":"https:\/\/autravail.ca\/product\/wk-027-veste-de-travail-matelasse\/#primaryimage"},"thumbnailUrl":"https:\/\/autravail.ca\/wp-content\/uploads\/2025\/05\/WK027_Noir_A01.jpg","datePublished":"2025-05-08T08:19:33+00:00","dateModified":"2025-12-05T09:09:41+00:00","description":"Veste matelass\u00e9e, homme, cong\u00e9lateur, frigidaire, fermeture \u00e9clair, bandes \u00e9lastique sur les c\u00f4t\u00e9s, isolant en polyester, sans manches, froid, chaleur","breadcrumb":{"@id":"https:\/\/autravail.ca\/product\/wk-027-veste-de-travail-matelasse\/#breadcrumb"},"inLanguage":"en-CA","potentialAction":[{"@type":"ReadAction","target":["https:\/\/autravail.ca\/product\/wk-027-veste-de-travail-matelasse\/"]}]},{"@type":"ImageObject","inLanguage":"en-CA","@id":"https:\/\/autravail.ca\/product\/wk-027-veste-de-travail-matelasse\/#primaryimage","url":"https:\/\/autravail.ca\/wp-content\/uploads\/2025\/05\/WK027_Noir_A01.jpg","contentUrl":"https:\/\/autravail.ca\/wp-content\/uploads\/2025\/05\/WK027_Noir_A01.jpg","width":800,"height":720,"caption":"Veste de travail"},{"@type":"BreadcrumbList","@id":"https:\/\/autravail.ca\/product\/wk-027-veste-de-travail-matelasse\/#breadcrumb","itemListElement":[{"@type":"ListItem","position":1,"name":"Accueil","item":"https:\/\/autravail.ca\/"},{"@type":"ListItem","position":2,"name":"Magasin","item":"https:\/\/autravail.ca\/en\/shop\/"},{"@type":"ListItem","position":3,"name":"WK027 &#8211; Veste matelass\u00e9e pour le travail"}]},{"@type":"WebSite","@id":"https:\/\/autravail.ca\/#website","url":"https:\/\/autravail.ca\/","name":"Le Magasin Industriel","description":"50 ans de tradition de s\u00e9curit\u00e9 au travail","publisher":{"@id":"https:\/\/autravail.ca\/#organization"},"potentialAction":[{"@type":"SearchAction","target":{"@type":"EntryPoint","urlTemplate":"https:\/\/autravail.ca\/?s={search_term_string}"},"query-input":{"@type":"PropertyValueSpecification","valueRequired":true,"valueName":"search_term_string"}}],"inLanguage":"en-CA"},{"@type":"Organization","@id":"https:\/\/autravail.ca\/#organization","name":"Le Magasin Industriel","url":"https:\/\/autravail.ca\/","logo":{"@type":"ImageObject","inLanguage":"en-CA","@id":"https:\/\/autravail.ca\/#\/schema\/logo\/image\/","url":"https:\/\/autravail.ca\/wp-content\/uploads\/2025\/05\/cropped-magasin_industriel_120x.avif","contentUrl":"https:\/\/autravail.ca\/wp-content\/uploads\/2025\/05\/cropped-magasin_industriel_120x.avif","width":120,"height":24,"caption":"Le Magasin Industriel"},"image":{"@id":"https:\/\/autravail.ca\/#\/schema\/logo\/image\/"},"sameAs":["https:\/\/www.facebook.com\/lemagasinindustriel\/?locale=fr_FR"]}]}},"jetpack_sharing_enabled":true,"_links":{"self":[{"href":"https:\/\/autravail.ca\/en\/wp-json\/wp\/v2\/product\/38005","targetHints":{"allow":["GET"]}}],"collection":[{"href":"https:\/\/autravail.ca\/en\/wp-json\/wp\/v2\/product"}],"about":[{"href":"https:\/\/autravail.ca\/en\/wp-json\/wp\/v2\/types\/product"}],"replies":[{"embeddable":true,"href":"https:\/\/autravail.ca\/en\/wp-json\/wp\/v2\/comments?post=38005"}],"wp:featuredmedia":[{"embeddable":true,"href":"https:\/\/autravail.ca\/en\/wp-json\/wp\/v2\/media\/38041"}],"wp:attachment":[{"href":"https:\/\/autravail.ca\/en\/wp-json\/wp\/v2\/media?parent=38005"}],"wp:term":[{"taxonomy":"product_cat","embeddable":true,"href":"https:\/\/autravail.ca\/en\/wp-json\/wp\/v2\/product_cat?post=38005"},{"taxonomy":"product_tag","embeddable":true,"href":"https:\/\/autravail.ca\/en\/wp-json\/wp\/v2\/product_tag?post=38005"}],"curies":[{"name":"wp","href":"https:\/\/api.w.org\/{rel}","templated":true}]}}