{"id":37986,"date":"2025-05-08T08:18:37","date_gmt":"2025-05-08T08:18:37","guid":{"rendered":"https:\/\/meteoquebec.ca\/?post_type=product&#038;p=37986"},"modified":"2026-04-01T13:40:04","modified_gmt":"2026-04-01T17:40:04","slug":"botte-de-travail-widebody-4tgcbk","status":"publish","type":"product","link":"https:\/\/autravail.ca\/en\/product\/botte-de-travail-widebody-4tgcbk\/","title":{"rendered":"Botte de travail Widebody &#8211; 4TGCBK"},"content":{"rendered":"<h3>Botte de travail Widebody &#8211; 4TGCBK<\/h3>\n<p>Botte de travail Widebody &#8211; 4TGCBK de Kodiak. Quand plus grand est synonyme de meilleur et que la robustesse est primordiale, la Widebody extra-large de 20 cm entre en sc\u00e8ne. Con\u00e7ue pour durer, elle est dot\u00e9e de renforts en caoutchouc moul\u00e9 au niveau des orteils et du talon, associ\u00e9s \u00e0 un empeigne en cuir, pour une protection renforc\u00e9e dans les zones les plus expos\u00e9es \u00e0 l&rsquo;usure. Sa membrane imperm\u00e9able et respirante et son isolation Thinsulate\u2122 vous gardent au sec et au chaud sur le chantier. La protection est assur\u00e9e par un embout composite et une plaque composite sur toute la longueur, vous prot\u00e9geant ainsi des chutes d&rsquo;objets et des perforations sous le pied.<\/p>\n<p><img decoding=\"async\" class=\"alignnone size-full wp-image-40117\" src=\"https:\/\/autravail.ca\/wp-content\/uploads\/2025\/09\/Certification-Omega-Triangle-vert.jpg\" alt=\"Certifications Om\u00e9ga Triangle vert\" width=\"193\" height=\"110\" srcset=\"https:\/\/autravail.ca\/wp-content\/uploads\/2025\/09\/Certification-Omega-Triangle-vert.jpg 193w, https:\/\/autravail.ca\/wp-content\/uploads\/2025\/09\/Certification-Omega-Triangle-vert-150x85.jpg 150w, https:\/\/autravail.ca\/wp-content\/uploads\/2025\/09\/Certification-Omega-Triangle-vert-18x10.jpg 18w\" sizes=\"(max-width: 193px) 100vw, 193px\" \/><\/p>\n<h6>Characteristics:<\/h6>\n<ul class=\"mb-0 styled-list product-features\">\n<li><span dir=\"auto\"><span dir=\"auto\">Cuir pleine fleur imperm\u00e9able avec construction \u00e0 membrane imperm\u00e9able<\/span><\/span><\/li>\n<li><span dir=\"auto\"><span dir=\"auto\">Extra larges pour accueillir les pieds plus grands en tout confort<\/span><\/span><\/li>\n<li><span dir=\"auto\"><span dir=\"auto\">Col int\u00e9rieur rembourr\u00e9 \u00e0 carreaux de buffle rouges et noirs<\/span><\/span><\/li>\n<li><span dir=\"auto\"><span dir=\"auto\">Les renforts en caoutchouc moul\u00e9 \u00e0 l&rsquo;avant et \u00e0 l&rsquo;arri\u00e8re du talon offrent une protection suppl\u00e9mentaire.<\/span><\/span><\/li>\n<li><span dir=\"auto\"><span dir=\"auto\">Empi\u00e8cement en cuir sur l&#8217;empeigne et d\u00e9tails r\u00e9fl\u00e9chissants 3M\u00ae<\/span><\/span><\/li>\n<li><span dir=\"auto\"><span dir=\"auto\">Isolation Thinsulate\u2122 de 200 g pour un confort en toutes saisons<\/span><\/span><\/li>\n<li><span dir=\"auto\"><span dir=\"auto\">Technologie de contr\u00f4le des odeurs KODIAK\u00ae SOS Smell Out Science\u00ae<\/span><\/span><\/li>\n<li><span dir=\"auto\"><span dir=\"auto\">Semelle int\u00e9rieure Comfortzone\u2122<\/span><\/span><\/li>\n<li><span dir=\"auto\"><span dir=\"auto\">Semelle ext\u00e9rieure en caoutchouc non marquant, r\u00e9sistante \u00e0 l&rsquo;huile et antid\u00e9rapante<\/span><\/span><\/li>\n<li><span dir=\"auto\"><span dir=\"auto\">Embout composite homologu\u00e9 CSA, plaque composite, ESR<\/span><\/span><\/li>\n<li><span dir=\"auto\"><span dir=\"auto\">Poids : 1001 grammes \/ 2,21 livres par botte de pointure 9<\/span><\/span><\/li>\n<\/ul>\n<p><em><span style=\"color: #fa0b0b;\">Unisex U.S. men's sizes presented. To convert to U.S. women's size, add 2 sizes. Example: 5 U.S. men = 7 U.S. women<\/span><\/em><\/p>\n<p><img decoding=\"async\" class=\"alignnone wp-image-40620\" src=\"https:\/\/autravail.ca\/wp-content\/uploads\/2025\/09\/Jachete-quebec-et-canada.jpg\" alt=\"Logo de l'achat local\" width=\"162\" height=\"139\" \/>Merci d&rsquo;encourager une entreprise 100% d&rsquo;ici!<\/p>\n<p>TS2604H<\/p>\n<p>&nbsp;<\/p>","protected":false},"excerpt":{"rendered":"<p>Botte de travail Widebody &#8211; 4TGCBK Botte de travail Widebody &#8211; 4TGCBK de Kodiak. Quand plus grand est synonyme de meilleur et que la robustesse est primordiale, la Widebody extra-large de 20 cm entre en sc\u00e8ne. Con\u00e7ue pour durer, elle est dot\u00e9e de renforts en caoutchouc moul\u00e9 au niveau des orteils et du talon, associ\u00e9s [&hellip;]<\/p>","protected":false},"featured_media":38022,"comment_status":"open","ping_status":"closed","template":"","meta":[],"product_cat":[613,805,602],"product_tag":[251,252,242,253],"class_list":{"0":"post-37986","1":"product","2":"type-product","3":"status-publish","4":"has-post-thumbnail","6":"product_brand-kodiak","7":"product_cat-bottes-de-travail","8":"product_cat-bottes-de-travail-homme","9":"product_cat-hommes","10":"product_tag-bottes-de-travail","11":"product_tag-electric-shock-resistant","12":"product_tag-homme","13":"product_tag-sole-protection","15":"first","16":"instock","17":"taxable","18":"shipping-taxable","19":"purchasable","20":"product-type-variable"},"yoast_head":"<!-- This site is optimized with the Yoast SEO plugin v25.3.1 - https:\/\/yoast.com\/wordpress\/plugins\/seo\/ -->\n<title>Botte de travail Widebody - 4TGCBK - Le Magasin Industriel<\/title>\n<meta name=\"description\" content=\"Botte de travail Widebody - 4TGCBK. Con\u00e7ue pour durer, elle est dot\u00e9e de renforts en caoutchouc moul\u00e9 au niveau des orteils et du talon\" \/>\n<meta name=\"robots\" content=\"index, follow, max-snippet:-1, max-image-preview:large, max-video-preview:-1\" \/>\n<link rel=\"canonical\" href=\"https:\/\/autravail.ca\/en\/product\/botte-de-travail-widebody-4tgcbk\/\" \/>\n<meta property=\"og:locale\" content=\"en_US\" \/>\n<meta property=\"og:type\" content=\"article\" \/>\n<meta property=\"og:title\" content=\"Botte de travail Widebody - 4TGCBK - Le Magasin Industriel\" \/>\n<meta property=\"og:description\" content=\"Botte de travail Widebody - 4TGCBK. Con\u00e7ue pour durer, elle est dot\u00e9e de renforts en caoutchouc moul\u00e9 au niveau des orteils et du talon\" \/>\n<meta property=\"og:url\" content=\"https:\/\/autravail.ca\/en\/product\/botte-de-travail-widebody-4tgcbk\/\" \/>\n<meta property=\"og:site_name\" content=\"Le Magasin Industriel\" \/>\n<meta property=\"article:publisher\" content=\"https:\/\/www.facebook.com\/lemagasinindustriel\/?locale=fr_FR\" \/>\n<meta property=\"article:modified_time\" content=\"2026-04-01T17:40:04+00:00\" \/>\n<meta property=\"og:image\" content=\"https:\/\/autravail.ca\/wp-content\/uploads\/2025\/05\/4TGCBK_A01_b1126d74-2e04-4a3e-bee3-6749b200a74a.jpg\" \/>\n\t<meta property=\"og:image:width\" content=\"1000\" \/>\n\t<meta property=\"og:image:height\" content=\"1000\" \/>\n\t<meta property=\"og:image:type\" content=\"image\/jpeg\" \/>\n<meta name=\"twitter:card\" content=\"summary_large_image\" \/>\n<meta name=\"twitter:label1\" content=\"Est. reading time\" \/>\n\t<meta name=\"twitter:data1\" content=\"2 minutes\" \/>\n<script type=\"application\/ld+json\" class=\"yoast-schema-graph\">{\"@context\":\"https:\/\/schema.org\",\"@graph\":[{\"@type\":\"WebPage\",\"@id\":\"https:\/\/autravail.ca\/product\/botte-de-travail-widebody-4tgcbk\/\",\"url\":\"https:\/\/autravail.ca\/product\/botte-de-travail-widebody-4tgcbk\/\",\"name\":\"Botte de travail Widebody - 4TGCBK - Le Magasin Industriel\",\"isPartOf\":{\"@id\":\"https:\/\/autravail.ca\/#website\"},\"primaryImageOfPage\":{\"@id\":\"https:\/\/autravail.ca\/product\/botte-de-travail-widebody-4tgcbk\/#primaryimage\"},\"image\":{\"@id\":\"https:\/\/autravail.ca\/product\/botte-de-travail-widebody-4tgcbk\/#primaryimage\"},\"thumbnailUrl\":\"https:\/\/autravail.ca\/wp-content\/uploads\/2025\/05\/4TGCBK_A01_b1126d74-2e04-4a3e-bee3-6749b200a74a.jpg\",\"datePublished\":\"2025-05-08T08:18:37+00:00\",\"dateModified\":\"2026-04-01T17:40:04+00:00\",\"description\":\"Botte de travail Widebody - 4TGCBK. Con\u00e7ue pour durer, elle est dot\u00e9e de renforts en caoutchouc moul\u00e9 au niveau des orteils et du talon\",\"breadcrumb\":{\"@id\":\"https:\/\/autravail.ca\/product\/botte-de-travail-widebody-4tgcbk\/#breadcrumb\"},\"inLanguage\":\"en-CA\",\"potentialAction\":[{\"@type\":\"ReadAction\",\"target\":[\"https:\/\/autravail.ca\/product\/botte-de-travail-widebody-4tgcbk\/\"]}]},{\"@type\":\"ImageObject\",\"inLanguage\":\"en-CA\",\"@id\":\"https:\/\/autravail.ca\/product\/botte-de-travail-widebody-4tgcbk\/#primaryimage\",\"url\":\"https:\/\/autravail.ca\/wp-content\/uploads\/2025\/05\/4TGCBK_A01_b1126d74-2e04-4a3e-bee3-6749b200a74a.jpg\",\"contentUrl\":\"https:\/\/autravail.ca\/wp-content\/uploads\/2025\/05\/4TGCBK_A01_b1126d74-2e04-4a3e-bee3-6749b200a74a.jpg\",\"width\":1000,\"height\":1000,\"caption\":\"Botte de travail Widebody - 4TGCBK\"},{\"@type\":\"BreadcrumbList\",\"@id\":\"https:\/\/autravail.ca\/product\/botte-de-travail-widebody-4tgcbk\/#breadcrumb\",\"itemListElement\":[{\"@type\":\"ListItem\",\"position\":1,\"name\":\"Accueil\",\"item\":\"https:\/\/autravail.ca\/\"},{\"@type\":\"ListItem\",\"position\":2,\"name\":\"Magasin\",\"item\":\"https:\/\/autravail.ca\/en\/shop\/\"},{\"@type\":\"ListItem\",\"position\":3,\"name\":\"Botte de travail Widebody &#8211; 4TGCBK\"}]},{\"@type\":\"WebSite\",\"@id\":\"https:\/\/autravail.ca\/#website\",\"url\":\"https:\/\/autravail.ca\/\",\"name\":\"Le Magasin Industriel\",\"description\":\"50 ans de tradition de s\u00e9curit\u00e9 au travail\",\"publisher\":{\"@id\":\"https:\/\/autravail.ca\/#organization\"},\"potentialAction\":[{\"@type\":\"SearchAction\",\"target\":{\"@type\":\"EntryPoint\",\"urlTemplate\":\"https:\/\/autravail.ca\/?s={search_term_string}\"},\"query-input\":{\"@type\":\"PropertyValueSpecification\",\"valueRequired\":true,\"valueName\":\"search_term_string\"}}],\"inLanguage\":\"en-CA\"},{\"@type\":\"Organization\",\"@id\":\"https:\/\/autravail.ca\/#organization\",\"name\":\"Le Magasin Industriel\",\"url\":\"https:\/\/autravail.ca\/\",\"logo\":{\"@type\":\"ImageObject\",\"inLanguage\":\"en-CA\",\"@id\":\"https:\/\/autravail.ca\/#\/schema\/logo\/image\/\",\"url\":\"https:\/\/autravail.ca\/wp-content\/uploads\/2025\/05\/cropped-magasin_industriel_120x.avif\",\"contentUrl\":\"https:\/\/autravail.ca\/wp-content\/uploads\/2025\/05\/cropped-magasin_industriel_120x.avif\",\"width\":120,\"height\":24,\"caption\":\"Le Magasin Industriel\"},\"image\":{\"@id\":\"https:\/\/autravail.ca\/#\/schema\/logo\/image\/\"},\"sameAs\":[\"https:\/\/www.facebook.com\/lemagasinindustriel\/?locale=fr_FR\"]}]}<\/script>\n<!-- \/ Yoast SEO plugin. -->","yoast_head_json":{"title":"Botte de travail Widebody - 4TGCBK - Le Magasin Industriel","description":"Botte de travail Widebody - 4TGCBK. Con\u00e7ue pour durer, elle est dot\u00e9e de renforts en caoutchouc moul\u00e9 au niveau des orteils et du talon","robots":{"index":"index","follow":"follow","max-snippet":"max-snippet:-1","max-image-preview":"max-image-preview:large","max-video-preview":"max-video-preview:-1"},"canonical":"https:\/\/autravail.ca\/en\/product\/botte-de-travail-widebody-4tgcbk\/","og_locale":"en_US","og_type":"article","og_title":"Botte de travail Widebody - 4TGCBK - Le Magasin Industriel","og_description":"Botte de travail Widebody - 4TGCBK. Con\u00e7ue pour durer, elle est dot\u00e9e de renforts en caoutchouc moul\u00e9 au niveau des orteils et du talon","og_url":"https:\/\/autravail.ca\/en\/product\/botte-de-travail-widebody-4tgcbk\/","og_site_name":"Le Magasin Industriel","article_publisher":"https:\/\/www.facebook.com\/lemagasinindustriel\/?locale=fr_FR","article_modified_time":"2026-04-01T17:40:04+00:00","og_image":[{"width":1000,"height":1000,"url":"https:\/\/autravail.ca\/wp-content\/uploads\/2025\/05\/4TGCBK_A01_b1126d74-2e04-4a3e-bee3-6749b200a74a.jpg","type":"image\/jpeg"}],"twitter_card":"summary_large_image","twitter_misc":{"Est. reading time":"2 minutes"},"schema":{"@context":"https:\/\/schema.org","@graph":[{"@type":"WebPage","@id":"https:\/\/autravail.ca\/product\/botte-de-travail-widebody-4tgcbk\/","url":"https:\/\/autravail.ca\/product\/botte-de-travail-widebody-4tgcbk\/","name":"Botte de travail Widebody - 4TGCBK - Le Magasin Industriel","isPartOf":{"@id":"https:\/\/autravail.ca\/#website"},"primaryImageOfPage":{"@id":"https:\/\/autravail.ca\/product\/botte-de-travail-widebody-4tgcbk\/#primaryimage"},"image":{"@id":"https:\/\/autravail.ca\/product\/botte-de-travail-widebody-4tgcbk\/#primaryimage"},"thumbnailUrl":"https:\/\/autravail.ca\/wp-content\/uploads\/2025\/05\/4TGCBK_A01_b1126d74-2e04-4a3e-bee3-6749b200a74a.jpg","datePublished":"2025-05-08T08:18:37+00:00","dateModified":"2026-04-01T17:40:04+00:00","description":"Botte de travail Widebody - 4TGCBK. Con\u00e7ue pour durer, elle est dot\u00e9e de renforts en caoutchouc moul\u00e9 au niveau des orteils et du talon","breadcrumb":{"@id":"https:\/\/autravail.ca\/product\/botte-de-travail-widebody-4tgcbk\/#breadcrumb"},"inLanguage":"en-CA","potentialAction":[{"@type":"ReadAction","target":["https:\/\/autravail.ca\/product\/botte-de-travail-widebody-4tgcbk\/"]}]},{"@type":"ImageObject","inLanguage":"en-CA","@id":"https:\/\/autravail.ca\/product\/botte-de-travail-widebody-4tgcbk\/#primaryimage","url":"https:\/\/autravail.ca\/wp-content\/uploads\/2025\/05\/4TGCBK_A01_b1126d74-2e04-4a3e-bee3-6749b200a74a.jpg","contentUrl":"https:\/\/autravail.ca\/wp-content\/uploads\/2025\/05\/4TGCBK_A01_b1126d74-2e04-4a3e-bee3-6749b200a74a.jpg","width":1000,"height":1000,"caption":"Botte de travail Widebody - 4TGCBK"},{"@type":"BreadcrumbList","@id":"https:\/\/autravail.ca\/product\/botte-de-travail-widebody-4tgcbk\/#breadcrumb","itemListElement":[{"@type":"ListItem","position":1,"name":"Accueil","item":"https:\/\/autravail.ca\/"},{"@type":"ListItem","position":2,"name":"Magasin","item":"https:\/\/autravail.ca\/en\/shop\/"},{"@type":"ListItem","position":3,"name":"Botte de travail Widebody &#8211; 4TGCBK"}]},{"@type":"WebSite","@id":"https:\/\/autravail.ca\/#website","url":"https:\/\/autravail.ca\/","name":"Le Magasin Industriel","description":"50 ans de tradition de s\u00e9curit\u00e9 au travail","publisher":{"@id":"https:\/\/autravail.ca\/#organization"},"potentialAction":[{"@type":"SearchAction","target":{"@type":"EntryPoint","urlTemplate":"https:\/\/autravail.ca\/?s={search_term_string}"},"query-input":{"@type":"PropertyValueSpecification","valueRequired":true,"valueName":"search_term_string"}}],"inLanguage":"en-CA"},{"@type":"Organization","@id":"https:\/\/autravail.ca\/#organization","name":"Le Magasin Industriel","url":"https:\/\/autravail.ca\/","logo":{"@type":"ImageObject","inLanguage":"en-CA","@id":"https:\/\/autravail.ca\/#\/schema\/logo\/image\/","url":"https:\/\/autravail.ca\/wp-content\/uploads\/2025\/05\/cropped-magasin_industriel_120x.avif","contentUrl":"https:\/\/autravail.ca\/wp-content\/uploads\/2025\/05\/cropped-magasin_industriel_120x.avif","width":120,"height":24,"caption":"Le Magasin Industriel"},"image":{"@id":"https:\/\/autravail.ca\/#\/schema\/logo\/image\/"},"sameAs":["https:\/\/www.facebook.com\/lemagasinindustriel\/?locale=fr_FR"]}]}},"jetpack_sharing_enabled":true,"_links":{"self":[{"href":"https:\/\/autravail.ca\/en\/wp-json\/wp\/v2\/product\/37986","targetHints":{"allow":["GET"]}}],"collection":[{"href":"https:\/\/autravail.ca\/en\/wp-json\/wp\/v2\/product"}],"about":[{"href":"https:\/\/autravail.ca\/en\/wp-json\/wp\/v2\/types\/product"}],"replies":[{"embeddable":true,"href":"https:\/\/autravail.ca\/en\/wp-json\/wp\/v2\/comments?post=37986"}],"wp:featuredmedia":[{"embeddable":true,"href":"https:\/\/autravail.ca\/en\/wp-json\/wp\/v2\/media\/38022"}],"wp:attachment":[{"href":"https:\/\/autravail.ca\/en\/wp-json\/wp\/v2\/media?parent=37986"}],"wp:term":[{"taxonomy":"product_cat","embeddable":true,"href":"https:\/\/autravail.ca\/en\/wp-json\/wp\/v2\/product_cat?post=37986"},{"taxonomy":"product_tag","embeddable":true,"href":"https:\/\/autravail.ca\/en\/wp-json\/wp\/v2\/product_tag?post=37986"}],"curies":[{"name":"wp","href":"https:\/\/api.w.org\/{rel}","templated":true}]}}