{"id":37972,"date":"2025-05-08T08:18:09","date_gmt":"2025-05-08T08:18:09","guid":{"rendered":"https:\/\/meteoquebec.ca\/?post_type=product&#038;p=37972"},"modified":"2025-12-05T05:09:41","modified_gmt":"2025-12-05T09:09:41","slug":"wicr-mred-botte-dhiver-borealis","status":"publish","type":"product","link":"https:\/\/autravail.ca\/en\/product\/wicr-mred-botte-dhiver-borealis\/","title":{"rendered":"WICR-MRED - WINTER BOOTS - BOREALIS"},"content":{"rendered":"<ul><\/ul>\n<h3>\n<span style=\"color: #262626; font-family: Helvetica;\">Winter Boots - Baffin - Borealis<\/span><br \/><strong data-mce-fragment=\"1\"><\/strong><br \/>\n<\/h3>\n<div style=\"overflow: visible; height: auto;\" class=\"Collapsible__Inner\" data-mce-style=\"overflow: visible; height: auto;\" data-mce-fragment=\"1\">\n<div class=\"Collapsible__Content\" data-mce-fragment=\"1\">\n<div class=\"Rte bu\" data-mce-fragment=\"1\">\n<ul>\n<li>Closure with two loops for more safety<\/li>\n<li>Anti-snow collar in nylon with adjustable strap<\/li>\n<li>Pulling back to facilitate foot entry<strong>.<\/strong>\n<\/li>\n<li>Intermediate sole in CAV\/E that ensures insulation and absorption\n<\/li>\n<li>PolarMD rubber wear patch\n<\/li>\n<li>Soft and warm ThermaplushMC mattress that removes humidity<\/li>\n<li>Comfortable soft foam backing B-TekMC<\/li>\n<li>Double and Lightweight Isolation B-TekMC Heat in hollow fiber channels at 4 channels\n<\/li>\n<li>Aluminum vaporized membrane to reflect energy and regulate heat.<\/li>\n<li>Lining in PolyWool Blend providing warmth and breathability.<\/li>\n<li>Multilayer HydromaxMC system ensuring better moisture management.<\/li>\n<li>Seat with raised plant design created to trap hot air and control odors<\/li>\n<li>Double sole in aluminum which reflects heat and pushes back cold to regulate temperature.<\/li>\n<\/ul>\n<p><strong><span style=\"color: #ff2a00;\">Comfort Zone: 5 C to -25 C<br \/><\/span><\/strong><\/p>\n<\/div>\n<\/div>\n<\/div>\n<p><\/p>","protected":false},"excerpt":{"rendered":"<p>Winter Boots - Baffin - Borealis Two-Loop Closure for increased security. Snow collar in nylon with adjustable strap. Pull tab at the back for easy foot entry. Intermediate sole in CAV\/E which ensures insulation and shock absorption. Wear-resistant sole in PolarMD. Soft and warm ThermaplushMC lining that wicks away moisture. Comfortable lining [..]<\/p>","protected":false},"featured_media":38009,"comment_status":"open","ping_status":"closed","template":"","meta":[],"product_cat":[670],"product_tag":[307,242],"class_list":{"0":"post-37972","1":"product","2":"type-product","3":"status-publish","4":"has-post-thumbnail","6":"product_brand-baffin-plein-air","7":"product_cat-bottes-dhiver","8":"product_tag-bottes-dhiver","9":"product_tag-homme","11":"first","12":"instock","13":"taxable","14":"shipping-taxable","15":"purchasable","16":"product-type-variable"},"yoast_head":"<!-- This site is optimized with the Yoast SEO plugin v25.3.1 - https:\/\/yoast.com\/wordpress\/plugins\/seo\/ -->\n<title>WICR-MRED - BOTTE D&#039;HIVER - BOREALIS - Le Magasin Industriel<\/title>\n<meta name=\"robots\" content=\"index, follow, max-snippet:-1, max-image-preview:large, max-video-preview:-1\" \/>\n<link rel=\"canonical\" href=\"https:\/\/autravail.ca\/en\/product\/wicr-mred-botte-dhiver-borealis\/\" \/>\n<meta property=\"og:locale\" content=\"en_US\" \/>\n<meta property=\"og:type\" content=\"article\" \/>\n<meta property=\"og:title\" content=\"WICR-MRED - BOTTE D&#039;HIVER - BOREALIS - Le Magasin Industriel\" \/>\n<meta property=\"og:description\" content=\"Bottes d&rsquo;hiver &#8211; Baffin &#8211; Borealis Fermeture \u00e0 deux boucles pour plus de s\u00e9curit\u00e9. Col anti-neige en nylon avec cordon de serrage. Tirant \u00e0 l\u2019arri\u00e8re pour faciliter l\u2019entr\u00e9e du pied. Semelle interm\u00e9diaire en CAV\/E qui assure une isolation et amortissement. Semelle d\u2019usure en caoutchouc PolarMD. Couche ThermaplushMC souple et chaude qui \u00e9vacue l\u2019humidit\u00e9 Doublure confortable [&hellip;]\" \/>\n<meta property=\"og:url\" content=\"https:\/\/autravail.ca\/en\/product\/wicr-mred-botte-dhiver-borealis\/\" \/>\n<meta property=\"og:site_name\" content=\"Le Magasin Industriel\" \/>\n<meta property=\"article:publisher\" content=\"https:\/\/www.facebook.com\/lemagasinindustriel\/?locale=fr_FR\" \/>\n<meta property=\"article:modified_time\" content=\"2025-12-05T09:09:41+00:00\" \/>\n<meta property=\"og:image\" content=\"https:\/\/autravail.ca\/wp-content\/uploads\/2025\/05\/WICR-MRED_A01.jpg\" \/>\n\t<meta property=\"og:image:width\" content=\"1000\" \/>\n\t<meta property=\"og:image:height\" content=\"1000\" \/>\n\t<meta property=\"og:image:type\" content=\"image\/jpeg\" \/>\n<meta name=\"twitter:card\" content=\"summary_large_image\" \/>\n<meta name=\"twitter:label1\" content=\"Est. reading time\" \/>\n\t<meta name=\"twitter:data1\" content=\"1 minute\" \/>\n<script type=\"application\/ld+json\" class=\"yoast-schema-graph\">{\"@context\":\"https:\/\/schema.org\",\"@graph\":[{\"@type\":\"WebPage\",\"@id\":\"https:\/\/autravail.ca\/product\/wicr-mred-botte-dhiver-borealis\/\",\"url\":\"https:\/\/autravail.ca\/product\/wicr-mred-botte-dhiver-borealis\/\",\"name\":\"WICR-MRED - BOTTE D'HIVER - BOREALIS - Le Magasin Industriel\",\"isPartOf\":{\"@id\":\"https:\/\/autravail.ca\/#website\"},\"primaryImageOfPage\":{\"@id\":\"https:\/\/autravail.ca\/product\/wicr-mred-botte-dhiver-borealis\/#primaryimage\"},\"image\":{\"@id\":\"https:\/\/autravail.ca\/product\/wicr-mred-botte-dhiver-borealis\/#primaryimage\"},\"thumbnailUrl\":\"https:\/\/autravail.ca\/wp-content\/uploads\/2025\/05\/WICR-MRED_A01.jpg\",\"datePublished\":\"2025-05-08T08:18:09+00:00\",\"dateModified\":\"2025-12-05T09:09:41+00:00\",\"breadcrumb\":{\"@id\":\"https:\/\/autravail.ca\/product\/wicr-mred-botte-dhiver-borealis\/#breadcrumb\"},\"inLanguage\":\"en-CA\",\"potentialAction\":[{\"@type\":\"ReadAction\",\"target\":[\"https:\/\/autravail.ca\/product\/wicr-mred-botte-dhiver-borealis\/\"]}]},{\"@type\":\"ImageObject\",\"inLanguage\":\"en-CA\",\"@id\":\"https:\/\/autravail.ca\/product\/wicr-mred-botte-dhiver-borealis\/#primaryimage\",\"url\":\"https:\/\/autravail.ca\/wp-content\/uploads\/2025\/05\/WICR-MRED_A01.jpg\",\"contentUrl\":\"https:\/\/autravail.ca\/wp-content\/uploads\/2025\/05\/WICR-MRED_A01.jpg\",\"width\":1000,\"height\":1000},{\"@type\":\"BreadcrumbList\",\"@id\":\"https:\/\/autravail.ca\/product\/wicr-mred-botte-dhiver-borealis\/#breadcrumb\",\"itemListElement\":[{\"@type\":\"ListItem\",\"position\":1,\"name\":\"Accueil\",\"item\":\"https:\/\/autravail.ca\/\"},{\"@type\":\"ListItem\",\"position\":2,\"name\":\"Magasin\",\"item\":\"https:\/\/autravail.ca\/en\/shop\/\"},{\"@type\":\"ListItem\",\"position\":3,\"name\":\"WICR-MRED &#8211; BOTTE D&rsquo;HIVER &#8211; BOREALIS\"}]},{\"@type\":\"WebSite\",\"@id\":\"https:\/\/autravail.ca\/#website\",\"url\":\"https:\/\/autravail.ca\/\",\"name\":\"Le Magasin Industriel\",\"description\":\"50 ans de tradition de s\u00e9curit\u00e9 au travail\",\"publisher\":{\"@id\":\"https:\/\/autravail.ca\/#organization\"},\"potentialAction\":[{\"@type\":\"SearchAction\",\"target\":{\"@type\":\"EntryPoint\",\"urlTemplate\":\"https:\/\/autravail.ca\/?s={search_term_string}\"},\"query-input\":{\"@type\":\"PropertyValueSpecification\",\"valueRequired\":true,\"valueName\":\"search_term_string\"}}],\"inLanguage\":\"en-CA\"},{\"@type\":\"Organization\",\"@id\":\"https:\/\/autravail.ca\/#organization\",\"name\":\"Le Magasin Industriel\",\"url\":\"https:\/\/autravail.ca\/\",\"logo\":{\"@type\":\"ImageObject\",\"inLanguage\":\"en-CA\",\"@id\":\"https:\/\/autravail.ca\/#\/schema\/logo\/image\/\",\"url\":\"https:\/\/autravail.ca\/wp-content\/uploads\/2025\/05\/cropped-magasin_industriel_120x.avif\",\"contentUrl\":\"https:\/\/autravail.ca\/wp-content\/uploads\/2025\/05\/cropped-magasin_industriel_120x.avif\",\"width\":120,\"height\":24,\"caption\":\"Le Magasin Industriel\"},\"image\":{\"@id\":\"https:\/\/autravail.ca\/#\/schema\/logo\/image\/\"},\"sameAs\":[\"https:\/\/www.facebook.com\/lemagasinindustriel\/?locale=fr_FR\"]}]}<\/script>\n<!-- \/ Yoast SEO plugin. -->","yoast_head_json":{"title":"WICR-MRED - BOTTE D'HIVER - BOREALIS - Le Magasin Industriel","robots":{"index":"index","follow":"follow","max-snippet":"max-snippet:-1","max-image-preview":"max-image-preview:large","max-video-preview":"max-video-preview:-1"},"canonical":"https:\/\/autravail.ca\/en\/product\/wicr-mred-botte-dhiver-borealis\/","og_locale":"en_US","og_type":"article","og_title":"WICR-MRED - BOTTE D'HIVER - BOREALIS - Le Magasin Industriel","og_description":"Bottes d&rsquo;hiver &#8211; Baffin &#8211; Borealis Fermeture \u00e0 deux boucles pour plus de s\u00e9curit\u00e9. Col anti-neige en nylon avec cordon de serrage. Tirant \u00e0 l\u2019arri\u00e8re pour faciliter l\u2019entr\u00e9e du pied. Semelle interm\u00e9diaire en CAV\/E qui assure une isolation et amortissement. Semelle d\u2019usure en caoutchouc PolarMD. Couche ThermaplushMC souple et chaude qui \u00e9vacue l\u2019humidit\u00e9 Doublure confortable [&hellip;]","og_url":"https:\/\/autravail.ca\/en\/product\/wicr-mred-botte-dhiver-borealis\/","og_site_name":"Le Magasin Industriel","article_publisher":"https:\/\/www.facebook.com\/lemagasinindustriel\/?locale=fr_FR","article_modified_time":"2025-12-05T09:09:41+00:00","og_image":[{"width":1000,"height":1000,"url":"https:\/\/autravail.ca\/wp-content\/uploads\/2025\/05\/WICR-MRED_A01.jpg","type":"image\/jpeg"}],"twitter_card":"summary_large_image","twitter_misc":{"Est. reading time":"1 minute"},"schema":{"@context":"https:\/\/schema.org","@graph":[{"@type":"WebPage","@id":"https:\/\/autravail.ca\/product\/wicr-mred-botte-dhiver-borealis\/","url":"https:\/\/autravail.ca\/product\/wicr-mred-botte-dhiver-borealis\/","name":"WICR-MRED - BOTTE D'HIVER - BOREALIS - Le Magasin Industriel","isPartOf":{"@id":"https:\/\/autravail.ca\/#website"},"primaryImageOfPage":{"@id":"https:\/\/autravail.ca\/product\/wicr-mred-botte-dhiver-borealis\/#primaryimage"},"image":{"@id":"https:\/\/autravail.ca\/product\/wicr-mred-botte-dhiver-borealis\/#primaryimage"},"thumbnailUrl":"https:\/\/autravail.ca\/wp-content\/uploads\/2025\/05\/WICR-MRED_A01.jpg","datePublished":"2025-05-08T08:18:09+00:00","dateModified":"2025-12-05T09:09:41+00:00","breadcrumb":{"@id":"https:\/\/autravail.ca\/product\/wicr-mred-botte-dhiver-borealis\/#breadcrumb"},"inLanguage":"en-CA","potentialAction":[{"@type":"ReadAction","target":["https:\/\/autravail.ca\/product\/wicr-mred-botte-dhiver-borealis\/"]}]},{"@type":"ImageObject","inLanguage":"en-CA","@id":"https:\/\/autravail.ca\/product\/wicr-mred-botte-dhiver-borealis\/#primaryimage","url":"https:\/\/autravail.ca\/wp-content\/uploads\/2025\/05\/WICR-MRED_A01.jpg","contentUrl":"https:\/\/autravail.ca\/wp-content\/uploads\/2025\/05\/WICR-MRED_A01.jpg","width":1000,"height":1000},{"@type":"BreadcrumbList","@id":"https:\/\/autravail.ca\/product\/wicr-mred-botte-dhiver-borealis\/#breadcrumb","itemListElement":[{"@type":"ListItem","position":1,"name":"Accueil","item":"https:\/\/autravail.ca\/"},{"@type":"ListItem","position":2,"name":"Magasin","item":"https:\/\/autravail.ca\/en\/shop\/"},{"@type":"ListItem","position":3,"name":"WICR-MRED &#8211; BOTTE D&rsquo;HIVER &#8211; BOREALIS"}]},{"@type":"WebSite","@id":"https:\/\/autravail.ca\/#website","url":"https:\/\/autravail.ca\/","name":"Le Magasin Industriel","description":"50 ans de tradition de s\u00e9curit\u00e9 au travail","publisher":{"@id":"https:\/\/autravail.ca\/#organization"},"potentialAction":[{"@type":"SearchAction","target":{"@type":"EntryPoint","urlTemplate":"https:\/\/autravail.ca\/?s={search_term_string}"},"query-input":{"@type":"PropertyValueSpecification","valueRequired":true,"valueName":"search_term_string"}}],"inLanguage":"en-CA"},{"@type":"Organization","@id":"https:\/\/autravail.ca\/#organization","name":"Le Magasin Industriel","url":"https:\/\/autravail.ca\/","logo":{"@type":"ImageObject","inLanguage":"en-CA","@id":"https:\/\/autravail.ca\/#\/schema\/logo\/image\/","url":"https:\/\/autravail.ca\/wp-content\/uploads\/2025\/05\/cropped-magasin_industriel_120x.avif","contentUrl":"https:\/\/autravail.ca\/wp-content\/uploads\/2025\/05\/cropped-magasin_industriel_120x.avif","width":120,"height":24,"caption":"Le Magasin Industriel"},"image":{"@id":"https:\/\/autravail.ca\/#\/schema\/logo\/image\/"},"sameAs":["https:\/\/www.facebook.com\/lemagasinindustriel\/?locale=fr_FR"]}]}},"jetpack_sharing_enabled":true,"_links":{"self":[{"href":"https:\/\/autravail.ca\/en\/wp-json\/wp\/v2\/product\/37972","targetHints":{"allow":["GET"]}}],"collection":[{"href":"https:\/\/autravail.ca\/en\/wp-json\/wp\/v2\/product"}],"about":[{"href":"https:\/\/autravail.ca\/en\/wp-json\/wp\/v2\/types\/product"}],"replies":[{"embeddable":true,"href":"https:\/\/autravail.ca\/en\/wp-json\/wp\/v2\/comments?post=37972"}],"wp:featuredmedia":[{"embeddable":true,"href":"https:\/\/autravail.ca\/en\/wp-json\/wp\/v2\/media\/38009"}],"wp:attachment":[{"href":"https:\/\/autravail.ca\/en\/wp-json\/wp\/v2\/media?parent=37972"}],"wp:term":[{"taxonomy":"product_cat","embeddable":true,"href":"https:\/\/autravail.ca\/en\/wp-json\/wp\/v2\/product_cat?post=37972"},{"taxonomy":"product_tag","embeddable":true,"href":"https:\/\/autravail.ca\/en\/wp-json\/wp\/v2\/product_tag?post=37972"}],"curies":[{"name":"wp","href":"https:\/\/api.w.org\/{rel}","templated":true}]}}