{"id":37931,"date":"2025-05-08T08:16:25","date_gmt":"2025-05-08T08:16:25","guid":{"rendered":"https:\/\/meteoquebec.ca\/?post_type=product&#038;p=37931"},"modified":"2025-12-16T12:23:17","modified_gmt":"2025-12-16T16:23:17","slug":"wcfcehpbg-espadrille-de-travail-cremorne-new-balance","status":"publish","type":"product","link":"https:\/\/autravail.ca\/en\/product\/wcfcehpbg-espadrille-de-travail-cremorne-new-balance\/","title":{"rendered":"Espadrille de travail New Balance Cremone &#8211; WCFCEHPBG"},"content":{"rendered":"<h3>Espadrille de travail New Balance Cremone &#8211; WCFCEHPBG<\/h3>\n<p>Optez pour l&rsquo;Espadrille de travail New Balance Cremone &#8211; WCFCEHPBG. Ce mod\u00e8le ultra l\u00e9ger et respirant est id\u00e9al pour la travailleuse qui doit beaucoup marcher durant sa journ\u00e9e de travail.<\/p>\n<p><a href=\"https:\/\/autravail.ca\/en\/product-brand\/new-balance\/\">New Balance<\/a> Fresh Foam Cremorne introduit la technologie de semelle interm\u00e9diaire Fresh Foam dans les chaussures de s\u00e9curit\u00e9, fusionnant pour la premi\u00e8re fois la R&amp;D de performance haut de gamme dans l&rsquo;espace des chaussures industrielles. La technologie de semelle interm\u00e9diaire de performance New Balance FRESH FOAM garantit un soutien, un amorti et une flexibilit\u00e9 sans compromis. Offre une option moderne et l\u00e9g\u00e8re pour ceux qui recherchent une durabilit\u00e9 durable dans leurs chaussures de travail, sans compromettre le confort et le style.<\/p>\n<p>Un soulier athl\u00e9tique et sportif adapt\u00e9 pour les conditions de travail qui n\u00e9cessitent des d\u00e9placements. New Balance propose une collection d&rsquo;espadrille CSA adapt\u00e9e pour les environnement de travail int\u00e9rieurs d&rsquo;ici.<\/p>\n<p><img decoding=\"async\" class=\"alignnone size-full wp-image-40117\" src=\"https:\/\/autravail.ca\/wp-content\/uploads\/2025\/09\/Certification-Omega-Triangle-vert.jpg\" sizes=\"(max-width: 193px) 100vw, 193px\" srcset=\"https:\/\/autravail.ca\/wp-content\/uploads\/2025\/09\/Certification-Omega-Triangle-vert.jpg 193w, https:\/\/autravail.ca\/wp-content\/uploads\/2025\/09\/Certification-Omega-Triangle-vert-150x85.jpg 150w, https:\/\/autravail.ca\/wp-content\/uploads\/2025\/09\/Certification-Omega-Triangle-vert-18x10.jpg 18w\" alt=\"Certifications Om\u00e9ga Triangle vert\" width=\"193\" height=\"110\" \/><\/p>\n<h4>Characteristics:<\/h4>\n<ul>\n<li>Espadrille de travail pour femme<\/li>\n<li>Semelle d&rsquo;usure en caoutchouc antid\u00e9rapant.<\/li>\n<li>Tige Synth\u00e9tique.<\/li>\n<li>Nylon respirant et confortable<\/li>\n<li>Doublure\/Isolation en textile.<\/li>\n<li>Semelle int\u00e9rieure en PU avec semelle interm\u00e9diaire ACTEVA.<\/li>\n<li>Embout composite certifi\u00e9 de grade 1<\/li>\n<li>Plaque composite<\/li>\n<li>Rr\u00e9sistant aux chocs \u00e9lectriques (ESR).<\/li>\n<li>Chaussure id\u00e9ale pour pied large<\/li>\n<li>Certifications CSA<\/li>\n<li>Semelle confort New Balance<\/li>\n<\/ul>\n<p>&nbsp;<\/p>\n<p><img decoding=\"async\" class=\"alignnone wp-image-40620\" src=\"https:\/\/autravail.ca\/wp-content\/uploads\/2025\/09\/Jachete-quebec-et-canada.jpg\" alt=\"Logo de l'achat local\" width=\"162\" height=\"139\" \/>Merci d&rsquo;encourager une entreprise 100% d&rsquo;ici!<\/p>\n<p>TS2512S<\/p>","protected":false},"excerpt":{"rendered":"<p>Espadrille de travail New Balance Cremone &#8211; WCFCEHPBG Optez pour l&rsquo;Espadrille de travail New Balance Cremone &#8211; WCFCEHPBG. Ce mod\u00e8le ultra l\u00e9ger et respirant est id\u00e9al pour la travailleuse qui doit beaucoup marcher durant sa journ\u00e9e de travail. New Balance Fresh Foam Cremorne introduit la technologie de semelle interm\u00e9diaire Fresh Foam dans les chaussures de [&hellip;]<\/p>","protected":false},"featured_media":37971,"comment_status":"open","ping_status":"closed","template":"","meta":[],"product_cat":[804,645,633],"product_tag":[252,270,255,253],"class_list":{"0":"post-37931","1":"product","2":"type-product","3":"status-publish","4":"has-post-thumbnail","6":"product_brand-new-balance","7":"product_cat-espadrille-de-travail-femme","8":"product_cat-espadrilles-de-travail","9":"product_cat-femmes","10":"product_tag-electric-shock-resistant","11":"product_tag-espadrilles-de-travail","12":"product_tag-femme","13":"product_tag-sole-protection","15":"first","16":"instock","17":"taxable","18":"shipping-taxable","19":"purchasable","20":"product-type-variable"},"yoast_head":"<!-- This site is optimized with the Yoast SEO plugin v25.3.1 - https:\/\/yoast.com\/wordpress\/plugins\/seo\/ -->\n<title>Espadrille de travail New Balance Cremone - WCFCEHPBG<\/title>\n<meta name=\"description\" content=\"Espadrille de travail New Balance Cremone - WCFCEHPBG ultra l\u00e9ger et respirant, id\u00e9al pour la travailleuse qui doit beaucoup marcher durant sa journ\u00e9e.\" \/>\n<meta name=\"robots\" content=\"index, follow, max-snippet:-1, max-image-preview:large, max-video-preview:-1\" \/>\n<link rel=\"canonical\" href=\"https:\/\/autravail.ca\/en\/product\/wcfcehpbg-espadrille-de-travail-cremorne-new-balance\/\" \/>\n<meta property=\"og:locale\" content=\"en_US\" \/>\n<meta property=\"og:type\" content=\"article\" \/>\n<meta property=\"og:title\" content=\"Espadrille de travail New Balance Cremone - WCFCEHPBG\" \/>\n<meta property=\"og:description\" content=\"Espadrille de travail New Balance Cremone - WCFCEHPBG ultra l\u00e9ger et respirant, id\u00e9al pour la travailleuse qui doit beaucoup marcher durant sa journ\u00e9e.\" \/>\n<meta property=\"og:url\" content=\"https:\/\/autravail.ca\/en\/product\/wcfcehpbg-espadrille-de-travail-cremorne-new-balance\/\" \/>\n<meta property=\"og:site_name\" content=\"Le Magasin Industriel\" \/>\n<meta property=\"article:publisher\" content=\"https:\/\/www.facebook.com\/lemagasinindustriel\/?locale=fr_FR\" \/>\n<meta property=\"article:modified_time\" content=\"2025-12-16T16:23:17+00:00\" \/>\n<meta property=\"og:image\" content=\"https:\/\/autravail.ca\/wp-content\/uploads\/2025\/05\/WCFCEHPBG_A01.jpg\" \/>\n\t<meta property=\"og:image:width\" content=\"1000\" \/>\n\t<meta property=\"og:image:height\" content=\"1000\" \/>\n\t<meta property=\"og:image:type\" content=\"image\/jpeg\" \/>\n<meta name=\"twitter:card\" content=\"summary_large_image\" \/>\n<meta name=\"twitter:label1\" content=\"Est. reading time\" \/>\n\t<meta name=\"twitter:data1\" content=\"2 minutes\" \/>\n<script type=\"application\/ld+json\" class=\"yoast-schema-graph\">{\"@context\":\"https:\/\/schema.org\",\"@graph\":[{\"@type\":\"WebPage\",\"@id\":\"https:\/\/autravail.ca\/product\/wcfcehpbg-espadrille-de-travail-cremorne-new-balance\/\",\"url\":\"https:\/\/autravail.ca\/product\/wcfcehpbg-espadrille-de-travail-cremorne-new-balance\/\",\"name\":\"Espadrille de travail New Balance Cremone - WCFCEHPBG\",\"isPartOf\":{\"@id\":\"https:\/\/autravail.ca\/#website\"},\"primaryImageOfPage\":{\"@id\":\"https:\/\/autravail.ca\/product\/wcfcehpbg-espadrille-de-travail-cremorne-new-balance\/#primaryimage\"},\"image\":{\"@id\":\"https:\/\/autravail.ca\/product\/wcfcehpbg-espadrille-de-travail-cremorne-new-balance\/#primaryimage\"},\"thumbnailUrl\":\"https:\/\/autravail.ca\/wp-content\/uploads\/2025\/05\/WCFCEHPBG_A01.jpg\",\"datePublished\":\"2025-05-08T08:16:25+00:00\",\"dateModified\":\"2025-12-16T16:23:17+00:00\",\"description\":\"Espadrille de travail New Balance Cremone - WCFCEHPBG ultra l\u00e9ger et respirant, id\u00e9al pour la travailleuse qui doit beaucoup marcher durant sa journ\u00e9e.\",\"breadcrumb\":{\"@id\":\"https:\/\/autravail.ca\/product\/wcfcehpbg-espadrille-de-travail-cremorne-new-balance\/#breadcrumb\"},\"inLanguage\":\"en-CA\",\"potentialAction\":[{\"@type\":\"ReadAction\",\"target\":[\"https:\/\/autravail.ca\/product\/wcfcehpbg-espadrille-de-travail-cremorne-new-balance\/\"]}]},{\"@type\":\"ImageObject\",\"inLanguage\":\"en-CA\",\"@id\":\"https:\/\/autravail.ca\/product\/wcfcehpbg-espadrille-de-travail-cremorne-new-balance\/#primaryimage\",\"url\":\"https:\/\/autravail.ca\/wp-content\/uploads\/2025\/05\/WCFCEHPBG_A01.jpg\",\"contentUrl\":\"https:\/\/autravail.ca\/wp-content\/uploads\/2025\/05\/WCFCEHPBG_A01.jpg\",\"width\":1000,\"height\":1000,\"caption\":\"Profil de l'espadrille de travail CSA New Balance\"},{\"@type\":\"BreadcrumbList\",\"@id\":\"https:\/\/autravail.ca\/product\/wcfcehpbg-espadrille-de-travail-cremorne-new-balance\/#breadcrumb\",\"itemListElement\":[{\"@type\":\"ListItem\",\"position\":1,\"name\":\"Accueil\",\"item\":\"https:\/\/autravail.ca\/\"},{\"@type\":\"ListItem\",\"position\":2,\"name\":\"Magasin\",\"item\":\"https:\/\/autravail.ca\/en\/shop\/\"},{\"@type\":\"ListItem\",\"position\":3,\"name\":\"Espadrille de travail New Balance Cremone &#8211; WCFCEHPBG\"}]},{\"@type\":\"WebSite\",\"@id\":\"https:\/\/autravail.ca\/#website\",\"url\":\"https:\/\/autravail.ca\/\",\"name\":\"Le Magasin Industriel\",\"description\":\"50 ans de tradition de s\u00e9curit\u00e9 au travail\",\"publisher\":{\"@id\":\"https:\/\/autravail.ca\/#organization\"},\"potentialAction\":[{\"@type\":\"SearchAction\",\"target\":{\"@type\":\"EntryPoint\",\"urlTemplate\":\"https:\/\/autravail.ca\/?s={search_term_string}\"},\"query-input\":{\"@type\":\"PropertyValueSpecification\",\"valueRequired\":true,\"valueName\":\"search_term_string\"}}],\"inLanguage\":\"en-CA\"},{\"@type\":\"Organization\",\"@id\":\"https:\/\/autravail.ca\/#organization\",\"name\":\"Le Magasin Industriel\",\"url\":\"https:\/\/autravail.ca\/\",\"logo\":{\"@type\":\"ImageObject\",\"inLanguage\":\"en-CA\",\"@id\":\"https:\/\/autravail.ca\/#\/schema\/logo\/image\/\",\"url\":\"https:\/\/autravail.ca\/wp-content\/uploads\/2025\/05\/cropped-magasin_industriel_120x.avif\",\"contentUrl\":\"https:\/\/autravail.ca\/wp-content\/uploads\/2025\/05\/cropped-magasin_industriel_120x.avif\",\"width\":120,\"height\":24,\"caption\":\"Le Magasin Industriel\"},\"image\":{\"@id\":\"https:\/\/autravail.ca\/#\/schema\/logo\/image\/\"},\"sameAs\":[\"https:\/\/www.facebook.com\/lemagasinindustriel\/?locale=fr_FR\"]}]}<\/script>\n<!-- \/ Yoast SEO plugin. -->","yoast_head_json":{"title":"Espadrille de travail New Balance Cremone - WCFCEHPBG","description":"Espadrille de travail New Balance Cremone - WCFCEHPBG ultra l\u00e9ger et respirant, id\u00e9al pour la travailleuse qui doit beaucoup marcher durant sa journ\u00e9e.","robots":{"index":"index","follow":"follow","max-snippet":"max-snippet:-1","max-image-preview":"max-image-preview:large","max-video-preview":"max-video-preview:-1"},"canonical":"https:\/\/autravail.ca\/en\/product\/wcfcehpbg-espadrille-de-travail-cremorne-new-balance\/","og_locale":"en_US","og_type":"article","og_title":"Espadrille de travail New Balance Cremone - WCFCEHPBG","og_description":"Espadrille de travail New Balance Cremone - WCFCEHPBG ultra l\u00e9ger et respirant, id\u00e9al pour la travailleuse qui doit beaucoup marcher durant sa journ\u00e9e.","og_url":"https:\/\/autravail.ca\/en\/product\/wcfcehpbg-espadrille-de-travail-cremorne-new-balance\/","og_site_name":"Le Magasin Industriel","article_publisher":"https:\/\/www.facebook.com\/lemagasinindustriel\/?locale=fr_FR","article_modified_time":"2025-12-16T16:23:17+00:00","og_image":[{"width":1000,"height":1000,"url":"https:\/\/autravail.ca\/wp-content\/uploads\/2025\/05\/WCFCEHPBG_A01.jpg","type":"image\/jpeg"}],"twitter_card":"summary_large_image","twitter_misc":{"Est. reading time":"2 minutes"},"schema":{"@context":"https:\/\/schema.org","@graph":[{"@type":"WebPage","@id":"https:\/\/autravail.ca\/product\/wcfcehpbg-espadrille-de-travail-cremorne-new-balance\/","url":"https:\/\/autravail.ca\/product\/wcfcehpbg-espadrille-de-travail-cremorne-new-balance\/","name":"Espadrille de travail New Balance Cremone - WCFCEHPBG","isPartOf":{"@id":"https:\/\/autravail.ca\/#website"},"primaryImageOfPage":{"@id":"https:\/\/autravail.ca\/product\/wcfcehpbg-espadrille-de-travail-cremorne-new-balance\/#primaryimage"},"image":{"@id":"https:\/\/autravail.ca\/product\/wcfcehpbg-espadrille-de-travail-cremorne-new-balance\/#primaryimage"},"thumbnailUrl":"https:\/\/autravail.ca\/wp-content\/uploads\/2025\/05\/WCFCEHPBG_A01.jpg","datePublished":"2025-05-08T08:16:25+00:00","dateModified":"2025-12-16T16:23:17+00:00","description":"Espadrille de travail New Balance Cremone - WCFCEHPBG ultra l\u00e9ger et respirant, id\u00e9al pour la travailleuse qui doit beaucoup marcher durant sa journ\u00e9e.","breadcrumb":{"@id":"https:\/\/autravail.ca\/product\/wcfcehpbg-espadrille-de-travail-cremorne-new-balance\/#breadcrumb"},"inLanguage":"en-CA","potentialAction":[{"@type":"ReadAction","target":["https:\/\/autravail.ca\/product\/wcfcehpbg-espadrille-de-travail-cremorne-new-balance\/"]}]},{"@type":"ImageObject","inLanguage":"en-CA","@id":"https:\/\/autravail.ca\/product\/wcfcehpbg-espadrille-de-travail-cremorne-new-balance\/#primaryimage","url":"https:\/\/autravail.ca\/wp-content\/uploads\/2025\/05\/WCFCEHPBG_A01.jpg","contentUrl":"https:\/\/autravail.ca\/wp-content\/uploads\/2025\/05\/WCFCEHPBG_A01.jpg","width":1000,"height":1000,"caption":"Profil de l'espadrille de travail CSA New Balance"},{"@type":"BreadcrumbList","@id":"https:\/\/autravail.ca\/product\/wcfcehpbg-espadrille-de-travail-cremorne-new-balance\/#breadcrumb","itemListElement":[{"@type":"ListItem","position":1,"name":"Accueil","item":"https:\/\/autravail.ca\/"},{"@type":"ListItem","position":2,"name":"Magasin","item":"https:\/\/autravail.ca\/en\/shop\/"},{"@type":"ListItem","position":3,"name":"Espadrille de travail New Balance Cremone &#8211; WCFCEHPBG"}]},{"@type":"WebSite","@id":"https:\/\/autravail.ca\/#website","url":"https:\/\/autravail.ca\/","name":"Le Magasin Industriel","description":"50 ans de tradition de s\u00e9curit\u00e9 au travail","publisher":{"@id":"https:\/\/autravail.ca\/#organization"},"potentialAction":[{"@type":"SearchAction","target":{"@type":"EntryPoint","urlTemplate":"https:\/\/autravail.ca\/?s={search_term_string}"},"query-input":{"@type":"PropertyValueSpecification","valueRequired":true,"valueName":"search_term_string"}}],"inLanguage":"en-CA"},{"@type":"Organization","@id":"https:\/\/autravail.ca\/#organization","name":"Le Magasin Industriel","url":"https:\/\/autravail.ca\/","logo":{"@type":"ImageObject","inLanguage":"en-CA","@id":"https:\/\/autravail.ca\/#\/schema\/logo\/image\/","url":"https:\/\/autravail.ca\/wp-content\/uploads\/2025\/05\/cropped-magasin_industriel_120x.avif","contentUrl":"https:\/\/autravail.ca\/wp-content\/uploads\/2025\/05\/cropped-magasin_industriel_120x.avif","width":120,"height":24,"caption":"Le Magasin Industriel"},"image":{"@id":"https:\/\/autravail.ca\/#\/schema\/logo\/image\/"},"sameAs":["https:\/\/www.facebook.com\/lemagasinindustriel\/?locale=fr_FR"]}]}},"jetpack_sharing_enabled":true,"_links":{"self":[{"href":"https:\/\/autravail.ca\/en\/wp-json\/wp\/v2\/product\/37931","targetHints":{"allow":["GET"]}}],"collection":[{"href":"https:\/\/autravail.ca\/en\/wp-json\/wp\/v2\/product"}],"about":[{"href":"https:\/\/autravail.ca\/en\/wp-json\/wp\/v2\/types\/product"}],"replies":[{"embeddable":true,"href":"https:\/\/autravail.ca\/en\/wp-json\/wp\/v2\/comments?post=37931"}],"wp:featuredmedia":[{"embeddable":true,"href":"https:\/\/autravail.ca\/en\/wp-json\/wp\/v2\/media\/37971"}],"wp:attachment":[{"href":"https:\/\/autravail.ca\/en\/wp-json\/wp\/v2\/media?parent=37931"}],"wp:term":[{"taxonomy":"product_cat","embeddable":true,"href":"https:\/\/autravail.ca\/en\/wp-json\/wp\/v2\/product_cat?post=37931"},{"taxonomy":"product_tag","embeddable":true,"href":"https:\/\/autravail.ca\/en\/wp-json\/wp\/v2\/product_tag?post=37931"}],"curies":[{"name":"wp","href":"https:\/\/api.w.org\/{rel}","templated":true}]}}