{"id":37727,"date":"2025-05-08T08:10:11","date_gmt":"2025-05-08T08:10:11","guid":{"rendered":"https:\/\/meteoquebec.ca\/?post_type=product&#038;p=37727"},"modified":"2025-12-05T05:09:43","modified_gmt":"2025-12-05T09:09:43","slug":"semelle-de-confort-ortholite-2-densites-de-royer","status":"publish","type":"product","link":"https:\/\/autravail.ca\/en\/product\/semelle-de-confort-ortholite-2-densites-de-royer\/","title":{"rendered":"SEMELLE CONFORT 2 DENSIT\u00c9S POUR CHAUSSURES DE TRAVAIL &#8211; VF011V &#8211; ROYER"},"content":{"rendered":"<h3>Comfortable soles ROYER Double Densities<\/h3>\n<p>The Ortholite Royer sole of cleanliness comfort is made to offer the best comfort. Royer offers it with its Revolt boots.<\/p>\n<ul>\n<li>Comfort sole of sheepskin<\/li>\n<li>Flexible and universal design for work shoe<\/li>\n<li>Ankle cuff (or ankle support)<\/li>\n<li>Double density sole for more comfort<\/li>\n<\/ul>","protected":false},"excerpt":{"rendered":"<p>Semelles confort ROYER Double densit\u00e9s La semelle de propret\u00e9 confort Ortholite Royer est fabriqu\u00e9e pour offrir le meilleur confort. Royer la propose avec sa botte Revolt. Semelle confort de poron Design souple et universel pour chaussure de travail Coussinet de contour de cheville Semelle double densit\u00e9 pour plus de confort<\/p>","protected":false},"featured_media":39625,"comment_status":"open","ping_status":"closed","template":"","meta":[],"product_cat":[602,768],"product_tag":[302,255,242,407],"class_list":{"0":"post-37727","1":"product","2":"type-product","3":"status-publish","4":"has-post-thumbnail","6":"product_brand-royer","7":"product_cat-hommes","8":"product_cat-semelles-confort","9":"product_tag-cadeau","10":"product_tag-femme","11":"product_tag-homme","12":"product_tag-semelles-confort","14":"first","15":"instock","16":"taxable","17":"shipping-taxable","18":"purchasable","19":"product-type-variable"},"yoast_head":"<!-- This site is optimized with the Yoast SEO plugin v25.3.1 - https:\/\/yoast.com\/wordpress\/plugins\/seo\/ -->\n<title>SEMELLE CONFORT 2 DENSIT\u00c9S POUR CHAUSSURES DE TRAVAIL - VF011V - ROYER - Le Magasin Industriel<\/title>\n<meta name=\"description\" content=\"Semelle interm\u00e9diaire, semelle de confort, arche du pied, soutien, aisance, bien-\u00eatre, semelle int\u00e9rieure, support, stabilit\u00e9\" \/>\n<meta name=\"robots\" content=\"index, follow, max-snippet:-1, max-image-preview:large, max-video-preview:-1\" \/>\n<link rel=\"canonical\" href=\"https:\/\/autravail.ca\/en\/product\/semelle-de-confort-ortholite-2-densites-de-royer\/\" \/>\n<meta property=\"og:locale\" content=\"en_US\" \/>\n<meta property=\"og:type\" content=\"article\" \/>\n<meta property=\"og:title\" content=\"SEMELLE CONFORT 2 DENSIT\u00c9S POUR CHAUSSURES DE TRAVAIL - VF011V - ROYER - Le Magasin Industriel\" \/>\n<meta property=\"og:description\" content=\"Semelle interm\u00e9diaire, semelle de confort, arche du pied, soutien, aisance, bien-\u00eatre, semelle int\u00e9rieure, support, stabilit\u00e9\" \/>\n<meta property=\"og:url\" content=\"https:\/\/autravail.ca\/en\/product\/semelle-de-confort-ortholite-2-densites-de-royer\/\" \/>\n<meta property=\"og:site_name\" content=\"Le Magasin Industriel\" \/>\n<meta property=\"article:publisher\" content=\"https:\/\/www.facebook.com\/lemagasinindustriel\/?locale=fr_FR\" \/>\n<meta property=\"article:modified_time\" content=\"2025-12-05T09:09:43+00:00\" \/>\n<meta property=\"og:image\" content=\"https:\/\/autravail.ca\/wp-content\/uploads\/2025\/05\/VF011V_A01_ff7a189e-c61a-4058-82f4-2c738d8f9e79-1.jpg\" \/>\n\t<meta property=\"og:image:width\" content=\"1000\" \/>\n\t<meta property=\"og:image:height\" content=\"1000\" \/>\n\t<meta property=\"og:image:type\" content=\"image\/jpeg\" \/>\n<meta name=\"twitter:card\" content=\"summary_large_image\" \/>\n<meta name=\"twitter:label1\" content=\"Est. reading time\" \/>\n\t<meta name=\"twitter:data1\" content=\"1 minute\" \/>\n<script type=\"application\/ld+json\" class=\"yoast-schema-graph\">{\"@context\":\"https:\/\/schema.org\",\"@graph\":[{\"@type\":\"WebPage\",\"@id\":\"https:\/\/autravail.ca\/product\/semelle-de-confort-ortholite-2-densites-de-royer\/\",\"url\":\"https:\/\/autravail.ca\/product\/semelle-de-confort-ortholite-2-densites-de-royer\/\",\"name\":\"SEMELLE CONFORT 2 DENSIT\u00c9S POUR CHAUSSURES DE TRAVAIL - VF011V - ROYER - Le Magasin Industriel\",\"isPartOf\":{\"@id\":\"https:\/\/autravail.ca\/#website\"},\"primaryImageOfPage\":{\"@id\":\"https:\/\/autravail.ca\/product\/semelle-de-confort-ortholite-2-densites-de-royer\/#primaryimage\"},\"image\":{\"@id\":\"https:\/\/autravail.ca\/product\/semelle-de-confort-ortholite-2-densites-de-royer\/#primaryimage\"},\"thumbnailUrl\":\"https:\/\/autravail.ca\/wp-content\/uploads\/2025\/05\/VF011V_A01_ff7a189e-c61a-4058-82f4-2c738d8f9e79-1.jpg\",\"datePublished\":\"2025-05-08T08:10:11+00:00\",\"dateModified\":\"2025-12-05T09:09:43+00:00\",\"description\":\"Semelle interm\u00e9diaire, semelle de confort, arche du pied, soutien, aisance, bien-\u00eatre, semelle int\u00e9rieure, support, stabilit\u00e9\",\"breadcrumb\":{\"@id\":\"https:\/\/autravail.ca\/product\/semelle-de-confort-ortholite-2-densites-de-royer\/#breadcrumb\"},\"inLanguage\":\"en-CA\",\"potentialAction\":[{\"@type\":\"ReadAction\",\"target\":[\"https:\/\/autravail.ca\/product\/semelle-de-confort-ortholite-2-densites-de-royer\/\"]}]},{\"@type\":\"ImageObject\",\"inLanguage\":\"en-CA\",\"@id\":\"https:\/\/autravail.ca\/product\/semelle-de-confort-ortholite-2-densites-de-royer\/#primaryimage\",\"url\":\"https:\/\/autravail.ca\/wp-content\/uploads\/2025\/05\/VF011V_A01_ff7a189e-c61a-4058-82f4-2c738d8f9e79-1.jpg\",\"contentUrl\":\"https:\/\/autravail.ca\/wp-content\/uploads\/2025\/05\/VF011V_A01_ff7a189e-c61a-4058-82f4-2c738d8f9e79-1.jpg\",\"width\":1000,\"height\":1000},{\"@type\":\"BreadcrumbList\",\"@id\":\"https:\/\/autravail.ca\/product\/semelle-de-confort-ortholite-2-densites-de-royer\/#breadcrumb\",\"itemListElement\":[{\"@type\":\"ListItem\",\"position\":1,\"name\":\"Accueil\",\"item\":\"https:\/\/autravail.ca\/\"},{\"@type\":\"ListItem\",\"position\":2,\"name\":\"Magasin\",\"item\":\"https:\/\/autravail.ca\/en\/shop\/\"},{\"@type\":\"ListItem\",\"position\":3,\"name\":\"SEMELLE CONFORT 2 DENSIT\u00c9S POUR CHAUSSURES DE TRAVAIL &#8211; VF011V &#8211; ROYER\"}]},{\"@type\":\"WebSite\",\"@id\":\"https:\/\/autravail.ca\/#website\",\"url\":\"https:\/\/autravail.ca\/\",\"name\":\"Le Magasin Industriel\",\"description\":\"50 ans de tradition de s\u00e9curit\u00e9 au travail\",\"publisher\":{\"@id\":\"https:\/\/autravail.ca\/#organization\"},\"potentialAction\":[{\"@type\":\"SearchAction\",\"target\":{\"@type\":\"EntryPoint\",\"urlTemplate\":\"https:\/\/autravail.ca\/?s={search_term_string}\"},\"query-input\":{\"@type\":\"PropertyValueSpecification\",\"valueRequired\":true,\"valueName\":\"search_term_string\"}}],\"inLanguage\":\"en-CA\"},{\"@type\":\"Organization\",\"@id\":\"https:\/\/autravail.ca\/#organization\",\"name\":\"Le Magasin Industriel\",\"url\":\"https:\/\/autravail.ca\/\",\"logo\":{\"@type\":\"ImageObject\",\"inLanguage\":\"en-CA\",\"@id\":\"https:\/\/autravail.ca\/#\/schema\/logo\/image\/\",\"url\":\"https:\/\/autravail.ca\/wp-content\/uploads\/2025\/05\/cropped-magasin_industriel_120x.avif\",\"contentUrl\":\"https:\/\/autravail.ca\/wp-content\/uploads\/2025\/05\/cropped-magasin_industriel_120x.avif\",\"width\":120,\"height\":24,\"caption\":\"Le Magasin Industriel\"},\"image\":{\"@id\":\"https:\/\/autravail.ca\/#\/schema\/logo\/image\/\"},\"sameAs\":[\"https:\/\/www.facebook.com\/lemagasinindustriel\/?locale=fr_FR\"]}]}<\/script>\n<!-- \/ Yoast SEO plugin. -->","yoast_head_json":{"title":"SEMELLE CONFORT 2 DENSIT\u00c9S POUR CHAUSSURES DE TRAVAIL - VF011V - ROYER - Le Magasin Industriel","description":"Semelle interm\u00e9diaire, semelle de confort, arche du pied, soutien, aisance, bien-\u00eatre, semelle int\u00e9rieure, support, stabilit\u00e9","robots":{"index":"index","follow":"follow","max-snippet":"max-snippet:-1","max-image-preview":"max-image-preview:large","max-video-preview":"max-video-preview:-1"},"canonical":"https:\/\/autravail.ca\/en\/product\/semelle-de-confort-ortholite-2-densites-de-royer\/","og_locale":"en_US","og_type":"article","og_title":"SEMELLE CONFORT 2 DENSIT\u00c9S POUR CHAUSSURES DE TRAVAIL - VF011V - ROYER - Le Magasin Industriel","og_description":"Semelle interm\u00e9diaire, semelle de confort, arche du pied, soutien, aisance, bien-\u00eatre, semelle int\u00e9rieure, support, stabilit\u00e9","og_url":"https:\/\/autravail.ca\/en\/product\/semelle-de-confort-ortholite-2-densites-de-royer\/","og_site_name":"Le Magasin Industriel","article_publisher":"https:\/\/www.facebook.com\/lemagasinindustriel\/?locale=fr_FR","article_modified_time":"2025-12-05T09:09:43+00:00","og_image":[{"width":1000,"height":1000,"url":"https:\/\/autravail.ca\/wp-content\/uploads\/2025\/05\/VF011V_A01_ff7a189e-c61a-4058-82f4-2c738d8f9e79-1.jpg","type":"image\/jpeg"}],"twitter_card":"summary_large_image","twitter_misc":{"Est. reading time":"1 minute"},"schema":{"@context":"https:\/\/schema.org","@graph":[{"@type":"WebPage","@id":"https:\/\/autravail.ca\/product\/semelle-de-confort-ortholite-2-densites-de-royer\/","url":"https:\/\/autravail.ca\/product\/semelle-de-confort-ortholite-2-densites-de-royer\/","name":"SEMELLE CONFORT 2 DENSIT\u00c9S POUR CHAUSSURES DE TRAVAIL - VF011V - ROYER - Le Magasin Industriel","isPartOf":{"@id":"https:\/\/autravail.ca\/#website"},"primaryImageOfPage":{"@id":"https:\/\/autravail.ca\/product\/semelle-de-confort-ortholite-2-densites-de-royer\/#primaryimage"},"image":{"@id":"https:\/\/autravail.ca\/product\/semelle-de-confort-ortholite-2-densites-de-royer\/#primaryimage"},"thumbnailUrl":"https:\/\/autravail.ca\/wp-content\/uploads\/2025\/05\/VF011V_A01_ff7a189e-c61a-4058-82f4-2c738d8f9e79-1.jpg","datePublished":"2025-05-08T08:10:11+00:00","dateModified":"2025-12-05T09:09:43+00:00","description":"Semelle interm\u00e9diaire, semelle de confort, arche du pied, soutien, aisance, bien-\u00eatre, semelle int\u00e9rieure, support, stabilit\u00e9","breadcrumb":{"@id":"https:\/\/autravail.ca\/product\/semelle-de-confort-ortholite-2-densites-de-royer\/#breadcrumb"},"inLanguage":"en-CA","potentialAction":[{"@type":"ReadAction","target":["https:\/\/autravail.ca\/product\/semelle-de-confort-ortholite-2-densites-de-royer\/"]}]},{"@type":"ImageObject","inLanguage":"en-CA","@id":"https:\/\/autravail.ca\/product\/semelle-de-confort-ortholite-2-densites-de-royer\/#primaryimage","url":"https:\/\/autravail.ca\/wp-content\/uploads\/2025\/05\/VF011V_A01_ff7a189e-c61a-4058-82f4-2c738d8f9e79-1.jpg","contentUrl":"https:\/\/autravail.ca\/wp-content\/uploads\/2025\/05\/VF011V_A01_ff7a189e-c61a-4058-82f4-2c738d8f9e79-1.jpg","width":1000,"height":1000},{"@type":"BreadcrumbList","@id":"https:\/\/autravail.ca\/product\/semelle-de-confort-ortholite-2-densites-de-royer\/#breadcrumb","itemListElement":[{"@type":"ListItem","position":1,"name":"Accueil","item":"https:\/\/autravail.ca\/"},{"@type":"ListItem","position":2,"name":"Magasin","item":"https:\/\/autravail.ca\/en\/shop\/"},{"@type":"ListItem","position":3,"name":"SEMELLE CONFORT 2 DENSIT\u00c9S POUR CHAUSSURES DE TRAVAIL &#8211; VF011V &#8211; ROYER"}]},{"@type":"WebSite","@id":"https:\/\/autravail.ca\/#website","url":"https:\/\/autravail.ca\/","name":"Le Magasin Industriel","description":"50 ans de tradition de s\u00e9curit\u00e9 au travail","publisher":{"@id":"https:\/\/autravail.ca\/#organization"},"potentialAction":[{"@type":"SearchAction","target":{"@type":"EntryPoint","urlTemplate":"https:\/\/autravail.ca\/?s={search_term_string}"},"query-input":{"@type":"PropertyValueSpecification","valueRequired":true,"valueName":"search_term_string"}}],"inLanguage":"en-CA"},{"@type":"Organization","@id":"https:\/\/autravail.ca\/#organization","name":"Le Magasin Industriel","url":"https:\/\/autravail.ca\/","logo":{"@type":"ImageObject","inLanguage":"en-CA","@id":"https:\/\/autravail.ca\/#\/schema\/logo\/image\/","url":"https:\/\/autravail.ca\/wp-content\/uploads\/2025\/05\/cropped-magasin_industriel_120x.avif","contentUrl":"https:\/\/autravail.ca\/wp-content\/uploads\/2025\/05\/cropped-magasin_industriel_120x.avif","width":120,"height":24,"caption":"Le Magasin Industriel"},"image":{"@id":"https:\/\/autravail.ca\/#\/schema\/logo\/image\/"},"sameAs":["https:\/\/www.facebook.com\/lemagasinindustriel\/?locale=fr_FR"]}]}},"jetpack_sharing_enabled":true,"_links":{"self":[{"href":"https:\/\/autravail.ca\/en\/wp-json\/wp\/v2\/product\/37727","targetHints":{"allow":["GET"]}}],"collection":[{"href":"https:\/\/autravail.ca\/en\/wp-json\/wp\/v2\/product"}],"about":[{"href":"https:\/\/autravail.ca\/en\/wp-json\/wp\/v2\/types\/product"}],"replies":[{"embeddable":true,"href":"https:\/\/autravail.ca\/en\/wp-json\/wp\/v2\/comments?post=37727"}],"wp:featuredmedia":[{"embeddable":true,"href":"https:\/\/autravail.ca\/en\/wp-json\/wp\/v2\/media\/39625"}],"wp:attachment":[{"href":"https:\/\/autravail.ca\/en\/wp-json\/wp\/v2\/media?parent=37727"}],"wp:term":[{"taxonomy":"product_cat","embeddable":true,"href":"https:\/\/autravail.ca\/en\/wp-json\/wp\/v2\/product_cat?post=37727"},{"taxonomy":"product_tag","embeddable":true,"href":"https:\/\/autravail.ca\/en\/wp-json\/wp\/v2\/product_tag?post=37727"}],"curies":[{"name":"wp","href":"https:\/\/api.w.org\/{rel}","templated":true}]}}