{"id":37694,"date":"2025-05-08T08:09:20","date_gmt":"2025-05-08T08:09:20","guid":{"rendered":"https:\/\/meteoquebec.ca\/?post_type=product&#038;p=37694"},"modified":"2025-12-05T05:09:43","modified_gmt":"2025-12-05T09:09:43","slug":"veste-a-capuchon-5020b-dri-duck","status":"publish","type":"product","link":"https:\/\/autravail.ca\/en\/product\/veste-a-capuchon-5020b-dri-duck\/","title":{"rendered":"Veste  Capuchon - 5020B - DRI DUCK"},"content":{"rendered":"<h3>Work jacket Dri Duck<\/h3>\n<ul>\n<li>20 oz, 100% cotton Boulder Cloth<\/li>\n<li>Soft-touch padded quilted knitted upholstery with diamond patterns<\/li>\n<li>Triple stitch everywhere<\/li>\n<li>Overdeveloped abdominal pockets<\/li>\n<li>Interior double pocket with pressure closing<\/li>\n<li>Quick release closure DRI DUCK, hood in three parts<\/li>\n<li>Elasticated wristband cuffed knit<\/li>\n<li>Borders and cuffed sleeves in a mix of superior quality spandex<\/li>\n<li>bent joint<\/li>\n<\/ul>","protected":false},"excerpt":{"rendered":"<p>Workwear Dri Duck 20 oz Cotton Boulder Cloth Jacket, Padded Touch Polyfill Lining in Brushed-Matelasse Stitch Diamond Pattern Sewing with Triple-Thread Everywhere Enlarged Front Pockets Interior Double Zippered Pocket with Pressure Closure Lightning Bolt DRI DUCK Fastener Hood in Three Parts Cuffed Sleeve Trimmed Woven Edge [&hellip;]<\/p>","protected":false},"featured_media":37723,"comment_status":"open","ping_status":"closed","template":"","meta":[],"product_cat":[15],"product_tag":[250,343],"class_list":{"0":"post-37694","1":"product","2":"type-product","3":"status-publish","4":"has-post-thumbnail","6":"product_brand-dri-duck","7":"product_cat-uncategorized","8":"product_tag-manteaux","9":"product_tag-veste","11":"first","12":"instock","13":"taxable","14":"shipping-taxable","15":"purchasable","16":"product-type-variable"},"yoast_head":"<!-- This site is optimized with the Yoast SEO plugin v25.3.1 - https:\/\/yoast.com\/wordpress\/plugins\/seo\/ -->\n<title>VESTE \u00c0 CAPUCHON - 5020B - DRI DUCK - Le Magasin Industriel<\/title>\n<meta name=\"robots\" content=\"index, follow, max-snippet:-1, max-image-preview:large, max-video-preview:-1\" \/>\n<link rel=\"canonical\" href=\"https:\/\/autravail.ca\/en\/product\/veste-a-capuchon-5020b-dri-duck\/\" \/>\n<meta property=\"og:locale\" content=\"en_US\" \/>\n<meta property=\"og:type\" content=\"article\" \/>\n<meta property=\"og:title\" content=\"VESTE \u00c0 CAPUCHON - 5020B - DRI DUCK - Le Magasin Industriel\" \/>\n<meta property=\"og:description\" content=\"Veste de travail Dri Duck 20 oz, Toile 100% coton Boulder Cloth\u2122 Doublure polyfill douce au toucher en tricot bross\u00e9 matelass\u00e9 \u00e0 motifs diamants Couture \u00e0 triple aiguille partout Poches ventrales surdimensionn\u00e9es Poche int\u00e9rieure double avec fermeture \u00e0 pression Tirette de fermeture \u00e9clair DRI DUCK, capuche en trois parties Ruban de poignet en tricot c\u00f4tel\u00e9 [&hellip;]\" \/>\n<meta property=\"og:url\" content=\"https:\/\/autravail.ca\/en\/product\/veste-a-capuchon-5020b-dri-duck\/\" \/>\n<meta property=\"og:site_name\" content=\"Le Magasin Industriel\" \/>\n<meta property=\"article:publisher\" content=\"https:\/\/www.facebook.com\/lemagasinindustriel\/?locale=fr_FR\" \/>\n<meta property=\"article:modified_time\" content=\"2025-12-05T09:09:43+00:00\" \/>\n<meta property=\"og:image\" content=\"https:\/\/autravail.ca\/wp-content\/uploads\/2025\/05\/5020T_A01.jpg\" \/>\n\t<meta property=\"og:image:width\" content=\"1000\" \/>\n\t<meta property=\"og:image:height\" content=\"1000\" \/>\n\t<meta property=\"og:image:type\" content=\"image\/jpeg\" \/>\n<meta name=\"twitter:card\" content=\"summary_large_image\" \/>\n<script type=\"application\/ld+json\" class=\"yoast-schema-graph\">{\"@context\":\"https:\/\/schema.org\",\"@graph\":[{\"@type\":\"WebPage\",\"@id\":\"https:\/\/autravail.ca\/en\/product\/veste-a-capuchon-5020b-dri-duck\/\",\"url\":\"https:\/\/autravail.ca\/en\/product\/veste-a-capuchon-5020b-dri-duck\/\",\"name\":\"VESTE \u00c0 CAPUCHON - 5020B - DRI DUCK - Le Magasin Industriel\",\"isPartOf\":{\"@id\":\"https:\/\/autravail.ca\/#website\"},\"primaryImageOfPage\":{\"@id\":\"https:\/\/autravail.ca\/en\/product\/veste-a-capuchon-5020b-dri-duck\/#primaryimage\"},\"image\":{\"@id\":\"https:\/\/autravail.ca\/en\/product\/veste-a-capuchon-5020b-dri-duck\/#primaryimage\"},\"thumbnailUrl\":\"https:\/\/autravail.ca\/wp-content\/uploads\/2025\/05\/5020T_A01.jpg\",\"datePublished\":\"2025-05-08T08:09:20+00:00\",\"dateModified\":\"2025-12-05T09:09:43+00:00\",\"breadcrumb\":{\"@id\":\"https:\/\/autravail.ca\/en\/product\/veste-a-capuchon-5020b-dri-duck\/#breadcrumb\"},\"inLanguage\":\"en-CA\",\"potentialAction\":[{\"@type\":\"ReadAction\",\"target\":[\"https:\/\/autravail.ca\/en\/product\/veste-a-capuchon-5020b-dri-duck\/\"]}]},{\"@type\":\"ImageObject\",\"inLanguage\":\"en-CA\",\"@id\":\"https:\/\/autravail.ca\/en\/product\/veste-a-capuchon-5020b-dri-duck\/#primaryimage\",\"url\":\"https:\/\/autravail.ca\/wp-content\/uploads\/2025\/05\/5020T_A01.jpg\",\"contentUrl\":\"https:\/\/autravail.ca\/wp-content\/uploads\/2025\/05\/5020T_A01.jpg\",\"width\":1000,\"height\":1000},{\"@type\":\"BreadcrumbList\",\"@id\":\"https:\/\/autravail.ca\/en\/product\/veste-a-capuchon-5020b-dri-duck\/#breadcrumb\",\"itemListElement\":[{\"@type\":\"ListItem\",\"position\":1,\"name\":\"Accueil\",\"item\":\"https:\/\/autravail.ca\/\"},{\"@type\":\"ListItem\",\"position\":2,\"name\":\"Magasin\",\"item\":\"https:\/\/autravail.ca\/en\/shop\/\"},{\"@type\":\"ListItem\",\"position\":3,\"name\":\"VESTE \u00c0 CAPUCHON &#8211; 5020B &#8211; DRI DUCK\"}]},{\"@type\":\"WebSite\",\"@id\":\"https:\/\/autravail.ca\/#website\",\"url\":\"https:\/\/autravail.ca\/\",\"name\":\"Le Magasin Industriel\",\"description\":\"50 ans de tradition de s\u00e9curit\u00e9 au travail\",\"publisher\":{\"@id\":\"https:\/\/autravail.ca\/#organization\"},\"potentialAction\":[{\"@type\":\"SearchAction\",\"target\":{\"@type\":\"EntryPoint\",\"urlTemplate\":\"https:\/\/autravail.ca\/?s={search_term_string}\"},\"query-input\":{\"@type\":\"PropertyValueSpecification\",\"valueRequired\":true,\"valueName\":\"search_term_string\"}}],\"inLanguage\":\"en-CA\"},{\"@type\":\"Organization\",\"@id\":\"https:\/\/autravail.ca\/#organization\",\"name\":\"Le Magasin Industriel\",\"url\":\"https:\/\/autravail.ca\/\",\"logo\":{\"@type\":\"ImageObject\",\"inLanguage\":\"en-CA\",\"@id\":\"https:\/\/autravail.ca\/#\/schema\/logo\/image\/\",\"url\":\"https:\/\/autravail.ca\/wp-content\/uploads\/2025\/05\/cropped-magasin_industriel_120x.avif\",\"contentUrl\":\"https:\/\/autravail.ca\/wp-content\/uploads\/2025\/05\/cropped-magasin_industriel_120x.avif\",\"width\":120,\"height\":24,\"caption\":\"Le Magasin Industriel\"},\"image\":{\"@id\":\"https:\/\/autravail.ca\/#\/schema\/logo\/image\/\"},\"sameAs\":[\"https:\/\/www.facebook.com\/lemagasinindustriel\/?locale=fr_FR\"]}]}<\/script>\n<!-- \/ Yoast SEO plugin. -->","yoast_head_json":{"title":"VESTE \u00c0 CAPUCHON - 5020B - DRI DUCK - Le Magasin Industriel","robots":{"index":"index","follow":"follow","max-snippet":"max-snippet:-1","max-image-preview":"max-image-preview:large","max-video-preview":"max-video-preview:-1"},"canonical":"https:\/\/autravail.ca\/en\/product\/veste-a-capuchon-5020b-dri-duck\/","og_locale":"en_US","og_type":"article","og_title":"VESTE \u00c0 CAPUCHON - 5020B - DRI DUCK - Le Magasin Industriel","og_description":"Veste de travail Dri Duck 20 oz, Toile 100% coton Boulder Cloth\u2122 Doublure polyfill douce au toucher en tricot bross\u00e9 matelass\u00e9 \u00e0 motifs diamants Couture \u00e0 triple aiguille partout Poches ventrales surdimensionn\u00e9es Poche int\u00e9rieure double avec fermeture \u00e0 pression Tirette de fermeture \u00e9clair DRI DUCK, capuche en trois parties Ruban de poignet en tricot c\u00f4tel\u00e9 [&hellip;]","og_url":"https:\/\/autravail.ca\/en\/product\/veste-a-capuchon-5020b-dri-duck\/","og_site_name":"Le Magasin Industriel","article_publisher":"https:\/\/www.facebook.com\/lemagasinindustriel\/?locale=fr_FR","article_modified_time":"2025-12-05T09:09:43+00:00","og_image":[{"width":1000,"height":1000,"url":"https:\/\/autravail.ca\/wp-content\/uploads\/2025\/05\/5020T_A01.jpg","type":"image\/jpeg"}],"twitter_card":"summary_large_image","schema":{"@context":"https:\/\/schema.org","@graph":[{"@type":"WebPage","@id":"https:\/\/autravail.ca\/en\/product\/veste-a-capuchon-5020b-dri-duck\/","url":"https:\/\/autravail.ca\/en\/product\/veste-a-capuchon-5020b-dri-duck\/","name":"VESTE \u00c0 CAPUCHON - 5020B - DRI DUCK - Le Magasin Industriel","isPartOf":{"@id":"https:\/\/autravail.ca\/#website"},"primaryImageOfPage":{"@id":"https:\/\/autravail.ca\/en\/product\/veste-a-capuchon-5020b-dri-duck\/#primaryimage"},"image":{"@id":"https:\/\/autravail.ca\/en\/product\/veste-a-capuchon-5020b-dri-duck\/#primaryimage"},"thumbnailUrl":"https:\/\/autravail.ca\/wp-content\/uploads\/2025\/05\/5020T_A01.jpg","datePublished":"2025-05-08T08:09:20+00:00","dateModified":"2025-12-05T09:09:43+00:00","breadcrumb":{"@id":"https:\/\/autravail.ca\/en\/product\/veste-a-capuchon-5020b-dri-duck\/#breadcrumb"},"inLanguage":"en-CA","potentialAction":[{"@type":"ReadAction","target":["https:\/\/autravail.ca\/en\/product\/veste-a-capuchon-5020b-dri-duck\/"]}]},{"@type":"ImageObject","inLanguage":"en-CA","@id":"https:\/\/autravail.ca\/en\/product\/veste-a-capuchon-5020b-dri-duck\/#primaryimage","url":"https:\/\/autravail.ca\/wp-content\/uploads\/2025\/05\/5020T_A01.jpg","contentUrl":"https:\/\/autravail.ca\/wp-content\/uploads\/2025\/05\/5020T_A01.jpg","width":1000,"height":1000},{"@type":"BreadcrumbList","@id":"https:\/\/autravail.ca\/en\/product\/veste-a-capuchon-5020b-dri-duck\/#breadcrumb","itemListElement":[{"@type":"ListItem","position":1,"name":"Accueil","item":"https:\/\/autravail.ca\/"},{"@type":"ListItem","position":2,"name":"Magasin","item":"https:\/\/autravail.ca\/en\/shop\/"},{"@type":"ListItem","position":3,"name":"VESTE \u00c0 CAPUCHON &#8211; 5020B &#8211; DRI DUCK"}]},{"@type":"WebSite","@id":"https:\/\/autravail.ca\/#website","url":"https:\/\/autravail.ca\/","name":"Le Magasin Industriel","description":"50 ans de tradition de s\u00e9curit\u00e9 au travail","publisher":{"@id":"https:\/\/autravail.ca\/#organization"},"potentialAction":[{"@type":"SearchAction","target":{"@type":"EntryPoint","urlTemplate":"https:\/\/autravail.ca\/?s={search_term_string}"},"query-input":{"@type":"PropertyValueSpecification","valueRequired":true,"valueName":"search_term_string"}}],"inLanguage":"en-CA"},{"@type":"Organization","@id":"https:\/\/autravail.ca\/#organization","name":"Le Magasin Industriel","url":"https:\/\/autravail.ca\/","logo":{"@type":"ImageObject","inLanguage":"en-CA","@id":"https:\/\/autravail.ca\/#\/schema\/logo\/image\/","url":"https:\/\/autravail.ca\/wp-content\/uploads\/2025\/05\/cropped-magasin_industriel_120x.avif","contentUrl":"https:\/\/autravail.ca\/wp-content\/uploads\/2025\/05\/cropped-magasin_industriel_120x.avif","width":120,"height":24,"caption":"Le Magasin Industriel"},"image":{"@id":"https:\/\/autravail.ca\/#\/schema\/logo\/image\/"},"sameAs":["https:\/\/www.facebook.com\/lemagasinindustriel\/?locale=fr_FR"]}]}},"jetpack_sharing_enabled":true,"_links":{"self":[{"href":"https:\/\/autravail.ca\/en\/wp-json\/wp\/v2\/product\/37694","targetHints":{"allow":["GET"]}}],"collection":[{"href":"https:\/\/autravail.ca\/en\/wp-json\/wp\/v2\/product"}],"about":[{"href":"https:\/\/autravail.ca\/en\/wp-json\/wp\/v2\/types\/product"}],"replies":[{"embeddable":true,"href":"https:\/\/autravail.ca\/en\/wp-json\/wp\/v2\/comments?post=37694"}],"wp:featuredmedia":[{"embeddable":true,"href":"https:\/\/autravail.ca\/en\/wp-json\/wp\/v2\/media\/37723"}],"wp:attachment":[{"href":"https:\/\/autravail.ca\/en\/wp-json\/wp\/v2\/media?parent=37694"}],"wp:term":[{"taxonomy":"product_cat","embeddable":true,"href":"https:\/\/autravail.ca\/en\/wp-json\/wp\/v2\/product_cat?post=37694"},{"taxonomy":"product_tag","embeddable":true,"href":"https:\/\/autravail.ca\/en\/wp-json\/wp\/v2\/product_tag?post=37694"}],"curies":[{"name":"wp","href":"https:\/\/api.w.org\/{rel}","templated":true}]}}