{"id":37674,"date":"2025-05-08T08:08:56","date_gmt":"2025-05-08T08:08:56","guid":{"rendered":"https:\/\/meteoquebec.ca\/?post_type=product&#038;p=37674"},"modified":"2026-03-05T15:59:54","modified_gmt":"2026-03-05T19:59:54","slug":"espadrille-de-travail-vc30507","status":"publish","type":"product","link":"https:\/\/autravail.ca\/en\/product\/espadrille-de-travail-vc30507\/","title":{"rendered":"Espadrille de travail &#8211; VC30507"},"content":{"rendered":"<h3>Espadrille de travail &#8211; VC30507<\/h3>\n<p>Espadrille de travail &#8211; VC30507 Stone OP Art de <a href=\"https:\/\/autravail.ca\/en\/product-brand\/volcom\/\">Volcom<\/a> est un mod\u00e8le de s\u00e9curit\u00e9 \u00e0 tige basse qui allie l&rsquo;esth\u00e9tique audacieuse de la culture skate \u00e0 une protection industrielle rigoureuse. Con\u00e7ue en cuir \u00ab\u00a0Action Leather\u00a0\u00bb et PU dans un coloris\u00a0<strong class=\"Yjhzub\" data-sfc-cb=\"\" data-complete=\"true\" data-processed=\"true\">brun fonc\u00e9 et kaki<\/strong>, elle se distingue par son motif artistique \u00ab\u00a0Op Art\u00a0\u00bb unique. Chaussures de travail de qualit\u00e9 inspir\u00e9es du skate pour les pers\u00e9v\u00e9rants qui sont fid\u00e8les \u00e0 leurs passions et cherchent \u00e0 \u00e9lever leur m\u00e9tier et \u00e0 surmonter les obstacles. Les\u00a0embouts protecteurs, les semelles ext\u00e9rieures antid\u00e9rapantes Grip Styk et les semelles int\u00e9rieures souples sur le th\u00e8me de la pierre Landing vous permettent de lib\u00e9rer votre travail.<\/p>\n<p><img decoding=\"async\" class=\"alignnone size-full wp-image-40117\" src=\"https:\/\/autravail.ca\/wp-content\/uploads\/2025\/09\/Certification-Omega-Triangle-vert.jpg\" alt=\"Certifications Om\u00e9ga Triangle vert\" width=\"193\" height=\"110\" srcset=\"https:\/\/autravail.ca\/wp-content\/uploads\/2025\/09\/Certification-Omega-Triangle-vert.jpg 193w, https:\/\/autravail.ca\/wp-content\/uploads\/2025\/09\/Certification-Omega-Triangle-vert-150x85.jpg 150w, https:\/\/autravail.ca\/wp-content\/uploads\/2025\/09\/Certification-Omega-Triangle-vert-18x10.jpg 18w\" sizes=\"(max-width: 193px) 100vw, 193px\" \/><\/p>\n<h6>Characteristics:<\/h6>\n<ul>\n<li><span dir=\"auto\">Semelle : Caoutchouc antid\u00e9rapant<\/span><\/li>\n<li><span dir=\"auto\">Tige : Nubuck Soft Action\/nubuck PU<\/span><\/li>\n<li><span dir=\"auto\">Doublure\/Isolation : Doublure en maille<\/span><\/li>\n<li><span dir=\"auto\">Semelle int\u00e9rieure : Semelle int\u00e9rieure Soft Landing Comfort avec coussin en mousse \u00e0 m\u00e9moire de forme<\/span><\/li>\n<li><span dir=\"auto\">CSA\u00a0: Embout composite de grade 1, plaque composite, r\u00e9sistant aux chocs \u00e9lectriques (ESR)<\/span><\/li>\n<li><span dir=\"auto\">Coupe : Large<\/span><\/li>\n<li><span dir=\"auto\">Conditions de travail : Charge de travail moyenne<\/span><\/li>\n<\/ul>\n<p>Elle est parfaite pour les travailleurs cherchant une chaussure l\u00e9g\u00e8re, flexible et styl\u00e9e pour l&rsquo;entrep\u00f4t ou les chantiers l\u00e9gers.<\/p>\n<p><em><span style=\"color: #fa0b0b;\">Unisex U.S. men's sizes presented. To convert to U.S. women's size, add 2 sizes. Example: 5 U.S. men = 7 U.S. women<\/span><\/em><\/p>\n<p><img decoding=\"async\" class=\"alignnone wp-image-40620\" src=\"https:\/\/autravail.ca\/wp-content\/uploads\/2025\/09\/Jachete-quebec-et-canada.jpg\" alt=\"Logo de l'achat local\" width=\"162\" height=\"139\" \/>Merci d&rsquo;encourager une entreprise 100% d&rsquo;ici!<\/p>\n<p>TS2603H<\/p>","protected":false},"excerpt":{"rendered":"<p>Espadrille de travail &#8211; VC30507 Espadrille de travail &#8211; VC30507 Stone OP Art de Volcom est un mod\u00e8le de s\u00e9curit\u00e9 \u00e0 tige basse qui allie l&rsquo;esth\u00e9tique audacieuse de la culture skate \u00e0 une protection industrielle rigoureuse. Con\u00e7ue en cuir \u00ab\u00a0Action Leather\u00a0\u00bb et PU dans un coloris\u00a0brun fonc\u00e9 et kaki, elle se distingue par son motif [&hellip;]<\/p>","protected":false},"featured_media":23839,"comment_status":"open","ping_status":"closed","template":"","meta":[],"product_cat":[645,602],"product_tag":[252,270,242,253,257,417],"class_list":{"0":"post-37674","1":"product","2":"type-product","3":"status-publish","4":"has-post-thumbnail","6":"product_brand-volcom","7":"product_cat-espadrilles-de-travail","8":"product_cat-hommes","9":"product_tag-electric-shock-resistant","10":"product_tag-espadrilles-de-travail","11":"product_tag-homme","12":"product_tag-sole-protection","13":"product_tag-souliers-de-travail","14":"product_tag-volcom","16":"first","17":"instock","18":"taxable","19":"shipping-taxable","20":"purchasable","21":"product-type-variable"},"yoast_head":"<!-- This site is optimized with the Yoast SEO plugin v25.3.1 - https:\/\/yoast.com\/wordpress\/plugins\/seo\/ -->\n<title>Espadrille de travail - VC30507 - Le Magasin Industriel<\/title>\n<meta name=\"description\" content=\"Espadrille de travail - VC30507 est parfaite pour les travailleurs cherchant une chaussure l\u00e9g\u00e8re, flexible et styl\u00e9e, embout en composite\" \/>\n<meta name=\"robots\" content=\"index, follow, max-snippet:-1, max-image-preview:large, max-video-preview:-1\" \/>\n<link rel=\"canonical\" href=\"https:\/\/autravail.ca\/en\/product\/espadrille-de-travail-vc30507\/\" \/>\n<meta property=\"og:locale\" content=\"en_US\" \/>\n<meta property=\"og:type\" content=\"article\" \/>\n<meta property=\"og:title\" content=\"Espadrille de travail - VC30507 - Le Magasin Industriel\" \/>\n<meta property=\"og:description\" content=\"Espadrille de travail - VC30507 est parfaite pour les travailleurs cherchant une chaussure l\u00e9g\u00e8re, flexible et styl\u00e9e, embout en composite\" \/>\n<meta property=\"og:url\" content=\"https:\/\/autravail.ca\/en\/product\/espadrille-de-travail-vc30507\/\" \/>\n<meta property=\"og:site_name\" content=\"Le Magasin Industriel\" \/>\n<meta property=\"article:publisher\" content=\"https:\/\/www.facebook.com\/lemagasinindustriel\/?locale=fr_FR\" \/>\n<meta property=\"article:modified_time\" content=\"2026-03-05T19:59:54+00:00\" \/>\n<meta property=\"og:image\" content=\"https:\/\/autravail.ca\/wp-content\/uploads\/2025\/05\/VC30507_A01_f88a64de-2ac9-48a5-b773-1a8ae682df0e.jpg\" \/>\n\t<meta property=\"og:image:width\" content=\"1000\" \/>\n\t<meta property=\"og:image:height\" content=\"1000\" \/>\n\t<meta property=\"og:image:type\" content=\"image\/jpeg\" \/>\n<meta name=\"twitter:card\" content=\"summary_large_image\" \/>\n<meta name=\"twitter:label1\" content=\"Est. reading time\" \/>\n\t<meta name=\"twitter:data1\" content=\"2 minutes\" \/>\n<script type=\"application\/ld+json\" class=\"yoast-schema-graph\">{\"@context\":\"https:\/\/schema.org\",\"@graph\":[{\"@type\":\"WebPage\",\"@id\":\"https:\/\/autravail.ca\/product\/espadrille-de-travail-vc30507\/\",\"url\":\"https:\/\/autravail.ca\/product\/espadrille-de-travail-vc30507\/\",\"name\":\"Espadrille de travail - VC30507 - Le Magasin Industriel\",\"isPartOf\":{\"@id\":\"https:\/\/autravail.ca\/#website\"},\"primaryImageOfPage\":{\"@id\":\"https:\/\/autravail.ca\/product\/espadrille-de-travail-vc30507\/#primaryimage\"},\"image\":{\"@id\":\"https:\/\/autravail.ca\/product\/espadrille-de-travail-vc30507\/#primaryimage\"},\"thumbnailUrl\":\"https:\/\/autravail.ca\/wp-content\/uploads\/2025\/05\/VC30507_A01_f88a64de-2ac9-48a5-b773-1a8ae682df0e.jpg\",\"datePublished\":\"2025-05-08T08:08:56+00:00\",\"dateModified\":\"2026-03-05T19:59:54+00:00\",\"description\":\"Espadrille de travail - VC30507 est parfaite pour les travailleurs cherchant une chaussure l\u00e9g\u00e8re, flexible et styl\u00e9e, embout en composite\",\"breadcrumb\":{\"@id\":\"https:\/\/autravail.ca\/product\/espadrille-de-travail-vc30507\/#breadcrumb\"},\"inLanguage\":\"en-CA\",\"potentialAction\":[{\"@type\":\"ReadAction\",\"target\":[\"https:\/\/autravail.ca\/product\/espadrille-de-travail-vc30507\/\"]}]},{\"@type\":\"ImageObject\",\"inLanguage\":\"en-CA\",\"@id\":\"https:\/\/autravail.ca\/product\/espadrille-de-travail-vc30507\/#primaryimage\",\"url\":\"https:\/\/autravail.ca\/wp-content\/uploads\/2025\/05\/VC30507_A01_f88a64de-2ac9-48a5-b773-1a8ae682df0e.jpg\",\"contentUrl\":\"https:\/\/autravail.ca\/wp-content\/uploads\/2025\/05\/VC30507_A01_f88a64de-2ac9-48a5-b773-1a8ae682df0e.jpg\",\"width\":1000,\"height\":1000,\"caption\":\"Espadrille de travail - VC30507\"},{\"@type\":\"BreadcrumbList\",\"@id\":\"https:\/\/autravail.ca\/product\/espadrille-de-travail-vc30507\/#breadcrumb\",\"itemListElement\":[{\"@type\":\"ListItem\",\"position\":1,\"name\":\"Accueil\",\"item\":\"https:\/\/autravail.ca\/\"},{\"@type\":\"ListItem\",\"position\":2,\"name\":\"Magasin\",\"item\":\"https:\/\/autravail.ca\/en\/shop\/\"},{\"@type\":\"ListItem\",\"position\":3,\"name\":\"Espadrille de travail &#8211; VC30507\"}]},{\"@type\":\"WebSite\",\"@id\":\"https:\/\/autravail.ca\/#website\",\"url\":\"https:\/\/autravail.ca\/\",\"name\":\"Le Magasin Industriel\",\"description\":\"50 ans de tradition de s\u00e9curit\u00e9 au travail\",\"publisher\":{\"@id\":\"https:\/\/autravail.ca\/#organization\"},\"potentialAction\":[{\"@type\":\"SearchAction\",\"target\":{\"@type\":\"EntryPoint\",\"urlTemplate\":\"https:\/\/autravail.ca\/?s={search_term_string}\"},\"query-input\":{\"@type\":\"PropertyValueSpecification\",\"valueRequired\":true,\"valueName\":\"search_term_string\"}}],\"inLanguage\":\"en-CA\"},{\"@type\":\"Organization\",\"@id\":\"https:\/\/autravail.ca\/#organization\",\"name\":\"Le Magasin Industriel\",\"url\":\"https:\/\/autravail.ca\/\",\"logo\":{\"@type\":\"ImageObject\",\"inLanguage\":\"en-CA\",\"@id\":\"https:\/\/autravail.ca\/#\/schema\/logo\/image\/\",\"url\":\"https:\/\/autravail.ca\/wp-content\/uploads\/2025\/05\/cropped-magasin_industriel_120x.avif\",\"contentUrl\":\"https:\/\/autravail.ca\/wp-content\/uploads\/2025\/05\/cropped-magasin_industriel_120x.avif\",\"width\":120,\"height\":24,\"caption\":\"Le Magasin Industriel\"},\"image\":{\"@id\":\"https:\/\/autravail.ca\/#\/schema\/logo\/image\/\"},\"sameAs\":[\"https:\/\/www.facebook.com\/lemagasinindustriel\/?locale=fr_FR\"]}]}<\/script>\n<!-- \/ Yoast SEO plugin. -->","yoast_head_json":{"title":"Espadrille de travail - VC30507 - Le Magasin Industriel","description":"Espadrille de travail - VC30507 est parfaite pour les travailleurs cherchant une chaussure l\u00e9g\u00e8re, flexible et styl\u00e9e, embout en composite","robots":{"index":"index","follow":"follow","max-snippet":"max-snippet:-1","max-image-preview":"max-image-preview:large","max-video-preview":"max-video-preview:-1"},"canonical":"https:\/\/autravail.ca\/en\/product\/espadrille-de-travail-vc30507\/","og_locale":"en_US","og_type":"article","og_title":"Espadrille de travail - VC30507 - Le Magasin Industriel","og_description":"Espadrille de travail - VC30507 est parfaite pour les travailleurs cherchant une chaussure l\u00e9g\u00e8re, flexible et styl\u00e9e, embout en composite","og_url":"https:\/\/autravail.ca\/en\/product\/espadrille-de-travail-vc30507\/","og_site_name":"Le Magasin Industriel","article_publisher":"https:\/\/www.facebook.com\/lemagasinindustriel\/?locale=fr_FR","article_modified_time":"2026-03-05T19:59:54+00:00","og_image":[{"width":1000,"height":1000,"url":"https:\/\/autravail.ca\/wp-content\/uploads\/2025\/05\/VC30507_A01_f88a64de-2ac9-48a5-b773-1a8ae682df0e.jpg","type":"image\/jpeg"}],"twitter_card":"summary_large_image","twitter_misc":{"Est. reading time":"2 minutes"},"schema":{"@context":"https:\/\/schema.org","@graph":[{"@type":"WebPage","@id":"https:\/\/autravail.ca\/product\/espadrille-de-travail-vc30507\/","url":"https:\/\/autravail.ca\/product\/espadrille-de-travail-vc30507\/","name":"Espadrille de travail - VC30507 - Le Magasin Industriel","isPartOf":{"@id":"https:\/\/autravail.ca\/#website"},"primaryImageOfPage":{"@id":"https:\/\/autravail.ca\/product\/espadrille-de-travail-vc30507\/#primaryimage"},"image":{"@id":"https:\/\/autravail.ca\/product\/espadrille-de-travail-vc30507\/#primaryimage"},"thumbnailUrl":"https:\/\/autravail.ca\/wp-content\/uploads\/2025\/05\/VC30507_A01_f88a64de-2ac9-48a5-b773-1a8ae682df0e.jpg","datePublished":"2025-05-08T08:08:56+00:00","dateModified":"2026-03-05T19:59:54+00:00","description":"Espadrille de travail - VC30507 est parfaite pour les travailleurs cherchant une chaussure l\u00e9g\u00e8re, flexible et styl\u00e9e, embout en composite","breadcrumb":{"@id":"https:\/\/autravail.ca\/product\/espadrille-de-travail-vc30507\/#breadcrumb"},"inLanguage":"en-CA","potentialAction":[{"@type":"ReadAction","target":["https:\/\/autravail.ca\/product\/espadrille-de-travail-vc30507\/"]}]},{"@type":"ImageObject","inLanguage":"en-CA","@id":"https:\/\/autravail.ca\/product\/espadrille-de-travail-vc30507\/#primaryimage","url":"https:\/\/autravail.ca\/wp-content\/uploads\/2025\/05\/VC30507_A01_f88a64de-2ac9-48a5-b773-1a8ae682df0e.jpg","contentUrl":"https:\/\/autravail.ca\/wp-content\/uploads\/2025\/05\/VC30507_A01_f88a64de-2ac9-48a5-b773-1a8ae682df0e.jpg","width":1000,"height":1000,"caption":"Espadrille de travail - VC30507"},{"@type":"BreadcrumbList","@id":"https:\/\/autravail.ca\/product\/espadrille-de-travail-vc30507\/#breadcrumb","itemListElement":[{"@type":"ListItem","position":1,"name":"Accueil","item":"https:\/\/autravail.ca\/"},{"@type":"ListItem","position":2,"name":"Magasin","item":"https:\/\/autravail.ca\/en\/shop\/"},{"@type":"ListItem","position":3,"name":"Espadrille de travail &#8211; VC30507"}]},{"@type":"WebSite","@id":"https:\/\/autravail.ca\/#website","url":"https:\/\/autravail.ca\/","name":"Le Magasin Industriel","description":"50 ans de tradition de s\u00e9curit\u00e9 au travail","publisher":{"@id":"https:\/\/autravail.ca\/#organization"},"potentialAction":[{"@type":"SearchAction","target":{"@type":"EntryPoint","urlTemplate":"https:\/\/autravail.ca\/?s={search_term_string}"},"query-input":{"@type":"PropertyValueSpecification","valueRequired":true,"valueName":"search_term_string"}}],"inLanguage":"en-CA"},{"@type":"Organization","@id":"https:\/\/autravail.ca\/#organization","name":"Le Magasin Industriel","url":"https:\/\/autravail.ca\/","logo":{"@type":"ImageObject","inLanguage":"en-CA","@id":"https:\/\/autravail.ca\/#\/schema\/logo\/image\/","url":"https:\/\/autravail.ca\/wp-content\/uploads\/2025\/05\/cropped-magasin_industriel_120x.avif","contentUrl":"https:\/\/autravail.ca\/wp-content\/uploads\/2025\/05\/cropped-magasin_industriel_120x.avif","width":120,"height":24,"caption":"Le Magasin Industriel"},"image":{"@id":"https:\/\/autravail.ca\/#\/schema\/logo\/image\/"},"sameAs":["https:\/\/www.facebook.com\/lemagasinindustriel\/?locale=fr_FR"]}]}},"jetpack_sharing_enabled":true,"_links":{"self":[{"href":"https:\/\/autravail.ca\/en\/wp-json\/wp\/v2\/product\/37674","targetHints":{"allow":["GET"]}}],"collection":[{"href":"https:\/\/autravail.ca\/en\/wp-json\/wp\/v2\/product"}],"about":[{"href":"https:\/\/autravail.ca\/en\/wp-json\/wp\/v2\/types\/product"}],"replies":[{"embeddable":true,"href":"https:\/\/autravail.ca\/en\/wp-json\/wp\/v2\/comments?post=37674"}],"wp:featuredmedia":[{"embeddable":true,"href":"https:\/\/autravail.ca\/en\/wp-json\/wp\/v2\/media\/23839"}],"wp:attachment":[{"href":"https:\/\/autravail.ca\/en\/wp-json\/wp\/v2\/media?parent=37674"}],"wp:term":[{"taxonomy":"product_cat","embeddable":true,"href":"https:\/\/autravail.ca\/en\/wp-json\/wp\/v2\/product_cat?post=37674"},{"taxonomy":"product_tag","embeddable":true,"href":"https:\/\/autravail.ca\/en\/wp-json\/wp\/v2\/product_tag?post=37674"}],"curies":[{"name":"wp","href":"https:\/\/api.w.org\/{rel}","templated":true}]}}