{"id":37644,"date":"2025-05-08T08:08:45","date_gmt":"2025-05-08T08:08:45","guid":{"rendered":"https:\/\/meteoquebec.ca\/?post_type=product&#038;p=37644"},"modified":"2026-03-05T15:51:12","modified_gmt":"2026-03-05T19:51:12","slug":"espadrille-skate-de-travail-vc30471","status":"publish","type":"product","link":"https:\/\/autravail.ca\/en\/product\/espadrille-skate-de-travail-vc30471\/","title":{"rendered":"Espadrille\/Skate de travail &#8211; VC30471"},"content":{"rendered":"<h3>Espadrille\/Skate de travail &#8211; VC30471<\/h3>\n<p>Espadrille\/Skate de travail &#8211; VC30471 Stone de <a href=\"https:\/\/autravail.ca\/en\/product-brand\/volcom\/\">Volcom<\/a> est une chaussure de s\u00e9curit\u00e9 \u00e0 tige basse qui s&rsquo;inspire directement de l&rsquo;univers du skate pour offrir un look urbain et d\u00e9contract\u00e9 sans compromis sur la protection industrielle. Cette chaussures de travail de qualit\u00e9 inspir\u00e9es du skate pour les pers\u00e9v\u00e9rants qui sont fid\u00e8les \u00e0 leurs passions et cherchent \u00e0 \u00e9lever leur m\u00e9tier et \u00e0 surmonter les obstacles. Les embouts protecteurs, les semelles ext\u00e9rieures antid\u00e9rapantes Grip Styk et les semelles int\u00e9rieures souples sur le th\u00e8me de la pierre Landing vous permettent de lib\u00e9rer votre travail.<\/p>\n<p><img decoding=\"async\" class=\"alignnone size-full wp-image-44373\" src=\"https:\/\/autravail.ca\/wp-content\/uploads\/2025\/05\/logo-CSA-SD-1.jpg\" alt=\"\" width=\"300\" height=\"87\" srcset=\"https:\/\/autravail.ca\/wp-content\/uploads\/2025\/05\/logo-CSA-SD-1.jpg 300w, https:\/\/autravail.ca\/wp-content\/uploads\/2025\/05\/logo-CSA-SD-1-150x44.jpg 150w, https:\/\/autravail.ca\/wp-content\/uploads\/2025\/05\/logo-CSA-SD-1-18x5.jpg 18w\" sizes=\"(max-width: 300px) 100vw, 300px\" \/><\/p>\n<h6>Characteristics:<\/h6>\n<ul class=\"KsbFXc U6u95\" data-sfc-cb=\"\" data-complete=\"true\" data-processed=\"true\">\n<li><span dir=\"auto\"><span dir=\"auto\">La tige en <strong class=\"Yjhzub\" data-sfc-cb=\"\" data-complete=\"true\">nubuck action<\/strong>\u00a0et PU est renforc\u00e9e par une couture lat\u00e9rale \u00e0 360 degr\u00e9s, garantissant que la chaussure r\u00e9siste \u00e0 l&rsquo;usure quotidienne intense.<\/span><\/span><\/li>\n<li><span dir=\"auto\"><span dir=\"auto\">Doublure : Doublure en maille respirante \u00e9vacuant l&rsquo;humidit\u00e9<\/span><\/span><\/li>\n<li><span dir=\"auto\"><span dir=\"auto\">Semelle ext\u00e9rieure : La semelle ext\u00e9rieure antid\u00e9rapante Grip Styk Stone-Themed travaille dur pour vous emp\u00eacher de glisser.<\/span><\/span><\/li>\n<li><span dir=\"auto\"><span dir=\"auto\">Semelle interm\u00e9diaire : Semelle interm\u00e9diaire r\u00e9sistante \u00e0 la perforation<\/span><\/span><\/li>\n<li><span dir=\"auto\"><span dir=\"auto\">Semelle int\u00e9rieure : La semelle int\u00e9rieure Soft Landing Comfort vous aide \u00e0 rebondir \u00e0 chaque pas.<\/span><\/span><\/li>\n<li><strong class=\"Yjhzub\" data-sfc-cb=\"\" data-complete=\"true\" data-processed=\"true\" aria-owns=\"action-menu-parent-container\">Enti\u00e8rement non m\u00e9tallique<\/strong><\/li>\n<\/ul>\n<p><em><span style=\"color: #fa0b0b;\">Unisex U.S. men's sizes presented. To convert to U.S. women's size, add 2 sizes. Example: 5 U.S. men = 7 U.S. women<\/span><\/em><\/p>\n<p><img decoding=\"async\" class=\"alignnone wp-image-40620\" src=\"https:\/\/autravail.ca\/wp-content\/uploads\/2025\/09\/Jachete-quebec-et-canada.jpg\" alt=\"Logo de l'achat local\" width=\"162\" height=\"139\" \/>Merci d&rsquo;encourager une entreprise 100% d&rsquo;ici!<\/p>\n<p>TS2603H<\/p>","protected":false},"excerpt":{"rendered":"<p>Espadrille\/Skate de travail &#8211; VC30471 Espadrille\/Skate de travail &#8211; VC30471 Stone de Volcom est une chaussure de s\u00e9curit\u00e9 \u00e0 tige basse qui s&rsquo;inspire directement de l&rsquo;univers du skate pour offrir un look urbain et d\u00e9contract\u00e9 sans compromis sur la protection industrielle. Cette chaussures de travail de qualit\u00e9 inspir\u00e9es du skate pour les pers\u00e9v\u00e9rants qui sont [&hellip;]<\/p>","protected":false},"featured_media":23816,"comment_status":"open","ping_status":"closed","template":"","meta":[],"product_cat":[645,633,602],"product_tag":[270,255,242,417],"class_list":{"0":"post-37644","1":"product","2":"type-product","3":"status-publish","4":"has-post-thumbnail","6":"product_brand-volcom","7":"product_cat-espadrilles-de-travail","8":"product_cat-femmes","9":"product_cat-hommes","10":"product_tag-espadrilles-de-travail","11":"product_tag-femme","12":"product_tag-homme","13":"product_tag-volcom","15":"first","16":"instock","17":"taxable","18":"shipping-taxable","19":"purchasable","20":"product-type-variable"},"yoast_head":"<!-- This site is optimized with the Yoast SEO plugin v25.3.1 - https:\/\/yoast.com\/wordpress\/plugins\/seo\/ -->\n<title>Espadrille\/Skate de travail - VC30471 - Le Magasin Industriel<\/title>\n<meta name=\"description\" content=\"Espadrille\/Skate de travail - VC30471 ce mod\u00e8le est particuli\u00e8rement appr\u00e9ci\u00e9 par les professionnels de la livraison, de l&#039;entreposage et de l&#039;hospitalit\u00e9\" \/>\n<meta name=\"robots\" content=\"index, follow, max-snippet:-1, max-image-preview:large, max-video-preview:-1\" \/>\n<link rel=\"canonical\" href=\"https:\/\/autravail.ca\/en\/product\/espadrille-skate-de-travail-vc30471\/\" \/>\n<meta property=\"og:locale\" content=\"en_US\" \/>\n<meta property=\"og:type\" content=\"article\" \/>\n<meta property=\"og:title\" content=\"Espadrille\/Skate de travail - VC30471 - Le Magasin Industriel\" \/>\n<meta property=\"og:description\" content=\"Espadrille\/Skate de travail - VC30471 ce mod\u00e8le est particuli\u00e8rement appr\u00e9ci\u00e9 par les professionnels de la livraison, de l&#039;entreposage et de l&#039;hospitalit\u00e9\" \/>\n<meta property=\"og:url\" content=\"https:\/\/autravail.ca\/en\/product\/espadrille-skate-de-travail-vc30471\/\" \/>\n<meta property=\"og:site_name\" content=\"Le Magasin Industriel\" \/>\n<meta property=\"article:publisher\" content=\"https:\/\/www.facebook.com\/lemagasinindustriel\/?locale=fr_FR\" \/>\n<meta property=\"article:modified_time\" content=\"2026-03-05T19:51:12+00:00\" \/>\n<meta property=\"og:image\" content=\"https:\/\/autravail.ca\/wp-content\/uploads\/2025\/05\/VC30471_A01_3bb2da05-1f19-4bdb-88ba-f36382322b5c.jpg\" \/>\n\t<meta property=\"og:image:width\" content=\"1000\" \/>\n\t<meta property=\"og:image:height\" content=\"1000\" \/>\n\t<meta property=\"og:image:type\" content=\"image\/jpeg\" \/>\n<meta name=\"twitter:card\" content=\"summary_large_image\" \/>\n<meta name=\"twitter:label1\" content=\"Est. reading time\" \/>\n\t<meta name=\"twitter:data1\" content=\"2 minutes\" \/>\n<script type=\"application\/ld+json\" class=\"yoast-schema-graph\">{\"@context\":\"https:\/\/schema.org\",\"@graph\":[{\"@type\":\"WebPage\",\"@id\":\"https:\/\/autravail.ca\/product\/espadrille-skate-de-travail-vc30471\/\",\"url\":\"https:\/\/autravail.ca\/product\/espadrille-skate-de-travail-vc30471\/\",\"name\":\"Espadrille\/Skate de travail - VC30471 - Le Magasin Industriel\",\"isPartOf\":{\"@id\":\"https:\/\/autravail.ca\/#website\"},\"primaryImageOfPage\":{\"@id\":\"https:\/\/autravail.ca\/product\/espadrille-skate-de-travail-vc30471\/#primaryimage\"},\"image\":{\"@id\":\"https:\/\/autravail.ca\/product\/espadrille-skate-de-travail-vc30471\/#primaryimage\"},\"thumbnailUrl\":\"https:\/\/autravail.ca\/wp-content\/uploads\/2025\/05\/VC30471_A01_3bb2da05-1f19-4bdb-88ba-f36382322b5c.jpg\",\"datePublished\":\"2025-05-08T08:08:45+00:00\",\"dateModified\":\"2026-03-05T19:51:12+00:00\",\"description\":\"Espadrille\/Skate de travail - VC30471 ce mod\u00e8le est particuli\u00e8rement appr\u00e9ci\u00e9 par les professionnels de la livraison, de l'entreposage et de l'hospitalit\u00e9\",\"breadcrumb\":{\"@id\":\"https:\/\/autravail.ca\/product\/espadrille-skate-de-travail-vc30471\/#breadcrumb\"},\"inLanguage\":\"en-CA\",\"potentialAction\":[{\"@type\":\"ReadAction\",\"target\":[\"https:\/\/autravail.ca\/product\/espadrille-skate-de-travail-vc30471\/\"]}]},{\"@type\":\"ImageObject\",\"inLanguage\":\"en-CA\",\"@id\":\"https:\/\/autravail.ca\/product\/espadrille-skate-de-travail-vc30471\/#primaryimage\",\"url\":\"https:\/\/autravail.ca\/wp-content\/uploads\/2025\/05\/VC30471_A01_3bb2da05-1f19-4bdb-88ba-f36382322b5c.jpg\",\"contentUrl\":\"https:\/\/autravail.ca\/wp-content\/uploads\/2025\/05\/VC30471_A01_3bb2da05-1f19-4bdb-88ba-f36382322b5c.jpg\",\"width\":1000,\"height\":1000,\"caption\":\"Espadrille\/Skate de travail - VC30471\"},{\"@type\":\"BreadcrumbList\",\"@id\":\"https:\/\/autravail.ca\/product\/espadrille-skate-de-travail-vc30471\/#breadcrumb\",\"itemListElement\":[{\"@type\":\"ListItem\",\"position\":1,\"name\":\"Accueil\",\"item\":\"https:\/\/autravail.ca\/\"},{\"@type\":\"ListItem\",\"position\":2,\"name\":\"Magasin\",\"item\":\"https:\/\/autravail.ca\/en\/shop\/\"},{\"@type\":\"ListItem\",\"position\":3,\"name\":\"Espadrille\/Skate de travail &#8211; VC30471\"}]},{\"@type\":\"WebSite\",\"@id\":\"https:\/\/autravail.ca\/#website\",\"url\":\"https:\/\/autravail.ca\/\",\"name\":\"Le Magasin Industriel\",\"description\":\"50 ans de tradition de s\u00e9curit\u00e9 au travail\",\"publisher\":{\"@id\":\"https:\/\/autravail.ca\/#organization\"},\"potentialAction\":[{\"@type\":\"SearchAction\",\"target\":{\"@type\":\"EntryPoint\",\"urlTemplate\":\"https:\/\/autravail.ca\/?s={search_term_string}\"},\"query-input\":{\"@type\":\"PropertyValueSpecification\",\"valueRequired\":true,\"valueName\":\"search_term_string\"}}],\"inLanguage\":\"en-CA\"},{\"@type\":\"Organization\",\"@id\":\"https:\/\/autravail.ca\/#organization\",\"name\":\"Le Magasin Industriel\",\"url\":\"https:\/\/autravail.ca\/\",\"logo\":{\"@type\":\"ImageObject\",\"inLanguage\":\"en-CA\",\"@id\":\"https:\/\/autravail.ca\/#\/schema\/logo\/image\/\",\"url\":\"https:\/\/autravail.ca\/wp-content\/uploads\/2025\/05\/cropped-magasin_industriel_120x.avif\",\"contentUrl\":\"https:\/\/autravail.ca\/wp-content\/uploads\/2025\/05\/cropped-magasin_industriel_120x.avif\",\"width\":120,\"height\":24,\"caption\":\"Le Magasin Industriel\"},\"image\":{\"@id\":\"https:\/\/autravail.ca\/#\/schema\/logo\/image\/\"},\"sameAs\":[\"https:\/\/www.facebook.com\/lemagasinindustriel\/?locale=fr_FR\"]}]}<\/script>\n<!-- \/ Yoast SEO plugin. -->","yoast_head_json":{"title":"Espadrille\/Skate de travail - VC30471 - Le Magasin Industriel","description":"Espadrille\/Skate de travail - VC30471 ce mod\u00e8le est particuli\u00e8rement appr\u00e9ci\u00e9 par les professionnels de la livraison, de l'entreposage et de l'hospitalit\u00e9","robots":{"index":"index","follow":"follow","max-snippet":"max-snippet:-1","max-image-preview":"max-image-preview:large","max-video-preview":"max-video-preview:-1"},"canonical":"https:\/\/autravail.ca\/en\/product\/espadrille-skate-de-travail-vc30471\/","og_locale":"en_US","og_type":"article","og_title":"Espadrille\/Skate de travail - VC30471 - Le Magasin Industriel","og_description":"Espadrille\/Skate de travail - VC30471 ce mod\u00e8le est particuli\u00e8rement appr\u00e9ci\u00e9 par les professionnels de la livraison, de l'entreposage et de l'hospitalit\u00e9","og_url":"https:\/\/autravail.ca\/en\/product\/espadrille-skate-de-travail-vc30471\/","og_site_name":"Le Magasin Industriel","article_publisher":"https:\/\/www.facebook.com\/lemagasinindustriel\/?locale=fr_FR","article_modified_time":"2026-03-05T19:51:12+00:00","og_image":[{"width":1000,"height":1000,"url":"https:\/\/autravail.ca\/wp-content\/uploads\/2025\/05\/VC30471_A01_3bb2da05-1f19-4bdb-88ba-f36382322b5c.jpg","type":"image\/jpeg"}],"twitter_card":"summary_large_image","twitter_misc":{"Est. reading time":"2 minutes"},"schema":{"@context":"https:\/\/schema.org","@graph":[{"@type":"WebPage","@id":"https:\/\/autravail.ca\/product\/espadrille-skate-de-travail-vc30471\/","url":"https:\/\/autravail.ca\/product\/espadrille-skate-de-travail-vc30471\/","name":"Espadrille\/Skate de travail - VC30471 - Le Magasin Industriel","isPartOf":{"@id":"https:\/\/autravail.ca\/#website"},"primaryImageOfPage":{"@id":"https:\/\/autravail.ca\/product\/espadrille-skate-de-travail-vc30471\/#primaryimage"},"image":{"@id":"https:\/\/autravail.ca\/product\/espadrille-skate-de-travail-vc30471\/#primaryimage"},"thumbnailUrl":"https:\/\/autravail.ca\/wp-content\/uploads\/2025\/05\/VC30471_A01_3bb2da05-1f19-4bdb-88ba-f36382322b5c.jpg","datePublished":"2025-05-08T08:08:45+00:00","dateModified":"2026-03-05T19:51:12+00:00","description":"Espadrille\/Skate de travail - VC30471 ce mod\u00e8le est particuli\u00e8rement appr\u00e9ci\u00e9 par les professionnels de la livraison, de l'entreposage et de l'hospitalit\u00e9","breadcrumb":{"@id":"https:\/\/autravail.ca\/product\/espadrille-skate-de-travail-vc30471\/#breadcrumb"},"inLanguage":"en-CA","potentialAction":[{"@type":"ReadAction","target":["https:\/\/autravail.ca\/product\/espadrille-skate-de-travail-vc30471\/"]}]},{"@type":"ImageObject","inLanguage":"en-CA","@id":"https:\/\/autravail.ca\/product\/espadrille-skate-de-travail-vc30471\/#primaryimage","url":"https:\/\/autravail.ca\/wp-content\/uploads\/2025\/05\/VC30471_A01_3bb2da05-1f19-4bdb-88ba-f36382322b5c.jpg","contentUrl":"https:\/\/autravail.ca\/wp-content\/uploads\/2025\/05\/VC30471_A01_3bb2da05-1f19-4bdb-88ba-f36382322b5c.jpg","width":1000,"height":1000,"caption":"Espadrille\/Skate de travail - VC30471"},{"@type":"BreadcrumbList","@id":"https:\/\/autravail.ca\/product\/espadrille-skate-de-travail-vc30471\/#breadcrumb","itemListElement":[{"@type":"ListItem","position":1,"name":"Accueil","item":"https:\/\/autravail.ca\/"},{"@type":"ListItem","position":2,"name":"Magasin","item":"https:\/\/autravail.ca\/en\/shop\/"},{"@type":"ListItem","position":3,"name":"Espadrille\/Skate de travail &#8211; VC30471"}]},{"@type":"WebSite","@id":"https:\/\/autravail.ca\/#website","url":"https:\/\/autravail.ca\/","name":"Le Magasin Industriel","description":"50 ans de tradition de s\u00e9curit\u00e9 au travail","publisher":{"@id":"https:\/\/autravail.ca\/#organization"},"potentialAction":[{"@type":"SearchAction","target":{"@type":"EntryPoint","urlTemplate":"https:\/\/autravail.ca\/?s={search_term_string}"},"query-input":{"@type":"PropertyValueSpecification","valueRequired":true,"valueName":"search_term_string"}}],"inLanguage":"en-CA"},{"@type":"Organization","@id":"https:\/\/autravail.ca\/#organization","name":"Le Magasin Industriel","url":"https:\/\/autravail.ca\/","logo":{"@type":"ImageObject","inLanguage":"en-CA","@id":"https:\/\/autravail.ca\/#\/schema\/logo\/image\/","url":"https:\/\/autravail.ca\/wp-content\/uploads\/2025\/05\/cropped-magasin_industriel_120x.avif","contentUrl":"https:\/\/autravail.ca\/wp-content\/uploads\/2025\/05\/cropped-magasin_industriel_120x.avif","width":120,"height":24,"caption":"Le Magasin Industriel"},"image":{"@id":"https:\/\/autravail.ca\/#\/schema\/logo\/image\/"},"sameAs":["https:\/\/www.facebook.com\/lemagasinindustriel\/?locale=fr_FR"]}]}},"jetpack_sharing_enabled":true,"_links":{"self":[{"href":"https:\/\/autravail.ca\/en\/wp-json\/wp\/v2\/product\/37644","targetHints":{"allow":["GET"]}}],"collection":[{"href":"https:\/\/autravail.ca\/en\/wp-json\/wp\/v2\/product"}],"about":[{"href":"https:\/\/autravail.ca\/en\/wp-json\/wp\/v2\/types\/product"}],"replies":[{"embeddable":true,"href":"https:\/\/autravail.ca\/en\/wp-json\/wp\/v2\/comments?post=37644"}],"wp:featuredmedia":[{"embeddable":true,"href":"https:\/\/autravail.ca\/en\/wp-json\/wp\/v2\/media\/23816"}],"wp:attachment":[{"href":"https:\/\/autravail.ca\/en\/wp-json\/wp\/v2\/media?parent=37644"}],"wp:term":[{"taxonomy":"product_cat","embeddable":true,"href":"https:\/\/autravail.ca\/en\/wp-json\/wp\/v2\/product_cat?post=37644"},{"taxonomy":"product_tag","embeddable":true,"href":"https:\/\/autravail.ca\/en\/wp-json\/wp\/v2\/product_tag?post=37644"}],"curies":[{"name":"wp","href":"https:\/\/api.w.org\/{rel}","templated":true}]}}