{"id":37619,"date":"2025-05-08T08:08:19","date_gmt":"2025-05-08T08:08:19","guid":{"rendered":"https:\/\/meteoquebec.ca\/?post_type=product&#038;p=37619"},"modified":"2026-03-05T15:40:33","modified_gmt":"2026-03-05T19:40:33","slug":"espadrille-de-travail-vc30468","status":"publish","type":"product","link":"https:\/\/autravail.ca\/en\/product\/espadrille-de-travail-vc30468\/","title":{"rendered":"Espadrille de travail &#8211; VC30468"},"content":{"rendered":"<h3>Espadrille de travail &#8211; VC30468<\/h3>\n<p>Espadrille de travail &#8211; VC30468 Stone de <a href=\"https:\/\/autravail.ca\/en\/product-brand\/volcom\/\">Volcom<\/a> en gris est un mod\u00e8le de s\u00e9curit\u00e9 \u00e0 tige basse qui capture l&rsquo;essence m\u00eame du style \u00ab\u00a0skate\u00a0\u00bb tout en r\u00e9pondant aux exigences rigoureuses des milieux de travail modernes. Con\u00e7ue pour ceux qui refusent de sacrifier leur look pour la s\u00e9curit\u00e9, elle s&rsquo;int\u00e8gre parfaitement dans les secteurs de la livraison, de l&rsquo;entreposage et de l&rsquo;hospitalit\u00e9. Chaussures de travail de qualit\u00e9 inspir\u00e9es du skate pour les pers\u00e9v\u00e9rants qui sont fid\u00e8les \u00e0 leurs passions et cherchent \u00e0 \u00e9lever leur m\u00e9tier et \u00e0 surmonter les obstacles. Les\u00a0embouts protecteurs, les semelles ext\u00e9rieures antid\u00e9rapantes Grip Styk et les semelles int\u00e9rieures souples sur le th\u00e8me de la pierre Landing vous permettent de lib\u00e9rer votre travail.<\/p>\n<p><img decoding=\"async\" class=\"alignnone size-full wp-image-40117\" src=\"https:\/\/autravail.ca\/wp-content\/uploads\/2025\/09\/Certification-Omega-Triangle-vert.jpg\" alt=\"Certifications Om\u00e9ga Triangle vert\" width=\"193\" height=\"110\" srcset=\"https:\/\/autravail.ca\/wp-content\/uploads\/2025\/09\/Certification-Omega-Triangle-vert.jpg 193w, https:\/\/autravail.ca\/wp-content\/uploads\/2025\/09\/Certification-Omega-Triangle-vert-150x85.jpg 150w, https:\/\/autravail.ca\/wp-content\/uploads\/2025\/09\/Certification-Omega-Triangle-vert-18x10.jpg 18w\" sizes=\"(max-width: 193px) 100vw, 193px\" \/><\/p>\n<h6>Characteristics:<\/h6>\n<ul class=\"KsbFXc U6u95\" data-sfc-cb=\"\" data-complete=\"true\" data-processed=\"true\">\n<li class=\"dF3vjf\" data-sfc-cb=\"\" data-hveid=\"CAEIBRAA\" data-complete=\"true\" data-sae=\"\"><span class=\"T286Pc\" data-sfc-cp=\"\" data-sfc-cb=\"\" data-complete=\"true\">Prot\u00e8ge contre les impacts et la compression tout en \u00e9tant plus l\u00e9ger que l&rsquo;acier et non conducteur de temp\u00e9rature.<\/span><\/li>\n<li class=\"dF3vjf\" data-sfc-cb=\"\" data-hveid=\"CAEIBRAB\" data-complete=\"true\" data-sae=\"\"><span class=\"T286Pc\" data-sfc-cp=\"\" data-sfc-cb=\"\" data-complete=\"true\">Elle porte le \u00ab\u00a0Greenpatch\u00a0\u00bb (triangle vert), indiquant une protection contre les perforations gr\u00e2ce \u00e0 une <strong class=\"Yjhzub\" data-sfc-cb=\"\" data-complete=\"true\">semelle intercalaire r\u00e9sistante<\/strong>.<\/span><\/li>\n<li class=\"dF3vjf\" data-sfc-cb=\"\" data-hveid=\"CAEIBRAC\" data-complete=\"true\" data-sae=\"\"><span class=\"T286Pc\" data-sfc-cp=\"\" data-sfc-cb=\"\" data-complete=\"true\" aria-owns=\"action-menu-parent-container\">Certifi\u00e9e <strong class=\"Yjhzub\" data-sfc-cb=\"\" data-complete=\"true\">ESR\/EH<\/strong>, elle offre une barri\u00e8re contre les chocs \u00e9lectriques.<\/span><\/li>\n<li class=\"dF3vjf\" data-sfc-cb=\"\" data-hveid=\"CAEICBAA\" data-complete=\"true\" data-sae=\"\"><span class=\"T286Pc\" data-sfc-cp=\"\" data-sfc-cb=\"\" data-complete=\"true\">Une technologie de mousse \u00e0 m\u00e9moire de forme qui absorbe les chocs et aide \u00e0 la r\u00e9cup\u00e9ration \u00e0 chaque pas.<\/span><\/li>\n<li class=\"dF3vjf\" data-sfc-cb=\"\" data-hveid=\"CAEICBAB\" data-complete=\"true\" data-sae=\"\"><span class=\"T286Pc\" data-sfc-cp=\"\" data-sfc-cb=\"\" data-complete=\"true\">Une maille \u00e9vacuant l&rsquo;humidit\u00e9 garde les pieds au frais et au sec durant les longues journ\u00e9es.<\/span><\/li>\n<li class=\"dF3vjf\" data-sfc-cb=\"\" data-hveid=\"CAEICBAC\" data-complete=\"true\" data-sae=\"\"><span class=\"T286Pc\" data-sfc-cp=\"\" data-sfc-cb=\"\" data-complete=\"true\" aria-owns=\"action-menu-parent-container\">Sa semelle ext\u00e9rieure en caoutchouc antid\u00e9rapante offre une excellente traction sur les surfaces huileuses ou glissantes.<\/span><\/li>\n<\/ul>\n<p><em><span style=\"color: #fa0b0b;\">Unisex U.S. men's sizes presented. To convert to U.S. women's size, add 2 sizes. Example: 5 U.S. men = 7 U.S. women<\/span><\/em><\/p>\n<p><img decoding=\"async\" class=\"alignnone wp-image-40620\" src=\"https:\/\/autravail.ca\/wp-content\/uploads\/2025\/09\/Jachete-quebec-et-canada.jpg\" alt=\"Logo de l'achat local\" width=\"162\" height=\"139\" \/>Merci d&rsquo;encourager une entreprise 100% d&rsquo;ici!<\/p>\n<p>TS2603H<\/p>","protected":false},"excerpt":{"rendered":"<p>Espadrille de travail &#8211; VC30468 Espadrille de travail &#8211; VC30468 Stone de Volcom en gris est un mod\u00e8le de s\u00e9curit\u00e9 \u00e0 tige basse qui capture l&rsquo;essence m\u00eame du style \u00ab\u00a0skate\u00a0\u00bb tout en r\u00e9pondant aux exigences rigoureuses des milieux de travail modernes. Con\u00e7ue pour ceux qui refusent de sacrifier leur look pour la s\u00e9curit\u00e9, elle s&rsquo;int\u00e8gre [&hellip;]<\/p>","protected":false},"featured_media":23798,"comment_status":"open","ping_status":"closed","template":"","meta":[],"product_cat":[645],"product_tag":[252,270,242,253,257,417],"class_list":{"0":"post-37619","1":"product","2":"type-product","3":"status-publish","4":"has-post-thumbnail","6":"product_brand-volcom","7":"product_cat-espadrilles-de-travail","8":"product_tag-electric-shock-resistant","9":"product_tag-espadrilles-de-travail","10":"product_tag-homme","11":"product_tag-sole-protection","12":"product_tag-souliers-de-travail","13":"product_tag-volcom","15":"first","16":"instock","17":"taxable","18":"shipping-taxable","19":"purchasable","20":"product-type-variable"},"yoast_head":"<!-- This site is optimized with the Yoast SEO plugin v25.3.1 - https:\/\/yoast.com\/wordpress\/plugins\/seo\/ -->\n<title>Espadrille de travail - VC30468 - Le Magasin Industriel<\/title>\n<meta name=\"description\" content=\"Espadrille de travail - VC30468 con\u00e7ue pour ceux qui refusent de sacrifier leur look pour la s\u00e9curit\u00e9, enti\u00e8rement non m\u00e9tallique\" \/>\n<meta name=\"robots\" content=\"index, follow, max-snippet:-1, max-image-preview:large, max-video-preview:-1\" \/>\n<link rel=\"canonical\" href=\"https:\/\/autravail.ca\/en\/product\/espadrille-de-travail-vc30468\/\" \/>\n<meta property=\"og:locale\" content=\"en_US\" \/>\n<meta property=\"og:type\" content=\"article\" \/>\n<meta property=\"og:title\" content=\"Espadrille de travail - VC30468 - Le Magasin Industriel\" \/>\n<meta property=\"og:description\" content=\"Espadrille de travail - VC30468 con\u00e7ue pour ceux qui refusent de sacrifier leur look pour la s\u00e9curit\u00e9, enti\u00e8rement non m\u00e9tallique\" \/>\n<meta property=\"og:url\" content=\"https:\/\/autravail.ca\/en\/product\/espadrille-de-travail-vc30468\/\" \/>\n<meta property=\"og:site_name\" content=\"Le Magasin Industriel\" \/>\n<meta property=\"article:publisher\" content=\"https:\/\/www.facebook.com\/lemagasinindustriel\/?locale=fr_FR\" \/>\n<meta property=\"article:modified_time\" content=\"2026-03-05T19:40:33+00:00\" \/>\n<meta property=\"og:image\" content=\"https:\/\/autravail.ca\/wp-content\/uploads\/2025\/05\/VC30468_A01_7da8b3d1-5f8e-42bb-909f-ac2b9354edd6.jpg\" \/>\n\t<meta property=\"og:image:width\" content=\"1000\" \/>\n\t<meta property=\"og:image:height\" content=\"1000\" \/>\n\t<meta property=\"og:image:type\" content=\"image\/jpeg\" \/>\n<meta name=\"twitter:card\" content=\"summary_large_image\" \/>\n<meta name=\"twitter:label1\" content=\"Est. reading time\" \/>\n\t<meta name=\"twitter:data1\" content=\"2 minutes\" \/>\n<script type=\"application\/ld+json\" class=\"yoast-schema-graph\">{\"@context\":\"https:\/\/schema.org\",\"@graph\":[{\"@type\":\"WebPage\",\"@id\":\"https:\/\/autravail.ca\/product\/espadrille-de-travail-vc30468\/\",\"url\":\"https:\/\/autravail.ca\/product\/espadrille-de-travail-vc30468\/\",\"name\":\"Espadrille de travail - VC30468 - Le Magasin Industriel\",\"isPartOf\":{\"@id\":\"https:\/\/autravail.ca\/#website\"},\"primaryImageOfPage\":{\"@id\":\"https:\/\/autravail.ca\/product\/espadrille-de-travail-vc30468\/#primaryimage\"},\"image\":{\"@id\":\"https:\/\/autravail.ca\/product\/espadrille-de-travail-vc30468\/#primaryimage\"},\"thumbnailUrl\":\"https:\/\/autravail.ca\/wp-content\/uploads\/2025\/05\/VC30468_A01_7da8b3d1-5f8e-42bb-909f-ac2b9354edd6.jpg\",\"datePublished\":\"2025-05-08T08:08:19+00:00\",\"dateModified\":\"2026-03-05T19:40:33+00:00\",\"description\":\"Espadrille de travail - VC30468 con\u00e7ue pour ceux qui refusent de sacrifier leur look pour la s\u00e9curit\u00e9, enti\u00e8rement non m\u00e9tallique\",\"breadcrumb\":{\"@id\":\"https:\/\/autravail.ca\/product\/espadrille-de-travail-vc30468\/#breadcrumb\"},\"inLanguage\":\"en-CA\",\"potentialAction\":[{\"@type\":\"ReadAction\",\"target\":[\"https:\/\/autravail.ca\/product\/espadrille-de-travail-vc30468\/\"]}]},{\"@type\":\"ImageObject\",\"inLanguage\":\"en-CA\",\"@id\":\"https:\/\/autravail.ca\/product\/espadrille-de-travail-vc30468\/#primaryimage\",\"url\":\"https:\/\/autravail.ca\/wp-content\/uploads\/2025\/05\/VC30468_A01_7da8b3d1-5f8e-42bb-909f-ac2b9354edd6.jpg\",\"contentUrl\":\"https:\/\/autravail.ca\/wp-content\/uploads\/2025\/05\/VC30468_A01_7da8b3d1-5f8e-42bb-909f-ac2b9354edd6.jpg\",\"width\":1000,\"height\":1000,\"caption\":\"Espadrille de travail - VC30468\"},{\"@type\":\"BreadcrumbList\",\"@id\":\"https:\/\/autravail.ca\/product\/espadrille-de-travail-vc30468\/#breadcrumb\",\"itemListElement\":[{\"@type\":\"ListItem\",\"position\":1,\"name\":\"Accueil\",\"item\":\"https:\/\/autravail.ca\/\"},{\"@type\":\"ListItem\",\"position\":2,\"name\":\"Magasin\",\"item\":\"https:\/\/autravail.ca\/en\/shop\/\"},{\"@type\":\"ListItem\",\"position\":3,\"name\":\"Espadrille de travail &#8211; VC30468\"}]},{\"@type\":\"WebSite\",\"@id\":\"https:\/\/autravail.ca\/#website\",\"url\":\"https:\/\/autravail.ca\/\",\"name\":\"Le Magasin Industriel\",\"description\":\"50 ans de tradition de s\u00e9curit\u00e9 au travail\",\"publisher\":{\"@id\":\"https:\/\/autravail.ca\/#organization\"},\"potentialAction\":[{\"@type\":\"SearchAction\",\"target\":{\"@type\":\"EntryPoint\",\"urlTemplate\":\"https:\/\/autravail.ca\/?s={search_term_string}\"},\"query-input\":{\"@type\":\"PropertyValueSpecification\",\"valueRequired\":true,\"valueName\":\"search_term_string\"}}],\"inLanguage\":\"en-CA\"},{\"@type\":\"Organization\",\"@id\":\"https:\/\/autravail.ca\/#organization\",\"name\":\"Le Magasin Industriel\",\"url\":\"https:\/\/autravail.ca\/\",\"logo\":{\"@type\":\"ImageObject\",\"inLanguage\":\"en-CA\",\"@id\":\"https:\/\/autravail.ca\/#\/schema\/logo\/image\/\",\"url\":\"https:\/\/autravail.ca\/wp-content\/uploads\/2025\/05\/cropped-magasin_industriel_120x.avif\",\"contentUrl\":\"https:\/\/autravail.ca\/wp-content\/uploads\/2025\/05\/cropped-magasin_industriel_120x.avif\",\"width\":120,\"height\":24,\"caption\":\"Le Magasin Industriel\"},\"image\":{\"@id\":\"https:\/\/autravail.ca\/#\/schema\/logo\/image\/\"},\"sameAs\":[\"https:\/\/www.facebook.com\/lemagasinindustriel\/?locale=fr_FR\"]}]}<\/script>\n<!-- \/ Yoast SEO plugin. -->","yoast_head_json":{"title":"Espadrille de travail - VC30468 - Le Magasin Industriel","description":"Espadrille de travail - VC30468 con\u00e7ue pour ceux qui refusent de sacrifier leur look pour la s\u00e9curit\u00e9, enti\u00e8rement non m\u00e9tallique","robots":{"index":"index","follow":"follow","max-snippet":"max-snippet:-1","max-image-preview":"max-image-preview:large","max-video-preview":"max-video-preview:-1"},"canonical":"https:\/\/autravail.ca\/en\/product\/espadrille-de-travail-vc30468\/","og_locale":"en_US","og_type":"article","og_title":"Espadrille de travail - VC30468 - Le Magasin Industriel","og_description":"Espadrille de travail - VC30468 con\u00e7ue pour ceux qui refusent de sacrifier leur look pour la s\u00e9curit\u00e9, enti\u00e8rement non m\u00e9tallique","og_url":"https:\/\/autravail.ca\/en\/product\/espadrille-de-travail-vc30468\/","og_site_name":"Le Magasin Industriel","article_publisher":"https:\/\/www.facebook.com\/lemagasinindustriel\/?locale=fr_FR","article_modified_time":"2026-03-05T19:40:33+00:00","og_image":[{"width":1000,"height":1000,"url":"https:\/\/autravail.ca\/wp-content\/uploads\/2025\/05\/VC30468_A01_7da8b3d1-5f8e-42bb-909f-ac2b9354edd6.jpg","type":"image\/jpeg"}],"twitter_card":"summary_large_image","twitter_misc":{"Est. reading time":"2 minutes"},"schema":{"@context":"https:\/\/schema.org","@graph":[{"@type":"WebPage","@id":"https:\/\/autravail.ca\/product\/espadrille-de-travail-vc30468\/","url":"https:\/\/autravail.ca\/product\/espadrille-de-travail-vc30468\/","name":"Espadrille de travail - VC30468 - Le Magasin Industriel","isPartOf":{"@id":"https:\/\/autravail.ca\/#website"},"primaryImageOfPage":{"@id":"https:\/\/autravail.ca\/product\/espadrille-de-travail-vc30468\/#primaryimage"},"image":{"@id":"https:\/\/autravail.ca\/product\/espadrille-de-travail-vc30468\/#primaryimage"},"thumbnailUrl":"https:\/\/autravail.ca\/wp-content\/uploads\/2025\/05\/VC30468_A01_7da8b3d1-5f8e-42bb-909f-ac2b9354edd6.jpg","datePublished":"2025-05-08T08:08:19+00:00","dateModified":"2026-03-05T19:40:33+00:00","description":"Espadrille de travail - VC30468 con\u00e7ue pour ceux qui refusent de sacrifier leur look pour la s\u00e9curit\u00e9, enti\u00e8rement non m\u00e9tallique","breadcrumb":{"@id":"https:\/\/autravail.ca\/product\/espadrille-de-travail-vc30468\/#breadcrumb"},"inLanguage":"en-CA","potentialAction":[{"@type":"ReadAction","target":["https:\/\/autravail.ca\/product\/espadrille-de-travail-vc30468\/"]}]},{"@type":"ImageObject","inLanguage":"en-CA","@id":"https:\/\/autravail.ca\/product\/espadrille-de-travail-vc30468\/#primaryimage","url":"https:\/\/autravail.ca\/wp-content\/uploads\/2025\/05\/VC30468_A01_7da8b3d1-5f8e-42bb-909f-ac2b9354edd6.jpg","contentUrl":"https:\/\/autravail.ca\/wp-content\/uploads\/2025\/05\/VC30468_A01_7da8b3d1-5f8e-42bb-909f-ac2b9354edd6.jpg","width":1000,"height":1000,"caption":"Espadrille de travail - VC30468"},{"@type":"BreadcrumbList","@id":"https:\/\/autravail.ca\/product\/espadrille-de-travail-vc30468\/#breadcrumb","itemListElement":[{"@type":"ListItem","position":1,"name":"Accueil","item":"https:\/\/autravail.ca\/"},{"@type":"ListItem","position":2,"name":"Magasin","item":"https:\/\/autravail.ca\/en\/shop\/"},{"@type":"ListItem","position":3,"name":"Espadrille de travail &#8211; VC30468"}]},{"@type":"WebSite","@id":"https:\/\/autravail.ca\/#website","url":"https:\/\/autravail.ca\/","name":"Le Magasin Industriel","description":"50 ans de tradition de s\u00e9curit\u00e9 au travail","publisher":{"@id":"https:\/\/autravail.ca\/#organization"},"potentialAction":[{"@type":"SearchAction","target":{"@type":"EntryPoint","urlTemplate":"https:\/\/autravail.ca\/?s={search_term_string}"},"query-input":{"@type":"PropertyValueSpecification","valueRequired":true,"valueName":"search_term_string"}}],"inLanguage":"en-CA"},{"@type":"Organization","@id":"https:\/\/autravail.ca\/#organization","name":"Le Magasin Industriel","url":"https:\/\/autravail.ca\/","logo":{"@type":"ImageObject","inLanguage":"en-CA","@id":"https:\/\/autravail.ca\/#\/schema\/logo\/image\/","url":"https:\/\/autravail.ca\/wp-content\/uploads\/2025\/05\/cropped-magasin_industriel_120x.avif","contentUrl":"https:\/\/autravail.ca\/wp-content\/uploads\/2025\/05\/cropped-magasin_industriel_120x.avif","width":120,"height":24,"caption":"Le Magasin Industriel"},"image":{"@id":"https:\/\/autravail.ca\/#\/schema\/logo\/image\/"},"sameAs":["https:\/\/www.facebook.com\/lemagasinindustriel\/?locale=fr_FR"]}]}},"jetpack_sharing_enabled":true,"_links":{"self":[{"href":"https:\/\/autravail.ca\/en\/wp-json\/wp\/v2\/product\/37619","targetHints":{"allow":["GET"]}}],"collection":[{"href":"https:\/\/autravail.ca\/en\/wp-json\/wp\/v2\/product"}],"about":[{"href":"https:\/\/autravail.ca\/en\/wp-json\/wp\/v2\/types\/product"}],"replies":[{"embeddable":true,"href":"https:\/\/autravail.ca\/en\/wp-json\/wp\/v2\/comments?post=37619"}],"wp:featuredmedia":[{"embeddable":true,"href":"https:\/\/autravail.ca\/en\/wp-json\/wp\/v2\/media\/23798"}],"wp:attachment":[{"href":"https:\/\/autravail.ca\/en\/wp-json\/wp\/v2\/media?parent=37619"}],"wp:term":[{"taxonomy":"product_cat","embeddable":true,"href":"https:\/\/autravail.ca\/en\/wp-json\/wp\/v2\/product_cat?post=37619"},{"taxonomy":"product_tag","embeddable":true,"href":"https:\/\/autravail.ca\/en\/wp-json\/wp\/v2\/product_tag?post=37619"}],"curies":[{"name":"wp","href":"https:\/\/api.w.org\/{rel}","templated":true}]}}