{"id":37618,"date":"2025-05-08T08:08:18","date_gmt":"2025-05-08T08:08:18","guid":{"rendered":"https:\/\/meteoquebec.ca\/?post_type=product&#038;p=37618"},"modified":"2026-03-05T15:33:56","modified_gmt":"2026-03-05T19:33:56","slug":"espadrille-skate-de-travail-vc30244","status":"publish","type":"product","link":"https:\/\/autravail.ca\/en\/product\/espadrille-skate-de-travail-vc30244\/","title":{"rendered":"Espadrille\/Skate de travail &#8211; VC30244"},"content":{"rendered":"<h3>Espadrille\/Skate de travail &#8211; VC30244<\/h3>\n<p>Espadrille\/Skate de travail &#8211; VC30244 Evolve de Volcom est un mod\u00e8le de s\u00e9curit\u00e9 montant qui fusionne l&rsquo;esth\u00e9tique rebelle de la culture skate avec les exigences rigoureuses du milieu de travail industriel. Inspir\u00e9e des d\u00e9cennies d&rsquo;exp\u00e9rience de Volcom dans la construction de skateparks, cette chaussure est con\u00e7ue pour ceux qui recherchent un style personnel sans sacrifier la protection. Chaussures de travail de qualit\u00e9 inspir\u00e9es du skate pour les pers\u00e9v\u00e9rants qui sont fid\u00e8les \u00e0 leurs passions et cherchent \u00e0 \u00e9lever leur m\u00e9tier et \u00e0 surmonter les obstacles.<\/p>\n<p><img decoding=\"async\" class=\"alignnone size-full wp-image-40117\" src=\"https:\/\/autravail.ca\/wp-content\/uploads\/2025\/09\/Certification-Omega-Triangle-vert.jpg\" alt=\"Certifications Om\u00e9ga Triangle vert\" width=\"193\" height=\"110\" srcset=\"https:\/\/autravail.ca\/wp-content\/uploads\/2025\/09\/Certification-Omega-Triangle-vert.jpg 193w, https:\/\/autravail.ca\/wp-content\/uploads\/2025\/09\/Certification-Omega-Triangle-vert-150x85.jpg 150w, https:\/\/autravail.ca\/wp-content\/uploads\/2025\/09\/Certification-Omega-Triangle-vert-18x10.jpg 18w\" sizes=\"(max-width: 193px) 100vw, 193px\" \/><\/p>\n<h6>Characteristics:<\/h6>\n<ul class=\"KsbFXc U6u95\" data-sfc-cb=\"\" data-complete=\"true\" data-processed=\"true\">\n<li class=\"dF3vjf\" data-sfc-cb=\"\" data-hveid=\"CAEIBRAA\" data-complete=\"true\" data-sae=\"\"><span class=\"T286Pc\" data-sfc-cp=\"\" data-sfc-cb=\"\" data-complete=\"true\">Un embout en composite (sans m\u00e9tal) qui prot\u00e8ge contre les impacts tout en \u00e9tant l\u00e9ger et discret.<\/span><\/li>\n<li class=\"dF3vjf\" data-sfc-cb=\"\" data-hveid=\"CAEIBRAB\" data-complete=\"true\" data-sae=\"\"><span class=\"T286Pc\" data-sfc-cp=\"\" data-sfc-cb=\"\" data-complete=\"true\">Une semelle intercalaire r\u00e9sistante qui emp\u00eache les objets pointus de traverser la chaussure.<\/span><\/li>\n<li class=\"dF3vjf\" data-sfc-cb=\"\" data-hveid=\"CAEIBRAC\" data-complete=\"true\" data-sae=\"\"><span class=\"T286Pc\" data-sfc-cp=\"\" data-sfc-cb=\"\" data-complete=\"true\" aria-owns=\"action-menu-parent-container\">Elle est class\u00e9e\u00a0<strong class=\"Yjhzub\" data-sfc-cb=\"\" data-complete=\"true\">EH<\/strong>\u00a0(Electrical Hazard), offrant une isolation contre les chocs \u00e9lectriques.<\/span><\/li>\n<li data-sfc-cb=\"\" data-hveid=\"CAEIBRAC\" data-complete=\"true\" data-sae=\"\">Le mod\u00e8le VC30244 est une chaussure de s\u00e9curit\u00e9 performante, certifi\u00e9e\u00a0<strong class=\"Yjhzub\" data-sfc-cb=\"\" data-complete=\"true\" data-processed=\"true\">CSA<\/strong>\u00a0(Canada) et conforme aux normes\u00a0<strong class=\"Yjhzub\" data-sfc-cb=\"\" data-complete=\"true\" data-processed=\"true\">ASTM F2413<\/strong>.<\/li>\n<li class=\"dF3vjf\" data-sfc-cb=\"\" data-hveid=\"CAEICBAA\" data-complete=\"true\" data-sae=\"\"><span class=\"T286Pc\" data-sfc-cp=\"\" data-sfc-cb=\"\" data-complete=\"true\">Une semelle \u00e0 m\u00e9moire de forme qui absorbe les chocs \u00e0 chaque pas pour r\u00e9duire la fatigue.<\/span><\/li>\n<li class=\"dF3vjf\" data-sfc-cb=\"\" data-hveid=\"CAEICBAB\" data-complete=\"true\" data-sae=\"\"><span class=\"T286Pc\" data-sfc-cp=\"\" data-sfc-cb=\"\" data-complete=\"true\">La semelle ext\u00e9rieure en caoutchouc pr\u00e9sente un motif inspir\u00e9 de la pierre, offrant une r\u00e9sistance sup\u00e9rieure aux glissements et aux huiles.<\/span><\/li>\n<li class=\"dF3vjf\" data-sfc-cb=\"\" data-hveid=\"CAEICBAC\" data-complete=\"true\" data-sae=\"\"><span class=\"T286Pc\" data-sfc-cp=\"\" data-sfc-cb=\"\" data-complete=\"true\" aria-owns=\"action-menu-parent-container\">La tige m\u00e9lange du <strong class=\"Yjhzub\" data-sfc-cb=\"\" data-complete=\"true\">nubuck action<\/strong>\u00a0et du mesh pour un \u00e9quilibre entre durabilit\u00e9 et respirabilit\u00e9.<\/span><\/li>\n<\/ul>\n<p><em><span style=\"color: #fa0b0b;\">Unisex U.S. men's sizes presented. To convert to U.S. women's size, add 2 sizes. Example: 5 U.S. men = 7 U.S. women<\/span><\/em><\/p>\n<p><img decoding=\"async\" class=\"alignnone wp-image-40620\" src=\"https:\/\/autravail.ca\/wp-content\/uploads\/2025\/09\/Jachete-quebec-et-canada.jpg\" alt=\"Logo de l'achat local\" width=\"162\" height=\"139\" \/>Merci d&rsquo;encourager une entreprise 100% d&rsquo;ici!<\/p>\n<p>TS2603H<\/p>","protected":false},"excerpt":{"rendered":"<p>Espadrille\/Skate de travail &#8211; VC30244 Espadrille\/Skate de travail &#8211; VC30244 Evolve de Volcom est un mod\u00e8le de s\u00e9curit\u00e9 montant qui fusionne l&rsquo;esth\u00e9tique rebelle de la culture skate avec les exigences rigoureuses du milieu de travail industriel. Inspir\u00e9e des d\u00e9cennies d&rsquo;exp\u00e9rience de Volcom dans la construction de skateparks, cette chaussure est con\u00e7ue pour ceux qui recherchent [&hellip;]<\/p>","protected":false},"featured_media":23779,"comment_status":"open","ping_status":"closed","template":"","meta":[],"product_cat":[645,602],"product_tag":[252,270,242,253,257,417],"class_list":{"0":"post-37618","1":"product","2":"type-product","3":"status-publish","4":"has-post-thumbnail","6":"product_brand-volcom","7":"product_cat-espadrilles-de-travail","8":"product_cat-hommes","9":"product_tag-electric-shock-resistant","10":"product_tag-espadrilles-de-travail","11":"product_tag-homme","12":"product_tag-sole-protection","13":"product_tag-souliers-de-travail","14":"product_tag-volcom","16":"first","17":"instock","18":"taxable","19":"shipping-taxable","20":"purchasable","21":"product-type-variable"},"yoast_head":"<!-- This site is optimized with the Yoast SEO plugin v25.3.1 - https:\/\/yoast.com\/wordpress\/plugins\/seo\/ -->\n<title>Espadrille\/Skate de travail - VC30244 - Le Magasin Industriel<\/title>\n<meta name=\"description\" content=\"Espadrille\/Skate de travail - VC30244 cette chaussure est con\u00e7ue pour ceux qui recherchent un style personnel sans sacrifier la protection.\" \/>\n<meta name=\"robots\" content=\"index, follow, max-snippet:-1, max-image-preview:large, max-video-preview:-1\" \/>\n<link rel=\"canonical\" href=\"https:\/\/autravail.ca\/en\/product\/espadrille-skate-de-travail-vc30244\/\" \/>\n<meta property=\"og:locale\" content=\"en_US\" \/>\n<meta property=\"og:type\" content=\"article\" \/>\n<meta property=\"og:title\" content=\"Espadrille\/Skate de travail - VC30244 - Le Magasin Industriel\" \/>\n<meta property=\"og:description\" content=\"Espadrille\/Skate de travail - VC30244 cette chaussure est con\u00e7ue pour ceux qui recherchent un style personnel sans sacrifier la protection.\" \/>\n<meta property=\"og:url\" content=\"https:\/\/autravail.ca\/en\/product\/espadrille-skate-de-travail-vc30244\/\" \/>\n<meta property=\"og:site_name\" content=\"Le Magasin Industriel\" \/>\n<meta property=\"article:publisher\" content=\"https:\/\/www.facebook.com\/lemagasinindustriel\/?locale=fr_FR\" \/>\n<meta property=\"article:modified_time\" content=\"2026-03-05T19:33:56+00:00\" \/>\n<meta property=\"og:image\" content=\"https:\/\/autravail.ca\/wp-content\/uploads\/2025\/05\/VC30244_A01_d3fab1a2-4bfa-4311-93ce-4aa8576fb22a.jpg\" \/>\n\t<meta property=\"og:image:width\" content=\"1000\" \/>\n\t<meta property=\"og:image:height\" content=\"1000\" \/>\n\t<meta property=\"og:image:type\" content=\"image\/jpeg\" \/>\n<meta name=\"twitter:card\" content=\"summary_large_image\" \/>\n<meta name=\"twitter:label1\" content=\"Est. reading time\" \/>\n\t<meta name=\"twitter:data1\" content=\"2 minutes\" \/>\n<script type=\"application\/ld+json\" class=\"yoast-schema-graph\">{\"@context\":\"https:\/\/schema.org\",\"@graph\":[{\"@type\":\"WebPage\",\"@id\":\"https:\/\/autravail.ca\/product\/espadrille-skate-de-travail-vc30244\/\",\"url\":\"https:\/\/autravail.ca\/product\/espadrille-skate-de-travail-vc30244\/\",\"name\":\"Espadrille\/Skate de travail - VC30244 - Le Magasin Industriel\",\"isPartOf\":{\"@id\":\"https:\/\/autravail.ca\/#website\"},\"primaryImageOfPage\":{\"@id\":\"https:\/\/autravail.ca\/product\/espadrille-skate-de-travail-vc30244\/#primaryimage\"},\"image\":{\"@id\":\"https:\/\/autravail.ca\/product\/espadrille-skate-de-travail-vc30244\/#primaryimage\"},\"thumbnailUrl\":\"https:\/\/autravail.ca\/wp-content\/uploads\/2025\/05\/VC30244_A01_d3fab1a2-4bfa-4311-93ce-4aa8576fb22a.jpg\",\"datePublished\":\"2025-05-08T08:08:18+00:00\",\"dateModified\":\"2026-03-05T19:33:56+00:00\",\"description\":\"Espadrille\/Skate de travail - VC30244 cette chaussure est con\u00e7ue pour ceux qui recherchent un style personnel sans sacrifier la protection.\",\"breadcrumb\":{\"@id\":\"https:\/\/autravail.ca\/product\/espadrille-skate-de-travail-vc30244\/#breadcrumb\"},\"inLanguage\":\"en-CA\",\"potentialAction\":[{\"@type\":\"ReadAction\",\"target\":[\"https:\/\/autravail.ca\/product\/espadrille-skate-de-travail-vc30244\/\"]}]},{\"@type\":\"ImageObject\",\"inLanguage\":\"en-CA\",\"@id\":\"https:\/\/autravail.ca\/product\/espadrille-skate-de-travail-vc30244\/#primaryimage\",\"url\":\"https:\/\/autravail.ca\/wp-content\/uploads\/2025\/05\/VC30244_A01_d3fab1a2-4bfa-4311-93ce-4aa8576fb22a.jpg\",\"contentUrl\":\"https:\/\/autravail.ca\/wp-content\/uploads\/2025\/05\/VC30244_A01_d3fab1a2-4bfa-4311-93ce-4aa8576fb22a.jpg\",\"width\":1000,\"height\":1000,\"caption\":\"Espadrille\/Skate de travail - VC30244\"},{\"@type\":\"BreadcrumbList\",\"@id\":\"https:\/\/autravail.ca\/product\/espadrille-skate-de-travail-vc30244\/#breadcrumb\",\"itemListElement\":[{\"@type\":\"ListItem\",\"position\":1,\"name\":\"Accueil\",\"item\":\"https:\/\/autravail.ca\/\"},{\"@type\":\"ListItem\",\"position\":2,\"name\":\"Magasin\",\"item\":\"https:\/\/autravail.ca\/en\/shop\/\"},{\"@type\":\"ListItem\",\"position\":3,\"name\":\"Espadrille\/Skate de travail &#8211; VC30244\"}]},{\"@type\":\"WebSite\",\"@id\":\"https:\/\/autravail.ca\/#website\",\"url\":\"https:\/\/autravail.ca\/\",\"name\":\"Le Magasin Industriel\",\"description\":\"50 ans de tradition de s\u00e9curit\u00e9 au travail\",\"publisher\":{\"@id\":\"https:\/\/autravail.ca\/#organization\"},\"potentialAction\":[{\"@type\":\"SearchAction\",\"target\":{\"@type\":\"EntryPoint\",\"urlTemplate\":\"https:\/\/autravail.ca\/?s={search_term_string}\"},\"query-input\":{\"@type\":\"PropertyValueSpecification\",\"valueRequired\":true,\"valueName\":\"search_term_string\"}}],\"inLanguage\":\"en-CA\"},{\"@type\":\"Organization\",\"@id\":\"https:\/\/autravail.ca\/#organization\",\"name\":\"Le Magasin Industriel\",\"url\":\"https:\/\/autravail.ca\/\",\"logo\":{\"@type\":\"ImageObject\",\"inLanguage\":\"en-CA\",\"@id\":\"https:\/\/autravail.ca\/#\/schema\/logo\/image\/\",\"url\":\"https:\/\/autravail.ca\/wp-content\/uploads\/2025\/05\/cropped-magasin_industriel_120x.avif\",\"contentUrl\":\"https:\/\/autravail.ca\/wp-content\/uploads\/2025\/05\/cropped-magasin_industriel_120x.avif\",\"width\":120,\"height\":24,\"caption\":\"Le Magasin Industriel\"},\"image\":{\"@id\":\"https:\/\/autravail.ca\/#\/schema\/logo\/image\/\"},\"sameAs\":[\"https:\/\/www.facebook.com\/lemagasinindustriel\/?locale=fr_FR\"]}]}<\/script>\n<!-- \/ Yoast SEO plugin. -->","yoast_head_json":{"title":"Espadrille\/Skate de travail - VC30244 - Le Magasin Industriel","description":"Espadrille\/Skate de travail - VC30244 cette chaussure est con\u00e7ue pour ceux qui recherchent un style personnel sans sacrifier la protection.","robots":{"index":"index","follow":"follow","max-snippet":"max-snippet:-1","max-image-preview":"max-image-preview:large","max-video-preview":"max-video-preview:-1"},"canonical":"https:\/\/autravail.ca\/en\/product\/espadrille-skate-de-travail-vc30244\/","og_locale":"en_US","og_type":"article","og_title":"Espadrille\/Skate de travail - VC30244 - Le Magasin Industriel","og_description":"Espadrille\/Skate de travail - VC30244 cette chaussure est con\u00e7ue pour ceux qui recherchent un style personnel sans sacrifier la protection.","og_url":"https:\/\/autravail.ca\/en\/product\/espadrille-skate-de-travail-vc30244\/","og_site_name":"Le Magasin Industriel","article_publisher":"https:\/\/www.facebook.com\/lemagasinindustriel\/?locale=fr_FR","article_modified_time":"2026-03-05T19:33:56+00:00","og_image":[{"width":1000,"height":1000,"url":"https:\/\/autravail.ca\/wp-content\/uploads\/2025\/05\/VC30244_A01_d3fab1a2-4bfa-4311-93ce-4aa8576fb22a.jpg","type":"image\/jpeg"}],"twitter_card":"summary_large_image","twitter_misc":{"Est. reading time":"2 minutes"},"schema":{"@context":"https:\/\/schema.org","@graph":[{"@type":"WebPage","@id":"https:\/\/autravail.ca\/product\/espadrille-skate-de-travail-vc30244\/","url":"https:\/\/autravail.ca\/product\/espadrille-skate-de-travail-vc30244\/","name":"Espadrille\/Skate de travail - VC30244 - Le Magasin Industriel","isPartOf":{"@id":"https:\/\/autravail.ca\/#website"},"primaryImageOfPage":{"@id":"https:\/\/autravail.ca\/product\/espadrille-skate-de-travail-vc30244\/#primaryimage"},"image":{"@id":"https:\/\/autravail.ca\/product\/espadrille-skate-de-travail-vc30244\/#primaryimage"},"thumbnailUrl":"https:\/\/autravail.ca\/wp-content\/uploads\/2025\/05\/VC30244_A01_d3fab1a2-4bfa-4311-93ce-4aa8576fb22a.jpg","datePublished":"2025-05-08T08:08:18+00:00","dateModified":"2026-03-05T19:33:56+00:00","description":"Espadrille\/Skate de travail - VC30244 cette chaussure est con\u00e7ue pour ceux qui recherchent un style personnel sans sacrifier la protection.","breadcrumb":{"@id":"https:\/\/autravail.ca\/product\/espadrille-skate-de-travail-vc30244\/#breadcrumb"},"inLanguage":"en-CA","potentialAction":[{"@type":"ReadAction","target":["https:\/\/autravail.ca\/product\/espadrille-skate-de-travail-vc30244\/"]}]},{"@type":"ImageObject","inLanguage":"en-CA","@id":"https:\/\/autravail.ca\/product\/espadrille-skate-de-travail-vc30244\/#primaryimage","url":"https:\/\/autravail.ca\/wp-content\/uploads\/2025\/05\/VC30244_A01_d3fab1a2-4bfa-4311-93ce-4aa8576fb22a.jpg","contentUrl":"https:\/\/autravail.ca\/wp-content\/uploads\/2025\/05\/VC30244_A01_d3fab1a2-4bfa-4311-93ce-4aa8576fb22a.jpg","width":1000,"height":1000,"caption":"Espadrille\/Skate de travail - VC30244"},{"@type":"BreadcrumbList","@id":"https:\/\/autravail.ca\/product\/espadrille-skate-de-travail-vc30244\/#breadcrumb","itemListElement":[{"@type":"ListItem","position":1,"name":"Accueil","item":"https:\/\/autravail.ca\/"},{"@type":"ListItem","position":2,"name":"Magasin","item":"https:\/\/autravail.ca\/en\/shop\/"},{"@type":"ListItem","position":3,"name":"Espadrille\/Skate de travail &#8211; VC30244"}]},{"@type":"WebSite","@id":"https:\/\/autravail.ca\/#website","url":"https:\/\/autravail.ca\/","name":"Le Magasin Industriel","description":"50 ans de tradition de s\u00e9curit\u00e9 au travail","publisher":{"@id":"https:\/\/autravail.ca\/#organization"},"potentialAction":[{"@type":"SearchAction","target":{"@type":"EntryPoint","urlTemplate":"https:\/\/autravail.ca\/?s={search_term_string}"},"query-input":{"@type":"PropertyValueSpecification","valueRequired":true,"valueName":"search_term_string"}}],"inLanguage":"en-CA"},{"@type":"Organization","@id":"https:\/\/autravail.ca\/#organization","name":"Le Magasin Industriel","url":"https:\/\/autravail.ca\/","logo":{"@type":"ImageObject","inLanguage":"en-CA","@id":"https:\/\/autravail.ca\/#\/schema\/logo\/image\/","url":"https:\/\/autravail.ca\/wp-content\/uploads\/2025\/05\/cropped-magasin_industriel_120x.avif","contentUrl":"https:\/\/autravail.ca\/wp-content\/uploads\/2025\/05\/cropped-magasin_industriel_120x.avif","width":120,"height":24,"caption":"Le Magasin Industriel"},"image":{"@id":"https:\/\/autravail.ca\/#\/schema\/logo\/image\/"},"sameAs":["https:\/\/www.facebook.com\/lemagasinindustriel\/?locale=fr_FR"]}]}},"jetpack_sharing_enabled":true,"_links":{"self":[{"href":"https:\/\/autravail.ca\/en\/wp-json\/wp\/v2\/product\/37618","targetHints":{"allow":["GET"]}}],"collection":[{"href":"https:\/\/autravail.ca\/en\/wp-json\/wp\/v2\/product"}],"about":[{"href":"https:\/\/autravail.ca\/en\/wp-json\/wp\/v2\/types\/product"}],"replies":[{"embeddable":true,"href":"https:\/\/autravail.ca\/en\/wp-json\/wp\/v2\/comments?post=37618"}],"wp:featuredmedia":[{"embeddable":true,"href":"https:\/\/autravail.ca\/en\/wp-json\/wp\/v2\/media\/23779"}],"wp:attachment":[{"href":"https:\/\/autravail.ca\/en\/wp-json\/wp\/v2\/media?parent=37618"}],"wp:term":[{"taxonomy":"product_cat","embeddable":true,"href":"https:\/\/autravail.ca\/en\/wp-json\/wp\/v2\/product_cat?post=37618"},{"taxonomy":"product_tag","embeddable":true,"href":"https:\/\/autravail.ca\/en\/wp-json\/wp\/v2\/product_tag?post=37618"}],"curies":[{"name":"wp","href":"https:\/\/api.w.org\/{rel}","templated":true}]}}