{"id":37587,"date":"2025-05-08T08:08:05","date_gmt":"2025-05-08T08:08:05","guid":{"rendered":"https:\/\/meteoquebec.ca\/?post_type=product&#038;p=37587"},"modified":"2026-03-11T09:37:35","modified_gmt":"2026-03-11T13:37:35","slug":"usf89400-botte-de-travail-contractor","status":"publish","type":"product","link":"https:\/\/autravail.ca\/en\/product\/usf89400-botte-de-travail-contractor\/","title":{"rendered":"USF89400 - WORK boots - CONTRACTOR"},"content":{"rendered":"<h2>Safety boots 8\" - Contractor - Unik<\/h2>\n<ul>\n<li><span dir=\"ltr\" role=\"presentation\">Boots fully made in Quebec<\/span><\/li>\n<li><span dir=\"ltr\" role=\"presentation\">Width of 3E, height of 8\" (220 mm) and weight 1.75 lb<\/span><\/li>\n<li><span dir=\"ltr\" role=\"presentation\">Full Flower Nubuck Leather 2.2 mm<br \/>\n<\/span><\/li>\n<li><span dir=\"ltr\" role=\"presentation\">Artico Type Insulation &amp; Lining<\/span><\/li>\n<li><span dir=\"ltr\" role=\"presentation\">External Rubber Vibram<\/span><\/li>\n<li><span dir=\"ltr\" role=\"presentation\">Vibram Worn Sole Fire &amp; Ice<\/span><\/li>\n<li><span dir=\"ltr\" role=\"presentation\">ANKLE LOCK System for better support and more comfort at the ankle<\/span><\/li>\n<li><span dir=\"ltr\" role=\"presentation\">ATSS anti-torsion technology to support the foot<\/span><\/li>\n<li><span dir=\"ltr\" role=\"presentation\">Fake PU Sole, low density that absorbs shocks<\/span><\/li>\n<li><span dir=\"ltr\" role=\"presentation\">Assembly by welding which makes the boots very resistant<\/span><\/li>\n<li><span dir=\"ltr\" role=\"presentation\">Composite Cap and Sole <\/span><\/li>\n<li><span dir=\"ltr\" role=\"presentation\">CSA certified shoe<\/span><\/li>\n<\/ul>","protected":false},"excerpt":{"rendered":"<p>8 Contractor Safety Boot  Unik Fully made in Qubec. 3E width, 8 height (220 mm), 1.75 lb. 2.2 mm full-grain nubuck leather upper. Artico lining and insulation. VIBRAM rubber external toe cap. VIBRAM Fire &amp; Ice outsole. ANKLE LOCK system for enhanced support.<\/p>","protected":false},"featured_media":23745,"comment_status":"open","ping_status":"closed","template":"","meta":[],"product_cat":[613,602],"product_tag":[251,252,242,253],"class_list":{"0":"post-37587","1":"product","2":"type-product","3":"status-publish","4":"has-post-thumbnail","6":"product_brand-unik","7":"product_cat-bottes-de-travail","8":"product_cat-hommes","9":"product_tag-bottes-de-travail","10":"product_tag-electric-shock-resistant","11":"product_tag-homme","12":"product_tag-sole-protection","14":"first","15":"instock","16":"taxable","17":"shipping-taxable","18":"purchasable","19":"product-type-variable"},"yoast_head":"<!-- This site is optimized with the Yoast SEO plugin v25.3.1 - https:\/\/yoast.com\/wordpress\/plugins\/seo\/ -->\n<title>USF89400 - BOTTE DE TRAVAIL - CONTRACTOR - Le Magasin Industriel<\/title>\n<meta name=\"robots\" content=\"index, follow, max-snippet:-1, max-image-preview:large, max-video-preview:-1\" \/>\n<link rel=\"canonical\" href=\"https:\/\/autravail.ca\/en\/product\/usf89400-botte-de-travail-contractor\/\" \/>\n<meta property=\"og:locale\" content=\"en_US\" \/>\n<meta property=\"og:type\" content=\"article\" \/>\n<meta property=\"og:title\" content=\"USF89400 - BOTTE DE TRAVAIL - CONTRACTOR - Le Magasin Industriel\" \/>\n<meta property=\"og:description\" content=\"Botte de s\u00e9curit\u00e9 8\u00a0\u00bb, Contractor &#8211; Unik Bottes enti\u00e8rement fabriqu\u00e9e au Qu\u00e9bec Largeur de 3E, hauteur de 8\u00a0\u00bb (220 mm) et poids 1.75 lb Empeigne en Cuir Pleine Fleur Nubuck 2.2 mm Doublure et Isolation de type Artico Embout externe de caoutchouc VIBRAM Semelle d&rsquo;usure VIBRAM Fire &amp; Ice Syst\u00e8me ANKLE LOCK pour un meilleur [&hellip;]\" \/>\n<meta property=\"og:url\" content=\"https:\/\/autravail.ca\/en\/product\/usf89400-botte-de-travail-contractor\/\" \/>\n<meta property=\"og:site_name\" content=\"Le Magasin Industriel\" \/>\n<meta property=\"article:publisher\" content=\"https:\/\/www.facebook.com\/lemagasinindustriel\/?locale=fr_FR\" \/>\n<meta property=\"article:modified_time\" content=\"2026-03-11T13:37:35+00:00\" \/>\n<meta property=\"og:image\" content=\"https:\/\/autravail.ca\/wp-content\/uploads\/2025\/05\/USF89400_A01.jpg\" \/>\n\t<meta property=\"og:image:width\" content=\"1000\" \/>\n\t<meta property=\"og:image:height\" content=\"1000\" \/>\n\t<meta property=\"og:image:type\" content=\"image\/jpeg\" \/>\n<meta name=\"twitter:card\" content=\"summary_large_image\" \/>\n<meta name=\"twitter:label1\" content=\"Est. reading time\" \/>\n\t<meta name=\"twitter:data1\" content=\"1 minute\" \/>\n<script type=\"application\/ld+json\" class=\"yoast-schema-graph\">{\"@context\":\"https:\/\/schema.org\",\"@graph\":[{\"@type\":\"WebPage\",\"@id\":\"https:\/\/autravail.ca\/product\/usf89400-botte-de-travail-contractor\/\",\"url\":\"https:\/\/autravail.ca\/product\/usf89400-botte-de-travail-contractor\/\",\"name\":\"USF89400 - BOTTE DE TRAVAIL - CONTRACTOR - Le Magasin Industriel\",\"isPartOf\":{\"@id\":\"https:\/\/autravail.ca\/#website\"},\"primaryImageOfPage\":{\"@id\":\"https:\/\/autravail.ca\/product\/usf89400-botte-de-travail-contractor\/#primaryimage\"},\"image\":{\"@id\":\"https:\/\/autravail.ca\/product\/usf89400-botte-de-travail-contractor\/#primaryimage\"},\"thumbnailUrl\":\"https:\/\/autravail.ca\/wp-content\/uploads\/2025\/05\/USF89400_A01.jpg\",\"datePublished\":\"2025-05-08T08:08:05+00:00\",\"dateModified\":\"2026-03-11T13:37:35+00:00\",\"breadcrumb\":{\"@id\":\"https:\/\/autravail.ca\/product\/usf89400-botte-de-travail-contractor\/#breadcrumb\"},\"inLanguage\":\"en-CA\",\"potentialAction\":[{\"@type\":\"ReadAction\",\"target\":[\"https:\/\/autravail.ca\/product\/usf89400-botte-de-travail-contractor\/\"]}]},{\"@type\":\"ImageObject\",\"inLanguage\":\"en-CA\",\"@id\":\"https:\/\/autravail.ca\/product\/usf89400-botte-de-travail-contractor\/#primaryimage\",\"url\":\"https:\/\/autravail.ca\/wp-content\/uploads\/2025\/05\/USF89400_A01.jpg\",\"contentUrl\":\"https:\/\/autravail.ca\/wp-content\/uploads\/2025\/05\/USF89400_A01.jpg\",\"width\":1000,\"height\":1000},{\"@type\":\"BreadcrumbList\",\"@id\":\"https:\/\/autravail.ca\/product\/usf89400-botte-de-travail-contractor\/#breadcrumb\",\"itemListElement\":[{\"@type\":\"ListItem\",\"position\":1,\"name\":\"Accueil\",\"item\":\"https:\/\/autravail.ca\/\"},{\"@type\":\"ListItem\",\"position\":2,\"name\":\"Magasin\",\"item\":\"https:\/\/autravail.ca\/en\/shop\/\"},{\"@type\":\"ListItem\",\"position\":3,\"name\":\"USF89400 &#8211; BOTTE DE TRAVAIL &#8211; CONTRACTOR\"}]},{\"@type\":\"WebSite\",\"@id\":\"https:\/\/autravail.ca\/#website\",\"url\":\"https:\/\/autravail.ca\/\",\"name\":\"Le Magasin Industriel\",\"description\":\"50 ans de tradition de s\u00e9curit\u00e9 au travail\",\"publisher\":{\"@id\":\"https:\/\/autravail.ca\/#organization\"},\"potentialAction\":[{\"@type\":\"SearchAction\",\"target\":{\"@type\":\"EntryPoint\",\"urlTemplate\":\"https:\/\/autravail.ca\/?s={search_term_string}\"},\"query-input\":{\"@type\":\"PropertyValueSpecification\",\"valueRequired\":true,\"valueName\":\"search_term_string\"}}],\"inLanguage\":\"en-CA\"},{\"@type\":\"Organization\",\"@id\":\"https:\/\/autravail.ca\/#organization\",\"name\":\"Le Magasin Industriel\",\"url\":\"https:\/\/autravail.ca\/\",\"logo\":{\"@type\":\"ImageObject\",\"inLanguage\":\"en-CA\",\"@id\":\"https:\/\/autravail.ca\/#\/schema\/logo\/image\/\",\"url\":\"https:\/\/autravail.ca\/wp-content\/uploads\/2025\/05\/cropped-magasin_industriel_120x.avif\",\"contentUrl\":\"https:\/\/autravail.ca\/wp-content\/uploads\/2025\/05\/cropped-magasin_industriel_120x.avif\",\"width\":120,\"height\":24,\"caption\":\"Le Magasin Industriel\"},\"image\":{\"@id\":\"https:\/\/autravail.ca\/#\/schema\/logo\/image\/\"},\"sameAs\":[\"https:\/\/www.facebook.com\/lemagasinindustriel\/?locale=fr_FR\"]}]}<\/script>\n<!-- \/ Yoast SEO plugin. -->","yoast_head_json":{"title":"USF89400 - BOTTE DE TRAVAIL - CONTRACTOR - Le Magasin Industriel","robots":{"index":"index","follow":"follow","max-snippet":"max-snippet:-1","max-image-preview":"max-image-preview:large","max-video-preview":"max-video-preview:-1"},"canonical":"https:\/\/autravail.ca\/en\/product\/usf89400-botte-de-travail-contractor\/","og_locale":"en_US","og_type":"article","og_title":"USF89400 - BOTTE DE TRAVAIL - CONTRACTOR - Le Magasin Industriel","og_description":"Botte de s\u00e9curit\u00e9 8\u00a0\u00bb, Contractor &#8211; Unik Bottes enti\u00e8rement fabriqu\u00e9e au Qu\u00e9bec Largeur de 3E, hauteur de 8\u00a0\u00bb (220 mm) et poids 1.75 lb Empeigne en Cuir Pleine Fleur Nubuck 2.2 mm Doublure et Isolation de type Artico Embout externe de caoutchouc VIBRAM Semelle d&rsquo;usure VIBRAM Fire &amp; Ice Syst\u00e8me ANKLE LOCK pour un meilleur [&hellip;]","og_url":"https:\/\/autravail.ca\/en\/product\/usf89400-botte-de-travail-contractor\/","og_site_name":"Le Magasin Industriel","article_publisher":"https:\/\/www.facebook.com\/lemagasinindustriel\/?locale=fr_FR","article_modified_time":"2026-03-11T13:37:35+00:00","og_image":[{"width":1000,"height":1000,"url":"https:\/\/autravail.ca\/wp-content\/uploads\/2025\/05\/USF89400_A01.jpg","type":"image\/jpeg"}],"twitter_card":"summary_large_image","twitter_misc":{"Est. reading time":"1 minute"},"schema":{"@context":"https:\/\/schema.org","@graph":[{"@type":"WebPage","@id":"https:\/\/autravail.ca\/product\/usf89400-botte-de-travail-contractor\/","url":"https:\/\/autravail.ca\/product\/usf89400-botte-de-travail-contractor\/","name":"USF89400 - BOTTE DE TRAVAIL - CONTRACTOR - Le Magasin Industriel","isPartOf":{"@id":"https:\/\/autravail.ca\/#website"},"primaryImageOfPage":{"@id":"https:\/\/autravail.ca\/product\/usf89400-botte-de-travail-contractor\/#primaryimage"},"image":{"@id":"https:\/\/autravail.ca\/product\/usf89400-botte-de-travail-contractor\/#primaryimage"},"thumbnailUrl":"https:\/\/autravail.ca\/wp-content\/uploads\/2025\/05\/USF89400_A01.jpg","datePublished":"2025-05-08T08:08:05+00:00","dateModified":"2026-03-11T13:37:35+00:00","breadcrumb":{"@id":"https:\/\/autravail.ca\/product\/usf89400-botte-de-travail-contractor\/#breadcrumb"},"inLanguage":"en-CA","potentialAction":[{"@type":"ReadAction","target":["https:\/\/autravail.ca\/product\/usf89400-botte-de-travail-contractor\/"]}]},{"@type":"ImageObject","inLanguage":"en-CA","@id":"https:\/\/autravail.ca\/product\/usf89400-botte-de-travail-contractor\/#primaryimage","url":"https:\/\/autravail.ca\/wp-content\/uploads\/2025\/05\/USF89400_A01.jpg","contentUrl":"https:\/\/autravail.ca\/wp-content\/uploads\/2025\/05\/USF89400_A01.jpg","width":1000,"height":1000},{"@type":"BreadcrumbList","@id":"https:\/\/autravail.ca\/product\/usf89400-botte-de-travail-contractor\/#breadcrumb","itemListElement":[{"@type":"ListItem","position":1,"name":"Accueil","item":"https:\/\/autravail.ca\/"},{"@type":"ListItem","position":2,"name":"Magasin","item":"https:\/\/autravail.ca\/en\/shop\/"},{"@type":"ListItem","position":3,"name":"USF89400 &#8211; BOTTE DE TRAVAIL &#8211; CONTRACTOR"}]},{"@type":"WebSite","@id":"https:\/\/autravail.ca\/#website","url":"https:\/\/autravail.ca\/","name":"Le Magasin Industriel","description":"50 ans de tradition de s\u00e9curit\u00e9 au travail","publisher":{"@id":"https:\/\/autravail.ca\/#organization"},"potentialAction":[{"@type":"SearchAction","target":{"@type":"EntryPoint","urlTemplate":"https:\/\/autravail.ca\/?s={search_term_string}"},"query-input":{"@type":"PropertyValueSpecification","valueRequired":true,"valueName":"search_term_string"}}],"inLanguage":"en-CA"},{"@type":"Organization","@id":"https:\/\/autravail.ca\/#organization","name":"Le Magasin Industriel","url":"https:\/\/autravail.ca\/","logo":{"@type":"ImageObject","inLanguage":"en-CA","@id":"https:\/\/autravail.ca\/#\/schema\/logo\/image\/","url":"https:\/\/autravail.ca\/wp-content\/uploads\/2025\/05\/cropped-magasin_industriel_120x.avif","contentUrl":"https:\/\/autravail.ca\/wp-content\/uploads\/2025\/05\/cropped-magasin_industriel_120x.avif","width":120,"height":24,"caption":"Le Magasin Industriel"},"image":{"@id":"https:\/\/autravail.ca\/#\/schema\/logo\/image\/"},"sameAs":["https:\/\/www.facebook.com\/lemagasinindustriel\/?locale=fr_FR"]}]}},"jetpack_sharing_enabled":true,"_links":{"self":[{"href":"https:\/\/autravail.ca\/en\/wp-json\/wp\/v2\/product\/37587","targetHints":{"allow":["GET"]}}],"collection":[{"href":"https:\/\/autravail.ca\/en\/wp-json\/wp\/v2\/product"}],"about":[{"href":"https:\/\/autravail.ca\/en\/wp-json\/wp\/v2\/types\/product"}],"replies":[{"embeddable":true,"href":"https:\/\/autravail.ca\/en\/wp-json\/wp\/v2\/comments?post=37587"}],"wp:featuredmedia":[{"embeddable":true,"href":"https:\/\/autravail.ca\/en\/wp-json\/wp\/v2\/media\/23745"}],"wp:attachment":[{"href":"https:\/\/autravail.ca\/en\/wp-json\/wp\/v2\/media?parent=37587"}],"wp:term":[{"taxonomy":"product_cat","embeddable":true,"href":"https:\/\/autravail.ca\/en\/wp-json\/wp\/v2\/product_cat?post=37587"},{"taxonomy":"product_tag","embeddable":true,"href":"https:\/\/autravail.ca\/en\/wp-json\/wp\/v2\/product_tag?post=37587"}],"curies":[{"name":"wp","href":"https:\/\/api.w.org\/{rel}","templated":true}]}}