{"id":37466,"date":"2025-05-08T08:06:53","date_gmt":"2025-05-08T08:06:53","guid":{"rendered":"https:\/\/meteoquebec.ca\/?post_type=product&#038;p=37466"},"modified":"2026-03-25T08:43:20","modified_gmt":"2026-03-25T12:43:20","slug":"tk-e8000p-pantalon-cargo-stretch-double","status":"publish","type":"product","link":"https:\/\/autravail.ca\/en\/product\/tk-e8000p-pantalon-cargo-stretch-double\/","title":{"rendered":"TK-E8000P - STRETCH CARGO PANTS, DOUBLED"},"content":{"rendered":"<p>Stretch Cargo Pants - Double Lined - Task<\/p>\n<p data-mce-fragment=\"1\"><strong data-mce-fragment=\"1\">Features:<\/strong><\/p>\n<ul data-mce-fragment=\"1\">\n<li data-mce-fragment=\"1\">Extendable Serger<\/li>\n<li data-mce-fragment=\"1\">polar laminated<\/li>\n<li data-mce-fragment=\"1\">Stain Resistant Treatment<\/li>\n<li data-mce-fragment=\"1\">Hydrophobic Treatment<\/li>\n<li data-mce-fragment=\"1\">Permanent Pressing<\/li>\n<li data-mce-fragment=\"1\">Elastical Waistband<\/li>\n<\/ul>\n<p data-mce-fragment=\"1\"><strong data-mce-fragment=\"1\">Details :<\/strong><\/p>\n<ul data-mce-fragment=\"1\">\n<li data-mce-fragment=\"1\">Cargo Pockets with Fold-Over Closure and Hidden Buttons<\/li>\n<li data-mce-fragment=\"1\">Pocket with reinforced backing<\/li>\n<li data-mce-fragment=\"1\">Double Wide Pants<\/li>\n<li data-mce-fragment=\"1\">Long lasting dye<\/li>\n<li data-mce-fragment=\"1\">Reinforced Pitchfork<\/li>\n<li data-mce-fragment=\"1\">Crochet and metal embroidery<\/li>\n<\/ul>\n<p data-mce-fragment=\"1\"><strong data-mce-fragment=\"1\">Material and Care:\n- Polyester (100%): facile  nettoyer, rsistant aux rayures.\n- Cotton (100%): doux, confortable mais ncessite un lavage spcial.\n- Mlange de polycotton (50\/50): le meilleur de deux mondes : la facilit  nettoyer d'un matriau synthtique et la douceur naturelle d'un matriau naturel.\nEntretien:\n- Lavez par machine  30C, mais pas plus bas. Ne le faites pas scher dans un sche-linge.\n- Lavez  la main avec dtergent neutral pour prserver la couleur et le tissu.\n- Ne utilisez pas de produit de blanchiment.\n- Nettoyez rgulirement pour prolonger la dure de vie du vtement.<\/strong><\/p>\n<ul data-mce-fragment=\"1\">\n<li data-mce-fragment=\"1\">Extendable Serger TC 8.5oz [65% polyester - 33% cotton - 2% spandex]<\/li>\n<li data-mce-fragment=\"1\">Lamination 100% Polyester<\/li>\n<li data-mce-fragment=\"1\">Machine washable<\/li>\n<\/ul>","protected":false},"excerpt":{"rendered":"<p>Pantalon cargo stretch, doubl\u00e9 &#8211; Task Caract\u00e9ristiques : Serg\u00e9 extensible polar laminated Traitement r\u00e9sistant aux taches Traitement hydrofuge Pressage permanent Bande \u00e9lastique \u00e0 la taille D\u00e9tails : Poches cargo avec fermetures \u00e0 rabat et boutons cach\u00e9s Poche avec fond doubl\u00e9 renforc\u00e9 Ganses double largeur Teinture longue dur\u00e9e Fourche renforc\u00e9e Crochet et oeillet en m\u00e9tal Tissu [&hellip;]<\/p>","protected":false},"featured_media":23585,"comment_status":"open","ping_status":"closed","template":"","meta":[],"product_cat":[599,602,665,773,604],"product_tag":[306,242],"class_list":{"0":"post-37466","1":"product","2":"type-product","3":"status-publish","4":"has-post-thumbnail","6":"product_brand-task","7":"product_cat-apparel-accessories","8":"product_cat-hommes","9":"product_cat-pantalons","10":"product_cat-task","11":"product_cat-vetements-de-travail","12":"product_tag-cartier","13":"product_tag-homme","15":"first","16":"instock","17":"taxable","18":"shipping-taxable","19":"purchasable","20":"product-type-variable"},"yoast_head":"<!-- This site is optimized with the Yoast SEO plugin v25.3.1 - https:\/\/yoast.com\/wordpress\/plugins\/seo\/ -->\n<title>TK-E8000P - PANTALON CARGO STRETCH, DOUBL\u00c9 - Le Magasin Industriel<\/title>\n<meta name=\"robots\" content=\"index, follow, max-snippet:-1, max-image-preview:large, max-video-preview:-1\" \/>\n<link rel=\"canonical\" href=\"https:\/\/autravail.ca\/en\/product\/tk-e8000p-pantalon-cargo-stretch-double\/\" \/>\n<meta property=\"og:locale\" content=\"en_US\" \/>\n<meta property=\"og:type\" content=\"article\" \/>\n<meta property=\"og:title\" content=\"TK-E8000P - PANTALON CARGO STRETCH, DOUBL\u00c9 - Le Magasin Industriel\" \/>\n<meta property=\"og:description\" content=\"Pantalon cargo stretch, doubl\u00e9 &#8211; Task Caract\u00e9ristiques : Serg\u00e9 extensible polar laminated Traitement r\u00e9sistant aux taches Traitement hydrofuge Pressage permanent Bande \u00e9lastique \u00e0 la taille D\u00e9tails : Poches cargo avec fermetures \u00e0 rabat et boutons cach\u00e9s Poche avec fond doubl\u00e9 renforc\u00e9 Ganses double largeur Teinture longue dur\u00e9e Fourche renforc\u00e9e Crochet et oeillet en m\u00e9tal Tissu [&hellip;]\" \/>\n<meta property=\"og:url\" content=\"https:\/\/autravail.ca\/en\/product\/tk-e8000p-pantalon-cargo-stretch-double\/\" \/>\n<meta property=\"og:site_name\" content=\"Le Magasin Industriel\" \/>\n<meta property=\"article:publisher\" content=\"https:\/\/www.facebook.com\/lemagasinindustriel\/?locale=fr_FR\" \/>\n<meta property=\"article:modified_time\" content=\"2026-03-25T12:43:20+00:00\" \/>\n<meta property=\"og:image\" content=\"https:\/\/autravail.ca\/wp-content\/uploads\/2025\/05\/TK-E8000P_noir_A01.jpg\" \/>\n\t<meta property=\"og:image:width\" content=\"800\" \/>\n\t<meta property=\"og:image:height\" content=\"720\" \/>\n\t<meta property=\"og:image:type\" content=\"image\/jpeg\" \/>\n<meta name=\"twitter:card\" content=\"summary_large_image\" \/>\n<script type=\"application\/ld+json\" class=\"yoast-schema-graph\">{\"@context\":\"https:\/\/schema.org\",\"@graph\":[{\"@type\":\"WebPage\",\"@id\":\"https:\/\/autravail.ca\/product\/tk-e8000p-pantalon-cargo-stretch-double\/\",\"url\":\"https:\/\/autravail.ca\/product\/tk-e8000p-pantalon-cargo-stretch-double\/\",\"name\":\"TK-E8000P - PANTALON CARGO STRETCH, DOUBL\u00c9 - Le Magasin Industriel\",\"isPartOf\":{\"@id\":\"https:\/\/autravail.ca\/#website\"},\"primaryImageOfPage\":{\"@id\":\"https:\/\/autravail.ca\/product\/tk-e8000p-pantalon-cargo-stretch-double\/#primaryimage\"},\"image\":{\"@id\":\"https:\/\/autravail.ca\/product\/tk-e8000p-pantalon-cargo-stretch-double\/#primaryimage\"},\"thumbnailUrl\":\"https:\/\/autravail.ca\/wp-content\/uploads\/2025\/05\/TK-E8000P_noir_A01.jpg\",\"datePublished\":\"2025-05-08T08:06:53+00:00\",\"dateModified\":\"2026-03-25T12:43:20+00:00\",\"breadcrumb\":{\"@id\":\"https:\/\/autravail.ca\/product\/tk-e8000p-pantalon-cargo-stretch-double\/#breadcrumb\"},\"inLanguage\":\"en-CA\",\"potentialAction\":[{\"@type\":\"ReadAction\",\"target\":[\"https:\/\/autravail.ca\/product\/tk-e8000p-pantalon-cargo-stretch-double\/\"]}]},{\"@type\":\"ImageObject\",\"inLanguage\":\"en-CA\",\"@id\":\"https:\/\/autravail.ca\/product\/tk-e8000p-pantalon-cargo-stretch-double\/#primaryimage\",\"url\":\"https:\/\/autravail.ca\/wp-content\/uploads\/2025\/05\/TK-E8000P_noir_A01.jpg\",\"contentUrl\":\"https:\/\/autravail.ca\/wp-content\/uploads\/2025\/05\/TK-E8000P_noir_A01.jpg\",\"width\":800,\"height\":720},{\"@type\":\"BreadcrumbList\",\"@id\":\"https:\/\/autravail.ca\/product\/tk-e8000p-pantalon-cargo-stretch-double\/#breadcrumb\",\"itemListElement\":[{\"@type\":\"ListItem\",\"position\":1,\"name\":\"Accueil\",\"item\":\"https:\/\/autravail.ca\/\"},{\"@type\":\"ListItem\",\"position\":2,\"name\":\"Magasin\",\"item\":\"https:\/\/autravail.ca\/en\/shop\/\"},{\"@type\":\"ListItem\",\"position\":3,\"name\":\"TK-E8000P &#8211; PANTALON CARGO STRETCH, DOUBL\u00c9\"}]},{\"@type\":\"WebSite\",\"@id\":\"https:\/\/autravail.ca\/#website\",\"url\":\"https:\/\/autravail.ca\/\",\"name\":\"Le Magasin Industriel\",\"description\":\"50 ans de tradition de s\u00e9curit\u00e9 au travail\",\"publisher\":{\"@id\":\"https:\/\/autravail.ca\/#organization\"},\"potentialAction\":[{\"@type\":\"SearchAction\",\"target\":{\"@type\":\"EntryPoint\",\"urlTemplate\":\"https:\/\/autravail.ca\/?s={search_term_string}\"},\"query-input\":{\"@type\":\"PropertyValueSpecification\",\"valueRequired\":true,\"valueName\":\"search_term_string\"}}],\"inLanguage\":\"en-CA\"},{\"@type\":\"Organization\",\"@id\":\"https:\/\/autravail.ca\/#organization\",\"name\":\"Le Magasin Industriel\",\"url\":\"https:\/\/autravail.ca\/\",\"logo\":{\"@type\":\"ImageObject\",\"inLanguage\":\"en-CA\",\"@id\":\"https:\/\/autravail.ca\/#\/schema\/logo\/image\/\",\"url\":\"https:\/\/autravail.ca\/wp-content\/uploads\/2025\/05\/cropped-magasin_industriel_120x.avif\",\"contentUrl\":\"https:\/\/autravail.ca\/wp-content\/uploads\/2025\/05\/cropped-magasin_industriel_120x.avif\",\"width\":120,\"height\":24,\"caption\":\"Le Magasin Industriel\"},\"image\":{\"@id\":\"https:\/\/autravail.ca\/#\/schema\/logo\/image\/\"},\"sameAs\":[\"https:\/\/www.facebook.com\/lemagasinindustriel\/?locale=fr_FR\"]}]}<\/script>\n<!-- \/ Yoast SEO plugin. -->","yoast_head_json":{"title":"TK-E8000P - PANTALON CARGO STRETCH, DOUBL\u00c9 - Le Magasin Industriel","robots":{"index":"index","follow":"follow","max-snippet":"max-snippet:-1","max-image-preview":"max-image-preview:large","max-video-preview":"max-video-preview:-1"},"canonical":"https:\/\/autravail.ca\/en\/product\/tk-e8000p-pantalon-cargo-stretch-double\/","og_locale":"en_US","og_type":"article","og_title":"TK-E8000P - PANTALON CARGO STRETCH, DOUBL\u00c9 - Le Magasin Industriel","og_description":"Pantalon cargo stretch, doubl\u00e9 &#8211; Task Caract\u00e9ristiques : Serg\u00e9 extensible polar laminated Traitement r\u00e9sistant aux taches Traitement hydrofuge Pressage permanent Bande \u00e9lastique \u00e0 la taille D\u00e9tails : Poches cargo avec fermetures \u00e0 rabat et boutons cach\u00e9s Poche avec fond doubl\u00e9 renforc\u00e9 Ganses double largeur Teinture longue dur\u00e9e Fourche renforc\u00e9e Crochet et oeillet en m\u00e9tal Tissu [&hellip;]","og_url":"https:\/\/autravail.ca\/en\/product\/tk-e8000p-pantalon-cargo-stretch-double\/","og_site_name":"Le Magasin Industriel","article_publisher":"https:\/\/www.facebook.com\/lemagasinindustriel\/?locale=fr_FR","article_modified_time":"2026-03-25T12:43:20+00:00","og_image":[{"width":800,"height":720,"url":"https:\/\/autravail.ca\/wp-content\/uploads\/2025\/05\/TK-E8000P_noir_A01.jpg","type":"image\/jpeg"}],"twitter_card":"summary_large_image","schema":{"@context":"https:\/\/schema.org","@graph":[{"@type":"WebPage","@id":"https:\/\/autravail.ca\/product\/tk-e8000p-pantalon-cargo-stretch-double\/","url":"https:\/\/autravail.ca\/product\/tk-e8000p-pantalon-cargo-stretch-double\/","name":"TK-E8000P - PANTALON CARGO STRETCH, DOUBL\u00c9 - Le Magasin Industriel","isPartOf":{"@id":"https:\/\/autravail.ca\/#website"},"primaryImageOfPage":{"@id":"https:\/\/autravail.ca\/product\/tk-e8000p-pantalon-cargo-stretch-double\/#primaryimage"},"image":{"@id":"https:\/\/autravail.ca\/product\/tk-e8000p-pantalon-cargo-stretch-double\/#primaryimage"},"thumbnailUrl":"https:\/\/autravail.ca\/wp-content\/uploads\/2025\/05\/TK-E8000P_noir_A01.jpg","datePublished":"2025-05-08T08:06:53+00:00","dateModified":"2026-03-25T12:43:20+00:00","breadcrumb":{"@id":"https:\/\/autravail.ca\/product\/tk-e8000p-pantalon-cargo-stretch-double\/#breadcrumb"},"inLanguage":"en-CA","potentialAction":[{"@type":"ReadAction","target":["https:\/\/autravail.ca\/product\/tk-e8000p-pantalon-cargo-stretch-double\/"]}]},{"@type":"ImageObject","inLanguage":"en-CA","@id":"https:\/\/autravail.ca\/product\/tk-e8000p-pantalon-cargo-stretch-double\/#primaryimage","url":"https:\/\/autravail.ca\/wp-content\/uploads\/2025\/05\/TK-E8000P_noir_A01.jpg","contentUrl":"https:\/\/autravail.ca\/wp-content\/uploads\/2025\/05\/TK-E8000P_noir_A01.jpg","width":800,"height":720},{"@type":"BreadcrumbList","@id":"https:\/\/autravail.ca\/product\/tk-e8000p-pantalon-cargo-stretch-double\/#breadcrumb","itemListElement":[{"@type":"ListItem","position":1,"name":"Accueil","item":"https:\/\/autravail.ca\/"},{"@type":"ListItem","position":2,"name":"Magasin","item":"https:\/\/autravail.ca\/en\/shop\/"},{"@type":"ListItem","position":3,"name":"TK-E8000P &#8211; PANTALON CARGO STRETCH, DOUBL\u00c9"}]},{"@type":"WebSite","@id":"https:\/\/autravail.ca\/#website","url":"https:\/\/autravail.ca\/","name":"Le Magasin Industriel","description":"50 ans de tradition de s\u00e9curit\u00e9 au travail","publisher":{"@id":"https:\/\/autravail.ca\/#organization"},"potentialAction":[{"@type":"SearchAction","target":{"@type":"EntryPoint","urlTemplate":"https:\/\/autravail.ca\/?s={search_term_string}"},"query-input":{"@type":"PropertyValueSpecification","valueRequired":true,"valueName":"search_term_string"}}],"inLanguage":"en-CA"},{"@type":"Organization","@id":"https:\/\/autravail.ca\/#organization","name":"Le Magasin Industriel","url":"https:\/\/autravail.ca\/","logo":{"@type":"ImageObject","inLanguage":"en-CA","@id":"https:\/\/autravail.ca\/#\/schema\/logo\/image\/","url":"https:\/\/autravail.ca\/wp-content\/uploads\/2025\/05\/cropped-magasin_industriel_120x.avif","contentUrl":"https:\/\/autravail.ca\/wp-content\/uploads\/2025\/05\/cropped-magasin_industriel_120x.avif","width":120,"height":24,"caption":"Le Magasin Industriel"},"image":{"@id":"https:\/\/autravail.ca\/#\/schema\/logo\/image\/"},"sameAs":["https:\/\/www.facebook.com\/lemagasinindustriel\/?locale=fr_FR"]}]}},"jetpack_sharing_enabled":true,"_links":{"self":[{"href":"https:\/\/autravail.ca\/en\/wp-json\/wp\/v2\/product\/37466","targetHints":{"allow":["GET"]}}],"collection":[{"href":"https:\/\/autravail.ca\/en\/wp-json\/wp\/v2\/product"}],"about":[{"href":"https:\/\/autravail.ca\/en\/wp-json\/wp\/v2\/types\/product"}],"replies":[{"embeddable":true,"href":"https:\/\/autravail.ca\/en\/wp-json\/wp\/v2\/comments?post=37466"}],"wp:featuredmedia":[{"embeddable":true,"href":"https:\/\/autravail.ca\/en\/wp-json\/wp\/v2\/media\/23585"}],"wp:attachment":[{"href":"https:\/\/autravail.ca\/en\/wp-json\/wp\/v2\/media?parent=37466"}],"wp:term":[{"taxonomy":"product_cat","embeddable":true,"href":"https:\/\/autravail.ca\/en\/wp-json\/wp\/v2\/product_cat?post=37466"},{"taxonomy":"product_tag","embeddable":true,"href":"https:\/\/autravail.ca\/en\/wp-json\/wp\/v2\/product_tag?post=37466"}],"curies":[{"name":"wp","href":"https:\/\/api.w.org\/{rel}","templated":true}]}}