{"id":37406,"date":"2025-05-08T08:06:12","date_gmt":"2025-05-08T08:06:12","guid":{"rendered":"https:\/\/meteoquebec.ca\/?post_type=product&#038;p=37406"},"modified":"2026-03-25T08:42:41","modified_gmt":"2026-03-25T12:42:41","slug":"jg-tk-e8000-pantalon-de-travail-cargo-extensible","status":"publish","type":"product","link":"https:\/\/autravail.ca\/en\/product\/jg-tk-e8000-pantalon-de-travail-cargo-extensible\/","title":{"rendered":"JG TK-E8000 - EXTENSIBLE WORK CARGO PANTS"},"content":{"rendered":"<p>Extendable Men's Cargo Work Pants, Task<\/p>\n<ul>\n<li>Extendable Serg, 65% Polyester \/ 33% Cotton \/ 2% Elastane, 8.5 oz.<\/li>\n<li>Elastics Belt.<\/li>\n<li>Resistant to stains.<\/li>\n<li>hydrophobic<\/li>\n<li>Permanent Pressing<\/li>\n<li>Cargo pockets with foldover closures and hidden buttons.<\/li>\n<li>Double thickness pocket lining.<\/li>\n<li>Double Width Hooks<\/li>\n<li>Long lasting dye<\/li>\n<li>Reinforced Hook<\/li>\n<li>Crochet and metal eyelets.<\/li>\n<\/ul>\n<p>&nbsp;<\/p>\n<ul>\n<li>Men's stretch cargo work Pants\n<ul>\n<li>Stretch twill 65% polyester\/33% cotton\/2% spandex 8.5oz.<\/li>\n<li>Tissu twill tir<\/li>\n<li>Elastique ceinture<\/li>\n<li>Rsistance aux taches.<\/li>\n<li>Rsistant  l'eau<\/li>\n<li>Permanent press.<\/li>\n<li>Cargo pockets with flap fasteners and concealed buttons.<\/li>\n<li>Double Layer Pocket Lining.<\/li>\n<li>Double large boucles.<\/li>\n<li>Dye lasting<\/li>\n<li>Renforc  fourchette.<\/li>\n<li>Metal hook n' eye.<\/li>\n<\/ul>\n<\/li>\n<\/ul>\n<p>&nbsp;<\/p>","protected":false},"excerpt":{"rendered":"<p>Mens Stretch Cargo Work Pants  Task Stretch twill 65% polyester\/33% cotton\/2% spandex, 8.5 oz. Elastic waistband. Stain-resistant. Water-repellent. Permanent press. Cargo pockets with flap closures and hidden buttons. Double-layer pocket lining. Double-width belt loops. Long-lasting dye. Reinforced crotch. Metal hook and eye.<\/p>","protected":false},"featured_media":39588,"comment_status":"open","ping_status":"closed","template":"","meta":[],"product_cat":[599,602,773,604],"product_tag":[306],"class_list":{"0":"post-37406","1":"product","2":"type-product","3":"status-publish","4":"has-post-thumbnail","6":"product_brand-task","7":"product_cat-apparel-accessories","8":"product_cat-hommes","9":"product_cat-task","10":"product_cat-vetements-de-travail","11":"product_tag-cartier","13":"first","14":"instock","15":"taxable","16":"shipping-taxable","17":"purchasable","18":"product-type-variable"},"yoast_head":"<!-- This site is optimized with the Yoast SEO plugin v25.3.1 - https:\/\/yoast.com\/wordpress\/plugins\/seo\/ -->\n<title>JG TK-E8000 - PANTALON DE TRAVAIL CARGO EXTENSIBLE - Le Magasin Industriel<\/title>\n<meta name=\"robots\" content=\"index, follow, max-snippet:-1, max-image-preview:large, max-video-preview:-1\" \/>\n<link rel=\"canonical\" href=\"https:\/\/autravail.ca\/en\/product\/jg-tk-e8000-pantalon-de-travail-cargo-extensible\/\" \/>\n<meta property=\"og:locale\" content=\"en_US\" \/>\n<meta property=\"og:type\" content=\"article\" \/>\n<meta property=\"og:title\" content=\"JG TK-E8000 - PANTALON DE TRAVAIL CARGO EXTENSIBLE - Le Magasin Industriel\" \/>\n<meta property=\"og:description\" content=\"Pantalon de travail style cargo extensible pour homme, Task Serg\u00e9 extensible 65 % polyester\/33 % coton\/2 % \u00e9lasthanne 8,5 oz. Ceinture \u00e9lastique. R\u00e9sistant aux taches. Hydrofuge. Pressage permanent. Poches cargo avec fermetures \u00e0 rabat et boutons cach\u00e9s. Doublure de poche double \u00e9paisseur. Boucles double largeur. Teinture longue dur\u00e9e. Fourche renforc\u00e9e. Crochet et oeil en m\u00e9tal. [&hellip;]\" \/>\n<meta property=\"og:url\" content=\"https:\/\/autravail.ca\/en\/product\/jg-tk-e8000-pantalon-de-travail-cargo-extensible\/\" \/>\n<meta property=\"og:site_name\" content=\"Le Magasin Industriel\" \/>\n<meta property=\"article:publisher\" content=\"https:\/\/www.facebook.com\/lemagasinindustriel\/?locale=fr_FR\" \/>\n<meta property=\"article:modified_time\" content=\"2026-03-25T12:42:41+00:00\" \/>\n<meta property=\"og:image\" content=\"https:\/\/autravail.ca\/wp-content\/uploads\/2025\/05\/TK-E8000_A01_blk-2.jpg\" \/>\n\t<meta property=\"og:image:width\" content=\"800\" \/>\n\t<meta property=\"og:image:height\" content=\"720\" \/>\n\t<meta property=\"og:image:type\" content=\"image\/jpeg\" \/>\n<meta name=\"twitter:card\" content=\"summary_large_image\" \/>\n<meta name=\"twitter:label1\" content=\"Est. reading time\" \/>\n\t<meta name=\"twitter:data1\" content=\"1 minute\" \/>\n<script type=\"application\/ld+json\" class=\"yoast-schema-graph\">{\"@context\":\"https:\/\/schema.org\",\"@graph\":[{\"@type\":\"WebPage\",\"@id\":\"https:\/\/autravail.ca\/product\/jg-tk-e8000-pantalon-de-travail-cargo-extensible\/\",\"url\":\"https:\/\/autravail.ca\/product\/jg-tk-e8000-pantalon-de-travail-cargo-extensible\/\",\"name\":\"JG TK-E8000 - PANTALON DE TRAVAIL CARGO EXTENSIBLE - Le Magasin Industriel\",\"isPartOf\":{\"@id\":\"https:\/\/autravail.ca\/#website\"},\"primaryImageOfPage\":{\"@id\":\"https:\/\/autravail.ca\/product\/jg-tk-e8000-pantalon-de-travail-cargo-extensible\/#primaryimage\"},\"image\":{\"@id\":\"https:\/\/autravail.ca\/product\/jg-tk-e8000-pantalon-de-travail-cargo-extensible\/#primaryimage\"},\"thumbnailUrl\":\"https:\/\/autravail.ca\/wp-content\/uploads\/2025\/05\/TK-E8000_A01_blk-2.jpg\",\"datePublished\":\"2025-05-08T08:06:12+00:00\",\"dateModified\":\"2026-03-25T12:42:41+00:00\",\"breadcrumb\":{\"@id\":\"https:\/\/autravail.ca\/product\/jg-tk-e8000-pantalon-de-travail-cargo-extensible\/#breadcrumb\"},\"inLanguage\":\"en-CA\",\"potentialAction\":[{\"@type\":\"ReadAction\",\"target\":[\"https:\/\/autravail.ca\/product\/jg-tk-e8000-pantalon-de-travail-cargo-extensible\/\"]}]},{\"@type\":\"ImageObject\",\"inLanguage\":\"en-CA\",\"@id\":\"https:\/\/autravail.ca\/product\/jg-tk-e8000-pantalon-de-travail-cargo-extensible\/#primaryimage\",\"url\":\"https:\/\/autravail.ca\/wp-content\/uploads\/2025\/05\/TK-E8000_A01_blk-2.jpg\",\"contentUrl\":\"https:\/\/autravail.ca\/wp-content\/uploads\/2025\/05\/TK-E8000_A01_blk-2.jpg\",\"width\":800,\"height\":720},{\"@type\":\"BreadcrumbList\",\"@id\":\"https:\/\/autravail.ca\/product\/jg-tk-e8000-pantalon-de-travail-cargo-extensible\/#breadcrumb\",\"itemListElement\":[{\"@type\":\"ListItem\",\"position\":1,\"name\":\"Accueil\",\"item\":\"https:\/\/autravail.ca\/\"},{\"@type\":\"ListItem\",\"position\":2,\"name\":\"Magasin\",\"item\":\"https:\/\/autravail.ca\/en\/shop\/\"},{\"@type\":\"ListItem\",\"position\":3,\"name\":\"JG TK-E8000 &#8211; PANTALON DE TRAVAIL CARGO EXTENSIBLE\"}]},{\"@type\":\"WebSite\",\"@id\":\"https:\/\/autravail.ca\/#website\",\"url\":\"https:\/\/autravail.ca\/\",\"name\":\"Le Magasin Industriel\",\"description\":\"50 ans de tradition de s\u00e9curit\u00e9 au travail\",\"publisher\":{\"@id\":\"https:\/\/autravail.ca\/#organization\"},\"potentialAction\":[{\"@type\":\"SearchAction\",\"target\":{\"@type\":\"EntryPoint\",\"urlTemplate\":\"https:\/\/autravail.ca\/?s={search_term_string}\"},\"query-input\":{\"@type\":\"PropertyValueSpecification\",\"valueRequired\":true,\"valueName\":\"search_term_string\"}}],\"inLanguage\":\"en-CA\"},{\"@type\":\"Organization\",\"@id\":\"https:\/\/autravail.ca\/#organization\",\"name\":\"Le Magasin Industriel\",\"url\":\"https:\/\/autravail.ca\/\",\"logo\":{\"@type\":\"ImageObject\",\"inLanguage\":\"en-CA\",\"@id\":\"https:\/\/autravail.ca\/#\/schema\/logo\/image\/\",\"url\":\"https:\/\/autravail.ca\/wp-content\/uploads\/2025\/05\/cropped-magasin_industriel_120x.avif\",\"contentUrl\":\"https:\/\/autravail.ca\/wp-content\/uploads\/2025\/05\/cropped-magasin_industriel_120x.avif\",\"width\":120,\"height\":24,\"caption\":\"Le Magasin Industriel\"},\"image\":{\"@id\":\"https:\/\/autravail.ca\/#\/schema\/logo\/image\/\"},\"sameAs\":[\"https:\/\/www.facebook.com\/lemagasinindustriel\/?locale=fr_FR\"]}]}<\/script>\n<!-- \/ Yoast SEO plugin. -->","yoast_head_json":{"title":"JG TK-E8000 - PANTALON DE TRAVAIL CARGO EXTENSIBLE - Le Magasin Industriel","robots":{"index":"index","follow":"follow","max-snippet":"max-snippet:-1","max-image-preview":"max-image-preview:large","max-video-preview":"max-video-preview:-1"},"canonical":"https:\/\/autravail.ca\/en\/product\/jg-tk-e8000-pantalon-de-travail-cargo-extensible\/","og_locale":"en_US","og_type":"article","og_title":"JG TK-E8000 - PANTALON DE TRAVAIL CARGO EXTENSIBLE - Le Magasin Industriel","og_description":"Pantalon de travail style cargo extensible pour homme, Task Serg\u00e9 extensible 65 % polyester\/33 % coton\/2 % \u00e9lasthanne 8,5 oz. Ceinture \u00e9lastique. R\u00e9sistant aux taches. Hydrofuge. Pressage permanent. Poches cargo avec fermetures \u00e0 rabat et boutons cach\u00e9s. Doublure de poche double \u00e9paisseur. Boucles double largeur. Teinture longue dur\u00e9e. Fourche renforc\u00e9e. Crochet et oeil en m\u00e9tal. [&hellip;]","og_url":"https:\/\/autravail.ca\/en\/product\/jg-tk-e8000-pantalon-de-travail-cargo-extensible\/","og_site_name":"Le Magasin Industriel","article_publisher":"https:\/\/www.facebook.com\/lemagasinindustriel\/?locale=fr_FR","article_modified_time":"2026-03-25T12:42:41+00:00","og_image":[{"width":800,"height":720,"url":"https:\/\/autravail.ca\/wp-content\/uploads\/2025\/05\/TK-E8000_A01_blk-2.jpg","type":"image\/jpeg"}],"twitter_card":"summary_large_image","twitter_misc":{"Est. reading time":"1 minute"},"schema":{"@context":"https:\/\/schema.org","@graph":[{"@type":"WebPage","@id":"https:\/\/autravail.ca\/product\/jg-tk-e8000-pantalon-de-travail-cargo-extensible\/","url":"https:\/\/autravail.ca\/product\/jg-tk-e8000-pantalon-de-travail-cargo-extensible\/","name":"JG TK-E8000 - PANTALON DE TRAVAIL CARGO EXTENSIBLE - Le Magasin Industriel","isPartOf":{"@id":"https:\/\/autravail.ca\/#website"},"primaryImageOfPage":{"@id":"https:\/\/autravail.ca\/product\/jg-tk-e8000-pantalon-de-travail-cargo-extensible\/#primaryimage"},"image":{"@id":"https:\/\/autravail.ca\/product\/jg-tk-e8000-pantalon-de-travail-cargo-extensible\/#primaryimage"},"thumbnailUrl":"https:\/\/autravail.ca\/wp-content\/uploads\/2025\/05\/TK-E8000_A01_blk-2.jpg","datePublished":"2025-05-08T08:06:12+00:00","dateModified":"2026-03-25T12:42:41+00:00","breadcrumb":{"@id":"https:\/\/autravail.ca\/product\/jg-tk-e8000-pantalon-de-travail-cargo-extensible\/#breadcrumb"},"inLanguage":"en-CA","potentialAction":[{"@type":"ReadAction","target":["https:\/\/autravail.ca\/product\/jg-tk-e8000-pantalon-de-travail-cargo-extensible\/"]}]},{"@type":"ImageObject","inLanguage":"en-CA","@id":"https:\/\/autravail.ca\/product\/jg-tk-e8000-pantalon-de-travail-cargo-extensible\/#primaryimage","url":"https:\/\/autravail.ca\/wp-content\/uploads\/2025\/05\/TK-E8000_A01_blk-2.jpg","contentUrl":"https:\/\/autravail.ca\/wp-content\/uploads\/2025\/05\/TK-E8000_A01_blk-2.jpg","width":800,"height":720},{"@type":"BreadcrumbList","@id":"https:\/\/autravail.ca\/product\/jg-tk-e8000-pantalon-de-travail-cargo-extensible\/#breadcrumb","itemListElement":[{"@type":"ListItem","position":1,"name":"Accueil","item":"https:\/\/autravail.ca\/"},{"@type":"ListItem","position":2,"name":"Magasin","item":"https:\/\/autravail.ca\/en\/shop\/"},{"@type":"ListItem","position":3,"name":"JG TK-E8000 &#8211; PANTALON DE TRAVAIL CARGO EXTENSIBLE"}]},{"@type":"WebSite","@id":"https:\/\/autravail.ca\/#website","url":"https:\/\/autravail.ca\/","name":"Le Magasin Industriel","description":"50 ans de tradition de s\u00e9curit\u00e9 au travail","publisher":{"@id":"https:\/\/autravail.ca\/#organization"},"potentialAction":[{"@type":"SearchAction","target":{"@type":"EntryPoint","urlTemplate":"https:\/\/autravail.ca\/?s={search_term_string}"},"query-input":{"@type":"PropertyValueSpecification","valueRequired":true,"valueName":"search_term_string"}}],"inLanguage":"en-CA"},{"@type":"Organization","@id":"https:\/\/autravail.ca\/#organization","name":"Le Magasin Industriel","url":"https:\/\/autravail.ca\/","logo":{"@type":"ImageObject","inLanguage":"en-CA","@id":"https:\/\/autravail.ca\/#\/schema\/logo\/image\/","url":"https:\/\/autravail.ca\/wp-content\/uploads\/2025\/05\/cropped-magasin_industriel_120x.avif","contentUrl":"https:\/\/autravail.ca\/wp-content\/uploads\/2025\/05\/cropped-magasin_industriel_120x.avif","width":120,"height":24,"caption":"Le Magasin Industriel"},"image":{"@id":"https:\/\/autravail.ca\/#\/schema\/logo\/image\/"},"sameAs":["https:\/\/www.facebook.com\/lemagasinindustriel\/?locale=fr_FR"]}]}},"jetpack_sharing_enabled":true,"_links":{"self":[{"href":"https:\/\/autravail.ca\/en\/wp-json\/wp\/v2\/product\/37406","targetHints":{"allow":["GET"]}}],"collection":[{"href":"https:\/\/autravail.ca\/en\/wp-json\/wp\/v2\/product"}],"about":[{"href":"https:\/\/autravail.ca\/en\/wp-json\/wp\/v2\/types\/product"}],"replies":[{"embeddable":true,"href":"https:\/\/autravail.ca\/en\/wp-json\/wp\/v2\/comments?post=37406"}],"wp:featuredmedia":[{"embeddable":true,"href":"https:\/\/autravail.ca\/en\/wp-json\/wp\/v2\/media\/39588"}],"wp:attachment":[{"href":"https:\/\/autravail.ca\/en\/wp-json\/wp\/v2\/media?parent=37406"}],"wp:term":[{"taxonomy":"product_cat","embeddable":true,"href":"https:\/\/autravail.ca\/en\/wp-json\/wp\/v2\/product_cat?post=37406"},{"taxonomy":"product_tag","embeddable":true,"href":"https:\/\/autravail.ca\/en\/wp-json\/wp\/v2\/product_tag?post=37406"}],"curies":[{"name":"wp","href":"https:\/\/api.w.org\/{rel}","templated":true}]}}