{"id":37347,"date":"2025-05-08T08:05:32","date_gmt":"2025-05-08T08:05:32","guid":{"rendered":"https:\/\/meteoquebec.ca\/?post_type=product&#038;p=37347"},"modified":"2026-03-25T08:38:35","modified_gmt":"2026-03-25T12:38:35","slug":"tk-e5040-chemise-de-travail-extensible","status":"publish","type":"product","link":"https:\/\/autravail.ca\/en\/product\/tk-e5040-chemise-de-travail-extensible\/","title":{"rendered":"TK-E5040 - EXTENSIBLE WORK SHIRT"},"content":{"rendered":"<p>Extendable Work Shirt with Long Sleeves, Task <\/p>\n<ul>\n<li>Extendable Fabric 65% Polyester\/33% Cotton\/2% Elastane 5.5oz.<\/li>\n<li>Closure by pressure.<\/li>\n<li>Resistant to stains.<\/li>\n<li>hydrophobic<\/li>\n<li>Durable Pockets with Pressure Closure and Division for Pencils<\/li>\n<li>Label of Task Logo on Patch Pockets.<\/li>\n<\/ul>\n<p> Classic stretch long sleeve men's work shirt <\/p>\n<ul>\n<li>Twill 65% polyester\/33% cotton\/2% spandex 5.5oz.<\/li>\n<li>snap closure.<\/li>\n<li>Rsistance aux taches.<\/li>\n<li>Rsistant  l'eau<\/li>\n<li>Permanent press.<\/li>\n<li>Pockets with long durability featuring snap closures and pencil compartments.<\/li>\n<li>Wowen logo tab label on flap pockets.<\/li>\n<\/ul>","protected":false},"excerpt":{"rendered":"<p>Chemise de travail extensible \u00e0 manches longues, Task Tissu extensible 65% polyester\/33% coton\/2% \u00e9lasthanne 5.5oz. Fermeture \u00e0 pression. R\u00e9sistant aux taches. Hydrofuge. Poches \u00e0 rabat durables avec fermeture \u00e0 pression et division pour crayons. \u00c9tiquette du logo Task sur poches \u00e0 rabat. Men&rsquo;s classic stretch long sleeve work shirt Twill 65% polyester\/33% coton\/2% spandex 5.5oz. [&hellip;]<\/p>","protected":false},"featured_media":23448,"comment_status":"open","ping_status":"closed","template":"","meta":[],"product_cat":[599,602,773,604],"product_tag":[],"class_list":{"0":"post-37347","1":"product","2":"type-product","3":"status-publish","4":"has-post-thumbnail","6":"product_brand-task","7":"product_cat-apparel-accessories","8":"product_cat-hommes","9":"product_cat-task","10":"product_cat-vetements-de-travail","12":"first","13":"instock","14":"taxable","15":"shipping-taxable","16":"purchasable","17":"product-type-variable"},"yoast_head":"<!-- This site is optimized with the Yoast SEO plugin v25.3.1 - https:\/\/yoast.com\/wordpress\/plugins\/seo\/ -->\n<title>TK-E5040 - CHEMISE DE TRAVAIL EXTENSIBLE - Le Magasin Industriel<\/title>\n<meta name=\"robots\" content=\"index, follow, max-snippet:-1, max-image-preview:large, max-video-preview:-1\" \/>\n<link rel=\"canonical\" href=\"https:\/\/autravail.ca\/en\/product\/tk-e5040-chemise-de-travail-extensible\/\" \/>\n<meta property=\"og:locale\" content=\"en_US\" \/>\n<meta property=\"og:type\" content=\"article\" \/>\n<meta property=\"og:title\" content=\"TK-E5040 - CHEMISE DE TRAVAIL EXTENSIBLE - Le Magasin Industriel\" \/>\n<meta property=\"og:description\" content=\"Chemise de travail extensible \u00e0 manches longues, Task Tissu extensible 65% polyester\/33% coton\/2% \u00e9lasthanne 5.5oz. Fermeture \u00e0 pression. R\u00e9sistant aux taches. Hydrofuge. Poches \u00e0 rabat durables avec fermeture \u00e0 pression et division pour crayons. \u00c9tiquette du logo Task sur poches \u00e0 rabat. Men&rsquo;s classic stretch long sleeve work shirt Twill 65% polyester\/33% coton\/2% spandex 5.5oz. [&hellip;]\" \/>\n<meta property=\"og:url\" content=\"https:\/\/autravail.ca\/en\/product\/tk-e5040-chemise-de-travail-extensible\/\" \/>\n<meta property=\"og:site_name\" content=\"Le Magasin Industriel\" \/>\n<meta property=\"article:publisher\" content=\"https:\/\/www.facebook.com\/lemagasinindustriel\/?locale=fr_FR\" \/>\n<meta property=\"article:modified_time\" content=\"2026-03-25T12:38:35+00:00\" \/>\n<meta property=\"og:image\" content=\"https:\/\/autravail.ca\/wp-content\/uploads\/2025\/05\/TK-E5040_A01_blk.jpg\" \/>\n\t<meta property=\"og:image:width\" content=\"800\" \/>\n\t<meta property=\"og:image:height\" content=\"720\" \/>\n\t<meta property=\"og:image:type\" content=\"image\/jpeg\" \/>\n<meta name=\"twitter:card\" content=\"summary_large_image\" \/>\n<script type=\"application\/ld+json\" class=\"yoast-schema-graph\">{\"@context\":\"https:\/\/schema.org\",\"@graph\":[{\"@type\":\"WebPage\",\"@id\":\"https:\/\/autravail.ca\/product\/tk-e5040-chemise-de-travail-extensible\/\",\"url\":\"https:\/\/autravail.ca\/product\/tk-e5040-chemise-de-travail-extensible\/\",\"name\":\"TK-E5040 - CHEMISE DE TRAVAIL EXTENSIBLE - Le Magasin Industriel\",\"isPartOf\":{\"@id\":\"https:\/\/autravail.ca\/#website\"},\"primaryImageOfPage\":{\"@id\":\"https:\/\/autravail.ca\/product\/tk-e5040-chemise-de-travail-extensible\/#primaryimage\"},\"image\":{\"@id\":\"https:\/\/autravail.ca\/product\/tk-e5040-chemise-de-travail-extensible\/#primaryimage\"},\"thumbnailUrl\":\"https:\/\/autravail.ca\/wp-content\/uploads\/2025\/05\/TK-E5040_A01_blk.jpg\",\"datePublished\":\"2025-05-08T08:05:32+00:00\",\"dateModified\":\"2026-03-25T12:38:35+00:00\",\"breadcrumb\":{\"@id\":\"https:\/\/autravail.ca\/product\/tk-e5040-chemise-de-travail-extensible\/#breadcrumb\"},\"inLanguage\":\"en-CA\",\"potentialAction\":[{\"@type\":\"ReadAction\",\"target\":[\"https:\/\/autravail.ca\/product\/tk-e5040-chemise-de-travail-extensible\/\"]}]},{\"@type\":\"ImageObject\",\"inLanguage\":\"en-CA\",\"@id\":\"https:\/\/autravail.ca\/product\/tk-e5040-chemise-de-travail-extensible\/#primaryimage\",\"url\":\"https:\/\/autravail.ca\/wp-content\/uploads\/2025\/05\/TK-E5040_A01_blk.jpg\",\"contentUrl\":\"https:\/\/autravail.ca\/wp-content\/uploads\/2025\/05\/TK-E5040_A01_blk.jpg\",\"width\":800,\"height\":720},{\"@type\":\"BreadcrumbList\",\"@id\":\"https:\/\/autravail.ca\/product\/tk-e5040-chemise-de-travail-extensible\/#breadcrumb\",\"itemListElement\":[{\"@type\":\"ListItem\",\"position\":1,\"name\":\"Accueil\",\"item\":\"https:\/\/autravail.ca\/\"},{\"@type\":\"ListItem\",\"position\":2,\"name\":\"Magasin\",\"item\":\"https:\/\/autravail.ca\/en\/shop\/\"},{\"@type\":\"ListItem\",\"position\":3,\"name\":\"TK-E5040 &#8211; CHEMISE DE TRAVAIL EXTENSIBLE\"}]},{\"@type\":\"WebSite\",\"@id\":\"https:\/\/autravail.ca\/#website\",\"url\":\"https:\/\/autravail.ca\/\",\"name\":\"Le Magasin Industriel\",\"description\":\"50 ans de tradition de s\u00e9curit\u00e9 au travail\",\"publisher\":{\"@id\":\"https:\/\/autravail.ca\/#organization\"},\"potentialAction\":[{\"@type\":\"SearchAction\",\"target\":{\"@type\":\"EntryPoint\",\"urlTemplate\":\"https:\/\/autravail.ca\/?s={search_term_string}\"},\"query-input\":{\"@type\":\"PropertyValueSpecification\",\"valueRequired\":true,\"valueName\":\"search_term_string\"}}],\"inLanguage\":\"en-CA\"},{\"@type\":\"Organization\",\"@id\":\"https:\/\/autravail.ca\/#organization\",\"name\":\"Le Magasin Industriel\",\"url\":\"https:\/\/autravail.ca\/\",\"logo\":{\"@type\":\"ImageObject\",\"inLanguage\":\"en-CA\",\"@id\":\"https:\/\/autravail.ca\/#\/schema\/logo\/image\/\",\"url\":\"https:\/\/autravail.ca\/wp-content\/uploads\/2025\/05\/cropped-magasin_industriel_120x.avif\",\"contentUrl\":\"https:\/\/autravail.ca\/wp-content\/uploads\/2025\/05\/cropped-magasin_industriel_120x.avif\",\"width\":120,\"height\":24,\"caption\":\"Le Magasin Industriel\"},\"image\":{\"@id\":\"https:\/\/autravail.ca\/#\/schema\/logo\/image\/\"},\"sameAs\":[\"https:\/\/www.facebook.com\/lemagasinindustriel\/?locale=fr_FR\"]}]}<\/script>\n<!-- \/ Yoast SEO plugin. -->","yoast_head_json":{"title":"TK-E5040 - CHEMISE DE TRAVAIL EXTENSIBLE - Le Magasin Industriel","robots":{"index":"index","follow":"follow","max-snippet":"max-snippet:-1","max-image-preview":"max-image-preview:large","max-video-preview":"max-video-preview:-1"},"canonical":"https:\/\/autravail.ca\/en\/product\/tk-e5040-chemise-de-travail-extensible\/","og_locale":"en_US","og_type":"article","og_title":"TK-E5040 - CHEMISE DE TRAVAIL EXTENSIBLE - Le Magasin Industriel","og_description":"Chemise de travail extensible \u00e0 manches longues, Task Tissu extensible 65% polyester\/33% coton\/2% \u00e9lasthanne 5.5oz. Fermeture \u00e0 pression. R\u00e9sistant aux taches. Hydrofuge. Poches \u00e0 rabat durables avec fermeture \u00e0 pression et division pour crayons. \u00c9tiquette du logo Task sur poches \u00e0 rabat. Men&rsquo;s classic stretch long sleeve work shirt Twill 65% polyester\/33% coton\/2% spandex 5.5oz. [&hellip;]","og_url":"https:\/\/autravail.ca\/en\/product\/tk-e5040-chemise-de-travail-extensible\/","og_site_name":"Le Magasin Industriel","article_publisher":"https:\/\/www.facebook.com\/lemagasinindustriel\/?locale=fr_FR","article_modified_time":"2026-03-25T12:38:35+00:00","og_image":[{"width":800,"height":720,"url":"https:\/\/autravail.ca\/wp-content\/uploads\/2025\/05\/TK-E5040_A01_blk.jpg","type":"image\/jpeg"}],"twitter_card":"summary_large_image","schema":{"@context":"https:\/\/schema.org","@graph":[{"@type":"WebPage","@id":"https:\/\/autravail.ca\/product\/tk-e5040-chemise-de-travail-extensible\/","url":"https:\/\/autravail.ca\/product\/tk-e5040-chemise-de-travail-extensible\/","name":"TK-E5040 - CHEMISE DE TRAVAIL EXTENSIBLE - Le Magasin Industriel","isPartOf":{"@id":"https:\/\/autravail.ca\/#website"},"primaryImageOfPage":{"@id":"https:\/\/autravail.ca\/product\/tk-e5040-chemise-de-travail-extensible\/#primaryimage"},"image":{"@id":"https:\/\/autravail.ca\/product\/tk-e5040-chemise-de-travail-extensible\/#primaryimage"},"thumbnailUrl":"https:\/\/autravail.ca\/wp-content\/uploads\/2025\/05\/TK-E5040_A01_blk.jpg","datePublished":"2025-05-08T08:05:32+00:00","dateModified":"2026-03-25T12:38:35+00:00","breadcrumb":{"@id":"https:\/\/autravail.ca\/product\/tk-e5040-chemise-de-travail-extensible\/#breadcrumb"},"inLanguage":"en-CA","potentialAction":[{"@type":"ReadAction","target":["https:\/\/autravail.ca\/product\/tk-e5040-chemise-de-travail-extensible\/"]}]},{"@type":"ImageObject","inLanguage":"en-CA","@id":"https:\/\/autravail.ca\/product\/tk-e5040-chemise-de-travail-extensible\/#primaryimage","url":"https:\/\/autravail.ca\/wp-content\/uploads\/2025\/05\/TK-E5040_A01_blk.jpg","contentUrl":"https:\/\/autravail.ca\/wp-content\/uploads\/2025\/05\/TK-E5040_A01_blk.jpg","width":800,"height":720},{"@type":"BreadcrumbList","@id":"https:\/\/autravail.ca\/product\/tk-e5040-chemise-de-travail-extensible\/#breadcrumb","itemListElement":[{"@type":"ListItem","position":1,"name":"Accueil","item":"https:\/\/autravail.ca\/"},{"@type":"ListItem","position":2,"name":"Magasin","item":"https:\/\/autravail.ca\/en\/shop\/"},{"@type":"ListItem","position":3,"name":"TK-E5040 &#8211; CHEMISE DE TRAVAIL EXTENSIBLE"}]},{"@type":"WebSite","@id":"https:\/\/autravail.ca\/#website","url":"https:\/\/autravail.ca\/","name":"Le Magasin Industriel","description":"50 ans de tradition de s\u00e9curit\u00e9 au travail","publisher":{"@id":"https:\/\/autravail.ca\/#organization"},"potentialAction":[{"@type":"SearchAction","target":{"@type":"EntryPoint","urlTemplate":"https:\/\/autravail.ca\/?s={search_term_string}"},"query-input":{"@type":"PropertyValueSpecification","valueRequired":true,"valueName":"search_term_string"}}],"inLanguage":"en-CA"},{"@type":"Organization","@id":"https:\/\/autravail.ca\/#organization","name":"Le Magasin Industriel","url":"https:\/\/autravail.ca\/","logo":{"@type":"ImageObject","inLanguage":"en-CA","@id":"https:\/\/autravail.ca\/#\/schema\/logo\/image\/","url":"https:\/\/autravail.ca\/wp-content\/uploads\/2025\/05\/cropped-magasin_industriel_120x.avif","contentUrl":"https:\/\/autravail.ca\/wp-content\/uploads\/2025\/05\/cropped-magasin_industriel_120x.avif","width":120,"height":24,"caption":"Le Magasin Industriel"},"image":{"@id":"https:\/\/autravail.ca\/#\/schema\/logo\/image\/"},"sameAs":["https:\/\/www.facebook.com\/lemagasinindustriel\/?locale=fr_FR"]}]}},"jetpack_sharing_enabled":true,"_links":{"self":[{"href":"https:\/\/autravail.ca\/en\/wp-json\/wp\/v2\/product\/37347","targetHints":{"allow":["GET"]}}],"collection":[{"href":"https:\/\/autravail.ca\/en\/wp-json\/wp\/v2\/product"}],"about":[{"href":"https:\/\/autravail.ca\/en\/wp-json\/wp\/v2\/types\/product"}],"replies":[{"embeddable":true,"href":"https:\/\/autravail.ca\/en\/wp-json\/wp\/v2\/comments?post=37347"}],"wp:featuredmedia":[{"embeddable":true,"href":"https:\/\/autravail.ca\/en\/wp-json\/wp\/v2\/media\/23448"}],"wp:attachment":[{"href":"https:\/\/autravail.ca\/en\/wp-json\/wp\/v2\/media?parent=37347"}],"wp:term":[{"taxonomy":"product_cat","embeddable":true,"href":"https:\/\/autravail.ca\/en\/wp-json\/wp\/v2\/product_cat?post=37347"},{"taxonomy":"product_tag","embeddable":true,"href":"https:\/\/autravail.ca\/en\/wp-json\/wp\/v2\/product_tag?post=37347"}],"curies":[{"name":"wp","href":"https:\/\/api.w.org\/{rel}","templated":true}]}}