{"id":37346,"date":"2025-05-08T08:05:31","date_gmt":"2025-05-08T08:05:31","guid":{"rendered":"https:\/\/meteoquebec.ca\/?post_type=product&#038;p=37346"},"modified":"2026-03-27T15:37:31","modified_gmt":"2026-03-27T19:37:31","slug":"bermuda-cargo-extensible-tk-e4000","status":"publish","type":"product","link":"https:\/\/autravail.ca\/en\/product\/bermuda-cargo-extensible-tk-e4000\/","title":{"rendered":"Bermuda cargo extensible &#8211; TK-E4000"},"content":{"rendered":"<h3>Bermuda cargo extensible &#8211; TK-E4000<\/h3>\n<p>Bermuda cargo extensible &#8211; TK-E4000 de Task offre la combinaison parfaite de confort, de durabilit\u00e9 et de praticit\u00e9 gr\u00e2ce \u00e0 son tissu serg\u00e9 extensible, sa r\u00e9sistance aux taches et ses nombreuses poches cargo. D\u00e9couvrez un confort et une durabilit\u00e9 exceptionnels avec notre short de travail cargo stretch pour homme, confectionn\u00e9 en serg\u00e9 stretch pour une flexibilit\u00e9 optimale. Ce short est r\u00e9sistant aux taches, d\u00e9perlant et dot\u00e9 d&rsquo;une taille \u00e9lastique pour un ajustement parfait. Ses poches cargo \u00e0 rabat et boutons dissimul\u00e9s assurent un rangement s\u00e9curis\u00e9. Fabriqu\u00e9 \u00e0 partir d&rsquo;un m\u00e9lange robuste de polyester, de coton et d&rsquo;\u00e9lasthanne, ce short lavable en machine est con\u00e7u pour r\u00e9sister aux environnements de travail les plus exigeants.<\/p>\n<h6><strong><span dir=\"auto\">Characteristics:<\/span><\/strong><\/h6>\n<ul>\n<li><span dir=\"auto\">Extendable Serger<\/span><\/li>\n<li><span dir=\"auto\">R\u00e9sistant aux taches<\/span><\/li>\n<li><span dir=\"auto\">Hydrofuge<\/span><\/li>\n<li>B\u00e9n\u00e9ficie d&rsquo;un fini\u00a0<strong class=\"Yjhzub\" data-sfc-root=\"c\" data-sfc-cb=\"\" data-complete=\"true\">pressage permanent<\/strong>\u00a0pour limiter les plis et d&rsquo;une teinture longue dur\u00e9e qui r\u00e9siste aux lavages fr\u00e9quents en machine.<\/li>\n<li><span dir=\"auto\">ceinture \u00e9lastique<\/span><\/li>\n<\/ul>\n<h6><strong><span dir=\"auto\">D\u00e9tails techniques\u00a0:<\/span><\/strong><\/h6>\n<ul>\n<li><span dir=\"auto\">Poches cargo \u00e0 rabat et boutons dissimul\u00e9s<\/span><\/li>\n<li><span dir=\"auto\">Doublure de poche double couche<\/span><\/li>\n<li><span dir=\"auto\">Boucles \u00e0 double largeur<\/span><\/li>\n<li><span dir=\"auto\">Long lasting dye<\/span><\/li>\n<li><span dir=\"auto\">Crochet et \u0153illet en m\u00e9tal<\/span><\/li>\n<\/ul>\n<h6><strong><span dir=\"auto\">Composition et entretien :<\/span><\/strong><\/h6>\n<ul>\n<li><span dir=\"auto\">Serg\u00e9 extensible TC 8,5 oz [65 % polyester \u2013 33 % coton \u2013 2 % \u00e9lasthanne]<\/span><\/li>\n<li><span dir=\"auto\">Lavable en machine<\/span><\/li>\n<\/ul>\n<p><img decoding=\"async\" class=\"alignnone wp-image-40620\" src=\"https:\/\/autravail.ca\/wp-content\/uploads\/2025\/09\/Jachete-quebec-et-canada.jpg\" alt=\"Logo de l'achat local\" width=\"162\" height=\"139\" \/>Merci d&rsquo;encourager une entreprise 100% d&rsquo;ici!<\/p>\n<p>TS2603H<\/p>\n<p>&nbsp;<\/p>","protected":false},"excerpt":{"rendered":"<p>Bermuda cargo extensible &#8211; TK-E4000 Bermuda cargo extensible &#8211; TK-E4000 de Task offre la combinaison parfaite de confort, de durabilit\u00e9 et de praticit\u00e9 gr\u00e2ce \u00e0 son tissu serg\u00e9 extensible, sa r\u00e9sistance aux taches et ses nombreuses poches cargo. D\u00e9couvrez un confort et une durabilit\u00e9 exceptionnels avec notre short de travail cargo stretch pour homme, confectionn\u00e9 [&hellip;]<\/p>","protected":false},"featured_media":46308,"comment_status":"open","ping_status":"closed","template":"","meta":[],"product_cat":[599,602,773,604],"product_tag":[],"class_list":{"0":"post-37346","1":"product","2":"type-product","3":"status-publish","4":"has-post-thumbnail","6":"product_brand-task","7":"product_cat-apparel-accessories","8":"product_cat-hommes","9":"product_cat-task","10":"product_cat-vetements-de-travail","12":"first","13":"instock","14":"taxable","15":"shipping-taxable","16":"purchasable","17":"product-type-variable"},"yoast_head":"<!-- This site is optimized with the Yoast SEO plugin v25.3.1 - https:\/\/yoast.com\/wordpress\/plugins\/seo\/ -->\n<title>Bermuda cargo extensible - TK-E4000 - Le Magasin Industriel<\/title>\n<meta name=\"description\" content=\"Bermuda cargo extensible - TK-E4000 offre la combinaison parfaite de confort, de durabilit\u00e9 et de praticit\u00e9 gr\u00e2ce \u00e0 son tissu serg\u00e9 extensible\" \/>\n<meta name=\"robots\" content=\"index, follow, max-snippet:-1, max-image-preview:large, max-video-preview:-1\" \/>\n<link rel=\"canonical\" href=\"https:\/\/autravail.ca\/en\/product\/bermuda-cargo-extensible-tk-e4000\/\" \/>\n<meta property=\"og:locale\" content=\"en_US\" \/>\n<meta property=\"og:type\" content=\"article\" \/>\n<meta property=\"og:title\" content=\"Bermuda cargo extensible - TK-E4000 - Le Magasin Industriel\" \/>\n<meta property=\"og:description\" content=\"Bermuda cargo extensible - TK-E4000 offre la combinaison parfaite de confort, de durabilit\u00e9 et de praticit\u00e9 gr\u00e2ce \u00e0 son tissu serg\u00e9 extensible\" \/>\n<meta property=\"og:url\" content=\"https:\/\/autravail.ca\/en\/product\/bermuda-cargo-extensible-tk-e4000\/\" \/>\n<meta property=\"og:site_name\" content=\"Le Magasin Industriel\" \/>\n<meta property=\"article:publisher\" content=\"https:\/\/www.facebook.com\/lemagasinindustriel\/?locale=fr_FR\" \/>\n<meta property=\"article:modified_time\" content=\"2026-03-27T19:37:31+00:00\" \/>\n<meta property=\"og:image\" content=\"https:\/\/autravail.ca\/wp-content\/uploads\/2025\/05\/TK-E4000_A01_blk.jpg\" \/>\n\t<meta property=\"og:image:width\" content=\"1000\" \/>\n\t<meta property=\"og:image:height\" content=\"1000\" \/>\n\t<meta property=\"og:image:type\" content=\"image\/jpeg\" \/>\n<meta name=\"twitter:card\" content=\"summary_large_image\" \/>\n<meta name=\"twitter:label1\" content=\"Est. reading time\" \/>\n\t<meta name=\"twitter:data1\" content=\"2 minutes\" \/>\n<script type=\"application\/ld+json\" class=\"yoast-schema-graph\">{\"@context\":\"https:\/\/schema.org\",\"@graph\":[{\"@type\":\"WebPage\",\"@id\":\"https:\/\/autravail.ca\/product\/bermuda-cargo-extensible-tk-e4000\/\",\"url\":\"https:\/\/autravail.ca\/product\/bermuda-cargo-extensible-tk-e4000\/\",\"name\":\"Bermuda cargo extensible - TK-E4000 - Le Magasin Industriel\",\"isPartOf\":{\"@id\":\"https:\/\/autravail.ca\/#website\"},\"primaryImageOfPage\":{\"@id\":\"https:\/\/autravail.ca\/product\/bermuda-cargo-extensible-tk-e4000\/#primaryimage\"},\"image\":{\"@id\":\"https:\/\/autravail.ca\/product\/bermuda-cargo-extensible-tk-e4000\/#primaryimage\"},\"thumbnailUrl\":\"https:\/\/autravail.ca\/wp-content\/uploads\/2025\/05\/TK-E4000_A01_blk.jpg\",\"datePublished\":\"2025-05-08T08:05:31+00:00\",\"dateModified\":\"2026-03-27T19:37:31+00:00\",\"description\":\"Bermuda cargo extensible - TK-E4000 offre la combinaison parfaite de confort, de durabilit\u00e9 et de praticit\u00e9 gr\u00e2ce \u00e0 son tissu serg\u00e9 extensible\",\"breadcrumb\":{\"@id\":\"https:\/\/autravail.ca\/product\/bermuda-cargo-extensible-tk-e4000\/#breadcrumb\"},\"inLanguage\":\"en-CA\",\"potentialAction\":[{\"@type\":\"ReadAction\",\"target\":[\"https:\/\/autravail.ca\/product\/bermuda-cargo-extensible-tk-e4000\/\"]}]},{\"@type\":\"ImageObject\",\"inLanguage\":\"en-CA\",\"@id\":\"https:\/\/autravail.ca\/product\/bermuda-cargo-extensible-tk-e4000\/#primaryimage\",\"url\":\"https:\/\/autravail.ca\/wp-content\/uploads\/2025\/05\/TK-E4000_A01_blk.jpg\",\"contentUrl\":\"https:\/\/autravail.ca\/wp-content\/uploads\/2025\/05\/TK-E4000_A01_blk.jpg\",\"width\":1000,\"height\":1000,\"caption\":\"Bermuda cargo extensible - TK-E4000\"},{\"@type\":\"BreadcrumbList\",\"@id\":\"https:\/\/autravail.ca\/product\/bermuda-cargo-extensible-tk-e4000\/#breadcrumb\",\"itemListElement\":[{\"@type\":\"ListItem\",\"position\":1,\"name\":\"Accueil\",\"item\":\"https:\/\/autravail.ca\/\"},{\"@type\":\"ListItem\",\"position\":2,\"name\":\"Magasin\",\"item\":\"https:\/\/autravail.ca\/en\/shop\/\"},{\"@type\":\"ListItem\",\"position\":3,\"name\":\"Bermuda cargo extensible &#8211; TK-E4000\"}]},{\"@type\":\"WebSite\",\"@id\":\"https:\/\/autravail.ca\/#website\",\"url\":\"https:\/\/autravail.ca\/\",\"name\":\"Le Magasin Industriel\",\"description\":\"50 ans de tradition de s\u00e9curit\u00e9 au travail\",\"publisher\":{\"@id\":\"https:\/\/autravail.ca\/#organization\"},\"potentialAction\":[{\"@type\":\"SearchAction\",\"target\":{\"@type\":\"EntryPoint\",\"urlTemplate\":\"https:\/\/autravail.ca\/?s={search_term_string}\"},\"query-input\":{\"@type\":\"PropertyValueSpecification\",\"valueRequired\":true,\"valueName\":\"search_term_string\"}}],\"inLanguage\":\"en-CA\"},{\"@type\":\"Organization\",\"@id\":\"https:\/\/autravail.ca\/#organization\",\"name\":\"Le Magasin Industriel\",\"url\":\"https:\/\/autravail.ca\/\",\"logo\":{\"@type\":\"ImageObject\",\"inLanguage\":\"en-CA\",\"@id\":\"https:\/\/autravail.ca\/#\/schema\/logo\/image\/\",\"url\":\"https:\/\/autravail.ca\/wp-content\/uploads\/2025\/05\/cropped-magasin_industriel_120x.avif\",\"contentUrl\":\"https:\/\/autravail.ca\/wp-content\/uploads\/2025\/05\/cropped-magasin_industriel_120x.avif\",\"width\":120,\"height\":24,\"caption\":\"Le Magasin Industriel\"},\"image\":{\"@id\":\"https:\/\/autravail.ca\/#\/schema\/logo\/image\/\"},\"sameAs\":[\"https:\/\/www.facebook.com\/lemagasinindustriel\/?locale=fr_FR\"]}]}<\/script>\n<!-- \/ Yoast SEO plugin. -->","yoast_head_json":{"title":"Bermuda cargo extensible - TK-E4000 - Le Magasin Industriel","description":"Bermuda cargo extensible - TK-E4000 offre la combinaison parfaite de confort, de durabilit\u00e9 et de praticit\u00e9 gr\u00e2ce \u00e0 son tissu serg\u00e9 extensible","robots":{"index":"index","follow":"follow","max-snippet":"max-snippet:-1","max-image-preview":"max-image-preview:large","max-video-preview":"max-video-preview:-1"},"canonical":"https:\/\/autravail.ca\/en\/product\/bermuda-cargo-extensible-tk-e4000\/","og_locale":"en_US","og_type":"article","og_title":"Bermuda cargo extensible - TK-E4000 - Le Magasin Industriel","og_description":"Bermuda cargo extensible - TK-E4000 offre la combinaison parfaite de confort, de durabilit\u00e9 et de praticit\u00e9 gr\u00e2ce \u00e0 son tissu serg\u00e9 extensible","og_url":"https:\/\/autravail.ca\/en\/product\/bermuda-cargo-extensible-tk-e4000\/","og_site_name":"Le Magasin Industriel","article_publisher":"https:\/\/www.facebook.com\/lemagasinindustriel\/?locale=fr_FR","article_modified_time":"2026-03-27T19:37:31+00:00","og_image":[{"width":1000,"height":1000,"url":"https:\/\/autravail.ca\/wp-content\/uploads\/2025\/05\/TK-E4000_A01_blk.jpg","type":"image\/jpeg"}],"twitter_card":"summary_large_image","twitter_misc":{"Est. reading time":"2 minutes"},"schema":{"@context":"https:\/\/schema.org","@graph":[{"@type":"WebPage","@id":"https:\/\/autravail.ca\/product\/bermuda-cargo-extensible-tk-e4000\/","url":"https:\/\/autravail.ca\/product\/bermuda-cargo-extensible-tk-e4000\/","name":"Bermuda cargo extensible - TK-E4000 - Le Magasin Industriel","isPartOf":{"@id":"https:\/\/autravail.ca\/#website"},"primaryImageOfPage":{"@id":"https:\/\/autravail.ca\/product\/bermuda-cargo-extensible-tk-e4000\/#primaryimage"},"image":{"@id":"https:\/\/autravail.ca\/product\/bermuda-cargo-extensible-tk-e4000\/#primaryimage"},"thumbnailUrl":"https:\/\/autravail.ca\/wp-content\/uploads\/2025\/05\/TK-E4000_A01_blk.jpg","datePublished":"2025-05-08T08:05:31+00:00","dateModified":"2026-03-27T19:37:31+00:00","description":"Bermuda cargo extensible - TK-E4000 offre la combinaison parfaite de confort, de durabilit\u00e9 et de praticit\u00e9 gr\u00e2ce \u00e0 son tissu serg\u00e9 extensible","breadcrumb":{"@id":"https:\/\/autravail.ca\/product\/bermuda-cargo-extensible-tk-e4000\/#breadcrumb"},"inLanguage":"en-CA","potentialAction":[{"@type":"ReadAction","target":["https:\/\/autravail.ca\/product\/bermuda-cargo-extensible-tk-e4000\/"]}]},{"@type":"ImageObject","inLanguage":"en-CA","@id":"https:\/\/autravail.ca\/product\/bermuda-cargo-extensible-tk-e4000\/#primaryimage","url":"https:\/\/autravail.ca\/wp-content\/uploads\/2025\/05\/TK-E4000_A01_blk.jpg","contentUrl":"https:\/\/autravail.ca\/wp-content\/uploads\/2025\/05\/TK-E4000_A01_blk.jpg","width":1000,"height":1000,"caption":"Bermuda cargo extensible - TK-E4000"},{"@type":"BreadcrumbList","@id":"https:\/\/autravail.ca\/product\/bermuda-cargo-extensible-tk-e4000\/#breadcrumb","itemListElement":[{"@type":"ListItem","position":1,"name":"Accueil","item":"https:\/\/autravail.ca\/"},{"@type":"ListItem","position":2,"name":"Magasin","item":"https:\/\/autravail.ca\/en\/shop\/"},{"@type":"ListItem","position":3,"name":"Bermuda cargo extensible &#8211; TK-E4000"}]},{"@type":"WebSite","@id":"https:\/\/autravail.ca\/#website","url":"https:\/\/autravail.ca\/","name":"Le Magasin Industriel","description":"50 ans de tradition de s\u00e9curit\u00e9 au travail","publisher":{"@id":"https:\/\/autravail.ca\/#organization"},"potentialAction":[{"@type":"SearchAction","target":{"@type":"EntryPoint","urlTemplate":"https:\/\/autravail.ca\/?s={search_term_string}"},"query-input":{"@type":"PropertyValueSpecification","valueRequired":true,"valueName":"search_term_string"}}],"inLanguage":"en-CA"},{"@type":"Organization","@id":"https:\/\/autravail.ca\/#organization","name":"Le Magasin Industriel","url":"https:\/\/autravail.ca\/","logo":{"@type":"ImageObject","inLanguage":"en-CA","@id":"https:\/\/autravail.ca\/#\/schema\/logo\/image\/","url":"https:\/\/autravail.ca\/wp-content\/uploads\/2025\/05\/cropped-magasin_industriel_120x.avif","contentUrl":"https:\/\/autravail.ca\/wp-content\/uploads\/2025\/05\/cropped-magasin_industriel_120x.avif","width":120,"height":24,"caption":"Le Magasin Industriel"},"image":{"@id":"https:\/\/autravail.ca\/#\/schema\/logo\/image\/"},"sameAs":["https:\/\/www.facebook.com\/lemagasinindustriel\/?locale=fr_FR"]}]}},"jetpack_sharing_enabled":true,"_links":{"self":[{"href":"https:\/\/autravail.ca\/en\/wp-json\/wp\/v2\/product\/37346","targetHints":{"allow":["GET"]}}],"collection":[{"href":"https:\/\/autravail.ca\/en\/wp-json\/wp\/v2\/product"}],"about":[{"href":"https:\/\/autravail.ca\/en\/wp-json\/wp\/v2\/types\/product"}],"replies":[{"embeddable":true,"href":"https:\/\/autravail.ca\/en\/wp-json\/wp\/v2\/comments?post=37346"}],"wp:featuredmedia":[{"embeddable":true,"href":"https:\/\/autravail.ca\/en\/wp-json\/wp\/v2\/media\/46308"}],"wp:attachment":[{"href":"https:\/\/autravail.ca\/en\/wp-json\/wp\/v2\/media?parent=37346"}],"wp:term":[{"taxonomy":"product_cat","embeddable":true,"href":"https:\/\/autravail.ca\/en\/wp-json\/wp\/v2\/product_cat?post=37346"},{"taxonomy":"product_tag","embeddable":true,"href":"https:\/\/autravail.ca\/en\/wp-json\/wp\/v2\/product_tag?post=37346"}],"curies":[{"name":"wp","href":"https:\/\/api.w.org\/{rel}","templated":true}]}}