{"id":37230,"date":"2025-05-08T08:03:59","date_gmt":"2025-05-08T08:03:59","guid":{"rendered":"https:\/\/meteoquebec.ca\/?post_type=product&#038;p=37230"},"modified":"2026-03-25T08:32:24","modified_gmt":"2026-03-25T12:32:24","slug":"tk-2740-veste-de-travail-extensible-avec-doublure-sherpa","status":"publish","type":"product","link":"https:\/\/autravail.ca\/en\/product\/tk-2740-veste-de-travail-extensible-avec-doublure-sherpa\/","title":{"rendered":"TK-2740 - EXTENSIBLE WORK JACKET WITH SHERPA LINING"},"content":{"rendered":"<p>Extendable Work Jacket with Sherpa Lining for Men, Task <\/p>\n<ul>\n<li>Twill Extensible 65% polyester\/33% cotton\/2% spandex, 8.5oz.<\/li>\n<li>Sherpa padding made of 100% polyester.<\/li>\n<li>Extendable quilted, sherpa lining.<\/li>\n<li>Resistant to stains, waterproof.<\/li>\n<li>Cable knit collar.<\/li>\n<li>Elastique Side Belts.<\/li>\n<li>Label of Task logo on pockets.<\/li>\n<\/ul>\n<li>Homme's stretch travail west avec remplissage de fourrure de Sherpa.\n<ul>\n<li>Stretch twill 65% polyester\/33% cotton\/2% spandex 8.5oz.<\/li>\n<li>Lining heavy sherpa 100% polyester.<\/li>\n<li>tir, cousu en duvet et fourrure de Sherpa, rsistant aux taches.<\/li>\n<li>Water resistant, permanent press.<\/li>\n<li>Ribbed knit collar, 2 welt pockets.<\/li>\n<li>Elastic side waistbands, dropped back tail.<\/li>\n<li>Dye lasting<\/li>\n<li>Wowen logo tab label on welt pockets.<\/li>\n<\/ul>\n<\/li>","protected":false},"excerpt":{"rendered":"<p>Mens Stretch Work Jacket with Sherpa Lining  Task Stretch twill 65% polyester\/33% cotton\/2% spandex 8.5oz. Thick 100% polyester sherpa lining. Stretch quilted sherpa lining. Stain-resistant, water-repellent. Ribbed mesh collar. Elastic side waistbands. Task logo label on pockets.<\/p>","protected":false},"featured_media":23278,"comment_status":"open","ping_status":"closed","template":"","meta":[],"product_cat":[599,602,773,604],"product_tag":[],"class_list":{"0":"post-37230","1":"product","2":"type-product","3":"status-publish","4":"has-post-thumbnail","6":"product_brand-task","7":"product_cat-apparel-accessories","8":"product_cat-hommes","9":"product_cat-task","10":"product_cat-vetements-de-travail","12":"first","13":"instock","14":"taxable","15":"shipping-taxable","16":"purchasable","17":"product-type-variable"},"yoast_head":"<!-- This site is optimized with the Yoast SEO plugin v25.3.1 - https:\/\/yoast.com\/wordpress\/plugins\/seo\/ -->\n<title>TK-2740 - VESTE DE TRAVAIL EXTENSIBLE AVEC DOUBLURE SHERPA - Le Magasin Industriel<\/title>\n<meta name=\"robots\" content=\"index, follow, max-snippet:-1, max-image-preview:large, max-video-preview:-1\" \/>\n<link rel=\"canonical\" href=\"https:\/\/autravail.ca\/en\/product\/tk-2740-veste-de-travail-extensible-avec-doublure-sherpa\/\" \/>\n<meta property=\"og:locale\" content=\"en_US\" \/>\n<meta property=\"og:type\" content=\"article\" \/>\n<meta property=\"og:title\" content=\"TK-2740 - VESTE DE TRAVAIL EXTENSIBLE AVEC DOUBLURE SHERPA - Le Magasin Industriel\" \/>\n<meta property=\"og:description\" content=\"Veste de travail extensible avec doublure sherpa pour homme, Task Twill extensible 65% polyester\/33% coton\/2% spandex 8.5oz. Doublure en sherpa \u00e9pais100% polyester. Matelass\u00e9 extensible, doublure en sherpa. R\u00e9sistant aux taches, hydrofuge. Col en maille c\u00f4tel\u00e9e. Ceinture lat\u00e9rales \u00e9lastiques. \u00c9tiquette du logo Task sur les poches. Men&rsquo;s stretch work vest with sherpa lining. Stretch twill 65% [&hellip;]\" \/>\n<meta property=\"og:url\" content=\"https:\/\/autravail.ca\/en\/product\/tk-2740-veste-de-travail-extensible-avec-doublure-sherpa\/\" \/>\n<meta property=\"og:site_name\" content=\"Le Magasin Industriel\" \/>\n<meta property=\"article:publisher\" content=\"https:\/\/www.facebook.com\/lemagasinindustriel\/?locale=fr_FR\" \/>\n<meta property=\"article:modified_time\" content=\"2026-03-25T12:32:24+00:00\" \/>\n<meta property=\"og:image\" content=\"https:\/\/autravail.ca\/wp-content\/uploads\/2025\/05\/TK-2740_A01_blk.jpg\" \/>\n\t<meta property=\"og:image:width\" content=\"800\" \/>\n\t<meta property=\"og:image:height\" content=\"720\" \/>\n\t<meta property=\"og:image:type\" content=\"image\/jpeg\" \/>\n<meta name=\"twitter:card\" content=\"summary_large_image\" \/>\n<script type=\"application\/ld+json\" class=\"yoast-schema-graph\">{\"@context\":\"https:\/\/schema.org\",\"@graph\":[{\"@type\":\"WebPage\",\"@id\":\"https:\/\/autravail.ca\/product\/tk-2740-veste-de-travail-extensible-avec-doublure-sherpa\/\",\"url\":\"https:\/\/autravail.ca\/product\/tk-2740-veste-de-travail-extensible-avec-doublure-sherpa\/\",\"name\":\"TK-2740 - VESTE DE TRAVAIL EXTENSIBLE AVEC DOUBLURE SHERPA - Le Magasin Industriel\",\"isPartOf\":{\"@id\":\"https:\/\/autravail.ca\/#website\"},\"primaryImageOfPage\":{\"@id\":\"https:\/\/autravail.ca\/product\/tk-2740-veste-de-travail-extensible-avec-doublure-sherpa\/#primaryimage\"},\"image\":{\"@id\":\"https:\/\/autravail.ca\/product\/tk-2740-veste-de-travail-extensible-avec-doublure-sherpa\/#primaryimage\"},\"thumbnailUrl\":\"https:\/\/autravail.ca\/wp-content\/uploads\/2025\/05\/TK-2740_A01_blk.jpg\",\"datePublished\":\"2025-05-08T08:03:59+00:00\",\"dateModified\":\"2026-03-25T12:32:24+00:00\",\"breadcrumb\":{\"@id\":\"https:\/\/autravail.ca\/product\/tk-2740-veste-de-travail-extensible-avec-doublure-sherpa\/#breadcrumb\"},\"inLanguage\":\"en-CA\",\"potentialAction\":[{\"@type\":\"ReadAction\",\"target\":[\"https:\/\/autravail.ca\/product\/tk-2740-veste-de-travail-extensible-avec-doublure-sherpa\/\"]}]},{\"@type\":\"ImageObject\",\"inLanguage\":\"en-CA\",\"@id\":\"https:\/\/autravail.ca\/product\/tk-2740-veste-de-travail-extensible-avec-doublure-sherpa\/#primaryimage\",\"url\":\"https:\/\/autravail.ca\/wp-content\/uploads\/2025\/05\/TK-2740_A01_blk.jpg\",\"contentUrl\":\"https:\/\/autravail.ca\/wp-content\/uploads\/2025\/05\/TK-2740_A01_blk.jpg\",\"width\":800,\"height\":720},{\"@type\":\"BreadcrumbList\",\"@id\":\"https:\/\/autravail.ca\/product\/tk-2740-veste-de-travail-extensible-avec-doublure-sherpa\/#breadcrumb\",\"itemListElement\":[{\"@type\":\"ListItem\",\"position\":1,\"name\":\"Accueil\",\"item\":\"https:\/\/autravail.ca\/\"},{\"@type\":\"ListItem\",\"position\":2,\"name\":\"Magasin\",\"item\":\"https:\/\/autravail.ca\/en\/shop\/\"},{\"@type\":\"ListItem\",\"position\":3,\"name\":\"TK-2740 &#8211; VESTE DE TRAVAIL EXTENSIBLE AVEC DOUBLURE SHERPA\"}]},{\"@type\":\"WebSite\",\"@id\":\"https:\/\/autravail.ca\/#website\",\"url\":\"https:\/\/autravail.ca\/\",\"name\":\"Le Magasin Industriel\",\"description\":\"50 ans de tradition de s\u00e9curit\u00e9 au travail\",\"publisher\":{\"@id\":\"https:\/\/autravail.ca\/#organization\"},\"potentialAction\":[{\"@type\":\"SearchAction\",\"target\":{\"@type\":\"EntryPoint\",\"urlTemplate\":\"https:\/\/autravail.ca\/?s={search_term_string}\"},\"query-input\":{\"@type\":\"PropertyValueSpecification\",\"valueRequired\":true,\"valueName\":\"search_term_string\"}}],\"inLanguage\":\"en-CA\"},{\"@type\":\"Organization\",\"@id\":\"https:\/\/autravail.ca\/#organization\",\"name\":\"Le Magasin Industriel\",\"url\":\"https:\/\/autravail.ca\/\",\"logo\":{\"@type\":\"ImageObject\",\"inLanguage\":\"en-CA\",\"@id\":\"https:\/\/autravail.ca\/#\/schema\/logo\/image\/\",\"url\":\"https:\/\/autravail.ca\/wp-content\/uploads\/2025\/05\/cropped-magasin_industriel_120x.avif\",\"contentUrl\":\"https:\/\/autravail.ca\/wp-content\/uploads\/2025\/05\/cropped-magasin_industriel_120x.avif\",\"width\":120,\"height\":24,\"caption\":\"Le Magasin Industriel\"},\"image\":{\"@id\":\"https:\/\/autravail.ca\/#\/schema\/logo\/image\/\"},\"sameAs\":[\"https:\/\/www.facebook.com\/lemagasinindustriel\/?locale=fr_FR\"]}]}<\/script>\n<!-- \/ Yoast SEO plugin. -->","yoast_head_json":{"title":"TK-2740 - VESTE DE TRAVAIL EXTENSIBLE AVEC DOUBLURE SHERPA - Le Magasin Industriel","robots":{"index":"index","follow":"follow","max-snippet":"max-snippet:-1","max-image-preview":"max-image-preview:large","max-video-preview":"max-video-preview:-1"},"canonical":"https:\/\/autravail.ca\/en\/product\/tk-2740-veste-de-travail-extensible-avec-doublure-sherpa\/","og_locale":"en_US","og_type":"article","og_title":"TK-2740 - VESTE DE TRAVAIL EXTENSIBLE AVEC DOUBLURE SHERPA - Le Magasin Industriel","og_description":"Veste de travail extensible avec doublure sherpa pour homme, Task Twill extensible 65% polyester\/33% coton\/2% spandex 8.5oz. Doublure en sherpa \u00e9pais100% polyester. Matelass\u00e9 extensible, doublure en sherpa. R\u00e9sistant aux taches, hydrofuge. Col en maille c\u00f4tel\u00e9e. Ceinture lat\u00e9rales \u00e9lastiques. \u00c9tiquette du logo Task sur les poches. Men&rsquo;s stretch work vest with sherpa lining. Stretch twill 65% [&hellip;]","og_url":"https:\/\/autravail.ca\/en\/product\/tk-2740-veste-de-travail-extensible-avec-doublure-sherpa\/","og_site_name":"Le Magasin Industriel","article_publisher":"https:\/\/www.facebook.com\/lemagasinindustriel\/?locale=fr_FR","article_modified_time":"2026-03-25T12:32:24+00:00","og_image":[{"width":800,"height":720,"url":"https:\/\/autravail.ca\/wp-content\/uploads\/2025\/05\/TK-2740_A01_blk.jpg","type":"image\/jpeg"}],"twitter_card":"summary_large_image","schema":{"@context":"https:\/\/schema.org","@graph":[{"@type":"WebPage","@id":"https:\/\/autravail.ca\/product\/tk-2740-veste-de-travail-extensible-avec-doublure-sherpa\/","url":"https:\/\/autravail.ca\/product\/tk-2740-veste-de-travail-extensible-avec-doublure-sherpa\/","name":"TK-2740 - VESTE DE TRAVAIL EXTENSIBLE AVEC DOUBLURE SHERPA - Le Magasin Industriel","isPartOf":{"@id":"https:\/\/autravail.ca\/#website"},"primaryImageOfPage":{"@id":"https:\/\/autravail.ca\/product\/tk-2740-veste-de-travail-extensible-avec-doublure-sherpa\/#primaryimage"},"image":{"@id":"https:\/\/autravail.ca\/product\/tk-2740-veste-de-travail-extensible-avec-doublure-sherpa\/#primaryimage"},"thumbnailUrl":"https:\/\/autravail.ca\/wp-content\/uploads\/2025\/05\/TK-2740_A01_blk.jpg","datePublished":"2025-05-08T08:03:59+00:00","dateModified":"2026-03-25T12:32:24+00:00","breadcrumb":{"@id":"https:\/\/autravail.ca\/product\/tk-2740-veste-de-travail-extensible-avec-doublure-sherpa\/#breadcrumb"},"inLanguage":"en-CA","potentialAction":[{"@type":"ReadAction","target":["https:\/\/autravail.ca\/product\/tk-2740-veste-de-travail-extensible-avec-doublure-sherpa\/"]}]},{"@type":"ImageObject","inLanguage":"en-CA","@id":"https:\/\/autravail.ca\/product\/tk-2740-veste-de-travail-extensible-avec-doublure-sherpa\/#primaryimage","url":"https:\/\/autravail.ca\/wp-content\/uploads\/2025\/05\/TK-2740_A01_blk.jpg","contentUrl":"https:\/\/autravail.ca\/wp-content\/uploads\/2025\/05\/TK-2740_A01_blk.jpg","width":800,"height":720},{"@type":"BreadcrumbList","@id":"https:\/\/autravail.ca\/product\/tk-2740-veste-de-travail-extensible-avec-doublure-sherpa\/#breadcrumb","itemListElement":[{"@type":"ListItem","position":1,"name":"Accueil","item":"https:\/\/autravail.ca\/"},{"@type":"ListItem","position":2,"name":"Magasin","item":"https:\/\/autravail.ca\/en\/shop\/"},{"@type":"ListItem","position":3,"name":"TK-2740 &#8211; VESTE DE TRAVAIL EXTENSIBLE AVEC DOUBLURE SHERPA"}]},{"@type":"WebSite","@id":"https:\/\/autravail.ca\/#website","url":"https:\/\/autravail.ca\/","name":"Le Magasin Industriel","description":"50 ans de tradition de s\u00e9curit\u00e9 au travail","publisher":{"@id":"https:\/\/autravail.ca\/#organization"},"potentialAction":[{"@type":"SearchAction","target":{"@type":"EntryPoint","urlTemplate":"https:\/\/autravail.ca\/?s={search_term_string}"},"query-input":{"@type":"PropertyValueSpecification","valueRequired":true,"valueName":"search_term_string"}}],"inLanguage":"en-CA"},{"@type":"Organization","@id":"https:\/\/autravail.ca\/#organization","name":"Le Magasin Industriel","url":"https:\/\/autravail.ca\/","logo":{"@type":"ImageObject","inLanguage":"en-CA","@id":"https:\/\/autravail.ca\/#\/schema\/logo\/image\/","url":"https:\/\/autravail.ca\/wp-content\/uploads\/2025\/05\/cropped-magasin_industriel_120x.avif","contentUrl":"https:\/\/autravail.ca\/wp-content\/uploads\/2025\/05\/cropped-magasin_industriel_120x.avif","width":120,"height":24,"caption":"Le Magasin Industriel"},"image":{"@id":"https:\/\/autravail.ca\/#\/schema\/logo\/image\/"},"sameAs":["https:\/\/www.facebook.com\/lemagasinindustriel\/?locale=fr_FR"]}]}},"jetpack_sharing_enabled":true,"_links":{"self":[{"href":"https:\/\/autravail.ca\/en\/wp-json\/wp\/v2\/product\/37230","targetHints":{"allow":["GET"]}}],"collection":[{"href":"https:\/\/autravail.ca\/en\/wp-json\/wp\/v2\/product"}],"about":[{"href":"https:\/\/autravail.ca\/en\/wp-json\/wp\/v2\/types\/product"}],"replies":[{"embeddable":true,"href":"https:\/\/autravail.ca\/en\/wp-json\/wp\/v2\/comments?post=37230"}],"wp:featuredmedia":[{"embeddable":true,"href":"https:\/\/autravail.ca\/en\/wp-json\/wp\/v2\/media\/23278"}],"wp:attachment":[{"href":"https:\/\/autravail.ca\/en\/wp-json\/wp\/v2\/media?parent=37230"}],"wp:term":[{"taxonomy":"product_cat","embeddable":true,"href":"https:\/\/autravail.ca\/en\/wp-json\/wp\/v2\/product_cat?post=37230"},{"taxonomy":"product_tag","embeddable":true,"href":"https:\/\/autravail.ca\/en\/wp-json\/wp\/v2\/product_tag?post=37230"}],"curies":[{"name":"wp","href":"https:\/\/api.w.org\/{rel}","templated":true}]}}