{"id":37115,"date":"2025-05-08T08:02:31","date_gmt":"2025-05-08T08:02:31","guid":{"rendered":"https:\/\/meteoquebec.ca\/?post_type=product&#038;p=37115"},"modified":"2026-03-25T08:25:34","modified_gmt":"2026-03-25T12:25:34","slug":"tk-1781-veste-en-flanelle-matelasse-avec-capuche","status":"publish","type":"product","link":"https:\/\/autravail.ca\/en\/product\/tk-1781-veste-en-flanelle-matelasse-avec-capuche\/","title":{"rendered":"TK-1781 - Flannel Mattress Stitch Jacket with Hood"},"content":{"rendered":"<p>Fleece-lined Hooded Jacket for Men, Task<\/p>\n<ul>\n<li>Brushed Flannel, 60% Cotton \/ 40% Polyester 160gsm.<\/li>\n<li>Polar Hoodie, Thick, 60% Cotton \/ 40% Polyester 340gsm.<\/li>\n<li>Padded lining, 160gsm.<\/li>\n<li>Sliding closure on the front with push-buttons.<\/li>\n<li>2 chest pockets with flap and pressure closure.<\/li>\n<li>2 internal pockets.<\/li>\n<li>Task Leather Logo Patch on the Drop-In pocket.<\/li>\n<\/ul>\n<p>&nbsp;<\/p>\n<ul>\n<li>Men's quilted flannel jacket with hood\n<ul>\n<li>Brushed flannelette 60% cotton\/40% polyester 160gsm.<\/li>\n<li>Hood: heavy fleece 60% cotton\/40% polyester, weight: 340gsm<\/li>\n<li>Lining: quilting 100% polyester 160gsm.<\/li>\n<li>Plaid made with quilted yarn dye.<\/li>\n<li>Hooded Fleece.<\/li>\n<li>Fooler closure  fermeture  glisser avec boutons crochets.<\/li>\n<li>2 chest flap pockets with snap fasteners.<\/li>\n<li>2 pochette intrieure.<\/li>\n<li>Label with leather logo on flap pocket.<\/li>\n<\/ul>\n<\/li>\n<\/ul>","protected":false},"excerpt":{"rendered":"<p>Mens Quilted Flannel Hooded Jacket  Task Brushed flannel, 60% cotton\/40% polyester 160gsm. Thick fleece hood, 60% cotton\/40% polyester 340gsm. Quilted lining, 160gsm. Front zipper with snap closures. 2 chest pockets with flap and snap closure. 2 interior pockets. Task leather logo label.<\/p>","protected":false},"featured_media":23151,"comment_status":"open","ping_status":"closed","template":"","meta":[],"product_cat":[599,602,773,604],"product_tag":[],"class_list":{"0":"post-37115","1":"product","2":"type-product","3":"status-publish","4":"has-post-thumbnail","6":"product_brand-task","7":"product_cat-apparel-accessories","8":"product_cat-hommes","9":"product_cat-task","10":"product_cat-vetements-de-travail","12":"first","13":"instock","14":"taxable","15":"shipping-taxable","16":"purchasable","17":"product-type-variable"},"yoast_head":"<!-- This site is optimized with the Yoast SEO plugin v25.3.1 - https:\/\/yoast.com\/wordpress\/plugins\/seo\/ -->\n<title>TK-1781 - VESTE EN FLANELLE MATELASS\u00c9 AVEC CAPUCHE - Le Magasin Industriel<\/title>\n<meta name=\"robots\" content=\"index, follow, max-snippet:-1, max-image-preview:large, max-video-preview:-1\" \/>\n<link rel=\"canonical\" href=\"https:\/\/autravail.ca\/en\/product\/tk-1781-veste-en-flanelle-matelasse-avec-capuche\/\" \/>\n<meta property=\"og:locale\" content=\"en_US\" \/>\n<meta property=\"og:type\" content=\"article\" \/>\n<meta property=\"og:title\" content=\"TK-1781 - VESTE EN FLANELLE MATELASS\u00c9 AVEC CAPUCHE - Le Magasin Industriel\" \/>\n<meta property=\"og:description\" content=\"Veste pour homme en flanelle matelass\u00e9 avec capuche, Task Flanelle bross\u00e9e, 60% coton\/40% polyester 160gsm. Capuche polaire, \u00e9paisse, 60% coton\/40% polyester 340gsm. Doublure matelass\u00e9, 160gsm. Fermeture \u00e0 glissi\u00e8re sur le devant avec boutons-pression. 2 poches \u00e0 la poitrine avec rabat et fermeture \u00e0 pression. 2 poches int\u00e9rieures. \u00c9tiquette du logo Task en cuir sur la [&hellip;]\" \/>\n<meta property=\"og:url\" content=\"https:\/\/autravail.ca\/en\/product\/tk-1781-veste-en-flanelle-matelasse-avec-capuche\/\" \/>\n<meta property=\"og:site_name\" content=\"Le Magasin Industriel\" \/>\n<meta property=\"article:publisher\" content=\"https:\/\/www.facebook.com\/lemagasinindustriel\/?locale=fr_FR\" \/>\n<meta property=\"article:modified_time\" content=\"2026-03-25T12:25:34+00:00\" \/>\n<meta property=\"og:image\" content=\"https:\/\/autravail.ca\/wp-content\/uploads\/2025\/05\/TK-1687_BRW_A01.jpg\" \/>\n\t<meta property=\"og:image:width\" content=\"800\" \/>\n\t<meta property=\"og:image:height\" content=\"800\" \/>\n\t<meta property=\"og:image:type\" content=\"image\/jpeg\" \/>\n<meta name=\"twitter:card\" content=\"summary_large_image\" \/>\n<meta name=\"twitter:label1\" content=\"Est. reading time\" \/>\n\t<meta name=\"twitter:data1\" content=\"1 minute\" \/>\n<script type=\"application\/ld+json\" class=\"yoast-schema-graph\">{\"@context\":\"https:\/\/schema.org\",\"@graph\":[{\"@type\":\"WebPage\",\"@id\":\"https:\/\/autravail.ca\/product\/tk-1781-veste-en-flanelle-matelasse-avec-capuche\/\",\"url\":\"https:\/\/autravail.ca\/product\/tk-1781-veste-en-flanelle-matelasse-avec-capuche\/\",\"name\":\"TK-1781 - VESTE EN FLANELLE MATELASS\u00c9 AVEC CAPUCHE - Le Magasin Industriel\",\"isPartOf\":{\"@id\":\"https:\/\/autravail.ca\/#website\"},\"primaryImageOfPage\":{\"@id\":\"https:\/\/autravail.ca\/product\/tk-1781-veste-en-flanelle-matelasse-avec-capuche\/#primaryimage\"},\"image\":{\"@id\":\"https:\/\/autravail.ca\/product\/tk-1781-veste-en-flanelle-matelasse-avec-capuche\/#primaryimage\"},\"thumbnailUrl\":\"https:\/\/autravail.ca\/wp-content\/uploads\/2025\/05\/TK-1687_BRW_A01.jpg\",\"datePublished\":\"2025-05-08T08:02:31+00:00\",\"dateModified\":\"2026-03-25T12:25:34+00:00\",\"breadcrumb\":{\"@id\":\"https:\/\/autravail.ca\/product\/tk-1781-veste-en-flanelle-matelasse-avec-capuche\/#breadcrumb\"},\"inLanguage\":\"en-CA\",\"potentialAction\":[{\"@type\":\"ReadAction\",\"target\":[\"https:\/\/autravail.ca\/product\/tk-1781-veste-en-flanelle-matelasse-avec-capuche\/\"]}]},{\"@type\":\"ImageObject\",\"inLanguage\":\"en-CA\",\"@id\":\"https:\/\/autravail.ca\/product\/tk-1781-veste-en-flanelle-matelasse-avec-capuche\/#primaryimage\",\"url\":\"https:\/\/autravail.ca\/wp-content\/uploads\/2025\/05\/TK-1687_BRW_A01.jpg\",\"contentUrl\":\"https:\/\/autravail.ca\/wp-content\/uploads\/2025\/05\/TK-1687_BRW_A01.jpg\",\"width\":800,\"height\":800},{\"@type\":\"BreadcrumbList\",\"@id\":\"https:\/\/autravail.ca\/product\/tk-1781-veste-en-flanelle-matelasse-avec-capuche\/#breadcrumb\",\"itemListElement\":[{\"@type\":\"ListItem\",\"position\":1,\"name\":\"Accueil\",\"item\":\"https:\/\/autravail.ca\/\"},{\"@type\":\"ListItem\",\"position\":2,\"name\":\"Magasin\",\"item\":\"https:\/\/autravail.ca\/en\/shop\/\"},{\"@type\":\"ListItem\",\"position\":3,\"name\":\"TK-1781 &#8211; VESTE EN FLANELLE MATELASS\u00c9 AVEC CAPUCHE\"}]},{\"@type\":\"WebSite\",\"@id\":\"https:\/\/autravail.ca\/#website\",\"url\":\"https:\/\/autravail.ca\/\",\"name\":\"Le Magasin Industriel\",\"description\":\"50 ans de tradition de s\u00e9curit\u00e9 au travail\",\"publisher\":{\"@id\":\"https:\/\/autravail.ca\/#organization\"},\"potentialAction\":[{\"@type\":\"SearchAction\",\"target\":{\"@type\":\"EntryPoint\",\"urlTemplate\":\"https:\/\/autravail.ca\/?s={search_term_string}\"},\"query-input\":{\"@type\":\"PropertyValueSpecification\",\"valueRequired\":true,\"valueName\":\"search_term_string\"}}],\"inLanguage\":\"en-CA\"},{\"@type\":\"Organization\",\"@id\":\"https:\/\/autravail.ca\/#organization\",\"name\":\"Le Magasin Industriel\",\"url\":\"https:\/\/autravail.ca\/\",\"logo\":{\"@type\":\"ImageObject\",\"inLanguage\":\"en-CA\",\"@id\":\"https:\/\/autravail.ca\/#\/schema\/logo\/image\/\",\"url\":\"https:\/\/autravail.ca\/wp-content\/uploads\/2025\/05\/cropped-magasin_industriel_120x.avif\",\"contentUrl\":\"https:\/\/autravail.ca\/wp-content\/uploads\/2025\/05\/cropped-magasin_industriel_120x.avif\",\"width\":120,\"height\":24,\"caption\":\"Le Magasin Industriel\"},\"image\":{\"@id\":\"https:\/\/autravail.ca\/#\/schema\/logo\/image\/\"},\"sameAs\":[\"https:\/\/www.facebook.com\/lemagasinindustriel\/?locale=fr_FR\"]}]}<\/script>\n<!-- \/ Yoast SEO plugin. -->","yoast_head_json":{"title":"TK-1781 - VESTE EN FLANELLE MATELASS\u00c9 AVEC CAPUCHE - Le Magasin Industriel","robots":{"index":"index","follow":"follow","max-snippet":"max-snippet:-1","max-image-preview":"max-image-preview:large","max-video-preview":"max-video-preview:-1"},"canonical":"https:\/\/autravail.ca\/en\/product\/tk-1781-veste-en-flanelle-matelasse-avec-capuche\/","og_locale":"en_US","og_type":"article","og_title":"TK-1781 - VESTE EN FLANELLE MATELASS\u00c9 AVEC CAPUCHE - Le Magasin Industriel","og_description":"Veste pour homme en flanelle matelass\u00e9 avec capuche, Task Flanelle bross\u00e9e, 60% coton\/40% polyester 160gsm. Capuche polaire, \u00e9paisse, 60% coton\/40% polyester 340gsm. Doublure matelass\u00e9, 160gsm. Fermeture \u00e0 glissi\u00e8re sur le devant avec boutons-pression. 2 poches \u00e0 la poitrine avec rabat et fermeture \u00e0 pression. 2 poches int\u00e9rieures. \u00c9tiquette du logo Task en cuir sur la [&hellip;]","og_url":"https:\/\/autravail.ca\/en\/product\/tk-1781-veste-en-flanelle-matelasse-avec-capuche\/","og_site_name":"Le Magasin Industriel","article_publisher":"https:\/\/www.facebook.com\/lemagasinindustriel\/?locale=fr_FR","article_modified_time":"2026-03-25T12:25:34+00:00","og_image":[{"width":800,"height":800,"url":"https:\/\/autravail.ca\/wp-content\/uploads\/2025\/05\/TK-1687_BRW_A01.jpg","type":"image\/jpeg"}],"twitter_card":"summary_large_image","twitter_misc":{"Est. reading time":"1 minute"},"schema":{"@context":"https:\/\/schema.org","@graph":[{"@type":"WebPage","@id":"https:\/\/autravail.ca\/product\/tk-1781-veste-en-flanelle-matelasse-avec-capuche\/","url":"https:\/\/autravail.ca\/product\/tk-1781-veste-en-flanelle-matelasse-avec-capuche\/","name":"TK-1781 - VESTE EN FLANELLE MATELASS\u00c9 AVEC CAPUCHE - Le Magasin Industriel","isPartOf":{"@id":"https:\/\/autravail.ca\/#website"},"primaryImageOfPage":{"@id":"https:\/\/autravail.ca\/product\/tk-1781-veste-en-flanelle-matelasse-avec-capuche\/#primaryimage"},"image":{"@id":"https:\/\/autravail.ca\/product\/tk-1781-veste-en-flanelle-matelasse-avec-capuche\/#primaryimage"},"thumbnailUrl":"https:\/\/autravail.ca\/wp-content\/uploads\/2025\/05\/TK-1687_BRW_A01.jpg","datePublished":"2025-05-08T08:02:31+00:00","dateModified":"2026-03-25T12:25:34+00:00","breadcrumb":{"@id":"https:\/\/autravail.ca\/product\/tk-1781-veste-en-flanelle-matelasse-avec-capuche\/#breadcrumb"},"inLanguage":"en-CA","potentialAction":[{"@type":"ReadAction","target":["https:\/\/autravail.ca\/product\/tk-1781-veste-en-flanelle-matelasse-avec-capuche\/"]}]},{"@type":"ImageObject","inLanguage":"en-CA","@id":"https:\/\/autravail.ca\/product\/tk-1781-veste-en-flanelle-matelasse-avec-capuche\/#primaryimage","url":"https:\/\/autravail.ca\/wp-content\/uploads\/2025\/05\/TK-1687_BRW_A01.jpg","contentUrl":"https:\/\/autravail.ca\/wp-content\/uploads\/2025\/05\/TK-1687_BRW_A01.jpg","width":800,"height":800},{"@type":"BreadcrumbList","@id":"https:\/\/autravail.ca\/product\/tk-1781-veste-en-flanelle-matelasse-avec-capuche\/#breadcrumb","itemListElement":[{"@type":"ListItem","position":1,"name":"Accueil","item":"https:\/\/autravail.ca\/"},{"@type":"ListItem","position":2,"name":"Magasin","item":"https:\/\/autravail.ca\/en\/shop\/"},{"@type":"ListItem","position":3,"name":"TK-1781 &#8211; VESTE EN FLANELLE MATELASS\u00c9 AVEC CAPUCHE"}]},{"@type":"WebSite","@id":"https:\/\/autravail.ca\/#website","url":"https:\/\/autravail.ca\/","name":"Le Magasin Industriel","description":"50 ans de tradition de s\u00e9curit\u00e9 au travail","publisher":{"@id":"https:\/\/autravail.ca\/#organization"},"potentialAction":[{"@type":"SearchAction","target":{"@type":"EntryPoint","urlTemplate":"https:\/\/autravail.ca\/?s={search_term_string}"},"query-input":{"@type":"PropertyValueSpecification","valueRequired":true,"valueName":"search_term_string"}}],"inLanguage":"en-CA"},{"@type":"Organization","@id":"https:\/\/autravail.ca\/#organization","name":"Le Magasin Industriel","url":"https:\/\/autravail.ca\/","logo":{"@type":"ImageObject","inLanguage":"en-CA","@id":"https:\/\/autravail.ca\/#\/schema\/logo\/image\/","url":"https:\/\/autravail.ca\/wp-content\/uploads\/2025\/05\/cropped-magasin_industriel_120x.avif","contentUrl":"https:\/\/autravail.ca\/wp-content\/uploads\/2025\/05\/cropped-magasin_industriel_120x.avif","width":120,"height":24,"caption":"Le Magasin Industriel"},"image":{"@id":"https:\/\/autravail.ca\/#\/schema\/logo\/image\/"},"sameAs":["https:\/\/www.facebook.com\/lemagasinindustriel\/?locale=fr_FR"]}]}},"jetpack_sharing_enabled":true,"_links":{"self":[{"href":"https:\/\/autravail.ca\/en\/wp-json\/wp\/v2\/product\/37115","targetHints":{"allow":["GET"]}}],"collection":[{"href":"https:\/\/autravail.ca\/en\/wp-json\/wp\/v2\/product"}],"about":[{"href":"https:\/\/autravail.ca\/en\/wp-json\/wp\/v2\/types\/product"}],"replies":[{"embeddable":true,"href":"https:\/\/autravail.ca\/en\/wp-json\/wp\/v2\/comments?post=37115"}],"wp:featuredmedia":[{"embeddable":true,"href":"https:\/\/autravail.ca\/en\/wp-json\/wp\/v2\/media\/23151"}],"wp:attachment":[{"href":"https:\/\/autravail.ca\/en\/wp-json\/wp\/v2\/media?parent=37115"}],"wp:term":[{"taxonomy":"product_cat","embeddable":true,"href":"https:\/\/autravail.ca\/en\/wp-json\/wp\/v2\/product_cat?post=37115"},{"taxonomy":"product_tag","embeddable":true,"href":"https:\/\/autravail.ca\/en\/wp-json\/wp\/v2\/product_tag?post=37115"}],"curies":[{"name":"wp","href":"https:\/\/api.w.org\/{rel}","templated":true}]}}