{"id":36911,"date":"2025-05-08T08:00:16","date_gmt":"2025-05-08T08:00:16","guid":{"rendered":"https:\/\/meteoquebec.ca\/?post_type=product&#038;p=36911"},"modified":"2025-12-05T05:09:52","modified_gmt":"2025-12-05T09:09:52","slug":"t-shirt-timberland-pro-innovation-a5mpx","status":"publish","type":"product","link":"https:\/\/autravail.ca\/en\/product\/t-shirt-timberland-pro-innovation-a5mpx\/","title":{"rendered":"T-Shirt Timberland Pro Innovation &#8211; A5MPX"},"content":{"rendered":"<h3>T-Shirt Timberland Pro Innovation &#8211; A5MPX<\/h3>\n<p>Le T-Shirt Timberland Pro Innovation &#8211; A5MPX incarne une vision moderne et \u00e9pur\u00e9e. Sa coupe dynamique met en valeur la silhouette avec assurance. Le tissu respirant offre un confort optimal, m\u00eame lors des journ\u00e9es les plus actives. La technologie int\u00e9gr\u00e9e garantit une durabilit\u00e9 sup\u00e9rieure et une r\u00e9sistance aux usages intensifs. Chaque d\u00e9tail est pens\u00e9 pour accompagner les mouvements sans contrainte. Les finitions pr\u00e9cises soulignent l\u2019\u00e9l\u00e9gance et renforcent la qualit\u00e9 globale du v\u00eatement. Ce T-shirt ne se contente pas d\u2019habiller, il affirme un style affirm\u00e9 et contemporain. Les lignes \u00e9pur\u00e9es traduisent une esth\u00e9tique minimaliste qui s\u00e9duit imm\u00e9diatement. <a href=\"https:\/\/autravail.ca\/en\/product-category\/timberland-pro-wear\/\">Timberland<\/a> mise sur l\u2019innovation pour cr\u00e9er une pi\u00e8ce polyvalente et performante.<\/p>\n<p>Le T-shirt devient un alli\u00e9 incontournable pour ceux qui recherchent efficacit\u00e9 et distinction. Il s\u2019adapte aux environnements urbains comme aux activit\u00e9s ext\u00e9rieures. Porter ce mod\u00e8le, c\u2019est choisir un \u00e9quilibre parfait entre fonctionnalit\u00e9 et design. L\u2019innovation se ressent \u00e0 chaque instant. Fid\u00e8le \u00e0 la tradition de Timberland Pro, ce produit est de premi\u00e8re qualit\u00e9.<\/p>\n<h4>Characteristics:<\/h4>\n<ul>\n<li>Tee shirt de travail avec encolure au cou<\/li>\n<li>S\u00e9rie Innovation de Timberland Pro<\/li>\n<li>Couleur Bluestone<\/li>\n<li>Original fit Timberland Pro<\/li>\n<li>100% Coton durable et r\u00e9sistant<\/li>\n<li>Anti odor<\/li>\n<li>Soft fabric (touch)<\/li>\n<li>Lavage \u00e0 l&rsquo;eau froide recommand\u00e9<\/li>\n<\/ul>\n<p><img decoding=\"async\" class=\"alignnone wp-image-40620\" src=\"https:\/\/autravail.ca\/wp-content\/uploads\/2025\/09\/Jachete-quebec-et-canada.jpg\" alt=\"Logo de l'achat local\" width=\"162\" height=\"139\" \/>Merci d&rsquo;encourager une entreprise 100% d&rsquo;ici!<\/p>\n<p>TS2511S<\/p>","protected":false},"excerpt":{"rendered":"<p>T-Shirt Timberland Pro Innovation &#8211; A5MPX Le T-Shirt Timberland Pro Innovation &#8211; A5MPX incarne une vision moderne et \u00e9pur\u00e9e. Sa coupe dynamique met en valeur la silhouette avec assurance. Le tissu respirant offre un confort optimal, m\u00eame lors des journ\u00e9es les plus actives. La technologie int\u00e9gr\u00e9e garantit une durabilit\u00e9 sup\u00e9rieure et une r\u00e9sistance aux usages [&hellip;]<\/p>","protected":false},"featured_media":41968,"comment_status":"open","ping_status":"closed","template":"","meta":[],"product_cat":[630,631,628,717,604],"product_tag":[263,242,373,347],"class_list":{"0":"post-36911","1":"product","2":"type-product","3":"status-publish","4":"has-post-thumbnail","6":"product_brand-le-magasin-industriel","7":"product_brand-timberland-pro","8":"product_cat-chandails","9":"product_cat-en-solde","10":"product_cat-t-shirts","11":"product_cat-timberland-pro-wear","12":"product_cat-vetements-de-travail","13":"product_tag-en-solde","14":"product_tag-homme","15":"product_tag-t-shirts","16":"product_tag-timberland-wear","18":"first","19":"instock","20":"sale","21":"taxable","22":"shipping-taxable","23":"purchasable","24":"product-type-variable"},"yoast_head":"<!-- This site is optimized with the Yoast SEO plugin v25.3.1 - https:\/\/yoast.com\/wordpress\/plugins\/seo\/ -->\n<title>T-Shirt Timberland Pro Innovation - A5MPX - Le Magasin Industriel<\/title>\n<meta name=\"description\" content=\"T-Shirt Timberland Pro Innovation - A5MPX 100% coton doux et de qualit\u00e9. Parfait pour le travailleur qui souhaite du style et du confort.\" \/>\n<meta name=\"robots\" content=\"index, follow, max-snippet:-1, max-image-preview:large, max-video-preview:-1\" \/>\n<link rel=\"canonical\" href=\"https:\/\/autravail.ca\/en\/product\/t-shirt-timberland-pro-innovation-a5mpx\/\" \/>\n<meta property=\"og:locale\" content=\"en_US\" \/>\n<meta property=\"og:type\" content=\"article\" \/>\n<meta property=\"og:title\" content=\"T-Shirt Timberland Pro Innovation - A5MPX - Le Magasin Industriel\" \/>\n<meta property=\"og:description\" content=\"T-Shirt Timberland Pro Innovation - A5MPX 100% coton doux et de qualit\u00e9. Parfait pour le travailleur qui souhaite du style et du confort.\" \/>\n<meta property=\"og:url\" content=\"https:\/\/autravail.ca\/en\/product\/t-shirt-timberland-pro-innovation-a5mpx\/\" \/>\n<meta property=\"og:site_name\" content=\"Le Magasin Industriel\" \/>\n<meta property=\"article:publisher\" content=\"https:\/\/www.facebook.com\/lemagasinindustriel\/?locale=fr_FR\" \/>\n<meta property=\"article:modified_time\" content=\"2025-12-05T09:09:52+00:00\" \/>\n<meta property=\"og:image\" content=\"https:\/\/autravail.ca\/wp-content\/uploads\/2025\/05\/A5MPX_A01.jpg\" \/>\n\t<meta property=\"og:image:width\" content=\"1000\" \/>\n\t<meta property=\"og:image:height\" content=\"1000\" \/>\n\t<meta property=\"og:image:type\" content=\"image\/jpeg\" \/>\n<meta name=\"twitter:card\" content=\"summary_large_image\" \/>\n<meta name=\"twitter:label1\" content=\"Est. reading time\" \/>\n\t<meta name=\"twitter:data1\" content=\"2 minutes\" \/>\n<script type=\"application\/ld+json\" class=\"yoast-schema-graph\">{\"@context\":\"https:\/\/schema.org\",\"@graph\":[{\"@type\":\"WebPage\",\"@id\":\"https:\/\/autravail.ca\/product\/t-shirt-timberland-pro-innovation-a5mpx\/\",\"url\":\"https:\/\/autravail.ca\/product\/t-shirt-timberland-pro-innovation-a5mpx\/\",\"name\":\"T-Shirt Timberland Pro Innovation - A5MPX - Le Magasin Industriel\",\"isPartOf\":{\"@id\":\"https:\/\/autravail.ca\/#website\"},\"primaryImageOfPage\":{\"@id\":\"https:\/\/autravail.ca\/product\/t-shirt-timberland-pro-innovation-a5mpx\/#primaryimage\"},\"image\":{\"@id\":\"https:\/\/autravail.ca\/product\/t-shirt-timberland-pro-innovation-a5mpx\/#primaryimage\"},\"thumbnailUrl\":\"https:\/\/autravail.ca\/wp-content\/uploads\/2025\/05\/A5MPX_A01.jpg\",\"datePublished\":\"2025-05-08T08:00:16+00:00\",\"dateModified\":\"2025-12-05T09:09:52+00:00\",\"description\":\"T-Shirt Timberland Pro Innovation - A5MPX 100% coton doux et de qualit\u00e9. Parfait pour le travailleur qui souhaite du style et du confort.\",\"breadcrumb\":{\"@id\":\"https:\/\/autravail.ca\/product\/t-shirt-timberland-pro-innovation-a5mpx\/#breadcrumb\"},\"inLanguage\":\"en-CA\",\"potentialAction\":[{\"@type\":\"ReadAction\",\"target\":[\"https:\/\/autravail.ca\/product\/t-shirt-timberland-pro-innovation-a5mpx\/\"]}]},{\"@type\":\"ImageObject\",\"inLanguage\":\"en-CA\",\"@id\":\"https:\/\/autravail.ca\/product\/t-shirt-timberland-pro-innovation-a5mpx\/#primaryimage\",\"url\":\"https:\/\/autravail.ca\/wp-content\/uploads\/2025\/05\/A5MPX_A01.jpg\",\"contentUrl\":\"https:\/\/autravail.ca\/wp-content\/uploads\/2025\/05\/A5MPX_A01.jpg\",\"width\":1000,\"height\":1000,\"caption\":\"T-Shirt Timberland Pro Innovation - A5MPX\"},{\"@type\":\"BreadcrumbList\",\"@id\":\"https:\/\/autravail.ca\/product\/t-shirt-timberland-pro-innovation-a5mpx\/#breadcrumb\",\"itemListElement\":[{\"@type\":\"ListItem\",\"position\":1,\"name\":\"Accueil\",\"item\":\"https:\/\/autravail.ca\/\"},{\"@type\":\"ListItem\",\"position\":2,\"name\":\"Magasin\",\"item\":\"https:\/\/autravail.ca\/en\/shop\/\"},{\"@type\":\"ListItem\",\"position\":3,\"name\":\"T-Shirt Timberland Pro Innovation &#8211; A5MPX\"}]},{\"@type\":\"WebSite\",\"@id\":\"https:\/\/autravail.ca\/#website\",\"url\":\"https:\/\/autravail.ca\/\",\"name\":\"Le Magasin Industriel\",\"description\":\"50 ans de tradition de s\u00e9curit\u00e9 au travail\",\"publisher\":{\"@id\":\"https:\/\/autravail.ca\/#organization\"},\"potentialAction\":[{\"@type\":\"SearchAction\",\"target\":{\"@type\":\"EntryPoint\",\"urlTemplate\":\"https:\/\/autravail.ca\/?s={search_term_string}\"},\"query-input\":{\"@type\":\"PropertyValueSpecification\",\"valueRequired\":true,\"valueName\":\"search_term_string\"}}],\"inLanguage\":\"en-CA\"},{\"@type\":\"Organization\",\"@id\":\"https:\/\/autravail.ca\/#organization\",\"name\":\"Le Magasin Industriel\",\"url\":\"https:\/\/autravail.ca\/\",\"logo\":{\"@type\":\"ImageObject\",\"inLanguage\":\"en-CA\",\"@id\":\"https:\/\/autravail.ca\/#\/schema\/logo\/image\/\",\"url\":\"https:\/\/autravail.ca\/wp-content\/uploads\/2025\/05\/cropped-magasin_industriel_120x.avif\",\"contentUrl\":\"https:\/\/autravail.ca\/wp-content\/uploads\/2025\/05\/cropped-magasin_industriel_120x.avif\",\"width\":120,\"height\":24,\"caption\":\"Le Magasin Industriel\"},\"image\":{\"@id\":\"https:\/\/autravail.ca\/#\/schema\/logo\/image\/\"},\"sameAs\":[\"https:\/\/www.facebook.com\/lemagasinindustriel\/?locale=fr_FR\"]}]}<\/script>\n<!-- \/ Yoast SEO plugin. -->","yoast_head_json":{"title":"T-Shirt Timberland Pro Innovation - A5MPX - Le Magasin Industriel","description":"T-Shirt Timberland Pro Innovation - A5MPX 100% coton doux et de qualit\u00e9. Parfait pour le travailleur qui souhaite du style et du confort.","robots":{"index":"index","follow":"follow","max-snippet":"max-snippet:-1","max-image-preview":"max-image-preview:large","max-video-preview":"max-video-preview:-1"},"canonical":"https:\/\/autravail.ca\/en\/product\/t-shirt-timberland-pro-innovation-a5mpx\/","og_locale":"en_US","og_type":"article","og_title":"T-Shirt Timberland Pro Innovation - A5MPX - Le Magasin Industriel","og_description":"T-Shirt Timberland Pro Innovation - A5MPX 100% coton doux et de qualit\u00e9. Parfait pour le travailleur qui souhaite du style et du confort.","og_url":"https:\/\/autravail.ca\/en\/product\/t-shirt-timberland-pro-innovation-a5mpx\/","og_site_name":"Le Magasin Industriel","article_publisher":"https:\/\/www.facebook.com\/lemagasinindustriel\/?locale=fr_FR","article_modified_time":"2025-12-05T09:09:52+00:00","og_image":[{"width":1000,"height":1000,"url":"https:\/\/autravail.ca\/wp-content\/uploads\/2025\/05\/A5MPX_A01.jpg","type":"image\/jpeg"}],"twitter_card":"summary_large_image","twitter_misc":{"Est. reading time":"2 minutes"},"schema":{"@context":"https:\/\/schema.org","@graph":[{"@type":"WebPage","@id":"https:\/\/autravail.ca\/product\/t-shirt-timberland-pro-innovation-a5mpx\/","url":"https:\/\/autravail.ca\/product\/t-shirt-timberland-pro-innovation-a5mpx\/","name":"T-Shirt Timberland Pro Innovation - A5MPX - Le Magasin Industriel","isPartOf":{"@id":"https:\/\/autravail.ca\/#website"},"primaryImageOfPage":{"@id":"https:\/\/autravail.ca\/product\/t-shirt-timberland-pro-innovation-a5mpx\/#primaryimage"},"image":{"@id":"https:\/\/autravail.ca\/product\/t-shirt-timberland-pro-innovation-a5mpx\/#primaryimage"},"thumbnailUrl":"https:\/\/autravail.ca\/wp-content\/uploads\/2025\/05\/A5MPX_A01.jpg","datePublished":"2025-05-08T08:00:16+00:00","dateModified":"2025-12-05T09:09:52+00:00","description":"T-Shirt Timberland Pro Innovation - A5MPX 100% coton doux et de qualit\u00e9. Parfait pour le travailleur qui souhaite du style et du confort.","breadcrumb":{"@id":"https:\/\/autravail.ca\/product\/t-shirt-timberland-pro-innovation-a5mpx\/#breadcrumb"},"inLanguage":"en-CA","potentialAction":[{"@type":"ReadAction","target":["https:\/\/autravail.ca\/product\/t-shirt-timberland-pro-innovation-a5mpx\/"]}]},{"@type":"ImageObject","inLanguage":"en-CA","@id":"https:\/\/autravail.ca\/product\/t-shirt-timberland-pro-innovation-a5mpx\/#primaryimage","url":"https:\/\/autravail.ca\/wp-content\/uploads\/2025\/05\/A5MPX_A01.jpg","contentUrl":"https:\/\/autravail.ca\/wp-content\/uploads\/2025\/05\/A5MPX_A01.jpg","width":1000,"height":1000,"caption":"T-Shirt Timberland Pro Innovation - A5MPX"},{"@type":"BreadcrumbList","@id":"https:\/\/autravail.ca\/product\/t-shirt-timberland-pro-innovation-a5mpx\/#breadcrumb","itemListElement":[{"@type":"ListItem","position":1,"name":"Accueil","item":"https:\/\/autravail.ca\/"},{"@type":"ListItem","position":2,"name":"Magasin","item":"https:\/\/autravail.ca\/en\/shop\/"},{"@type":"ListItem","position":3,"name":"T-Shirt Timberland Pro Innovation &#8211; A5MPX"}]},{"@type":"WebSite","@id":"https:\/\/autravail.ca\/#website","url":"https:\/\/autravail.ca\/","name":"Le Magasin Industriel","description":"50 ans de tradition de s\u00e9curit\u00e9 au travail","publisher":{"@id":"https:\/\/autravail.ca\/#organization"},"potentialAction":[{"@type":"SearchAction","target":{"@type":"EntryPoint","urlTemplate":"https:\/\/autravail.ca\/?s={search_term_string}"},"query-input":{"@type":"PropertyValueSpecification","valueRequired":true,"valueName":"search_term_string"}}],"inLanguage":"en-CA"},{"@type":"Organization","@id":"https:\/\/autravail.ca\/#organization","name":"Le Magasin Industriel","url":"https:\/\/autravail.ca\/","logo":{"@type":"ImageObject","inLanguage":"en-CA","@id":"https:\/\/autravail.ca\/#\/schema\/logo\/image\/","url":"https:\/\/autravail.ca\/wp-content\/uploads\/2025\/05\/cropped-magasin_industriel_120x.avif","contentUrl":"https:\/\/autravail.ca\/wp-content\/uploads\/2025\/05\/cropped-magasin_industriel_120x.avif","width":120,"height":24,"caption":"Le Magasin Industriel"},"image":{"@id":"https:\/\/autravail.ca\/#\/schema\/logo\/image\/"},"sameAs":["https:\/\/www.facebook.com\/lemagasinindustriel\/?locale=fr_FR"]}]}},"jetpack_sharing_enabled":true,"_links":{"self":[{"href":"https:\/\/autravail.ca\/en\/wp-json\/wp\/v2\/product\/36911","targetHints":{"allow":["GET"]}}],"collection":[{"href":"https:\/\/autravail.ca\/en\/wp-json\/wp\/v2\/product"}],"about":[{"href":"https:\/\/autravail.ca\/en\/wp-json\/wp\/v2\/types\/product"}],"replies":[{"embeddable":true,"href":"https:\/\/autravail.ca\/en\/wp-json\/wp\/v2\/comments?post=36911"}],"wp:featuredmedia":[{"embeddable":true,"href":"https:\/\/autravail.ca\/en\/wp-json\/wp\/v2\/media\/41968"}],"wp:attachment":[{"href":"https:\/\/autravail.ca\/en\/wp-json\/wp\/v2\/media?parent=36911"}],"wp:term":[{"taxonomy":"product_cat","embeddable":true,"href":"https:\/\/autravail.ca\/en\/wp-json\/wp\/v2\/product_cat?post=36911"},{"taxonomy":"product_tag","embeddable":true,"href":"https:\/\/autravail.ca\/en\/wp-json\/wp\/v2\/product_tag?post=36911"}],"curies":[{"name":"wp","href":"https:\/\/api.w.org\/{rel}","templated":true}]}}