{"id":36799,"date":"2025-05-08T07:58:51","date_gmt":"2025-05-08T07:58:51","guid":{"rendered":"https:\/\/meteoquebec.ca\/?post_type=product&#038;p=36799"},"modified":"2025-12-05T05:09:52","modified_gmt":"2025-12-05T09:09:52","slug":"ep850s-lunette-de-securite","status":"publish","type":"product","link":"https:\/\/autravail.ca\/en\/product\/ep850s-lunette-de-securite\/","title":{"rendered":"EP850S - SECURITY GLASSES"},"content":{"rendered":"<p>Safety Glasses, Smoked - Dynamic<\/p>\n<ul>\n<li>Light, frameless safety goggles encompassing the face<\/li>\n<li>One piece lens and soft rubber at the ends of the branches<\/li>\n<li>Soft and anti-slip silicone nose bridge<\/li>\n<li>The lenses are protected by a 4A coating: water-repellent, static-resistant, UV-blocking at 99.9% and scratch-resistant.<\/li>\n<li>Certified to CSA Z94.3-7 and meet or exceed ANSI Z87.1 requirements.<\/li>\n<\/ul>","protected":false},"excerpt":{"rendered":"<p>Safety Glasses, Smoked  Dynamic Lightweight, frameless wraparound safety glasses. One-piece lens with soft rubber temple tips. Soft, non-slip silicone nose bridge. Lenses protected by 4A coating: anti-fog, anti-static, 99.9% UV protection, and anti-scratch. Certified CSA Z94.3-7 and meet or exceed []<\/p>","protected":false},"featured_media":22731,"comment_status":"open","ping_status":"closed","template":"","meta":[],"product_cat":[702,602,680],"product_tag":[361],"class_list":{"0":"post-36799","1":"product","2":"type-product","3":"status-publish","4":"has-post-thumbnail","6":"product_brand-dynamic","7":"product_cat-accessoires-de-securite","8":"product_cat-hommes","9":"product_cat-protection-yeux-et-visages","10":"product_tag-protection-yeux-et-visage","12":"first","13":"instock","14":"taxable","15":"shipping-taxable","16":"purchasable","17":"product-type-variable"},"yoast_head":"<!-- This site is optimized with the Yoast SEO plugin v25.3.1 - https:\/\/yoast.com\/wordpress\/plugins\/seo\/ -->\n<title>EP850S - LUNETTE DE S\u00c9CURIT\u00c9 - Le Magasin Industriel<\/title>\n<meta name=\"robots\" content=\"index, follow, max-snippet:-1, max-image-preview:large, max-video-preview:-1\" \/>\n<link rel=\"canonical\" href=\"https:\/\/autravail.ca\/en\/product\/ep850s-lunette-de-securite\/\" \/>\n<meta property=\"og:locale\" content=\"en_US\" \/>\n<meta property=\"og:type\" content=\"article\" \/>\n<meta property=\"og:title\" content=\"EP850S - LUNETTE DE S\u00c9CURIT\u00c9 - Le Magasin Industriel\" \/>\n<meta property=\"og:description\" content=\"Lunette de s\u00e9curit\u00e9, fum\u00e9 &#8211; Dynamic Lunette de s\u00e9curit\u00e9 l\u00e9g\u00e8re et sans monture enveloppant le visage. Lentille d\u2019une seule pi\u00e8ce et caoutchouc souple sur l\u2019embout des branches. Pont nasal en silicone souple et antid\u00e9rapant. Les lentilles sont prot\u00e9g\u00e9es par le rev\u00eatement 4A: antibu\u00e9e, antistatique, anti-U.V \u00e0 99,9 % et anti\u00e9gratignure. Certifi\u00e9es CSA Z94.3-7 et rencontrent [&hellip;]\" \/>\n<meta property=\"og:url\" content=\"https:\/\/autravail.ca\/en\/product\/ep850s-lunette-de-securite\/\" \/>\n<meta property=\"og:site_name\" content=\"Le Magasin Industriel\" \/>\n<meta property=\"article:publisher\" content=\"https:\/\/www.facebook.com\/lemagasinindustriel\/?locale=fr_FR\" \/>\n<meta property=\"article:modified_time\" content=\"2025-12-05T09:09:52+00:00\" \/>\n<meta property=\"og:image\" content=\"https:\/\/autravail.ca\/wp-content\/uploads\/2025\/05\/EP800S_A01_18c59d94-4e8c-479a-b702-8bb2eec09171.jpg\" \/>\n\t<meta property=\"og:image:width\" content=\"800\" \/>\n\t<meta property=\"og:image:height\" content=\"720\" \/>\n\t<meta property=\"og:image:type\" content=\"image\/jpeg\" \/>\n<meta name=\"twitter:card\" content=\"summary_large_image\" \/>\n<script type=\"application\/ld+json\" class=\"yoast-schema-graph\">{\"@context\":\"https:\/\/schema.org\",\"@graph\":[{\"@type\":\"WebPage\",\"@id\":\"https:\/\/autravail.ca\/product\/ep850s-lunette-de-securite\/\",\"url\":\"https:\/\/autravail.ca\/product\/ep850s-lunette-de-securite\/\",\"name\":\"EP850S - LUNETTE DE S\u00c9CURIT\u00c9 - Le Magasin Industriel\",\"isPartOf\":{\"@id\":\"https:\/\/autravail.ca\/#website\"},\"primaryImageOfPage\":{\"@id\":\"https:\/\/autravail.ca\/product\/ep850s-lunette-de-securite\/#primaryimage\"},\"image\":{\"@id\":\"https:\/\/autravail.ca\/product\/ep850s-lunette-de-securite\/#primaryimage\"},\"thumbnailUrl\":\"https:\/\/autravail.ca\/wp-content\/uploads\/2025\/05\/EP800S_A01_18c59d94-4e8c-479a-b702-8bb2eec09171.jpg\",\"datePublished\":\"2025-05-08T07:58:51+00:00\",\"dateModified\":\"2025-12-05T09:09:52+00:00\",\"breadcrumb\":{\"@id\":\"https:\/\/autravail.ca\/product\/ep850s-lunette-de-securite\/#breadcrumb\"},\"inLanguage\":\"en-CA\",\"potentialAction\":[{\"@type\":\"ReadAction\",\"target\":[\"https:\/\/autravail.ca\/product\/ep850s-lunette-de-securite\/\"]}]},{\"@type\":\"ImageObject\",\"inLanguage\":\"en-CA\",\"@id\":\"https:\/\/autravail.ca\/product\/ep850s-lunette-de-securite\/#primaryimage\",\"url\":\"https:\/\/autravail.ca\/wp-content\/uploads\/2025\/05\/EP800S_A01_18c59d94-4e8c-479a-b702-8bb2eec09171.jpg\",\"contentUrl\":\"https:\/\/autravail.ca\/wp-content\/uploads\/2025\/05\/EP800S_A01_18c59d94-4e8c-479a-b702-8bb2eec09171.jpg\",\"width\":800,\"height\":720},{\"@type\":\"BreadcrumbList\",\"@id\":\"https:\/\/autravail.ca\/product\/ep850s-lunette-de-securite\/#breadcrumb\",\"itemListElement\":[{\"@type\":\"ListItem\",\"position\":1,\"name\":\"Accueil\",\"item\":\"https:\/\/autravail.ca\/\"},{\"@type\":\"ListItem\",\"position\":2,\"name\":\"Magasin\",\"item\":\"https:\/\/autravail.ca\/en\/shop\/\"},{\"@type\":\"ListItem\",\"position\":3,\"name\":\"EP850S &#8211; LUNETTE DE S\u00c9CURIT\u00c9\"}]},{\"@type\":\"WebSite\",\"@id\":\"https:\/\/autravail.ca\/#website\",\"url\":\"https:\/\/autravail.ca\/\",\"name\":\"Le Magasin Industriel\",\"description\":\"50 ans de tradition de s\u00e9curit\u00e9 au travail\",\"publisher\":{\"@id\":\"https:\/\/autravail.ca\/#organization\"},\"potentialAction\":[{\"@type\":\"SearchAction\",\"target\":{\"@type\":\"EntryPoint\",\"urlTemplate\":\"https:\/\/autravail.ca\/?s={search_term_string}\"},\"query-input\":{\"@type\":\"PropertyValueSpecification\",\"valueRequired\":true,\"valueName\":\"search_term_string\"}}],\"inLanguage\":\"en-CA\"},{\"@type\":\"Organization\",\"@id\":\"https:\/\/autravail.ca\/#organization\",\"name\":\"Le Magasin Industriel\",\"url\":\"https:\/\/autravail.ca\/\",\"logo\":{\"@type\":\"ImageObject\",\"inLanguage\":\"en-CA\",\"@id\":\"https:\/\/autravail.ca\/#\/schema\/logo\/image\/\",\"url\":\"https:\/\/autravail.ca\/wp-content\/uploads\/2025\/05\/cropped-magasin_industriel_120x.avif\",\"contentUrl\":\"https:\/\/autravail.ca\/wp-content\/uploads\/2025\/05\/cropped-magasin_industriel_120x.avif\",\"width\":120,\"height\":24,\"caption\":\"Le Magasin Industriel\"},\"image\":{\"@id\":\"https:\/\/autravail.ca\/#\/schema\/logo\/image\/\"},\"sameAs\":[\"https:\/\/www.facebook.com\/lemagasinindustriel\/?locale=fr_FR\"]}]}<\/script>\n<!-- \/ Yoast SEO plugin. -->","yoast_head_json":{"title":"EP850S - LUNETTE DE S\u00c9CURIT\u00c9 - Le Magasin Industriel","robots":{"index":"index","follow":"follow","max-snippet":"max-snippet:-1","max-image-preview":"max-image-preview:large","max-video-preview":"max-video-preview:-1"},"canonical":"https:\/\/autravail.ca\/en\/product\/ep850s-lunette-de-securite\/","og_locale":"en_US","og_type":"article","og_title":"EP850S - LUNETTE DE S\u00c9CURIT\u00c9 - Le Magasin Industriel","og_description":"Lunette de s\u00e9curit\u00e9, fum\u00e9 &#8211; Dynamic Lunette de s\u00e9curit\u00e9 l\u00e9g\u00e8re et sans monture enveloppant le visage. Lentille d\u2019une seule pi\u00e8ce et caoutchouc souple sur l\u2019embout des branches. Pont nasal en silicone souple et antid\u00e9rapant. Les lentilles sont prot\u00e9g\u00e9es par le rev\u00eatement 4A: antibu\u00e9e, antistatique, anti-U.V \u00e0 99,9 % et anti\u00e9gratignure. Certifi\u00e9es CSA Z94.3-7 et rencontrent [&hellip;]","og_url":"https:\/\/autravail.ca\/en\/product\/ep850s-lunette-de-securite\/","og_site_name":"Le Magasin Industriel","article_publisher":"https:\/\/www.facebook.com\/lemagasinindustriel\/?locale=fr_FR","article_modified_time":"2025-12-05T09:09:52+00:00","og_image":[{"width":800,"height":720,"url":"https:\/\/autravail.ca\/wp-content\/uploads\/2025\/05\/EP800S_A01_18c59d94-4e8c-479a-b702-8bb2eec09171.jpg","type":"image\/jpeg"}],"twitter_card":"summary_large_image","schema":{"@context":"https:\/\/schema.org","@graph":[{"@type":"WebPage","@id":"https:\/\/autravail.ca\/product\/ep850s-lunette-de-securite\/","url":"https:\/\/autravail.ca\/product\/ep850s-lunette-de-securite\/","name":"EP850S - LUNETTE DE S\u00c9CURIT\u00c9 - Le Magasin Industriel","isPartOf":{"@id":"https:\/\/autravail.ca\/#website"},"primaryImageOfPage":{"@id":"https:\/\/autravail.ca\/product\/ep850s-lunette-de-securite\/#primaryimage"},"image":{"@id":"https:\/\/autravail.ca\/product\/ep850s-lunette-de-securite\/#primaryimage"},"thumbnailUrl":"https:\/\/autravail.ca\/wp-content\/uploads\/2025\/05\/EP800S_A01_18c59d94-4e8c-479a-b702-8bb2eec09171.jpg","datePublished":"2025-05-08T07:58:51+00:00","dateModified":"2025-12-05T09:09:52+00:00","breadcrumb":{"@id":"https:\/\/autravail.ca\/product\/ep850s-lunette-de-securite\/#breadcrumb"},"inLanguage":"en-CA","potentialAction":[{"@type":"ReadAction","target":["https:\/\/autravail.ca\/product\/ep850s-lunette-de-securite\/"]}]},{"@type":"ImageObject","inLanguage":"en-CA","@id":"https:\/\/autravail.ca\/product\/ep850s-lunette-de-securite\/#primaryimage","url":"https:\/\/autravail.ca\/wp-content\/uploads\/2025\/05\/EP800S_A01_18c59d94-4e8c-479a-b702-8bb2eec09171.jpg","contentUrl":"https:\/\/autravail.ca\/wp-content\/uploads\/2025\/05\/EP800S_A01_18c59d94-4e8c-479a-b702-8bb2eec09171.jpg","width":800,"height":720},{"@type":"BreadcrumbList","@id":"https:\/\/autravail.ca\/product\/ep850s-lunette-de-securite\/#breadcrumb","itemListElement":[{"@type":"ListItem","position":1,"name":"Accueil","item":"https:\/\/autravail.ca\/"},{"@type":"ListItem","position":2,"name":"Magasin","item":"https:\/\/autravail.ca\/en\/shop\/"},{"@type":"ListItem","position":3,"name":"EP850S &#8211; LUNETTE DE S\u00c9CURIT\u00c9"}]},{"@type":"WebSite","@id":"https:\/\/autravail.ca\/#website","url":"https:\/\/autravail.ca\/","name":"Le Magasin Industriel","description":"50 ans de tradition de s\u00e9curit\u00e9 au travail","publisher":{"@id":"https:\/\/autravail.ca\/#organization"},"potentialAction":[{"@type":"SearchAction","target":{"@type":"EntryPoint","urlTemplate":"https:\/\/autravail.ca\/?s={search_term_string}"},"query-input":{"@type":"PropertyValueSpecification","valueRequired":true,"valueName":"search_term_string"}}],"inLanguage":"en-CA"},{"@type":"Organization","@id":"https:\/\/autravail.ca\/#organization","name":"Le Magasin Industriel","url":"https:\/\/autravail.ca\/","logo":{"@type":"ImageObject","inLanguage":"en-CA","@id":"https:\/\/autravail.ca\/#\/schema\/logo\/image\/","url":"https:\/\/autravail.ca\/wp-content\/uploads\/2025\/05\/cropped-magasin_industriel_120x.avif","contentUrl":"https:\/\/autravail.ca\/wp-content\/uploads\/2025\/05\/cropped-magasin_industriel_120x.avif","width":120,"height":24,"caption":"Le Magasin Industriel"},"image":{"@id":"https:\/\/autravail.ca\/#\/schema\/logo\/image\/"},"sameAs":["https:\/\/www.facebook.com\/lemagasinindustriel\/?locale=fr_FR"]}]}},"jetpack_sharing_enabled":true,"_links":{"self":[{"href":"https:\/\/autravail.ca\/en\/wp-json\/wp\/v2\/product\/36799","targetHints":{"allow":["GET"]}}],"collection":[{"href":"https:\/\/autravail.ca\/en\/wp-json\/wp\/v2\/product"}],"about":[{"href":"https:\/\/autravail.ca\/en\/wp-json\/wp\/v2\/types\/product"}],"replies":[{"embeddable":true,"href":"https:\/\/autravail.ca\/en\/wp-json\/wp\/v2\/comments?post=36799"}],"wp:featuredmedia":[{"embeddable":true,"href":"https:\/\/autravail.ca\/en\/wp-json\/wp\/v2\/media\/22731"}],"wp:attachment":[{"href":"https:\/\/autravail.ca\/en\/wp-json\/wp\/v2\/media?parent=36799"}],"wp:term":[{"taxonomy":"product_cat","embeddable":true,"href":"https:\/\/autravail.ca\/en\/wp-json\/wp\/v2\/product_cat?post=36799"},{"taxonomy":"product_tag","embeddable":true,"href":"https:\/\/autravail.ca\/en\/wp-json\/wp\/v2\/product_tag?post=36799"}],"curies":[{"name":"wp","href":"https:\/\/api.w.org\/{rel}","templated":true}]}}