{"id":36772,"date":"2025-05-08T07:58:23","date_gmt":"2025-05-08T07:58:23","guid":{"rendered":"https:\/\/meteoquebec.ca\/?post_type=product&#038;p=36772"},"modified":"2026-03-18T16:40:34","modified_gmt":"2026-03-18T20:40:34","slug":"sti-ins-semelle-confort-en-poron-sti-footwear","status":"publish","type":"product","link":"https:\/\/autravail.ca\/en\/product\/sti-ins-semelle-confort-en-poron-sti-footwear\/","title":{"rendered":"SEMELLE DE CONFORT EN PORON POUR CHAUSSURES DE TRAVAIL- STI-INS"},"content":{"rendered":"<h3>Semelle de propret\u00e9 confortable STI Double densit\u00e9s pour chaussures de travail.<\/h3>\n<p>Id\u00e9ale pour les travailleurs qui font de longues journ\u00e9es. La semelle de confort STI est sp\u00e9cialement con\u00e7ue pour les souliers et bottes de s\u00e9curit\u00e9. Son design est suffisamment mince pour laisser un espace confortable \u00e0 l&rsquo;avant du pied. Les propri\u00e9t\u00e9s de ce mat\u00e9riau unique font de la semelle STI\u00ae le meilleur choix des travailleurs continuellement sollicit\u00e9s par leur environnement de travail.<\/p>\n<h3>Choix de la pointure de la semelle de confort :<\/h3>\n<p><em>Les pointures sont pr\u00e9sent\u00e9es unisexe US homme. Pour la conversion vers les pointure US femme, ajoutez 2 points. Par exemple: 4 US homme = 6 US femme. <\/em>Pour choisir la pointure id\u00e9ale, nous sugg\u00e9rons la correspondance avec la pointure de vos chaussures de s\u00e9curit\u00e9. S&rsquo;il advient que votre nouvelle STI-INS est l\u00e9g\u00e8rement trop longue, il suffit de la tailler avec des ciseaux.<\/p>\n<h3>Caract\u00e9ristiques de la semelle de confort STI:<\/h3>\n<ul>\n<li>Semelle de confort en poron deux densit\u00e9s<\/li>\n<li>Flexible and universal design for work shoe<\/li>\n<li>Ankle cuff (or ankle support)<\/li>\n<li>Poron 5000 for shock absorption<\/li>\n<li>Chaussures STI \/ STI Footwear<\/li>\n<\/ul>\n<h3><strong>Conseil l&rsquo;installation de vos nouvelles semelles de confort:<\/strong><\/h3>\n<p>\u00c9vitez de superposer deux semelles confort dans une seule et m\u00eame chaussure de s\u00e9curit\u00e9. Il est important d&rsquo;\u00e9viter de trop restreindre l&rsquo;espace int\u00e9rieur de votre chaussure et de vous assurer que vos orteils ne sont pas en contact avec le cap. De plus, deux semelles de confort superpos\u00e9es risquent de trop soulever votre talon \u00e0 l&rsquo;arri\u00e8re de la chaussure. Le risque est de constater l&rsquo;usure pr\u00e9matur\u00e9e du renfort au talon de la chaussure de s\u00e9curit\u00e9 et la sensation que le pied n&rsquo;est plus soutenu et sort trop facilement de la chaussure. En r\u00e9sum\u00e9, veuillez retirer l\u2019ancienne semelle de confort avant d&rsquo;installer les nouvelles. Si vous souhaitez d&rsquo;avantage d&rsquo;information sur les semelles de confort (semelles de propret\u00e9), n&rsquo;h\u00e9sitez pas \u00e0 nous contacter au info@autravail.ca ou \u00e0 consulter notre blogue.<\/p>","protected":false},"excerpt":{"rendered":"<p>Semelle de propret\u00e9 confortable STI Double densit\u00e9s pour chaussures de travail. Id\u00e9ale pour les travailleurs qui font de longues journ\u00e9es. La semelle de confort STI est sp\u00e9cialement con\u00e7ue pour les souliers et bottes de s\u00e9curit\u00e9. Son design est suffisamment mince pour laisser un espace confortable \u00e0 l&rsquo;avant du pied. Les propri\u00e9t\u00e9s de ce mat\u00e9riau unique [&hellip;]<\/p>","protected":false},"featured_media":22677,"comment_status":"open","ping_status":"closed","template":"","meta":[],"product_cat":[657,602,768],"product_tag":[255,242,407],"class_list":{"0":"post-36772","1":"product","2":"type-product","3":"status-publish","4":"has-post-thumbnail","6":"product_brand-sti-footwear","7":"product_cat-accessoires-de-chaussures","8":"product_cat-hommes","9":"product_cat-semelles-confort","10":"product_tag-femme","11":"product_tag-homme","12":"product_tag-semelles-confort","14":"first","15":"instock","16":"taxable","17":"shipping-taxable","18":"purchasable","19":"product-type-variable"},"yoast_head":"<!-- This site is optimized with the Yoast SEO plugin v25.3.1 - https:\/\/yoast.com\/wordpress\/plugins\/seo\/ -->\n<title>Semelles confort pour chaussures de travail - Magasin Industriel<\/title>\n<meta name=\"description\" content=\"Semelle de confort id\u00e9ale pour les travailleurs qui qui doivent effectuer de longue journ\u00e9e de travail sur des planchers durs.\" \/>\n<meta name=\"robots\" content=\"index, follow, max-snippet:-1, max-image-preview:large, max-video-preview:-1\" \/>\n<link rel=\"canonical\" href=\"https:\/\/autravail.ca\/en\/product\/sti-ins-semelle-confort-en-poron-sti-footwear\/\" \/>\n<meta property=\"og:locale\" content=\"en_US\" \/>\n<meta property=\"og:type\" content=\"article\" \/>\n<meta property=\"og:title\" content=\"Semelles confort pour chaussures de travail - Magasin Industriel\" \/>\n<meta property=\"og:description\" content=\"Semelle de confort id\u00e9ale pour les travailleurs qui qui doivent effectuer de longue journ\u00e9e de travail sur des planchers durs.\" \/>\n<meta property=\"og:url\" content=\"https:\/\/autravail.ca\/en\/product\/sti-ins-semelle-confort-en-poron-sti-footwear\/\" \/>\n<meta property=\"og:site_name\" content=\"Le Magasin Industriel\" \/>\n<meta property=\"article:publisher\" content=\"https:\/\/www.facebook.com\/lemagasinindustriel\/?locale=fr_FR\" \/>\n<meta property=\"article:modified_time\" content=\"2026-03-18T20:40:34+00:00\" \/>\n<meta property=\"og:image\" content=\"https:\/\/autravail.ca\/wp-content\/uploads\/2025\/05\/STI-INS_A01.jpg\" \/>\n\t<meta property=\"og:image:width\" content=\"800\" \/>\n\t<meta property=\"og:image:height\" content=\"720\" \/>\n\t<meta property=\"og:image:type\" content=\"image\/jpeg\" \/>\n<meta name=\"twitter:card\" content=\"summary_large_image\" \/>\n<meta name=\"twitter:label1\" content=\"Est. reading time\" \/>\n\t<meta name=\"twitter:data1\" content=\"2 minutes\" \/>\n<script type=\"application\/ld+json\" class=\"yoast-schema-graph\">{\"@context\":\"https:\/\/schema.org\",\"@graph\":[{\"@type\":\"WebPage\",\"@id\":\"https:\/\/autravail.ca\/product\/sti-ins-semelle-confort-en-poron-sti-footwear\/\",\"url\":\"https:\/\/autravail.ca\/product\/sti-ins-semelle-confort-en-poron-sti-footwear\/\",\"name\":\"Semelles confort pour chaussures de travail - Magasin Industriel\",\"isPartOf\":{\"@id\":\"https:\/\/autravail.ca\/#website\"},\"primaryImageOfPage\":{\"@id\":\"https:\/\/autravail.ca\/product\/sti-ins-semelle-confort-en-poron-sti-footwear\/#primaryimage\"},\"image\":{\"@id\":\"https:\/\/autravail.ca\/product\/sti-ins-semelle-confort-en-poron-sti-footwear\/#primaryimage\"},\"thumbnailUrl\":\"https:\/\/autravail.ca\/wp-content\/uploads\/2025\/05\/STI-INS_A01.jpg\",\"datePublished\":\"2025-05-08T07:58:23+00:00\",\"dateModified\":\"2026-03-18T20:40:34+00:00\",\"description\":\"Semelle de confort id\u00e9ale pour les travailleurs qui qui doivent effectuer de longue journ\u00e9e de travail sur des planchers durs.\",\"breadcrumb\":{\"@id\":\"https:\/\/autravail.ca\/product\/sti-ins-semelle-confort-en-poron-sti-footwear\/#breadcrumb\"},\"inLanguage\":\"en-CA\",\"potentialAction\":[{\"@type\":\"ReadAction\",\"target\":[\"https:\/\/autravail.ca\/product\/sti-ins-semelle-confort-en-poron-sti-footwear\/\"]}]},{\"@type\":\"ImageObject\",\"inLanguage\":\"en-CA\",\"@id\":\"https:\/\/autravail.ca\/product\/sti-ins-semelle-confort-en-poron-sti-footwear\/#primaryimage\",\"url\":\"https:\/\/autravail.ca\/wp-content\/uploads\/2025\/05\/STI-INS_A01.jpg\",\"contentUrl\":\"https:\/\/autravail.ca\/wp-content\/uploads\/2025\/05\/STI-INS_A01.jpg\",\"width\":800,\"height\":720,\"caption\":\"Semelle de confort pour travailleur\"},{\"@type\":\"BreadcrumbList\",\"@id\":\"https:\/\/autravail.ca\/product\/sti-ins-semelle-confort-en-poron-sti-footwear\/#breadcrumb\",\"itemListElement\":[{\"@type\":\"ListItem\",\"position\":1,\"name\":\"Accueil\",\"item\":\"https:\/\/autravail.ca\/\"},{\"@type\":\"ListItem\",\"position\":2,\"name\":\"Magasin\",\"item\":\"https:\/\/autravail.ca\/en\/shop\/\"},{\"@type\":\"ListItem\",\"position\":3,\"name\":\"SEMELLE DE CONFORT EN PORON POUR CHAUSSURES DE TRAVAIL- STI-INS\"}]},{\"@type\":\"WebSite\",\"@id\":\"https:\/\/autravail.ca\/#website\",\"url\":\"https:\/\/autravail.ca\/\",\"name\":\"Le Magasin Industriel\",\"description\":\"50 ans de tradition de s\u00e9curit\u00e9 au travail\",\"publisher\":{\"@id\":\"https:\/\/autravail.ca\/#organization\"},\"potentialAction\":[{\"@type\":\"SearchAction\",\"target\":{\"@type\":\"EntryPoint\",\"urlTemplate\":\"https:\/\/autravail.ca\/?s={search_term_string}\"},\"query-input\":{\"@type\":\"PropertyValueSpecification\",\"valueRequired\":true,\"valueName\":\"search_term_string\"}}],\"inLanguage\":\"en-CA\"},{\"@type\":\"Organization\",\"@id\":\"https:\/\/autravail.ca\/#organization\",\"name\":\"Le Magasin Industriel\",\"url\":\"https:\/\/autravail.ca\/\",\"logo\":{\"@type\":\"ImageObject\",\"inLanguage\":\"en-CA\",\"@id\":\"https:\/\/autravail.ca\/#\/schema\/logo\/image\/\",\"url\":\"https:\/\/autravail.ca\/wp-content\/uploads\/2025\/05\/cropped-magasin_industriel_120x.avif\",\"contentUrl\":\"https:\/\/autravail.ca\/wp-content\/uploads\/2025\/05\/cropped-magasin_industriel_120x.avif\",\"width\":120,\"height\":24,\"caption\":\"Le Magasin Industriel\"},\"image\":{\"@id\":\"https:\/\/autravail.ca\/#\/schema\/logo\/image\/\"},\"sameAs\":[\"https:\/\/www.facebook.com\/lemagasinindustriel\/?locale=fr_FR\"]}]}<\/script>\n<!-- \/ Yoast SEO plugin. -->","yoast_head_json":{"title":"Semelles confort pour chaussures de travail - Magasin Industriel","description":"Semelle de confort id\u00e9ale pour les travailleurs qui qui doivent effectuer de longue journ\u00e9e de travail sur des planchers durs.","robots":{"index":"index","follow":"follow","max-snippet":"max-snippet:-1","max-image-preview":"max-image-preview:large","max-video-preview":"max-video-preview:-1"},"canonical":"https:\/\/autravail.ca\/en\/product\/sti-ins-semelle-confort-en-poron-sti-footwear\/","og_locale":"en_US","og_type":"article","og_title":"Semelles confort pour chaussures de travail - Magasin Industriel","og_description":"Semelle de confort id\u00e9ale pour les travailleurs qui qui doivent effectuer de longue journ\u00e9e de travail sur des planchers durs.","og_url":"https:\/\/autravail.ca\/en\/product\/sti-ins-semelle-confort-en-poron-sti-footwear\/","og_site_name":"Le Magasin Industriel","article_publisher":"https:\/\/www.facebook.com\/lemagasinindustriel\/?locale=fr_FR","article_modified_time":"2026-03-18T20:40:34+00:00","og_image":[{"width":800,"height":720,"url":"https:\/\/autravail.ca\/wp-content\/uploads\/2025\/05\/STI-INS_A01.jpg","type":"image\/jpeg"}],"twitter_card":"summary_large_image","twitter_misc":{"Est. reading time":"2 minutes"},"schema":{"@context":"https:\/\/schema.org","@graph":[{"@type":"WebPage","@id":"https:\/\/autravail.ca\/product\/sti-ins-semelle-confort-en-poron-sti-footwear\/","url":"https:\/\/autravail.ca\/product\/sti-ins-semelle-confort-en-poron-sti-footwear\/","name":"Semelles confort pour chaussures de travail - Magasin Industriel","isPartOf":{"@id":"https:\/\/autravail.ca\/#website"},"primaryImageOfPage":{"@id":"https:\/\/autravail.ca\/product\/sti-ins-semelle-confort-en-poron-sti-footwear\/#primaryimage"},"image":{"@id":"https:\/\/autravail.ca\/product\/sti-ins-semelle-confort-en-poron-sti-footwear\/#primaryimage"},"thumbnailUrl":"https:\/\/autravail.ca\/wp-content\/uploads\/2025\/05\/STI-INS_A01.jpg","datePublished":"2025-05-08T07:58:23+00:00","dateModified":"2026-03-18T20:40:34+00:00","description":"Semelle de confort id\u00e9ale pour les travailleurs qui qui doivent effectuer de longue journ\u00e9e de travail sur des planchers durs.","breadcrumb":{"@id":"https:\/\/autravail.ca\/product\/sti-ins-semelle-confort-en-poron-sti-footwear\/#breadcrumb"},"inLanguage":"en-CA","potentialAction":[{"@type":"ReadAction","target":["https:\/\/autravail.ca\/product\/sti-ins-semelle-confort-en-poron-sti-footwear\/"]}]},{"@type":"ImageObject","inLanguage":"en-CA","@id":"https:\/\/autravail.ca\/product\/sti-ins-semelle-confort-en-poron-sti-footwear\/#primaryimage","url":"https:\/\/autravail.ca\/wp-content\/uploads\/2025\/05\/STI-INS_A01.jpg","contentUrl":"https:\/\/autravail.ca\/wp-content\/uploads\/2025\/05\/STI-INS_A01.jpg","width":800,"height":720,"caption":"Semelle de confort pour travailleur"},{"@type":"BreadcrumbList","@id":"https:\/\/autravail.ca\/product\/sti-ins-semelle-confort-en-poron-sti-footwear\/#breadcrumb","itemListElement":[{"@type":"ListItem","position":1,"name":"Accueil","item":"https:\/\/autravail.ca\/"},{"@type":"ListItem","position":2,"name":"Magasin","item":"https:\/\/autravail.ca\/en\/shop\/"},{"@type":"ListItem","position":3,"name":"SEMELLE DE CONFORT EN PORON POUR CHAUSSURES DE TRAVAIL- STI-INS"}]},{"@type":"WebSite","@id":"https:\/\/autravail.ca\/#website","url":"https:\/\/autravail.ca\/","name":"Le Magasin Industriel","description":"50 ans de tradition de s\u00e9curit\u00e9 au travail","publisher":{"@id":"https:\/\/autravail.ca\/#organization"},"potentialAction":[{"@type":"SearchAction","target":{"@type":"EntryPoint","urlTemplate":"https:\/\/autravail.ca\/?s={search_term_string}"},"query-input":{"@type":"PropertyValueSpecification","valueRequired":true,"valueName":"search_term_string"}}],"inLanguage":"en-CA"},{"@type":"Organization","@id":"https:\/\/autravail.ca\/#organization","name":"Le Magasin Industriel","url":"https:\/\/autravail.ca\/","logo":{"@type":"ImageObject","inLanguage":"en-CA","@id":"https:\/\/autravail.ca\/#\/schema\/logo\/image\/","url":"https:\/\/autravail.ca\/wp-content\/uploads\/2025\/05\/cropped-magasin_industriel_120x.avif","contentUrl":"https:\/\/autravail.ca\/wp-content\/uploads\/2025\/05\/cropped-magasin_industriel_120x.avif","width":120,"height":24,"caption":"Le Magasin Industriel"},"image":{"@id":"https:\/\/autravail.ca\/#\/schema\/logo\/image\/"},"sameAs":["https:\/\/www.facebook.com\/lemagasinindustriel\/?locale=fr_FR"]}]}},"jetpack_sharing_enabled":true,"_links":{"self":[{"href":"https:\/\/autravail.ca\/en\/wp-json\/wp\/v2\/product\/36772","targetHints":{"allow":["GET"]}}],"collection":[{"href":"https:\/\/autravail.ca\/en\/wp-json\/wp\/v2\/product"}],"about":[{"href":"https:\/\/autravail.ca\/en\/wp-json\/wp\/v2\/types\/product"}],"replies":[{"embeddable":true,"href":"https:\/\/autravail.ca\/en\/wp-json\/wp\/v2\/comments?post=36772"}],"wp:featuredmedia":[{"embeddable":true,"href":"https:\/\/autravail.ca\/en\/wp-json\/wp\/v2\/media\/22677"}],"wp:attachment":[{"href":"https:\/\/autravail.ca\/en\/wp-json\/wp\/v2\/media?parent=36772"}],"wp:term":[{"taxonomy":"product_cat","embeddable":true,"href":"https:\/\/autravail.ca\/en\/wp-json\/wp\/v2\/product_cat?post=36772"},{"taxonomy":"product_tag","embeddable":true,"href":"https:\/\/autravail.ca\/en\/wp-json\/wp\/v2\/product_tag?post=36772"}],"curies":[{"name":"wp","href":"https:\/\/api.w.org\/{rel}","templated":true}]}}