{"id":36654,"date":"2025-05-08T07:56:55","date_gmt":"2025-05-08T07:56:55","guid":{"rendered":"https:\/\/meteoquebec.ca\/?post_type=product&#038;p=36654"},"modified":"2026-03-31T12:41:04","modified_gmt":"2026-03-31T16:41:04","slug":"soulier-de-travail-lite-sd-4ns2bb","status":"publish","type":"product","link":"https:\/\/autravail.ca\/en\/product\/soulier-de-travail-lite-sd-4ns2bb\/","title":{"rendered":"Soulier de travail Lite SD &#8211; 4NS2BB"},"content":{"rendered":"<h3>Soulier de travail Lite SD &#8211; 4NS2BB<\/h3>\n<p>Soulier de travail Lite SD &#8211; 4NS2BB de <a href=\"https:\/\/autravail.ca\/en\/product-brand\/terra\/\">Terra<\/a> fait partie de la collection\u00a0<strong class=\"Yjhzub\" data-sfc-root=\"c\" data-sfc-cb=\"\" data-complete=\"true\" data-processed=\"true\">Terra Lites<\/strong>. Il s&rsquo;agit d&rsquo;une chaussure de s\u00e9curit\u00e9 athl\u00e9tique \u00e0 coupe basse, con\u00e7ue pour \u00eatre extr\u00eamement l\u00e9g\u00e8re et flexible tout en offrant une protection compl\u00e8te.<\/p>\n<p><img decoding=\"async\" class=\"alignnone size-full wp-image-44373\" src=\"https:\/\/autravail.ca\/wp-content\/uploads\/2025\/05\/logo-CSA-SD-1.jpg\" alt=\"\" width=\"300\" height=\"87\" srcset=\"https:\/\/autravail.ca\/wp-content\/uploads\/2025\/05\/logo-CSA-SD-1.jpg 300w, https:\/\/autravail.ca\/wp-content\/uploads\/2025\/05\/logo-CSA-SD-1-150x44.jpg 150w, https:\/\/autravail.ca\/wp-content\/uploads\/2025\/05\/logo-CSA-SD-1-18x5.jpg 18w\" sizes=\"(max-width: 300px) 100vw, 300px\" \/><\/p>\n<h6>Characteristics:<\/h6>\n<ul>\n<li class=\"dF3vjf\" data-sfc-root=\"c\" data-sfc-cb=\"\" data-hveid=\"CAEIBRAA\" data-complete=\"true\" data-sae=\"\"><span class=\"T286Pc\" data-sfc-cp=\"\" data-sfc-root=\"c\" data-sfc-cb=\"\" data-complete=\"true\"><strong class=\"Yjhzub\" data-sfc-root=\"c\" data-sfc-cb=\"\" data-complete=\"true\">Tige Ultral\u00e9g\u00e8re :<\/strong>\u00a0Fabriqu\u00e9e en nylon\u00a0<strong class=\"Yjhzub\" data-sfc-root=\"c\" data-sfc-cb=\"\" data-complete=\"true\">ripstop monofilament<\/strong>\u00a0pour une respirabilit\u00e9 maximale et une grande l\u00e9g\u00e8ret\u00e9 (environ 498g pour une taille 9).<\/span><\/li>\n<li class=\"dF3vjf\" data-sfc-root=\"c\" data-sfc-cb=\"\" data-hveid=\"CAEIBRAB\" data-sae=\"\" data-complete=\"true\"><span class=\"T286Pc\" data-sfc-cp=\"\" data-sfc-root=\"c\" data-sfc-cb=\"\" data-complete=\"true\"><strong class=\"Yjhzub\" data-sfc-root=\"c\" data-sfc-cb=\"\" data-complete=\"true\">Renforcements :<\/strong>\u00a0Comprend un contrefort de talon renforc\u00e9 en PU et une protection d&rsquo;orteils en caoutchouc pour une durabilit\u00e9 accrue dans les zones d&rsquo;usure.<\/span><\/li>\n<li class=\"dF3vjf\" data-sfc-root=\"c\" data-sfc-cb=\"\" data-hveid=\"CAEIBRAC\" data-complete=\"true\" data-processed=\"true\" data-sae=\"\"><span class=\"T286Pc\" data-sfc-cp=\"\" data-sfc-root=\"c\" data-sfc-cb=\"\" data-complete=\"true\" aria-owns=\"action-menu-parent-container\"><strong class=\"Yjhzub\" data-sfc-root=\"c\" data-sfc-cb=\"\" data-complete=\"true\">Construction :<\/strong>\u00a0Utilise une languette fixe et une construction de type \u00ab\u00a0sock-collar\u00a0\u00bb (col chaussette) pour un ajustement pr\u00e9cis et confortable.<\/span><\/li>\n<li class=\"dF3vjf\" data-sfc-root=\"c\" data-sfc-cb=\"\" data-hveid=\"CAEIBxAA\" data-complete=\"true\" data-sae=\"\"><span class=\"T286Pc\" data-sfc-cp=\"\" data-sfc-root=\"c\" data-sfc-cb=\"\" data-complete=\"true\"><strong class=\"Yjhzub\" data-sfc-root=\"c\" data-sfc-cb=\"\" data-complete=\"true\">Assise Plantaire JETSTRIDE\u2122 :<\/strong>\u00a0Une semelle int\u00e9rieure double densit\u00e9 (PU et eTPU) qui absorbe efficacement les forces d&rsquo;impact \u00e0 chaque pas.<\/span><\/li>\n<li class=\"dF3vjf\" data-sfc-root=\"c\" data-sfc-cb=\"\" data-hveid=\"CAEIBxAB\" data-complete=\"true\" data-sae=\"\"><span class=\"T286Pc\" data-sfc-cp=\"\" data-sfc-root=\"c\" data-sfc-cb=\"\" data-complete=\"true\"><strong class=\"Yjhzub\" data-sfc-root=\"c\" data-sfc-cb=\"\" data-complete=\"true\">Semelle Intercalaire :<\/strong>\u00a0En EVA inject\u00e9 \u00e0 haut rebond pour un amorti dynamique.<\/span><\/li>\n<li class=\"dF3vjf\" data-sfc-root=\"c\" data-sfc-cb=\"\" data-hveid=\"CAEIBxAC\" data-complete=\"true\" data-sae=\"\"><span class=\"T286Pc\" data-sfc-cp=\"\" data-sfc-root=\"c\" data-sfc-cb=\"\" data-complete=\"true\" aria-owns=\"action-menu-parent-container\"><strong class=\"Yjhzub\" data-sfc-root=\"c\" data-sfc-cb=\"\" data-complete=\"true\">Doublure Superflex :<\/strong>\u00a0Respirante et \u00e9vacuant l&rsquo;humidit\u00e9 pour garder le pied au sec.<\/span><\/li>\n<li class=\"dF3vjf\" data-sfc-root=\"c\" data-sfc-cb=\"\" data-hveid=\"CAEICRAA\" data-complete=\"true\" data-sae=\"\"><span class=\"T286Pc\" data-sfc-cp=\"\" data-sfc-root=\"c\" data-sfc-cb=\"\" data-complete=\"true\"><strong class=\"Yjhzub\" data-sfc-root=\"c\" data-sfc-cb=\"\" data-complete=\"true\">Protection 100 % sans m\u00e9tal :<\/strong>\u00a0Utilise la technologie\u00a0<strong class=\"Yjhzub\" data-sfc-root=\"c\" data-sfc-cb=\"\" data-complete=\"true\">TERRA FIRMA-FLEX\u00ae<\/strong>.<\/span><\/li>\n<li class=\"dF3vjf\" data-sfc-root=\"c\" data-sfc-cb=\"\" data-hveid=\"CAEICRAB\" data-complete=\"true\" data-sae=\"\"><span class=\"T286Pc\" data-sfc-cp=\"\" data-sfc-root=\"c\" data-sfc-cb=\"\" data-complete=\"true\"><strong class=\"Yjhzub\" data-sfc-root=\"c\" data-sfc-cb=\"\" data-complete=\"true\">Embout KRYPTOE\u00ae :<\/strong>\u00a0Un embout de s\u00e9curit\u00e9 en\u00a0<strong class=\"Yjhzub\" data-sfc-root=\"c\" data-sfc-cb=\"\" data-complete=\"true\">nanocomposite<\/strong>\u00a0certifi\u00e9 CSA Classe 1, plus l\u00e9ger qu&rsquo;un embout composite standard.<\/span><\/li>\n<li class=\"dF3vjf\" data-sfc-root=\"c\" data-sfc-cb=\"\" data-hveid=\"CAEICRAC\" data-complete=\"true\" data-sae=\"\"><span class=\"T286Pc\" data-sfc-cp=\"\" data-sfc-root=\"c\" data-sfc-cb=\"\" data-complete=\"true\"><strong class=\"Yjhzub\" data-sfc-root=\"c\" data-sfc-cb=\"\" data-complete=\"true\">Plaque de Semelle :<\/strong>\u00a0R\u00e9sistante aux perforations en composite.<\/span><\/li>\n<li class=\"dF3vjf\" data-sfc-root=\"c\" data-sfc-cb=\"\" data-hveid=\"CAEICRAD\" data-complete=\"true\" data-sae=\"\"><span class=\"T286Pc\" data-sfc-cp=\"\" data-sfc-root=\"c\" data-sfc-cb=\"\" data-complete=\"true\"><strong class=\"Yjhzub\" data-sfc-root=\"c\" data-sfc-cb=\"\" data-complete=\"true\">Norme SD+ :<\/strong>\u00a0Offre une protection\u00a0<strong class=\"Yjhzub\" data-sfc-root=\"c\" data-sfc-cb=\"\" data-complete=\"true\">super antistatique<\/strong>.<\/span><\/li>\n<li class=\"dF3vjf\" data-sfc-root=\"c\" data-sfc-cb=\"\" data-hveid=\"CAEICRAE\" data-complete=\"true\" data-sae=\"\"><span class=\"T286Pc\" data-sfc-cp=\"\" data-sfc-root=\"c\" data-sfc-cb=\"\" data-complete=\"true\" aria-owns=\"action-menu-parent-container\"><strong class=\"Yjhzub\" data-sfc-root=\"c\" data-sfc-cb=\"\" data-complete=\"true\">Semelle d&rsquo;usure :<\/strong>\u00a0En caoutchouc antid\u00e9rapant avec un canal central \u00e9vid\u00e9 et une plaque de support en TPU pour la stabilit\u00e9.<\/span><\/li>\n<\/ul>\n<p>Ce mod\u00e8le est particuli\u00e8rement adapt\u00e9 aux travailleurs qui bougent beaucoup et qui recherchent le confort d&rsquo;une chaussure de course avec les normes de s\u00e9curit\u00e9 industrielles.<\/p>\n<p><em><span style=\"color: #fa0b0b;\">Unisex U.S. men's sizes presented. To convert to U.S. women's size, add 2 sizes. Example: 5 U.S. men = 7 U.S. women<\/span><\/em><\/p>\n<p><img decoding=\"async\" class=\"alignnone wp-image-40620\" src=\"https:\/\/autravail.ca\/wp-content\/uploads\/2025\/09\/Jachete-quebec-et-canada.jpg\" alt=\"Logo de l'achat local\" width=\"162\" height=\"139\" \/>Merci d&rsquo;encourager une entreprise 100% d&rsquo;ici!<\/p>\n<p>TS2603H<\/p>","protected":false},"excerpt":{"rendered":"<p>Soulier de travail Lite SD &#8211; 4NS2BB Soulier de travail Lite SD &#8211; 4NS2BB de Terra fait partie de la collection\u00a0Terra Lites. Il s&rsquo;agit d&rsquo;une chaussure de s\u00e9curit\u00e9 athl\u00e9tique \u00e0 coupe basse, con\u00e7ue pour \u00eatre extr\u00eamement l\u00e9g\u00e8re et flexible tout en offrant une protection compl\u00e8te. Caract\u00e9ristiques: Tige Ultral\u00e9g\u00e8re :\u00a0Fabriqu\u00e9e en nylon\u00a0ripstop monofilament\u00a0pour une respirabilit\u00e9 maximale [&hellip;]<\/p>","protected":false},"featured_media":22544,"comment_status":"open","ping_status":"closed","template":"","meta":[],"product_cat":[633,602],"product_tag":[270,255,242,261,253,283],"class_list":{"0":"post-36654","1":"product","2":"type-product","3":"status-publish","4":"has-post-thumbnail","6":"product_brand-terra","7":"product_cat-femmes","8":"product_cat-hommes","9":"product_tag-espadrilles-de-travail","10":"product_tag-femme","11":"product_tag-homme","12":"product_tag-novago","13":"product_tag-sole-protection","14":"product_tag-static-dissipative","16":"first","17":"instock","18":"taxable","19":"shipping-taxable","20":"purchasable","21":"product-type-variable"},"yoast_head":"<!-- This site is optimized with the Yoast SEO plugin v25.3.1 - https:\/\/yoast.com\/wordpress\/plugins\/seo\/ -->\n<title>Soulier de travail Lite SD - 4NS2BB - Le Magasin Industriel<\/title>\n<meta name=\"description\" content=\"Soulier de travail Lite SD - 4NS2BB athl\u00e9tique \u00e0 coupe basse, con\u00e7ue pour \u00eatre extr\u00eamement l\u00e9g\u00e8re et flexible, sans m\u00e9tal\" \/>\n<meta name=\"robots\" content=\"index, follow, max-snippet:-1, max-image-preview:large, max-video-preview:-1\" \/>\n<link rel=\"canonical\" href=\"https:\/\/autravail.ca\/en\/product\/soulier-de-travail-lite-sd-4ns2bb\/\" \/>\n<meta property=\"og:locale\" content=\"en_US\" \/>\n<meta property=\"og:type\" content=\"article\" \/>\n<meta property=\"og:title\" content=\"Soulier de travail Lite SD - 4NS2BB - Le Magasin Industriel\" \/>\n<meta property=\"og:description\" content=\"Soulier de travail Lite SD - 4NS2BB athl\u00e9tique \u00e0 coupe basse, con\u00e7ue pour \u00eatre extr\u00eamement l\u00e9g\u00e8re et flexible, sans m\u00e9tal\" \/>\n<meta property=\"og:url\" content=\"https:\/\/autravail.ca\/en\/product\/soulier-de-travail-lite-sd-4ns2bb\/\" \/>\n<meta property=\"og:site_name\" content=\"Le Magasin Industriel\" \/>\n<meta property=\"article:publisher\" content=\"https:\/\/www.facebook.com\/lemagasinindustriel\/?locale=fr_FR\" \/>\n<meta property=\"article:modified_time\" content=\"2026-03-31T16:41:04+00:00\" \/>\n<meta property=\"og:image\" content=\"https:\/\/autravail.ca\/wp-content\/uploads\/2025\/05\/4NS2BB_A01.jpg\" \/>\n\t<meta property=\"og:image:width\" content=\"1000\" \/>\n\t<meta property=\"og:image:height\" content=\"1000\" \/>\n\t<meta property=\"og:image:type\" content=\"image\/jpeg\" \/>\n<meta name=\"twitter:card\" content=\"summary_large_image\" \/>\n<meta name=\"twitter:label1\" content=\"Est. reading time\" \/>\n\t<meta name=\"twitter:data1\" content=\"2 minutes\" \/>\n<script type=\"application\/ld+json\" class=\"yoast-schema-graph\">{\"@context\":\"https:\/\/schema.org\",\"@graph\":[{\"@type\":\"WebPage\",\"@id\":\"https:\/\/autravail.ca\/product\/soulier-de-travail-lite-sd-4ns2bb\/\",\"url\":\"https:\/\/autravail.ca\/product\/soulier-de-travail-lite-sd-4ns2bb\/\",\"name\":\"Soulier de travail Lite SD - 4NS2BB - Le Magasin Industriel\",\"isPartOf\":{\"@id\":\"https:\/\/autravail.ca\/#website\"},\"primaryImageOfPage\":{\"@id\":\"https:\/\/autravail.ca\/product\/soulier-de-travail-lite-sd-4ns2bb\/#primaryimage\"},\"image\":{\"@id\":\"https:\/\/autravail.ca\/product\/soulier-de-travail-lite-sd-4ns2bb\/#primaryimage\"},\"thumbnailUrl\":\"https:\/\/autravail.ca\/wp-content\/uploads\/2025\/05\/4NS2BB_A01.jpg\",\"datePublished\":\"2025-05-08T07:56:55+00:00\",\"dateModified\":\"2026-03-31T16:41:04+00:00\",\"description\":\"Soulier de travail Lite SD - 4NS2BB athl\u00e9tique \u00e0 coupe basse, con\u00e7ue pour \u00eatre extr\u00eamement l\u00e9g\u00e8re et flexible, sans m\u00e9tal\",\"breadcrumb\":{\"@id\":\"https:\/\/autravail.ca\/product\/soulier-de-travail-lite-sd-4ns2bb\/#breadcrumb\"},\"inLanguage\":\"en-CA\",\"potentialAction\":[{\"@type\":\"ReadAction\",\"target\":[\"https:\/\/autravail.ca\/product\/soulier-de-travail-lite-sd-4ns2bb\/\"]}]},{\"@type\":\"ImageObject\",\"inLanguage\":\"en-CA\",\"@id\":\"https:\/\/autravail.ca\/product\/soulier-de-travail-lite-sd-4ns2bb\/#primaryimage\",\"url\":\"https:\/\/autravail.ca\/wp-content\/uploads\/2025\/05\/4NS2BB_A01.jpg\",\"contentUrl\":\"https:\/\/autravail.ca\/wp-content\/uploads\/2025\/05\/4NS2BB_A01.jpg\",\"width\":1000,\"height\":1000,\"caption\":\"Soulier de travail Lite SD - 4NS2BB\"},{\"@type\":\"BreadcrumbList\",\"@id\":\"https:\/\/autravail.ca\/product\/soulier-de-travail-lite-sd-4ns2bb\/#breadcrumb\",\"itemListElement\":[{\"@type\":\"ListItem\",\"position\":1,\"name\":\"Accueil\",\"item\":\"https:\/\/autravail.ca\/\"},{\"@type\":\"ListItem\",\"position\":2,\"name\":\"Magasin\",\"item\":\"https:\/\/autravail.ca\/en\/shop\/\"},{\"@type\":\"ListItem\",\"position\":3,\"name\":\"Soulier de travail Lite SD &#8211; 4NS2BB\"}]},{\"@type\":\"WebSite\",\"@id\":\"https:\/\/autravail.ca\/#website\",\"url\":\"https:\/\/autravail.ca\/\",\"name\":\"Le Magasin Industriel\",\"description\":\"50 ans de tradition de s\u00e9curit\u00e9 au travail\",\"publisher\":{\"@id\":\"https:\/\/autravail.ca\/#organization\"},\"potentialAction\":[{\"@type\":\"SearchAction\",\"target\":{\"@type\":\"EntryPoint\",\"urlTemplate\":\"https:\/\/autravail.ca\/?s={search_term_string}\"},\"query-input\":{\"@type\":\"PropertyValueSpecification\",\"valueRequired\":true,\"valueName\":\"search_term_string\"}}],\"inLanguage\":\"en-CA\"},{\"@type\":\"Organization\",\"@id\":\"https:\/\/autravail.ca\/#organization\",\"name\":\"Le Magasin Industriel\",\"url\":\"https:\/\/autravail.ca\/\",\"logo\":{\"@type\":\"ImageObject\",\"inLanguage\":\"en-CA\",\"@id\":\"https:\/\/autravail.ca\/#\/schema\/logo\/image\/\",\"url\":\"https:\/\/autravail.ca\/wp-content\/uploads\/2025\/05\/cropped-magasin_industriel_120x.avif\",\"contentUrl\":\"https:\/\/autravail.ca\/wp-content\/uploads\/2025\/05\/cropped-magasin_industriel_120x.avif\",\"width\":120,\"height\":24,\"caption\":\"Le Magasin Industriel\"},\"image\":{\"@id\":\"https:\/\/autravail.ca\/#\/schema\/logo\/image\/\"},\"sameAs\":[\"https:\/\/www.facebook.com\/lemagasinindustriel\/?locale=fr_FR\"]}]}<\/script>\n<!-- \/ Yoast SEO plugin. -->","yoast_head_json":{"title":"Soulier de travail Lite SD - 4NS2BB - Le Magasin Industriel","description":"Soulier de travail Lite SD - 4NS2BB athl\u00e9tique \u00e0 coupe basse, con\u00e7ue pour \u00eatre extr\u00eamement l\u00e9g\u00e8re et flexible, sans m\u00e9tal","robots":{"index":"index","follow":"follow","max-snippet":"max-snippet:-1","max-image-preview":"max-image-preview:large","max-video-preview":"max-video-preview:-1"},"canonical":"https:\/\/autravail.ca\/en\/product\/soulier-de-travail-lite-sd-4ns2bb\/","og_locale":"en_US","og_type":"article","og_title":"Soulier de travail Lite SD - 4NS2BB - Le Magasin Industriel","og_description":"Soulier de travail Lite SD - 4NS2BB athl\u00e9tique \u00e0 coupe basse, con\u00e7ue pour \u00eatre extr\u00eamement l\u00e9g\u00e8re et flexible, sans m\u00e9tal","og_url":"https:\/\/autravail.ca\/en\/product\/soulier-de-travail-lite-sd-4ns2bb\/","og_site_name":"Le Magasin Industriel","article_publisher":"https:\/\/www.facebook.com\/lemagasinindustriel\/?locale=fr_FR","article_modified_time":"2026-03-31T16:41:04+00:00","og_image":[{"width":1000,"height":1000,"url":"https:\/\/autravail.ca\/wp-content\/uploads\/2025\/05\/4NS2BB_A01.jpg","type":"image\/jpeg"}],"twitter_card":"summary_large_image","twitter_misc":{"Est. reading time":"2 minutes"},"schema":{"@context":"https:\/\/schema.org","@graph":[{"@type":"WebPage","@id":"https:\/\/autravail.ca\/product\/soulier-de-travail-lite-sd-4ns2bb\/","url":"https:\/\/autravail.ca\/product\/soulier-de-travail-lite-sd-4ns2bb\/","name":"Soulier de travail Lite SD - 4NS2BB - Le Magasin Industriel","isPartOf":{"@id":"https:\/\/autravail.ca\/#website"},"primaryImageOfPage":{"@id":"https:\/\/autravail.ca\/product\/soulier-de-travail-lite-sd-4ns2bb\/#primaryimage"},"image":{"@id":"https:\/\/autravail.ca\/product\/soulier-de-travail-lite-sd-4ns2bb\/#primaryimage"},"thumbnailUrl":"https:\/\/autravail.ca\/wp-content\/uploads\/2025\/05\/4NS2BB_A01.jpg","datePublished":"2025-05-08T07:56:55+00:00","dateModified":"2026-03-31T16:41:04+00:00","description":"Soulier de travail Lite SD - 4NS2BB athl\u00e9tique \u00e0 coupe basse, con\u00e7ue pour \u00eatre extr\u00eamement l\u00e9g\u00e8re et flexible, sans m\u00e9tal","breadcrumb":{"@id":"https:\/\/autravail.ca\/product\/soulier-de-travail-lite-sd-4ns2bb\/#breadcrumb"},"inLanguage":"en-CA","potentialAction":[{"@type":"ReadAction","target":["https:\/\/autravail.ca\/product\/soulier-de-travail-lite-sd-4ns2bb\/"]}]},{"@type":"ImageObject","inLanguage":"en-CA","@id":"https:\/\/autravail.ca\/product\/soulier-de-travail-lite-sd-4ns2bb\/#primaryimage","url":"https:\/\/autravail.ca\/wp-content\/uploads\/2025\/05\/4NS2BB_A01.jpg","contentUrl":"https:\/\/autravail.ca\/wp-content\/uploads\/2025\/05\/4NS2BB_A01.jpg","width":1000,"height":1000,"caption":"Soulier de travail Lite SD - 4NS2BB"},{"@type":"BreadcrumbList","@id":"https:\/\/autravail.ca\/product\/soulier-de-travail-lite-sd-4ns2bb\/#breadcrumb","itemListElement":[{"@type":"ListItem","position":1,"name":"Accueil","item":"https:\/\/autravail.ca\/"},{"@type":"ListItem","position":2,"name":"Magasin","item":"https:\/\/autravail.ca\/en\/shop\/"},{"@type":"ListItem","position":3,"name":"Soulier de travail Lite SD &#8211; 4NS2BB"}]},{"@type":"WebSite","@id":"https:\/\/autravail.ca\/#website","url":"https:\/\/autravail.ca\/","name":"Le Magasin Industriel","description":"50 ans de tradition de s\u00e9curit\u00e9 au travail","publisher":{"@id":"https:\/\/autravail.ca\/#organization"},"potentialAction":[{"@type":"SearchAction","target":{"@type":"EntryPoint","urlTemplate":"https:\/\/autravail.ca\/?s={search_term_string}"},"query-input":{"@type":"PropertyValueSpecification","valueRequired":true,"valueName":"search_term_string"}}],"inLanguage":"en-CA"},{"@type":"Organization","@id":"https:\/\/autravail.ca\/#organization","name":"Le Magasin Industriel","url":"https:\/\/autravail.ca\/","logo":{"@type":"ImageObject","inLanguage":"en-CA","@id":"https:\/\/autravail.ca\/#\/schema\/logo\/image\/","url":"https:\/\/autravail.ca\/wp-content\/uploads\/2025\/05\/cropped-magasin_industriel_120x.avif","contentUrl":"https:\/\/autravail.ca\/wp-content\/uploads\/2025\/05\/cropped-magasin_industriel_120x.avif","width":120,"height":24,"caption":"Le Magasin Industriel"},"image":{"@id":"https:\/\/autravail.ca\/#\/schema\/logo\/image\/"},"sameAs":["https:\/\/www.facebook.com\/lemagasinindustriel\/?locale=fr_FR"]}]}},"jetpack_sharing_enabled":true,"_links":{"self":[{"href":"https:\/\/autravail.ca\/en\/wp-json\/wp\/v2\/product\/36654","targetHints":{"allow":["GET"]}}],"collection":[{"href":"https:\/\/autravail.ca\/en\/wp-json\/wp\/v2\/product"}],"about":[{"href":"https:\/\/autravail.ca\/en\/wp-json\/wp\/v2\/types\/product"}],"replies":[{"embeddable":true,"href":"https:\/\/autravail.ca\/en\/wp-json\/wp\/v2\/comments?post=36654"}],"wp:featuredmedia":[{"embeddable":true,"href":"https:\/\/autravail.ca\/en\/wp-json\/wp\/v2\/media\/22544"}],"wp:attachment":[{"href":"https:\/\/autravail.ca\/en\/wp-json\/wp\/v2\/media?parent=36654"}],"wp:term":[{"taxonomy":"product_cat","embeddable":true,"href":"https:\/\/autravail.ca\/en\/wp-json\/wp\/v2\/product_cat?post=36654"},{"taxonomy":"product_tag","embeddable":true,"href":"https:\/\/autravail.ca\/en\/wp-json\/wp\/v2\/product_tag?post=36654"}],"curies":[{"name":"wp","href":"https:\/\/api.w.org\/{rel}","templated":true}]}}