{"id":36639,"date":"2025-05-08T07:56:29","date_gmt":"2025-05-08T07:56:29","guid":{"rendered":"https:\/\/meteoquebec.ca\/?post_type=product&#038;p=36639"},"modified":"2026-01-29T13:51:25","modified_gmt":"2026-01-29T17:51:25","slug":"soulier-de-travail-timberland-endurance-91670","status":"publish","type":"product","link":"https:\/\/autravail.ca\/en\/product\/soulier-de-travail-timberland-endurance-91670\/","title":{"rendered":"Soulier de travail Timberland Endurance &#8211; 91670"},"content":{"rendered":"<h3>Soulier de travail Timberland Endurance &#8211; 91670<\/h3>\n<p>La chaussure de s\u00e9curit\u00e9 <a href=\"https:\/\/autravail.ca\/en\/product-brand\/timberland-pro\/\">Timberland Pro<\/a> Endurance est con\u00e7ue pour offrir une protection compl\u00e8te et un confort durable au travail. Son embout de s\u00e9curit\u00e9 en alliage est extra-large pour maximiser l\u2019espace int\u00e9rieur et am\u00e9liorer le confort. Le Soulier de travail Timberland Endurance &#8211; 91670 est parfait pour les travailleurs qui ont le pied large. La tige est fabriqu\u00e9e en cuir pleine fleur Timberland\u00ae de qualit\u00e9 sup\u00e9rieure, avec un renfort arri\u00e8re en cuir Ever-Guard\u2122 r\u00e9sistant \u00e0 l\u2019abrasion. Avec une certification CSA ESR Om\u00e9ga, elle prot\u00e8ge contre les d\u00e9charges \u00e9lectriques et int\u00e8gre une semelle intercalaire en polyur\u00e9thane avec technologie antifatigue, qui absorbe les chocs et restitue l\u2019\u00e9nergie. Une plaque m\u00e9tallique Steel-Flex\u2122 assure une protection antiperforation. La doublure ReBOTL\u2122, compos\u00e9e d\u2019au moins 50 % de plastique recycl\u00e9, est respirante, \u00e9vacue l\u2019humidit\u00e9 et contient un traitement antimicrobien contre les odeurs. La semelle d\u2019usure en caoutchouc est adh\u00e9rente, non marquante et r\u00e9sistante \u00e0 la chaleur.<\/p>\n<p><img decoding=\"async\" class=\"alignnone size-full wp-image-40117\" src=\"https:\/\/autravail.ca\/wp-content\/uploads\/2025\/09\/Certification-Omega-Triangle-vert.jpg\" alt=\"Certifications Om\u00e9ga Triangle vert\" width=\"193\" height=\"110\" srcset=\"https:\/\/autravail.ca\/wp-content\/uploads\/2025\/09\/Certification-Omega-Triangle-vert.jpg 193w, https:\/\/autravail.ca\/wp-content\/uploads\/2025\/09\/Certification-Omega-Triangle-vert-150x85.jpg 150w, https:\/\/autravail.ca\/wp-content\/uploads\/2025\/09\/Certification-Omega-Triangle-vert-18x10.jpg 18w\" sizes=\"(max-width: 193px) 100vw, 193px\" \/><\/p>\n<h4>Characteristics:<\/h4>\n<ul>\n<li class=\"ml-5\">Tige en cuir pleine fleur Timberland\u00ae antirayure de premi\u00e8re qualit\u00e9<\/li>\n<li class=\"ml-5\">Nous sommes membres du Groupe de travail sur le cuir<\/li>\n<li class=\"ml-5\">Tr\u00e8s grand embout de s\u00e9curit\u00e9 asym\u00e9trique en acier pour pieds larges<\/li>\n<li class=\"ml-5\">Protection contre les d\u00e9charges \u00e9lectriques<\/li>\n<li class=\"ml-5\">Cambrion sans m\u00e9tal offrant un soutien structurel<\/li>\n<li class=\"ml-5\">Plaque m\u00e9tallique flexible r\u00e9sistant \u00e0 la perforation<\/li>\n<li class=\"ml-5\">\u00c9l\u00e9ments en polycarbonate<\/li>\n<li class=\"ml-5\">Doublure en filet respirant et \u00e9vacuant l\u2019humidit\u00e9 en tissu ReBOTL\u2122 contenant au moins 50% de plastique recycl\u00e9<\/li>\n<li class=\"ml-5\">Doublure comportant un traitement antimicrobien contr\u00f4lant les odeurs<\/li>\n<li class=\"ml-5\">Assise plantaire en polyur\u00e9thane avec technologie antifatigue offrant amortissement des chocs et retour d\u2019\u00e9nergie<\/li>\n<li class=\"ml-5\">Embout protecteur et renfort arri\u00e8re en cuir Ever-Guard\u2122 r\u00e9sistant \u00e0 l\u2019abrasion<\/li>\n<li class=\"ml-5\">Fabrication \u00e0 l\u2019aide d\u2019une colle favorisant la flexibilit\u00e9<\/li>\n<li class=\"ml-5\">Semelle d\u2019usure en caoutchouc non marquant qui r\u00e9siste au glissement, \u00e0 la chaleur, \u00e0 l\u2019huile et \u00e0 l\u2019abrasion et offre une adh\u00e9rence sup\u00e9rieure<\/li>\n<li class=\"ml-5\">Garantie confort 30 jours<\/li>\n<\/ul>\n<p><img decoding=\"async\" class=\"alignnone wp-image-40620\" src=\"https:\/\/autravail.ca\/wp-content\/uploads\/2025\/09\/Jachete-quebec-et-canada.jpg\" alt=\"Logo de l'achat local\" width=\"162\" height=\"139\" \/>Merci d&rsquo;encourager une entreprise 100% d&rsquo;ici!<\/p>","protected":false},"excerpt":{"rendered":"<p>Vid\u00e9o de pr\u00e9sentation du produit au Magasin Industriel:<\/p>\n<p>https:\/\/youtu.be\/PmD9KWcqcUk<\/p>\n<p>&nbsp;<\/p>","protected":false},"featured_media":40836,"comment_status":"open","ping_status":"closed","template":"","meta":[],"product_cat":[808,602,637,619,810],"product_tag":[252,242,253,257,274],"class_list":{"0":"post-36639","1":"product","2":"type-product","3":"status-publish","4":"has-post-thumbnail","6":"product_brand-timberland-pro","7":"product_cat-espadrilles-de-travail-homme","8":"product_cat-hommes","9":"product_cat-nos-modeles-populaires","10":"product_cat-souliers-de-travail","11":"product_cat-souliers-de-travail-homme","12":"product_tag-electric-shock-resistant","13":"product_tag-homme","14":"product_tag-sole-protection","15":"product_tag-souliers-de-travail","16":"product_tag-vedette","18":"first","19":"instock","20":"taxable","21":"shipping-taxable","22":"purchasable","23":"product-type-variable"},"yoast_head":"<!-- This site is optimized with the Yoast SEO plugin v25.3.1 - https:\/\/yoast.com\/wordpress\/plugins\/seo\/ -->\n<title>Soulier de travail Timberland Endurance - 91670 - Le Magasin Industriel<\/title>\n<meta name=\"description\" content=\"Soulier de travail Timberland Endurance - 91670 de Timberland Pro avec le confort antifatigue, un empeigne tout cuir et une semelle antid\u00e9rapante.\" \/>\n<meta name=\"robots\" content=\"index, follow, max-snippet:-1, max-image-preview:large, max-video-preview:-1\" \/>\n<link rel=\"canonical\" href=\"https:\/\/autravail.ca\/en\/product\/soulier-de-travail-timberland-endurance-91670\/\" \/>\n<meta property=\"og:locale\" content=\"en_US\" \/>\n<meta property=\"og:type\" content=\"article\" \/>\n<meta property=\"og:title\" content=\"Soulier de travail Timberland Endurance - 91670 - Le Magasin Industriel\" \/>\n<meta property=\"og:description\" content=\"Soulier de travail Timberland Endurance - 91670 de Timberland Pro avec le confort antifatigue, un empeigne tout cuir et une semelle antid\u00e9rapante.\" \/>\n<meta property=\"og:url\" content=\"https:\/\/autravail.ca\/en\/product\/soulier-de-travail-timberland-endurance-91670\/\" \/>\n<meta property=\"og:site_name\" content=\"Le Magasin Industriel\" \/>\n<meta property=\"article:publisher\" content=\"https:\/\/www.facebook.com\/lemagasinindustriel\/?locale=fr_FR\" \/>\n<meta property=\"article:modified_time\" content=\"2026-01-29T17:51:25+00:00\" \/>\n<meta property=\"og:image\" content=\"https:\/\/autravail.ca\/wp-content\/uploads\/2025\/05\/91670_A01-1.jpg\" \/>\n\t<meta property=\"og:image:width\" content=\"1000\" \/>\n\t<meta property=\"og:image:height\" content=\"1000\" \/>\n\t<meta property=\"og:image:type\" content=\"image\/jpeg\" \/>\n<meta name=\"twitter:card\" content=\"summary_large_image\" \/>\n<meta name=\"twitter:label1\" content=\"Est. reading time\" \/>\n\t<meta name=\"twitter:data1\" content=\"3 minutes\" \/>\n<script type=\"application\/ld+json\" class=\"yoast-schema-graph\">{\"@context\":\"https:\/\/schema.org\",\"@graph\":[{\"@type\":\"WebPage\",\"@id\":\"https:\/\/autravail.ca\/product\/soulier-de-travail-timberland-endurance-91670\/\",\"url\":\"https:\/\/autravail.ca\/product\/soulier-de-travail-timberland-endurance-91670\/\",\"name\":\"Soulier de travail Timberland Endurance - 91670 - Le Magasin Industriel\",\"isPartOf\":{\"@id\":\"https:\/\/autravail.ca\/#website\"},\"primaryImageOfPage\":{\"@id\":\"https:\/\/autravail.ca\/product\/soulier-de-travail-timberland-endurance-91670\/#primaryimage\"},\"image\":{\"@id\":\"https:\/\/autravail.ca\/product\/soulier-de-travail-timberland-endurance-91670\/#primaryimage\"},\"thumbnailUrl\":\"https:\/\/autravail.ca\/wp-content\/uploads\/2025\/05\/91670_A01-1.jpg\",\"datePublished\":\"2025-05-08T07:56:29+00:00\",\"dateModified\":\"2026-01-29T17:51:25+00:00\",\"description\":\"Soulier de travail Timberland Endurance - 91670 de Timberland Pro avec le confort antifatigue, un empeigne tout cuir et une semelle antid\u00e9rapante.\",\"breadcrumb\":{\"@id\":\"https:\/\/autravail.ca\/product\/soulier-de-travail-timberland-endurance-91670\/#breadcrumb\"},\"inLanguage\":\"en-CA\",\"potentialAction\":[{\"@type\":\"ReadAction\",\"target\":[\"https:\/\/autravail.ca\/product\/soulier-de-travail-timberland-endurance-91670\/\"]}]},{\"@type\":\"ImageObject\",\"inLanguage\":\"en-CA\",\"@id\":\"https:\/\/autravail.ca\/product\/soulier-de-travail-timberland-endurance-91670\/#primaryimage\",\"url\":\"https:\/\/autravail.ca\/wp-content\/uploads\/2025\/05\/91670_A01-1.jpg\",\"contentUrl\":\"https:\/\/autravail.ca\/wp-content\/uploads\/2025\/05\/91670_A01-1.jpg\",\"width\":1000,\"height\":1000,\"caption\":\"Soulier de travail Timberland Endurance - 91670\"},{\"@type\":\"BreadcrumbList\",\"@id\":\"https:\/\/autravail.ca\/product\/soulier-de-travail-timberland-endurance-91670\/#breadcrumb\",\"itemListElement\":[{\"@type\":\"ListItem\",\"position\":1,\"name\":\"Accueil\",\"item\":\"https:\/\/autravail.ca\/\"},{\"@type\":\"ListItem\",\"position\":2,\"name\":\"Magasin\",\"item\":\"https:\/\/autravail.ca\/en\/shop\/\"},{\"@type\":\"ListItem\",\"position\":3,\"name\":\"Soulier de travail Timberland Endurance &#8211; 91670\"}]},{\"@type\":\"WebSite\",\"@id\":\"https:\/\/autravail.ca\/#website\",\"url\":\"https:\/\/autravail.ca\/\",\"name\":\"Le Magasin Industriel\",\"description\":\"50 ans de tradition de s\u00e9curit\u00e9 au travail\",\"publisher\":{\"@id\":\"https:\/\/autravail.ca\/#organization\"},\"potentialAction\":[{\"@type\":\"SearchAction\",\"target\":{\"@type\":\"EntryPoint\",\"urlTemplate\":\"https:\/\/autravail.ca\/?s={search_term_string}\"},\"query-input\":{\"@type\":\"PropertyValueSpecification\",\"valueRequired\":true,\"valueName\":\"search_term_string\"}}],\"inLanguage\":\"en-CA\"},{\"@type\":\"Organization\",\"@id\":\"https:\/\/autravail.ca\/#organization\",\"name\":\"Le Magasin Industriel\",\"url\":\"https:\/\/autravail.ca\/\",\"logo\":{\"@type\":\"ImageObject\",\"inLanguage\":\"en-CA\",\"@id\":\"https:\/\/autravail.ca\/#\/schema\/logo\/image\/\",\"url\":\"https:\/\/autravail.ca\/wp-content\/uploads\/2025\/05\/cropped-magasin_industriel_120x.avif\",\"contentUrl\":\"https:\/\/autravail.ca\/wp-content\/uploads\/2025\/05\/cropped-magasin_industriel_120x.avif\",\"width\":120,\"height\":24,\"caption\":\"Le Magasin Industriel\"},\"image\":{\"@id\":\"https:\/\/autravail.ca\/#\/schema\/logo\/image\/\"},\"sameAs\":[\"https:\/\/www.facebook.com\/lemagasinindustriel\/?locale=fr_FR\"]}]}<\/script>\n<!-- \/ Yoast SEO plugin. -->","yoast_head_json":{"title":"Soulier de travail Timberland Endurance - 91670 - Le Magasin Industriel","description":"Soulier de travail Timberland Endurance - 91670 de Timberland Pro avec le confort antifatigue, un empeigne tout cuir et une semelle antid\u00e9rapante.","robots":{"index":"index","follow":"follow","max-snippet":"max-snippet:-1","max-image-preview":"max-image-preview:large","max-video-preview":"max-video-preview:-1"},"canonical":"https:\/\/autravail.ca\/en\/product\/soulier-de-travail-timberland-endurance-91670\/","og_locale":"en_US","og_type":"article","og_title":"Soulier de travail Timberland Endurance - 91670 - Le Magasin Industriel","og_description":"Soulier de travail Timberland Endurance - 91670 de Timberland Pro avec le confort antifatigue, un empeigne tout cuir et une semelle antid\u00e9rapante.","og_url":"https:\/\/autravail.ca\/en\/product\/soulier-de-travail-timberland-endurance-91670\/","og_site_name":"Le Magasin Industriel","article_publisher":"https:\/\/www.facebook.com\/lemagasinindustriel\/?locale=fr_FR","article_modified_time":"2026-01-29T17:51:25+00:00","og_image":[{"width":1000,"height":1000,"url":"https:\/\/autravail.ca\/wp-content\/uploads\/2025\/05\/91670_A01-1.jpg","type":"image\/jpeg"}],"twitter_card":"summary_large_image","twitter_misc":{"Est. reading time":"3 minutes"},"schema":{"@context":"https:\/\/schema.org","@graph":[{"@type":"WebPage","@id":"https:\/\/autravail.ca\/product\/soulier-de-travail-timberland-endurance-91670\/","url":"https:\/\/autravail.ca\/product\/soulier-de-travail-timberland-endurance-91670\/","name":"Soulier de travail Timberland Endurance - 91670 - Le Magasin Industriel","isPartOf":{"@id":"https:\/\/autravail.ca\/#website"},"primaryImageOfPage":{"@id":"https:\/\/autravail.ca\/product\/soulier-de-travail-timberland-endurance-91670\/#primaryimage"},"image":{"@id":"https:\/\/autravail.ca\/product\/soulier-de-travail-timberland-endurance-91670\/#primaryimage"},"thumbnailUrl":"https:\/\/autravail.ca\/wp-content\/uploads\/2025\/05\/91670_A01-1.jpg","datePublished":"2025-05-08T07:56:29+00:00","dateModified":"2026-01-29T17:51:25+00:00","description":"Soulier de travail Timberland Endurance - 91670 de Timberland Pro avec le confort antifatigue, un empeigne tout cuir et une semelle antid\u00e9rapante.","breadcrumb":{"@id":"https:\/\/autravail.ca\/product\/soulier-de-travail-timberland-endurance-91670\/#breadcrumb"},"inLanguage":"en-CA","potentialAction":[{"@type":"ReadAction","target":["https:\/\/autravail.ca\/product\/soulier-de-travail-timberland-endurance-91670\/"]}]},{"@type":"ImageObject","inLanguage":"en-CA","@id":"https:\/\/autravail.ca\/product\/soulier-de-travail-timberland-endurance-91670\/#primaryimage","url":"https:\/\/autravail.ca\/wp-content\/uploads\/2025\/05\/91670_A01-1.jpg","contentUrl":"https:\/\/autravail.ca\/wp-content\/uploads\/2025\/05\/91670_A01-1.jpg","width":1000,"height":1000,"caption":"Soulier de travail Timberland Endurance - 91670"},{"@type":"BreadcrumbList","@id":"https:\/\/autravail.ca\/product\/soulier-de-travail-timberland-endurance-91670\/#breadcrumb","itemListElement":[{"@type":"ListItem","position":1,"name":"Accueil","item":"https:\/\/autravail.ca\/"},{"@type":"ListItem","position":2,"name":"Magasin","item":"https:\/\/autravail.ca\/en\/shop\/"},{"@type":"ListItem","position":3,"name":"Soulier de travail Timberland Endurance &#8211; 91670"}]},{"@type":"WebSite","@id":"https:\/\/autravail.ca\/#website","url":"https:\/\/autravail.ca\/","name":"Le Magasin Industriel","description":"50 ans de tradition de s\u00e9curit\u00e9 au travail","publisher":{"@id":"https:\/\/autravail.ca\/#organization"},"potentialAction":[{"@type":"SearchAction","target":{"@type":"EntryPoint","urlTemplate":"https:\/\/autravail.ca\/?s={search_term_string}"},"query-input":{"@type":"PropertyValueSpecification","valueRequired":true,"valueName":"search_term_string"}}],"inLanguage":"en-CA"},{"@type":"Organization","@id":"https:\/\/autravail.ca\/#organization","name":"Le Magasin Industriel","url":"https:\/\/autravail.ca\/","logo":{"@type":"ImageObject","inLanguage":"en-CA","@id":"https:\/\/autravail.ca\/#\/schema\/logo\/image\/","url":"https:\/\/autravail.ca\/wp-content\/uploads\/2025\/05\/cropped-magasin_industriel_120x.avif","contentUrl":"https:\/\/autravail.ca\/wp-content\/uploads\/2025\/05\/cropped-magasin_industriel_120x.avif","width":120,"height":24,"caption":"Le Magasin Industriel"},"image":{"@id":"https:\/\/autravail.ca\/#\/schema\/logo\/image\/"},"sameAs":["https:\/\/www.facebook.com\/lemagasinindustriel\/?locale=fr_FR"]}]}},"jetpack_sharing_enabled":true,"_links":{"self":[{"href":"https:\/\/autravail.ca\/en\/wp-json\/wp\/v2\/product\/36639","targetHints":{"allow":["GET"]}}],"collection":[{"href":"https:\/\/autravail.ca\/en\/wp-json\/wp\/v2\/product"}],"about":[{"href":"https:\/\/autravail.ca\/en\/wp-json\/wp\/v2\/types\/product"}],"replies":[{"embeddable":true,"href":"https:\/\/autravail.ca\/en\/wp-json\/wp\/v2\/comments?post=36639"}],"wp:featuredmedia":[{"embeddable":true,"href":"https:\/\/autravail.ca\/en\/wp-json\/wp\/v2\/media\/40836"}],"wp:attachment":[{"href":"https:\/\/autravail.ca\/en\/wp-json\/wp\/v2\/media?parent=36639"}],"wp:term":[{"taxonomy":"product_cat","embeddable":true,"href":"https:\/\/autravail.ca\/en\/wp-json\/wp\/v2\/product_cat?post=36639"},{"taxonomy":"product_tag","embeddable":true,"href":"https:\/\/autravail.ca\/en\/wp-json\/wp\/v2\/product_tag?post=36639"}],"curies":[{"name":"wp","href":"https:\/\/api.w.org\/{rel}","templated":true}]}}