{"id":36636,"date":"2025-05-08T07:56:28","date_gmt":"2025-05-08T07:56:28","guid":{"rendered":"https:\/\/meteoquebec.ca\/?post_type=product&#038;p=36636"},"modified":"2026-01-15T13:13:52","modified_gmt":"2026-01-15T17:13:52","slug":"baffin-chaussette-dexpedition-polaire-sock-u003","status":"publish","type":"product","link":"https:\/\/autravail.ca\/en\/product\/baffin-chaussette-dexpedition-polaire-sock-u003\/","title":{"rendered":"Bas d&rsquo;exp\u00e9dition polaire SOCK-U003"},"content":{"rendered":"<h3>Bas d&rsquo;exp\u00e9dition polaire SOCK-U003<\/h3>\n<p>Bas d&rsquo;exp\u00e9dition polaire Sock-U003 sont suffisamment hautes pour toutes les bottes Baffin, les chaussettes POLAR sont sp\u00e9cialement con\u00e7ues pour \u00eatre utilis\u00e9es avec les syst\u00e8mes de chaussons Baffin. Avec leurs zones d&rsquo;impact renforc\u00e9es et leur soutien de la vo\u00fbte plantaire et de la cheville pour un ajustement pr\u00e9cis et une protection anti-fatigue, les chaussettes POLAR sont compos\u00e9es d&rsquo;un m\u00e9lange \u00e9tudi\u00e9 de fibres naturelles et synth\u00e9tiques pour une performance maximale.<\/p>\n<h4>ACTIVIT\u00c9 RECOMMAND\u00c9E:<\/h4>\n<p><strong><span dir=\"auto\">Raquettes \u00e0 neige :<\/span><\/strong><span dir=\"auto\">\u00a0Chaussures l\u00e9g\u00e8res et chaudes pour la randonn\u00e9e en raquettes<\/span><\/p>\n<p><strong><span dir=\"auto\">Chasse et p\u00eache :<\/span><\/strong><span dir=\"auto\">\u00a0Pr\u00eat pour l&rsquo;action<\/span><\/p>\n<p><strong><span dir=\"auto\">P\u00eache sur glace\u00a0:<\/span><\/strong><span dir=\"auto\">\u00a0bottes pour conditions m\u00e9t\u00e9orologiques extr\u00eames avec isolation fiable<\/span><\/p>\n<p><strong><span dir=\"auto\">Sports motoris\u00e9s :<\/span><\/strong><span dir=\"auto\">\u00a0des \u00e9quipements pour climat froid pour des performances optimales<\/span><\/p>\n<p><strong><span dir=\"auto\">Randonn\u00e9e<\/span><\/strong><span dir=\"auto\">\u00a0: Partez \u00e0 la conqu\u00eate de nouveaux sentiers<\/span><\/p>\n<h4>Characteristics:<\/h4>\n<p>Made in Canada.<\/p>\n<h4>TECHNOLOGIE:<\/h4>\n<ul>\n<li><span dir=\"auto\"><span dir=\"auto\">M\u00e9lange de laine m\u00e9rinos \u00e0 mailles fines qui garde les pieds au chaud, au sec et \u00e0 l&rsquo;aise toute l&rsquo;ann\u00e9e<\/span><\/span><\/li>\n<li><span dir=\"auto\"><span dir=\"auto\">Construction en mesh pour un transport rapide de l&rsquo;humidit\u00e9 et une respirabilit\u00e9<\/span><\/span><\/li>\n<li><span dir=\"auto\"><span dir=\"auto\">Double plateau confort con\u00e7u pour prot\u00e9ger les jambes des frottements<\/span><\/span><\/li>\n<li><span dir=\"auto\"><span dir=\"auto\">La semelle \u00e9paisse et enti\u00e8rement coussin\u00e9e offre une absorption des chocs et une meilleure isolation globale<\/span><\/span><\/li>\n<li><span dir=\"auto\"><span dir=\"auto\">Renfort de la vo\u00fbte plantaire pour assurer un ajustement parfait et un soutien suppl\u00e9mentaire<\/span><\/span><\/li>\n<li><span dir=\"auto\"><span dir=\"auto\">Construction ergonomique pour les pieds gauche et droit<\/span><\/span><\/li>\n<\/ul>\n<h4>ENTRETIEN:<\/h4>\n<ul>\n<li><strong><span dir=\"auto\">Sp\u00e9cifications:<\/span><\/strong><span dir=\"auto\">Mat\u00e9riel:<\/span>\n<ul>\n<li><span dir=\"auto\">70% m\u00e9rinos<\/span><\/li>\n<li><span dir=\"auto\">25 % nylon<\/span><\/li>\n<li><span dir=\"auto\">5% \u00e9lasthanne<\/span><\/li>\n<li><span dir=\"auto\">Poids : 0,70 lb<\/span><\/li>\n<\/ul>\n<p><strong><span dir=\"auto\">Soins:<\/span><\/strong><\/p>\n<ul>\n<li><span dir=\"auto\">Lavage en machine \u00e0 chaud, laver \u00e0 l&rsquo;envers ; ne pas blanchir ; s\u00e9cher par culbutage \u00e0 basse temp\u00e9rature ; ne pas repasser ; ne pas nettoyer \u00e0 sec.<\/span><\/li>\n<\/ul>\n<p><strong><span dir=\"auto\">Stockage:<\/span><\/strong><\/p>\n<ul>\n<li><span dir=\"auto\">Enlevez toute la salet\u00e9 et les d\u00e9bris du caoutchouc, du nylon ou du cuir<\/span><\/li>\n<li><span dir=\"auto\">Essuyez et assurez-vous que le produit est sec avant de le ranger<\/span><\/li>\n<li><span dir=\"auto\">Stockage optimal dans un environnement sombre, sec et frais<\/span><\/li>\n<\/ul>\n<\/li>\n<li><img decoding=\"async\" class=\"alignnone wp-image-40620\" src=\"https:\/\/autravail.ca\/wp-content\/uploads\/2025\/09\/Jachete-quebec-et-canada.jpg\" alt=\"Logo de l'achat local\" width=\"162\" height=\"139\" \/>Merci d&rsquo;encourager une entreprise 100% d&rsquo;ici!<\/li>\n<\/ul>","protected":false},"excerpt":{"rendered":"<p>Bas d&rsquo;exp\u00e9dition polaire SOCK-U003 Bas d&rsquo;exp\u00e9dition polaire Sock-U003 sont suffisamment hautes pour toutes les bottes Baffin, les chaussettes POLAR sont sp\u00e9cialement con\u00e7ues pour \u00eatre utilis\u00e9es avec les syst\u00e8mes de chaussons Baffin. Avec leurs zones d&rsquo;impact renforc\u00e9es et leur soutien de la vo\u00fbte plantaire et de la cheville pour un ajustement pr\u00e9cis et une protection anti-fatigue, [&hellip;]<\/p>","protected":false},"featured_media":22505,"comment_status":"open","ping_status":"closed","template":"","meta":[],"product_cat":[657,633,602],"product_tag":[],"class_list":{"0":"post-36636","1":"product","2":"type-product","3":"status-publish","4":"has-post-thumbnail","6":"product_brand-baffin","7":"product_cat-accessoires-de-chaussures","8":"product_cat-femmes","9":"product_cat-hommes","11":"first","12":"instock","13":"taxable","14":"shipping-taxable","15":"purchasable","16":"product-type-variable"},"yoast_head":"<!-- This site is optimized with the Yoast SEO plugin v25.3.1 - https:\/\/yoast.com\/wordpress\/plugins\/seo\/ -->\n<title>Bas d&#039;exp\u00e9dition polaire SOCK-U003 - Le Magasin Industriel<\/title>\n<meta name=\"description\" content=\"Bas d&#039;exp\u00e9dition polaire SOCK-U003 pour les conditions les plus froides de la plan\u00e8te produits certifi\u00e9s Polar Ratedas chaud\" \/>\n<meta name=\"robots\" content=\"index, follow, max-snippet:-1, max-image-preview:large, max-video-preview:-1\" \/>\n<link rel=\"canonical\" href=\"https:\/\/autravail.ca\/en\/product\/baffin-chaussette-dexpedition-polaire-sock-u003\/\" \/>\n<meta property=\"og:locale\" content=\"en_US\" \/>\n<meta property=\"og:type\" content=\"article\" \/>\n<meta property=\"og:title\" content=\"Bas d&#039;exp\u00e9dition polaire SOCK-U003 - Le Magasin Industriel\" \/>\n<meta property=\"og:description\" content=\"Bas d&#039;exp\u00e9dition polaire SOCK-U003 pour les conditions les plus froides de la plan\u00e8te produits certifi\u00e9s Polar Ratedas chaud\" \/>\n<meta property=\"og:url\" content=\"https:\/\/autravail.ca\/en\/product\/baffin-chaussette-dexpedition-polaire-sock-u003\/\" \/>\n<meta property=\"og:site_name\" content=\"Le Magasin Industriel\" \/>\n<meta property=\"article:publisher\" content=\"https:\/\/www.facebook.com\/lemagasinindustriel\/?locale=fr_FR\" \/>\n<meta property=\"article:modified_time\" content=\"2026-01-15T17:13:52+00:00\" \/>\n<meta property=\"og:image\" content=\"https:\/\/autravail.ca\/wp-content\/uploads\/2025\/05\/Sock-U003_A01_42b2d07a-edbe-4895-866a-03230c603447.jpg\" \/>\n\t<meta property=\"og:image:width\" content=\"1000\" \/>\n\t<meta property=\"og:image:height\" content=\"1000\" \/>\n\t<meta property=\"og:image:type\" content=\"image\/jpeg\" \/>\n<meta name=\"twitter:card\" content=\"summary_large_image\" \/>\n<meta name=\"twitter:label1\" content=\"Est. reading time\" \/>\n\t<meta name=\"twitter:data1\" content=\"2 minutes\" \/>\n<script type=\"application\/ld+json\" class=\"yoast-schema-graph\">{\"@context\":\"https:\/\/schema.org\",\"@graph\":[{\"@type\":\"WebPage\",\"@id\":\"https:\/\/autravail.ca\/product\/baffin-chaussette-dexpedition-polaire-sock-u003\/\",\"url\":\"https:\/\/autravail.ca\/product\/baffin-chaussette-dexpedition-polaire-sock-u003\/\",\"name\":\"Bas d'exp\u00e9dition polaire SOCK-U003 - Le Magasin Industriel\",\"isPartOf\":{\"@id\":\"https:\/\/autravail.ca\/#website\"},\"primaryImageOfPage\":{\"@id\":\"https:\/\/autravail.ca\/product\/baffin-chaussette-dexpedition-polaire-sock-u003\/#primaryimage\"},\"image\":{\"@id\":\"https:\/\/autravail.ca\/product\/baffin-chaussette-dexpedition-polaire-sock-u003\/#primaryimage\"},\"thumbnailUrl\":\"https:\/\/autravail.ca\/wp-content\/uploads\/2025\/05\/Sock-U003_A01_42b2d07a-edbe-4895-866a-03230c603447.jpg\",\"datePublished\":\"2025-05-08T07:56:28+00:00\",\"dateModified\":\"2026-01-15T17:13:52+00:00\",\"description\":\"Bas d'exp\u00e9dition polaire SOCK-U003 pour les conditions les plus froides de la plan\u00e8te produits certifi\u00e9s Polar Ratedas chaud\",\"breadcrumb\":{\"@id\":\"https:\/\/autravail.ca\/product\/baffin-chaussette-dexpedition-polaire-sock-u003\/#breadcrumb\"},\"inLanguage\":\"en-CA\",\"potentialAction\":[{\"@type\":\"ReadAction\",\"target\":[\"https:\/\/autravail.ca\/product\/baffin-chaussette-dexpedition-polaire-sock-u003\/\"]}]},{\"@type\":\"ImageObject\",\"inLanguage\":\"en-CA\",\"@id\":\"https:\/\/autravail.ca\/product\/baffin-chaussette-dexpedition-polaire-sock-u003\/#primaryimage\",\"url\":\"https:\/\/autravail.ca\/wp-content\/uploads\/2025\/05\/Sock-U003_A01_42b2d07a-edbe-4895-866a-03230c603447.jpg\",\"contentUrl\":\"https:\/\/autravail.ca\/wp-content\/uploads\/2025\/05\/Sock-U003_A01_42b2d07a-edbe-4895-866a-03230c603447.jpg\",\"width\":1000,\"height\":1000},{\"@type\":\"BreadcrumbList\",\"@id\":\"https:\/\/autravail.ca\/product\/baffin-chaussette-dexpedition-polaire-sock-u003\/#breadcrumb\",\"itemListElement\":[{\"@type\":\"ListItem\",\"position\":1,\"name\":\"Accueil\",\"item\":\"https:\/\/autravail.ca\/\"},{\"@type\":\"ListItem\",\"position\":2,\"name\":\"Magasin\",\"item\":\"https:\/\/autravail.ca\/en\/shop\/\"},{\"@type\":\"ListItem\",\"position\":3,\"name\":\"Bas d&rsquo;exp\u00e9dition polaire SOCK-U003\"}]},{\"@type\":\"WebSite\",\"@id\":\"https:\/\/autravail.ca\/#website\",\"url\":\"https:\/\/autravail.ca\/\",\"name\":\"Le Magasin Industriel\",\"description\":\"50 ans de tradition de s\u00e9curit\u00e9 au travail\",\"publisher\":{\"@id\":\"https:\/\/autravail.ca\/#organization\"},\"potentialAction\":[{\"@type\":\"SearchAction\",\"target\":{\"@type\":\"EntryPoint\",\"urlTemplate\":\"https:\/\/autravail.ca\/?s={search_term_string}\"},\"query-input\":{\"@type\":\"PropertyValueSpecification\",\"valueRequired\":true,\"valueName\":\"search_term_string\"}}],\"inLanguage\":\"en-CA\"},{\"@type\":\"Organization\",\"@id\":\"https:\/\/autravail.ca\/#organization\",\"name\":\"Le Magasin Industriel\",\"url\":\"https:\/\/autravail.ca\/\",\"logo\":{\"@type\":\"ImageObject\",\"inLanguage\":\"en-CA\",\"@id\":\"https:\/\/autravail.ca\/#\/schema\/logo\/image\/\",\"url\":\"https:\/\/autravail.ca\/wp-content\/uploads\/2025\/05\/cropped-magasin_industriel_120x.avif\",\"contentUrl\":\"https:\/\/autravail.ca\/wp-content\/uploads\/2025\/05\/cropped-magasin_industriel_120x.avif\",\"width\":120,\"height\":24,\"caption\":\"Le Magasin Industriel\"},\"image\":{\"@id\":\"https:\/\/autravail.ca\/#\/schema\/logo\/image\/\"},\"sameAs\":[\"https:\/\/www.facebook.com\/lemagasinindustriel\/?locale=fr_FR\"]}]}<\/script>\n<!-- \/ Yoast SEO plugin. -->","yoast_head_json":{"title":"Bas d'exp\u00e9dition polaire SOCK-U003 - Le Magasin Industriel","description":"Bas d'exp\u00e9dition polaire SOCK-U003 pour les conditions les plus froides de la plan\u00e8te produits certifi\u00e9s Polar Ratedas chaud","robots":{"index":"index","follow":"follow","max-snippet":"max-snippet:-1","max-image-preview":"max-image-preview:large","max-video-preview":"max-video-preview:-1"},"canonical":"https:\/\/autravail.ca\/en\/product\/baffin-chaussette-dexpedition-polaire-sock-u003\/","og_locale":"en_US","og_type":"article","og_title":"Bas d'exp\u00e9dition polaire SOCK-U003 - Le Magasin Industriel","og_description":"Bas d'exp\u00e9dition polaire SOCK-U003 pour les conditions les plus froides de la plan\u00e8te produits certifi\u00e9s Polar Ratedas chaud","og_url":"https:\/\/autravail.ca\/en\/product\/baffin-chaussette-dexpedition-polaire-sock-u003\/","og_site_name":"Le Magasin Industriel","article_publisher":"https:\/\/www.facebook.com\/lemagasinindustriel\/?locale=fr_FR","article_modified_time":"2026-01-15T17:13:52+00:00","og_image":[{"width":1000,"height":1000,"url":"https:\/\/autravail.ca\/wp-content\/uploads\/2025\/05\/Sock-U003_A01_42b2d07a-edbe-4895-866a-03230c603447.jpg","type":"image\/jpeg"}],"twitter_card":"summary_large_image","twitter_misc":{"Est. reading time":"2 minutes"},"schema":{"@context":"https:\/\/schema.org","@graph":[{"@type":"WebPage","@id":"https:\/\/autravail.ca\/product\/baffin-chaussette-dexpedition-polaire-sock-u003\/","url":"https:\/\/autravail.ca\/product\/baffin-chaussette-dexpedition-polaire-sock-u003\/","name":"Bas d'exp\u00e9dition polaire SOCK-U003 - Le Magasin Industriel","isPartOf":{"@id":"https:\/\/autravail.ca\/#website"},"primaryImageOfPage":{"@id":"https:\/\/autravail.ca\/product\/baffin-chaussette-dexpedition-polaire-sock-u003\/#primaryimage"},"image":{"@id":"https:\/\/autravail.ca\/product\/baffin-chaussette-dexpedition-polaire-sock-u003\/#primaryimage"},"thumbnailUrl":"https:\/\/autravail.ca\/wp-content\/uploads\/2025\/05\/Sock-U003_A01_42b2d07a-edbe-4895-866a-03230c603447.jpg","datePublished":"2025-05-08T07:56:28+00:00","dateModified":"2026-01-15T17:13:52+00:00","description":"Bas d'exp\u00e9dition polaire SOCK-U003 pour les conditions les plus froides de la plan\u00e8te produits certifi\u00e9s Polar Ratedas chaud","breadcrumb":{"@id":"https:\/\/autravail.ca\/product\/baffin-chaussette-dexpedition-polaire-sock-u003\/#breadcrumb"},"inLanguage":"en-CA","potentialAction":[{"@type":"ReadAction","target":["https:\/\/autravail.ca\/product\/baffin-chaussette-dexpedition-polaire-sock-u003\/"]}]},{"@type":"ImageObject","inLanguage":"en-CA","@id":"https:\/\/autravail.ca\/product\/baffin-chaussette-dexpedition-polaire-sock-u003\/#primaryimage","url":"https:\/\/autravail.ca\/wp-content\/uploads\/2025\/05\/Sock-U003_A01_42b2d07a-edbe-4895-866a-03230c603447.jpg","contentUrl":"https:\/\/autravail.ca\/wp-content\/uploads\/2025\/05\/Sock-U003_A01_42b2d07a-edbe-4895-866a-03230c603447.jpg","width":1000,"height":1000},{"@type":"BreadcrumbList","@id":"https:\/\/autravail.ca\/product\/baffin-chaussette-dexpedition-polaire-sock-u003\/#breadcrumb","itemListElement":[{"@type":"ListItem","position":1,"name":"Accueil","item":"https:\/\/autravail.ca\/"},{"@type":"ListItem","position":2,"name":"Magasin","item":"https:\/\/autravail.ca\/en\/shop\/"},{"@type":"ListItem","position":3,"name":"Bas d&rsquo;exp\u00e9dition polaire SOCK-U003"}]},{"@type":"WebSite","@id":"https:\/\/autravail.ca\/#website","url":"https:\/\/autravail.ca\/","name":"Le Magasin Industriel","description":"50 ans de tradition de s\u00e9curit\u00e9 au travail","publisher":{"@id":"https:\/\/autravail.ca\/#organization"},"potentialAction":[{"@type":"SearchAction","target":{"@type":"EntryPoint","urlTemplate":"https:\/\/autravail.ca\/?s={search_term_string}"},"query-input":{"@type":"PropertyValueSpecification","valueRequired":true,"valueName":"search_term_string"}}],"inLanguage":"en-CA"},{"@type":"Organization","@id":"https:\/\/autravail.ca\/#organization","name":"Le Magasin Industriel","url":"https:\/\/autravail.ca\/","logo":{"@type":"ImageObject","inLanguage":"en-CA","@id":"https:\/\/autravail.ca\/#\/schema\/logo\/image\/","url":"https:\/\/autravail.ca\/wp-content\/uploads\/2025\/05\/cropped-magasin_industriel_120x.avif","contentUrl":"https:\/\/autravail.ca\/wp-content\/uploads\/2025\/05\/cropped-magasin_industriel_120x.avif","width":120,"height":24,"caption":"Le Magasin Industriel"},"image":{"@id":"https:\/\/autravail.ca\/#\/schema\/logo\/image\/"},"sameAs":["https:\/\/www.facebook.com\/lemagasinindustriel\/?locale=fr_FR"]}]}},"jetpack_sharing_enabled":true,"_links":{"self":[{"href":"https:\/\/autravail.ca\/en\/wp-json\/wp\/v2\/product\/36636","targetHints":{"allow":["GET"]}}],"collection":[{"href":"https:\/\/autravail.ca\/en\/wp-json\/wp\/v2\/product"}],"about":[{"href":"https:\/\/autravail.ca\/en\/wp-json\/wp\/v2\/types\/product"}],"replies":[{"embeddable":true,"href":"https:\/\/autravail.ca\/en\/wp-json\/wp\/v2\/comments?post=36636"}],"wp:featuredmedia":[{"embeddable":true,"href":"https:\/\/autravail.ca\/en\/wp-json\/wp\/v2\/media\/22505"}],"wp:attachment":[{"href":"https:\/\/autravail.ca\/en\/wp-json\/wp\/v2\/media?parent=36636"}],"wp:term":[{"taxonomy":"product_cat","embeddable":true,"href":"https:\/\/autravail.ca\/en\/wp-json\/wp\/v2\/product_cat?post=36636"},{"taxonomy":"product_tag","embeddable":true,"href":"https:\/\/autravail.ca\/en\/wp-json\/wp\/v2\/product_tag?post=36636"}],"curies":[{"name":"wp","href":"https:\/\/api.w.org\/{rel}","templated":true}]}}