{"id":36634,"date":"2025-05-08T07:56:26","date_gmt":"2025-05-08T07:56:26","guid":{"rendered":"https:\/\/meteoquebec.ca\/?post_type=product&#038;p=36634"},"modified":"2025-12-05T05:09:53","modified_gmt":"2025-12-05T09:09:53","slug":"silium-silppsi-lunette-de-securite","status":"publish","type":"product","link":"https:\/\/autravail.ca\/en\/product\/silium-silppsi-lunette-de-securite\/","title":{"rendered":"Silium-Silppsi - Safety Goggles"},"content":{"rendered":"<p>Work goggles, SILIUM+ - Boll Safety <\/p>\n<p><\/p>\n<ul>Ultra Lightweight for Long Wear<\/p>\n<li>SILIUM+ is a comfortable and ultra-light polycarbonate model. SILIUM+ is an excellent choice combining design, ergonomics, and performance for prolonged wear.<\/li>\n<li>Ultra-light Mount<\/li>\n<li>Adjustable anti-slip nose piece.<\/li>\n<li>Ultra-flexible Ergonomic Straight Branches.<\/li>\n<li>Panoramic View<\/li>\n<\/ul>","protected":false},"excerpt":{"rendered":"<p>Work goggles, SILIUM+ - Boll Safety Ultra Light for long-term wear. SILIUM+ is a comfortable and ultra-light polycarbonate model. SILIUM+ is an excellent choice combining design, ergonomics and performance for long-term use. Ultra-light frame. Adjustable anti-slip nose. Ergonomic ultra-flexible arms. Panoramic vision.<\/p>","protected":false},"featured_media":22499,"comment_status":"open","ping_status":"closed","template":"","meta":[],"product_cat":[702,739,602,680],"product_tag":[242,361],"class_list":{"0":"post-36634","1":"product","2":"type-product","3":"status-publish","4":"has-post-thumbnail","6":"product_brand-bolle-safety","7":"product_cat-accessoires-de-securite","8":"product_cat-bolle-safety","9":"product_cat-hommes","10":"product_cat-protection-yeux-et-visages","11":"product_tag-homme","12":"product_tag-protection-yeux-et-visage","14":"first","15":"instock","16":"taxable","17":"shipping-taxable","18":"purchasable","19":"product-type-variable"},"yoast_head":"<!-- This site is optimized with the Yoast SEO plugin v25.3.1 - https:\/\/yoast.com\/wordpress\/plugins\/seo\/ -->\n<title>SILIUM-SILPPSI - LUNETTE DE S\u00c9CURIT\u00c9 - Le Magasin Industriel<\/title>\n<meta name=\"robots\" content=\"index, follow, max-snippet:-1, max-image-preview:large, max-video-preview:-1\" \/>\n<link rel=\"canonical\" href=\"https:\/\/autravail.ca\/en\/product\/silium-silppsi-lunette-de-securite\/\" \/>\n<meta property=\"og:locale\" content=\"en_US\" \/>\n<meta property=\"og:type\" content=\"article\" \/>\n<meta property=\"og:title\" content=\"SILIUM-SILPPSI - LUNETTE DE S\u00c9CURIT\u00c9 - Le Magasin Industriel\" \/>\n<meta property=\"og:description\" content=\"Lunette de travail, SILIUM+ &#8211; Boll\u00e9 Safety Ultra l\u00e9g\u00e8re pour un port longue dur\u00e9e SILIUM+ est un mod\u00e8le en polycarbonate confortable et ultra-l\u00e9ger. SILIUM+ est un excellent choix alliant design, ergonomie et performances pour un port de longue dur\u00e9e. Monture ultra-l\u00e9g\u00e8re. Nez anti-glisse ajustable. Branches droites ergonomiques ultra-souples. Vision panoramique.\" \/>\n<meta property=\"og:url\" content=\"https:\/\/autravail.ca\/en\/product\/silium-silppsi-lunette-de-securite\/\" \/>\n<meta property=\"og:site_name\" content=\"Le Magasin Industriel\" \/>\n<meta property=\"article:publisher\" content=\"https:\/\/www.facebook.com\/lemagasinindustriel\/?locale=fr_FR\" \/>\n<meta property=\"article:modified_time\" content=\"2025-12-05T09:09:53+00:00\" \/>\n<meta property=\"og:image\" content=\"https:\/\/autravail.ca\/wp-content\/uploads\/2025\/05\/SILOOSI_A01.jpg\" \/>\n\t<meta property=\"og:image:width\" content=\"1000\" \/>\n\t<meta property=\"og:image:height\" content=\"1000\" \/>\n\t<meta property=\"og:image:type\" content=\"image\/jpeg\" \/>\n<meta name=\"twitter:card\" content=\"summary_large_image\" \/>\n<script type=\"application\/ld+json\" class=\"yoast-schema-graph\">{\"@context\":\"https:\/\/schema.org\",\"@graph\":[{\"@type\":\"WebPage\",\"@id\":\"https:\/\/autravail.ca\/product\/silium-silppsi-lunette-de-securite\/\",\"url\":\"https:\/\/autravail.ca\/product\/silium-silppsi-lunette-de-securite\/\",\"name\":\"SILIUM-SILPPSI - LUNETTE DE S\u00c9CURIT\u00c9 - Le Magasin Industriel\",\"isPartOf\":{\"@id\":\"https:\/\/autravail.ca\/#website\"},\"primaryImageOfPage\":{\"@id\":\"https:\/\/autravail.ca\/product\/silium-silppsi-lunette-de-securite\/#primaryimage\"},\"image\":{\"@id\":\"https:\/\/autravail.ca\/product\/silium-silppsi-lunette-de-securite\/#primaryimage\"},\"thumbnailUrl\":\"https:\/\/autravail.ca\/wp-content\/uploads\/2025\/05\/SILOOSI_A01.jpg\",\"datePublished\":\"2025-05-08T07:56:26+00:00\",\"dateModified\":\"2025-12-05T09:09:53+00:00\",\"breadcrumb\":{\"@id\":\"https:\/\/autravail.ca\/product\/silium-silppsi-lunette-de-securite\/#breadcrumb\"},\"inLanguage\":\"en-CA\",\"potentialAction\":[{\"@type\":\"ReadAction\",\"target\":[\"https:\/\/autravail.ca\/product\/silium-silppsi-lunette-de-securite\/\"]}]},{\"@type\":\"ImageObject\",\"inLanguage\":\"en-CA\",\"@id\":\"https:\/\/autravail.ca\/product\/silium-silppsi-lunette-de-securite\/#primaryimage\",\"url\":\"https:\/\/autravail.ca\/wp-content\/uploads\/2025\/05\/SILOOSI_A01.jpg\",\"contentUrl\":\"https:\/\/autravail.ca\/wp-content\/uploads\/2025\/05\/SILOOSI_A01.jpg\",\"width\":1000,\"height\":1000},{\"@type\":\"BreadcrumbList\",\"@id\":\"https:\/\/autravail.ca\/product\/silium-silppsi-lunette-de-securite\/#breadcrumb\",\"itemListElement\":[{\"@type\":\"ListItem\",\"position\":1,\"name\":\"Accueil\",\"item\":\"https:\/\/autravail.ca\/\"},{\"@type\":\"ListItem\",\"position\":2,\"name\":\"Magasin\",\"item\":\"https:\/\/autravail.ca\/en\/shop\/\"},{\"@type\":\"ListItem\",\"position\":3,\"name\":\"SILIUM-SILPPSI &#8211; LUNETTE DE S\u00c9CURIT\u00c9\"}]},{\"@type\":\"WebSite\",\"@id\":\"https:\/\/autravail.ca\/#website\",\"url\":\"https:\/\/autravail.ca\/\",\"name\":\"Le Magasin Industriel\",\"description\":\"50 ans de tradition de s\u00e9curit\u00e9 au travail\",\"publisher\":{\"@id\":\"https:\/\/autravail.ca\/#organization\"},\"potentialAction\":[{\"@type\":\"SearchAction\",\"target\":{\"@type\":\"EntryPoint\",\"urlTemplate\":\"https:\/\/autravail.ca\/?s={search_term_string}\"},\"query-input\":{\"@type\":\"PropertyValueSpecification\",\"valueRequired\":true,\"valueName\":\"search_term_string\"}}],\"inLanguage\":\"en-CA\"},{\"@type\":\"Organization\",\"@id\":\"https:\/\/autravail.ca\/#organization\",\"name\":\"Le Magasin Industriel\",\"url\":\"https:\/\/autravail.ca\/\",\"logo\":{\"@type\":\"ImageObject\",\"inLanguage\":\"en-CA\",\"@id\":\"https:\/\/autravail.ca\/#\/schema\/logo\/image\/\",\"url\":\"https:\/\/autravail.ca\/wp-content\/uploads\/2025\/05\/cropped-magasin_industriel_120x.avif\",\"contentUrl\":\"https:\/\/autravail.ca\/wp-content\/uploads\/2025\/05\/cropped-magasin_industriel_120x.avif\",\"width\":120,\"height\":24,\"caption\":\"Le Magasin Industriel\"},\"image\":{\"@id\":\"https:\/\/autravail.ca\/#\/schema\/logo\/image\/\"},\"sameAs\":[\"https:\/\/www.facebook.com\/lemagasinindustriel\/?locale=fr_FR\"]}]}<\/script>\n<!-- \/ Yoast SEO plugin. -->","yoast_head_json":{"title":"SILIUM-SILPPSI - LUNETTE DE S\u00c9CURIT\u00c9 - Le Magasin Industriel","robots":{"index":"index","follow":"follow","max-snippet":"max-snippet:-1","max-image-preview":"max-image-preview:large","max-video-preview":"max-video-preview:-1"},"canonical":"https:\/\/autravail.ca\/en\/product\/silium-silppsi-lunette-de-securite\/","og_locale":"en_US","og_type":"article","og_title":"SILIUM-SILPPSI - LUNETTE DE S\u00c9CURIT\u00c9 - Le Magasin Industriel","og_description":"Lunette de travail, SILIUM+ &#8211; Boll\u00e9 Safety Ultra l\u00e9g\u00e8re pour un port longue dur\u00e9e SILIUM+ est un mod\u00e8le en polycarbonate confortable et ultra-l\u00e9ger. SILIUM+ est un excellent choix alliant design, ergonomie et performances pour un port de longue dur\u00e9e. Monture ultra-l\u00e9g\u00e8re. Nez anti-glisse ajustable. Branches droites ergonomiques ultra-souples. Vision panoramique.","og_url":"https:\/\/autravail.ca\/en\/product\/silium-silppsi-lunette-de-securite\/","og_site_name":"Le Magasin Industriel","article_publisher":"https:\/\/www.facebook.com\/lemagasinindustriel\/?locale=fr_FR","article_modified_time":"2025-12-05T09:09:53+00:00","og_image":[{"width":1000,"height":1000,"url":"https:\/\/autravail.ca\/wp-content\/uploads\/2025\/05\/SILOOSI_A01.jpg","type":"image\/jpeg"}],"twitter_card":"summary_large_image","schema":{"@context":"https:\/\/schema.org","@graph":[{"@type":"WebPage","@id":"https:\/\/autravail.ca\/product\/silium-silppsi-lunette-de-securite\/","url":"https:\/\/autravail.ca\/product\/silium-silppsi-lunette-de-securite\/","name":"SILIUM-SILPPSI - LUNETTE DE S\u00c9CURIT\u00c9 - Le Magasin Industriel","isPartOf":{"@id":"https:\/\/autravail.ca\/#website"},"primaryImageOfPage":{"@id":"https:\/\/autravail.ca\/product\/silium-silppsi-lunette-de-securite\/#primaryimage"},"image":{"@id":"https:\/\/autravail.ca\/product\/silium-silppsi-lunette-de-securite\/#primaryimage"},"thumbnailUrl":"https:\/\/autravail.ca\/wp-content\/uploads\/2025\/05\/SILOOSI_A01.jpg","datePublished":"2025-05-08T07:56:26+00:00","dateModified":"2025-12-05T09:09:53+00:00","breadcrumb":{"@id":"https:\/\/autravail.ca\/product\/silium-silppsi-lunette-de-securite\/#breadcrumb"},"inLanguage":"en-CA","potentialAction":[{"@type":"ReadAction","target":["https:\/\/autravail.ca\/product\/silium-silppsi-lunette-de-securite\/"]}]},{"@type":"ImageObject","inLanguage":"en-CA","@id":"https:\/\/autravail.ca\/product\/silium-silppsi-lunette-de-securite\/#primaryimage","url":"https:\/\/autravail.ca\/wp-content\/uploads\/2025\/05\/SILOOSI_A01.jpg","contentUrl":"https:\/\/autravail.ca\/wp-content\/uploads\/2025\/05\/SILOOSI_A01.jpg","width":1000,"height":1000},{"@type":"BreadcrumbList","@id":"https:\/\/autravail.ca\/product\/silium-silppsi-lunette-de-securite\/#breadcrumb","itemListElement":[{"@type":"ListItem","position":1,"name":"Accueil","item":"https:\/\/autravail.ca\/"},{"@type":"ListItem","position":2,"name":"Magasin","item":"https:\/\/autravail.ca\/en\/shop\/"},{"@type":"ListItem","position":3,"name":"SILIUM-SILPPSI &#8211; LUNETTE DE S\u00c9CURIT\u00c9"}]},{"@type":"WebSite","@id":"https:\/\/autravail.ca\/#website","url":"https:\/\/autravail.ca\/","name":"Le Magasin Industriel","description":"50 ans de tradition de s\u00e9curit\u00e9 au travail","publisher":{"@id":"https:\/\/autravail.ca\/#organization"},"potentialAction":[{"@type":"SearchAction","target":{"@type":"EntryPoint","urlTemplate":"https:\/\/autravail.ca\/?s={search_term_string}"},"query-input":{"@type":"PropertyValueSpecification","valueRequired":true,"valueName":"search_term_string"}}],"inLanguage":"en-CA"},{"@type":"Organization","@id":"https:\/\/autravail.ca\/#organization","name":"Le Magasin Industriel","url":"https:\/\/autravail.ca\/","logo":{"@type":"ImageObject","inLanguage":"en-CA","@id":"https:\/\/autravail.ca\/#\/schema\/logo\/image\/","url":"https:\/\/autravail.ca\/wp-content\/uploads\/2025\/05\/cropped-magasin_industriel_120x.avif","contentUrl":"https:\/\/autravail.ca\/wp-content\/uploads\/2025\/05\/cropped-magasin_industriel_120x.avif","width":120,"height":24,"caption":"Le Magasin Industriel"},"image":{"@id":"https:\/\/autravail.ca\/#\/schema\/logo\/image\/"},"sameAs":["https:\/\/www.facebook.com\/lemagasinindustriel\/?locale=fr_FR"]}]}},"jetpack_sharing_enabled":true,"_links":{"self":[{"href":"https:\/\/autravail.ca\/en\/wp-json\/wp\/v2\/product\/36634","targetHints":{"allow":["GET"]}}],"collection":[{"href":"https:\/\/autravail.ca\/en\/wp-json\/wp\/v2\/product"}],"about":[{"href":"https:\/\/autravail.ca\/en\/wp-json\/wp\/v2\/types\/product"}],"replies":[{"embeddable":true,"href":"https:\/\/autravail.ca\/en\/wp-json\/wp\/v2\/comments?post=36634"}],"wp:featuredmedia":[{"embeddable":true,"href":"https:\/\/autravail.ca\/en\/wp-json\/wp\/v2\/media\/22499"}],"wp:attachment":[{"href":"https:\/\/autravail.ca\/en\/wp-json\/wp\/v2\/media?parent=36634"}],"wp:term":[{"taxonomy":"product_cat","embeddable":true,"href":"https:\/\/autravail.ca\/en\/wp-json\/wp\/v2\/product_cat?post=36634"},{"taxonomy":"product_tag","embeddable":true,"href":"https:\/\/autravail.ca\/en\/wp-json\/wp\/v2\/product_tag?post=36634"}],"curies":[{"name":"wp","href":"https:\/\/api.w.org\/{rel}","templated":true}]}}