{"id":36608,"date":"2025-05-08T07:56:02","date_gmt":"2025-05-08T07:56:02","guid":{"rendered":"https:\/\/meteoquebec.ca\/?post_type=product&#038;p=36608"},"modified":"2025-12-05T05:09:53","modified_gmt":"2025-12-05T09:09:53","slug":"sen-steel-flex","status":"publish","type":"product","link":"https:\/\/autravail.ca\/en\/product\/sen-steel-flex\/","title":{"rendered":"SEN - STEEL-FLEX"},"content":{"rendered":"<p>Steel-Flex - Swenco <\/p>\n<ul>\n<li>Steel colored protective toe cap cover.<\/li>\n<li>The Steel-Toe Steel-Flex Safety Cover Shoes are made of a completely Waterproof and crack-resistant TPR material. They provide a secure solution for a slip-resistant and durable shoe in all environments where there is a risk of toe damage or where a steel toe is required. They have a color-coded code for easy identification and are designed to fit most soft-toe shoes, right or left foot.<\/li>\n<\/ul>","protected":false},"excerpt":{"rendered":"<p>Steel-Flex  Swenco Overshoe with colored steel toe protector. Steel-Flex Steel-Toe safety overshoes are made from fully waterproof, crack-resistant TPR material. They provide a slip-resistant, durable safety solution for environments with risks of foot damage.<\/p>","protected":false},"featured_media":22485,"comment_status":"open","ping_status":"closed","template":"","meta":[],"product_cat":[657,633,602,770],"product_tag":[292,255,242],"class_list":{"0":"post-36608","1":"product","2":"type-product","3":"status-publish","4":"has-post-thumbnail","6":"product_brand-steel-flex","7":"product_cat-accessoires-de-chaussures","8":"product_cat-femmes","9":"product_cat-hommes","10":"product_cat-steel-flex","11":"product_tag-couvre-chaussures-et-claques","12":"product_tag-femme","13":"product_tag-homme","15":"first","16":"instock","17":"taxable","18":"shipping-taxable","19":"purchasable","20":"product-type-variable"},"yoast_head":"<!-- This site is optimized with the Yoast SEO plugin v25.3.1 - https:\/\/yoast.com\/wordpress\/plugins\/seo\/ -->\n<title>SEN - STEEL-FLEX - Le Magasin Industriel<\/title>\n<meta name=\"robots\" content=\"index, follow, max-snippet:-1, max-image-preview:large, max-video-preview:-1\" \/>\n<link rel=\"canonical\" href=\"https:\/\/autravail.ca\/en\/product\/sen-steel-flex\/\" \/>\n<meta property=\"og:locale\" content=\"en_US\" \/>\n<meta property=\"og:type\" content=\"article\" \/>\n<meta property=\"og:title\" content=\"SEN - STEEL-FLEX - Le Magasin Industriel\" \/>\n<meta property=\"og:description\" content=\"Steel-Flex &#8211; Swenco Couvre chaussure avec embout protecteur de couleur en acier. Les couvre-chaussures de s\u00e9curit\u00e9 Steel-Toe de Steel-Flex sont fabriqu\u00e9s dans un mat\u00e9riau TPR totalement imperm\u00e9able et r\u00e9sistant aux fissures. Ils constituent une solution de s\u00e9curit\u00e9 pour une chaussure antid\u00e9rapante et durable dans tous les environnements o\u00f9 il existe un risque de dommages \u00e0 [&hellip;]\" \/>\n<meta property=\"og:url\" content=\"https:\/\/autravail.ca\/en\/product\/sen-steel-flex\/\" \/>\n<meta property=\"og:site_name\" content=\"Le Magasin Industriel\" \/>\n<meta property=\"article:publisher\" content=\"https:\/\/www.facebook.com\/lemagasinindustriel\/?locale=fr_FR\" \/>\n<meta property=\"article:modified_time\" content=\"2025-12-05T09:09:53+00:00\" \/>\n<meta property=\"og:image\" content=\"https:\/\/autravail.ca\/wp-content\/uploads\/2025\/05\/SEN_C.jpg\" \/>\n\t<meta property=\"og:image:width\" content=\"540\" \/>\n\t<meta property=\"og:image:height\" content=\"600\" \/>\n\t<meta property=\"og:image:type\" content=\"image\/jpeg\" \/>\n<meta name=\"twitter:card\" content=\"summary_large_image\" \/>\n<meta name=\"twitter:label1\" content=\"Est. reading time\" \/>\n\t<meta name=\"twitter:data1\" content=\"1 minute\" \/>\n<script type=\"application\/ld+json\" class=\"yoast-schema-graph\">{\"@context\":\"https:\/\/schema.org\",\"@graph\":[{\"@type\":\"WebPage\",\"@id\":\"https:\/\/autravail.ca\/product\/sen-steel-flex\/\",\"url\":\"https:\/\/autravail.ca\/product\/sen-steel-flex\/\",\"name\":\"SEN - STEEL-FLEX - Le Magasin Industriel\",\"isPartOf\":{\"@id\":\"https:\/\/autravail.ca\/#website\"},\"primaryImageOfPage\":{\"@id\":\"https:\/\/autravail.ca\/product\/sen-steel-flex\/#primaryimage\"},\"image\":{\"@id\":\"https:\/\/autravail.ca\/product\/sen-steel-flex\/#primaryimage\"},\"thumbnailUrl\":\"https:\/\/autravail.ca\/wp-content\/uploads\/2025\/05\/SEN_C.jpg\",\"datePublished\":\"2025-05-08T07:56:02+00:00\",\"dateModified\":\"2025-12-05T09:09:53+00:00\",\"breadcrumb\":{\"@id\":\"https:\/\/autravail.ca\/product\/sen-steel-flex\/#breadcrumb\"},\"inLanguage\":\"en-CA\",\"potentialAction\":[{\"@type\":\"ReadAction\",\"target\":[\"https:\/\/autravail.ca\/product\/sen-steel-flex\/\"]}]},{\"@type\":\"ImageObject\",\"inLanguage\":\"en-CA\",\"@id\":\"https:\/\/autravail.ca\/product\/sen-steel-flex\/#primaryimage\",\"url\":\"https:\/\/autravail.ca\/wp-content\/uploads\/2025\/05\/SEN_C.jpg\",\"contentUrl\":\"https:\/\/autravail.ca\/wp-content\/uploads\/2025\/05\/SEN_C.jpg\",\"width\":540,\"height\":600},{\"@type\":\"BreadcrumbList\",\"@id\":\"https:\/\/autravail.ca\/product\/sen-steel-flex\/#breadcrumb\",\"itemListElement\":[{\"@type\":\"ListItem\",\"position\":1,\"name\":\"Accueil\",\"item\":\"https:\/\/autravail.ca\/\"},{\"@type\":\"ListItem\",\"position\":2,\"name\":\"Magasin\",\"item\":\"https:\/\/autravail.ca\/en\/shop\/\"},{\"@type\":\"ListItem\",\"position\":3,\"name\":\"SEN &#8211; STEEL-FLEX\"}]},{\"@type\":\"WebSite\",\"@id\":\"https:\/\/autravail.ca\/#website\",\"url\":\"https:\/\/autravail.ca\/\",\"name\":\"Le Magasin Industriel\",\"description\":\"50 ans de tradition de s\u00e9curit\u00e9 au travail\",\"publisher\":{\"@id\":\"https:\/\/autravail.ca\/#organization\"},\"potentialAction\":[{\"@type\":\"SearchAction\",\"target\":{\"@type\":\"EntryPoint\",\"urlTemplate\":\"https:\/\/autravail.ca\/?s={search_term_string}\"},\"query-input\":{\"@type\":\"PropertyValueSpecification\",\"valueRequired\":true,\"valueName\":\"search_term_string\"}}],\"inLanguage\":\"en-CA\"},{\"@type\":\"Organization\",\"@id\":\"https:\/\/autravail.ca\/#organization\",\"name\":\"Le Magasin Industriel\",\"url\":\"https:\/\/autravail.ca\/\",\"logo\":{\"@type\":\"ImageObject\",\"inLanguage\":\"en-CA\",\"@id\":\"https:\/\/autravail.ca\/#\/schema\/logo\/image\/\",\"url\":\"https:\/\/autravail.ca\/wp-content\/uploads\/2025\/05\/cropped-magasin_industriel_120x.avif\",\"contentUrl\":\"https:\/\/autravail.ca\/wp-content\/uploads\/2025\/05\/cropped-magasin_industriel_120x.avif\",\"width\":120,\"height\":24,\"caption\":\"Le Magasin Industriel\"},\"image\":{\"@id\":\"https:\/\/autravail.ca\/#\/schema\/logo\/image\/\"},\"sameAs\":[\"https:\/\/www.facebook.com\/lemagasinindustriel\/?locale=fr_FR\"]}]}<\/script>\n<!-- \/ Yoast SEO plugin. -->","yoast_head_json":{"title":"SEN - STEEL-FLEX - Le Magasin Industriel","robots":{"index":"index","follow":"follow","max-snippet":"max-snippet:-1","max-image-preview":"max-image-preview:large","max-video-preview":"max-video-preview:-1"},"canonical":"https:\/\/autravail.ca\/en\/product\/sen-steel-flex\/","og_locale":"en_US","og_type":"article","og_title":"SEN - STEEL-FLEX - Le Magasin Industriel","og_description":"Steel-Flex &#8211; Swenco Couvre chaussure avec embout protecteur de couleur en acier. Les couvre-chaussures de s\u00e9curit\u00e9 Steel-Toe de Steel-Flex sont fabriqu\u00e9s dans un mat\u00e9riau TPR totalement imperm\u00e9able et r\u00e9sistant aux fissures. Ils constituent une solution de s\u00e9curit\u00e9 pour une chaussure antid\u00e9rapante et durable dans tous les environnements o\u00f9 il existe un risque de dommages \u00e0 [&hellip;]","og_url":"https:\/\/autravail.ca\/en\/product\/sen-steel-flex\/","og_site_name":"Le Magasin Industriel","article_publisher":"https:\/\/www.facebook.com\/lemagasinindustriel\/?locale=fr_FR","article_modified_time":"2025-12-05T09:09:53+00:00","og_image":[{"width":540,"height":600,"url":"https:\/\/autravail.ca\/wp-content\/uploads\/2025\/05\/SEN_C.jpg","type":"image\/jpeg"}],"twitter_card":"summary_large_image","twitter_misc":{"Est. reading time":"1 minute"},"schema":{"@context":"https:\/\/schema.org","@graph":[{"@type":"WebPage","@id":"https:\/\/autravail.ca\/product\/sen-steel-flex\/","url":"https:\/\/autravail.ca\/product\/sen-steel-flex\/","name":"SEN - STEEL-FLEX - Le Magasin Industriel","isPartOf":{"@id":"https:\/\/autravail.ca\/#website"},"primaryImageOfPage":{"@id":"https:\/\/autravail.ca\/product\/sen-steel-flex\/#primaryimage"},"image":{"@id":"https:\/\/autravail.ca\/product\/sen-steel-flex\/#primaryimage"},"thumbnailUrl":"https:\/\/autravail.ca\/wp-content\/uploads\/2025\/05\/SEN_C.jpg","datePublished":"2025-05-08T07:56:02+00:00","dateModified":"2025-12-05T09:09:53+00:00","breadcrumb":{"@id":"https:\/\/autravail.ca\/product\/sen-steel-flex\/#breadcrumb"},"inLanguage":"en-CA","potentialAction":[{"@type":"ReadAction","target":["https:\/\/autravail.ca\/product\/sen-steel-flex\/"]}]},{"@type":"ImageObject","inLanguage":"en-CA","@id":"https:\/\/autravail.ca\/product\/sen-steel-flex\/#primaryimage","url":"https:\/\/autravail.ca\/wp-content\/uploads\/2025\/05\/SEN_C.jpg","contentUrl":"https:\/\/autravail.ca\/wp-content\/uploads\/2025\/05\/SEN_C.jpg","width":540,"height":600},{"@type":"BreadcrumbList","@id":"https:\/\/autravail.ca\/product\/sen-steel-flex\/#breadcrumb","itemListElement":[{"@type":"ListItem","position":1,"name":"Accueil","item":"https:\/\/autravail.ca\/"},{"@type":"ListItem","position":2,"name":"Magasin","item":"https:\/\/autravail.ca\/en\/shop\/"},{"@type":"ListItem","position":3,"name":"SEN &#8211; STEEL-FLEX"}]},{"@type":"WebSite","@id":"https:\/\/autravail.ca\/#website","url":"https:\/\/autravail.ca\/","name":"Le Magasin Industriel","description":"50 ans de tradition de s\u00e9curit\u00e9 au travail","publisher":{"@id":"https:\/\/autravail.ca\/#organization"},"potentialAction":[{"@type":"SearchAction","target":{"@type":"EntryPoint","urlTemplate":"https:\/\/autravail.ca\/?s={search_term_string}"},"query-input":{"@type":"PropertyValueSpecification","valueRequired":true,"valueName":"search_term_string"}}],"inLanguage":"en-CA"},{"@type":"Organization","@id":"https:\/\/autravail.ca\/#organization","name":"Le Magasin Industriel","url":"https:\/\/autravail.ca\/","logo":{"@type":"ImageObject","inLanguage":"en-CA","@id":"https:\/\/autravail.ca\/#\/schema\/logo\/image\/","url":"https:\/\/autravail.ca\/wp-content\/uploads\/2025\/05\/cropped-magasin_industriel_120x.avif","contentUrl":"https:\/\/autravail.ca\/wp-content\/uploads\/2025\/05\/cropped-magasin_industriel_120x.avif","width":120,"height":24,"caption":"Le Magasin Industriel"},"image":{"@id":"https:\/\/autravail.ca\/#\/schema\/logo\/image\/"},"sameAs":["https:\/\/www.facebook.com\/lemagasinindustriel\/?locale=fr_FR"]}]}},"jetpack_sharing_enabled":true,"_links":{"self":[{"href":"https:\/\/autravail.ca\/en\/wp-json\/wp\/v2\/product\/36608","targetHints":{"allow":["GET"]}}],"collection":[{"href":"https:\/\/autravail.ca\/en\/wp-json\/wp\/v2\/product"}],"about":[{"href":"https:\/\/autravail.ca\/en\/wp-json\/wp\/v2\/types\/product"}],"replies":[{"embeddable":true,"href":"https:\/\/autravail.ca\/en\/wp-json\/wp\/v2\/comments?post=36608"}],"wp:featuredmedia":[{"embeddable":true,"href":"https:\/\/autravail.ca\/en\/wp-json\/wp\/v2\/media\/22485"}],"wp:attachment":[{"href":"https:\/\/autravail.ca\/en\/wp-json\/wp\/v2\/media?parent=36608"}],"wp:term":[{"taxonomy":"product_cat","embeddable":true,"href":"https:\/\/autravail.ca\/en\/wp-json\/wp\/v2\/product_cat?post=36608"},{"taxonomy":"product_tag","embeddable":true,"href":"https:\/\/autravail.ca\/en\/wp-json\/wp\/v2\/product_tag?post=36608"}],"curies":[{"name":"wp","href":"https:\/\/api.w.org\/{rel}","templated":true}]}}