{"id":36607,"date":"2025-05-08T07:56:02","date_gmt":"2025-05-08T07:56:02","guid":{"rendered":"https:\/\/meteoquebec.ca\/?post_type=product&#038;p=36607"},"modified":"2025-12-05T05:09:53","modified_gmt":"2025-12-05T09:09:53","slug":"sen-710-masque-de-procedure-avec-courroies-doreilles","status":"publish","type":"product","link":"https:\/\/autravail.ca\/en\/product\/sen-710-masque-de-procedure-avec-courroies-doreilles\/","title":{"rendered":"SEN-710 - PROCEDURE MASK WITH EARLOOPS"},"content":{"rendered":"<p>Procedure Mask with Ear Loops - Geroline <\/p>\n<ul>\n<li>Nanofiber Fusion-Spray\n<ul>\n<li>The AirGUARDZ filtering is made using nanofibers obtained by melt-blown process.<\/li>\n<li>The diameter of nanofibers obtained by blow-spinning is much smaller (0.6 to 0.8 micron) than that of polypropylene blend blown-spun fibers used in the manufacturing of other masks (2 to 10 microns).<\/li>\n<li>Smaller fiber layers provide a denser filtering layer, therefore a more lightweight and dense polypropylene obtained by fusion-blown process. Provides better breathability and excellent filtration capacity.<\/li>\n<\/ul>\n<ul>\n<li>Canadian manufacturing.<\/li>\n<li>Improved breathability.<\/li>\n<li>Detailed and Bilingual Packaging<\/li>\n<li>ASTM F2100-19 Level 1.<\/li>\n<li>Advanced Nanofiber Filtration.<\/li>\n<li>3 pleats without latex.<\/li>\n<li>Adjustable aluminum collar.<\/li>\n<li>Resistant to fluids up to 80 mmHg.<\/li>\n<li>Adjustable and comfortable side loops.<\/li>\n<li>Unique usage.<\/li>\n<li>Sold in boxes of 50.<\/li>\n<\/ul>\n<ul>\n<li>Made with pride in Ontario, Canada, under white room conditions. Our masks meet the latest ASTM F2100-19 standards.\n<\/li>\n<li>Dispose of in a responsible manner after use.<\/li>\n<li>Approved by Health Canada MDEL 14124.<\/li>\n<\/ul>\n<\/li>\n<\/ul>","protected":false},"excerpt":{"rendered":"<p>Masque de proc\u00e9dure avec courroies d&rsquo;oreilles &#8211; G\u00e9roline Fusion-soufflage de nanofibres La filtration du AirGUARDZ est r\u00e9alis\u00e9 \u00e0 l&rsquo;aide de nanofibres obtenues par fusion-soufflage. Le diam\u00e8tre des nanofibres obtenues par fusion-soufflage est beaucoup plus petit (0.6 \u00e0 0.8 micron) que celui des fibres de polypropyl\u00e8ne de fusion-soufflage utilis\u00e9es dans la fabrication d&rsquo;autres masques (2 \u00e0 [&hellip;]<\/p>","protected":false},"featured_media":22481,"comment_status":"open","ping_status":"closed","template":"","meta":[],"product_cat":[633,602,701],"product_tag":[255,242,361],"class_list":{"0":"post-36607","1":"product","2":"type-product","3":"status-publish","4":"has-post-thumbnail","6":"product_brand-magasin-industriel","7":"product_cat-femmes","8":"product_cat-hommes","9":"product_cat-protection-voies-respiratoires","10":"product_tag-femme","11":"product_tag-homme","12":"product_tag-protection-yeux-et-visage","14":"first","15":"instock","16":"taxable","17":"shipping-taxable","18":"purchasable","19":"product-type-variable"},"yoast_head":"<!-- This site is optimized with the Yoast SEO plugin v25.3.1 - https:\/\/yoast.com\/wordpress\/plugins\/seo\/ -->\n<title>SEN-710 - MASQUE DE PROC\u00c9DURE AVEC COURROIES D&#039;OREILLES - Le Magasin Industriel<\/title>\n<meta name=\"robots\" content=\"index, follow, max-snippet:-1, max-image-preview:large, max-video-preview:-1\" \/>\n<link rel=\"canonical\" href=\"https:\/\/autravail.ca\/en\/product\/sen-710-masque-de-procedure-avec-courroies-doreilles\/\" \/>\n<meta property=\"og:locale\" content=\"en_US\" \/>\n<meta property=\"og:type\" content=\"article\" \/>\n<meta property=\"og:title\" content=\"SEN-710 - MASQUE DE PROC\u00c9DURE AVEC COURROIES D&#039;OREILLES - Le Magasin Industriel\" \/>\n<meta property=\"og:description\" content=\"Masque de proc\u00e9dure avec courroies d&rsquo;oreilles &#8211; G\u00e9roline Fusion-soufflage de nanofibres La filtration du AirGUARDZ est r\u00e9alis\u00e9 \u00e0 l&rsquo;aide de nanofibres obtenues par fusion-soufflage. Le diam\u00e8tre des nanofibres obtenues par fusion-soufflage est beaucoup plus petit (0.6 \u00e0 0.8 micron) que celui des fibres de polypropyl\u00e8ne de fusion-soufflage utilis\u00e9es dans la fabrication d&rsquo;autres masques (2 \u00e0 [&hellip;]\" \/>\n<meta property=\"og:url\" content=\"https:\/\/autravail.ca\/en\/product\/sen-710-masque-de-procedure-avec-courroies-doreilles\/\" \/>\n<meta property=\"og:site_name\" content=\"Le Magasin Industriel\" \/>\n<meta property=\"article:publisher\" content=\"https:\/\/www.facebook.com\/lemagasinindustriel\/?locale=fr_FR\" \/>\n<meta property=\"article:modified_time\" content=\"2025-12-05T09:09:53+00:00\" \/>\n<meta property=\"og:image\" content=\"https:\/\/autravail.ca\/wp-content\/uploads\/2025\/05\/SEN-710_b.jpg\" \/>\n\t<meta property=\"og:image:width\" content=\"540\" \/>\n\t<meta property=\"og:image:height\" content=\"600\" \/>\n\t<meta property=\"og:image:type\" content=\"image\/jpeg\" \/>\n<meta name=\"twitter:card\" content=\"summary_large_image\" \/>\n<meta name=\"twitter:label1\" content=\"Est. reading time\" \/>\n\t<meta name=\"twitter:data1\" content=\"1 minute\" \/>\n<script type=\"application\/ld+json\" class=\"yoast-schema-graph\">{\"@context\":\"https:\/\/schema.org\",\"@graph\":[{\"@type\":\"WebPage\",\"@id\":\"https:\/\/autravail.ca\/product\/sen-710-masque-de-procedure-avec-courroies-doreilles\/\",\"url\":\"https:\/\/autravail.ca\/product\/sen-710-masque-de-procedure-avec-courroies-doreilles\/\",\"name\":\"SEN-710 - MASQUE DE PROC\u00c9DURE AVEC COURROIES D'OREILLES - Le Magasin Industriel\",\"isPartOf\":{\"@id\":\"https:\/\/autravail.ca\/#website\"},\"primaryImageOfPage\":{\"@id\":\"https:\/\/autravail.ca\/product\/sen-710-masque-de-procedure-avec-courroies-doreilles\/#primaryimage\"},\"image\":{\"@id\":\"https:\/\/autravail.ca\/product\/sen-710-masque-de-procedure-avec-courroies-doreilles\/#primaryimage\"},\"thumbnailUrl\":\"https:\/\/autravail.ca\/wp-content\/uploads\/2025\/05\/SEN-710_b.jpg\",\"datePublished\":\"2025-05-08T07:56:02+00:00\",\"dateModified\":\"2025-12-05T09:09:53+00:00\",\"breadcrumb\":{\"@id\":\"https:\/\/autravail.ca\/product\/sen-710-masque-de-procedure-avec-courroies-doreilles\/#breadcrumb\"},\"inLanguage\":\"en-CA\",\"potentialAction\":[{\"@type\":\"ReadAction\",\"target\":[\"https:\/\/autravail.ca\/product\/sen-710-masque-de-procedure-avec-courroies-doreilles\/\"]}]},{\"@type\":\"ImageObject\",\"inLanguage\":\"en-CA\",\"@id\":\"https:\/\/autravail.ca\/product\/sen-710-masque-de-procedure-avec-courroies-doreilles\/#primaryimage\",\"url\":\"https:\/\/autravail.ca\/wp-content\/uploads\/2025\/05\/SEN-710_b.jpg\",\"contentUrl\":\"https:\/\/autravail.ca\/wp-content\/uploads\/2025\/05\/SEN-710_b.jpg\",\"width\":540,\"height\":600},{\"@type\":\"BreadcrumbList\",\"@id\":\"https:\/\/autravail.ca\/product\/sen-710-masque-de-procedure-avec-courroies-doreilles\/#breadcrumb\",\"itemListElement\":[{\"@type\":\"ListItem\",\"position\":1,\"name\":\"Accueil\",\"item\":\"https:\/\/autravail.ca\/\"},{\"@type\":\"ListItem\",\"position\":2,\"name\":\"Magasin\",\"item\":\"https:\/\/autravail.ca\/en\/shop\/\"},{\"@type\":\"ListItem\",\"position\":3,\"name\":\"SEN-710 &#8211; MASQUE DE PROC\u00c9DURE AVEC COURROIES D&rsquo;OREILLES\"}]},{\"@type\":\"WebSite\",\"@id\":\"https:\/\/autravail.ca\/#website\",\"url\":\"https:\/\/autravail.ca\/\",\"name\":\"Le Magasin Industriel\",\"description\":\"50 ans de tradition de s\u00e9curit\u00e9 au travail\",\"publisher\":{\"@id\":\"https:\/\/autravail.ca\/#organization\"},\"potentialAction\":[{\"@type\":\"SearchAction\",\"target\":{\"@type\":\"EntryPoint\",\"urlTemplate\":\"https:\/\/autravail.ca\/?s={search_term_string}\"},\"query-input\":{\"@type\":\"PropertyValueSpecification\",\"valueRequired\":true,\"valueName\":\"search_term_string\"}}],\"inLanguage\":\"en-CA\"},{\"@type\":\"Organization\",\"@id\":\"https:\/\/autravail.ca\/#organization\",\"name\":\"Le Magasin Industriel\",\"url\":\"https:\/\/autravail.ca\/\",\"logo\":{\"@type\":\"ImageObject\",\"inLanguage\":\"en-CA\",\"@id\":\"https:\/\/autravail.ca\/#\/schema\/logo\/image\/\",\"url\":\"https:\/\/autravail.ca\/wp-content\/uploads\/2025\/05\/cropped-magasin_industriel_120x.avif\",\"contentUrl\":\"https:\/\/autravail.ca\/wp-content\/uploads\/2025\/05\/cropped-magasin_industriel_120x.avif\",\"width\":120,\"height\":24,\"caption\":\"Le Magasin Industriel\"},\"image\":{\"@id\":\"https:\/\/autravail.ca\/#\/schema\/logo\/image\/\"},\"sameAs\":[\"https:\/\/www.facebook.com\/lemagasinindustriel\/?locale=fr_FR\"]}]}<\/script>\n<!-- \/ Yoast SEO plugin. -->","yoast_head_json":{"title":"SEN-710 - MASQUE DE PROC\u00c9DURE AVEC COURROIES D'OREILLES - Le Magasin Industriel","robots":{"index":"index","follow":"follow","max-snippet":"max-snippet:-1","max-image-preview":"max-image-preview:large","max-video-preview":"max-video-preview:-1"},"canonical":"https:\/\/autravail.ca\/en\/product\/sen-710-masque-de-procedure-avec-courroies-doreilles\/","og_locale":"en_US","og_type":"article","og_title":"SEN-710 - MASQUE DE PROC\u00c9DURE AVEC COURROIES D'OREILLES - Le Magasin Industriel","og_description":"Masque de proc\u00e9dure avec courroies d&rsquo;oreilles &#8211; G\u00e9roline Fusion-soufflage de nanofibres La filtration du AirGUARDZ est r\u00e9alis\u00e9 \u00e0 l&rsquo;aide de nanofibres obtenues par fusion-soufflage. Le diam\u00e8tre des nanofibres obtenues par fusion-soufflage est beaucoup plus petit (0.6 \u00e0 0.8 micron) que celui des fibres de polypropyl\u00e8ne de fusion-soufflage utilis\u00e9es dans la fabrication d&rsquo;autres masques (2 \u00e0 [&hellip;]","og_url":"https:\/\/autravail.ca\/en\/product\/sen-710-masque-de-procedure-avec-courroies-doreilles\/","og_site_name":"Le Magasin Industriel","article_publisher":"https:\/\/www.facebook.com\/lemagasinindustriel\/?locale=fr_FR","article_modified_time":"2025-12-05T09:09:53+00:00","og_image":[{"width":540,"height":600,"url":"https:\/\/autravail.ca\/wp-content\/uploads\/2025\/05\/SEN-710_b.jpg","type":"image\/jpeg"}],"twitter_card":"summary_large_image","twitter_misc":{"Est. reading time":"1 minute"},"schema":{"@context":"https:\/\/schema.org","@graph":[{"@type":"WebPage","@id":"https:\/\/autravail.ca\/product\/sen-710-masque-de-procedure-avec-courroies-doreilles\/","url":"https:\/\/autravail.ca\/product\/sen-710-masque-de-procedure-avec-courroies-doreilles\/","name":"SEN-710 - MASQUE DE PROC\u00c9DURE AVEC COURROIES D'OREILLES - Le Magasin Industriel","isPartOf":{"@id":"https:\/\/autravail.ca\/#website"},"primaryImageOfPage":{"@id":"https:\/\/autravail.ca\/product\/sen-710-masque-de-procedure-avec-courroies-doreilles\/#primaryimage"},"image":{"@id":"https:\/\/autravail.ca\/product\/sen-710-masque-de-procedure-avec-courroies-doreilles\/#primaryimage"},"thumbnailUrl":"https:\/\/autravail.ca\/wp-content\/uploads\/2025\/05\/SEN-710_b.jpg","datePublished":"2025-05-08T07:56:02+00:00","dateModified":"2025-12-05T09:09:53+00:00","breadcrumb":{"@id":"https:\/\/autravail.ca\/product\/sen-710-masque-de-procedure-avec-courroies-doreilles\/#breadcrumb"},"inLanguage":"en-CA","potentialAction":[{"@type":"ReadAction","target":["https:\/\/autravail.ca\/product\/sen-710-masque-de-procedure-avec-courroies-doreilles\/"]}]},{"@type":"ImageObject","inLanguage":"en-CA","@id":"https:\/\/autravail.ca\/product\/sen-710-masque-de-procedure-avec-courroies-doreilles\/#primaryimage","url":"https:\/\/autravail.ca\/wp-content\/uploads\/2025\/05\/SEN-710_b.jpg","contentUrl":"https:\/\/autravail.ca\/wp-content\/uploads\/2025\/05\/SEN-710_b.jpg","width":540,"height":600},{"@type":"BreadcrumbList","@id":"https:\/\/autravail.ca\/product\/sen-710-masque-de-procedure-avec-courroies-doreilles\/#breadcrumb","itemListElement":[{"@type":"ListItem","position":1,"name":"Accueil","item":"https:\/\/autravail.ca\/"},{"@type":"ListItem","position":2,"name":"Magasin","item":"https:\/\/autravail.ca\/en\/shop\/"},{"@type":"ListItem","position":3,"name":"SEN-710 &#8211; MASQUE DE PROC\u00c9DURE AVEC COURROIES D&rsquo;OREILLES"}]},{"@type":"WebSite","@id":"https:\/\/autravail.ca\/#website","url":"https:\/\/autravail.ca\/","name":"Le Magasin Industriel","description":"50 ans de tradition de s\u00e9curit\u00e9 au travail","publisher":{"@id":"https:\/\/autravail.ca\/#organization"},"potentialAction":[{"@type":"SearchAction","target":{"@type":"EntryPoint","urlTemplate":"https:\/\/autravail.ca\/?s={search_term_string}"},"query-input":{"@type":"PropertyValueSpecification","valueRequired":true,"valueName":"search_term_string"}}],"inLanguage":"en-CA"},{"@type":"Organization","@id":"https:\/\/autravail.ca\/#organization","name":"Le Magasin Industriel","url":"https:\/\/autravail.ca\/","logo":{"@type":"ImageObject","inLanguage":"en-CA","@id":"https:\/\/autravail.ca\/#\/schema\/logo\/image\/","url":"https:\/\/autravail.ca\/wp-content\/uploads\/2025\/05\/cropped-magasin_industriel_120x.avif","contentUrl":"https:\/\/autravail.ca\/wp-content\/uploads\/2025\/05\/cropped-magasin_industriel_120x.avif","width":120,"height":24,"caption":"Le Magasin Industriel"},"image":{"@id":"https:\/\/autravail.ca\/#\/schema\/logo\/image\/"},"sameAs":["https:\/\/www.facebook.com\/lemagasinindustriel\/?locale=fr_FR"]}]}},"jetpack_sharing_enabled":true,"_links":{"self":[{"href":"https:\/\/autravail.ca\/en\/wp-json\/wp\/v2\/product\/36607","targetHints":{"allow":["GET"]}}],"collection":[{"href":"https:\/\/autravail.ca\/en\/wp-json\/wp\/v2\/product"}],"about":[{"href":"https:\/\/autravail.ca\/en\/wp-json\/wp\/v2\/types\/product"}],"replies":[{"embeddable":true,"href":"https:\/\/autravail.ca\/en\/wp-json\/wp\/v2\/comments?post=36607"}],"wp:featuredmedia":[{"embeddable":true,"href":"https:\/\/autravail.ca\/en\/wp-json\/wp\/v2\/media\/22481"}],"wp:attachment":[{"href":"https:\/\/autravail.ca\/en\/wp-json\/wp\/v2\/media?parent=36607"}],"wp:term":[{"taxonomy":"product_cat","embeddable":true,"href":"https:\/\/autravail.ca\/en\/wp-json\/wp\/v2\/product_cat?post=36607"},{"taxonomy":"product_tag","embeddable":true,"href":"https:\/\/autravail.ca\/en\/wp-json\/wp\/v2\/product_tag?post=36607"}],"curies":[{"name":"wp","href":"https:\/\/api.w.org\/{rel}","templated":true}]}}