{"id":36606,"date":"2025-05-08T07:56:02","date_gmt":"2025-05-08T07:56:02","guid":{"rendered":"https:\/\/meteoquebec.ca\/?post_type=product&#038;p=36606"},"modified":"2026-04-05T22:44:06","modified_gmt":"2026-04-06T02:44:06","slug":"semelle-confort-antifatigue-w91621","status":"publish","type":"product","link":"https:\/\/autravail.ca\/en\/product\/semelle-confort-antifatigue-w91621\/","title":{"rendered":"Semelle confort Antifatigue &#8211; 91621"},"content":{"rendered":"<h3>Semelle confort Antifatigue &#8211; 91621<\/h3>\n<p>L\u2019assise plantaire en mousse moul\u00e9e de nos semelles int\u00e9rieures Timberland PRO\u00ae a \u00e9t\u00e9 am\u00e9lior\u00e9e sur le plan du confort et de la performance, ce qui fait vraiment une diff\u00e9rence pour ceux et celles qui travaillent longtemps debout. Gr\u00e2ce \u00e0 notre technologie antifatigue et \u00e0 un soutien dynamique de la vo\u00fbte plantaire, les Semelle confort Antifatigue &#8211; 91621 sont con\u00e7ues pour amortir les chocs et retourner l\u2019\u00e9nergie \u00e0 vos pieds \u00e0 chaque pas, afin de vous offrir une assise confortable, stable et soutenant tout au long de la journ\u00e9e. La couche sup\u00e9rieure en mousse OrthoLite\u00ae procure un confort suppl\u00e9mentaire et permet une gestion de l\u2019humidit\u00e9 et un contr\u00f4le antimicrobien contre les odeurs. De plus, sa conception unique \u00e0 c\u00f4nes invers\u00e9s r\u00e9duit la quantit\u00e9 de mat\u00e9riaux utilis\u00e9s et all\u00e8ge donc votre botte ou votre chaussure.<\/p>\n<h4>Conseil important:<\/h4>\n<p>Ne jamais superposer deux semelles confort \u00e0 l&rsquo;int\u00e9rieur de votre chaussure de travail. L&rsquo;id\u00e9al est de simplement remplacer l&rsquo;ancienne par la nouvelle semelle.<\/p>\n<h4>Characteristics:<\/h4>\n<ul>\n<li class=\"ml-5\">Semelle antifatigue avec motif \u00e0 c\u00f4nes invers\u00e9s offrant un soutien l\u00e9ger et durable<\/li>\n<li class=\"ml-5\">Amortissement des chocs et un retour d\u2019\u00e9nergie sup\u00e9rieurs gr\u00e2ce \u00e0 la technologie Antifatigue.<\/li>\n<li class=\"ml-5\">Couche sup\u00e9rieure en mousse OrthoLite\u2122 offrant un confort premi\u00e8re qualit\u00e9 et permettant l\u2019\u00e9vacuation de l\u2019humidit\u00e9<\/li>\n<li class=\"ml-5\">Assise plantaire qui \u00e9pouse parfaitement la forme du pied et offre un maximum de confort et de soutien<\/li>\n<li class=\"ml-5\">Conception dynamique de la vo\u00fbte plantaire qui s\u2019adapte \u00e0 toutes les formes de pied pour un soutien et un confort maximum.<\/li>\n<li class=\"ml-5\">Garantie inconditionnelle de confort pendant un an<\/li>\n<\/ul>\n<h4>Pointures:<\/h4>\n<ul>\n<li>TP \u00e9quivaut aux pointures 5-6 pour femmes;<\/li>\n<li>P \u00e9quivaut aux pointures 7-8 pour femmes et 6\/7 pour hommes;<\/li>\n<li>M \u00e9quivaut aux pointures 9-10 pour femmes et 8-9 pour hommes;<\/li>\n<li>G \u00e9quivaut aux pointures 11-12 pour femmes et 10-11 pour hommes;<\/li>\n<li>TG \u00e9quivaut aux pointures 12-13 pour hommes;<\/li>\n<li>TTG \u00e9quivaut aux pointures 14-15 pour hommes<\/li>\n<\/ul>\n<p>&nbsp;<\/p>\n<p><img decoding=\"async\" class=\"alignnone wp-image-40620\" src=\"https:\/\/autravail.ca\/wp-content\/uploads\/2025\/09\/Jachete-quebec-et-canada.jpg\" alt=\"Logo de l'achat local\" width=\"162\" height=\"139\" \/>Merci d&rsquo;encourager une entreprise 100% d&rsquo;ici!<\/p>","protected":false},"excerpt":{"rendered":"<p>Semelle confort Antifatigue &#8211; 91621 L\u2019assise plantaire en mousse moul\u00e9e de nos semelles int\u00e9rieures Timberland PRO\u00ae a \u00e9t\u00e9 am\u00e9lior\u00e9e sur le plan du confort et de la performance, ce qui fait vraiment une diff\u00e9rence pour ceux et celles qui travaillent longtemps debout. Gr\u00e2ce \u00e0 notre technologie antifatigue et \u00e0 un soutien dynamique de la vo\u00fbte [&hellip;]<\/p>","protected":false},"featured_media":40725,"comment_status":"open","ping_status":"closed","template":"","meta":[],"product_cat":[15,657,633,602,768],"product_tag":[255,242,407],"class_list":{"0":"post-36606","1":"product","2":"type-product","3":"status-publish","4":"has-post-thumbnail","6":"product_brand-timberland-pro","7":"product_cat-uncategorized","8":"product_cat-accessoires-de-chaussures","9":"product_cat-femmes","10":"product_cat-hommes","11":"product_cat-semelles-confort","12":"product_tag-femme","13":"product_tag-homme","14":"product_tag-semelles-confort","16":"first","17":"instock","18":"taxable","19":"shipping-taxable","20":"purchasable","21":"product-type-variable"},"yoast_head":"<!-- This site is optimized with the Yoast SEO plugin v25.3.1 - https:\/\/yoast.com\/wordpress\/plugins\/seo\/ -->\n<title>Semelle confort Antifatigue - 91621 - Le Magasin Industriel<\/title>\n<meta name=\"description\" content=\"Les Semelle confort Antifatigue - 91621 de Timberland Pro parfaitement adapt\u00e9es aux bottes de travail et qui r\u00e9duisent la fatigue de vos pieds.\" \/>\n<meta name=\"robots\" content=\"index, follow, max-snippet:-1, max-image-preview:large, max-video-preview:-1\" \/>\n<link rel=\"canonical\" href=\"https:\/\/autravail.ca\/en\/product\/semelle-confort-antifatigue-w91621\/\" \/>\n<meta property=\"og:locale\" content=\"en_US\" \/>\n<meta property=\"og:type\" content=\"article\" \/>\n<meta property=\"og:title\" content=\"Semelle confort Antifatigue - 91621 - Le Magasin Industriel\" \/>\n<meta property=\"og:description\" content=\"Les Semelle confort Antifatigue - 91621 de Timberland Pro parfaitement adapt\u00e9es aux bottes de travail et qui r\u00e9duisent la fatigue de vos pieds.\" \/>\n<meta property=\"og:url\" content=\"https:\/\/autravail.ca\/en\/product\/semelle-confort-antifatigue-w91621\/\" \/>\n<meta property=\"og:site_name\" content=\"Le Magasin Industriel\" \/>\n<meta property=\"article:publisher\" content=\"https:\/\/www.facebook.com\/lemagasinindustriel\/?locale=fr_FR\" \/>\n<meta property=\"article:modified_time\" content=\"2026-04-06T02:44:06+00:00\" \/>\n<meta property=\"og:image\" content=\"https:\/\/autravail.ca\/wp-content\/uploads\/2025\/05\/91621_A01-2.jpg\" \/>\n\t<meta property=\"og:image:width\" content=\"1000\" \/>\n\t<meta property=\"og:image:height\" content=\"1000\" \/>\n\t<meta property=\"og:image:type\" content=\"image\/jpeg\" \/>\n<meta name=\"twitter:card\" content=\"summary_large_image\" \/>\n<meta name=\"twitter:label1\" content=\"Est. reading time\" \/>\n\t<meta name=\"twitter:data1\" content=\"2 minutes\" \/>\n<script type=\"application\/ld+json\" class=\"yoast-schema-graph\">{\"@context\":\"https:\/\/schema.org\",\"@graph\":[{\"@type\":\"WebPage\",\"@id\":\"https:\/\/autravail.ca\/product\/semelle-confort-antifatigue-w91621\/\",\"url\":\"https:\/\/autravail.ca\/product\/semelle-confort-antifatigue-w91621\/\",\"name\":\"Semelle confort Antifatigue - 91621 - Le Magasin Industriel\",\"isPartOf\":{\"@id\":\"https:\/\/autravail.ca\/#website\"},\"primaryImageOfPage\":{\"@id\":\"https:\/\/autravail.ca\/product\/semelle-confort-antifatigue-w91621\/#primaryimage\"},\"image\":{\"@id\":\"https:\/\/autravail.ca\/product\/semelle-confort-antifatigue-w91621\/#primaryimage\"},\"thumbnailUrl\":\"https:\/\/autravail.ca\/wp-content\/uploads\/2025\/05\/91621_A01-2.jpg\",\"datePublished\":\"2025-05-08T07:56:02+00:00\",\"dateModified\":\"2026-04-06T02:44:06+00:00\",\"description\":\"Les Semelle confort Antifatigue - 91621 de Timberland Pro parfaitement adapt\u00e9es aux bottes de travail et qui r\u00e9duisent la fatigue de vos pieds.\",\"breadcrumb\":{\"@id\":\"https:\/\/autravail.ca\/product\/semelle-confort-antifatigue-w91621\/#breadcrumb\"},\"inLanguage\":\"en-CA\",\"potentialAction\":[{\"@type\":\"ReadAction\",\"target\":[\"https:\/\/autravail.ca\/product\/semelle-confort-antifatigue-w91621\/\"]}]},{\"@type\":\"ImageObject\",\"inLanguage\":\"en-CA\",\"@id\":\"https:\/\/autravail.ca\/product\/semelle-confort-antifatigue-w91621\/#primaryimage\",\"url\":\"https:\/\/autravail.ca\/wp-content\/uploads\/2025\/05\/91621_A01-2.jpg\",\"contentUrl\":\"https:\/\/autravail.ca\/wp-content\/uploads\/2025\/05\/91621_A01-2.jpg\",\"width\":1000,\"height\":1000,\"caption\":\"Semelles confort antifatigue de Timberland Pro 91621\"},{\"@type\":\"BreadcrumbList\",\"@id\":\"https:\/\/autravail.ca\/product\/semelle-confort-antifatigue-w91621\/#breadcrumb\",\"itemListElement\":[{\"@type\":\"ListItem\",\"position\":1,\"name\":\"Accueil\",\"item\":\"https:\/\/autravail.ca\/\"},{\"@type\":\"ListItem\",\"position\":2,\"name\":\"Magasin\",\"item\":\"https:\/\/autravail.ca\/en\/shop\/\"},{\"@type\":\"ListItem\",\"position\":3,\"name\":\"Semelle confort Antifatigue &#8211; 91621\"}]},{\"@type\":\"WebSite\",\"@id\":\"https:\/\/autravail.ca\/#website\",\"url\":\"https:\/\/autravail.ca\/\",\"name\":\"Le Magasin Industriel\",\"description\":\"50 ans de tradition de s\u00e9curit\u00e9 au travail\",\"publisher\":{\"@id\":\"https:\/\/autravail.ca\/#organization\"},\"potentialAction\":[{\"@type\":\"SearchAction\",\"target\":{\"@type\":\"EntryPoint\",\"urlTemplate\":\"https:\/\/autravail.ca\/?s={search_term_string}\"},\"query-input\":{\"@type\":\"PropertyValueSpecification\",\"valueRequired\":true,\"valueName\":\"search_term_string\"}}],\"inLanguage\":\"en-CA\"},{\"@type\":\"Organization\",\"@id\":\"https:\/\/autravail.ca\/#organization\",\"name\":\"Le Magasin Industriel\",\"url\":\"https:\/\/autravail.ca\/\",\"logo\":{\"@type\":\"ImageObject\",\"inLanguage\":\"en-CA\",\"@id\":\"https:\/\/autravail.ca\/#\/schema\/logo\/image\/\",\"url\":\"https:\/\/autravail.ca\/wp-content\/uploads\/2025\/05\/cropped-magasin_industriel_120x.avif\",\"contentUrl\":\"https:\/\/autravail.ca\/wp-content\/uploads\/2025\/05\/cropped-magasin_industriel_120x.avif\",\"width\":120,\"height\":24,\"caption\":\"Le Magasin Industriel\"},\"image\":{\"@id\":\"https:\/\/autravail.ca\/#\/schema\/logo\/image\/\"},\"sameAs\":[\"https:\/\/www.facebook.com\/lemagasinindustriel\/?locale=fr_FR\"]}]}<\/script>\n<!-- \/ Yoast SEO plugin. -->","yoast_head_json":{"title":"Semelle confort Antifatigue - 91621 - Le Magasin Industriel","description":"Les Semelle confort Antifatigue - 91621 de Timberland Pro parfaitement adapt\u00e9es aux bottes de travail et qui r\u00e9duisent la fatigue de vos pieds.","robots":{"index":"index","follow":"follow","max-snippet":"max-snippet:-1","max-image-preview":"max-image-preview:large","max-video-preview":"max-video-preview:-1"},"canonical":"https:\/\/autravail.ca\/en\/product\/semelle-confort-antifatigue-w91621\/","og_locale":"en_US","og_type":"article","og_title":"Semelle confort Antifatigue - 91621 - Le Magasin Industriel","og_description":"Les Semelle confort Antifatigue - 91621 de Timberland Pro parfaitement adapt\u00e9es aux bottes de travail et qui r\u00e9duisent la fatigue de vos pieds.","og_url":"https:\/\/autravail.ca\/en\/product\/semelle-confort-antifatigue-w91621\/","og_site_name":"Le Magasin Industriel","article_publisher":"https:\/\/www.facebook.com\/lemagasinindustriel\/?locale=fr_FR","article_modified_time":"2026-04-06T02:44:06+00:00","og_image":[{"width":1000,"height":1000,"url":"https:\/\/autravail.ca\/wp-content\/uploads\/2025\/05\/91621_A01-2.jpg","type":"image\/jpeg"}],"twitter_card":"summary_large_image","twitter_misc":{"Est. reading time":"2 minutes"},"schema":{"@context":"https:\/\/schema.org","@graph":[{"@type":"WebPage","@id":"https:\/\/autravail.ca\/product\/semelle-confort-antifatigue-w91621\/","url":"https:\/\/autravail.ca\/product\/semelle-confort-antifatigue-w91621\/","name":"Semelle confort Antifatigue - 91621 - Le Magasin Industriel","isPartOf":{"@id":"https:\/\/autravail.ca\/#website"},"primaryImageOfPage":{"@id":"https:\/\/autravail.ca\/product\/semelle-confort-antifatigue-w91621\/#primaryimage"},"image":{"@id":"https:\/\/autravail.ca\/product\/semelle-confort-antifatigue-w91621\/#primaryimage"},"thumbnailUrl":"https:\/\/autravail.ca\/wp-content\/uploads\/2025\/05\/91621_A01-2.jpg","datePublished":"2025-05-08T07:56:02+00:00","dateModified":"2026-04-06T02:44:06+00:00","description":"Les Semelle confort Antifatigue - 91621 de Timberland Pro parfaitement adapt\u00e9es aux bottes de travail et qui r\u00e9duisent la fatigue de vos pieds.","breadcrumb":{"@id":"https:\/\/autravail.ca\/product\/semelle-confort-antifatigue-w91621\/#breadcrumb"},"inLanguage":"en-CA","potentialAction":[{"@type":"ReadAction","target":["https:\/\/autravail.ca\/product\/semelle-confort-antifatigue-w91621\/"]}]},{"@type":"ImageObject","inLanguage":"en-CA","@id":"https:\/\/autravail.ca\/product\/semelle-confort-antifatigue-w91621\/#primaryimage","url":"https:\/\/autravail.ca\/wp-content\/uploads\/2025\/05\/91621_A01-2.jpg","contentUrl":"https:\/\/autravail.ca\/wp-content\/uploads\/2025\/05\/91621_A01-2.jpg","width":1000,"height":1000,"caption":"Semelles confort antifatigue de Timberland Pro 91621"},{"@type":"BreadcrumbList","@id":"https:\/\/autravail.ca\/product\/semelle-confort-antifatigue-w91621\/#breadcrumb","itemListElement":[{"@type":"ListItem","position":1,"name":"Accueil","item":"https:\/\/autravail.ca\/"},{"@type":"ListItem","position":2,"name":"Magasin","item":"https:\/\/autravail.ca\/en\/shop\/"},{"@type":"ListItem","position":3,"name":"Semelle confort Antifatigue &#8211; 91621"}]},{"@type":"WebSite","@id":"https:\/\/autravail.ca\/#website","url":"https:\/\/autravail.ca\/","name":"Le Magasin Industriel","description":"50 ans de tradition de s\u00e9curit\u00e9 au travail","publisher":{"@id":"https:\/\/autravail.ca\/#organization"},"potentialAction":[{"@type":"SearchAction","target":{"@type":"EntryPoint","urlTemplate":"https:\/\/autravail.ca\/?s={search_term_string}"},"query-input":{"@type":"PropertyValueSpecification","valueRequired":true,"valueName":"search_term_string"}}],"inLanguage":"en-CA"},{"@type":"Organization","@id":"https:\/\/autravail.ca\/#organization","name":"Le Magasin Industriel","url":"https:\/\/autravail.ca\/","logo":{"@type":"ImageObject","inLanguage":"en-CA","@id":"https:\/\/autravail.ca\/#\/schema\/logo\/image\/","url":"https:\/\/autravail.ca\/wp-content\/uploads\/2025\/05\/cropped-magasin_industriel_120x.avif","contentUrl":"https:\/\/autravail.ca\/wp-content\/uploads\/2025\/05\/cropped-magasin_industriel_120x.avif","width":120,"height":24,"caption":"Le Magasin Industriel"},"image":{"@id":"https:\/\/autravail.ca\/#\/schema\/logo\/image\/"},"sameAs":["https:\/\/www.facebook.com\/lemagasinindustriel\/?locale=fr_FR"]}]}},"jetpack_sharing_enabled":true,"_links":{"self":[{"href":"https:\/\/autravail.ca\/en\/wp-json\/wp\/v2\/product\/36606","targetHints":{"allow":["GET"]}}],"collection":[{"href":"https:\/\/autravail.ca\/en\/wp-json\/wp\/v2\/product"}],"about":[{"href":"https:\/\/autravail.ca\/en\/wp-json\/wp\/v2\/types\/product"}],"replies":[{"embeddable":true,"href":"https:\/\/autravail.ca\/en\/wp-json\/wp\/v2\/comments?post=36606"}],"wp:featuredmedia":[{"embeddable":true,"href":"https:\/\/autravail.ca\/en\/wp-json\/wp\/v2\/media\/40725"}],"wp:attachment":[{"href":"https:\/\/autravail.ca\/en\/wp-json\/wp\/v2\/media?parent=36606"}],"wp:term":[{"taxonomy":"product_cat","embeddable":true,"href":"https:\/\/autravail.ca\/en\/wp-json\/wp\/v2\/product_cat?post=36606"},{"taxonomy":"product_tag","embeddable":true,"href":"https:\/\/autravail.ca\/en\/wp-json\/wp\/v2\/product_tag?post=36606"}],"curies":[{"name":"wp","href":"https:\/\/api.w.org\/{rel}","templated":true}]}}