{"id":36580,"date":"2025-05-08T07:55:37","date_gmt":"2025-05-08T07:55:37","guid":{"rendered":"https:\/\/meteoquebec.ca\/?post_type=product&#038;p=36580"},"modified":"2026-04-02T13:13:01","modified_gmt":"2026-04-02T17:13:01","slug":"semelle-de-confort-sheephair","status":"publish","type":"product","link":"https:\/\/autravail.ca\/en\/product\/semelle-de-confort-sheephair\/","title":{"rendered":"Semelle de confort &#8211; Sheephair"},"content":{"rendered":"<h3>Semelle de confort &#8211; Sheephair<\/h3>\n<p>Semelle de confort &#8211; Sheephair de J. Audet. <span class=\"OYPEnA font-feature-liga-off font-feature-clig-off font-feature-calt-off text-decoration-none text-strikethrough-none\">Les semelles\u00a0<\/span><span class=\"OYPEnA font-feature-liga-off font-feature-clig-off font-feature-calt-off text-decoration-none text-strikethrough-none\">SHEEPHAIR<\/span><span class=\"OYPEnA font-feature-liga-off font-feature-clig-off font-feature-calt-off text-decoration-none text-strikethrough-none\">\u00a0sont fabriqu\u00e9es en laine de mouton avec une base en feutre lain\u00e9, assurant \u00e0 vos pieds de rester chauds m\u00eame par temps froid. L&rsquo;\u00e9paisseur de la laine garantit que vos pieds restent confortablement au chaud toute la journ\u00e9e.<\/span><\/p>\n<h6>Characteristics:<\/h6>\n<ul class=\"KsbFXc U6u95\" data-sfc-root=\"c\" data-sfc-cb=\"\" data-complete=\"true\" data-processed=\"true\">\n<li class=\"dF3vjf\" data-sfc-root=\"c\" data-sfc-cb=\"\" data-hveid=\"CAEIBBAA\" data-complete=\"true\" data-sae=\"\"><span class=\"T286Pc\" data-sfc-cp=\"\" data-sfc-root=\"c\" data-sfc-cb=\"\" data-complete=\"true\">Fabriqu\u00e9es \u00e0 partir de laine de mouton v\u00e9ritable, reconnue pour sa capacit\u00e9 exceptionnelle \u00e0 conserver la chaleur naturelle du pied.<\/span><\/li>\n<li class=\"dF3vjf\" data-sfc-root=\"c\" data-sfc-cb=\"\" data-hveid=\"CAEIBBAB\" data-complete=\"true\" data-sae=\"\"><span class=\"T286Pc\" data-sfc-cp=\"\" data-sfc-root=\"c\" data-sfc-cb=\"\" data-complete=\"true\">La laine est fix\u00e9e sur une base de <strong class=\"Yjhzub\" data-sfc-root=\"c\" data-sfc-cb=\"\" data-complete=\"true\">feutre lain\u00e9<\/strong>, ce qui apporte non seulement de la chaleur suppl\u00e9mentaire mais aussi une meilleure stabilit\u00e9 \u00e0 l&rsquo;int\u00e9rieur de la botte.<\/span><\/li>\n<li class=\"dF3vjf\" data-sfc-root=\"c\" data-sfc-cb=\"\" data-hveid=\"CAEIBBAC\" data-complete=\"true\" data-sae=\"\"><span class=\"T286Pc\" data-sfc-cp=\"\" data-sfc-root=\"c\" data-sfc-cb=\"\" data-complete=\"true\">L&rsquo;\u00e9paisseur de la laine offre un amorti naturel, ce qui en fait une excellente \u00ab\u00a0fausse semelle\u00a0\u00bb pour am\u00e9liorer le confort des bottes de travail ou de randonn\u00e9e tout au long de la journ\u00e9e.<\/span><\/li>\n<li class=\"dF3vjf\" data-sfc-root=\"c\" data-sfc-cb=\"\" data-hveid=\"CAEIBBAD\" data-complete=\"true\" data-sae=\"\"><span class=\"T286Pc\" data-sfc-cp=\"\" data-sfc-root=\"c\" data-sfc-cb=\"\" data-complete=\"true\">Particuli\u00e8rement recommand\u00e9es pour les bottes de travail, les bottes de chasse ou toute chaussure utilis\u00e9e lors de temp\u00e9ratures froides.<\/span><\/li>\n<li class=\"dF3vjf\" data-sfc-root=\"c\" data-sfc-cb=\"\" data-hveid=\"CAEIBBAE\" data-complete=\"true\" data-sae=\"\"><span class=\"T286Pc\" data-sfc-cp=\"\" data-sfc-root=\"c\" data-sfc-cb=\"\" data-complete=\"true\" aria-owns=\"action-menu-parent-container\">G\u00e9n\u00e9ralement offertes dans un design souple et unisexe, adaptables \u00e0 plusieurs types de chaussures.<\/span><\/li>\n<\/ul>\n<p><strong><em>Possible slight additional delivery delay for this model.<\/em><\/strong><\/p>\n<p><em><span style=\"color: #fa0b0b;\">Unisex U.S. men's sizes presented. To convert to U.S. women's size, add 2 sizes. Example: 5 U.S. men = 7 U.S. women<\/span><\/em><\/p>\n<p><img decoding=\"async\" class=\"alignnone wp-image-40620\" src=\"https:\/\/autravail.ca\/wp-content\/uploads\/2025\/09\/Jachete-quebec-et-canada.jpg\" alt=\"Logo de l'achat local\" width=\"162\" height=\"139\" \/>Merci d&rsquo;encourager une entreprise 100% d&rsquo;ici!<\/p>\n<p>TS2604H<\/p>","protected":false},"excerpt":{"rendered":"<p>Semelle de confort &#8211; Sheephair Semelle de confort &#8211; Sheephair de J. Audet. Les semelles\u00a0SHEEPHAIR\u00a0sont fabriqu\u00e9es en laine de mouton avec une base en feutre lain\u00e9, assurant \u00e0 vos pieds de rester chauds m\u00eame par temps froid. L&rsquo;\u00e9paisseur de la laine garantit que vos pieds restent confortablement au chaud toute la journ\u00e9e. Caract\u00e9ristiques: Fabriqu\u00e9es \u00e0 [&hellip;]<\/p>","protected":false},"featured_media":46890,"comment_status":"open","ping_status":"closed","template":"","meta":[],"product_cat":[657,633,602,768],"product_tag":[302,255,242,407],"class_list":{"0":"post-36580","1":"product","2":"type-product","3":"status-publish","4":"has-post-thumbnail","6":"product_brand-j-audet-jr","7":"product_cat-accessoires-de-chaussures","8":"product_cat-femmes","9":"product_cat-hommes","10":"product_cat-semelles-confort","11":"product_tag-cadeau","12":"product_tag-femme","13":"product_tag-homme","14":"product_tag-semelles-confort","16":"first","17":"instock","18":"taxable","19":"shipping-taxable","20":"purchasable","21":"product-type-variable"},"yoast_head":"<!-- This site is optimized with the Yoast SEO plugin v25.3.1 - https:\/\/yoast.com\/wordpress\/plugins\/seo\/ -->\n<title>Semelle de confort - Sheephair - Le Magasin Industriel<\/title>\n<meta name=\"description\" content=\"Semelle de confort - Sheephair sont fabriqu\u00e9es en laine de mouton avec une base en feutre lain\u00e9, assurant \u00e0 vos pieds de rester chauds m\u00eame par temps froid\" \/>\n<meta name=\"robots\" content=\"index, follow, max-snippet:-1, max-image-preview:large, max-video-preview:-1\" \/>\n<link rel=\"canonical\" href=\"https:\/\/autravail.ca\/en\/product\/semelle-de-confort-sheephair\/\" \/>\n<meta property=\"og:locale\" content=\"en_US\" \/>\n<meta property=\"og:type\" content=\"article\" \/>\n<meta property=\"og:title\" content=\"Semelle de confort - Sheephair - Le Magasin Industriel\" \/>\n<meta property=\"og:description\" content=\"Semelle de confort - Sheephair sont fabriqu\u00e9es en laine de mouton avec une base en feutre lain\u00e9, assurant \u00e0 vos pieds de rester chauds m\u00eame par temps froid\" \/>\n<meta property=\"og:url\" content=\"https:\/\/autravail.ca\/en\/product\/semelle-de-confort-sheephair\/\" \/>\n<meta property=\"og:site_name\" content=\"Le Magasin Industriel\" \/>\n<meta property=\"article:publisher\" content=\"https:\/\/www.facebook.com\/lemagasinindustriel\/?locale=fr_FR\" \/>\n<meta property=\"article:modified_time\" content=\"2026-04-02T17:13:01+00:00\" \/>\n<meta property=\"og:image\" content=\"https:\/\/autravail.ca\/wp-content\/uploads\/2025\/05\/SHEEPHAIR_A01.jpg\" \/>\n\t<meta property=\"og:image:width\" content=\"1000\" \/>\n\t<meta property=\"og:image:height\" content=\"1000\" \/>\n\t<meta property=\"og:image:type\" content=\"image\/jpeg\" \/>\n<meta name=\"twitter:card\" content=\"summary_large_image\" \/>\n<meta name=\"twitter:label1\" content=\"Est. reading time\" \/>\n\t<meta name=\"twitter:data1\" content=\"2 minutes\" \/>\n<script type=\"application\/ld+json\" class=\"yoast-schema-graph\">{\"@context\":\"https:\/\/schema.org\",\"@graph\":[{\"@type\":\"WebPage\",\"@id\":\"https:\/\/autravail.ca\/product\/semelle-de-confort-sheephair\/\",\"url\":\"https:\/\/autravail.ca\/product\/semelle-de-confort-sheephair\/\",\"name\":\"Semelle de confort - Sheephair - Le Magasin Industriel\",\"isPartOf\":{\"@id\":\"https:\/\/autravail.ca\/#website\"},\"primaryImageOfPage\":{\"@id\":\"https:\/\/autravail.ca\/product\/semelle-de-confort-sheephair\/#primaryimage\"},\"image\":{\"@id\":\"https:\/\/autravail.ca\/product\/semelle-de-confort-sheephair\/#primaryimage\"},\"thumbnailUrl\":\"https:\/\/autravail.ca\/wp-content\/uploads\/2025\/05\/SHEEPHAIR_A01.jpg\",\"datePublished\":\"2025-05-08T07:55:37+00:00\",\"dateModified\":\"2026-04-02T17:13:01+00:00\",\"description\":\"Semelle de confort - Sheephair sont fabriqu\u00e9es en laine de mouton avec une base en feutre lain\u00e9, assurant \u00e0 vos pieds de rester chauds m\u00eame par temps froid\",\"breadcrumb\":{\"@id\":\"https:\/\/autravail.ca\/product\/semelle-de-confort-sheephair\/#breadcrumb\"},\"inLanguage\":\"en-CA\",\"potentialAction\":[{\"@type\":\"ReadAction\",\"target\":[\"https:\/\/autravail.ca\/product\/semelle-de-confort-sheephair\/\"]}]},{\"@type\":\"ImageObject\",\"inLanguage\":\"en-CA\",\"@id\":\"https:\/\/autravail.ca\/product\/semelle-de-confort-sheephair\/#primaryimage\",\"url\":\"https:\/\/autravail.ca\/wp-content\/uploads\/2025\/05\/SHEEPHAIR_A01.jpg\",\"contentUrl\":\"https:\/\/autravail.ca\/wp-content\/uploads\/2025\/05\/SHEEPHAIR_A01.jpg\",\"width\":1000,\"height\":1000,\"caption\":\"Semelle de confort - Sheephair\"},{\"@type\":\"BreadcrumbList\",\"@id\":\"https:\/\/autravail.ca\/product\/semelle-de-confort-sheephair\/#breadcrumb\",\"itemListElement\":[{\"@type\":\"ListItem\",\"position\":1,\"name\":\"Accueil\",\"item\":\"https:\/\/autravail.ca\/\"},{\"@type\":\"ListItem\",\"position\":2,\"name\":\"Magasin\",\"item\":\"https:\/\/autravail.ca\/en\/shop\/\"},{\"@type\":\"ListItem\",\"position\":3,\"name\":\"Semelle de confort &#8211; Sheephair\"}]},{\"@type\":\"WebSite\",\"@id\":\"https:\/\/autravail.ca\/#website\",\"url\":\"https:\/\/autravail.ca\/\",\"name\":\"Le Magasin Industriel\",\"description\":\"50 ans de tradition de s\u00e9curit\u00e9 au travail\",\"publisher\":{\"@id\":\"https:\/\/autravail.ca\/#organization\"},\"potentialAction\":[{\"@type\":\"SearchAction\",\"target\":{\"@type\":\"EntryPoint\",\"urlTemplate\":\"https:\/\/autravail.ca\/?s={search_term_string}\"},\"query-input\":{\"@type\":\"PropertyValueSpecification\",\"valueRequired\":true,\"valueName\":\"search_term_string\"}}],\"inLanguage\":\"en-CA\"},{\"@type\":\"Organization\",\"@id\":\"https:\/\/autravail.ca\/#organization\",\"name\":\"Le Magasin Industriel\",\"url\":\"https:\/\/autravail.ca\/\",\"logo\":{\"@type\":\"ImageObject\",\"inLanguage\":\"en-CA\",\"@id\":\"https:\/\/autravail.ca\/#\/schema\/logo\/image\/\",\"url\":\"https:\/\/autravail.ca\/wp-content\/uploads\/2025\/05\/cropped-magasin_industriel_120x.avif\",\"contentUrl\":\"https:\/\/autravail.ca\/wp-content\/uploads\/2025\/05\/cropped-magasin_industriel_120x.avif\",\"width\":120,\"height\":24,\"caption\":\"Le Magasin Industriel\"},\"image\":{\"@id\":\"https:\/\/autravail.ca\/#\/schema\/logo\/image\/\"},\"sameAs\":[\"https:\/\/www.facebook.com\/lemagasinindustriel\/?locale=fr_FR\"]}]}<\/script>\n<!-- \/ Yoast SEO plugin. -->","yoast_head_json":{"title":"Semelle de confort - Sheephair - Le Magasin Industriel","description":"Semelle de confort - Sheephair sont fabriqu\u00e9es en laine de mouton avec une base en feutre lain\u00e9, assurant \u00e0 vos pieds de rester chauds m\u00eame par temps froid","robots":{"index":"index","follow":"follow","max-snippet":"max-snippet:-1","max-image-preview":"max-image-preview:large","max-video-preview":"max-video-preview:-1"},"canonical":"https:\/\/autravail.ca\/en\/product\/semelle-de-confort-sheephair\/","og_locale":"en_US","og_type":"article","og_title":"Semelle de confort - Sheephair - Le Magasin Industriel","og_description":"Semelle de confort - Sheephair sont fabriqu\u00e9es en laine de mouton avec une base en feutre lain\u00e9, assurant \u00e0 vos pieds de rester chauds m\u00eame par temps froid","og_url":"https:\/\/autravail.ca\/en\/product\/semelle-de-confort-sheephair\/","og_site_name":"Le Magasin Industriel","article_publisher":"https:\/\/www.facebook.com\/lemagasinindustriel\/?locale=fr_FR","article_modified_time":"2026-04-02T17:13:01+00:00","og_image":[{"width":1000,"height":1000,"url":"https:\/\/autravail.ca\/wp-content\/uploads\/2025\/05\/SHEEPHAIR_A01.jpg","type":"image\/jpeg"}],"twitter_card":"summary_large_image","twitter_misc":{"Est. reading time":"2 minutes"},"schema":{"@context":"https:\/\/schema.org","@graph":[{"@type":"WebPage","@id":"https:\/\/autravail.ca\/product\/semelle-de-confort-sheephair\/","url":"https:\/\/autravail.ca\/product\/semelle-de-confort-sheephair\/","name":"Semelle de confort - Sheephair - Le Magasin Industriel","isPartOf":{"@id":"https:\/\/autravail.ca\/#website"},"primaryImageOfPage":{"@id":"https:\/\/autravail.ca\/product\/semelle-de-confort-sheephair\/#primaryimage"},"image":{"@id":"https:\/\/autravail.ca\/product\/semelle-de-confort-sheephair\/#primaryimage"},"thumbnailUrl":"https:\/\/autravail.ca\/wp-content\/uploads\/2025\/05\/SHEEPHAIR_A01.jpg","datePublished":"2025-05-08T07:55:37+00:00","dateModified":"2026-04-02T17:13:01+00:00","description":"Semelle de confort - Sheephair sont fabriqu\u00e9es en laine de mouton avec une base en feutre lain\u00e9, assurant \u00e0 vos pieds de rester chauds m\u00eame par temps froid","breadcrumb":{"@id":"https:\/\/autravail.ca\/product\/semelle-de-confort-sheephair\/#breadcrumb"},"inLanguage":"en-CA","potentialAction":[{"@type":"ReadAction","target":["https:\/\/autravail.ca\/product\/semelle-de-confort-sheephair\/"]}]},{"@type":"ImageObject","inLanguage":"en-CA","@id":"https:\/\/autravail.ca\/product\/semelle-de-confort-sheephair\/#primaryimage","url":"https:\/\/autravail.ca\/wp-content\/uploads\/2025\/05\/SHEEPHAIR_A01.jpg","contentUrl":"https:\/\/autravail.ca\/wp-content\/uploads\/2025\/05\/SHEEPHAIR_A01.jpg","width":1000,"height":1000,"caption":"Semelle de confort - Sheephair"},{"@type":"BreadcrumbList","@id":"https:\/\/autravail.ca\/product\/semelle-de-confort-sheephair\/#breadcrumb","itemListElement":[{"@type":"ListItem","position":1,"name":"Accueil","item":"https:\/\/autravail.ca\/"},{"@type":"ListItem","position":2,"name":"Magasin","item":"https:\/\/autravail.ca\/en\/shop\/"},{"@type":"ListItem","position":3,"name":"Semelle de confort &#8211; Sheephair"}]},{"@type":"WebSite","@id":"https:\/\/autravail.ca\/#website","url":"https:\/\/autravail.ca\/","name":"Le Magasin Industriel","description":"50 ans de tradition de s\u00e9curit\u00e9 au travail","publisher":{"@id":"https:\/\/autravail.ca\/#organization"},"potentialAction":[{"@type":"SearchAction","target":{"@type":"EntryPoint","urlTemplate":"https:\/\/autravail.ca\/?s={search_term_string}"},"query-input":{"@type":"PropertyValueSpecification","valueRequired":true,"valueName":"search_term_string"}}],"inLanguage":"en-CA"},{"@type":"Organization","@id":"https:\/\/autravail.ca\/#organization","name":"Le Magasin Industriel","url":"https:\/\/autravail.ca\/","logo":{"@type":"ImageObject","inLanguage":"en-CA","@id":"https:\/\/autravail.ca\/#\/schema\/logo\/image\/","url":"https:\/\/autravail.ca\/wp-content\/uploads\/2025\/05\/cropped-magasin_industriel_120x.avif","contentUrl":"https:\/\/autravail.ca\/wp-content\/uploads\/2025\/05\/cropped-magasin_industriel_120x.avif","width":120,"height":24,"caption":"Le Magasin Industriel"},"image":{"@id":"https:\/\/autravail.ca\/#\/schema\/logo\/image\/"},"sameAs":["https:\/\/www.facebook.com\/lemagasinindustriel\/?locale=fr_FR"]}]}},"jetpack_sharing_enabled":true,"_links":{"self":[{"href":"https:\/\/autravail.ca\/en\/wp-json\/wp\/v2\/product\/36580","targetHints":{"allow":["GET"]}}],"collection":[{"href":"https:\/\/autravail.ca\/en\/wp-json\/wp\/v2\/product"}],"about":[{"href":"https:\/\/autravail.ca\/en\/wp-json\/wp\/v2\/types\/product"}],"replies":[{"embeddable":true,"href":"https:\/\/autravail.ca\/en\/wp-json\/wp\/v2\/comments?post=36580"}],"wp:featuredmedia":[{"embeddable":true,"href":"https:\/\/autravail.ca\/en\/wp-json\/wp\/v2\/media\/46890"}],"wp:attachment":[{"href":"https:\/\/autravail.ca\/en\/wp-json\/wp\/v2\/media?parent=36580"}],"wp:term":[{"taxonomy":"product_cat","embeddable":true,"href":"https:\/\/autravail.ca\/en\/wp-json\/wp\/v2\/product_cat?post=36580"},{"taxonomy":"product_tag","embeddable":true,"href":"https:\/\/autravail.ca\/en\/wp-json\/wp\/v2\/product_tag?post=36580"}],"curies":[{"name":"wp","href":"https:\/\/api.w.org\/{rel}","templated":true}]}}