{"id":36579,"date":"2025-05-08T07:55:37","date_gmt":"2025-05-08T07:55:37","guid":{"rendered":"https:\/\/meteoquebec.ca\/?post_type=product&#038;p=36579"},"modified":"2026-02-24T13:36:29","modified_gmt":"2026-02-24T17:36:29","slug":"botte-de-travail-s559","status":"publish","type":"product","link":"https:\/\/autravail.ca\/en\/product\/botte-de-travail-s559\/","title":{"rendered":"Botte de travail &#8211; S559"},"content":{"rendered":"<h3>Botte de travail &#8211; S559<\/h3>\n<p>Botte de travail &#8211; S559 de\u00a0<span data-sfc-cp=\"\" data-wiz-uids=\"TkPS9c_e\" data-complete=\"true\" data-processed=\"true\"><a class=\"H23r4e\" href=\"https:\/\/autravail.ca\/en\/product-brand\/pilote-et-filles\/\" target=\"_blank\" rel=\"noopener\" data-hveid=\"CAEIAhAB\" data-processed=\"true\">Pilote &amp; Filles<\/a><\/span> est un bottillon de s\u00e9curit\u00e9 de 6 pouces qui mise sur un look classique et \u00e9pur\u00e9, id\u00e9al pour celles qui recherchent une botte robuste sans fioritures. Classique, confortable et con\u00e7ue pour elle : cette botte de travail 6\u00a0\u00bb en cuir avec embout et semelle de protection en acier offre un style intemporel pens\u00e9 pour les femmes actives. Un essentiel de s\u00e9curit\u00e9 au look sobre, qui allie robustesse et confort au f\u00e9minin.<\/p>\n<p><img decoding=\"async\" class=\"alignnone size-full wp-image-40117\" src=\"https:\/\/autravail.ca\/wp-content\/uploads\/2025\/09\/Certification-Omega-Triangle-vert.jpg\" alt=\"Certifications Om\u00e9ga Triangle vert\" width=\"193\" height=\"110\" srcset=\"https:\/\/autravail.ca\/wp-content\/uploads\/2025\/09\/Certification-Omega-Triangle-vert.jpg 193w, https:\/\/autravail.ca\/wp-content\/uploads\/2025\/09\/Certification-Omega-Triangle-vert-150x85.jpg 150w, https:\/\/autravail.ca\/wp-content\/uploads\/2025\/09\/Certification-Omega-Triangle-vert-18x10.jpg 18w\" sizes=\"(max-width: 193px) 100vw, 193px\" \/><\/p>\n<h6>Characteristics:<\/h6>\n<ul>\n<li>Hauteur : 6&Prime;\u00a0\/\u00a015.2 cm<\/li>\n<li>Tige en cuir pleine fleur de haute qualit\u00e9, offrant une excellente r\u00e9sistance \u00e0 l&rsquo;usure.<\/li>\n<li>Double Density PU Sole<\/li>\n<li>Doublure respirante et r\u00e9sistante \u00e0 l&rsquo;abrasion avec traitement antimicrobien.<\/li>\n<li>Protective corner guard made of PU for increased protection.<\/li>\n<li>Fermoir YKK sur c\u00f4t\u00e9 int\u00e9rieur.<\/li>\n<li>Semelle int\u00e9rieure amovible faite de PU, antibact\u00e9rienne et absorbant les chocs pour un confort prolong\u00e9.<\/li>\n<li>Renfort d\u2019usure au talon int\u00e9rieur.<\/li>\n<li>Elle est \u00e9quip\u00e9e d&rsquo;un\u00a0<strong class=\"Yjhzub\" data-complete=\"true\">embout d&rsquo;acier<\/strong>\u00a0et d&rsquo;une semelle antiperforation en acier, certifi\u00e9s\u00a0<strong class=\"Yjhzub\" data-complete=\"true\">CSA Classe 1<\/strong>.<\/li>\n<li><span class=\"T286Pc\" data-sfc-cp=\"\" data-complete=\"true\">Approuv\u00e9e\u00a0<strong class=\"Yjhzub\" data-complete=\"true\">di\u00e9lectrique<\/strong>\u00a0(r\u00e9sistance aux chocs \u00e9lectriques).<\/span><span class=\"uJ19be notranslate\" data-wiz-uids=\"TkPS9c_1m,TkPS9c_1n\" data-complete=\"true\"><span class=\"vKEkVd\" data-animation-atomic=\"\" data-wiz-attrbind=\"class=TkPS9c_1l\/TKHnVd\" data-sae=\"\"><span aria-hidden=\"true\" aria-owns=\"action-menu-parent-container\">\u00a0<\/span><\/span><\/span><\/li>\n<li>Malgr\u00e9 sa construction robuste, elle reste tr\u00e8s l\u00e9g\u00e8re avec un poids d&rsquo;environ\u00a0<strong class=\"Yjhzub\" data-complete=\"true\">595 g (1,3 lb)<\/strong>\u00a0par botte.<\/li>\n<\/ul>\n<p><img decoding=\"async\" class=\"alignnone wp-image-40620\" src=\"https:\/\/autravail.ca\/wp-content\/uploads\/2025\/09\/Jachete-quebec-et-canada.jpg\" alt=\"Logo de l'achat local\" width=\"162\" height=\"139\" \/>Merci d&rsquo;encourager une entreprise 100% d&rsquo;ici!<\/p>\n<p>TS2602H<\/p>","protected":false},"excerpt":{"rendered":"<p>Botte de travail &#8211; S559 Botte de travail &#8211; S559 de\u00a0Pilote &amp; Filles est un bottillon de s\u00e9curit\u00e9 de 6 pouces qui mise sur un look classique et \u00e9pur\u00e9, id\u00e9al pour celles qui recherchent une botte robuste sans fioritures. Classique, confortable et con\u00e7ue pour elle : cette botte de travail 6\u00a0\u00bb en cuir avec embout [&hellip;]<\/p>","protected":false},"featured_media":22434,"comment_status":"open","ping_status":"closed","template":"","meta":[],"product_cat":[621,633],"product_tag":[260,252,255,253],"class_list":{"0":"post-36579","1":"product","2":"type-product","3":"status-publish","4":"has-post-thumbnail","6":"product_brand-pilote-et-filles","7":"product_cat-bottes-de-travail-6","8":"product_cat-femmes","9":"product_tag-bottillons-de-travail","10":"product_tag-electric-shock-resistant","11":"product_tag-femme","12":"product_tag-sole-protection","14":"first","15":"instock","16":"taxable","17":"shipping-taxable","18":"purchasable","19":"product-type-variable"},"yoast_head":"<!-- This site is optimized with the Yoast SEO plugin v25.3.1 - https:\/\/yoast.com\/wordpress\/plugins\/seo\/ -->\n<title>Botte de travail - S559 - Le Magasin Industriel<\/title>\n<meta name=\"description\" content=\"Botte de travail - S559 est un bottillon de s\u00e9curit\u00e9 de 6 pouces qui mise sur un look classique et \u00e9pur\u00e9, embout d&#039;acier pour femme\" \/>\n<meta name=\"robots\" content=\"index, follow, max-snippet:-1, max-image-preview:large, max-video-preview:-1\" \/>\n<link rel=\"canonical\" href=\"https:\/\/autravail.ca\/en\/product\/botte-de-travail-s559\/\" \/>\n<meta property=\"og:locale\" content=\"en_US\" \/>\n<meta property=\"og:type\" content=\"article\" \/>\n<meta property=\"og:title\" content=\"Botte de travail - S559 - Le Magasin Industriel\" \/>\n<meta property=\"og:description\" content=\"Botte de travail - S559 est un bottillon de s\u00e9curit\u00e9 de 6 pouces qui mise sur un look classique et \u00e9pur\u00e9, embout d&#039;acier pour femme\" \/>\n<meta property=\"og:url\" content=\"https:\/\/autravail.ca\/en\/product\/botte-de-travail-s559\/\" \/>\n<meta property=\"og:site_name\" content=\"Le Magasin Industriel\" \/>\n<meta property=\"article:publisher\" content=\"https:\/\/www.facebook.com\/lemagasinindustriel\/?locale=fr_FR\" \/>\n<meta property=\"article:modified_time\" content=\"2026-02-24T17:36:29+00:00\" \/>\n<meta property=\"og:image\" content=\"https:\/\/autravail.ca\/wp-content\/uploads\/2025\/05\/S557_A01_d9dd3ab7-6410-47bf-a741-a7460525d0f5.jpg\" \/>\n\t<meta property=\"og:image:width\" content=\"1000\" \/>\n\t<meta property=\"og:image:height\" content=\"1000\" \/>\n\t<meta property=\"og:image:type\" content=\"image\/jpeg\" \/>\n<meta name=\"twitter:card\" content=\"summary_large_image\" \/>\n<meta name=\"twitter:label1\" content=\"Est. reading time\" \/>\n\t<meta name=\"twitter:data1\" content=\"2 minutes\" \/>\n<script type=\"application\/ld+json\" class=\"yoast-schema-graph\">{\"@context\":\"https:\/\/schema.org\",\"@graph\":[{\"@type\":\"WebPage\",\"@id\":\"https:\/\/autravail.ca\/product\/botte-de-travail-s559\/\",\"url\":\"https:\/\/autravail.ca\/product\/botte-de-travail-s559\/\",\"name\":\"Botte de travail - S559 - Le Magasin Industriel\",\"isPartOf\":{\"@id\":\"https:\/\/autravail.ca\/#website\"},\"primaryImageOfPage\":{\"@id\":\"https:\/\/autravail.ca\/product\/botte-de-travail-s559\/#primaryimage\"},\"image\":{\"@id\":\"https:\/\/autravail.ca\/product\/botte-de-travail-s559\/#primaryimage\"},\"thumbnailUrl\":\"https:\/\/autravail.ca\/wp-content\/uploads\/2025\/05\/S557_A01_d9dd3ab7-6410-47bf-a741-a7460525d0f5.jpg\",\"datePublished\":\"2025-05-08T07:55:37+00:00\",\"dateModified\":\"2026-02-24T17:36:29+00:00\",\"description\":\"Botte de travail - S559 est un bottillon de s\u00e9curit\u00e9 de 6 pouces qui mise sur un look classique et \u00e9pur\u00e9, embout d'acier pour femme\",\"breadcrumb\":{\"@id\":\"https:\/\/autravail.ca\/product\/botte-de-travail-s559\/#breadcrumb\"},\"inLanguage\":\"en-CA\",\"potentialAction\":[{\"@type\":\"ReadAction\",\"target\":[\"https:\/\/autravail.ca\/product\/botte-de-travail-s559\/\"]}]},{\"@type\":\"ImageObject\",\"inLanguage\":\"en-CA\",\"@id\":\"https:\/\/autravail.ca\/product\/botte-de-travail-s559\/#primaryimage\",\"url\":\"https:\/\/autravail.ca\/wp-content\/uploads\/2025\/05\/S557_A01_d9dd3ab7-6410-47bf-a741-a7460525d0f5.jpg\",\"contentUrl\":\"https:\/\/autravail.ca\/wp-content\/uploads\/2025\/05\/S557_A01_d9dd3ab7-6410-47bf-a741-a7460525d0f5.jpg\",\"width\":1000,\"height\":1000,\"caption\":\"Botte de travail - S559\"},{\"@type\":\"BreadcrumbList\",\"@id\":\"https:\/\/autravail.ca\/product\/botte-de-travail-s559\/#breadcrumb\",\"itemListElement\":[{\"@type\":\"ListItem\",\"position\":1,\"name\":\"Accueil\",\"item\":\"https:\/\/autravail.ca\/\"},{\"@type\":\"ListItem\",\"position\":2,\"name\":\"Magasin\",\"item\":\"https:\/\/autravail.ca\/en\/shop\/\"},{\"@type\":\"ListItem\",\"position\":3,\"name\":\"Botte de travail &#8211; S559\"}]},{\"@type\":\"WebSite\",\"@id\":\"https:\/\/autravail.ca\/#website\",\"url\":\"https:\/\/autravail.ca\/\",\"name\":\"Le Magasin Industriel\",\"description\":\"50 ans de tradition de s\u00e9curit\u00e9 au travail\",\"publisher\":{\"@id\":\"https:\/\/autravail.ca\/#organization\"},\"potentialAction\":[{\"@type\":\"SearchAction\",\"target\":{\"@type\":\"EntryPoint\",\"urlTemplate\":\"https:\/\/autravail.ca\/?s={search_term_string}\"},\"query-input\":{\"@type\":\"PropertyValueSpecification\",\"valueRequired\":true,\"valueName\":\"search_term_string\"}}],\"inLanguage\":\"en-CA\"},{\"@type\":\"Organization\",\"@id\":\"https:\/\/autravail.ca\/#organization\",\"name\":\"Le Magasin Industriel\",\"url\":\"https:\/\/autravail.ca\/\",\"logo\":{\"@type\":\"ImageObject\",\"inLanguage\":\"en-CA\",\"@id\":\"https:\/\/autravail.ca\/#\/schema\/logo\/image\/\",\"url\":\"https:\/\/autravail.ca\/wp-content\/uploads\/2025\/05\/cropped-magasin_industriel_120x.avif\",\"contentUrl\":\"https:\/\/autravail.ca\/wp-content\/uploads\/2025\/05\/cropped-magasin_industriel_120x.avif\",\"width\":120,\"height\":24,\"caption\":\"Le Magasin Industriel\"},\"image\":{\"@id\":\"https:\/\/autravail.ca\/#\/schema\/logo\/image\/\"},\"sameAs\":[\"https:\/\/www.facebook.com\/lemagasinindustriel\/?locale=fr_FR\"]}]}<\/script>\n<!-- \/ Yoast SEO plugin. -->","yoast_head_json":{"title":"Botte de travail - S559 - Le Magasin Industriel","description":"Botte de travail - S559 est un bottillon de s\u00e9curit\u00e9 de 6 pouces qui mise sur un look classique et \u00e9pur\u00e9, embout d'acier pour femme","robots":{"index":"index","follow":"follow","max-snippet":"max-snippet:-1","max-image-preview":"max-image-preview:large","max-video-preview":"max-video-preview:-1"},"canonical":"https:\/\/autravail.ca\/en\/product\/botte-de-travail-s559\/","og_locale":"en_US","og_type":"article","og_title":"Botte de travail - S559 - Le Magasin Industriel","og_description":"Botte de travail - S559 est un bottillon de s\u00e9curit\u00e9 de 6 pouces qui mise sur un look classique et \u00e9pur\u00e9, embout d'acier pour femme","og_url":"https:\/\/autravail.ca\/en\/product\/botte-de-travail-s559\/","og_site_name":"Le Magasin Industriel","article_publisher":"https:\/\/www.facebook.com\/lemagasinindustriel\/?locale=fr_FR","article_modified_time":"2026-02-24T17:36:29+00:00","og_image":[{"width":1000,"height":1000,"url":"https:\/\/autravail.ca\/wp-content\/uploads\/2025\/05\/S557_A01_d9dd3ab7-6410-47bf-a741-a7460525d0f5.jpg","type":"image\/jpeg"}],"twitter_card":"summary_large_image","twitter_misc":{"Est. reading time":"2 minutes"},"schema":{"@context":"https:\/\/schema.org","@graph":[{"@type":"WebPage","@id":"https:\/\/autravail.ca\/product\/botte-de-travail-s559\/","url":"https:\/\/autravail.ca\/product\/botte-de-travail-s559\/","name":"Botte de travail - S559 - Le Magasin Industriel","isPartOf":{"@id":"https:\/\/autravail.ca\/#website"},"primaryImageOfPage":{"@id":"https:\/\/autravail.ca\/product\/botte-de-travail-s559\/#primaryimage"},"image":{"@id":"https:\/\/autravail.ca\/product\/botte-de-travail-s559\/#primaryimage"},"thumbnailUrl":"https:\/\/autravail.ca\/wp-content\/uploads\/2025\/05\/S557_A01_d9dd3ab7-6410-47bf-a741-a7460525d0f5.jpg","datePublished":"2025-05-08T07:55:37+00:00","dateModified":"2026-02-24T17:36:29+00:00","description":"Botte de travail - S559 est un bottillon de s\u00e9curit\u00e9 de 6 pouces qui mise sur un look classique et \u00e9pur\u00e9, embout d'acier pour femme","breadcrumb":{"@id":"https:\/\/autravail.ca\/product\/botte-de-travail-s559\/#breadcrumb"},"inLanguage":"en-CA","potentialAction":[{"@type":"ReadAction","target":["https:\/\/autravail.ca\/product\/botte-de-travail-s559\/"]}]},{"@type":"ImageObject","inLanguage":"en-CA","@id":"https:\/\/autravail.ca\/product\/botte-de-travail-s559\/#primaryimage","url":"https:\/\/autravail.ca\/wp-content\/uploads\/2025\/05\/S557_A01_d9dd3ab7-6410-47bf-a741-a7460525d0f5.jpg","contentUrl":"https:\/\/autravail.ca\/wp-content\/uploads\/2025\/05\/S557_A01_d9dd3ab7-6410-47bf-a741-a7460525d0f5.jpg","width":1000,"height":1000,"caption":"Botte de travail - S559"},{"@type":"BreadcrumbList","@id":"https:\/\/autravail.ca\/product\/botte-de-travail-s559\/#breadcrumb","itemListElement":[{"@type":"ListItem","position":1,"name":"Accueil","item":"https:\/\/autravail.ca\/"},{"@type":"ListItem","position":2,"name":"Magasin","item":"https:\/\/autravail.ca\/en\/shop\/"},{"@type":"ListItem","position":3,"name":"Botte de travail &#8211; S559"}]},{"@type":"WebSite","@id":"https:\/\/autravail.ca\/#website","url":"https:\/\/autravail.ca\/","name":"Le Magasin Industriel","description":"50 ans de tradition de s\u00e9curit\u00e9 au travail","publisher":{"@id":"https:\/\/autravail.ca\/#organization"},"potentialAction":[{"@type":"SearchAction","target":{"@type":"EntryPoint","urlTemplate":"https:\/\/autravail.ca\/?s={search_term_string}"},"query-input":{"@type":"PropertyValueSpecification","valueRequired":true,"valueName":"search_term_string"}}],"inLanguage":"en-CA"},{"@type":"Organization","@id":"https:\/\/autravail.ca\/#organization","name":"Le Magasin Industriel","url":"https:\/\/autravail.ca\/","logo":{"@type":"ImageObject","inLanguage":"en-CA","@id":"https:\/\/autravail.ca\/#\/schema\/logo\/image\/","url":"https:\/\/autravail.ca\/wp-content\/uploads\/2025\/05\/cropped-magasin_industriel_120x.avif","contentUrl":"https:\/\/autravail.ca\/wp-content\/uploads\/2025\/05\/cropped-magasin_industriel_120x.avif","width":120,"height":24,"caption":"Le Magasin Industriel"},"image":{"@id":"https:\/\/autravail.ca\/#\/schema\/logo\/image\/"},"sameAs":["https:\/\/www.facebook.com\/lemagasinindustriel\/?locale=fr_FR"]}]}},"jetpack_sharing_enabled":true,"_links":{"self":[{"href":"https:\/\/autravail.ca\/en\/wp-json\/wp\/v2\/product\/36579","targetHints":{"allow":["GET"]}}],"collection":[{"href":"https:\/\/autravail.ca\/en\/wp-json\/wp\/v2\/product"}],"about":[{"href":"https:\/\/autravail.ca\/en\/wp-json\/wp\/v2\/types\/product"}],"replies":[{"embeddable":true,"href":"https:\/\/autravail.ca\/en\/wp-json\/wp\/v2\/comments?post=36579"}],"wp:featuredmedia":[{"embeddable":true,"href":"https:\/\/autravail.ca\/en\/wp-json\/wp\/v2\/media\/22434"}],"wp:attachment":[{"href":"https:\/\/autravail.ca\/en\/wp-json\/wp\/v2\/media?parent=36579"}],"wp:term":[{"taxonomy":"product_cat","embeddable":true,"href":"https:\/\/autravail.ca\/en\/wp-json\/wp\/v2\/product_cat?post=36579"},{"taxonomy":"product_tag","embeddable":true,"href":"https:\/\/autravail.ca\/en\/wp-json\/wp\/v2\/product_tag?post=36579"}],"curies":[{"name":"wp","href":"https:\/\/api.w.org\/{rel}","templated":true}]}}