{"id":36436,"date":"2025-05-08T07:53:45","date_gmt":"2025-05-08T07:53:45","guid":{"rendered":"https:\/\/meteoquebec.ca\/?post_type=product&#038;p=36436"},"modified":"2026-02-24T13:12:05","modified_gmt":"2026-02-24T17:12:05","slug":"soulier-de-travail-s555","status":"publish","type":"product","link":"https:\/\/autravail.ca\/en\/product\/soulier-de-travail-s555\/","title":{"rendered":"Soulier de travail &#8211; S555"},"content":{"rendered":"<h3>Soulier de travail &#8211; S555<\/h3>\n<p>Soulier de travail &#8211; S555 de\u00a0<span data-sfc-cp=\"\" data-wiz-uids=\"yvKlW_e\" data-complete=\"true\" data-processed=\"true\"><a class=\"H23r4e\" href=\"https:\/\/autravail.ca\/en\/product-brand\/pilote-et-filles\/\" target=\"_blank\" rel=\"noopener\" data-hveid=\"CAEIAhAB\" data-processed=\"true\">Pilote &amp; Filles<\/a><\/span> est une chaussure de s\u00e9curit\u00e9 \u00e0 tige basse (type soulier) con\u00e7ue pour les femmes qui recherchent un compromis entre la protection industrielle et le confort d&rsquo;une espadrille. Id\u00e9al pour les longues journ\u00e9es de travail, ce soulier de s\u00e9curit\u00e9 en cuir nubuck est con\u00e7u pour les travailleuses qui exigent s\u00e9curit\u00e9 et confort! Sa doublure respirante avec traitement antimicrobien et son renfort d&rsquo;usure au talon int\u00e9rieur vous permettra de travailler sans soucis!<\/p>\n<p><img decoding=\"async\" class=\"alignnone size-full wp-image-40117\" src=\"https:\/\/autravail.ca\/wp-content\/uploads\/2025\/09\/Certification-Omega-Triangle-vert.jpg\" alt=\"Certifications Om\u00e9ga Triangle vert\" width=\"193\" height=\"110\" srcset=\"https:\/\/autravail.ca\/wp-content\/uploads\/2025\/09\/Certification-Omega-Triangle-vert.jpg 193w, https:\/\/autravail.ca\/wp-content\/uploads\/2025\/09\/Certification-Omega-Triangle-vert-150x85.jpg 150w, https:\/\/autravail.ca\/wp-content\/uploads\/2025\/09\/Certification-Omega-Triangle-vert-18x10.jpg 18w\" sizes=\"(max-width: 193px) 100vw, 193px\" \/><\/p>\n<p>Characteristics:<\/p>\n<ul>\n<li>Tige en cuir nubuck pleine fleur, offrant une bonne durabilit\u00e9.<\/li>\n<li>Double Density PU Sole<\/li>\n<li>Elle inclut une doublure en\u00a0<strong class=\"Yjhzub\" data-complete=\"true\">Cambrelle<\/strong>\u00a0(respirante et antimicrobienne) et une semelle int\u00e9rieure amovible en PU qui absorbe les chocs.<\/li>\n<li>Semelle int\u00e9rieure amovible faite de PU, antibact\u00e9rienne et absorbant les chocs pour un confort prolong\u00e9.<\/li>\n<li>Renfort d\u2019usure au talon int\u00e9rieur.<\/li>\n<li>Embout de protection et semelle antiperforation en acier, tous deux certifi\u00e9s\u00a0<strong class=\"Yjhzub\" data-complete=\"true\">CSA Classe 1<\/strong>.<\/li>\n<li>Protective corner guard made of PU for increased protection.<\/li>\n<li>C&rsquo;est l&rsquo;un des mod\u00e8les les plus l\u00e9gers de la gamme, pesant environ\u00a0<strong class=\"Yjhzub\" data-complete=\"true\">560 g (1,2 lb)<\/strong>\u00a0par chaussure.<\/li>\n<\/ul>\n<p>C&rsquo;est un excellent choix pour les milieux de travail int\u00e9rieurs ou les entrep\u00f4ts o\u00f9 une botte haute n&rsquo;est pas n\u00e9cessaire. Notez que pour ce mod\u00e8le, les utilisateurs recommandent souvent de choisir une\u00a0<strong class=\"Yjhzub\" data-complete=\"true\" data-processed=\"true\">demi-pointure de plus<\/strong>\u00a0que votre taille habituelle pour un confort optimal.<\/p>\n<p><img decoding=\"async\" class=\"alignnone wp-image-40620\" src=\"https:\/\/autravail.ca\/wp-content\/uploads\/2025\/09\/Jachete-quebec-et-canada.jpg\" alt=\"Logo de l'achat local\" width=\"162\" height=\"139\" \/>Merci d&rsquo;encourager une entreprise 100% d&rsquo;ici!<\/p>\n<p>TS2602H<\/p>","protected":false},"excerpt":{"rendered":"<p>Soulier de travail &#8211; S555 Soulier de travail &#8211; S555 de\u00a0Pilote &amp; Filles est une chaussure de s\u00e9curit\u00e9 \u00e0 tige basse (type soulier) con\u00e7ue pour les femmes qui recherchent un compromis entre la protection industrielle et le confort d&rsquo;une espadrille. Id\u00e9al pour les longues journ\u00e9es de travail, ce soulier de s\u00e9curit\u00e9 en cuir nubuck est [&hellip;]<\/p>","protected":false},"featured_media":22243,"comment_status":"open","ping_status":"closed","template":"","meta":[],"product_cat":[633,619,617],"product_tag":[252,255,261,253,257],"class_list":{"0":"post-36436","1":"product","2":"type-product","3":"status-publish","4":"has-post-thumbnail","6":"product_brand-pilote-et-filles","7":"product_cat-femmes","8":"product_cat-souliers-de-travail","9":"product_cat-souliers-de-travail-femme","10":"product_tag-electric-shock-resistant","11":"product_tag-femme","12":"product_tag-novago","13":"product_tag-sole-protection","14":"product_tag-souliers-de-travail","16":"first","17":"instock","18":"taxable","19":"shipping-taxable","20":"purchasable","21":"product-type-variable"},"yoast_head":"<!-- This site is optimized with the Yoast SEO plugin v25.3.1 - https:\/\/yoast.com\/wordpress\/plugins\/seo\/ -->\n<title>Soulier de travail - S555 - Le Magasin Industriel<\/title>\n<meta name=\"description\" content=\"Soulier de travail - S555 \u00e0 tige basse con\u00e7ue pour les femmes qui recherchent un compromis entre la protection industrielle et le confort d&#039;une espadrille.\" \/>\n<meta name=\"robots\" content=\"index, follow, max-snippet:-1, max-image-preview:large, max-video-preview:-1\" \/>\n<link rel=\"canonical\" href=\"https:\/\/autravail.ca\/en\/product\/soulier-de-travail-s555\/\" \/>\n<meta property=\"og:locale\" content=\"en_US\" \/>\n<meta property=\"og:type\" content=\"article\" \/>\n<meta property=\"og:title\" content=\"Soulier de travail - S555 - Le Magasin Industriel\" \/>\n<meta property=\"og:description\" content=\"Soulier de travail - S555 \u00e0 tige basse con\u00e7ue pour les femmes qui recherchent un compromis entre la protection industrielle et le confort d&#039;une espadrille.\" \/>\n<meta property=\"og:url\" content=\"https:\/\/autravail.ca\/en\/product\/soulier-de-travail-s555\/\" \/>\n<meta property=\"og:site_name\" content=\"Le Magasin Industriel\" \/>\n<meta property=\"article:publisher\" content=\"https:\/\/www.facebook.com\/lemagasinindustriel\/?locale=fr_FR\" \/>\n<meta property=\"article:modified_time\" content=\"2026-02-24T17:12:05+00:00\" \/>\n<meta property=\"og:image\" content=\"https:\/\/autravail.ca\/wp-content\/uploads\/2025\/05\/S555_kak_A01.jpg\" \/>\n\t<meta property=\"og:image:width\" content=\"1000\" \/>\n\t<meta property=\"og:image:height\" content=\"1000\" \/>\n\t<meta property=\"og:image:type\" content=\"image\/jpeg\" \/>\n<meta name=\"twitter:card\" content=\"summary_large_image\" \/>\n<meta name=\"twitter:label1\" content=\"Est. reading time\" \/>\n\t<meta name=\"twitter:data1\" content=\"2 minutes\" \/>\n<script type=\"application\/ld+json\" class=\"yoast-schema-graph\">{\"@context\":\"https:\/\/schema.org\",\"@graph\":[{\"@type\":\"WebPage\",\"@id\":\"https:\/\/autravail.ca\/product\/soulier-de-travail-s555\/\",\"url\":\"https:\/\/autravail.ca\/product\/soulier-de-travail-s555\/\",\"name\":\"Soulier de travail - S555 - Le Magasin Industriel\",\"isPartOf\":{\"@id\":\"https:\/\/autravail.ca\/#website\"},\"primaryImageOfPage\":{\"@id\":\"https:\/\/autravail.ca\/product\/soulier-de-travail-s555\/#primaryimage\"},\"image\":{\"@id\":\"https:\/\/autravail.ca\/product\/soulier-de-travail-s555\/#primaryimage\"},\"thumbnailUrl\":\"https:\/\/autravail.ca\/wp-content\/uploads\/2025\/05\/S555_kak_A01.jpg\",\"datePublished\":\"2025-05-08T07:53:45+00:00\",\"dateModified\":\"2026-02-24T17:12:05+00:00\",\"description\":\"Soulier de travail - S555 \u00e0 tige basse con\u00e7ue pour les femmes qui recherchent un compromis entre la protection industrielle et le confort d'une espadrille.\",\"breadcrumb\":{\"@id\":\"https:\/\/autravail.ca\/product\/soulier-de-travail-s555\/#breadcrumb\"},\"inLanguage\":\"en-CA\",\"potentialAction\":[{\"@type\":\"ReadAction\",\"target\":[\"https:\/\/autravail.ca\/product\/soulier-de-travail-s555\/\"]}]},{\"@type\":\"ImageObject\",\"inLanguage\":\"en-CA\",\"@id\":\"https:\/\/autravail.ca\/product\/soulier-de-travail-s555\/#primaryimage\",\"url\":\"https:\/\/autravail.ca\/wp-content\/uploads\/2025\/05\/S555_kak_A01.jpg\",\"contentUrl\":\"https:\/\/autravail.ca\/wp-content\/uploads\/2025\/05\/S555_kak_A01.jpg\",\"width\":1000,\"height\":1000,\"caption\":\"Soulier de travail - S555\"},{\"@type\":\"BreadcrumbList\",\"@id\":\"https:\/\/autravail.ca\/product\/soulier-de-travail-s555\/#breadcrumb\",\"itemListElement\":[{\"@type\":\"ListItem\",\"position\":1,\"name\":\"Accueil\",\"item\":\"https:\/\/autravail.ca\/\"},{\"@type\":\"ListItem\",\"position\":2,\"name\":\"Magasin\",\"item\":\"https:\/\/autravail.ca\/en\/shop\/\"},{\"@type\":\"ListItem\",\"position\":3,\"name\":\"Soulier de travail &#8211; S555\"}]},{\"@type\":\"WebSite\",\"@id\":\"https:\/\/autravail.ca\/#website\",\"url\":\"https:\/\/autravail.ca\/\",\"name\":\"Le Magasin Industriel\",\"description\":\"50 ans de tradition de s\u00e9curit\u00e9 au travail\",\"publisher\":{\"@id\":\"https:\/\/autravail.ca\/#organization\"},\"potentialAction\":[{\"@type\":\"SearchAction\",\"target\":{\"@type\":\"EntryPoint\",\"urlTemplate\":\"https:\/\/autravail.ca\/?s={search_term_string}\"},\"query-input\":{\"@type\":\"PropertyValueSpecification\",\"valueRequired\":true,\"valueName\":\"search_term_string\"}}],\"inLanguage\":\"en-CA\"},{\"@type\":\"Organization\",\"@id\":\"https:\/\/autravail.ca\/#organization\",\"name\":\"Le Magasin Industriel\",\"url\":\"https:\/\/autravail.ca\/\",\"logo\":{\"@type\":\"ImageObject\",\"inLanguage\":\"en-CA\",\"@id\":\"https:\/\/autravail.ca\/#\/schema\/logo\/image\/\",\"url\":\"https:\/\/autravail.ca\/wp-content\/uploads\/2025\/05\/cropped-magasin_industriel_120x.avif\",\"contentUrl\":\"https:\/\/autravail.ca\/wp-content\/uploads\/2025\/05\/cropped-magasin_industriel_120x.avif\",\"width\":120,\"height\":24,\"caption\":\"Le Magasin Industriel\"},\"image\":{\"@id\":\"https:\/\/autravail.ca\/#\/schema\/logo\/image\/\"},\"sameAs\":[\"https:\/\/www.facebook.com\/lemagasinindustriel\/?locale=fr_FR\"]}]}<\/script>\n<!-- \/ Yoast SEO plugin. -->","yoast_head_json":{"title":"Soulier de travail - S555 - Le Magasin Industriel","description":"Soulier de travail - S555 \u00e0 tige basse con\u00e7ue pour les femmes qui recherchent un compromis entre la protection industrielle et le confort d'une espadrille.","robots":{"index":"index","follow":"follow","max-snippet":"max-snippet:-1","max-image-preview":"max-image-preview:large","max-video-preview":"max-video-preview:-1"},"canonical":"https:\/\/autravail.ca\/en\/product\/soulier-de-travail-s555\/","og_locale":"en_US","og_type":"article","og_title":"Soulier de travail - S555 - Le Magasin Industriel","og_description":"Soulier de travail - S555 \u00e0 tige basse con\u00e7ue pour les femmes qui recherchent un compromis entre la protection industrielle et le confort d'une espadrille.","og_url":"https:\/\/autravail.ca\/en\/product\/soulier-de-travail-s555\/","og_site_name":"Le Magasin Industriel","article_publisher":"https:\/\/www.facebook.com\/lemagasinindustriel\/?locale=fr_FR","article_modified_time":"2026-02-24T17:12:05+00:00","og_image":[{"width":1000,"height":1000,"url":"https:\/\/autravail.ca\/wp-content\/uploads\/2025\/05\/S555_kak_A01.jpg","type":"image\/jpeg"}],"twitter_card":"summary_large_image","twitter_misc":{"Est. reading time":"2 minutes"},"schema":{"@context":"https:\/\/schema.org","@graph":[{"@type":"WebPage","@id":"https:\/\/autravail.ca\/product\/soulier-de-travail-s555\/","url":"https:\/\/autravail.ca\/product\/soulier-de-travail-s555\/","name":"Soulier de travail - S555 - Le Magasin Industriel","isPartOf":{"@id":"https:\/\/autravail.ca\/#website"},"primaryImageOfPage":{"@id":"https:\/\/autravail.ca\/product\/soulier-de-travail-s555\/#primaryimage"},"image":{"@id":"https:\/\/autravail.ca\/product\/soulier-de-travail-s555\/#primaryimage"},"thumbnailUrl":"https:\/\/autravail.ca\/wp-content\/uploads\/2025\/05\/S555_kak_A01.jpg","datePublished":"2025-05-08T07:53:45+00:00","dateModified":"2026-02-24T17:12:05+00:00","description":"Soulier de travail - S555 \u00e0 tige basse con\u00e7ue pour les femmes qui recherchent un compromis entre la protection industrielle et le confort d'une espadrille.","breadcrumb":{"@id":"https:\/\/autravail.ca\/product\/soulier-de-travail-s555\/#breadcrumb"},"inLanguage":"en-CA","potentialAction":[{"@type":"ReadAction","target":["https:\/\/autravail.ca\/product\/soulier-de-travail-s555\/"]}]},{"@type":"ImageObject","inLanguage":"en-CA","@id":"https:\/\/autravail.ca\/product\/soulier-de-travail-s555\/#primaryimage","url":"https:\/\/autravail.ca\/wp-content\/uploads\/2025\/05\/S555_kak_A01.jpg","contentUrl":"https:\/\/autravail.ca\/wp-content\/uploads\/2025\/05\/S555_kak_A01.jpg","width":1000,"height":1000,"caption":"Soulier de travail - S555"},{"@type":"BreadcrumbList","@id":"https:\/\/autravail.ca\/product\/soulier-de-travail-s555\/#breadcrumb","itemListElement":[{"@type":"ListItem","position":1,"name":"Accueil","item":"https:\/\/autravail.ca\/"},{"@type":"ListItem","position":2,"name":"Magasin","item":"https:\/\/autravail.ca\/en\/shop\/"},{"@type":"ListItem","position":3,"name":"Soulier de travail &#8211; S555"}]},{"@type":"WebSite","@id":"https:\/\/autravail.ca\/#website","url":"https:\/\/autravail.ca\/","name":"Le Magasin Industriel","description":"50 ans de tradition de s\u00e9curit\u00e9 au travail","publisher":{"@id":"https:\/\/autravail.ca\/#organization"},"potentialAction":[{"@type":"SearchAction","target":{"@type":"EntryPoint","urlTemplate":"https:\/\/autravail.ca\/?s={search_term_string}"},"query-input":{"@type":"PropertyValueSpecification","valueRequired":true,"valueName":"search_term_string"}}],"inLanguage":"en-CA"},{"@type":"Organization","@id":"https:\/\/autravail.ca\/#organization","name":"Le Magasin Industriel","url":"https:\/\/autravail.ca\/","logo":{"@type":"ImageObject","inLanguage":"en-CA","@id":"https:\/\/autravail.ca\/#\/schema\/logo\/image\/","url":"https:\/\/autravail.ca\/wp-content\/uploads\/2025\/05\/cropped-magasin_industriel_120x.avif","contentUrl":"https:\/\/autravail.ca\/wp-content\/uploads\/2025\/05\/cropped-magasin_industriel_120x.avif","width":120,"height":24,"caption":"Le Magasin Industriel"},"image":{"@id":"https:\/\/autravail.ca\/#\/schema\/logo\/image\/"},"sameAs":["https:\/\/www.facebook.com\/lemagasinindustriel\/?locale=fr_FR"]}]}},"jetpack_sharing_enabled":true,"_links":{"self":[{"href":"https:\/\/autravail.ca\/en\/wp-json\/wp\/v2\/product\/36436","targetHints":{"allow":["GET"]}}],"collection":[{"href":"https:\/\/autravail.ca\/en\/wp-json\/wp\/v2\/product"}],"about":[{"href":"https:\/\/autravail.ca\/en\/wp-json\/wp\/v2\/types\/product"}],"replies":[{"embeddable":true,"href":"https:\/\/autravail.ca\/en\/wp-json\/wp\/v2\/comments?post=36436"}],"wp:featuredmedia":[{"embeddable":true,"href":"https:\/\/autravail.ca\/en\/wp-json\/wp\/v2\/media\/22243"}],"wp:attachment":[{"href":"https:\/\/autravail.ca\/en\/wp-json\/wp\/v2\/media?parent=36436"}],"wp:term":[{"taxonomy":"product_cat","embeddable":true,"href":"https:\/\/autravail.ca\/en\/wp-json\/wp\/v2\/product_cat?post=36436"},{"taxonomy":"product_tag","embeddable":true,"href":"https:\/\/autravail.ca\/en\/wp-json\/wp\/v2\/product_tag?post=36436"}],"curies":[{"name":"wp","href":"https:\/\/api.w.org\/{rel}","templated":true}]}}