{"id":36376,"date":"2025-05-08T07:53:05","date_gmt":"2025-05-08T07:53:05","guid":{"rendered":"https:\/\/meteoquebec.ca\/?post_type=product&#038;p=36376"},"modified":"2025-12-05T05:09:57","modified_gmt":"2025-12-05T09:09:57","slug":"s426-manteau-de-securite-5-in-1","status":"publish","type":"product","link":"https:\/\/autravail.ca\/en\/product\/s426-manteau-de-securite-5-in-1\/","title":{"rendered":"S426 - 5  1 SECURITY JACKET"},"content":{"rendered":"<p>Safety Coat 5\/1, Richlu<\/p>\n<p><\/p>\n<ul>\n<ul>Our popular high visibility coat with reflective band is very versatile and functional. Of unmatched quality, it will keep you warm even during the coldest winters. This multi-purpose coat adapts to all seasons - wear only the jacket, the lining or combine them all. <\/ul>\n<\/ul>\n<ul>\n<li>Shell: Poly-Oxford 300D with PU Coating and Anti-Freeze.<\/li>\n<li>Lining: 100% Polyester Insulating Mattress Padded at 6 oz.<\/li>\n<li>Reflective 3M Materials\u00a0<span data-mce-fragment=\"1\">Scotchlite<\/span><sup data-mce-fragment=\"1\">MC<\/sup><span data-mce-fragment=\"1\">\u00a0on contrasting 4-pocket (shell\/lining.<\/span>\n<\/li>\n<li>Removable hood for helmet.<\/li>\n<li>Zip storm flap with pressure buttons on nylon slides.<\/li>\n<li>Identification Pocket with Auto-Adhesive Closure (shell\/lining)<\/li>\n<li>Two sleeves for micro (shell\/lining)<\/li>\n<li>Cuffs and sleeves black that hide dirt (except for the model uniform orange).<\/li>\n<li>Multi-pocket Model (Shell\/Lining)<\/li>\n<li>Customizable zone accessible by zipper (shell)<\/li>\n<li>Removable high visibility lining (black reverse side) with adjustable cuffs.<\/li>\n<\/ul>","protected":false},"excerpt":{"rendered":"<p>5-in-1 Safety Coat  Richlu Our popular high-visibility coat with reflective tape is highly versatile and functional. Unmatched quality keeps you warm in the harshest winters. This versatile coat adapts to all four seasons  wear the shell, liner, or both. Shell: 300D Poly-Oxford with coating.<\/p>","protected":false},"featured_media":22167,"comment_status":"open","ping_status":"closed","template":"","meta":[],"product_cat":[15,610,756],"product_tag":[250,291],"class_list":{"0":"post-36376","1":"product","2":"type-product","3":"status-publish","4":"has-post-thumbnail","6":"product_brand-richlu","7":"product_cat-uncategorized","8":"product_cat-manteaux","9":"product_cat-richlu","10":"product_tag-manteaux","11":"product_tag-vetements-haute-visibilite","13":"first","14":"instock","15":"taxable","16":"shipping-taxable","17":"purchasable","18":"product-type-variable"},"yoast_head":"<!-- This site is optimized with the Yoast SEO plugin v25.3.1 - https:\/\/yoast.com\/wordpress\/plugins\/seo\/ -->\n<title>S426 - MANTEAU DE S\u00c9CURIT\u00c9 5 IN 1 - Le Magasin Industriel<\/title>\n<meta name=\"robots\" content=\"index, follow, max-snippet:-1, max-image-preview:large, max-video-preview:-1\" \/>\n<link rel=\"canonical\" href=\"https:\/\/autravail.ca\/en\/product\/s426-manteau-de-securite-5-in-1\/\" \/>\n<meta property=\"og:locale\" content=\"en_US\" \/>\n<meta property=\"og:type\" content=\"article\" \/>\n<meta property=\"og:title\" content=\"S426 - MANTEAU DE S\u00c9CURIT\u00c9 5 IN 1 - Le Magasin Industriel\" \/>\n<meta property=\"og:description\" content=\"Manteau de s\u00e9curit\u00e9 5\/1, Richlu Notre populaire manteau haute visibilit\u00e9 avec ruban r\u00e9fl\u00e9chissant est tr\u00e8s polyvalent et fonctionnel. De qualit\u00e9 in\u00e9gal\u00e9e, il vous gardera au chaud m\u00eame les hivers les plus rigoureux. Ce manteau polyvalent s&rsquo;adapte aux quatre saisons &#8211; portez seulement la veste, la doublure ou combinez le tout. Coquille: Poly-Oxford 300D avec enduit [&hellip;]\" \/>\n<meta property=\"og:url\" content=\"https:\/\/autravail.ca\/en\/product\/s426-manteau-de-securite-5-in-1\/\" \/>\n<meta property=\"og:site_name\" content=\"Le Magasin Industriel\" \/>\n<meta property=\"article:publisher\" content=\"https:\/\/www.facebook.com\/lemagasinindustriel\/?locale=fr_FR\" \/>\n<meta property=\"article:modified_time\" content=\"2025-12-05T09:09:57+00:00\" \/>\n<meta property=\"og:image\" content=\"https:\/\/autravail.ca\/wp-content\/uploads\/2025\/05\/S426_A01_noir_devant.jpg\" \/>\n\t<meta property=\"og:image:width\" content=\"800\" \/>\n\t<meta property=\"og:image:height\" content=\"720\" \/>\n\t<meta property=\"og:image:type\" content=\"image\/jpeg\" \/>\n<meta name=\"twitter:card\" content=\"summary_large_image\" \/>\n<meta name=\"twitter:label1\" content=\"Est. reading time\" \/>\n\t<meta name=\"twitter:data1\" content=\"1 minute\" \/>\n<script type=\"application\/ld+json\" class=\"yoast-schema-graph\">{\"@context\":\"https:\/\/schema.org\",\"@graph\":[{\"@type\":\"WebPage\",\"@id\":\"https:\/\/autravail.ca\/product\/s426-manteau-de-securite-5-in-1\/\",\"url\":\"https:\/\/autravail.ca\/product\/s426-manteau-de-securite-5-in-1\/\",\"name\":\"S426 - MANTEAU DE S\u00c9CURIT\u00c9 5 IN 1 - Le Magasin Industriel\",\"isPartOf\":{\"@id\":\"https:\/\/autravail.ca\/#website\"},\"primaryImageOfPage\":{\"@id\":\"https:\/\/autravail.ca\/product\/s426-manteau-de-securite-5-in-1\/#primaryimage\"},\"image\":{\"@id\":\"https:\/\/autravail.ca\/product\/s426-manteau-de-securite-5-in-1\/#primaryimage\"},\"thumbnailUrl\":\"https:\/\/autravail.ca\/wp-content\/uploads\/2025\/05\/S426_A01_noir_devant.jpg\",\"datePublished\":\"2025-05-08T07:53:05+00:00\",\"dateModified\":\"2025-12-05T09:09:57+00:00\",\"breadcrumb\":{\"@id\":\"https:\/\/autravail.ca\/product\/s426-manteau-de-securite-5-in-1\/#breadcrumb\"},\"inLanguage\":\"en-CA\",\"potentialAction\":[{\"@type\":\"ReadAction\",\"target\":[\"https:\/\/autravail.ca\/product\/s426-manteau-de-securite-5-in-1\/\"]}]},{\"@type\":\"ImageObject\",\"inLanguage\":\"en-CA\",\"@id\":\"https:\/\/autravail.ca\/product\/s426-manteau-de-securite-5-in-1\/#primaryimage\",\"url\":\"https:\/\/autravail.ca\/wp-content\/uploads\/2025\/05\/S426_A01_noir_devant.jpg\",\"contentUrl\":\"https:\/\/autravail.ca\/wp-content\/uploads\/2025\/05\/S426_A01_noir_devant.jpg\",\"width\":800,\"height\":720},{\"@type\":\"BreadcrumbList\",\"@id\":\"https:\/\/autravail.ca\/product\/s426-manteau-de-securite-5-in-1\/#breadcrumb\",\"itemListElement\":[{\"@type\":\"ListItem\",\"position\":1,\"name\":\"Accueil\",\"item\":\"https:\/\/autravail.ca\/\"},{\"@type\":\"ListItem\",\"position\":2,\"name\":\"Magasin\",\"item\":\"https:\/\/autravail.ca\/en\/shop\/\"},{\"@type\":\"ListItem\",\"position\":3,\"name\":\"S426 &#8211; MANTEAU DE S\u00c9CURIT\u00c9 5 IN 1\"}]},{\"@type\":\"WebSite\",\"@id\":\"https:\/\/autravail.ca\/#website\",\"url\":\"https:\/\/autravail.ca\/\",\"name\":\"Le Magasin Industriel\",\"description\":\"50 ans de tradition de s\u00e9curit\u00e9 au travail\",\"publisher\":{\"@id\":\"https:\/\/autravail.ca\/#organization\"},\"potentialAction\":[{\"@type\":\"SearchAction\",\"target\":{\"@type\":\"EntryPoint\",\"urlTemplate\":\"https:\/\/autravail.ca\/?s={search_term_string}\"},\"query-input\":{\"@type\":\"PropertyValueSpecification\",\"valueRequired\":true,\"valueName\":\"search_term_string\"}}],\"inLanguage\":\"en-CA\"},{\"@type\":\"Organization\",\"@id\":\"https:\/\/autravail.ca\/#organization\",\"name\":\"Le Magasin Industriel\",\"url\":\"https:\/\/autravail.ca\/\",\"logo\":{\"@type\":\"ImageObject\",\"inLanguage\":\"en-CA\",\"@id\":\"https:\/\/autravail.ca\/#\/schema\/logo\/image\/\",\"url\":\"https:\/\/autravail.ca\/wp-content\/uploads\/2025\/05\/cropped-magasin_industriel_120x.avif\",\"contentUrl\":\"https:\/\/autravail.ca\/wp-content\/uploads\/2025\/05\/cropped-magasin_industriel_120x.avif\",\"width\":120,\"height\":24,\"caption\":\"Le Magasin Industriel\"},\"image\":{\"@id\":\"https:\/\/autravail.ca\/#\/schema\/logo\/image\/\"},\"sameAs\":[\"https:\/\/www.facebook.com\/lemagasinindustriel\/?locale=fr_FR\"]}]}<\/script>\n<!-- \/ Yoast SEO plugin. -->","yoast_head_json":{"title":"S426 - MANTEAU DE S\u00c9CURIT\u00c9 5 IN 1 - Le Magasin Industriel","robots":{"index":"index","follow":"follow","max-snippet":"max-snippet:-1","max-image-preview":"max-image-preview:large","max-video-preview":"max-video-preview:-1"},"canonical":"https:\/\/autravail.ca\/en\/product\/s426-manteau-de-securite-5-in-1\/","og_locale":"en_US","og_type":"article","og_title":"S426 - MANTEAU DE S\u00c9CURIT\u00c9 5 IN 1 - Le Magasin Industriel","og_description":"Manteau de s\u00e9curit\u00e9 5\/1, Richlu Notre populaire manteau haute visibilit\u00e9 avec ruban r\u00e9fl\u00e9chissant est tr\u00e8s polyvalent et fonctionnel. De qualit\u00e9 in\u00e9gal\u00e9e, il vous gardera au chaud m\u00eame les hivers les plus rigoureux. Ce manteau polyvalent s&rsquo;adapte aux quatre saisons &#8211; portez seulement la veste, la doublure ou combinez le tout. Coquille: Poly-Oxford 300D avec enduit [&hellip;]","og_url":"https:\/\/autravail.ca\/en\/product\/s426-manteau-de-securite-5-in-1\/","og_site_name":"Le Magasin Industriel","article_publisher":"https:\/\/www.facebook.com\/lemagasinindustriel\/?locale=fr_FR","article_modified_time":"2025-12-05T09:09:57+00:00","og_image":[{"width":800,"height":720,"url":"https:\/\/autravail.ca\/wp-content\/uploads\/2025\/05\/S426_A01_noir_devant.jpg","type":"image\/jpeg"}],"twitter_card":"summary_large_image","twitter_misc":{"Est. reading time":"1 minute"},"schema":{"@context":"https:\/\/schema.org","@graph":[{"@type":"WebPage","@id":"https:\/\/autravail.ca\/product\/s426-manteau-de-securite-5-in-1\/","url":"https:\/\/autravail.ca\/product\/s426-manteau-de-securite-5-in-1\/","name":"S426 - MANTEAU DE S\u00c9CURIT\u00c9 5 IN 1 - Le Magasin Industriel","isPartOf":{"@id":"https:\/\/autravail.ca\/#website"},"primaryImageOfPage":{"@id":"https:\/\/autravail.ca\/product\/s426-manteau-de-securite-5-in-1\/#primaryimage"},"image":{"@id":"https:\/\/autravail.ca\/product\/s426-manteau-de-securite-5-in-1\/#primaryimage"},"thumbnailUrl":"https:\/\/autravail.ca\/wp-content\/uploads\/2025\/05\/S426_A01_noir_devant.jpg","datePublished":"2025-05-08T07:53:05+00:00","dateModified":"2025-12-05T09:09:57+00:00","breadcrumb":{"@id":"https:\/\/autravail.ca\/product\/s426-manteau-de-securite-5-in-1\/#breadcrumb"},"inLanguage":"en-CA","potentialAction":[{"@type":"ReadAction","target":["https:\/\/autravail.ca\/product\/s426-manteau-de-securite-5-in-1\/"]}]},{"@type":"ImageObject","inLanguage":"en-CA","@id":"https:\/\/autravail.ca\/product\/s426-manteau-de-securite-5-in-1\/#primaryimage","url":"https:\/\/autravail.ca\/wp-content\/uploads\/2025\/05\/S426_A01_noir_devant.jpg","contentUrl":"https:\/\/autravail.ca\/wp-content\/uploads\/2025\/05\/S426_A01_noir_devant.jpg","width":800,"height":720},{"@type":"BreadcrumbList","@id":"https:\/\/autravail.ca\/product\/s426-manteau-de-securite-5-in-1\/#breadcrumb","itemListElement":[{"@type":"ListItem","position":1,"name":"Accueil","item":"https:\/\/autravail.ca\/"},{"@type":"ListItem","position":2,"name":"Magasin","item":"https:\/\/autravail.ca\/en\/shop\/"},{"@type":"ListItem","position":3,"name":"S426 &#8211; MANTEAU DE S\u00c9CURIT\u00c9 5 IN 1"}]},{"@type":"WebSite","@id":"https:\/\/autravail.ca\/#website","url":"https:\/\/autravail.ca\/","name":"Le Magasin Industriel","description":"50 ans de tradition de s\u00e9curit\u00e9 au travail","publisher":{"@id":"https:\/\/autravail.ca\/#organization"},"potentialAction":[{"@type":"SearchAction","target":{"@type":"EntryPoint","urlTemplate":"https:\/\/autravail.ca\/?s={search_term_string}"},"query-input":{"@type":"PropertyValueSpecification","valueRequired":true,"valueName":"search_term_string"}}],"inLanguage":"en-CA"},{"@type":"Organization","@id":"https:\/\/autravail.ca\/#organization","name":"Le Magasin Industriel","url":"https:\/\/autravail.ca\/","logo":{"@type":"ImageObject","inLanguage":"en-CA","@id":"https:\/\/autravail.ca\/#\/schema\/logo\/image\/","url":"https:\/\/autravail.ca\/wp-content\/uploads\/2025\/05\/cropped-magasin_industriel_120x.avif","contentUrl":"https:\/\/autravail.ca\/wp-content\/uploads\/2025\/05\/cropped-magasin_industriel_120x.avif","width":120,"height":24,"caption":"Le Magasin Industriel"},"image":{"@id":"https:\/\/autravail.ca\/#\/schema\/logo\/image\/"},"sameAs":["https:\/\/www.facebook.com\/lemagasinindustriel\/?locale=fr_FR"]}]}},"jetpack_sharing_enabled":true,"_links":{"self":[{"href":"https:\/\/autravail.ca\/en\/wp-json\/wp\/v2\/product\/36376","targetHints":{"allow":["GET"]}}],"collection":[{"href":"https:\/\/autravail.ca\/en\/wp-json\/wp\/v2\/product"}],"about":[{"href":"https:\/\/autravail.ca\/en\/wp-json\/wp\/v2\/types\/product"}],"replies":[{"embeddable":true,"href":"https:\/\/autravail.ca\/en\/wp-json\/wp\/v2\/comments?post=36376"}],"wp:featuredmedia":[{"embeddable":true,"href":"https:\/\/autravail.ca\/en\/wp-json\/wp\/v2\/media\/22167"}],"wp:attachment":[{"href":"https:\/\/autravail.ca\/en\/wp-json\/wp\/v2\/media?parent=36376"}],"wp:term":[{"taxonomy":"product_cat","embeddable":true,"href":"https:\/\/autravail.ca\/en\/wp-json\/wp\/v2\/product_cat?post=36376"},{"taxonomy":"product_tag","embeddable":true,"href":"https:\/\/autravail.ca\/en\/wp-json\/wp\/v2\/product_tag?post=36376"}],"curies":[{"name":"wp","href":"https:\/\/api.w.org\/{rel}","templated":true}]}}