{"id":36375,"date":"2025-05-08T07:53:05","date_gmt":"2025-05-08T07:53:05","guid":{"rendered":"https:\/\/meteoquebec.ca\/?post_type=product&#038;p=36375"},"modified":"2025-12-05T05:09:57","modified_gmt":"2025-12-05T09:09:57","slug":"s413-blouson-de-securite-3-in-1","status":"publish","type":"product","link":"https:\/\/autravail.ca\/en\/product\/s413-blouson-de-securite-3-in-1\/","title":{"rendered":"S413 - 3  1 SECURITY JACKET"},"content":{"rendered":"<p>Boomer Safety 3\/1 Jacket - Richlu<\/p>\n<p><span>Our high visibility jacket has been around for a while, and it's also known as the 'beer belly coat'. What really makes it unique are the reflective bands on both the shell AND the removable insulated lining. This means you can comply with site safety norms even when you're warm!<\/span><\/p>\n<ul>\n<li>Shell: Poly-Oxford 300D with PU coating and anti-freeze<\/li>\n<li>Lining: Polyester Filling 300g Anti-Pilling<\/li>\n<li>3M Reflective Material<sup>MC<\/sup><span>\u00a0<\/span>Scotchlite<sup>MC<\/sup><span>\u00a0<\/span>on contrasting 4-pocket<\/li>\n<li>Black cuffs and wrists that hide dirt<\/li>\n<li>Removable Hood (Shell)<\/li>\n<li>Customizable area accessible by zipper (shell)<\/li>\n<li>Press-stud storm flap on nylon sliding rail<\/li>\n<li>Adjustable cuffs<\/li>\n<li>Elastique Size<\/li>\n<li>Double Pockets<\/li>\n<\/ul>","protected":false},"excerpt":{"rendered":"<p>3-in-1 Boomer Style Safety Jacket  Richlu Our long-standing high-visibility jacket, also called the beer belly coat. Its unique feature is reflective bands on both the shell and removable fleece liner, ensuring compliance with standards.<\/p>","protected":false},"featured_media":22146,"comment_status":"open","ping_status":"closed","template":"","meta":[],"product_cat":[602,610,756,604],"product_tag":[242,250,291],"class_list":{"0":"post-36375","1":"product","2":"type-product","3":"status-publish","4":"has-post-thumbnail","6":"product_brand-richlu","7":"product_cat-hommes","8":"product_cat-manteaux","9":"product_cat-richlu","10":"product_cat-vetements-de-travail","11":"product_tag-homme","12":"product_tag-manteaux","13":"product_tag-vetements-haute-visibilite","15":"first","16":"instock","17":"taxable","18":"shipping-taxable","19":"purchasable","20":"product-type-variable"},"yoast_head":"<!-- This site is optimized with the Yoast SEO plugin v25.3.1 - https:\/\/yoast.com\/wordpress\/plugins\/seo\/ -->\n<title>S413 - BLOUSON DE S\u00c9CURIT\u00c9 3 IN 1 - Le Magasin Industriel<\/title>\n<meta name=\"robots\" content=\"index, follow, max-snippet:-1, max-image-preview:large, max-video-preview:-1\" \/>\n<link rel=\"canonical\" href=\"https:\/\/autravail.ca\/en\/product\/s413-blouson-de-securite-3-in-1\/\" \/>\n<meta property=\"og:locale\" content=\"en_US\" \/>\n<meta property=\"og:type\" content=\"article\" \/>\n<meta property=\"og:title\" content=\"S413 - BLOUSON DE S\u00c9CURIT\u00c9 3 IN 1 - Le Magasin Industriel\" \/>\n<meta property=\"og:description\" content=\"Blouson style Boomer de s\u00e9curit\u00e9 3\/1 &#8211; Richlu Notre blouson haute visibilit\u00e9 existe depuis longtemps, et on le surnomme aussi \u00ab manteau b\u00e9daine de bi\u00e8re \u00bb. Ce qui le rend vraiment unique, ce sont les bandes r\u00e9fl\u00e9chissantes sur la coquille ET sur la doublure en molleton amovible. Vous pouvez donc respecter les normes sur le [&hellip;]\" \/>\n<meta property=\"og:url\" content=\"https:\/\/autravail.ca\/en\/product\/s413-blouson-de-securite-3-in-1\/\" \/>\n<meta property=\"og:site_name\" content=\"Le Magasin Industriel\" \/>\n<meta property=\"article:publisher\" content=\"https:\/\/www.facebook.com\/lemagasinindustriel\/?locale=fr_FR\" \/>\n<meta property=\"article:modified_time\" content=\"2025-12-05T09:09:57+00:00\" \/>\n<meta property=\"og:image\" content=\"https:\/\/autravail.ca\/wp-content\/uploads\/2025\/05\/S413_A01_orange_devant.jpg\" \/>\n\t<meta property=\"og:image:width\" content=\"800\" \/>\n\t<meta property=\"og:image:height\" content=\"720\" \/>\n\t<meta property=\"og:image:type\" content=\"image\/jpeg\" \/>\n<meta name=\"twitter:card\" content=\"summary_large_image\" \/>\n<meta name=\"twitter:label1\" content=\"Est. reading time\" \/>\n\t<meta name=\"twitter:data1\" content=\"1 minute\" \/>\n<script type=\"application\/ld+json\" class=\"yoast-schema-graph\">{\"@context\":\"https:\/\/schema.org\",\"@graph\":[{\"@type\":\"WebPage\",\"@id\":\"https:\/\/autravail.ca\/product\/s413-blouson-de-securite-3-in-1\/\",\"url\":\"https:\/\/autravail.ca\/product\/s413-blouson-de-securite-3-in-1\/\",\"name\":\"S413 - BLOUSON DE S\u00c9CURIT\u00c9 3 IN 1 - Le Magasin Industriel\",\"isPartOf\":{\"@id\":\"https:\/\/autravail.ca\/#website\"},\"primaryImageOfPage\":{\"@id\":\"https:\/\/autravail.ca\/product\/s413-blouson-de-securite-3-in-1\/#primaryimage\"},\"image\":{\"@id\":\"https:\/\/autravail.ca\/product\/s413-blouson-de-securite-3-in-1\/#primaryimage\"},\"thumbnailUrl\":\"https:\/\/autravail.ca\/wp-content\/uploads\/2025\/05\/S413_A01_orange_devant.jpg\",\"datePublished\":\"2025-05-08T07:53:05+00:00\",\"dateModified\":\"2025-12-05T09:09:57+00:00\",\"breadcrumb\":{\"@id\":\"https:\/\/autravail.ca\/product\/s413-blouson-de-securite-3-in-1\/#breadcrumb\"},\"inLanguage\":\"en-CA\",\"potentialAction\":[{\"@type\":\"ReadAction\",\"target\":[\"https:\/\/autravail.ca\/product\/s413-blouson-de-securite-3-in-1\/\"]}]},{\"@type\":\"ImageObject\",\"inLanguage\":\"en-CA\",\"@id\":\"https:\/\/autravail.ca\/product\/s413-blouson-de-securite-3-in-1\/#primaryimage\",\"url\":\"https:\/\/autravail.ca\/wp-content\/uploads\/2025\/05\/S413_A01_orange_devant.jpg\",\"contentUrl\":\"https:\/\/autravail.ca\/wp-content\/uploads\/2025\/05\/S413_A01_orange_devant.jpg\",\"width\":800,\"height\":720},{\"@type\":\"BreadcrumbList\",\"@id\":\"https:\/\/autravail.ca\/product\/s413-blouson-de-securite-3-in-1\/#breadcrumb\",\"itemListElement\":[{\"@type\":\"ListItem\",\"position\":1,\"name\":\"Accueil\",\"item\":\"https:\/\/autravail.ca\/\"},{\"@type\":\"ListItem\",\"position\":2,\"name\":\"Magasin\",\"item\":\"https:\/\/autravail.ca\/en\/shop\/\"},{\"@type\":\"ListItem\",\"position\":3,\"name\":\"S413 &#8211; BLOUSON DE S\u00c9CURIT\u00c9 3 IN 1\"}]},{\"@type\":\"WebSite\",\"@id\":\"https:\/\/autravail.ca\/#website\",\"url\":\"https:\/\/autravail.ca\/\",\"name\":\"Le Magasin Industriel\",\"description\":\"50 ans de tradition de s\u00e9curit\u00e9 au travail\",\"publisher\":{\"@id\":\"https:\/\/autravail.ca\/#organization\"},\"potentialAction\":[{\"@type\":\"SearchAction\",\"target\":{\"@type\":\"EntryPoint\",\"urlTemplate\":\"https:\/\/autravail.ca\/?s={search_term_string}\"},\"query-input\":{\"@type\":\"PropertyValueSpecification\",\"valueRequired\":true,\"valueName\":\"search_term_string\"}}],\"inLanguage\":\"en-CA\"},{\"@type\":\"Organization\",\"@id\":\"https:\/\/autravail.ca\/#organization\",\"name\":\"Le Magasin Industriel\",\"url\":\"https:\/\/autravail.ca\/\",\"logo\":{\"@type\":\"ImageObject\",\"inLanguage\":\"en-CA\",\"@id\":\"https:\/\/autravail.ca\/#\/schema\/logo\/image\/\",\"url\":\"https:\/\/autravail.ca\/wp-content\/uploads\/2025\/05\/cropped-magasin_industriel_120x.avif\",\"contentUrl\":\"https:\/\/autravail.ca\/wp-content\/uploads\/2025\/05\/cropped-magasin_industriel_120x.avif\",\"width\":120,\"height\":24,\"caption\":\"Le Magasin Industriel\"},\"image\":{\"@id\":\"https:\/\/autravail.ca\/#\/schema\/logo\/image\/\"},\"sameAs\":[\"https:\/\/www.facebook.com\/lemagasinindustriel\/?locale=fr_FR\"]}]}<\/script>\n<!-- \/ Yoast SEO plugin. -->","yoast_head_json":{"title":"S413 - BLOUSON DE S\u00c9CURIT\u00c9 3 IN 1 - Le Magasin Industriel","robots":{"index":"index","follow":"follow","max-snippet":"max-snippet:-1","max-image-preview":"max-image-preview:large","max-video-preview":"max-video-preview:-1"},"canonical":"https:\/\/autravail.ca\/en\/product\/s413-blouson-de-securite-3-in-1\/","og_locale":"en_US","og_type":"article","og_title":"S413 - BLOUSON DE S\u00c9CURIT\u00c9 3 IN 1 - Le Magasin Industriel","og_description":"Blouson style Boomer de s\u00e9curit\u00e9 3\/1 &#8211; Richlu Notre blouson haute visibilit\u00e9 existe depuis longtemps, et on le surnomme aussi \u00ab manteau b\u00e9daine de bi\u00e8re \u00bb. Ce qui le rend vraiment unique, ce sont les bandes r\u00e9fl\u00e9chissantes sur la coquille ET sur la doublure en molleton amovible. Vous pouvez donc respecter les normes sur le [&hellip;]","og_url":"https:\/\/autravail.ca\/en\/product\/s413-blouson-de-securite-3-in-1\/","og_site_name":"Le Magasin Industriel","article_publisher":"https:\/\/www.facebook.com\/lemagasinindustriel\/?locale=fr_FR","article_modified_time":"2025-12-05T09:09:57+00:00","og_image":[{"width":800,"height":720,"url":"https:\/\/autravail.ca\/wp-content\/uploads\/2025\/05\/S413_A01_orange_devant.jpg","type":"image\/jpeg"}],"twitter_card":"summary_large_image","twitter_misc":{"Est. reading time":"1 minute"},"schema":{"@context":"https:\/\/schema.org","@graph":[{"@type":"WebPage","@id":"https:\/\/autravail.ca\/product\/s413-blouson-de-securite-3-in-1\/","url":"https:\/\/autravail.ca\/product\/s413-blouson-de-securite-3-in-1\/","name":"S413 - BLOUSON DE S\u00c9CURIT\u00c9 3 IN 1 - Le Magasin Industriel","isPartOf":{"@id":"https:\/\/autravail.ca\/#website"},"primaryImageOfPage":{"@id":"https:\/\/autravail.ca\/product\/s413-blouson-de-securite-3-in-1\/#primaryimage"},"image":{"@id":"https:\/\/autravail.ca\/product\/s413-blouson-de-securite-3-in-1\/#primaryimage"},"thumbnailUrl":"https:\/\/autravail.ca\/wp-content\/uploads\/2025\/05\/S413_A01_orange_devant.jpg","datePublished":"2025-05-08T07:53:05+00:00","dateModified":"2025-12-05T09:09:57+00:00","breadcrumb":{"@id":"https:\/\/autravail.ca\/product\/s413-blouson-de-securite-3-in-1\/#breadcrumb"},"inLanguage":"en-CA","potentialAction":[{"@type":"ReadAction","target":["https:\/\/autravail.ca\/product\/s413-blouson-de-securite-3-in-1\/"]}]},{"@type":"ImageObject","inLanguage":"en-CA","@id":"https:\/\/autravail.ca\/product\/s413-blouson-de-securite-3-in-1\/#primaryimage","url":"https:\/\/autravail.ca\/wp-content\/uploads\/2025\/05\/S413_A01_orange_devant.jpg","contentUrl":"https:\/\/autravail.ca\/wp-content\/uploads\/2025\/05\/S413_A01_orange_devant.jpg","width":800,"height":720},{"@type":"BreadcrumbList","@id":"https:\/\/autravail.ca\/product\/s413-blouson-de-securite-3-in-1\/#breadcrumb","itemListElement":[{"@type":"ListItem","position":1,"name":"Accueil","item":"https:\/\/autravail.ca\/"},{"@type":"ListItem","position":2,"name":"Magasin","item":"https:\/\/autravail.ca\/en\/shop\/"},{"@type":"ListItem","position":3,"name":"S413 &#8211; BLOUSON DE S\u00c9CURIT\u00c9 3 IN 1"}]},{"@type":"WebSite","@id":"https:\/\/autravail.ca\/#website","url":"https:\/\/autravail.ca\/","name":"Le Magasin Industriel","description":"50 ans de tradition de s\u00e9curit\u00e9 au travail","publisher":{"@id":"https:\/\/autravail.ca\/#organization"},"potentialAction":[{"@type":"SearchAction","target":{"@type":"EntryPoint","urlTemplate":"https:\/\/autravail.ca\/?s={search_term_string}"},"query-input":{"@type":"PropertyValueSpecification","valueRequired":true,"valueName":"search_term_string"}}],"inLanguage":"en-CA"},{"@type":"Organization","@id":"https:\/\/autravail.ca\/#organization","name":"Le Magasin Industriel","url":"https:\/\/autravail.ca\/","logo":{"@type":"ImageObject","inLanguage":"en-CA","@id":"https:\/\/autravail.ca\/#\/schema\/logo\/image\/","url":"https:\/\/autravail.ca\/wp-content\/uploads\/2025\/05\/cropped-magasin_industriel_120x.avif","contentUrl":"https:\/\/autravail.ca\/wp-content\/uploads\/2025\/05\/cropped-magasin_industriel_120x.avif","width":120,"height":24,"caption":"Le Magasin Industriel"},"image":{"@id":"https:\/\/autravail.ca\/#\/schema\/logo\/image\/"},"sameAs":["https:\/\/www.facebook.com\/lemagasinindustriel\/?locale=fr_FR"]}]}},"jetpack_sharing_enabled":true,"_links":{"self":[{"href":"https:\/\/autravail.ca\/en\/wp-json\/wp\/v2\/product\/36375","targetHints":{"allow":["GET"]}}],"collection":[{"href":"https:\/\/autravail.ca\/en\/wp-json\/wp\/v2\/product"}],"about":[{"href":"https:\/\/autravail.ca\/en\/wp-json\/wp\/v2\/types\/product"}],"replies":[{"embeddable":true,"href":"https:\/\/autravail.ca\/en\/wp-json\/wp\/v2\/comments?post=36375"}],"wp:featuredmedia":[{"embeddable":true,"href":"https:\/\/autravail.ca\/en\/wp-json\/wp\/v2\/media\/22146"}],"wp:attachment":[{"href":"https:\/\/autravail.ca\/en\/wp-json\/wp\/v2\/media?parent=36375"}],"wp:term":[{"taxonomy":"product_cat","embeddable":true,"href":"https:\/\/autravail.ca\/en\/wp-json\/wp\/v2\/product_cat?post=36375"},{"taxonomy":"product_tag","embeddable":true,"href":"https:\/\/autravail.ca\/en\/wp-json\/wp\/v2\/product_tag?post=36375"}],"curies":[{"name":"wp","href":"https:\/\/api.w.org\/{rel}","templated":true}]}}