{"id":36347,"date":"2025-05-08T07:52:40","date_gmt":"2025-05-08T07:52:40","guid":{"rendered":"https:\/\/meteoquebec.ca\/?post_type=product&#038;p=36347"},"modified":"2025-12-05T05:09:57","modified_gmt":"2025-12-05T09:09:57","slug":"s29080-11-espadrille-de-travail-ladyfit","status":"publish","type":"product","link":"https:\/\/autravail.ca\/en\/product\/s29080-11-espadrille-de-travail-ladyfit\/","title":{"rendered":"S29080-11 - WORK sneakers - LADYFIT"},"content":{"rendered":"<p>Safety sneakers, LadyFit - STC<\/p>\n<p>Synthetic PU Tube and Fabric<\/p>\n<p>Lightweight and non-conductive composite toe cap and anti-piercing sole.<\/p>\n<p>Breathable Mesh Fabric Lining with Antimicrobial Treatment.<\/p>\n<p>Removable Inner Sole Instant Comfort, made of gel, PU and memory foam.<\/p>\n<p>Protective corner guard made of TPU for increased durability.<\/p>\n<p>Sole with double density made of natural rubber and a light and comfortable PU core.<\/p>\n<p>Padded collar and tongue for more comfort.<\/p>\n<p>Glass Fiber Cambrion.<\/p>","protected":false},"excerpt":{"rendered":"<p>LadyFit Safety Sneaker  STC Synthetic PU and fabric upper. Lightweight, non-conductive composite toe and puncture-resistant sole. Breathable mesh fabric lining with antimicrobial treatment. Removable Instant Comfort insole with gel, PU, and memory foam. TPU anti-scratch toe protector for enhanced durability.<\/p>","protected":false},"featured_media":22126,"comment_status":"open","ping_status":"closed","template":"","meta":[],"product_cat":[645,633],"product_tag":[252,270,255,253],"class_list":{"0":"post-36347","1":"product","2":"type-product","3":"status-publish","4":"has-post-thumbnail","6":"product_brand-stc","7":"product_cat-espadrilles-de-travail","8":"product_cat-femmes","9":"product_tag-electric-shock-resistant","10":"product_tag-espadrilles-de-travail","11":"product_tag-femme","12":"product_tag-sole-protection","14":"first","15":"instock","16":"taxable","17":"shipping-taxable","18":"purchasable","19":"product-type-variable"},"yoast_head":"<!-- This site is optimized with the Yoast SEO plugin v25.3.1 - https:\/\/yoast.com\/wordpress\/plugins\/seo\/ -->\n<title>S29080-11 - ESPADRILLE DE TRAVAIL - LADYFIT - Le Magasin Industriel<\/title>\n<meta name=\"robots\" content=\"index, follow, max-snippet:-1, max-image-preview:large, max-video-preview:-1\" \/>\n<link rel=\"canonical\" href=\"https:\/\/autravail.ca\/en\/product\/s29080-11-espadrille-de-travail-ladyfit\/\" \/>\n<meta property=\"og:locale\" content=\"en_US\" \/>\n<meta property=\"og:type\" content=\"article\" \/>\n<meta property=\"og:title\" content=\"S29080-11 - ESPADRILLE DE TRAVAIL - LADYFIT - Le Magasin Industriel\" \/>\n<meta property=\"og:description\" content=\"Espadrille de s\u00e9curit\u00e9, LadyFit &#8211; STC Tige de PU synth\u00e9tique et tissu. Embout de protection et semelle anti-perforation en composite l\u00e9ger et non conducteur. Doublure respirante de tissu \u00e0 mailles avec traitement antimicrobien. Semelle int\u00e9rieure amovible Instant Comfort, faite de gel, PU et mousse m\u00e9moire. Embout protecteur anti-\u00e9raflure fait de TPU pour une durabilit\u00e9 accrue. [&hellip;]\" \/>\n<meta property=\"og:url\" content=\"https:\/\/autravail.ca\/en\/product\/s29080-11-espadrille-de-travail-ladyfit\/\" \/>\n<meta property=\"og:site_name\" content=\"Le Magasin Industriel\" \/>\n<meta property=\"article:publisher\" content=\"https:\/\/www.facebook.com\/lemagasinindustriel\/?locale=fr_FR\" \/>\n<meta property=\"article:modified_time\" content=\"2025-12-05T09:09:57+00:00\" \/>\n<meta property=\"og:image\" content=\"https:\/\/autravail.ca\/wp-content\/uploads\/2025\/05\/S29080-11_A01.jpg\" \/>\n\t<meta property=\"og:image:width\" content=\"1000\" \/>\n\t<meta property=\"og:image:height\" content=\"1000\" \/>\n\t<meta property=\"og:image:type\" content=\"image\/jpeg\" \/>\n<meta name=\"twitter:card\" content=\"summary_large_image\" \/>\n<script type=\"application\/ld+json\" class=\"yoast-schema-graph\">{\"@context\":\"https:\/\/schema.org\",\"@graph\":[{\"@type\":\"WebPage\",\"@id\":\"https:\/\/autravail.ca\/product\/s29080-11-espadrille-de-travail-ladyfit\/\",\"url\":\"https:\/\/autravail.ca\/product\/s29080-11-espadrille-de-travail-ladyfit\/\",\"name\":\"S29080-11 - ESPADRILLE DE TRAVAIL - LADYFIT - Le Magasin Industriel\",\"isPartOf\":{\"@id\":\"https:\/\/autravail.ca\/#website\"},\"primaryImageOfPage\":{\"@id\":\"https:\/\/autravail.ca\/product\/s29080-11-espadrille-de-travail-ladyfit\/#primaryimage\"},\"image\":{\"@id\":\"https:\/\/autravail.ca\/product\/s29080-11-espadrille-de-travail-ladyfit\/#primaryimage\"},\"thumbnailUrl\":\"https:\/\/autravail.ca\/wp-content\/uploads\/2025\/05\/S29080-11_A01.jpg\",\"datePublished\":\"2025-05-08T07:52:40+00:00\",\"dateModified\":\"2025-12-05T09:09:57+00:00\",\"breadcrumb\":{\"@id\":\"https:\/\/autravail.ca\/product\/s29080-11-espadrille-de-travail-ladyfit\/#breadcrumb\"},\"inLanguage\":\"en-CA\",\"potentialAction\":[{\"@type\":\"ReadAction\",\"target\":[\"https:\/\/autravail.ca\/product\/s29080-11-espadrille-de-travail-ladyfit\/\"]}]},{\"@type\":\"ImageObject\",\"inLanguage\":\"en-CA\",\"@id\":\"https:\/\/autravail.ca\/product\/s29080-11-espadrille-de-travail-ladyfit\/#primaryimage\",\"url\":\"https:\/\/autravail.ca\/wp-content\/uploads\/2025\/05\/S29080-11_A01.jpg\",\"contentUrl\":\"https:\/\/autravail.ca\/wp-content\/uploads\/2025\/05\/S29080-11_A01.jpg\",\"width\":1000,\"height\":1000},{\"@type\":\"BreadcrumbList\",\"@id\":\"https:\/\/autravail.ca\/product\/s29080-11-espadrille-de-travail-ladyfit\/#breadcrumb\",\"itemListElement\":[{\"@type\":\"ListItem\",\"position\":1,\"name\":\"Accueil\",\"item\":\"https:\/\/autravail.ca\/\"},{\"@type\":\"ListItem\",\"position\":2,\"name\":\"Magasin\",\"item\":\"https:\/\/autravail.ca\/en\/shop\/\"},{\"@type\":\"ListItem\",\"position\":3,\"name\":\"S29080-11 &#8211; ESPADRILLE DE TRAVAIL &#8211; LADYFIT\"}]},{\"@type\":\"WebSite\",\"@id\":\"https:\/\/autravail.ca\/#website\",\"url\":\"https:\/\/autravail.ca\/\",\"name\":\"Le Magasin Industriel\",\"description\":\"50 ans de tradition de s\u00e9curit\u00e9 au travail\",\"publisher\":{\"@id\":\"https:\/\/autravail.ca\/#organization\"},\"potentialAction\":[{\"@type\":\"SearchAction\",\"target\":{\"@type\":\"EntryPoint\",\"urlTemplate\":\"https:\/\/autravail.ca\/?s={search_term_string}\"},\"query-input\":{\"@type\":\"PropertyValueSpecification\",\"valueRequired\":true,\"valueName\":\"search_term_string\"}}],\"inLanguage\":\"en-CA\"},{\"@type\":\"Organization\",\"@id\":\"https:\/\/autravail.ca\/#organization\",\"name\":\"Le Magasin Industriel\",\"url\":\"https:\/\/autravail.ca\/\",\"logo\":{\"@type\":\"ImageObject\",\"inLanguage\":\"en-CA\",\"@id\":\"https:\/\/autravail.ca\/#\/schema\/logo\/image\/\",\"url\":\"https:\/\/autravail.ca\/wp-content\/uploads\/2025\/05\/cropped-magasin_industriel_120x.avif\",\"contentUrl\":\"https:\/\/autravail.ca\/wp-content\/uploads\/2025\/05\/cropped-magasin_industriel_120x.avif\",\"width\":120,\"height\":24,\"caption\":\"Le Magasin Industriel\"},\"image\":{\"@id\":\"https:\/\/autravail.ca\/#\/schema\/logo\/image\/\"},\"sameAs\":[\"https:\/\/www.facebook.com\/lemagasinindustriel\/?locale=fr_FR\"]}]}<\/script>\n<!-- \/ Yoast SEO plugin. -->","yoast_head_json":{"title":"S29080-11 - ESPADRILLE DE TRAVAIL - LADYFIT - Le Magasin Industriel","robots":{"index":"index","follow":"follow","max-snippet":"max-snippet:-1","max-image-preview":"max-image-preview:large","max-video-preview":"max-video-preview:-1"},"canonical":"https:\/\/autravail.ca\/en\/product\/s29080-11-espadrille-de-travail-ladyfit\/","og_locale":"en_US","og_type":"article","og_title":"S29080-11 - ESPADRILLE DE TRAVAIL - LADYFIT - Le Magasin Industriel","og_description":"Espadrille de s\u00e9curit\u00e9, LadyFit &#8211; STC Tige de PU synth\u00e9tique et tissu. Embout de protection et semelle anti-perforation en composite l\u00e9ger et non conducteur. Doublure respirante de tissu \u00e0 mailles avec traitement antimicrobien. Semelle int\u00e9rieure amovible Instant Comfort, faite de gel, PU et mousse m\u00e9moire. Embout protecteur anti-\u00e9raflure fait de TPU pour une durabilit\u00e9 accrue. [&hellip;]","og_url":"https:\/\/autravail.ca\/en\/product\/s29080-11-espadrille-de-travail-ladyfit\/","og_site_name":"Le Magasin Industriel","article_publisher":"https:\/\/www.facebook.com\/lemagasinindustriel\/?locale=fr_FR","article_modified_time":"2025-12-05T09:09:57+00:00","og_image":[{"width":1000,"height":1000,"url":"https:\/\/autravail.ca\/wp-content\/uploads\/2025\/05\/S29080-11_A01.jpg","type":"image\/jpeg"}],"twitter_card":"summary_large_image","schema":{"@context":"https:\/\/schema.org","@graph":[{"@type":"WebPage","@id":"https:\/\/autravail.ca\/product\/s29080-11-espadrille-de-travail-ladyfit\/","url":"https:\/\/autravail.ca\/product\/s29080-11-espadrille-de-travail-ladyfit\/","name":"S29080-11 - ESPADRILLE DE TRAVAIL - LADYFIT - Le Magasin Industriel","isPartOf":{"@id":"https:\/\/autravail.ca\/#website"},"primaryImageOfPage":{"@id":"https:\/\/autravail.ca\/product\/s29080-11-espadrille-de-travail-ladyfit\/#primaryimage"},"image":{"@id":"https:\/\/autravail.ca\/product\/s29080-11-espadrille-de-travail-ladyfit\/#primaryimage"},"thumbnailUrl":"https:\/\/autravail.ca\/wp-content\/uploads\/2025\/05\/S29080-11_A01.jpg","datePublished":"2025-05-08T07:52:40+00:00","dateModified":"2025-12-05T09:09:57+00:00","breadcrumb":{"@id":"https:\/\/autravail.ca\/product\/s29080-11-espadrille-de-travail-ladyfit\/#breadcrumb"},"inLanguage":"en-CA","potentialAction":[{"@type":"ReadAction","target":["https:\/\/autravail.ca\/product\/s29080-11-espadrille-de-travail-ladyfit\/"]}]},{"@type":"ImageObject","inLanguage":"en-CA","@id":"https:\/\/autravail.ca\/product\/s29080-11-espadrille-de-travail-ladyfit\/#primaryimage","url":"https:\/\/autravail.ca\/wp-content\/uploads\/2025\/05\/S29080-11_A01.jpg","contentUrl":"https:\/\/autravail.ca\/wp-content\/uploads\/2025\/05\/S29080-11_A01.jpg","width":1000,"height":1000},{"@type":"BreadcrumbList","@id":"https:\/\/autravail.ca\/product\/s29080-11-espadrille-de-travail-ladyfit\/#breadcrumb","itemListElement":[{"@type":"ListItem","position":1,"name":"Accueil","item":"https:\/\/autravail.ca\/"},{"@type":"ListItem","position":2,"name":"Magasin","item":"https:\/\/autravail.ca\/en\/shop\/"},{"@type":"ListItem","position":3,"name":"S29080-11 &#8211; ESPADRILLE DE TRAVAIL &#8211; LADYFIT"}]},{"@type":"WebSite","@id":"https:\/\/autravail.ca\/#website","url":"https:\/\/autravail.ca\/","name":"Le Magasin Industriel","description":"50 ans de tradition de s\u00e9curit\u00e9 au travail","publisher":{"@id":"https:\/\/autravail.ca\/#organization"},"potentialAction":[{"@type":"SearchAction","target":{"@type":"EntryPoint","urlTemplate":"https:\/\/autravail.ca\/?s={search_term_string}"},"query-input":{"@type":"PropertyValueSpecification","valueRequired":true,"valueName":"search_term_string"}}],"inLanguage":"en-CA"},{"@type":"Organization","@id":"https:\/\/autravail.ca\/#organization","name":"Le Magasin Industriel","url":"https:\/\/autravail.ca\/","logo":{"@type":"ImageObject","inLanguage":"en-CA","@id":"https:\/\/autravail.ca\/#\/schema\/logo\/image\/","url":"https:\/\/autravail.ca\/wp-content\/uploads\/2025\/05\/cropped-magasin_industriel_120x.avif","contentUrl":"https:\/\/autravail.ca\/wp-content\/uploads\/2025\/05\/cropped-magasin_industriel_120x.avif","width":120,"height":24,"caption":"Le Magasin Industriel"},"image":{"@id":"https:\/\/autravail.ca\/#\/schema\/logo\/image\/"},"sameAs":["https:\/\/www.facebook.com\/lemagasinindustriel\/?locale=fr_FR"]}]}},"jetpack_sharing_enabled":true,"_links":{"self":[{"href":"https:\/\/autravail.ca\/en\/wp-json\/wp\/v2\/product\/36347","targetHints":{"allow":["GET"]}}],"collection":[{"href":"https:\/\/autravail.ca\/en\/wp-json\/wp\/v2\/product"}],"about":[{"href":"https:\/\/autravail.ca\/en\/wp-json\/wp\/v2\/types\/product"}],"replies":[{"embeddable":true,"href":"https:\/\/autravail.ca\/en\/wp-json\/wp\/v2\/comments?post=36347"}],"wp:featuredmedia":[{"embeddable":true,"href":"https:\/\/autravail.ca\/en\/wp-json\/wp\/v2\/media\/22126"}],"wp:attachment":[{"href":"https:\/\/autravail.ca\/en\/wp-json\/wp\/v2\/media?parent=36347"}],"wp:term":[{"taxonomy":"product_cat","embeddable":true,"href":"https:\/\/autravail.ca\/en\/wp-json\/wp\/v2\/product_cat?post=36347"},{"taxonomy":"product_tag","embeddable":true,"href":"https:\/\/autravail.ca\/en\/wp-json\/wp\/v2\/product_tag?post=36347"}],"curies":[{"name":"wp","href":"https:\/\/api.w.org\/{rel}","templated":true}]}}