{"id":36346,"date":"2025-05-08T07:52:39","date_gmt":"2025-05-08T07:52:39","guid":{"rendered":"https:\/\/meteoquebec.ca\/?post_type=product&#038;p=36346"},"modified":"2025-12-05T05:09:57","modified_gmt":"2025-12-05T09:09:57","slug":"s176-parka-de-securite-double","status":"publish","type":"product","link":"https:\/\/autravail.ca\/en\/product\/s176-parka-de-securite-double\/","title":{"rendered":"S176 - DOUBLE LAYER SAFETY PARKA"},"content":{"rendered":"<p>Safety Parka - Doubled by Richlu<\/p>\n<p><span>This high visibility parka can withstand the cold everywhere in the Great North. It is ideal for road work and construction sites. The removable hood is large enough to accommodate a safety helmet.<\/span><\/p>\n<ul>\n<li>Elasticized cuff in knit rib<\/li>\n<li>Storm flap button-press fastener on nylon zipper<\/li>\n<li>Identification Pocket with Anti-Loss Clip<\/li>\n<li>Two sleeves for micro<\/li>\n<li>Removable helmet cap<\/li>\n<li>Black cuffs and wrists that hide dirt<\/li>\n<li>Exterieur : Poly-Oxford 300D with PU coating and anti-gel<\/li>\n<li>Lining: 100% Polyester 6 oz Padded Insulator<\/li>\n<li>3M Reflective Material<sup>MC<\/sup><span>\u00a0<\/span>Scotchlite<sup>MC<\/sup><span>\u00a0<\/span>on contrasting 4-pocket<\/li>\n<\/ul>","protected":false},"excerpt":{"rendered":"<p>Lined Safety Parka  Richlu This high-visibility parka tackles extreme cold in the Far North. Ideal for roadwork and construction sites. The easily removable hood accommodates safety helmets. Windproof ribbed knit cuffs. Snap storm flap.<\/p>","protected":false},"featured_media":22108,"comment_status":"open","ping_status":"closed","template":"","meta":[],"product_cat":[599,602,610,756,604],"product_tag":[242,250,291],"class_list":{"0":"post-36346","1":"product","2":"type-product","3":"status-publish","4":"has-post-thumbnail","6":"product_brand-richlu","7":"product_cat-apparel-accessories","8":"product_cat-hommes","9":"product_cat-manteaux","10":"product_cat-richlu","11":"product_cat-vetements-de-travail","12":"product_tag-homme","13":"product_tag-manteaux","14":"product_tag-vetements-haute-visibilite","16":"first","17":"instock","18":"taxable","19":"shipping-taxable","20":"purchasable","21":"product-type-variable"},"yoast_head":"<!-- This site is optimized with the Yoast SEO plugin v25.3.1 - https:\/\/yoast.com\/wordpress\/plugins\/seo\/ -->\n<title>S176 - PARKA DE S\u00c9CURIT\u00c9 DOUBL\u00c9 - Le Magasin Industriel<\/title>\n<meta name=\"robots\" content=\"index, follow, max-snippet:-1, max-image-preview:large, max-video-preview:-1\" \/>\n<link rel=\"canonical\" href=\"https:\/\/autravail.ca\/en\/product\/s176-parka-de-securite-double\/\" \/>\n<meta property=\"og:locale\" content=\"en_US\" \/>\n<meta property=\"og:type\" content=\"article\" \/>\n<meta property=\"og:title\" content=\"S176 - PARKA DE S\u00c9CURIT\u00c9 DOUBL\u00c9 - Le Magasin Industriel\" \/>\n<meta property=\"og:description\" content=\"Parka de s\u00e9curit\u00e9 doubl\u00e9 &#8211; Richlu Ce parka haute visibilit\u00e9 peut affronter le froid partout dans le Grand Nord. Il est id\u00e9al pour les travaux routiers et les chantiers de construction. Le capuchon facile \u00e0 enlever est assez grand pour accommoder le casque de s\u00e9curit\u00e9. Poignets coupe-vent en tricot c\u00f4tel\u00e9 Rabat temp\u00eate \u00e0 boutons-pression sur [&hellip;]\" \/>\n<meta property=\"og:url\" content=\"https:\/\/autravail.ca\/en\/product\/s176-parka-de-securite-double\/\" \/>\n<meta property=\"og:site_name\" content=\"Le Magasin Industriel\" \/>\n<meta property=\"article:publisher\" content=\"https:\/\/www.facebook.com\/lemagasinindustriel\/?locale=fr_FR\" \/>\n<meta property=\"article:modified_time\" content=\"2025-12-05T09:09:57+00:00\" \/>\n<meta property=\"og:image\" content=\"https:\/\/autravail.ca\/wp-content\/uploads\/2025\/05\/S176_A01_devant.jpg\" \/>\n\t<meta property=\"og:image:width\" content=\"800\" \/>\n\t<meta property=\"og:image:height\" content=\"720\" \/>\n\t<meta property=\"og:image:type\" content=\"image\/jpeg\" \/>\n<meta name=\"twitter:card\" content=\"summary_large_image\" \/>\n<meta name=\"twitter:label1\" content=\"Est. reading time\" \/>\n\t<meta name=\"twitter:data1\" content=\"1 minute\" \/>\n<script type=\"application\/ld+json\" class=\"yoast-schema-graph\">{\"@context\":\"https:\/\/schema.org\",\"@graph\":[{\"@type\":\"WebPage\",\"@id\":\"https:\/\/autravail.ca\/product\/s176-parka-de-securite-double\/\",\"url\":\"https:\/\/autravail.ca\/product\/s176-parka-de-securite-double\/\",\"name\":\"S176 - PARKA DE S\u00c9CURIT\u00c9 DOUBL\u00c9 - Le Magasin Industriel\",\"isPartOf\":{\"@id\":\"https:\/\/autravail.ca\/#website\"},\"primaryImageOfPage\":{\"@id\":\"https:\/\/autravail.ca\/product\/s176-parka-de-securite-double\/#primaryimage\"},\"image\":{\"@id\":\"https:\/\/autravail.ca\/product\/s176-parka-de-securite-double\/#primaryimage\"},\"thumbnailUrl\":\"https:\/\/autravail.ca\/wp-content\/uploads\/2025\/05\/S176_A01_devant.jpg\",\"datePublished\":\"2025-05-08T07:52:39+00:00\",\"dateModified\":\"2025-12-05T09:09:57+00:00\",\"breadcrumb\":{\"@id\":\"https:\/\/autravail.ca\/product\/s176-parka-de-securite-double\/#breadcrumb\"},\"inLanguage\":\"en-CA\",\"potentialAction\":[{\"@type\":\"ReadAction\",\"target\":[\"https:\/\/autravail.ca\/product\/s176-parka-de-securite-double\/\"]}]},{\"@type\":\"ImageObject\",\"inLanguage\":\"en-CA\",\"@id\":\"https:\/\/autravail.ca\/product\/s176-parka-de-securite-double\/#primaryimage\",\"url\":\"https:\/\/autravail.ca\/wp-content\/uploads\/2025\/05\/S176_A01_devant.jpg\",\"contentUrl\":\"https:\/\/autravail.ca\/wp-content\/uploads\/2025\/05\/S176_A01_devant.jpg\",\"width\":800,\"height\":720},{\"@type\":\"BreadcrumbList\",\"@id\":\"https:\/\/autravail.ca\/product\/s176-parka-de-securite-double\/#breadcrumb\",\"itemListElement\":[{\"@type\":\"ListItem\",\"position\":1,\"name\":\"Accueil\",\"item\":\"https:\/\/autravail.ca\/\"},{\"@type\":\"ListItem\",\"position\":2,\"name\":\"Magasin\",\"item\":\"https:\/\/autravail.ca\/en\/shop\/\"},{\"@type\":\"ListItem\",\"position\":3,\"name\":\"S176 &#8211; PARKA DE S\u00c9CURIT\u00c9 DOUBL\u00c9\"}]},{\"@type\":\"WebSite\",\"@id\":\"https:\/\/autravail.ca\/#website\",\"url\":\"https:\/\/autravail.ca\/\",\"name\":\"Le Magasin Industriel\",\"description\":\"50 ans de tradition de s\u00e9curit\u00e9 au travail\",\"publisher\":{\"@id\":\"https:\/\/autravail.ca\/#organization\"},\"potentialAction\":[{\"@type\":\"SearchAction\",\"target\":{\"@type\":\"EntryPoint\",\"urlTemplate\":\"https:\/\/autravail.ca\/?s={search_term_string}\"},\"query-input\":{\"@type\":\"PropertyValueSpecification\",\"valueRequired\":true,\"valueName\":\"search_term_string\"}}],\"inLanguage\":\"en-CA\"},{\"@type\":\"Organization\",\"@id\":\"https:\/\/autravail.ca\/#organization\",\"name\":\"Le Magasin Industriel\",\"url\":\"https:\/\/autravail.ca\/\",\"logo\":{\"@type\":\"ImageObject\",\"inLanguage\":\"en-CA\",\"@id\":\"https:\/\/autravail.ca\/#\/schema\/logo\/image\/\",\"url\":\"https:\/\/autravail.ca\/wp-content\/uploads\/2025\/05\/cropped-magasin_industriel_120x.avif\",\"contentUrl\":\"https:\/\/autravail.ca\/wp-content\/uploads\/2025\/05\/cropped-magasin_industriel_120x.avif\",\"width\":120,\"height\":24,\"caption\":\"Le Magasin Industriel\"},\"image\":{\"@id\":\"https:\/\/autravail.ca\/#\/schema\/logo\/image\/\"},\"sameAs\":[\"https:\/\/www.facebook.com\/lemagasinindustriel\/?locale=fr_FR\"]}]}<\/script>\n<!-- \/ Yoast SEO plugin. -->","yoast_head_json":{"title":"S176 - PARKA DE S\u00c9CURIT\u00c9 DOUBL\u00c9 - Le Magasin Industriel","robots":{"index":"index","follow":"follow","max-snippet":"max-snippet:-1","max-image-preview":"max-image-preview:large","max-video-preview":"max-video-preview:-1"},"canonical":"https:\/\/autravail.ca\/en\/product\/s176-parka-de-securite-double\/","og_locale":"en_US","og_type":"article","og_title":"S176 - PARKA DE S\u00c9CURIT\u00c9 DOUBL\u00c9 - Le Magasin Industriel","og_description":"Parka de s\u00e9curit\u00e9 doubl\u00e9 &#8211; Richlu Ce parka haute visibilit\u00e9 peut affronter le froid partout dans le Grand Nord. Il est id\u00e9al pour les travaux routiers et les chantiers de construction. Le capuchon facile \u00e0 enlever est assez grand pour accommoder le casque de s\u00e9curit\u00e9. Poignets coupe-vent en tricot c\u00f4tel\u00e9 Rabat temp\u00eate \u00e0 boutons-pression sur [&hellip;]","og_url":"https:\/\/autravail.ca\/en\/product\/s176-parka-de-securite-double\/","og_site_name":"Le Magasin Industriel","article_publisher":"https:\/\/www.facebook.com\/lemagasinindustriel\/?locale=fr_FR","article_modified_time":"2025-12-05T09:09:57+00:00","og_image":[{"width":800,"height":720,"url":"https:\/\/autravail.ca\/wp-content\/uploads\/2025\/05\/S176_A01_devant.jpg","type":"image\/jpeg"}],"twitter_card":"summary_large_image","twitter_misc":{"Est. reading time":"1 minute"},"schema":{"@context":"https:\/\/schema.org","@graph":[{"@type":"WebPage","@id":"https:\/\/autravail.ca\/product\/s176-parka-de-securite-double\/","url":"https:\/\/autravail.ca\/product\/s176-parka-de-securite-double\/","name":"S176 - PARKA DE S\u00c9CURIT\u00c9 DOUBL\u00c9 - Le Magasin Industriel","isPartOf":{"@id":"https:\/\/autravail.ca\/#website"},"primaryImageOfPage":{"@id":"https:\/\/autravail.ca\/product\/s176-parka-de-securite-double\/#primaryimage"},"image":{"@id":"https:\/\/autravail.ca\/product\/s176-parka-de-securite-double\/#primaryimage"},"thumbnailUrl":"https:\/\/autravail.ca\/wp-content\/uploads\/2025\/05\/S176_A01_devant.jpg","datePublished":"2025-05-08T07:52:39+00:00","dateModified":"2025-12-05T09:09:57+00:00","breadcrumb":{"@id":"https:\/\/autravail.ca\/product\/s176-parka-de-securite-double\/#breadcrumb"},"inLanguage":"en-CA","potentialAction":[{"@type":"ReadAction","target":["https:\/\/autravail.ca\/product\/s176-parka-de-securite-double\/"]}]},{"@type":"ImageObject","inLanguage":"en-CA","@id":"https:\/\/autravail.ca\/product\/s176-parka-de-securite-double\/#primaryimage","url":"https:\/\/autravail.ca\/wp-content\/uploads\/2025\/05\/S176_A01_devant.jpg","contentUrl":"https:\/\/autravail.ca\/wp-content\/uploads\/2025\/05\/S176_A01_devant.jpg","width":800,"height":720},{"@type":"BreadcrumbList","@id":"https:\/\/autravail.ca\/product\/s176-parka-de-securite-double\/#breadcrumb","itemListElement":[{"@type":"ListItem","position":1,"name":"Accueil","item":"https:\/\/autravail.ca\/"},{"@type":"ListItem","position":2,"name":"Magasin","item":"https:\/\/autravail.ca\/en\/shop\/"},{"@type":"ListItem","position":3,"name":"S176 &#8211; PARKA DE S\u00c9CURIT\u00c9 DOUBL\u00c9"}]},{"@type":"WebSite","@id":"https:\/\/autravail.ca\/#website","url":"https:\/\/autravail.ca\/","name":"Le Magasin Industriel","description":"50 ans de tradition de s\u00e9curit\u00e9 au travail","publisher":{"@id":"https:\/\/autravail.ca\/#organization"},"potentialAction":[{"@type":"SearchAction","target":{"@type":"EntryPoint","urlTemplate":"https:\/\/autravail.ca\/?s={search_term_string}"},"query-input":{"@type":"PropertyValueSpecification","valueRequired":true,"valueName":"search_term_string"}}],"inLanguage":"en-CA"},{"@type":"Organization","@id":"https:\/\/autravail.ca\/#organization","name":"Le Magasin Industriel","url":"https:\/\/autravail.ca\/","logo":{"@type":"ImageObject","inLanguage":"en-CA","@id":"https:\/\/autravail.ca\/#\/schema\/logo\/image\/","url":"https:\/\/autravail.ca\/wp-content\/uploads\/2025\/05\/cropped-magasin_industriel_120x.avif","contentUrl":"https:\/\/autravail.ca\/wp-content\/uploads\/2025\/05\/cropped-magasin_industriel_120x.avif","width":120,"height":24,"caption":"Le Magasin Industriel"},"image":{"@id":"https:\/\/autravail.ca\/#\/schema\/logo\/image\/"},"sameAs":["https:\/\/www.facebook.com\/lemagasinindustriel\/?locale=fr_FR"]}]}},"jetpack_sharing_enabled":true,"_links":{"self":[{"href":"https:\/\/autravail.ca\/en\/wp-json\/wp\/v2\/product\/36346","targetHints":{"allow":["GET"]}}],"collection":[{"href":"https:\/\/autravail.ca\/en\/wp-json\/wp\/v2\/product"}],"about":[{"href":"https:\/\/autravail.ca\/en\/wp-json\/wp\/v2\/types\/product"}],"replies":[{"embeddable":true,"href":"https:\/\/autravail.ca\/en\/wp-json\/wp\/v2\/comments?post=36346"}],"wp:featuredmedia":[{"embeddable":true,"href":"https:\/\/autravail.ca\/en\/wp-json\/wp\/v2\/media\/22108"}],"wp:attachment":[{"href":"https:\/\/autravail.ca\/en\/wp-json\/wp\/v2\/media?parent=36346"}],"wp:term":[{"taxonomy":"product_cat","embeddable":true,"href":"https:\/\/autravail.ca\/en\/wp-json\/wp\/v2\/product_cat?post=36346"},{"taxonomy":"product_tag","embeddable":true,"href":"https:\/\/autravail.ca\/en\/wp-json\/wp\/v2\/product_tag?post=36346"}],"curies":[{"name":"wp","href":"https:\/\/api.w.org\/{rel}","templated":true}]}}