{"id":36324,"date":"2025-05-08T07:52:14","date_gmt":"2025-05-08T07:52:14","guid":{"rendered":"https:\/\/meteoquebec.ca\/?post_type=product&#038;p=36324"},"modified":"2025-12-05T05:09:57","modified_gmt":"2025-12-05T09:09:57","slug":"rushpspsis-lunette-de-securite","status":"publish","type":"product","link":"https:\/\/autravail.ca\/en\/product\/rushpspsis-lunette-de-securite\/","title":{"rendered":"RUSHPSPSIS - SECURITY GLASSES"},"content":{"rendered":"<p>Scurit Lens - Boll<\/p>\n<ul>\n<li>PLATINUM\n    <\/li>\n<li>This permanent coating applied on both surfaces makes them very resistant to scratches, conferring high resistance to the most aggressive chemical products and slowing down the appearance of fog. In all circumstances and at any time, Platinum offers the greatest eye safety.\n<\/li>\n<li>Adjustable Anti-Slip Rail\n    <\/li>\n<li>Designed to adjust to the nose so that the frame perfectly adapts to the face.\n<\/li>\n<li>Vider le panier\n    <\/li>\n<li>Approved technology for permanent wear and certified with perfect optical quality, featuring anti-fog and anti-scratch coatings. 99.9% UVA\/UVB protection.<\/li>\n<\/ul>","protected":false},"excerpt":{"rendered":"<p>Lunette de s\u00e9curit\u00e9 &#8211; Boll\u00e9 PLATINUM Ce rev\u00eatement permanent appliqu\u00e9 sur les deux surfaces les rend tr\u00e8s r\u00e9sistantes aux rayures, leur conf\u00e8re une haute r\u00e9sistance aux produits chimiques les plus agressifs et ralentit l&rsquo;apparition de bu\u00e9e. En toutes circonstances et \u00e0 tout moment, Platinum offre la plus grande s\u00e9curit\u00e9 pour les yeux. PONT ANTID\u00c9RAPANT R\u00c9GLABLE [&hellip;]<\/p>","protected":false},"featured_media":22104,"comment_status":"open","ping_status":"closed","template":"","meta":[],"product_cat":[680],"product_tag":[],"class_list":{"0":"post-36324","1":"product","2":"type-product","3":"status-publish","4":"has-post-thumbnail","6":"product_brand-bolle-safety","7":"product_cat-protection-yeux-et-visages","9":"first","10":"instock","11":"taxable","12":"shipping-taxable","13":"purchasable","14":"product-type-variable"},"yoast_head":"<!-- This site is optimized with the Yoast SEO plugin v25.3.1 - https:\/\/yoast.com\/wordpress\/plugins\/seo\/ -->\n<title>RUSHPSPSIS - LUNETTE DE S\u00c9CURIT\u00c9 - Le Magasin Industriel<\/title>\n<meta name=\"robots\" content=\"index, follow, max-snippet:-1, max-image-preview:large, max-video-preview:-1\" \/>\n<link rel=\"canonical\" href=\"https:\/\/autravail.ca\/en\/product\/rushpspsis-lunette-de-securite\/\" \/>\n<meta property=\"og:locale\" content=\"en_US\" \/>\n<meta property=\"og:type\" content=\"article\" \/>\n<meta property=\"og:title\" content=\"RUSHPSPSIS - LUNETTE DE S\u00c9CURIT\u00c9 - Le Magasin Industriel\" \/>\n<meta property=\"og:description\" content=\"Lunette de s\u00e9curit\u00e9 &#8211; Boll\u00e9 PLATINUM Ce rev\u00eatement permanent appliqu\u00e9 sur les deux surfaces les rend tr\u00e8s r\u00e9sistantes aux rayures, leur conf\u00e8re une haute r\u00e9sistance aux produits chimiques les plus agressifs et ralentit l&rsquo;apparition de bu\u00e9e. En toutes circonstances et \u00e0 tout moment, Platinum offre la plus grande s\u00e9curit\u00e9 pour les yeux. PONT ANTID\u00c9RAPANT R\u00c9GLABLE [&hellip;]\" \/>\n<meta property=\"og:url\" content=\"https:\/\/autravail.ca\/en\/product\/rushpspsis-lunette-de-securite\/\" \/>\n<meta property=\"og:site_name\" content=\"Le Magasin Industriel\" \/>\n<meta property=\"article:publisher\" content=\"https:\/\/www.facebook.com\/lemagasinindustriel\/?locale=fr_FR\" \/>\n<meta property=\"article:modified_time\" content=\"2025-12-05T09:09:57+00:00\" \/>\n<meta property=\"og:image\" content=\"https:\/\/autravail.ca\/wp-content\/uploads\/2025\/05\/rushpspsis_a.jpg\" \/>\n\t<meta property=\"og:image:width\" content=\"540\" \/>\n\t<meta property=\"og:image:height\" content=\"600\" \/>\n\t<meta property=\"og:image:type\" content=\"image\/jpeg\" \/>\n<meta name=\"twitter:card\" content=\"summary_large_image\" \/>\n<meta name=\"twitter:label1\" content=\"Est. reading time\" \/>\n\t<meta name=\"twitter:data1\" content=\"1 minute\" \/>\n<script type=\"application\/ld+json\" class=\"yoast-schema-graph\">{\"@context\":\"https:\/\/schema.org\",\"@graph\":[{\"@type\":\"WebPage\",\"@id\":\"https:\/\/autravail.ca\/product\/rushpspsis-lunette-de-securite\/\",\"url\":\"https:\/\/autravail.ca\/product\/rushpspsis-lunette-de-securite\/\",\"name\":\"RUSHPSPSIS - LUNETTE DE S\u00c9CURIT\u00c9 - Le Magasin Industriel\",\"isPartOf\":{\"@id\":\"https:\/\/autravail.ca\/#website\"},\"primaryImageOfPage\":{\"@id\":\"https:\/\/autravail.ca\/product\/rushpspsis-lunette-de-securite\/#primaryimage\"},\"image\":{\"@id\":\"https:\/\/autravail.ca\/product\/rushpspsis-lunette-de-securite\/#primaryimage\"},\"thumbnailUrl\":\"https:\/\/autravail.ca\/wp-content\/uploads\/2025\/05\/rushpspsis_a.jpg\",\"datePublished\":\"2025-05-08T07:52:14+00:00\",\"dateModified\":\"2025-12-05T09:09:57+00:00\",\"breadcrumb\":{\"@id\":\"https:\/\/autravail.ca\/product\/rushpspsis-lunette-de-securite\/#breadcrumb\"},\"inLanguage\":\"en-CA\",\"potentialAction\":[{\"@type\":\"ReadAction\",\"target\":[\"https:\/\/autravail.ca\/product\/rushpspsis-lunette-de-securite\/\"]}]},{\"@type\":\"ImageObject\",\"inLanguage\":\"en-CA\",\"@id\":\"https:\/\/autravail.ca\/product\/rushpspsis-lunette-de-securite\/#primaryimage\",\"url\":\"https:\/\/autravail.ca\/wp-content\/uploads\/2025\/05\/rushpspsis_a.jpg\",\"contentUrl\":\"https:\/\/autravail.ca\/wp-content\/uploads\/2025\/05\/rushpspsis_a.jpg\",\"width\":540,\"height\":600},{\"@type\":\"BreadcrumbList\",\"@id\":\"https:\/\/autravail.ca\/product\/rushpspsis-lunette-de-securite\/#breadcrumb\",\"itemListElement\":[{\"@type\":\"ListItem\",\"position\":1,\"name\":\"Accueil\",\"item\":\"https:\/\/autravail.ca\/\"},{\"@type\":\"ListItem\",\"position\":2,\"name\":\"Magasin\",\"item\":\"https:\/\/autravail.ca\/en\/shop\/\"},{\"@type\":\"ListItem\",\"position\":3,\"name\":\"RUSHPSPSIS &#8211; LUNETTE DE S\u00c9CURIT\u00c9\"}]},{\"@type\":\"WebSite\",\"@id\":\"https:\/\/autravail.ca\/#website\",\"url\":\"https:\/\/autravail.ca\/\",\"name\":\"Le Magasin Industriel\",\"description\":\"50 ans de tradition de s\u00e9curit\u00e9 au travail\",\"publisher\":{\"@id\":\"https:\/\/autravail.ca\/#organization\"},\"potentialAction\":[{\"@type\":\"SearchAction\",\"target\":{\"@type\":\"EntryPoint\",\"urlTemplate\":\"https:\/\/autravail.ca\/?s={search_term_string}\"},\"query-input\":{\"@type\":\"PropertyValueSpecification\",\"valueRequired\":true,\"valueName\":\"search_term_string\"}}],\"inLanguage\":\"en-CA\"},{\"@type\":\"Organization\",\"@id\":\"https:\/\/autravail.ca\/#organization\",\"name\":\"Le Magasin Industriel\",\"url\":\"https:\/\/autravail.ca\/\",\"logo\":{\"@type\":\"ImageObject\",\"inLanguage\":\"en-CA\",\"@id\":\"https:\/\/autravail.ca\/#\/schema\/logo\/image\/\",\"url\":\"https:\/\/autravail.ca\/wp-content\/uploads\/2025\/05\/cropped-magasin_industriel_120x.avif\",\"contentUrl\":\"https:\/\/autravail.ca\/wp-content\/uploads\/2025\/05\/cropped-magasin_industriel_120x.avif\",\"width\":120,\"height\":24,\"caption\":\"Le Magasin Industriel\"},\"image\":{\"@id\":\"https:\/\/autravail.ca\/#\/schema\/logo\/image\/\"},\"sameAs\":[\"https:\/\/www.facebook.com\/lemagasinindustriel\/?locale=fr_FR\"]}]}<\/script>\n<!-- \/ Yoast SEO plugin. -->","yoast_head_json":{"title":"RUSHPSPSIS - LUNETTE DE S\u00c9CURIT\u00c9 - Le Magasin Industriel","robots":{"index":"index","follow":"follow","max-snippet":"max-snippet:-1","max-image-preview":"max-image-preview:large","max-video-preview":"max-video-preview:-1"},"canonical":"https:\/\/autravail.ca\/en\/product\/rushpspsis-lunette-de-securite\/","og_locale":"en_US","og_type":"article","og_title":"RUSHPSPSIS - LUNETTE DE S\u00c9CURIT\u00c9 - Le Magasin Industriel","og_description":"Lunette de s\u00e9curit\u00e9 &#8211; Boll\u00e9 PLATINUM Ce rev\u00eatement permanent appliqu\u00e9 sur les deux surfaces les rend tr\u00e8s r\u00e9sistantes aux rayures, leur conf\u00e8re une haute r\u00e9sistance aux produits chimiques les plus agressifs et ralentit l&rsquo;apparition de bu\u00e9e. En toutes circonstances et \u00e0 tout moment, Platinum offre la plus grande s\u00e9curit\u00e9 pour les yeux. PONT ANTID\u00c9RAPANT R\u00c9GLABLE [&hellip;]","og_url":"https:\/\/autravail.ca\/en\/product\/rushpspsis-lunette-de-securite\/","og_site_name":"Le Magasin Industriel","article_publisher":"https:\/\/www.facebook.com\/lemagasinindustriel\/?locale=fr_FR","article_modified_time":"2025-12-05T09:09:57+00:00","og_image":[{"width":540,"height":600,"url":"https:\/\/autravail.ca\/wp-content\/uploads\/2025\/05\/rushpspsis_a.jpg","type":"image\/jpeg"}],"twitter_card":"summary_large_image","twitter_misc":{"Est. reading time":"1 minute"},"schema":{"@context":"https:\/\/schema.org","@graph":[{"@type":"WebPage","@id":"https:\/\/autravail.ca\/product\/rushpspsis-lunette-de-securite\/","url":"https:\/\/autravail.ca\/product\/rushpspsis-lunette-de-securite\/","name":"RUSHPSPSIS - LUNETTE DE S\u00c9CURIT\u00c9 - Le Magasin Industriel","isPartOf":{"@id":"https:\/\/autravail.ca\/#website"},"primaryImageOfPage":{"@id":"https:\/\/autravail.ca\/product\/rushpspsis-lunette-de-securite\/#primaryimage"},"image":{"@id":"https:\/\/autravail.ca\/product\/rushpspsis-lunette-de-securite\/#primaryimage"},"thumbnailUrl":"https:\/\/autravail.ca\/wp-content\/uploads\/2025\/05\/rushpspsis_a.jpg","datePublished":"2025-05-08T07:52:14+00:00","dateModified":"2025-12-05T09:09:57+00:00","breadcrumb":{"@id":"https:\/\/autravail.ca\/product\/rushpspsis-lunette-de-securite\/#breadcrumb"},"inLanguage":"en-CA","potentialAction":[{"@type":"ReadAction","target":["https:\/\/autravail.ca\/product\/rushpspsis-lunette-de-securite\/"]}]},{"@type":"ImageObject","inLanguage":"en-CA","@id":"https:\/\/autravail.ca\/product\/rushpspsis-lunette-de-securite\/#primaryimage","url":"https:\/\/autravail.ca\/wp-content\/uploads\/2025\/05\/rushpspsis_a.jpg","contentUrl":"https:\/\/autravail.ca\/wp-content\/uploads\/2025\/05\/rushpspsis_a.jpg","width":540,"height":600},{"@type":"BreadcrumbList","@id":"https:\/\/autravail.ca\/product\/rushpspsis-lunette-de-securite\/#breadcrumb","itemListElement":[{"@type":"ListItem","position":1,"name":"Accueil","item":"https:\/\/autravail.ca\/"},{"@type":"ListItem","position":2,"name":"Magasin","item":"https:\/\/autravail.ca\/en\/shop\/"},{"@type":"ListItem","position":3,"name":"RUSHPSPSIS &#8211; LUNETTE DE S\u00c9CURIT\u00c9"}]},{"@type":"WebSite","@id":"https:\/\/autravail.ca\/#website","url":"https:\/\/autravail.ca\/","name":"Le Magasin Industriel","description":"50 ans de tradition de s\u00e9curit\u00e9 au travail","publisher":{"@id":"https:\/\/autravail.ca\/#organization"},"potentialAction":[{"@type":"SearchAction","target":{"@type":"EntryPoint","urlTemplate":"https:\/\/autravail.ca\/?s={search_term_string}"},"query-input":{"@type":"PropertyValueSpecification","valueRequired":true,"valueName":"search_term_string"}}],"inLanguage":"en-CA"},{"@type":"Organization","@id":"https:\/\/autravail.ca\/#organization","name":"Le Magasin Industriel","url":"https:\/\/autravail.ca\/","logo":{"@type":"ImageObject","inLanguage":"en-CA","@id":"https:\/\/autravail.ca\/#\/schema\/logo\/image\/","url":"https:\/\/autravail.ca\/wp-content\/uploads\/2025\/05\/cropped-magasin_industriel_120x.avif","contentUrl":"https:\/\/autravail.ca\/wp-content\/uploads\/2025\/05\/cropped-magasin_industriel_120x.avif","width":120,"height":24,"caption":"Le Magasin Industriel"},"image":{"@id":"https:\/\/autravail.ca\/#\/schema\/logo\/image\/"},"sameAs":["https:\/\/www.facebook.com\/lemagasinindustriel\/?locale=fr_FR"]}]}},"jetpack_sharing_enabled":true,"_links":{"self":[{"href":"https:\/\/autravail.ca\/en\/wp-json\/wp\/v2\/product\/36324","targetHints":{"allow":["GET"]}}],"collection":[{"href":"https:\/\/autravail.ca\/en\/wp-json\/wp\/v2\/product"}],"about":[{"href":"https:\/\/autravail.ca\/en\/wp-json\/wp\/v2\/types\/product"}],"replies":[{"embeddable":true,"href":"https:\/\/autravail.ca\/en\/wp-json\/wp\/v2\/comments?post=36324"}],"wp:featuredmedia":[{"embeddable":true,"href":"https:\/\/autravail.ca\/en\/wp-json\/wp\/v2\/media\/22104"}],"wp:attachment":[{"href":"https:\/\/autravail.ca\/en\/wp-json\/wp\/v2\/media?parent=36324"}],"wp:term":[{"taxonomy":"product_cat","embeddable":true,"href":"https:\/\/autravail.ca\/en\/wp-json\/wp\/v2\/product_cat?post=36324"},{"taxonomy":"product_tag","embeddable":true,"href":"https:\/\/autravail.ca\/en\/wp-json\/wp\/v2\/product_tag?post=36324"}],"curies":[{"name":"wp","href":"https:\/\/api.w.org\/{rel}","templated":true}]}}