{"id":36318,"date":"2025-05-08T07:52:12","date_gmt":"2025-05-08T07:52:12","guid":{"rendered":"https:\/\/meteoquebec.ca\/?post_type=product&#038;p=36318"},"modified":"2025-12-05T05:09:57","modified_gmt":"2025-12-05T09:09:57","slug":"rp-1000-soulier-de-travail-robuste","status":"publish","type":"product","link":"https:\/\/autravail.ca\/en\/product\/rp-1000-soulier-de-travail-robuste\/","title":{"rendered":"RP-1000 - STURDY WORK Shoes"},"content":{"rendered":"<p>Safety Shoe, RP-1000 - Royer<\/p>\n<p><\/p>\n<p>The ROBUSTE shoe by Royer combines safety and durability. The Flexigrip outsole, made of double density directly injected polyurethane onto the spike, ensures optimal flexibility and robustness.<\/p>\n<p>Security aspects <br \/> CSA Class 1 and ANSI Z41 approved steel end <\/p>\n<p>Technical aspects <br \/> Construction : FLEXIGRIP injected dual-density sole <br \/> <strong>Full Grain IZONIX 2.2mm<\/strong>[Water-resistant] <br \/> Asymmetrical pocket for increased space at toe level <br \/> Inner sole of polyurethane foam <br \/> Precision Lacing at 4 Eyelets on Padded Tongue <br \/> Ergonomic design for better fit<\/p>","protected":false},"excerpt":{"rendered":"<p>Soulier de s\u00e9curit\u00e9, RP-1000 &#8211; Royer Le soulier ROBUSTE de Royer allie s\u00e9curit\u00e9 et durabilit\u00e9. La semelle Flexigrip\u2122, faite de polyur\u00e9thanne double densit\u00e9 directement inject\u00e9 \u00e0 la tige, vous assure une flexibilit\u00e9 et une robustesse optimale. Aspects s\u00e9curitaires Embout d&rsquo;acier approuv\u00e9 CSA Classe 1 et ANSI Z41 Aspects techniques Construction : semelle FLEXIGRIP\u2122 inject\u00e9e \u00e0 [&hellip;]<\/p>","protected":false},"featured_media":22067,"comment_status":"open","ping_status":"closed","template":"","meta":[],"product_cat":[631,602,619],"product_tag":[264,263,242,257],"class_list":{"0":"post-36318","1":"product","2":"type-product","3":"status-publish","4":"has-post-thumbnail","6":"product_brand-royer","7":"product_cat-en-solde","8":"product_cat-hommes","9":"product_cat-souliers-de-travail","10":"product_tag-corpo01","11":"product_tag-en-solde","12":"product_tag-homme","13":"product_tag-souliers-de-travail","15":"first","16":"instock","17":"sale","18":"taxable","19":"shipping-taxable","20":"purchasable","21":"product-type-variable"},"yoast_head":"<!-- This site is optimized with the Yoast SEO plugin v25.3.1 - https:\/\/yoast.com\/wordpress\/plugins\/seo\/ -->\n<title>RP-1000 - SOULIER DE TRAVAIL ROBUSTE - Le Magasin Industriel<\/title>\n<meta name=\"robots\" content=\"index, follow, max-snippet:-1, max-image-preview:large, max-video-preview:-1\" \/>\n<link rel=\"canonical\" href=\"https:\/\/autravail.ca\/en\/product\/rp-1000-soulier-de-travail-robuste\/\" \/>\n<meta property=\"og:locale\" content=\"en_US\" \/>\n<meta property=\"og:type\" content=\"article\" \/>\n<meta property=\"og:title\" content=\"RP-1000 - SOULIER DE TRAVAIL ROBUSTE - Le Magasin Industriel\" \/>\n<meta property=\"og:description\" content=\"Soulier de s\u00e9curit\u00e9, RP-1000 &#8211; Royer Le soulier ROBUSTE de Royer allie s\u00e9curit\u00e9 et durabilit\u00e9. La semelle Flexigrip\u2122, faite de polyur\u00e9thanne double densit\u00e9 directement inject\u00e9 \u00e0 la tige, vous assure une flexibilit\u00e9 et une robustesse optimale. Aspects s\u00e9curitaires Embout d&rsquo;acier approuv\u00e9 CSA Classe 1 et ANSI Z41 Aspects techniques Construction : semelle FLEXIGRIP\u2122 inject\u00e9e \u00e0 [&hellip;]\" \/>\n<meta property=\"og:url\" content=\"https:\/\/autravail.ca\/en\/product\/rp-1000-soulier-de-travail-robuste\/\" \/>\n<meta property=\"og:site_name\" content=\"Le Magasin Industriel\" \/>\n<meta property=\"article:publisher\" content=\"https:\/\/www.facebook.com\/lemagasinindustriel\/?locale=fr_FR\" \/>\n<meta property=\"article:modified_time\" content=\"2025-12-05T09:09:57+00:00\" \/>\n<meta property=\"og:image\" content=\"https:\/\/autravail.ca\/wp-content\/uploads\/2025\/05\/RP-1000_A01.jpg\" \/>\n\t<meta property=\"og:image:width\" content=\"1000\" \/>\n\t<meta property=\"og:image:height\" content=\"1000\" \/>\n\t<meta property=\"og:image:type\" content=\"image\/jpeg\" \/>\n<meta name=\"twitter:card\" content=\"summary_large_image\" \/>\n<script type=\"application\/ld+json\" class=\"yoast-schema-graph\">{\"@context\":\"https:\/\/schema.org\",\"@graph\":[{\"@type\":\"WebPage\",\"@id\":\"https:\/\/autravail.ca\/product\/rp-1000-soulier-de-travail-robuste\/\",\"url\":\"https:\/\/autravail.ca\/product\/rp-1000-soulier-de-travail-robuste\/\",\"name\":\"RP-1000 - SOULIER DE TRAVAIL ROBUSTE - Le Magasin Industriel\",\"isPartOf\":{\"@id\":\"https:\/\/autravail.ca\/#website\"},\"primaryImageOfPage\":{\"@id\":\"https:\/\/autravail.ca\/product\/rp-1000-soulier-de-travail-robuste\/#primaryimage\"},\"image\":{\"@id\":\"https:\/\/autravail.ca\/product\/rp-1000-soulier-de-travail-robuste\/#primaryimage\"},\"thumbnailUrl\":\"https:\/\/autravail.ca\/wp-content\/uploads\/2025\/05\/RP-1000_A01.jpg\",\"datePublished\":\"2025-05-08T07:52:12+00:00\",\"dateModified\":\"2025-12-05T09:09:57+00:00\",\"breadcrumb\":{\"@id\":\"https:\/\/autravail.ca\/product\/rp-1000-soulier-de-travail-robuste\/#breadcrumb\"},\"inLanguage\":\"en-CA\",\"potentialAction\":[{\"@type\":\"ReadAction\",\"target\":[\"https:\/\/autravail.ca\/product\/rp-1000-soulier-de-travail-robuste\/\"]}]},{\"@type\":\"ImageObject\",\"inLanguage\":\"en-CA\",\"@id\":\"https:\/\/autravail.ca\/product\/rp-1000-soulier-de-travail-robuste\/#primaryimage\",\"url\":\"https:\/\/autravail.ca\/wp-content\/uploads\/2025\/05\/RP-1000_A01.jpg\",\"contentUrl\":\"https:\/\/autravail.ca\/wp-content\/uploads\/2025\/05\/RP-1000_A01.jpg\",\"width\":1000,\"height\":1000},{\"@type\":\"BreadcrumbList\",\"@id\":\"https:\/\/autravail.ca\/product\/rp-1000-soulier-de-travail-robuste\/#breadcrumb\",\"itemListElement\":[{\"@type\":\"ListItem\",\"position\":1,\"name\":\"Accueil\",\"item\":\"https:\/\/autravail.ca\/\"},{\"@type\":\"ListItem\",\"position\":2,\"name\":\"Magasin\",\"item\":\"https:\/\/autravail.ca\/en\/shop\/\"},{\"@type\":\"ListItem\",\"position\":3,\"name\":\"RP-1000 &#8211; SOULIER DE TRAVAIL ROBUSTE\"}]},{\"@type\":\"WebSite\",\"@id\":\"https:\/\/autravail.ca\/#website\",\"url\":\"https:\/\/autravail.ca\/\",\"name\":\"Le Magasin Industriel\",\"description\":\"50 ans de tradition de s\u00e9curit\u00e9 au travail\",\"publisher\":{\"@id\":\"https:\/\/autravail.ca\/#organization\"},\"potentialAction\":[{\"@type\":\"SearchAction\",\"target\":{\"@type\":\"EntryPoint\",\"urlTemplate\":\"https:\/\/autravail.ca\/?s={search_term_string}\"},\"query-input\":{\"@type\":\"PropertyValueSpecification\",\"valueRequired\":true,\"valueName\":\"search_term_string\"}}],\"inLanguage\":\"en-CA\"},{\"@type\":\"Organization\",\"@id\":\"https:\/\/autravail.ca\/#organization\",\"name\":\"Le Magasin Industriel\",\"url\":\"https:\/\/autravail.ca\/\",\"logo\":{\"@type\":\"ImageObject\",\"inLanguage\":\"en-CA\",\"@id\":\"https:\/\/autravail.ca\/#\/schema\/logo\/image\/\",\"url\":\"https:\/\/autravail.ca\/wp-content\/uploads\/2025\/05\/cropped-magasin_industriel_120x.avif\",\"contentUrl\":\"https:\/\/autravail.ca\/wp-content\/uploads\/2025\/05\/cropped-magasin_industriel_120x.avif\",\"width\":120,\"height\":24,\"caption\":\"Le Magasin Industriel\"},\"image\":{\"@id\":\"https:\/\/autravail.ca\/#\/schema\/logo\/image\/\"},\"sameAs\":[\"https:\/\/www.facebook.com\/lemagasinindustriel\/?locale=fr_FR\"]}]}<\/script>\n<!-- \/ Yoast SEO plugin. -->","yoast_head_json":{"title":"RP-1000 - SOULIER DE TRAVAIL ROBUSTE - Le Magasin Industriel","robots":{"index":"index","follow":"follow","max-snippet":"max-snippet:-1","max-image-preview":"max-image-preview:large","max-video-preview":"max-video-preview:-1"},"canonical":"https:\/\/autravail.ca\/en\/product\/rp-1000-soulier-de-travail-robuste\/","og_locale":"en_US","og_type":"article","og_title":"RP-1000 - SOULIER DE TRAVAIL ROBUSTE - Le Magasin Industriel","og_description":"Soulier de s\u00e9curit\u00e9, RP-1000 &#8211; Royer Le soulier ROBUSTE de Royer allie s\u00e9curit\u00e9 et durabilit\u00e9. La semelle Flexigrip\u2122, faite de polyur\u00e9thanne double densit\u00e9 directement inject\u00e9 \u00e0 la tige, vous assure une flexibilit\u00e9 et une robustesse optimale. Aspects s\u00e9curitaires Embout d&rsquo;acier approuv\u00e9 CSA Classe 1 et ANSI Z41 Aspects techniques Construction : semelle FLEXIGRIP\u2122 inject\u00e9e \u00e0 [&hellip;]","og_url":"https:\/\/autravail.ca\/en\/product\/rp-1000-soulier-de-travail-robuste\/","og_site_name":"Le Magasin Industriel","article_publisher":"https:\/\/www.facebook.com\/lemagasinindustriel\/?locale=fr_FR","article_modified_time":"2025-12-05T09:09:57+00:00","og_image":[{"width":1000,"height":1000,"url":"https:\/\/autravail.ca\/wp-content\/uploads\/2025\/05\/RP-1000_A01.jpg","type":"image\/jpeg"}],"twitter_card":"summary_large_image","schema":{"@context":"https:\/\/schema.org","@graph":[{"@type":"WebPage","@id":"https:\/\/autravail.ca\/product\/rp-1000-soulier-de-travail-robuste\/","url":"https:\/\/autravail.ca\/product\/rp-1000-soulier-de-travail-robuste\/","name":"RP-1000 - SOULIER DE TRAVAIL ROBUSTE - Le Magasin Industriel","isPartOf":{"@id":"https:\/\/autravail.ca\/#website"},"primaryImageOfPage":{"@id":"https:\/\/autravail.ca\/product\/rp-1000-soulier-de-travail-robuste\/#primaryimage"},"image":{"@id":"https:\/\/autravail.ca\/product\/rp-1000-soulier-de-travail-robuste\/#primaryimage"},"thumbnailUrl":"https:\/\/autravail.ca\/wp-content\/uploads\/2025\/05\/RP-1000_A01.jpg","datePublished":"2025-05-08T07:52:12+00:00","dateModified":"2025-12-05T09:09:57+00:00","breadcrumb":{"@id":"https:\/\/autravail.ca\/product\/rp-1000-soulier-de-travail-robuste\/#breadcrumb"},"inLanguage":"en-CA","potentialAction":[{"@type":"ReadAction","target":["https:\/\/autravail.ca\/product\/rp-1000-soulier-de-travail-robuste\/"]}]},{"@type":"ImageObject","inLanguage":"en-CA","@id":"https:\/\/autravail.ca\/product\/rp-1000-soulier-de-travail-robuste\/#primaryimage","url":"https:\/\/autravail.ca\/wp-content\/uploads\/2025\/05\/RP-1000_A01.jpg","contentUrl":"https:\/\/autravail.ca\/wp-content\/uploads\/2025\/05\/RP-1000_A01.jpg","width":1000,"height":1000},{"@type":"BreadcrumbList","@id":"https:\/\/autravail.ca\/product\/rp-1000-soulier-de-travail-robuste\/#breadcrumb","itemListElement":[{"@type":"ListItem","position":1,"name":"Accueil","item":"https:\/\/autravail.ca\/"},{"@type":"ListItem","position":2,"name":"Magasin","item":"https:\/\/autravail.ca\/en\/shop\/"},{"@type":"ListItem","position":3,"name":"RP-1000 &#8211; SOULIER DE TRAVAIL ROBUSTE"}]},{"@type":"WebSite","@id":"https:\/\/autravail.ca\/#website","url":"https:\/\/autravail.ca\/","name":"Le Magasin Industriel","description":"50 ans de tradition de s\u00e9curit\u00e9 au travail","publisher":{"@id":"https:\/\/autravail.ca\/#organization"},"potentialAction":[{"@type":"SearchAction","target":{"@type":"EntryPoint","urlTemplate":"https:\/\/autravail.ca\/?s={search_term_string}"},"query-input":{"@type":"PropertyValueSpecification","valueRequired":true,"valueName":"search_term_string"}}],"inLanguage":"en-CA"},{"@type":"Organization","@id":"https:\/\/autravail.ca\/#organization","name":"Le Magasin Industriel","url":"https:\/\/autravail.ca\/","logo":{"@type":"ImageObject","inLanguage":"en-CA","@id":"https:\/\/autravail.ca\/#\/schema\/logo\/image\/","url":"https:\/\/autravail.ca\/wp-content\/uploads\/2025\/05\/cropped-magasin_industriel_120x.avif","contentUrl":"https:\/\/autravail.ca\/wp-content\/uploads\/2025\/05\/cropped-magasin_industriel_120x.avif","width":120,"height":24,"caption":"Le Magasin Industriel"},"image":{"@id":"https:\/\/autravail.ca\/#\/schema\/logo\/image\/"},"sameAs":["https:\/\/www.facebook.com\/lemagasinindustriel\/?locale=fr_FR"]}]}},"jetpack_sharing_enabled":true,"_links":{"self":[{"href":"https:\/\/autravail.ca\/en\/wp-json\/wp\/v2\/product\/36318","targetHints":{"allow":["GET"]}}],"collection":[{"href":"https:\/\/autravail.ca\/en\/wp-json\/wp\/v2\/product"}],"about":[{"href":"https:\/\/autravail.ca\/en\/wp-json\/wp\/v2\/types\/product"}],"replies":[{"embeddable":true,"href":"https:\/\/autravail.ca\/en\/wp-json\/wp\/v2\/comments?post=36318"}],"wp:featuredmedia":[{"embeddable":true,"href":"https:\/\/autravail.ca\/en\/wp-json\/wp\/v2\/media\/22067"}],"wp:attachment":[{"href":"https:\/\/autravail.ca\/en\/wp-json\/wp\/v2\/media?parent=36318"}],"wp:term":[{"taxonomy":"product_cat","embeddable":true,"href":"https:\/\/autravail.ca\/en\/wp-json\/wp\/v2\/product_cat?post=36318"},{"taxonomy":"product_tag","embeddable":true,"href":"https:\/\/autravail.ca\/en\/wp-json\/wp\/v2\/product_tag?post=36318"}],"curies":[{"name":"wp","href":"https:\/\/api.w.org\/{rel}","templated":true}]}}