{"id":36289,"date":"2025-05-08T07:51:55","date_gmt":"2025-05-08T07:51:55","guid":{"rendered":"https:\/\/meteoquebec.ca\/?post_type=product&#038;p=36289"},"modified":"2026-04-01T14:52:23","modified_gmt":"2026-04-01T18:52:23","slug":"rbmt-semelle-confort-memorytech-esd","status":"publish","type":"product","link":"https:\/\/autravail.ca\/en\/product\/rbmt-semelle-confort-memorytech-esd\/","title":{"rendered":"RMBT - Memorytech ESD Comfort Sole"},"content":{"rendered":"<h3>Sole Memorytech Comfort Massage - Reebok<\/h3>\n<ul>\n<li>Unique fit to follow the contour of the foot.<\/li>\n<li>Nubuck Massage Surface<\/li>\n<li>Anti-Static Property<\/li>\n<li>Ideal for Reebok CSA Sports Shoes<\/li>\n<\/ul>\n<p><em><span style=\"color: #fa0b0b;\" data-mce-style=\"color: #fa0b0b;\">Unisex US men's shoe sizes. To convert to women's US shoe size, add 2 points. Example: 4 US men = 6 US women<\/span><\/em><\/p>","protected":false},"excerpt":{"rendered":"<p>Memorytech Comfort Massage Sole - Unique Reebok Form: Follows the contour of the foot. Nubbed Massage Surface ESD Property Ideal for sports shoes CSA Reebok Unisexe Sizes presented in US men. For conversion to US women's size, add 2 points. Example: 4 US men = 6 US women<\/p>","protected":false},"featured_media":22032,"comment_status":"open","ping_status":"closed","template":"","meta":[],"product_cat":[657,599,768],"product_tag":[255,242,407,283],"class_list":{"0":"post-36289","1":"product","2":"type-product","3":"status-publish","4":"has-post-thumbnail","6":"product_brand-reebok","7":"product_cat-accessoires-de-chaussures","8":"product_cat-apparel-accessories","9":"product_cat-semelles-confort","10":"product_tag-femme","11":"product_tag-homme","12":"product_tag-semelles-confort","13":"product_tag-static-dissipative","15":"first","16":"instock","17":"taxable","18":"shipping-taxable","19":"purchasable","20":"product-type-variable"},"yoast_head":"<!-- This site is optimized with the Yoast SEO plugin v25.3.1 - https:\/\/yoast.com\/wordpress\/plugins\/seo\/ -->\n<title>RBMT - Semelle confort Memorytech ESD - Le Magasin Industriel<\/title>\n<meta name=\"robots\" content=\"index, follow, max-snippet:-1, max-image-preview:large, max-video-preview:-1\" \/>\n<link rel=\"canonical\" href=\"https:\/\/autravail.ca\/en\/product\/rbmt-semelle-confort-memorytech-esd\/\" \/>\n<meta property=\"og:locale\" content=\"en_US\" \/>\n<meta property=\"og:type\" content=\"article\" \/>\n<meta property=\"og:title\" content=\"RBMT - Semelle confort Memorytech ESD - Le Magasin Industriel\" \/>\n<meta property=\"og:description\" content=\"Semelle Memorytech Confort Massage &#8211; Reebok Forme unique pour suivre le contour du pied. Surface \u00e0 nervures massage Propri\u00e9t\u00e9 ESD Id\u00e9ale pour les chaussures sports CSA Reebok Pointures pr\u00e9sent\u00e9es unisexe US homme. Pour la conversion vers la pointure US femme, ajoutez 2 points. Exemple: 4 US homme = 6 US femme\" \/>\n<meta property=\"og:url\" content=\"https:\/\/autravail.ca\/en\/product\/rbmt-semelle-confort-memorytech-esd\/\" \/>\n<meta property=\"og:site_name\" content=\"Le Magasin Industriel\" \/>\n<meta property=\"article:publisher\" content=\"https:\/\/www.facebook.com\/lemagasinindustriel\/?locale=fr_FR\" \/>\n<meta property=\"article:modified_time\" content=\"2026-04-01T18:52:23+00:00\" \/>\n<meta property=\"og:image\" content=\"https:\/\/autravail.ca\/wp-content\/uploads\/2025\/05\/RBMT_A01.jpg\" \/>\n\t<meta property=\"og:image:width\" content=\"1000\" \/>\n\t<meta property=\"og:image:height\" content=\"1000\" \/>\n\t<meta property=\"og:image:type\" content=\"image\/jpeg\" \/>\n<meta name=\"twitter:card\" content=\"summary_large_image\" \/>\n<script type=\"application\/ld+json\" class=\"yoast-schema-graph\">{\"@context\":\"https:\/\/schema.org\",\"@graph\":[{\"@type\":\"WebPage\",\"@id\":\"https:\/\/autravail.ca\/product\/rbmt-semelle-confort-memorytech-esd\/\",\"url\":\"https:\/\/autravail.ca\/product\/rbmt-semelle-confort-memorytech-esd\/\",\"name\":\"RBMT - Semelle confort Memorytech ESD - Le Magasin Industriel\",\"isPartOf\":{\"@id\":\"https:\/\/autravail.ca\/#website\"},\"primaryImageOfPage\":{\"@id\":\"https:\/\/autravail.ca\/product\/rbmt-semelle-confort-memorytech-esd\/#primaryimage\"},\"image\":{\"@id\":\"https:\/\/autravail.ca\/product\/rbmt-semelle-confort-memorytech-esd\/#primaryimage\"},\"thumbnailUrl\":\"https:\/\/autravail.ca\/wp-content\/uploads\/2025\/05\/RBMT_A01.jpg\",\"datePublished\":\"2025-05-08T07:51:55+00:00\",\"dateModified\":\"2026-04-01T18:52:23+00:00\",\"breadcrumb\":{\"@id\":\"https:\/\/autravail.ca\/product\/rbmt-semelle-confort-memorytech-esd\/#breadcrumb\"},\"inLanguage\":\"en-CA\",\"potentialAction\":[{\"@type\":\"ReadAction\",\"target\":[\"https:\/\/autravail.ca\/product\/rbmt-semelle-confort-memorytech-esd\/\"]}]},{\"@type\":\"ImageObject\",\"inLanguage\":\"en-CA\",\"@id\":\"https:\/\/autravail.ca\/product\/rbmt-semelle-confort-memorytech-esd\/#primaryimage\",\"url\":\"https:\/\/autravail.ca\/wp-content\/uploads\/2025\/05\/RBMT_A01.jpg\",\"contentUrl\":\"https:\/\/autravail.ca\/wp-content\/uploads\/2025\/05\/RBMT_A01.jpg\",\"width\":1000,\"height\":1000},{\"@type\":\"BreadcrumbList\",\"@id\":\"https:\/\/autravail.ca\/product\/rbmt-semelle-confort-memorytech-esd\/#breadcrumb\",\"itemListElement\":[{\"@type\":\"ListItem\",\"position\":1,\"name\":\"Accueil\",\"item\":\"https:\/\/autravail.ca\/\"},{\"@type\":\"ListItem\",\"position\":2,\"name\":\"Magasin\",\"item\":\"https:\/\/autravail.ca\/en\/shop\/\"},{\"@type\":\"ListItem\",\"position\":3,\"name\":\"RBMT &#8211; Semelle confort Memorytech ESD\"}]},{\"@type\":\"WebSite\",\"@id\":\"https:\/\/autravail.ca\/#website\",\"url\":\"https:\/\/autravail.ca\/\",\"name\":\"Le Magasin Industriel\",\"description\":\"50 ans de tradition de s\u00e9curit\u00e9 au travail\",\"publisher\":{\"@id\":\"https:\/\/autravail.ca\/#organization\"},\"potentialAction\":[{\"@type\":\"SearchAction\",\"target\":{\"@type\":\"EntryPoint\",\"urlTemplate\":\"https:\/\/autravail.ca\/?s={search_term_string}\"},\"query-input\":{\"@type\":\"PropertyValueSpecification\",\"valueRequired\":true,\"valueName\":\"search_term_string\"}}],\"inLanguage\":\"en-CA\"},{\"@type\":\"Organization\",\"@id\":\"https:\/\/autravail.ca\/#organization\",\"name\":\"Le Magasin Industriel\",\"url\":\"https:\/\/autravail.ca\/\",\"logo\":{\"@type\":\"ImageObject\",\"inLanguage\":\"en-CA\",\"@id\":\"https:\/\/autravail.ca\/#\/schema\/logo\/image\/\",\"url\":\"https:\/\/autravail.ca\/wp-content\/uploads\/2025\/05\/cropped-magasin_industriel_120x.avif\",\"contentUrl\":\"https:\/\/autravail.ca\/wp-content\/uploads\/2025\/05\/cropped-magasin_industriel_120x.avif\",\"width\":120,\"height\":24,\"caption\":\"Le Magasin Industriel\"},\"image\":{\"@id\":\"https:\/\/autravail.ca\/#\/schema\/logo\/image\/\"},\"sameAs\":[\"https:\/\/www.facebook.com\/lemagasinindustriel\/?locale=fr_FR\"]}]}<\/script>\n<!-- \/ Yoast SEO plugin. -->","yoast_head_json":{"title":"RBMT - Semelle confort Memorytech ESD - Le Magasin Industriel","robots":{"index":"index","follow":"follow","max-snippet":"max-snippet:-1","max-image-preview":"max-image-preview:large","max-video-preview":"max-video-preview:-1"},"canonical":"https:\/\/autravail.ca\/en\/product\/rbmt-semelle-confort-memorytech-esd\/","og_locale":"en_US","og_type":"article","og_title":"RBMT - Semelle confort Memorytech ESD - Le Magasin Industriel","og_description":"Semelle Memorytech Confort Massage &#8211; Reebok Forme unique pour suivre le contour du pied. Surface \u00e0 nervures massage Propri\u00e9t\u00e9 ESD Id\u00e9ale pour les chaussures sports CSA Reebok Pointures pr\u00e9sent\u00e9es unisexe US homme. Pour la conversion vers la pointure US femme, ajoutez 2 points. Exemple: 4 US homme = 6 US femme","og_url":"https:\/\/autravail.ca\/en\/product\/rbmt-semelle-confort-memorytech-esd\/","og_site_name":"Le Magasin Industriel","article_publisher":"https:\/\/www.facebook.com\/lemagasinindustriel\/?locale=fr_FR","article_modified_time":"2026-04-01T18:52:23+00:00","og_image":[{"width":1000,"height":1000,"url":"https:\/\/autravail.ca\/wp-content\/uploads\/2025\/05\/RBMT_A01.jpg","type":"image\/jpeg"}],"twitter_card":"summary_large_image","schema":{"@context":"https:\/\/schema.org","@graph":[{"@type":"WebPage","@id":"https:\/\/autravail.ca\/product\/rbmt-semelle-confort-memorytech-esd\/","url":"https:\/\/autravail.ca\/product\/rbmt-semelle-confort-memorytech-esd\/","name":"RBMT - Semelle confort Memorytech ESD - Le Magasin Industriel","isPartOf":{"@id":"https:\/\/autravail.ca\/#website"},"primaryImageOfPage":{"@id":"https:\/\/autravail.ca\/product\/rbmt-semelle-confort-memorytech-esd\/#primaryimage"},"image":{"@id":"https:\/\/autravail.ca\/product\/rbmt-semelle-confort-memorytech-esd\/#primaryimage"},"thumbnailUrl":"https:\/\/autravail.ca\/wp-content\/uploads\/2025\/05\/RBMT_A01.jpg","datePublished":"2025-05-08T07:51:55+00:00","dateModified":"2026-04-01T18:52:23+00:00","breadcrumb":{"@id":"https:\/\/autravail.ca\/product\/rbmt-semelle-confort-memorytech-esd\/#breadcrumb"},"inLanguage":"en-CA","potentialAction":[{"@type":"ReadAction","target":["https:\/\/autravail.ca\/product\/rbmt-semelle-confort-memorytech-esd\/"]}]},{"@type":"ImageObject","inLanguage":"en-CA","@id":"https:\/\/autravail.ca\/product\/rbmt-semelle-confort-memorytech-esd\/#primaryimage","url":"https:\/\/autravail.ca\/wp-content\/uploads\/2025\/05\/RBMT_A01.jpg","contentUrl":"https:\/\/autravail.ca\/wp-content\/uploads\/2025\/05\/RBMT_A01.jpg","width":1000,"height":1000},{"@type":"BreadcrumbList","@id":"https:\/\/autravail.ca\/product\/rbmt-semelle-confort-memorytech-esd\/#breadcrumb","itemListElement":[{"@type":"ListItem","position":1,"name":"Accueil","item":"https:\/\/autravail.ca\/"},{"@type":"ListItem","position":2,"name":"Magasin","item":"https:\/\/autravail.ca\/en\/shop\/"},{"@type":"ListItem","position":3,"name":"RBMT &#8211; Semelle confort Memorytech ESD"}]},{"@type":"WebSite","@id":"https:\/\/autravail.ca\/#website","url":"https:\/\/autravail.ca\/","name":"Le Magasin Industriel","description":"50 ans de tradition de s\u00e9curit\u00e9 au travail","publisher":{"@id":"https:\/\/autravail.ca\/#organization"},"potentialAction":[{"@type":"SearchAction","target":{"@type":"EntryPoint","urlTemplate":"https:\/\/autravail.ca\/?s={search_term_string}"},"query-input":{"@type":"PropertyValueSpecification","valueRequired":true,"valueName":"search_term_string"}}],"inLanguage":"en-CA"},{"@type":"Organization","@id":"https:\/\/autravail.ca\/#organization","name":"Le Magasin Industriel","url":"https:\/\/autravail.ca\/","logo":{"@type":"ImageObject","inLanguage":"en-CA","@id":"https:\/\/autravail.ca\/#\/schema\/logo\/image\/","url":"https:\/\/autravail.ca\/wp-content\/uploads\/2025\/05\/cropped-magasin_industriel_120x.avif","contentUrl":"https:\/\/autravail.ca\/wp-content\/uploads\/2025\/05\/cropped-magasin_industriel_120x.avif","width":120,"height":24,"caption":"Le Magasin Industriel"},"image":{"@id":"https:\/\/autravail.ca\/#\/schema\/logo\/image\/"},"sameAs":["https:\/\/www.facebook.com\/lemagasinindustriel\/?locale=fr_FR"]}]}},"jetpack_sharing_enabled":true,"_links":{"self":[{"href":"https:\/\/autravail.ca\/en\/wp-json\/wp\/v2\/product\/36289","targetHints":{"allow":["GET"]}}],"collection":[{"href":"https:\/\/autravail.ca\/en\/wp-json\/wp\/v2\/product"}],"about":[{"href":"https:\/\/autravail.ca\/en\/wp-json\/wp\/v2\/types\/product"}],"replies":[{"embeddable":true,"href":"https:\/\/autravail.ca\/en\/wp-json\/wp\/v2\/comments?post=36289"}],"wp:featuredmedia":[{"embeddable":true,"href":"https:\/\/autravail.ca\/en\/wp-json\/wp\/v2\/media\/22032"}],"wp:attachment":[{"href":"https:\/\/autravail.ca\/en\/wp-json\/wp\/v2\/media?parent=36289"}],"wp:term":[{"taxonomy":"product_cat","embeddable":true,"href":"https:\/\/autravail.ca\/en\/wp-json\/wp\/v2\/product_cat?post=36289"},{"taxonomy":"product_tag","embeddable":true,"href":"https:\/\/autravail.ca\/en\/wp-json\/wp\/v2\/product_tag?post=36289"}],"curies":[{"name":"wp","href":"https:\/\/api.w.org\/{rel}","templated":true}]}}