{"id":36263,"date":"2025-05-08T07:51:31","date_gmt":"2025-05-08T07:51:31","guid":{"rendered":"https:\/\/meteoquebec.ca\/?post_type=product&#038;p=36263"},"modified":"2025-12-05T05:09:58","modified_gmt":"2025-12-05T09:09:58","slug":"ranger-rangpol-lunette-tactical","status":"publish","type":"product","link":"https:\/\/autravail.ca\/en\/product\/ranger-rangpol-lunette-tactical\/","title":{"rendered":"Ranger-Rangpol - Tactical Scope"},"content":{"rendered":"<p>Balistic Solar Sunglasses, RANGER - Boll Safety <\/p>\n<p><\/p>\n<ul>STANAG 2920 and EN172 certified, the RANGER ballistic protective sunglasses provide maximum protection in all conditions. With its nose, nylon anti-slip arms, and lateral ventilation, RANGER will offer you comfort and protection.<\/p>\n<li>Ultra-flexible Nylon Mount<\/li>\n<li>Ballistic and Polycarbonate Eyewear<\/li>\n<li>Integrated lateral protection, lateral ventilation.<\/li>\n<li>Comfortable and anti-slip branches.<\/li>\n<li>Not certified by CSA.<\/li>\n<\/ul>","protected":false},"excerpt":{"rendered":"<p>Lunette solaire balistique, RANGER &#8211; Boll\u00e9 Safety Certifi\u00e9es STANAG 2920 et EN172, les lunettes solaires de protection balistique RANGER assurent une protection maximale \u00e0 toutes \u00e9preuves. Gr\u00e2ce \u00e0 son nez, ses branches en Nylon anti-glisse et son a\u00e9ration lat\u00e9rale, RANGER vous apportera confort et protection. Monture nylon ultra-souple. Oculaire balistique et polycarbonate. Protection lat\u00e9rale int\u00e9gr\u00e9e, [&hellip;]<\/p>","protected":false},"featured_media":22022,"comment_status":"open","ping_status":"closed","template":"","meta":[],"product_cat":[680],"product_tag":[242,361],"class_list":{"0":"post-36263","1":"product","2":"type-product","3":"status-publish","4":"has-post-thumbnail","6":"product_brand-bolle-safety","7":"product_cat-protection-yeux-et-visages","8":"product_tag-homme","9":"product_tag-protection-yeux-et-visage","11":"first","12":"instock","13":"taxable","14":"shipping-taxable","15":"purchasable","16":"product-type-variable"},"yoast_head":"<!-- This site is optimized with the Yoast SEO plugin v25.3.1 - https:\/\/yoast.com\/wordpress\/plugins\/seo\/ -->\n<title>RANGER-RANGPOL - LUNETTE TACTICAL - Le Magasin Industriel<\/title>\n<meta name=\"robots\" content=\"index, follow, max-snippet:-1, max-image-preview:large, max-video-preview:-1\" \/>\n<link rel=\"canonical\" href=\"https:\/\/autravail.ca\/en\/product\/ranger-rangpol-lunette-tactical\/\" \/>\n<meta property=\"og:locale\" content=\"en_US\" \/>\n<meta property=\"og:type\" content=\"article\" \/>\n<meta property=\"og:title\" content=\"RANGER-RANGPOL - LUNETTE TACTICAL - Le Magasin Industriel\" \/>\n<meta property=\"og:description\" content=\"Lunette solaire balistique, RANGER &#8211; Boll\u00e9 Safety Certifi\u00e9es STANAG 2920 et EN172, les lunettes solaires de protection balistique RANGER assurent une protection maximale \u00e0 toutes \u00e9preuves. Gr\u00e2ce \u00e0 son nez, ses branches en Nylon anti-glisse et son a\u00e9ration lat\u00e9rale, RANGER vous apportera confort et protection. Monture nylon ultra-souple. Oculaire balistique et polycarbonate. Protection lat\u00e9rale int\u00e9gr\u00e9e, [&hellip;]\" \/>\n<meta property=\"og:url\" content=\"https:\/\/autravail.ca\/en\/product\/ranger-rangpol-lunette-tactical\/\" \/>\n<meta property=\"og:site_name\" content=\"Le Magasin Industriel\" \/>\n<meta property=\"article:publisher\" content=\"https:\/\/www.facebook.com\/lemagasinindustriel\/?locale=fr_FR\" \/>\n<meta property=\"article:modified_time\" content=\"2025-12-05T09:09:58+00:00\" \/>\n<meta property=\"og:image\" content=\"https:\/\/autravail.ca\/wp-content\/uploads\/2025\/05\/RANGPOL_A01_0abb05e4-e101-4e7c-ad7f-1394a19da0f7.jpg\" \/>\n\t<meta property=\"og:image:width\" content=\"800\" \/>\n\t<meta property=\"og:image:height\" content=\"720\" \/>\n\t<meta property=\"og:image:type\" content=\"image\/jpeg\" \/>\n<meta name=\"twitter:card\" content=\"summary_large_image\" \/>\n<script type=\"application\/ld+json\" class=\"yoast-schema-graph\">{\"@context\":\"https:\/\/schema.org\",\"@graph\":[{\"@type\":\"WebPage\",\"@id\":\"https:\/\/autravail.ca\/product\/ranger-rangpol-lunette-tactical\/\",\"url\":\"https:\/\/autravail.ca\/product\/ranger-rangpol-lunette-tactical\/\",\"name\":\"RANGER-RANGPOL - LUNETTE TACTICAL - Le Magasin Industriel\",\"isPartOf\":{\"@id\":\"https:\/\/autravail.ca\/#website\"},\"primaryImageOfPage\":{\"@id\":\"https:\/\/autravail.ca\/product\/ranger-rangpol-lunette-tactical\/#primaryimage\"},\"image\":{\"@id\":\"https:\/\/autravail.ca\/product\/ranger-rangpol-lunette-tactical\/#primaryimage\"},\"thumbnailUrl\":\"https:\/\/autravail.ca\/wp-content\/uploads\/2025\/05\/RANGPOL_A01_0abb05e4-e101-4e7c-ad7f-1394a19da0f7.jpg\",\"datePublished\":\"2025-05-08T07:51:31+00:00\",\"dateModified\":\"2025-12-05T09:09:58+00:00\",\"breadcrumb\":{\"@id\":\"https:\/\/autravail.ca\/product\/ranger-rangpol-lunette-tactical\/#breadcrumb\"},\"inLanguage\":\"en-CA\",\"potentialAction\":[{\"@type\":\"ReadAction\",\"target\":[\"https:\/\/autravail.ca\/product\/ranger-rangpol-lunette-tactical\/\"]}]},{\"@type\":\"ImageObject\",\"inLanguage\":\"en-CA\",\"@id\":\"https:\/\/autravail.ca\/product\/ranger-rangpol-lunette-tactical\/#primaryimage\",\"url\":\"https:\/\/autravail.ca\/wp-content\/uploads\/2025\/05\/RANGPOL_A01_0abb05e4-e101-4e7c-ad7f-1394a19da0f7.jpg\",\"contentUrl\":\"https:\/\/autravail.ca\/wp-content\/uploads\/2025\/05\/RANGPOL_A01_0abb05e4-e101-4e7c-ad7f-1394a19da0f7.jpg\",\"width\":800,\"height\":720},{\"@type\":\"BreadcrumbList\",\"@id\":\"https:\/\/autravail.ca\/product\/ranger-rangpol-lunette-tactical\/#breadcrumb\",\"itemListElement\":[{\"@type\":\"ListItem\",\"position\":1,\"name\":\"Accueil\",\"item\":\"https:\/\/autravail.ca\/\"},{\"@type\":\"ListItem\",\"position\":2,\"name\":\"Magasin\",\"item\":\"https:\/\/autravail.ca\/en\/shop\/\"},{\"@type\":\"ListItem\",\"position\":3,\"name\":\"RANGER-RANGPOL &#8211; LUNETTE TACTICAL\"}]},{\"@type\":\"WebSite\",\"@id\":\"https:\/\/autravail.ca\/#website\",\"url\":\"https:\/\/autravail.ca\/\",\"name\":\"Le Magasin Industriel\",\"description\":\"50 ans de tradition de s\u00e9curit\u00e9 au travail\",\"publisher\":{\"@id\":\"https:\/\/autravail.ca\/#organization\"},\"potentialAction\":[{\"@type\":\"SearchAction\",\"target\":{\"@type\":\"EntryPoint\",\"urlTemplate\":\"https:\/\/autravail.ca\/?s={search_term_string}\"},\"query-input\":{\"@type\":\"PropertyValueSpecification\",\"valueRequired\":true,\"valueName\":\"search_term_string\"}}],\"inLanguage\":\"en-CA\"},{\"@type\":\"Organization\",\"@id\":\"https:\/\/autravail.ca\/#organization\",\"name\":\"Le Magasin Industriel\",\"url\":\"https:\/\/autravail.ca\/\",\"logo\":{\"@type\":\"ImageObject\",\"inLanguage\":\"en-CA\",\"@id\":\"https:\/\/autravail.ca\/#\/schema\/logo\/image\/\",\"url\":\"https:\/\/autravail.ca\/wp-content\/uploads\/2025\/05\/cropped-magasin_industriel_120x.avif\",\"contentUrl\":\"https:\/\/autravail.ca\/wp-content\/uploads\/2025\/05\/cropped-magasin_industriel_120x.avif\",\"width\":120,\"height\":24,\"caption\":\"Le Magasin Industriel\"},\"image\":{\"@id\":\"https:\/\/autravail.ca\/#\/schema\/logo\/image\/\"},\"sameAs\":[\"https:\/\/www.facebook.com\/lemagasinindustriel\/?locale=fr_FR\"]}]}<\/script>\n<!-- \/ Yoast SEO plugin. -->","yoast_head_json":{"title":"RANGER-RANGPOL - LUNETTE TACTICAL - Le Magasin Industriel","robots":{"index":"index","follow":"follow","max-snippet":"max-snippet:-1","max-image-preview":"max-image-preview:large","max-video-preview":"max-video-preview:-1"},"canonical":"https:\/\/autravail.ca\/en\/product\/ranger-rangpol-lunette-tactical\/","og_locale":"en_US","og_type":"article","og_title":"RANGER-RANGPOL - LUNETTE TACTICAL - Le Magasin Industriel","og_description":"Lunette solaire balistique, RANGER &#8211; Boll\u00e9 Safety Certifi\u00e9es STANAG 2920 et EN172, les lunettes solaires de protection balistique RANGER assurent une protection maximale \u00e0 toutes \u00e9preuves. Gr\u00e2ce \u00e0 son nez, ses branches en Nylon anti-glisse et son a\u00e9ration lat\u00e9rale, RANGER vous apportera confort et protection. Monture nylon ultra-souple. Oculaire balistique et polycarbonate. Protection lat\u00e9rale int\u00e9gr\u00e9e, [&hellip;]","og_url":"https:\/\/autravail.ca\/en\/product\/ranger-rangpol-lunette-tactical\/","og_site_name":"Le Magasin Industriel","article_publisher":"https:\/\/www.facebook.com\/lemagasinindustriel\/?locale=fr_FR","article_modified_time":"2025-12-05T09:09:58+00:00","og_image":[{"width":800,"height":720,"url":"https:\/\/autravail.ca\/wp-content\/uploads\/2025\/05\/RANGPOL_A01_0abb05e4-e101-4e7c-ad7f-1394a19da0f7.jpg","type":"image\/jpeg"}],"twitter_card":"summary_large_image","schema":{"@context":"https:\/\/schema.org","@graph":[{"@type":"WebPage","@id":"https:\/\/autravail.ca\/product\/ranger-rangpol-lunette-tactical\/","url":"https:\/\/autravail.ca\/product\/ranger-rangpol-lunette-tactical\/","name":"RANGER-RANGPOL - LUNETTE TACTICAL - Le Magasin Industriel","isPartOf":{"@id":"https:\/\/autravail.ca\/#website"},"primaryImageOfPage":{"@id":"https:\/\/autravail.ca\/product\/ranger-rangpol-lunette-tactical\/#primaryimage"},"image":{"@id":"https:\/\/autravail.ca\/product\/ranger-rangpol-lunette-tactical\/#primaryimage"},"thumbnailUrl":"https:\/\/autravail.ca\/wp-content\/uploads\/2025\/05\/RANGPOL_A01_0abb05e4-e101-4e7c-ad7f-1394a19da0f7.jpg","datePublished":"2025-05-08T07:51:31+00:00","dateModified":"2025-12-05T09:09:58+00:00","breadcrumb":{"@id":"https:\/\/autravail.ca\/product\/ranger-rangpol-lunette-tactical\/#breadcrumb"},"inLanguage":"en-CA","potentialAction":[{"@type":"ReadAction","target":["https:\/\/autravail.ca\/product\/ranger-rangpol-lunette-tactical\/"]}]},{"@type":"ImageObject","inLanguage":"en-CA","@id":"https:\/\/autravail.ca\/product\/ranger-rangpol-lunette-tactical\/#primaryimage","url":"https:\/\/autravail.ca\/wp-content\/uploads\/2025\/05\/RANGPOL_A01_0abb05e4-e101-4e7c-ad7f-1394a19da0f7.jpg","contentUrl":"https:\/\/autravail.ca\/wp-content\/uploads\/2025\/05\/RANGPOL_A01_0abb05e4-e101-4e7c-ad7f-1394a19da0f7.jpg","width":800,"height":720},{"@type":"BreadcrumbList","@id":"https:\/\/autravail.ca\/product\/ranger-rangpol-lunette-tactical\/#breadcrumb","itemListElement":[{"@type":"ListItem","position":1,"name":"Accueil","item":"https:\/\/autravail.ca\/"},{"@type":"ListItem","position":2,"name":"Magasin","item":"https:\/\/autravail.ca\/en\/shop\/"},{"@type":"ListItem","position":3,"name":"RANGER-RANGPOL &#8211; LUNETTE TACTICAL"}]},{"@type":"WebSite","@id":"https:\/\/autravail.ca\/#website","url":"https:\/\/autravail.ca\/","name":"Le Magasin Industriel","description":"50 ans de tradition de s\u00e9curit\u00e9 au travail","publisher":{"@id":"https:\/\/autravail.ca\/#organization"},"potentialAction":[{"@type":"SearchAction","target":{"@type":"EntryPoint","urlTemplate":"https:\/\/autravail.ca\/?s={search_term_string}"},"query-input":{"@type":"PropertyValueSpecification","valueRequired":true,"valueName":"search_term_string"}}],"inLanguage":"en-CA"},{"@type":"Organization","@id":"https:\/\/autravail.ca\/#organization","name":"Le Magasin Industriel","url":"https:\/\/autravail.ca\/","logo":{"@type":"ImageObject","inLanguage":"en-CA","@id":"https:\/\/autravail.ca\/#\/schema\/logo\/image\/","url":"https:\/\/autravail.ca\/wp-content\/uploads\/2025\/05\/cropped-magasin_industriel_120x.avif","contentUrl":"https:\/\/autravail.ca\/wp-content\/uploads\/2025\/05\/cropped-magasin_industriel_120x.avif","width":120,"height":24,"caption":"Le Magasin Industriel"},"image":{"@id":"https:\/\/autravail.ca\/#\/schema\/logo\/image\/"},"sameAs":["https:\/\/www.facebook.com\/lemagasinindustriel\/?locale=fr_FR"]}]}},"jetpack_sharing_enabled":true,"_links":{"self":[{"href":"https:\/\/autravail.ca\/en\/wp-json\/wp\/v2\/product\/36263","targetHints":{"allow":["GET"]}}],"collection":[{"href":"https:\/\/autravail.ca\/en\/wp-json\/wp\/v2\/product"}],"about":[{"href":"https:\/\/autravail.ca\/en\/wp-json\/wp\/v2\/types\/product"}],"replies":[{"embeddable":true,"href":"https:\/\/autravail.ca\/en\/wp-json\/wp\/v2\/comments?post=36263"}],"wp:featuredmedia":[{"embeddable":true,"href":"https:\/\/autravail.ca\/en\/wp-json\/wp\/v2\/media\/22022"}],"wp:attachment":[{"href":"https:\/\/autravail.ca\/en\/wp-json\/wp\/v2\/media?parent=36263"}],"wp:term":[{"taxonomy":"product_cat","embeddable":true,"href":"https:\/\/autravail.ca\/en\/wp-json\/wp\/v2\/product_cat?post=36263"},{"taxonomy":"product_tag","embeddable":true,"href":"https:\/\/autravail.ca\/en\/wp-json\/wp\/v2\/product_tag?post=36263"}],"curies":[{"name":"wp","href":"https:\/\/api.w.org\/{rel}","templated":true}]}}