{"id":36262,"date":"2025-05-08T07:51:30","date_gmt":"2025-05-08T07:51:30","guid":{"rendered":"https:\/\/meteoquebec.ca\/?post_type=product&#038;p=36262"},"modified":"2025-12-05T05:09:58","modified_gmt":"2025-12-05T09:09:58","slug":"radius-sd-a2a63-espadrille-de-travail","status":"publish","type":"product","link":"https:\/\/autravail.ca\/en\/product\/radius-sd-a2a63-espadrille-de-travail\/","title":{"rendered":"RADIUS SD+ - A2A63 - WORK SHOES"},"content":{"rendered":"<p>Safety sneakers, Radius SD +, Timberland<\/p>\n<ul title=\"Properties of Benefits\" class=\"grid grid-cols-2 list-disc gap-4 text-sm c-grey-20\" data-test-id=\"product-details-bulletin\">\n<li class=\"ml-5\"><span>Asymmetrical composite safety buckle.<\/span><\/li>\n<li class=\"ml-5\"><span>Metal-free Resistant Perforation Plaque.<\/span><\/li>\n<li class=\"ml-5\"><span>Shape adapted to female foot for unmatched fit and comfort.<\/span><\/li>\n<li class=\"ml-5\"><span>Plantar Assure Seat Anti-Fatigue offering shock absorption and energy return in Polyurethane.<\/span><\/li>\n<li class=\"ml-5\"><span>Welded Construction Favoring Flexibility.<\/span><\/li>\n<li class=\"ml-5\"><span>Robust breathing filament rod with abrasion-resistant reinforcements.<\/span><\/li>\n<li class=\"ml-5\"><span>Sole with Timberland PRO Flex technology presenting strategically placed flex grooves.<\/span><\/li>\n<li class=\"ml-5\"><span>Breathable lining that evacuates moisture with an antimicrobial treatment to control odors.<\/span><\/li>\n<li class=\"ml-5\"><span>Intercalated HoverSpring sole in light foam that resists oil and solvents, recognized for comfort, flexibility, and durability throughout the industry.<\/span><\/li>\n<li class=\"ml-5\"><span>SD+ Protection<\/span><\/li>\n<\/ul>","protected":false},"excerpt":{"rendered":"<p>Espadrille de s\u00e9curit\u00e9, Radius SD +, Timberland Embout de s\u00e9curit\u00e9 asym\u00e9trique en composite. Plaque sans m\u00e9tal r\u00e9sistant \u00e0 la perforation. Forme adapt\u00e9e au pied f\u00e9minin pour un ajustement et un confort in\u00e9gal\u00e9s. Assise plantaire antifatigue en polyur\u00e9thane offrant amortissement des chocs et retour d\u2019\u00e9nergie. Fabrication soud\u00e9e favorisant la flexibilit\u00e9. Tige robuste en filet respirant avec [&hellip;]<\/p>","protected":false},"featured_media":22006,"comment_status":"open","ping_status":"closed","template":"","meta":[],"product_cat":[645,633],"product_tag":[252,255,253,283],"class_list":{"0":"post-36262","1":"product","2":"type-product","3":"status-publish","4":"has-post-thumbnail","6":"product_brand-timberland-pro","7":"product_cat-espadrilles-de-travail","8":"product_cat-femmes","9":"product_tag-electric-shock-resistant","10":"product_tag-femme","11":"product_tag-sole-protection","12":"product_tag-static-dissipative","14":"first","15":"instock","16":"taxable","17":"shipping-taxable","18":"purchasable","19":"product-type-variable"},"yoast_head":"<!-- This site is optimized with the Yoast SEO plugin v25.3.1 - https:\/\/yoast.com\/wordpress\/plugins\/seo\/ -->\n<title>RADIUS SD+ - A2A63 - ESPADRILLE DE TRAVAIL - Le Magasin Industriel<\/title>\n<meta name=\"robots\" content=\"index, follow, max-snippet:-1, max-image-preview:large, max-video-preview:-1\" \/>\n<link rel=\"canonical\" href=\"https:\/\/autravail.ca\/en\/product\/radius-sd-a2a63-espadrille-de-travail\/\" \/>\n<meta property=\"og:locale\" content=\"en_US\" \/>\n<meta property=\"og:type\" content=\"article\" \/>\n<meta property=\"og:title\" content=\"RADIUS SD+ - A2A63 - ESPADRILLE DE TRAVAIL - Le Magasin Industriel\" \/>\n<meta property=\"og:description\" content=\"Espadrille de s\u00e9curit\u00e9, Radius SD +, Timberland Embout de s\u00e9curit\u00e9 asym\u00e9trique en composite. Plaque sans m\u00e9tal r\u00e9sistant \u00e0 la perforation. Forme adapt\u00e9e au pied f\u00e9minin pour un ajustement et un confort in\u00e9gal\u00e9s. Assise plantaire antifatigue en polyur\u00e9thane offrant amortissement des chocs et retour d\u2019\u00e9nergie. Fabrication soud\u00e9e favorisant la flexibilit\u00e9. Tige robuste en filet respirant avec [&hellip;]\" \/>\n<meta property=\"og:url\" content=\"https:\/\/autravail.ca\/en\/product\/radius-sd-a2a63-espadrille-de-travail\/\" \/>\n<meta property=\"og:site_name\" content=\"Le Magasin Industriel\" \/>\n<meta property=\"article:publisher\" content=\"https:\/\/www.facebook.com\/lemagasinindustriel\/?locale=fr_FR\" \/>\n<meta property=\"article:modified_time\" content=\"2025-12-05T09:09:58+00:00\" \/>\n<meta property=\"og:image\" content=\"https:\/\/autravail.ca\/wp-content\/uploads\/2025\/05\/A2A63_A01.jpg\" \/>\n\t<meta property=\"og:image:width\" content=\"800\" \/>\n\t<meta property=\"og:image:height\" content=\"720\" \/>\n\t<meta property=\"og:image:type\" content=\"image\/jpeg\" \/>\n<meta name=\"twitter:card\" content=\"summary_large_image\" \/>\n<meta name=\"twitter:label1\" content=\"Est. reading time\" \/>\n\t<meta name=\"twitter:data1\" content=\"1 minute\" \/>\n<script type=\"application\/ld+json\" class=\"yoast-schema-graph\">{\"@context\":\"https:\/\/schema.org\",\"@graph\":[{\"@type\":\"WebPage\",\"@id\":\"https:\/\/autravail.ca\/product\/radius-sd-a2a63-espadrille-de-travail\/\",\"url\":\"https:\/\/autravail.ca\/product\/radius-sd-a2a63-espadrille-de-travail\/\",\"name\":\"RADIUS SD+ - A2A63 - ESPADRILLE DE TRAVAIL - Le Magasin Industriel\",\"isPartOf\":{\"@id\":\"https:\/\/autravail.ca\/#website\"},\"primaryImageOfPage\":{\"@id\":\"https:\/\/autravail.ca\/product\/radius-sd-a2a63-espadrille-de-travail\/#primaryimage\"},\"image\":{\"@id\":\"https:\/\/autravail.ca\/product\/radius-sd-a2a63-espadrille-de-travail\/#primaryimage\"},\"thumbnailUrl\":\"https:\/\/autravail.ca\/wp-content\/uploads\/2025\/05\/A2A63_A01.jpg\",\"datePublished\":\"2025-05-08T07:51:30+00:00\",\"dateModified\":\"2025-12-05T09:09:58+00:00\",\"breadcrumb\":{\"@id\":\"https:\/\/autravail.ca\/product\/radius-sd-a2a63-espadrille-de-travail\/#breadcrumb\"},\"inLanguage\":\"en-CA\",\"potentialAction\":[{\"@type\":\"ReadAction\",\"target\":[\"https:\/\/autravail.ca\/product\/radius-sd-a2a63-espadrille-de-travail\/\"]}]},{\"@type\":\"ImageObject\",\"inLanguage\":\"en-CA\",\"@id\":\"https:\/\/autravail.ca\/product\/radius-sd-a2a63-espadrille-de-travail\/#primaryimage\",\"url\":\"https:\/\/autravail.ca\/wp-content\/uploads\/2025\/05\/A2A63_A01.jpg\",\"contentUrl\":\"https:\/\/autravail.ca\/wp-content\/uploads\/2025\/05\/A2A63_A01.jpg\",\"width\":800,\"height\":720},{\"@type\":\"BreadcrumbList\",\"@id\":\"https:\/\/autravail.ca\/product\/radius-sd-a2a63-espadrille-de-travail\/#breadcrumb\",\"itemListElement\":[{\"@type\":\"ListItem\",\"position\":1,\"name\":\"Accueil\",\"item\":\"https:\/\/autravail.ca\/\"},{\"@type\":\"ListItem\",\"position\":2,\"name\":\"Magasin\",\"item\":\"https:\/\/autravail.ca\/en\/shop\/\"},{\"@type\":\"ListItem\",\"position\":3,\"name\":\"RADIUS SD+ &#8211; A2A63 &#8211; ESPADRILLE DE TRAVAIL\"}]},{\"@type\":\"WebSite\",\"@id\":\"https:\/\/autravail.ca\/#website\",\"url\":\"https:\/\/autravail.ca\/\",\"name\":\"Le Magasin Industriel\",\"description\":\"50 ans de tradition de s\u00e9curit\u00e9 au travail\",\"publisher\":{\"@id\":\"https:\/\/autravail.ca\/#organization\"},\"potentialAction\":[{\"@type\":\"SearchAction\",\"target\":{\"@type\":\"EntryPoint\",\"urlTemplate\":\"https:\/\/autravail.ca\/?s={search_term_string}\"},\"query-input\":{\"@type\":\"PropertyValueSpecification\",\"valueRequired\":true,\"valueName\":\"search_term_string\"}}],\"inLanguage\":\"en-CA\"},{\"@type\":\"Organization\",\"@id\":\"https:\/\/autravail.ca\/#organization\",\"name\":\"Le Magasin Industriel\",\"url\":\"https:\/\/autravail.ca\/\",\"logo\":{\"@type\":\"ImageObject\",\"inLanguage\":\"en-CA\",\"@id\":\"https:\/\/autravail.ca\/#\/schema\/logo\/image\/\",\"url\":\"https:\/\/autravail.ca\/wp-content\/uploads\/2025\/05\/cropped-magasin_industriel_120x.avif\",\"contentUrl\":\"https:\/\/autravail.ca\/wp-content\/uploads\/2025\/05\/cropped-magasin_industriel_120x.avif\",\"width\":120,\"height\":24,\"caption\":\"Le Magasin Industriel\"},\"image\":{\"@id\":\"https:\/\/autravail.ca\/#\/schema\/logo\/image\/\"},\"sameAs\":[\"https:\/\/www.facebook.com\/lemagasinindustriel\/?locale=fr_FR\"]}]}<\/script>\n<!-- \/ Yoast SEO plugin. -->","yoast_head_json":{"title":"RADIUS SD+ - A2A63 - ESPADRILLE DE TRAVAIL - Le Magasin Industriel","robots":{"index":"index","follow":"follow","max-snippet":"max-snippet:-1","max-image-preview":"max-image-preview:large","max-video-preview":"max-video-preview:-1"},"canonical":"https:\/\/autravail.ca\/en\/product\/radius-sd-a2a63-espadrille-de-travail\/","og_locale":"en_US","og_type":"article","og_title":"RADIUS SD+ - A2A63 - ESPADRILLE DE TRAVAIL - Le Magasin Industriel","og_description":"Espadrille de s\u00e9curit\u00e9, Radius SD +, Timberland Embout de s\u00e9curit\u00e9 asym\u00e9trique en composite. Plaque sans m\u00e9tal r\u00e9sistant \u00e0 la perforation. Forme adapt\u00e9e au pied f\u00e9minin pour un ajustement et un confort in\u00e9gal\u00e9s. Assise plantaire antifatigue en polyur\u00e9thane offrant amortissement des chocs et retour d\u2019\u00e9nergie. Fabrication soud\u00e9e favorisant la flexibilit\u00e9. Tige robuste en filet respirant avec [&hellip;]","og_url":"https:\/\/autravail.ca\/en\/product\/radius-sd-a2a63-espadrille-de-travail\/","og_site_name":"Le Magasin Industriel","article_publisher":"https:\/\/www.facebook.com\/lemagasinindustriel\/?locale=fr_FR","article_modified_time":"2025-12-05T09:09:58+00:00","og_image":[{"width":800,"height":720,"url":"https:\/\/autravail.ca\/wp-content\/uploads\/2025\/05\/A2A63_A01.jpg","type":"image\/jpeg"}],"twitter_card":"summary_large_image","twitter_misc":{"Est. reading time":"1 minute"},"schema":{"@context":"https:\/\/schema.org","@graph":[{"@type":"WebPage","@id":"https:\/\/autravail.ca\/product\/radius-sd-a2a63-espadrille-de-travail\/","url":"https:\/\/autravail.ca\/product\/radius-sd-a2a63-espadrille-de-travail\/","name":"RADIUS SD+ - A2A63 - ESPADRILLE DE TRAVAIL - Le Magasin Industriel","isPartOf":{"@id":"https:\/\/autravail.ca\/#website"},"primaryImageOfPage":{"@id":"https:\/\/autravail.ca\/product\/radius-sd-a2a63-espadrille-de-travail\/#primaryimage"},"image":{"@id":"https:\/\/autravail.ca\/product\/radius-sd-a2a63-espadrille-de-travail\/#primaryimage"},"thumbnailUrl":"https:\/\/autravail.ca\/wp-content\/uploads\/2025\/05\/A2A63_A01.jpg","datePublished":"2025-05-08T07:51:30+00:00","dateModified":"2025-12-05T09:09:58+00:00","breadcrumb":{"@id":"https:\/\/autravail.ca\/product\/radius-sd-a2a63-espadrille-de-travail\/#breadcrumb"},"inLanguage":"en-CA","potentialAction":[{"@type":"ReadAction","target":["https:\/\/autravail.ca\/product\/radius-sd-a2a63-espadrille-de-travail\/"]}]},{"@type":"ImageObject","inLanguage":"en-CA","@id":"https:\/\/autravail.ca\/product\/radius-sd-a2a63-espadrille-de-travail\/#primaryimage","url":"https:\/\/autravail.ca\/wp-content\/uploads\/2025\/05\/A2A63_A01.jpg","contentUrl":"https:\/\/autravail.ca\/wp-content\/uploads\/2025\/05\/A2A63_A01.jpg","width":800,"height":720},{"@type":"BreadcrumbList","@id":"https:\/\/autravail.ca\/product\/radius-sd-a2a63-espadrille-de-travail\/#breadcrumb","itemListElement":[{"@type":"ListItem","position":1,"name":"Accueil","item":"https:\/\/autravail.ca\/"},{"@type":"ListItem","position":2,"name":"Magasin","item":"https:\/\/autravail.ca\/en\/shop\/"},{"@type":"ListItem","position":3,"name":"RADIUS SD+ &#8211; A2A63 &#8211; ESPADRILLE DE TRAVAIL"}]},{"@type":"WebSite","@id":"https:\/\/autravail.ca\/#website","url":"https:\/\/autravail.ca\/","name":"Le Magasin Industriel","description":"50 ans de tradition de s\u00e9curit\u00e9 au travail","publisher":{"@id":"https:\/\/autravail.ca\/#organization"},"potentialAction":[{"@type":"SearchAction","target":{"@type":"EntryPoint","urlTemplate":"https:\/\/autravail.ca\/?s={search_term_string}"},"query-input":{"@type":"PropertyValueSpecification","valueRequired":true,"valueName":"search_term_string"}}],"inLanguage":"en-CA"},{"@type":"Organization","@id":"https:\/\/autravail.ca\/#organization","name":"Le Magasin Industriel","url":"https:\/\/autravail.ca\/","logo":{"@type":"ImageObject","inLanguage":"en-CA","@id":"https:\/\/autravail.ca\/#\/schema\/logo\/image\/","url":"https:\/\/autravail.ca\/wp-content\/uploads\/2025\/05\/cropped-magasin_industriel_120x.avif","contentUrl":"https:\/\/autravail.ca\/wp-content\/uploads\/2025\/05\/cropped-magasin_industriel_120x.avif","width":120,"height":24,"caption":"Le Magasin Industriel"},"image":{"@id":"https:\/\/autravail.ca\/#\/schema\/logo\/image\/"},"sameAs":["https:\/\/www.facebook.com\/lemagasinindustriel\/?locale=fr_FR"]}]}},"jetpack_sharing_enabled":true,"_links":{"self":[{"href":"https:\/\/autravail.ca\/en\/wp-json\/wp\/v2\/product\/36262","targetHints":{"allow":["GET"]}}],"collection":[{"href":"https:\/\/autravail.ca\/en\/wp-json\/wp\/v2\/product"}],"about":[{"href":"https:\/\/autravail.ca\/en\/wp-json\/wp\/v2\/types\/product"}],"replies":[{"embeddable":true,"href":"https:\/\/autravail.ca\/en\/wp-json\/wp\/v2\/comments?post=36262"}],"wp:featuredmedia":[{"embeddable":true,"href":"https:\/\/autravail.ca\/en\/wp-json\/wp\/v2\/media\/22006"}],"wp:attachment":[{"href":"https:\/\/autravail.ca\/en\/wp-json\/wp\/v2\/media?parent=36262"}],"wp:term":[{"taxonomy":"product_cat","embeddable":true,"href":"https:\/\/autravail.ca\/en\/wp-json\/wp\/v2\/product_cat?post=36262"},{"taxonomy":"product_tag","embeddable":true,"href":"https:\/\/autravail.ca\/en\/wp-json\/wp\/v2\/product_tag?post=36262"}],"curies":[{"name":"wp","href":"https:\/\/api.w.org\/{rel}","templated":true}]}}