{"id":36210,"date":"2025-05-08T07:50:45","date_gmt":"2025-05-08T07:50:45","guid":{"rendered":"https:\/\/meteoquebec.ca\/?post_type=product&#038;p=36210"},"modified":"2025-12-05T05:09:58","modified_gmt":"2025-12-05T09:09:58","slug":"espadrille-de-travail-radius-a41yy","status":"publish","type":"product","link":"https:\/\/autravail.ca\/en\/product\/espadrille-de-travail-radius-a41yy\/","title":{"rendered":"Espadrille de travail Radius &#8211; A41YY"},"content":{"rendered":"<h3>Espadrille de travail Radius &#8211; A41YY<\/h3>\n<p><!--StartFragment --><\/p>\n<p>L\u2019espadrille de travail Radius &#8211; A41YY de <a href=\"https:\/\/autravail.ca\/en\/product-brand\/timberland-pro\/\">Timberland PRO<\/a> allie s\u00e9curit\u00e9, confort et style athl\u00e9tique pour les environnements professionnels exigeants. Dot\u00e9e d\u2019une <em>tige en tricot respirant renforc\u00e9e contre l\u2019abrasion<\/em>, elle offre une excellente durabilit\u00e9 tout en gardant le pied au frais. Sa <em>semelle intercalaire HoverSpring\u2122<\/em> procure un amorti l\u00e9ger, une flexibilit\u00e9 accrue et une r\u00e9sistance aux huiles et carburants. L\u2019assise plantaire en polyur\u00e9thane int\u00e8gre la <em>technologie antifatigue<\/em>, id\u00e9ale pour les longues journ\u00e9es debout.<\/p>\n<p>C\u00f4t\u00e9 s\u00e9curit\u00e9, elle est \u00e9quip\u00e9e d\u2019un <em>embout asym\u00e9trique en composite<\/em> et d\u2019une <em>plaque antiperforation sans m\u00e9tal<\/em>, certifi\u00e9s CSA classe 1. Elle r\u00e9siste aux chocs \u00e9lectriques et ne contient aucun m\u00e9tal, ce qui la rend compatible avec les environnements sensibles aux d\u00e9tecteurs.La semelle ext\u00e9rieure Timberland PRO\u00ae Flex, avec ses rainures anatomiques, assure une <em>adh\u00e9rence optimale et une libert\u00e9 de mouvement<\/em>. Parfaite pour les secteurs comme l\u2019entreposage, la livraison ou les services techniques en int\u00e9rieur.<\/p>\n<p><img decoding=\"async\" class=\"alignnone size-full wp-image-40117\" src=\"https:\/\/autravail.ca\/wp-content\/uploads\/2025\/09\/Certification-Omega-Triangle-vert.jpg\" alt=\"Certifications Om\u00e9ga Triangle vert\" width=\"193\" height=\"110\" srcset=\"https:\/\/autravail.ca\/wp-content\/uploads\/2025\/09\/Certification-Omega-Triangle-vert.jpg 193w, https:\/\/autravail.ca\/wp-content\/uploads\/2025\/09\/Certification-Omega-Triangle-vert-150x85.jpg 150w, https:\/\/autravail.ca\/wp-content\/uploads\/2025\/09\/Certification-Omega-Triangle-vert-18x10.jpg 18w\" sizes=\"(max-width: 193px) 100vw, 193px\" \/><\/p>\n<p><!--EndFragment --><\/p>\n<h4>Characteristics:<\/h4>\n<ul>\n<li>In compliance with <a href=\"https:\/\/autravail.ca\/en\/pages\/normes-de-securite-pour-chaussures-de-travail-csa\/\" target=\"_blank\" rel=\"noopener\">CSA Standard<\/a><\/li>\n<li>Protection of <a href=\"https:\/\/autravail.ca\/en\/pages\/normes-de-securite-pour-chaussures-de-travail-csa\/\" target=\"_blank\" rel=\"noopener\">type ESR, Om\u00e9ga<\/a><\/li>\n<li>Nylon breathable buckle with abrasion reinforcement.<\/li>\n<li>Sporty, athletic, lightweight and comfortable design.<\/li>\n<li>Mesh lining with antimicrobial treatment for odor control.<\/li>\n<li>Seated Plantar footrest in polyurethane with shock absorption and energy return technology.<\/li>\n<li>Exterior Wear-Out Sole Timberland PRO Flex Technology for more flexibility and better foot positioning.<\/li>\n<li>Asymmetrical Composite Plate and Sleeve.<\/li>\n<li>Comfort Sole <a title=\"Anti-Fatigue Comfort Soles\" href=\"https:\/\/autravail.ca\/en\/products\/semelle-de-confort-91621\/\" target=\"_blank\" rel=\"noopener\">ANTIFATIGUE<\/a> de Timberland Pro<\/li>\n<\/ul>\n<p><img decoding=\"async\" class=\"alignnone wp-image-40620\" src=\"https:\/\/autravail.ca\/wp-content\/uploads\/2025\/09\/Jachete-quebec-et-canada.jpg\" alt=\"Logo de l'achat local\" width=\"162\" height=\"139\" \/>Merci d&rsquo;encourager une entreprise 100% d&rsquo;ici!<\/p>","protected":false},"excerpt":{"rendered":"<p>Espadrille de travail Radius &#8211; A41YY L\u2019espadrille de travail Radius &#8211; A41YY de Timberland PRO allie s\u00e9curit\u00e9, confort et style athl\u00e9tique pour les environnements professionnels exigeants. Dot\u00e9e d\u2019une tige en tricot respirant renforc\u00e9e contre l\u2019abrasion, elle offre une excellente durabilit\u00e9 tout en gardant le pied au frais. Sa semelle intercalaire HoverSpring\u2122 procure un amorti l\u00e9ger, [&hellip;]<\/p>","protected":false},"featured_media":40738,"comment_status":"open","ping_status":"closed","template":"","meta":[],"product_cat":[645,602,637,619],"product_tag":[252,270,242,253],"class_list":{"0":"post-36210","1":"product","2":"type-product","3":"status-publish","4":"has-post-thumbnail","6":"product_brand-timberland-pro","7":"product_cat-espadrilles-de-travail","8":"product_cat-hommes","9":"product_cat-nos-modeles-populaires","10":"product_cat-souliers-de-travail","11":"product_tag-electric-shock-resistant","12":"product_tag-espadrilles-de-travail","13":"product_tag-homme","14":"product_tag-sole-protection","16":"first","17":"instock","18":"sale","19":"taxable","20":"shipping-taxable","21":"purchasable","22":"product-type-variable"},"yoast_head":"<!-- This site is optimized with the Yoast SEO plugin v25.3.1 - https:\/\/yoast.com\/wordpress\/plugins\/seo\/ -->\n<title>Espadrille de travail Radius - A41YY - Le Magasin Industriel<\/title>\n<meta name=\"description\" content=\"Espadrille de travail Radius - A41YY de Timberland Pro. Chaussure de travail \u00e0 empeigne ultral\u00e9ger sans lacet et respirant.\" \/>\n<meta name=\"robots\" content=\"index, follow, max-snippet:-1, max-image-preview:large, max-video-preview:-1\" \/>\n<link rel=\"canonical\" href=\"https:\/\/autravail.ca\/en\/product\/espadrille-de-travail-radius-a41yy\/\" \/>\n<meta property=\"og:locale\" content=\"en_US\" \/>\n<meta property=\"og:type\" content=\"article\" \/>\n<meta property=\"og:title\" content=\"Espadrille de travail Radius - A41YY - Le Magasin Industriel\" \/>\n<meta property=\"og:description\" content=\"Espadrille de travail Radius - A41YY de Timberland Pro. Chaussure de travail \u00e0 empeigne ultral\u00e9ger sans lacet et respirant.\" \/>\n<meta property=\"og:url\" content=\"https:\/\/autravail.ca\/en\/product\/espadrille-de-travail-radius-a41yy\/\" \/>\n<meta property=\"og:site_name\" content=\"Le Magasin Industriel\" \/>\n<meta property=\"article:publisher\" content=\"https:\/\/www.facebook.com\/lemagasinindustriel\/?locale=fr_FR\" \/>\n<meta property=\"article:modified_time\" content=\"2025-12-05T09:09:58+00:00\" \/>\n<meta property=\"og:image\" content=\"https:\/\/autravail.ca\/wp-content\/uploads\/2025\/05\/Radius-Knit-A41YY_01.jpg\" \/>\n\t<meta property=\"og:image:width\" content=\"1000\" \/>\n\t<meta property=\"og:image:height\" content=\"1000\" \/>\n\t<meta property=\"og:image:type\" content=\"image\/jpeg\" \/>\n<meta name=\"twitter:card\" content=\"summary_large_image\" \/>\n<meta name=\"twitter:label1\" content=\"Est. reading time\" \/>\n\t<meta name=\"twitter:data1\" content=\"2 minutes\" \/>\n<script type=\"application\/ld+json\" class=\"yoast-schema-graph\">{\"@context\":\"https:\/\/schema.org\",\"@graph\":[{\"@type\":\"WebPage\",\"@id\":\"https:\/\/autravail.ca\/product\/espadrille-de-travail-radius-a41yy\/\",\"url\":\"https:\/\/autravail.ca\/product\/espadrille-de-travail-radius-a41yy\/\",\"name\":\"Espadrille de travail Radius - A41YY - Le Magasin Industriel\",\"isPartOf\":{\"@id\":\"https:\/\/autravail.ca\/#website\"},\"primaryImageOfPage\":{\"@id\":\"https:\/\/autravail.ca\/product\/espadrille-de-travail-radius-a41yy\/#primaryimage\"},\"image\":{\"@id\":\"https:\/\/autravail.ca\/product\/espadrille-de-travail-radius-a41yy\/#primaryimage\"},\"thumbnailUrl\":\"https:\/\/autravail.ca\/wp-content\/uploads\/2025\/05\/Radius-Knit-A41YY_01.jpg\",\"datePublished\":\"2025-05-08T07:50:45+00:00\",\"dateModified\":\"2025-12-05T09:09:58+00:00\",\"description\":\"Espadrille de travail Radius - A41YY de Timberland Pro. Chaussure de travail \u00e0 empeigne ultral\u00e9ger sans lacet et respirant.\",\"breadcrumb\":{\"@id\":\"https:\/\/autravail.ca\/product\/espadrille-de-travail-radius-a41yy\/#breadcrumb\"},\"inLanguage\":\"en-CA\",\"potentialAction\":[{\"@type\":\"ReadAction\",\"target\":[\"https:\/\/autravail.ca\/product\/espadrille-de-travail-radius-a41yy\/\"]}]},{\"@type\":\"ImageObject\",\"inLanguage\":\"en-CA\",\"@id\":\"https:\/\/autravail.ca\/product\/espadrille-de-travail-radius-a41yy\/#primaryimage\",\"url\":\"https:\/\/autravail.ca\/wp-content\/uploads\/2025\/05\/Radius-Knit-A41YY_01.jpg\",\"contentUrl\":\"https:\/\/autravail.ca\/wp-content\/uploads\/2025\/05\/Radius-Knit-A41YY_01.jpg\",\"width\":1000,\"height\":1000,\"caption\":\"Espadrille de travail CSA Radius Knit A41YY\"},{\"@type\":\"BreadcrumbList\",\"@id\":\"https:\/\/autravail.ca\/product\/espadrille-de-travail-radius-a41yy\/#breadcrumb\",\"itemListElement\":[{\"@type\":\"ListItem\",\"position\":1,\"name\":\"Accueil\",\"item\":\"https:\/\/autravail.ca\/\"},{\"@type\":\"ListItem\",\"position\":2,\"name\":\"Magasin\",\"item\":\"https:\/\/autravail.ca\/en\/shop\/\"},{\"@type\":\"ListItem\",\"position\":3,\"name\":\"Espadrille de travail Radius &#8211; A41YY\"}]},{\"@type\":\"WebSite\",\"@id\":\"https:\/\/autravail.ca\/#website\",\"url\":\"https:\/\/autravail.ca\/\",\"name\":\"Le Magasin Industriel\",\"description\":\"50 ans de tradition de s\u00e9curit\u00e9 au travail\",\"publisher\":{\"@id\":\"https:\/\/autravail.ca\/#organization\"},\"potentialAction\":[{\"@type\":\"SearchAction\",\"target\":{\"@type\":\"EntryPoint\",\"urlTemplate\":\"https:\/\/autravail.ca\/?s={search_term_string}\"},\"query-input\":{\"@type\":\"PropertyValueSpecification\",\"valueRequired\":true,\"valueName\":\"search_term_string\"}}],\"inLanguage\":\"en-CA\"},{\"@type\":\"Organization\",\"@id\":\"https:\/\/autravail.ca\/#organization\",\"name\":\"Le Magasin Industriel\",\"url\":\"https:\/\/autravail.ca\/\",\"logo\":{\"@type\":\"ImageObject\",\"inLanguage\":\"en-CA\",\"@id\":\"https:\/\/autravail.ca\/#\/schema\/logo\/image\/\",\"url\":\"https:\/\/autravail.ca\/wp-content\/uploads\/2025\/05\/cropped-magasin_industriel_120x.avif\",\"contentUrl\":\"https:\/\/autravail.ca\/wp-content\/uploads\/2025\/05\/cropped-magasin_industriel_120x.avif\",\"width\":120,\"height\":24,\"caption\":\"Le Magasin Industriel\"},\"image\":{\"@id\":\"https:\/\/autravail.ca\/#\/schema\/logo\/image\/\"},\"sameAs\":[\"https:\/\/www.facebook.com\/lemagasinindustriel\/?locale=fr_FR\"]}]}<\/script>\n<!-- \/ Yoast SEO plugin. -->","yoast_head_json":{"title":"Espadrille de travail Radius - A41YY - Le Magasin Industriel","description":"Espadrille de travail Radius - A41YY de Timberland Pro. Chaussure de travail \u00e0 empeigne ultral\u00e9ger sans lacet et respirant.","robots":{"index":"index","follow":"follow","max-snippet":"max-snippet:-1","max-image-preview":"max-image-preview:large","max-video-preview":"max-video-preview:-1"},"canonical":"https:\/\/autravail.ca\/en\/product\/espadrille-de-travail-radius-a41yy\/","og_locale":"en_US","og_type":"article","og_title":"Espadrille de travail Radius - A41YY - Le Magasin Industriel","og_description":"Espadrille de travail Radius - A41YY de Timberland Pro. Chaussure de travail \u00e0 empeigne ultral\u00e9ger sans lacet et respirant.","og_url":"https:\/\/autravail.ca\/en\/product\/espadrille-de-travail-radius-a41yy\/","og_site_name":"Le Magasin Industriel","article_publisher":"https:\/\/www.facebook.com\/lemagasinindustriel\/?locale=fr_FR","article_modified_time":"2025-12-05T09:09:58+00:00","og_image":[{"width":1000,"height":1000,"url":"https:\/\/autravail.ca\/wp-content\/uploads\/2025\/05\/Radius-Knit-A41YY_01.jpg","type":"image\/jpeg"}],"twitter_card":"summary_large_image","twitter_misc":{"Est. reading time":"2 minutes"},"schema":{"@context":"https:\/\/schema.org","@graph":[{"@type":"WebPage","@id":"https:\/\/autravail.ca\/product\/espadrille-de-travail-radius-a41yy\/","url":"https:\/\/autravail.ca\/product\/espadrille-de-travail-radius-a41yy\/","name":"Espadrille de travail Radius - A41YY - Le Magasin Industriel","isPartOf":{"@id":"https:\/\/autravail.ca\/#website"},"primaryImageOfPage":{"@id":"https:\/\/autravail.ca\/product\/espadrille-de-travail-radius-a41yy\/#primaryimage"},"image":{"@id":"https:\/\/autravail.ca\/product\/espadrille-de-travail-radius-a41yy\/#primaryimage"},"thumbnailUrl":"https:\/\/autravail.ca\/wp-content\/uploads\/2025\/05\/Radius-Knit-A41YY_01.jpg","datePublished":"2025-05-08T07:50:45+00:00","dateModified":"2025-12-05T09:09:58+00:00","description":"Espadrille de travail Radius - A41YY de Timberland Pro. Chaussure de travail \u00e0 empeigne ultral\u00e9ger sans lacet et respirant.","breadcrumb":{"@id":"https:\/\/autravail.ca\/product\/espadrille-de-travail-radius-a41yy\/#breadcrumb"},"inLanguage":"en-CA","potentialAction":[{"@type":"ReadAction","target":["https:\/\/autravail.ca\/product\/espadrille-de-travail-radius-a41yy\/"]}]},{"@type":"ImageObject","inLanguage":"en-CA","@id":"https:\/\/autravail.ca\/product\/espadrille-de-travail-radius-a41yy\/#primaryimage","url":"https:\/\/autravail.ca\/wp-content\/uploads\/2025\/05\/Radius-Knit-A41YY_01.jpg","contentUrl":"https:\/\/autravail.ca\/wp-content\/uploads\/2025\/05\/Radius-Knit-A41YY_01.jpg","width":1000,"height":1000,"caption":"Espadrille de travail CSA Radius Knit A41YY"},{"@type":"BreadcrumbList","@id":"https:\/\/autravail.ca\/product\/espadrille-de-travail-radius-a41yy\/#breadcrumb","itemListElement":[{"@type":"ListItem","position":1,"name":"Accueil","item":"https:\/\/autravail.ca\/"},{"@type":"ListItem","position":2,"name":"Magasin","item":"https:\/\/autravail.ca\/en\/shop\/"},{"@type":"ListItem","position":3,"name":"Espadrille de travail Radius &#8211; A41YY"}]},{"@type":"WebSite","@id":"https:\/\/autravail.ca\/#website","url":"https:\/\/autravail.ca\/","name":"Le Magasin Industriel","description":"50 ans de tradition de s\u00e9curit\u00e9 au travail","publisher":{"@id":"https:\/\/autravail.ca\/#organization"},"potentialAction":[{"@type":"SearchAction","target":{"@type":"EntryPoint","urlTemplate":"https:\/\/autravail.ca\/?s={search_term_string}"},"query-input":{"@type":"PropertyValueSpecification","valueRequired":true,"valueName":"search_term_string"}}],"inLanguage":"en-CA"},{"@type":"Organization","@id":"https:\/\/autravail.ca\/#organization","name":"Le Magasin Industriel","url":"https:\/\/autravail.ca\/","logo":{"@type":"ImageObject","inLanguage":"en-CA","@id":"https:\/\/autravail.ca\/#\/schema\/logo\/image\/","url":"https:\/\/autravail.ca\/wp-content\/uploads\/2025\/05\/cropped-magasin_industriel_120x.avif","contentUrl":"https:\/\/autravail.ca\/wp-content\/uploads\/2025\/05\/cropped-magasin_industriel_120x.avif","width":120,"height":24,"caption":"Le Magasin Industriel"},"image":{"@id":"https:\/\/autravail.ca\/#\/schema\/logo\/image\/"},"sameAs":["https:\/\/www.facebook.com\/lemagasinindustriel\/?locale=fr_FR"]}]}},"jetpack_sharing_enabled":true,"_links":{"self":[{"href":"https:\/\/autravail.ca\/en\/wp-json\/wp\/v2\/product\/36210","targetHints":{"allow":["GET"]}}],"collection":[{"href":"https:\/\/autravail.ca\/en\/wp-json\/wp\/v2\/product"}],"about":[{"href":"https:\/\/autravail.ca\/en\/wp-json\/wp\/v2\/types\/product"}],"replies":[{"embeddable":true,"href":"https:\/\/autravail.ca\/en\/wp-json\/wp\/v2\/comments?post=36210"}],"wp:featuredmedia":[{"embeddable":true,"href":"https:\/\/autravail.ca\/en\/wp-json\/wp\/v2\/media\/40738"}],"wp:attachment":[{"href":"https:\/\/autravail.ca\/en\/wp-json\/wp\/v2\/media?parent=36210"}],"wp:term":[{"taxonomy":"product_cat","embeddable":true,"href":"https:\/\/autravail.ca\/en\/wp-json\/wp\/v2\/product_cat?post=36210"},{"taxonomy":"product_tag","embeddable":true,"href":"https:\/\/autravail.ca\/en\/wp-json\/wp\/v2\/product_tag?post=36210"}],"curies":[{"name":"wp","href":"https:\/\/api.w.org\/{rel}","templated":true}]}}