{"id":36179,"date":"2025-05-08T07:50:20","date_gmt":"2025-05-08T07:50:20","guid":{"rendered":"https:\/\/meteoquebec.ca\/?post_type=product&#038;p=36179"},"modified":"2026-03-31T13:08:21","modified_gmt":"2026-03-31T17:08:21","slug":"botte-de-travail-findlay-r5205b","status":"publish","type":"product","link":"https:\/\/autravail.ca\/en\/product\/botte-de-travail-findlay-r5205b\/","title":{"rendered":"Botte de travail Findlay &#8211; R5205B"},"content":{"rendered":"<h3>Botte de travail Findlay &#8211; R5205B<\/h3>\n<p>Botte de travail Findlay &#8211; R5205B de Terra de 15 cm offre une protection compl\u00e8te, tout en privil\u00e9giant la flexibilit\u00e9 et l&rsquo;amplitude des mouvements. Gr\u00e2ce \u00e0 sa construction imperm\u00e9able, sa tige en cuir nubuck pleine fleur imperm\u00e9able et sa doublure r\u00e9sistante \u00e0 l&rsquo;abrasion et \u00e9vacuant l&rsquo;humidit\u00e9, cette botte assure un confort optimal et une bonne respirabilit\u00e9. La semelle int\u00e9rieure FOOTBED\u00ae en PU de qualit\u00e9 sup\u00e9rieure offre un amorti exceptionnel, tandis que la semelle ext\u00e9rieure en caoutchouc antid\u00e9rapant \u00e0 haute adh\u00e9rence garantit stabilit\u00e9 et s\u00e9curit\u00e9 au travail.<\/p>\n<p><img decoding=\"async\" class=\"alignnone size-full wp-image-44373\" src=\"https:\/\/autravail.ca\/wp-content\/uploads\/2025\/05\/logo-CSA-SD-1.jpg\" alt=\"\" width=\"300\" height=\"87\" srcset=\"https:\/\/autravail.ca\/wp-content\/uploads\/2025\/05\/logo-CSA-SD-1.jpg 300w, https:\/\/autravail.ca\/wp-content\/uploads\/2025\/05\/logo-CSA-SD-1-150x44.jpg 150w, https:\/\/autravail.ca\/wp-content\/uploads\/2025\/05\/logo-CSA-SD-1-18x5.jpg 18w\" sizes=\"(max-width: 300px) 100vw, 300px\" \/><\/p>\n<h6>Characteristics:<\/h6>\n<ul class=\"mb-0 styled-list product-features\">\n<li><span dir=\"auto\"><span dir=\"auto\">Tige en cuir nubuck pleine fleur imperm\u00e9able<\/span><\/span><\/li>\n<li><span dir=\"auto\"><span dir=\"auto\">Construction imperm\u00e9able des bottines, avec traitement anti-odeurs CLEANFEET\u00ae<\/span><\/span><\/li>\n<li><span dir=\"auto\"><span dir=\"auto\">Doublure a\u00e9rodynamique \u00e9vacuant l&rsquo;humidit\u00e9 et r\u00e9sistante \u00e0 l&rsquo;abrasion<\/span><\/span><\/li>\n<li><span dir=\"auto\"><span dir=\"auto\">Quart de bande r\u00e9fl\u00e9chissante 3M\u2122 Scotchlite\u2122<\/span><\/span><\/li>\n<li><span dir=\"auto\"><span dir=\"auto\">Semelle ext\u00e9rieure en caoutchouc \u00e0 haute adh\u00e9rence et antid\u00e9rapante<\/span><\/span><\/li>\n<li><span dir=\"auto\"><span dir=\"auto\">Semelle interm\u00e9diaire en PU absorbant les chocs et pare-chocs en PU \u00e0 l&rsquo;avant du pied.<\/span><\/span><\/li>\n<li><span dir=\"auto\"><span dir=\"auto\">Semelle int\u00e9rieure FOOTBED\u00ae en PU mono-densit\u00e9 de qualit\u00e9 sup\u00e9rieure<\/span><\/span><\/li>\n<li><span dir=\"auto\"><span dir=\"auto\">Embout de s\u00e9curit\u00e9 composite homologu\u00e9 CSA, plaque composite, SD<\/span><\/span><\/li>\n<li><span dir=\"auto\"><span dir=\"auto\">TERRA FIRMA-FLEX\u00ae \u2013 100 % sans m\u00e9tal<\/span><\/span><\/li>\n<li><span dir=\"auto\"><span dir=\"auto\">Poids : 737,5 grammes \/ 1,63 lb par botte de pointure 9<\/span><\/span><\/li>\n<\/ul>\n<p><em><span style=\"color: #fa0b0b;\">Unisex U.S. men's sizes presented. To convert to U.S. women's size, add 2 sizes. Example: 5 U.S. men = 7 U.S. women<\/span><\/em><\/p>\n<p><img decoding=\"async\" class=\"alignnone wp-image-40620\" src=\"https:\/\/autravail.ca\/wp-content\/uploads\/2025\/09\/Jachete-quebec-et-canada.jpg\" alt=\"Logo de l'achat local\" width=\"162\" height=\"139\" \/>Merci d&rsquo;encourager une entreprise 100% d&rsquo;ici!<\/p>\n<p>TS2603H<\/p>\n<p>&nbsp;<\/p>","protected":false},"excerpt":{"rendered":"<p>Botte de travail Findlay &#8211; R5205B Botte de travail Findlay &#8211; R5205B de Terra de 15 cm offre une protection compl\u00e8te, tout en privil\u00e9giant la flexibilit\u00e9 et l&rsquo;amplitude des mouvements. Gr\u00e2ce \u00e0 sa construction imperm\u00e9able, sa tige en cuir nubuck pleine fleur imperm\u00e9able et sa doublure r\u00e9sistante \u00e0 l&rsquo;abrasion et \u00e9vacuant l&rsquo;humidit\u00e9, cette botte assure [&hellip;]<\/p>","protected":false},"featured_media":21897,"comment_status":"open","ping_status":"closed","template":"","meta":[],"product_cat":[621,807,602],"product_tag":[260,252,242,253],"class_list":{"0":"post-36179","1":"product","2":"type-product","3":"status-publish","4":"has-post-thumbnail","6":"product_brand-terra","7":"product_cat-bottes-de-travail-6","8":"product_cat-bottes-de-travail-6-homme","9":"product_cat-hommes","10":"product_tag-bottillons-de-travail","11":"product_tag-electric-shock-resistant","12":"product_tag-homme","13":"product_tag-sole-protection","15":"first","16":"instock","17":"taxable","18":"shipping-taxable","19":"purchasable","20":"product-type-variable"},"yoast_head":"<!-- This site is optimized with the Yoast SEO plugin v25.3.1 - https:\/\/yoast.com\/wordpress\/plugins\/seo\/ -->\n<title>Botte de travail Findlay - R5205B - Le Magasin Industriel<\/title>\n<meta name=\"description\" content=\"Botte de travail Findlay - R5205B de 15 cm offre une protection compl\u00e8te, tout en privil\u00e9giant la flexibilit\u00e9 et l&#039;amplitude des mouvements\" \/>\n<meta name=\"robots\" content=\"index, follow, max-snippet:-1, max-image-preview:large, max-video-preview:-1\" \/>\n<link rel=\"canonical\" href=\"https:\/\/autravail.ca\/en\/product\/botte-de-travail-findlay-r5205b\/\" \/>\n<meta property=\"og:locale\" content=\"en_US\" \/>\n<meta property=\"og:type\" content=\"article\" \/>\n<meta property=\"og:title\" content=\"Botte de travail Findlay - R5205B - Le Magasin Industriel\" \/>\n<meta property=\"og:description\" content=\"Botte de travail Findlay - R5205B de 15 cm offre une protection compl\u00e8te, tout en privil\u00e9giant la flexibilit\u00e9 et l&#039;amplitude des mouvements\" \/>\n<meta property=\"og:url\" content=\"https:\/\/autravail.ca\/en\/product\/botte-de-travail-findlay-r5205b\/\" \/>\n<meta property=\"og:site_name\" content=\"Le Magasin Industriel\" \/>\n<meta property=\"article:publisher\" content=\"https:\/\/www.facebook.com\/lemagasinindustriel\/?locale=fr_FR\" \/>\n<meta property=\"article:modified_time\" content=\"2026-03-31T17:08:21+00:00\" \/>\n<meta property=\"og:image\" content=\"https:\/\/autravail.ca\/wp-content\/uploads\/2025\/05\/R5205B_A01_a8e73e5b-33be-445e-b880-e16f775c9074.jpg\" \/>\n\t<meta property=\"og:image:width\" content=\"1000\" \/>\n\t<meta property=\"og:image:height\" content=\"1000\" \/>\n\t<meta property=\"og:image:type\" content=\"image\/jpeg\" \/>\n<meta name=\"twitter:card\" content=\"summary_large_image\" \/>\n<meta name=\"twitter:label1\" content=\"Est. reading time\" \/>\n\t<meta name=\"twitter:data1\" content=\"2 minutes\" \/>\n<script type=\"application\/ld+json\" class=\"yoast-schema-graph\">{\"@context\":\"https:\/\/schema.org\",\"@graph\":[{\"@type\":\"WebPage\",\"@id\":\"https:\/\/autravail.ca\/product\/botte-de-travail-findlay-r5205b\/\",\"url\":\"https:\/\/autravail.ca\/product\/botte-de-travail-findlay-r5205b\/\",\"name\":\"Botte de travail Findlay - R5205B - Le Magasin Industriel\",\"isPartOf\":{\"@id\":\"https:\/\/autravail.ca\/#website\"},\"primaryImageOfPage\":{\"@id\":\"https:\/\/autravail.ca\/product\/botte-de-travail-findlay-r5205b\/#primaryimage\"},\"image\":{\"@id\":\"https:\/\/autravail.ca\/product\/botte-de-travail-findlay-r5205b\/#primaryimage\"},\"thumbnailUrl\":\"https:\/\/autravail.ca\/wp-content\/uploads\/2025\/05\/R5205B_A01_a8e73e5b-33be-445e-b880-e16f775c9074.jpg\",\"datePublished\":\"2025-05-08T07:50:20+00:00\",\"dateModified\":\"2026-03-31T17:08:21+00:00\",\"description\":\"Botte de travail Findlay - R5205B de 15 cm offre une protection compl\u00e8te, tout en privil\u00e9giant la flexibilit\u00e9 et l'amplitude des mouvements\",\"breadcrumb\":{\"@id\":\"https:\/\/autravail.ca\/product\/botte-de-travail-findlay-r5205b\/#breadcrumb\"},\"inLanguage\":\"en-CA\",\"potentialAction\":[{\"@type\":\"ReadAction\",\"target\":[\"https:\/\/autravail.ca\/product\/botte-de-travail-findlay-r5205b\/\"]}]},{\"@type\":\"ImageObject\",\"inLanguage\":\"en-CA\",\"@id\":\"https:\/\/autravail.ca\/product\/botte-de-travail-findlay-r5205b\/#primaryimage\",\"url\":\"https:\/\/autravail.ca\/wp-content\/uploads\/2025\/05\/R5205B_A01_a8e73e5b-33be-445e-b880-e16f775c9074.jpg\",\"contentUrl\":\"https:\/\/autravail.ca\/wp-content\/uploads\/2025\/05\/R5205B_A01_a8e73e5b-33be-445e-b880-e16f775c9074.jpg\",\"width\":1000,\"height\":1000,\"caption\":\"Botte de travail Findlay - R5205B\"},{\"@type\":\"BreadcrumbList\",\"@id\":\"https:\/\/autravail.ca\/product\/botte-de-travail-findlay-r5205b\/#breadcrumb\",\"itemListElement\":[{\"@type\":\"ListItem\",\"position\":1,\"name\":\"Accueil\",\"item\":\"https:\/\/autravail.ca\/\"},{\"@type\":\"ListItem\",\"position\":2,\"name\":\"Magasin\",\"item\":\"https:\/\/autravail.ca\/en\/shop\/\"},{\"@type\":\"ListItem\",\"position\":3,\"name\":\"Botte de travail Findlay &#8211; R5205B\"}]},{\"@type\":\"WebSite\",\"@id\":\"https:\/\/autravail.ca\/#website\",\"url\":\"https:\/\/autravail.ca\/\",\"name\":\"Le Magasin Industriel\",\"description\":\"50 ans de tradition de s\u00e9curit\u00e9 au travail\",\"publisher\":{\"@id\":\"https:\/\/autravail.ca\/#organization\"},\"potentialAction\":[{\"@type\":\"SearchAction\",\"target\":{\"@type\":\"EntryPoint\",\"urlTemplate\":\"https:\/\/autravail.ca\/?s={search_term_string}\"},\"query-input\":{\"@type\":\"PropertyValueSpecification\",\"valueRequired\":true,\"valueName\":\"search_term_string\"}}],\"inLanguage\":\"en-CA\"},{\"@type\":\"Organization\",\"@id\":\"https:\/\/autravail.ca\/#organization\",\"name\":\"Le Magasin Industriel\",\"url\":\"https:\/\/autravail.ca\/\",\"logo\":{\"@type\":\"ImageObject\",\"inLanguage\":\"en-CA\",\"@id\":\"https:\/\/autravail.ca\/#\/schema\/logo\/image\/\",\"url\":\"https:\/\/autravail.ca\/wp-content\/uploads\/2025\/05\/cropped-magasin_industriel_120x.avif\",\"contentUrl\":\"https:\/\/autravail.ca\/wp-content\/uploads\/2025\/05\/cropped-magasin_industriel_120x.avif\",\"width\":120,\"height\":24,\"caption\":\"Le Magasin Industriel\"},\"image\":{\"@id\":\"https:\/\/autravail.ca\/#\/schema\/logo\/image\/\"},\"sameAs\":[\"https:\/\/www.facebook.com\/lemagasinindustriel\/?locale=fr_FR\"]}]}<\/script>\n<!-- \/ Yoast SEO plugin. -->","yoast_head_json":{"title":"Botte de travail Findlay - R5205B - Le Magasin Industriel","description":"Botte de travail Findlay - R5205B de 15 cm offre une protection compl\u00e8te, tout en privil\u00e9giant la flexibilit\u00e9 et l'amplitude des mouvements","robots":{"index":"index","follow":"follow","max-snippet":"max-snippet:-1","max-image-preview":"max-image-preview:large","max-video-preview":"max-video-preview:-1"},"canonical":"https:\/\/autravail.ca\/en\/product\/botte-de-travail-findlay-r5205b\/","og_locale":"en_US","og_type":"article","og_title":"Botte de travail Findlay - R5205B - Le Magasin Industriel","og_description":"Botte de travail Findlay - R5205B de 15 cm offre une protection compl\u00e8te, tout en privil\u00e9giant la flexibilit\u00e9 et l'amplitude des mouvements","og_url":"https:\/\/autravail.ca\/en\/product\/botte-de-travail-findlay-r5205b\/","og_site_name":"Le Magasin Industriel","article_publisher":"https:\/\/www.facebook.com\/lemagasinindustriel\/?locale=fr_FR","article_modified_time":"2026-03-31T17:08:21+00:00","og_image":[{"width":1000,"height":1000,"url":"https:\/\/autravail.ca\/wp-content\/uploads\/2025\/05\/R5205B_A01_a8e73e5b-33be-445e-b880-e16f775c9074.jpg","type":"image\/jpeg"}],"twitter_card":"summary_large_image","twitter_misc":{"Est. reading time":"2 minutes"},"schema":{"@context":"https:\/\/schema.org","@graph":[{"@type":"WebPage","@id":"https:\/\/autravail.ca\/product\/botte-de-travail-findlay-r5205b\/","url":"https:\/\/autravail.ca\/product\/botte-de-travail-findlay-r5205b\/","name":"Botte de travail Findlay - R5205B - Le Magasin Industriel","isPartOf":{"@id":"https:\/\/autravail.ca\/#website"},"primaryImageOfPage":{"@id":"https:\/\/autravail.ca\/product\/botte-de-travail-findlay-r5205b\/#primaryimage"},"image":{"@id":"https:\/\/autravail.ca\/product\/botte-de-travail-findlay-r5205b\/#primaryimage"},"thumbnailUrl":"https:\/\/autravail.ca\/wp-content\/uploads\/2025\/05\/R5205B_A01_a8e73e5b-33be-445e-b880-e16f775c9074.jpg","datePublished":"2025-05-08T07:50:20+00:00","dateModified":"2026-03-31T17:08:21+00:00","description":"Botte de travail Findlay - R5205B de 15 cm offre une protection compl\u00e8te, tout en privil\u00e9giant la flexibilit\u00e9 et l'amplitude des mouvements","breadcrumb":{"@id":"https:\/\/autravail.ca\/product\/botte-de-travail-findlay-r5205b\/#breadcrumb"},"inLanguage":"en-CA","potentialAction":[{"@type":"ReadAction","target":["https:\/\/autravail.ca\/product\/botte-de-travail-findlay-r5205b\/"]}]},{"@type":"ImageObject","inLanguage":"en-CA","@id":"https:\/\/autravail.ca\/product\/botte-de-travail-findlay-r5205b\/#primaryimage","url":"https:\/\/autravail.ca\/wp-content\/uploads\/2025\/05\/R5205B_A01_a8e73e5b-33be-445e-b880-e16f775c9074.jpg","contentUrl":"https:\/\/autravail.ca\/wp-content\/uploads\/2025\/05\/R5205B_A01_a8e73e5b-33be-445e-b880-e16f775c9074.jpg","width":1000,"height":1000,"caption":"Botte de travail Findlay - R5205B"},{"@type":"BreadcrumbList","@id":"https:\/\/autravail.ca\/product\/botte-de-travail-findlay-r5205b\/#breadcrumb","itemListElement":[{"@type":"ListItem","position":1,"name":"Accueil","item":"https:\/\/autravail.ca\/"},{"@type":"ListItem","position":2,"name":"Magasin","item":"https:\/\/autravail.ca\/en\/shop\/"},{"@type":"ListItem","position":3,"name":"Botte de travail Findlay &#8211; R5205B"}]},{"@type":"WebSite","@id":"https:\/\/autravail.ca\/#website","url":"https:\/\/autravail.ca\/","name":"Le Magasin Industriel","description":"50 ans de tradition de s\u00e9curit\u00e9 au travail","publisher":{"@id":"https:\/\/autravail.ca\/#organization"},"potentialAction":[{"@type":"SearchAction","target":{"@type":"EntryPoint","urlTemplate":"https:\/\/autravail.ca\/?s={search_term_string}"},"query-input":{"@type":"PropertyValueSpecification","valueRequired":true,"valueName":"search_term_string"}}],"inLanguage":"en-CA"},{"@type":"Organization","@id":"https:\/\/autravail.ca\/#organization","name":"Le Magasin Industriel","url":"https:\/\/autravail.ca\/","logo":{"@type":"ImageObject","inLanguage":"en-CA","@id":"https:\/\/autravail.ca\/#\/schema\/logo\/image\/","url":"https:\/\/autravail.ca\/wp-content\/uploads\/2025\/05\/cropped-magasin_industriel_120x.avif","contentUrl":"https:\/\/autravail.ca\/wp-content\/uploads\/2025\/05\/cropped-magasin_industriel_120x.avif","width":120,"height":24,"caption":"Le Magasin Industriel"},"image":{"@id":"https:\/\/autravail.ca\/#\/schema\/logo\/image\/"},"sameAs":["https:\/\/www.facebook.com\/lemagasinindustriel\/?locale=fr_FR"]}]}},"jetpack_sharing_enabled":true,"_links":{"self":[{"href":"https:\/\/autravail.ca\/en\/wp-json\/wp\/v2\/product\/36179","targetHints":{"allow":["GET"]}}],"collection":[{"href":"https:\/\/autravail.ca\/en\/wp-json\/wp\/v2\/product"}],"about":[{"href":"https:\/\/autravail.ca\/en\/wp-json\/wp\/v2\/types\/product"}],"replies":[{"embeddable":true,"href":"https:\/\/autravail.ca\/en\/wp-json\/wp\/v2\/comments?post=36179"}],"wp:featuredmedia":[{"embeddable":true,"href":"https:\/\/autravail.ca\/en\/wp-json\/wp\/v2\/media\/21897"}],"wp:attachment":[{"href":"https:\/\/autravail.ca\/en\/wp-json\/wp\/v2\/media?parent=36179"}],"wp:term":[{"taxonomy":"product_cat","embeddable":true,"href":"https:\/\/autravail.ca\/en\/wp-json\/wp\/v2\/product_cat?post=36179"},{"taxonomy":"product_tag","embeddable":true,"href":"https:\/\/autravail.ca\/en\/wp-json\/wp\/v2\/product_tag?post=36179"}],"curies":[{"name":"wp","href":"https:\/\/api.w.org\/{rel}","templated":true}]}}