{"id":36164,"date":"2025-05-08T07:49:56","date_gmt":"2025-05-08T07:49:56","guid":{"rendered":"https:\/\/meteoquebec.ca\/?post_type=product&#038;p=36164"},"modified":"2026-04-01T14:03:11","modified_gmt":"2026-04-01T18:03:11","slug":"soulier-de-travail-quicktrail-835dbk","status":"publish","type":"product","link":"https:\/\/autravail.ca\/en\/product\/soulier-de-travail-quicktrail-835dbk\/","title":{"rendered":"Soulier de travail Quicktrail &#8211; 835DBK"},"content":{"rendered":"<h3>Soulier de travail Quicktrail &#8211; 835DBK<\/h3>\n<p>Soulier de travail Quicktrail &#8211; 835DBK de <a href=\"https:\/\/autravail.ca\/en\/product-brand\/kodiak\/\">Kodiak<\/a>. Offrant un \u00e9quilibre parfait entre respirabilit\u00e9 et durabilit\u00e9, le col en nylon r\u00e9sistant \u00e0 l&rsquo;abrasion est associ\u00e9 \u00e0 du daim et renforc\u00e9 par des protections anti-\u00e9raflures au talon et aux orteils. La semelle int\u00e9rieure Comfortzone\u00ae LITE avec mousse OrthoLite\u00ae et la semelle interm\u00e9diaire en EVA double densit\u00e9 sont moul\u00e9es pour \u00e9pouser la forme du pied et offrir un confort optimal. M\u00eame en position accroupie, la semelle ext\u00e9rieure en caoutchouc crant\u00e9, antid\u00e9rapante et non marquante, est dot\u00e9e de zones de flexion pour un confort durable.<\/p>\n<p><img decoding=\"async\" class=\"alignnone size-full wp-image-44373\" src=\"https:\/\/autravail.ca\/wp-content\/uploads\/2025\/05\/logo-CSA-SD-1.jpg\" alt=\"\" width=\"300\" height=\"87\" srcset=\"https:\/\/autravail.ca\/wp-content\/uploads\/2025\/05\/logo-CSA-SD-1.jpg 300w, https:\/\/autravail.ca\/wp-content\/uploads\/2025\/05\/logo-CSA-SD-1-150x44.jpg 150w, https:\/\/autravail.ca\/wp-content\/uploads\/2025\/05\/logo-CSA-SD-1-18x5.jpg 18w\" sizes=\"(max-width: 300px) 100vw, 300px\" \/><\/p>\n<h6>Characteristics:<\/h6>\n<ul class=\"mb-0 styled-list product-features\">\n<li><span dir=\"auto\"><span dir=\"auto\">Tige en cuir pleine fleur, daim et textile 100 % plastique recycl\u00e9<\/span><\/span><\/li>\n<li><span dir=\"auto\"><span dir=\"auto\">Protection des orteils et du talon r\u00e9sistante \u00e0 l&rsquo;abrasion<\/span><\/span><\/li>\n<li><span dir=\"auto\"><span dir=\"auto\">Col et languette rembourr\u00e9s et \u00e9chancr\u00e9s de style athl\u00e9tique avec passe-lacets<\/span><\/span><\/li>\n<li><span dir=\"auto\"><span dir=\"auto\">Technologie ROCKFIBRE\u00ae sans m\u00e9tal<\/span><\/span><\/li>\n<li><span dir=\"auto\"><span dir=\"auto\">Technologie de contr\u00f4le des odeurs KODIAK\u00ae SOS Smell Out Science\u00ae<\/span><\/span><\/li>\n<li><span dir=\"auto\"><span dir=\"auto\">dentelle 100% plastique recycl\u00e9<\/span><\/span><\/li>\n<li><span dir=\"auto\"><span dir=\"auto\">Semelle int\u00e9rieure Comfortzone\u00ae LITE fabriqu\u00e9e avec le compos\u00e9 OrthoLite\u00ae Hybrid\u2122<\/span><\/span><\/li>\n<li><span dir=\"auto\"><span dir=\"auto\">Semelle interm\u00e9diaire en EVA sculpt\u00e9e \u00e0 double densit\u00e9, offrant soutien et amorti.<\/span><\/span><\/li>\n<li><span dir=\"auto\"><span dir=\"auto\">Semelle ext\u00e9rieure en caoutchouc \u00e0 crampons non marquante et antid\u00e9rapante avec zones de flexion<\/span><\/span><\/li>\n<li><span dir=\"auto\"><span dir=\"auto\">Orteil en nano-composite homologu\u00e9 CSA, plaque composite, SD+<\/span><\/span><\/li>\n<li><span dir=\"auto\"><span dir=\"auto\">Poids : 551 grammes \/ 1,21 livres par chaussure de pointure 9<\/span><\/span><\/li>\n<\/ul>\n<p><em><span style=\"color: #fa0b0b;\">Unisex U.S. men's sizes presented. To convert to U.S. women's size, add 2 sizes. Example: 5 U.S. men = 7 U.S. women<\/span><\/em><\/p>\n<p><img decoding=\"async\" class=\"alignnone wp-image-40620\" src=\"https:\/\/autravail.ca\/wp-content\/uploads\/2025\/09\/Jachete-quebec-et-canada.jpg\" alt=\"Logo de l'achat local\" width=\"162\" height=\"139\" \/>Merci d&rsquo;encourager une entreprise 100% d&rsquo;ici!<\/p>\n<p>TS2604H<\/p>\n<p>&nbsp;<\/p>","protected":false},"excerpt":{"rendered":"<p>Soulier de travail Quicktrail &#8211; 835DBK Soulier de travail Quicktrail &#8211; 835DBK de Kodiak. Offrant un \u00e9quilibre parfait entre respirabilit\u00e9 et durabilit\u00e9, le col en nylon r\u00e9sistant \u00e0 l&rsquo;abrasion est associ\u00e9 \u00e0 du daim et renforc\u00e9 par des protections anti-\u00e9raflures au talon et aux orteils. La semelle int\u00e9rieure Comfortzone\u00ae LITE avec mousse OrthoLite\u00ae et la [&hellip;]<\/p>","protected":false},"featured_media":21879,"comment_status":"open","ping_status":"closed","template":"","meta":[],"product_cat":[645,808,602],"product_tag":[252,270,242,253,283],"class_list":{"0":"post-36164","1":"product","2":"type-product","3":"status-publish","4":"has-post-thumbnail","6":"product_brand-kodiak","7":"product_cat-espadrilles-de-travail","8":"product_cat-espadrilles-de-travail-homme","9":"product_cat-hommes","10":"product_tag-electric-shock-resistant","11":"product_tag-espadrilles-de-travail","12":"product_tag-homme","13":"product_tag-sole-protection","14":"product_tag-static-dissipative","16":"first","17":"instock","18":"taxable","19":"shipping-taxable","20":"purchasable","21":"product-type-variable"},"yoast_head":"<!-- This site is optimized with the Yoast SEO plugin v25.3.1 - https:\/\/yoast.com\/wordpress\/plugins\/seo\/ -->\n<title>Soulier de travail Quicktrail - 835DBK - Le Magasin Industriel<\/title>\n<meta name=\"description\" content=\"Soulier de travail Quicktrail - 835DBK sans m\u00e9tal, l\u00e9g\u00e8re et protectrice, elle est dot\u00e9e d&#039;un embout de s\u00e9curit\u00e9 en nanocomposite\" \/>\n<meta name=\"robots\" content=\"index, follow, max-snippet:-1, max-image-preview:large, max-video-preview:-1\" \/>\n<link rel=\"canonical\" href=\"https:\/\/autravail.ca\/en\/product\/soulier-de-travail-quicktrail-835dbk\/\" \/>\n<meta property=\"og:locale\" content=\"en_US\" \/>\n<meta property=\"og:type\" content=\"article\" \/>\n<meta property=\"og:title\" content=\"Soulier de travail Quicktrail - 835DBK - Le Magasin Industriel\" \/>\n<meta property=\"og:description\" content=\"Soulier de travail Quicktrail - 835DBK sans m\u00e9tal, l\u00e9g\u00e8re et protectrice, elle est dot\u00e9e d&#039;un embout de s\u00e9curit\u00e9 en nanocomposite\" \/>\n<meta property=\"og:url\" content=\"https:\/\/autravail.ca\/en\/product\/soulier-de-travail-quicktrail-835dbk\/\" \/>\n<meta property=\"og:site_name\" content=\"Le Magasin Industriel\" \/>\n<meta property=\"article:publisher\" content=\"https:\/\/www.facebook.com\/lemagasinindustriel\/?locale=fr_FR\" \/>\n<meta property=\"article:modified_time\" content=\"2026-04-01T18:03:11+00:00\" \/>\n<meta property=\"og:image\" content=\"https:\/\/autravail.ca\/wp-content\/uploads\/2025\/05\/835DBK_A01_2bebf01c-5506-4382-aedc-82a6a293d03c.jpg\" \/>\n\t<meta property=\"og:image:width\" content=\"1000\" \/>\n\t<meta property=\"og:image:height\" content=\"1000\" \/>\n\t<meta property=\"og:image:type\" content=\"image\/jpeg\" \/>\n<meta name=\"twitter:card\" content=\"summary_large_image\" \/>\n<meta name=\"twitter:label1\" content=\"Est. reading time\" \/>\n\t<meta name=\"twitter:data1\" content=\"2 minutes\" \/>\n<script type=\"application\/ld+json\" class=\"yoast-schema-graph\">{\"@context\":\"https:\/\/schema.org\",\"@graph\":[{\"@type\":\"WebPage\",\"@id\":\"https:\/\/autravail.ca\/product\/soulier-de-travail-quicktrail-835dbk\/\",\"url\":\"https:\/\/autravail.ca\/product\/soulier-de-travail-quicktrail-835dbk\/\",\"name\":\"Soulier de travail Quicktrail - 835DBK - Le Magasin Industriel\",\"isPartOf\":{\"@id\":\"https:\/\/autravail.ca\/#website\"},\"primaryImageOfPage\":{\"@id\":\"https:\/\/autravail.ca\/product\/soulier-de-travail-quicktrail-835dbk\/#primaryimage\"},\"image\":{\"@id\":\"https:\/\/autravail.ca\/product\/soulier-de-travail-quicktrail-835dbk\/#primaryimage\"},\"thumbnailUrl\":\"https:\/\/autravail.ca\/wp-content\/uploads\/2025\/05\/835DBK_A01_2bebf01c-5506-4382-aedc-82a6a293d03c.jpg\",\"datePublished\":\"2025-05-08T07:49:56+00:00\",\"dateModified\":\"2026-04-01T18:03:11+00:00\",\"description\":\"Soulier de travail Quicktrail - 835DBK sans m\u00e9tal, l\u00e9g\u00e8re et protectrice, elle est dot\u00e9e d'un embout de s\u00e9curit\u00e9 en nanocomposite\",\"breadcrumb\":{\"@id\":\"https:\/\/autravail.ca\/product\/soulier-de-travail-quicktrail-835dbk\/#breadcrumb\"},\"inLanguage\":\"en-CA\",\"potentialAction\":[{\"@type\":\"ReadAction\",\"target\":[\"https:\/\/autravail.ca\/product\/soulier-de-travail-quicktrail-835dbk\/\"]}]},{\"@type\":\"ImageObject\",\"inLanguage\":\"en-CA\",\"@id\":\"https:\/\/autravail.ca\/product\/soulier-de-travail-quicktrail-835dbk\/#primaryimage\",\"url\":\"https:\/\/autravail.ca\/wp-content\/uploads\/2025\/05\/835DBK_A01_2bebf01c-5506-4382-aedc-82a6a293d03c.jpg\",\"contentUrl\":\"https:\/\/autravail.ca\/wp-content\/uploads\/2025\/05\/835DBK_A01_2bebf01c-5506-4382-aedc-82a6a293d03c.jpg\",\"width\":1000,\"height\":1000,\"caption\":\"Soulier de travail Quicktrail - 835DBK\"},{\"@type\":\"BreadcrumbList\",\"@id\":\"https:\/\/autravail.ca\/product\/soulier-de-travail-quicktrail-835dbk\/#breadcrumb\",\"itemListElement\":[{\"@type\":\"ListItem\",\"position\":1,\"name\":\"Accueil\",\"item\":\"https:\/\/autravail.ca\/\"},{\"@type\":\"ListItem\",\"position\":2,\"name\":\"Magasin\",\"item\":\"https:\/\/autravail.ca\/en\/shop\/\"},{\"@type\":\"ListItem\",\"position\":3,\"name\":\"Soulier de travail Quicktrail &#8211; 835DBK\"}]},{\"@type\":\"WebSite\",\"@id\":\"https:\/\/autravail.ca\/#website\",\"url\":\"https:\/\/autravail.ca\/\",\"name\":\"Le Magasin Industriel\",\"description\":\"50 ans de tradition de s\u00e9curit\u00e9 au travail\",\"publisher\":{\"@id\":\"https:\/\/autravail.ca\/#organization\"},\"potentialAction\":[{\"@type\":\"SearchAction\",\"target\":{\"@type\":\"EntryPoint\",\"urlTemplate\":\"https:\/\/autravail.ca\/?s={search_term_string}\"},\"query-input\":{\"@type\":\"PropertyValueSpecification\",\"valueRequired\":true,\"valueName\":\"search_term_string\"}}],\"inLanguage\":\"en-CA\"},{\"@type\":\"Organization\",\"@id\":\"https:\/\/autravail.ca\/#organization\",\"name\":\"Le Magasin Industriel\",\"url\":\"https:\/\/autravail.ca\/\",\"logo\":{\"@type\":\"ImageObject\",\"inLanguage\":\"en-CA\",\"@id\":\"https:\/\/autravail.ca\/#\/schema\/logo\/image\/\",\"url\":\"https:\/\/autravail.ca\/wp-content\/uploads\/2025\/05\/cropped-magasin_industriel_120x.avif\",\"contentUrl\":\"https:\/\/autravail.ca\/wp-content\/uploads\/2025\/05\/cropped-magasin_industriel_120x.avif\",\"width\":120,\"height\":24,\"caption\":\"Le Magasin Industriel\"},\"image\":{\"@id\":\"https:\/\/autravail.ca\/#\/schema\/logo\/image\/\"},\"sameAs\":[\"https:\/\/www.facebook.com\/lemagasinindustriel\/?locale=fr_FR\"]}]}<\/script>\n<!-- \/ Yoast SEO plugin. -->","yoast_head_json":{"title":"Soulier de travail Quicktrail - 835DBK - Le Magasin Industriel","description":"Soulier de travail Quicktrail - 835DBK sans m\u00e9tal, l\u00e9g\u00e8re et protectrice, elle est dot\u00e9e d'un embout de s\u00e9curit\u00e9 en nanocomposite","robots":{"index":"index","follow":"follow","max-snippet":"max-snippet:-1","max-image-preview":"max-image-preview:large","max-video-preview":"max-video-preview:-1"},"canonical":"https:\/\/autravail.ca\/en\/product\/soulier-de-travail-quicktrail-835dbk\/","og_locale":"en_US","og_type":"article","og_title":"Soulier de travail Quicktrail - 835DBK - Le Magasin Industriel","og_description":"Soulier de travail Quicktrail - 835DBK sans m\u00e9tal, l\u00e9g\u00e8re et protectrice, elle est dot\u00e9e d'un embout de s\u00e9curit\u00e9 en nanocomposite","og_url":"https:\/\/autravail.ca\/en\/product\/soulier-de-travail-quicktrail-835dbk\/","og_site_name":"Le Magasin Industriel","article_publisher":"https:\/\/www.facebook.com\/lemagasinindustriel\/?locale=fr_FR","article_modified_time":"2026-04-01T18:03:11+00:00","og_image":[{"width":1000,"height":1000,"url":"https:\/\/autravail.ca\/wp-content\/uploads\/2025\/05\/835DBK_A01_2bebf01c-5506-4382-aedc-82a6a293d03c.jpg","type":"image\/jpeg"}],"twitter_card":"summary_large_image","twitter_misc":{"Est. reading time":"2 minutes"},"schema":{"@context":"https:\/\/schema.org","@graph":[{"@type":"WebPage","@id":"https:\/\/autravail.ca\/product\/soulier-de-travail-quicktrail-835dbk\/","url":"https:\/\/autravail.ca\/product\/soulier-de-travail-quicktrail-835dbk\/","name":"Soulier de travail Quicktrail - 835DBK - Le Magasin Industriel","isPartOf":{"@id":"https:\/\/autravail.ca\/#website"},"primaryImageOfPage":{"@id":"https:\/\/autravail.ca\/product\/soulier-de-travail-quicktrail-835dbk\/#primaryimage"},"image":{"@id":"https:\/\/autravail.ca\/product\/soulier-de-travail-quicktrail-835dbk\/#primaryimage"},"thumbnailUrl":"https:\/\/autravail.ca\/wp-content\/uploads\/2025\/05\/835DBK_A01_2bebf01c-5506-4382-aedc-82a6a293d03c.jpg","datePublished":"2025-05-08T07:49:56+00:00","dateModified":"2026-04-01T18:03:11+00:00","description":"Soulier de travail Quicktrail - 835DBK sans m\u00e9tal, l\u00e9g\u00e8re et protectrice, elle est dot\u00e9e d'un embout de s\u00e9curit\u00e9 en nanocomposite","breadcrumb":{"@id":"https:\/\/autravail.ca\/product\/soulier-de-travail-quicktrail-835dbk\/#breadcrumb"},"inLanguage":"en-CA","potentialAction":[{"@type":"ReadAction","target":["https:\/\/autravail.ca\/product\/soulier-de-travail-quicktrail-835dbk\/"]}]},{"@type":"ImageObject","inLanguage":"en-CA","@id":"https:\/\/autravail.ca\/product\/soulier-de-travail-quicktrail-835dbk\/#primaryimage","url":"https:\/\/autravail.ca\/wp-content\/uploads\/2025\/05\/835DBK_A01_2bebf01c-5506-4382-aedc-82a6a293d03c.jpg","contentUrl":"https:\/\/autravail.ca\/wp-content\/uploads\/2025\/05\/835DBK_A01_2bebf01c-5506-4382-aedc-82a6a293d03c.jpg","width":1000,"height":1000,"caption":"Soulier de travail Quicktrail - 835DBK"},{"@type":"BreadcrumbList","@id":"https:\/\/autravail.ca\/product\/soulier-de-travail-quicktrail-835dbk\/#breadcrumb","itemListElement":[{"@type":"ListItem","position":1,"name":"Accueil","item":"https:\/\/autravail.ca\/"},{"@type":"ListItem","position":2,"name":"Magasin","item":"https:\/\/autravail.ca\/en\/shop\/"},{"@type":"ListItem","position":3,"name":"Soulier de travail Quicktrail &#8211; 835DBK"}]},{"@type":"WebSite","@id":"https:\/\/autravail.ca\/#website","url":"https:\/\/autravail.ca\/","name":"Le Magasin Industriel","description":"50 ans de tradition de s\u00e9curit\u00e9 au travail","publisher":{"@id":"https:\/\/autravail.ca\/#organization"},"potentialAction":[{"@type":"SearchAction","target":{"@type":"EntryPoint","urlTemplate":"https:\/\/autravail.ca\/?s={search_term_string}"},"query-input":{"@type":"PropertyValueSpecification","valueRequired":true,"valueName":"search_term_string"}}],"inLanguage":"en-CA"},{"@type":"Organization","@id":"https:\/\/autravail.ca\/#organization","name":"Le Magasin Industriel","url":"https:\/\/autravail.ca\/","logo":{"@type":"ImageObject","inLanguage":"en-CA","@id":"https:\/\/autravail.ca\/#\/schema\/logo\/image\/","url":"https:\/\/autravail.ca\/wp-content\/uploads\/2025\/05\/cropped-magasin_industriel_120x.avif","contentUrl":"https:\/\/autravail.ca\/wp-content\/uploads\/2025\/05\/cropped-magasin_industriel_120x.avif","width":120,"height":24,"caption":"Le Magasin Industriel"},"image":{"@id":"https:\/\/autravail.ca\/#\/schema\/logo\/image\/"},"sameAs":["https:\/\/www.facebook.com\/lemagasinindustriel\/?locale=fr_FR"]}]}},"jetpack_sharing_enabled":true,"_links":{"self":[{"href":"https:\/\/autravail.ca\/en\/wp-json\/wp\/v2\/product\/36164","targetHints":{"allow":["GET"]}}],"collection":[{"href":"https:\/\/autravail.ca\/en\/wp-json\/wp\/v2\/product"}],"about":[{"href":"https:\/\/autravail.ca\/en\/wp-json\/wp\/v2\/types\/product"}],"replies":[{"embeddable":true,"href":"https:\/\/autravail.ca\/en\/wp-json\/wp\/v2\/comments?post=36164"}],"wp:featuredmedia":[{"embeddable":true,"href":"https:\/\/autravail.ca\/en\/wp-json\/wp\/v2\/media\/21879"}],"wp:attachment":[{"href":"https:\/\/autravail.ca\/en\/wp-json\/wp\/v2\/media?parent=36164"}],"wp:term":[{"taxonomy":"product_cat","embeddable":true,"href":"https:\/\/autravail.ca\/en\/wp-json\/wp\/v2\/product_cat?post=36164"},{"taxonomy":"product_tag","embeddable":true,"href":"https:\/\/autravail.ca\/en\/wp-json\/wp\/v2\/product_tag?post=36164"}],"curies":[{"name":"wp","href":"https:\/\/api.w.org\/{rel}","templated":true}]}}