{"id":36163,"date":"2025-05-08T07:49:55","date_gmt":"2025-05-08T07:49:55","guid":{"rendered":"https:\/\/meteoquebec.ca\/?post_type=product&#038;p=36163"},"modified":"2026-04-01T13:53:40","modified_gmt":"2026-04-01T17:53:40","slug":"soulier-de-travail-quicktrail-835bin","status":"publish","type":"product","link":"https:\/\/autravail.ca\/en\/product\/soulier-de-travail-quicktrail-835bin\/","title":{"rendered":"Soulier de travail Quicktrail &#8211; 835BIN"},"content":{"rendered":"<h3>Soulier de travail Quicktrail &#8211; 835BIN<\/h3>\n<p>Soulier de travail Quicktrail &#8211; 835BIN de <a href=\"https:\/\/autravail.ca\/en\/product-brand\/kodiak\/\">Kodiak<\/a>. La chaussure Quicktrail Leather Low pour femme, sans m\u00e9tal, offre une durabilit\u00e9 maximale. Son embout de s\u00e9curit\u00e9 en nanocomposite et sa plaque composite anti-perforation en font le choix id\u00e9al pour les environnements industriels exigeants tels que les entrep\u00f4ts et les cha\u00eenes de montage. Le col en nylon r\u00e9sistant \u00e0 l&rsquo;abrasion est associ\u00e9 au daim et renforc\u00e9 par des protections anti-\u00e9raflures au talon et aux orteils pour un \u00e9quilibre optimal entre respirabilit\u00e9 et robustesse. La technologie anti-odeurs KODIAK\u00ae SOS Smell Out Science\u00ae assure une fra\u00eecheur durable \u00e0 l&rsquo;int\u00e9rieur de la chaussure. Pour un confort optimal, la semelle int\u00e9rieure Comfortzone\u00ae LITE avec mousse OrthoLite\u00ae et la semelle interm\u00e9diaire en EVA double densit\u00e9 \u00e9pousent parfaitement la forme du pied. La semelle ext\u00e9rieure en caoutchouc crant\u00e9, antid\u00e9rapante et non marquante, offre une grande flexibilit\u00e9, m\u00eame en position accroupie.<\/p>\n<p><img decoding=\"async\" class=\"alignnone size-full wp-image-44373\" src=\"https:\/\/autravail.ca\/wp-content\/uploads\/2025\/05\/logo-CSA-SD-1.jpg\" alt=\"\" width=\"300\" height=\"87\" srcset=\"https:\/\/autravail.ca\/wp-content\/uploads\/2025\/05\/logo-CSA-SD-1.jpg 300w, https:\/\/autravail.ca\/wp-content\/uploads\/2025\/05\/logo-CSA-SD-1-150x44.jpg 150w, https:\/\/autravail.ca\/wp-content\/uploads\/2025\/05\/logo-CSA-SD-1-18x5.jpg 18w\" sizes=\"(max-width: 300px) 100vw, 300px\" \/><\/p>\n<h6>Characteristics:<\/h6>\n<ul class=\"mb-0 styled-list product-features\">\n<li><span dir=\"auto\"><span dir=\"auto\">Tige en cuir pleine fleur, daim et textile 100 % plastique recycl\u00e9<\/span><\/span><\/li>\n<li><span dir=\"auto\"><span dir=\"auto\">Protection des orteils et du talon r\u00e9sistante \u00e0 l&rsquo;abrasion<\/span><\/span><\/li>\n<li><span dir=\"auto\"><span dir=\"auto\">Col et languette rembourr\u00e9s et \u00e9chancr\u00e9s de style athl\u00e9tique avec passe-lacets<\/span><\/span><\/li>\n<li><span dir=\"auto\"><span dir=\"auto\">Technologie ROCKFIBRE\u00ae sans m\u00e9tal<\/span><\/span><\/li>\n<li><span dir=\"auto\"><span dir=\"auto\">Technologie de contr\u00f4le des odeurs KODIAK\u00ae SOS Smell Out Science\u00ae<\/span><\/span><\/li>\n<li><span dir=\"auto\"><span dir=\"auto\">dentelle 100% plastique recycl\u00e9<\/span><\/span><\/li>\n<li><span dir=\"auto\"><span dir=\"auto\">Semelle int\u00e9rieure Comfortzone\u00ae LITE fabriqu\u00e9e avec le compos\u00e9 OrthoLite\u00ae Hybrid\u2122<\/span><\/span><\/li>\n<li><span dir=\"auto\"><span dir=\"auto\">Semelle interm\u00e9diaire en EVA sculpt\u00e9e \u00e0 double densit\u00e9, offrant soutien et amorti.<\/span><\/span><\/li>\n<li><span dir=\"auto\"><span dir=\"auto\">Semelle ext\u00e9rieure en caoutchouc \u00e0 crampons non marquante et antid\u00e9rapante avec zones de flexion<\/span><\/span><\/li>\n<li><span dir=\"auto\"><span dir=\"auto\">Orteil en nano-composite homologu\u00e9 CSA, plaque composite, SD+<\/span><\/span><\/li>\n<li><span dir=\"auto\"><span dir=\"auto\">Poids : 453 grammes \/ 1,0 lb par chaussure de pointure 7<\/span><\/span><\/li>\n<\/ul>\n<p><img decoding=\"async\" class=\"alignnone wp-image-40620\" src=\"https:\/\/autravail.ca\/wp-content\/uploads\/2025\/09\/Jachete-quebec-et-canada.jpg\" alt=\"Logo de l'achat local\" width=\"162\" height=\"139\" \/>Merci d&rsquo;encourager une entreprise 100% d&rsquo;ici!<\/p>\n<p>TS2604H<\/p>\n<p>&nbsp;<\/p>","protected":false},"excerpt":{"rendered":"<p>Soulier de travail Quicktrail &#8211; 835BIN Soulier de travail Quicktrail &#8211; 835BIN de Kodiak. La chaussure Quicktrail Leather Low pour femme, sans m\u00e9tal, offre une durabilit\u00e9 maximale. Son embout de s\u00e9curit\u00e9 en nanocomposite et sa plaque composite anti-perforation en font le choix id\u00e9al pour les environnements industriels exigeants tels que les entrep\u00f4ts et les cha\u00eenes [&hellip;]<\/p>","protected":false},"featured_media":21859,"comment_status":"open","ping_status":"closed","template":"","meta":[],"product_cat":[804,645,633],"product_tag":[252,270,255,253,283],"class_list":{"0":"post-36163","1":"product","2":"type-product","3":"status-publish","4":"has-post-thumbnail","6":"product_brand-kodiak","7":"product_cat-espadrille-de-travail-femme","8":"product_cat-espadrilles-de-travail","9":"product_cat-femmes","10":"product_tag-electric-shock-resistant","11":"product_tag-espadrilles-de-travail","12":"product_tag-femme","13":"product_tag-sole-protection","14":"product_tag-static-dissipative","16":"first","17":"instock","18":"taxable","19":"shipping-taxable","20":"purchasable","21":"product-type-variable"},"yoast_head":"<!-- This site is optimized with the Yoast SEO plugin v25.3.1 - https:\/\/yoast.com\/wordpress\/plugins\/seo\/ -->\n<title>Soulier de travail Quicktrail - 835BIN - Le Magasin Industriel<\/title>\n<meta name=\"description\" content=\"Soulier de travail Quicktrail - 835BIN, la chaussure Quicktrail Leather Low pour femme, sans m\u00e9tal, offre une durabilit\u00e9 maximale\" \/>\n<meta name=\"robots\" content=\"index, follow, max-snippet:-1, max-image-preview:large, max-video-preview:-1\" \/>\n<link rel=\"canonical\" href=\"https:\/\/autravail.ca\/en\/product\/soulier-de-travail-quicktrail-835bin\/\" \/>\n<meta property=\"og:locale\" content=\"en_US\" \/>\n<meta property=\"og:type\" content=\"article\" \/>\n<meta property=\"og:title\" content=\"Soulier de travail Quicktrail - 835BIN - Le Magasin Industriel\" \/>\n<meta property=\"og:description\" content=\"Soulier de travail Quicktrail - 835BIN, la chaussure Quicktrail Leather Low pour femme, sans m\u00e9tal, offre une durabilit\u00e9 maximale\" \/>\n<meta property=\"og:url\" content=\"https:\/\/autravail.ca\/en\/product\/soulier-de-travail-quicktrail-835bin\/\" \/>\n<meta property=\"og:site_name\" content=\"Le Magasin Industriel\" \/>\n<meta property=\"article:publisher\" content=\"https:\/\/www.facebook.com\/lemagasinindustriel\/?locale=fr_FR\" \/>\n<meta property=\"article:modified_time\" content=\"2026-04-01T17:53:40+00:00\" \/>\n<meta property=\"og:image\" content=\"https:\/\/autravail.ca\/wp-content\/uploads\/2025\/05\/835BIN_A01_5a6c5fa5-ee90-4c99-86f2-133acea359ea.jpg\" \/>\n\t<meta property=\"og:image:width\" content=\"1000\" \/>\n\t<meta property=\"og:image:height\" content=\"1000\" \/>\n\t<meta property=\"og:image:type\" content=\"image\/jpeg\" \/>\n<meta name=\"twitter:card\" content=\"summary_large_image\" \/>\n<meta name=\"twitter:label1\" content=\"Est. reading time\" \/>\n\t<meta name=\"twitter:data1\" content=\"3 minutes\" \/>\n<script type=\"application\/ld+json\" class=\"yoast-schema-graph\">{\"@context\":\"https:\/\/schema.org\",\"@graph\":[{\"@type\":\"WebPage\",\"@id\":\"https:\/\/autravail.ca\/product\/soulier-de-travail-quicktrail-835bin\/\",\"url\":\"https:\/\/autravail.ca\/product\/soulier-de-travail-quicktrail-835bin\/\",\"name\":\"Soulier de travail Quicktrail - 835BIN - Le Magasin Industriel\",\"isPartOf\":{\"@id\":\"https:\/\/autravail.ca\/#website\"},\"primaryImageOfPage\":{\"@id\":\"https:\/\/autravail.ca\/product\/soulier-de-travail-quicktrail-835bin\/#primaryimage\"},\"image\":{\"@id\":\"https:\/\/autravail.ca\/product\/soulier-de-travail-quicktrail-835bin\/#primaryimage\"},\"thumbnailUrl\":\"https:\/\/autravail.ca\/wp-content\/uploads\/2025\/05\/835BIN_A01_5a6c5fa5-ee90-4c99-86f2-133acea359ea.jpg\",\"datePublished\":\"2025-05-08T07:49:55+00:00\",\"dateModified\":\"2026-04-01T17:53:40+00:00\",\"description\":\"Soulier de travail Quicktrail - 835BIN, la chaussure Quicktrail Leather Low pour femme, sans m\u00e9tal, offre une durabilit\u00e9 maximale\",\"breadcrumb\":{\"@id\":\"https:\/\/autravail.ca\/product\/soulier-de-travail-quicktrail-835bin\/#breadcrumb\"},\"inLanguage\":\"en-CA\",\"potentialAction\":[{\"@type\":\"ReadAction\",\"target\":[\"https:\/\/autravail.ca\/product\/soulier-de-travail-quicktrail-835bin\/\"]}]},{\"@type\":\"ImageObject\",\"inLanguage\":\"en-CA\",\"@id\":\"https:\/\/autravail.ca\/product\/soulier-de-travail-quicktrail-835bin\/#primaryimage\",\"url\":\"https:\/\/autravail.ca\/wp-content\/uploads\/2025\/05\/835BIN_A01_5a6c5fa5-ee90-4c99-86f2-133acea359ea.jpg\",\"contentUrl\":\"https:\/\/autravail.ca\/wp-content\/uploads\/2025\/05\/835BIN_A01_5a6c5fa5-ee90-4c99-86f2-133acea359ea.jpg\",\"width\":1000,\"height\":1000,\"caption\":\"Soulier de travail Quicktrail - 835BIN\"},{\"@type\":\"BreadcrumbList\",\"@id\":\"https:\/\/autravail.ca\/product\/soulier-de-travail-quicktrail-835bin\/#breadcrumb\",\"itemListElement\":[{\"@type\":\"ListItem\",\"position\":1,\"name\":\"Accueil\",\"item\":\"https:\/\/autravail.ca\/\"},{\"@type\":\"ListItem\",\"position\":2,\"name\":\"Magasin\",\"item\":\"https:\/\/autravail.ca\/en\/shop\/\"},{\"@type\":\"ListItem\",\"position\":3,\"name\":\"Soulier de travail Quicktrail &#8211; 835BIN\"}]},{\"@type\":\"WebSite\",\"@id\":\"https:\/\/autravail.ca\/#website\",\"url\":\"https:\/\/autravail.ca\/\",\"name\":\"Le Magasin Industriel\",\"description\":\"50 ans de tradition de s\u00e9curit\u00e9 au travail\",\"publisher\":{\"@id\":\"https:\/\/autravail.ca\/#organization\"},\"potentialAction\":[{\"@type\":\"SearchAction\",\"target\":{\"@type\":\"EntryPoint\",\"urlTemplate\":\"https:\/\/autravail.ca\/?s={search_term_string}\"},\"query-input\":{\"@type\":\"PropertyValueSpecification\",\"valueRequired\":true,\"valueName\":\"search_term_string\"}}],\"inLanguage\":\"en-CA\"},{\"@type\":\"Organization\",\"@id\":\"https:\/\/autravail.ca\/#organization\",\"name\":\"Le Magasin Industriel\",\"url\":\"https:\/\/autravail.ca\/\",\"logo\":{\"@type\":\"ImageObject\",\"inLanguage\":\"en-CA\",\"@id\":\"https:\/\/autravail.ca\/#\/schema\/logo\/image\/\",\"url\":\"https:\/\/autravail.ca\/wp-content\/uploads\/2025\/05\/cropped-magasin_industriel_120x.avif\",\"contentUrl\":\"https:\/\/autravail.ca\/wp-content\/uploads\/2025\/05\/cropped-magasin_industriel_120x.avif\",\"width\":120,\"height\":24,\"caption\":\"Le Magasin Industriel\"},\"image\":{\"@id\":\"https:\/\/autravail.ca\/#\/schema\/logo\/image\/\"},\"sameAs\":[\"https:\/\/www.facebook.com\/lemagasinindustriel\/?locale=fr_FR\"]}]}<\/script>\n<!-- \/ Yoast SEO plugin. -->","yoast_head_json":{"title":"Soulier de travail Quicktrail - 835BIN - Le Magasin Industriel","description":"Soulier de travail Quicktrail - 835BIN, la chaussure Quicktrail Leather Low pour femme, sans m\u00e9tal, offre une durabilit\u00e9 maximale","robots":{"index":"index","follow":"follow","max-snippet":"max-snippet:-1","max-image-preview":"max-image-preview:large","max-video-preview":"max-video-preview:-1"},"canonical":"https:\/\/autravail.ca\/en\/product\/soulier-de-travail-quicktrail-835bin\/","og_locale":"en_US","og_type":"article","og_title":"Soulier de travail Quicktrail - 835BIN - Le Magasin Industriel","og_description":"Soulier de travail Quicktrail - 835BIN, la chaussure Quicktrail Leather Low pour femme, sans m\u00e9tal, offre une durabilit\u00e9 maximale","og_url":"https:\/\/autravail.ca\/en\/product\/soulier-de-travail-quicktrail-835bin\/","og_site_name":"Le Magasin Industriel","article_publisher":"https:\/\/www.facebook.com\/lemagasinindustriel\/?locale=fr_FR","article_modified_time":"2026-04-01T17:53:40+00:00","og_image":[{"width":1000,"height":1000,"url":"https:\/\/autravail.ca\/wp-content\/uploads\/2025\/05\/835BIN_A01_5a6c5fa5-ee90-4c99-86f2-133acea359ea.jpg","type":"image\/jpeg"}],"twitter_card":"summary_large_image","twitter_misc":{"Est. reading time":"3 minutes"},"schema":{"@context":"https:\/\/schema.org","@graph":[{"@type":"WebPage","@id":"https:\/\/autravail.ca\/product\/soulier-de-travail-quicktrail-835bin\/","url":"https:\/\/autravail.ca\/product\/soulier-de-travail-quicktrail-835bin\/","name":"Soulier de travail Quicktrail - 835BIN - Le Magasin Industriel","isPartOf":{"@id":"https:\/\/autravail.ca\/#website"},"primaryImageOfPage":{"@id":"https:\/\/autravail.ca\/product\/soulier-de-travail-quicktrail-835bin\/#primaryimage"},"image":{"@id":"https:\/\/autravail.ca\/product\/soulier-de-travail-quicktrail-835bin\/#primaryimage"},"thumbnailUrl":"https:\/\/autravail.ca\/wp-content\/uploads\/2025\/05\/835BIN_A01_5a6c5fa5-ee90-4c99-86f2-133acea359ea.jpg","datePublished":"2025-05-08T07:49:55+00:00","dateModified":"2026-04-01T17:53:40+00:00","description":"Soulier de travail Quicktrail - 835BIN, la chaussure Quicktrail Leather Low pour femme, sans m\u00e9tal, offre une durabilit\u00e9 maximale","breadcrumb":{"@id":"https:\/\/autravail.ca\/product\/soulier-de-travail-quicktrail-835bin\/#breadcrumb"},"inLanguage":"en-CA","potentialAction":[{"@type":"ReadAction","target":["https:\/\/autravail.ca\/product\/soulier-de-travail-quicktrail-835bin\/"]}]},{"@type":"ImageObject","inLanguage":"en-CA","@id":"https:\/\/autravail.ca\/product\/soulier-de-travail-quicktrail-835bin\/#primaryimage","url":"https:\/\/autravail.ca\/wp-content\/uploads\/2025\/05\/835BIN_A01_5a6c5fa5-ee90-4c99-86f2-133acea359ea.jpg","contentUrl":"https:\/\/autravail.ca\/wp-content\/uploads\/2025\/05\/835BIN_A01_5a6c5fa5-ee90-4c99-86f2-133acea359ea.jpg","width":1000,"height":1000,"caption":"Soulier de travail Quicktrail - 835BIN"},{"@type":"BreadcrumbList","@id":"https:\/\/autravail.ca\/product\/soulier-de-travail-quicktrail-835bin\/#breadcrumb","itemListElement":[{"@type":"ListItem","position":1,"name":"Accueil","item":"https:\/\/autravail.ca\/"},{"@type":"ListItem","position":2,"name":"Magasin","item":"https:\/\/autravail.ca\/en\/shop\/"},{"@type":"ListItem","position":3,"name":"Soulier de travail Quicktrail &#8211; 835BIN"}]},{"@type":"WebSite","@id":"https:\/\/autravail.ca\/#website","url":"https:\/\/autravail.ca\/","name":"Le Magasin Industriel","description":"50 ans de tradition de s\u00e9curit\u00e9 au travail","publisher":{"@id":"https:\/\/autravail.ca\/#organization"},"potentialAction":[{"@type":"SearchAction","target":{"@type":"EntryPoint","urlTemplate":"https:\/\/autravail.ca\/?s={search_term_string}"},"query-input":{"@type":"PropertyValueSpecification","valueRequired":true,"valueName":"search_term_string"}}],"inLanguage":"en-CA"},{"@type":"Organization","@id":"https:\/\/autravail.ca\/#organization","name":"Le Magasin Industriel","url":"https:\/\/autravail.ca\/","logo":{"@type":"ImageObject","inLanguage":"en-CA","@id":"https:\/\/autravail.ca\/#\/schema\/logo\/image\/","url":"https:\/\/autravail.ca\/wp-content\/uploads\/2025\/05\/cropped-magasin_industriel_120x.avif","contentUrl":"https:\/\/autravail.ca\/wp-content\/uploads\/2025\/05\/cropped-magasin_industriel_120x.avif","width":120,"height":24,"caption":"Le Magasin Industriel"},"image":{"@id":"https:\/\/autravail.ca\/#\/schema\/logo\/image\/"},"sameAs":["https:\/\/www.facebook.com\/lemagasinindustriel\/?locale=fr_FR"]}]}},"jetpack_sharing_enabled":true,"_links":{"self":[{"href":"https:\/\/autravail.ca\/en\/wp-json\/wp\/v2\/product\/36163","targetHints":{"allow":["GET"]}}],"collection":[{"href":"https:\/\/autravail.ca\/en\/wp-json\/wp\/v2\/product"}],"about":[{"href":"https:\/\/autravail.ca\/en\/wp-json\/wp\/v2\/types\/product"}],"replies":[{"embeddable":true,"href":"https:\/\/autravail.ca\/en\/wp-json\/wp\/v2\/comments?post=36163"}],"wp:featuredmedia":[{"embeddable":true,"href":"https:\/\/autravail.ca\/en\/wp-json\/wp\/v2\/media\/21859"}],"wp:attachment":[{"href":"https:\/\/autravail.ca\/en\/wp-json\/wp\/v2\/media?parent=36163"}],"wp:term":[{"taxonomy":"product_cat","embeddable":true,"href":"https:\/\/autravail.ca\/en\/wp-json\/wp\/v2\/product_cat?post=36163"},{"taxonomy":"product_tag","embeddable":true,"href":"https:\/\/autravail.ca\/en\/wp-json\/wp\/v2\/product_tag?post=36163"}],"curies":[{"name":"wp","href":"https:\/\/api.w.org\/{rel}","templated":true}]}}