{"id":36162,"date":"2025-05-08T07:49:55","date_gmt":"2025-05-08T07:49:55","guid":{"rendered":"https:\/\/meteoquebec.ca\/?post_type=product&#038;p=36162"},"modified":"2026-04-01T13:33:34","modified_gmt":"2026-04-01T17:33:34","slug":"soulier-de-travail-quest-bound-4tf3co","status":"publish","type":"product","link":"https:\/\/autravail.ca\/en\/product\/soulier-de-travail-quest-bound-4tf3co\/","title":{"rendered":"Soulier de travail Quest Bound &#8211; 4TF3CO"},"content":{"rendered":"<h3>Soulier de travail Quest Bound &#8211; 4TF3CO<\/h3>\n<p>Soulier de travail Quest Bound &#8211; 4TF3CO de <a href=\"https:\/\/autravail.ca\/en\/product-brand\/kodiak\/\">Kodiak<\/a>. Inspir\u00e9e des chaussures de randonn\u00e9e et con\u00e7ue pour une performance optimale au travail, notre chaussure de s\u00e9curit\u00e9 imperm\u00e9able offre agilit\u00e9, confort et une protection s\u00e9rieuse, combinant une semelle ext\u00e9rieure en caoutchouc Vibram\u00ae TC4+ adh\u00e9rente, un embout composite et une plaque composite pour maximiser la performance et la s\u00e9curit\u00e9 tout en minimisant le poids.<\/p>\n<p><img decoding=\"async\" class=\"alignnone size-full wp-image-40117\" src=\"https:\/\/autravail.ca\/wp-content\/uploads\/2025\/09\/Certification-Omega-Triangle-vert.jpg\" alt=\"Certifications Om\u00e9ga Triangle vert\" width=\"193\" height=\"110\" srcset=\"https:\/\/autravail.ca\/wp-content\/uploads\/2025\/09\/Certification-Omega-Triangle-vert.jpg 193w, https:\/\/autravail.ca\/wp-content\/uploads\/2025\/09\/Certification-Omega-Triangle-vert-150x85.jpg 150w, https:\/\/autravail.ca\/wp-content\/uploads\/2025\/09\/Certification-Omega-Triangle-vert-18x10.jpg 18w\" sizes=\"(max-width: 193px) 100vw, 193px\" \/><\/p>\n<h6>Characteristics:<\/h6>\n<ul class=\"mb-0 styled-list product-features\">\n<li><span dir=\"auto\"><span dir=\"auto\">Tige en cuir pleine fleur robuste et imperm\u00e9able<\/span><\/span><\/li>\n<li><span dir=\"auto\"><span dir=\"auto\">Membrane imperm\u00e9able, respirante et \u00e0 coutures \u00e9tanches<\/span><\/span><\/li>\n<li><span dir=\"auto\"><span dir=\"auto\">Protection des orteils moul\u00e9e en TPU pour une durabilit\u00e9 accrue<\/span><\/span><\/li>\n<li><span dir=\"auto\"><span dir=\"auto\">Technologie de contr\u00f4le des odeurs KODIAK\u00ae SOS Smell Out Science\u00ae<\/span><\/span><\/li>\n<li><span dir=\"auto\"><span dir=\"auto\">Semelle int\u00e9rieure Comfortzone\u2122 avec mousse de confort OrthoLite\u00ae<\/span><\/span><\/li>\n<li><span dir=\"auto\"><span dir=\"auto\">La semelle interm\u00e9diaire en EVA moul\u00e9e par compression offre un amorti optimal.<\/span><\/span><\/li>\n<li><span dir=\"auto\"><span dir=\"auto\">Semelle ext\u00e9rieure en caoutchouc Vibram\u00ae TC4 r\u00e9sistant \u00e0 l&rsquo;huile, \u00e0 la chaleur et antid\u00e9rapant<\/span><\/span><\/li>\n<li><span dir=\"auto\"><span dir=\"auto\">Embout de s\u00e9curit\u00e9 en\u00a0<strong class=\"Yjhzub\" data-sfc-root=\"c\" data-sfc-cb=\"\" data-complete=\"true\">composite<\/strong>\u00a0et d&rsquo;une plaque de protection en composite (sans m\u00e9tal), ce qui la rend plus l\u00e9g\u00e8re que les mod\u00e8les avec de l&rsquo;acier<\/span><\/span><\/li>\n<li><span dir=\"auto\"><span dir=\"auto\">Poids : 656 grammes \/ 1,45 lb (bas\u00e9 sur une pointure 9 pour homme)<\/span><\/span><\/li>\n<\/ul>\n<p><em><span style=\"color: #fa0b0b;\">Unisex U.S. men's sizes presented. To convert to U.S. women's size, add 2 sizes. Example: 5 U.S. men = 7 U.S. women<\/span><\/em><\/p>\n<p><img decoding=\"async\" class=\"alignnone wp-image-40620\" src=\"https:\/\/autravail.ca\/wp-content\/uploads\/2025\/09\/Jachete-quebec-et-canada.jpg\" alt=\"Logo de l'achat local\" width=\"162\" height=\"139\" \/>Merci d&rsquo;encourager une entreprise 100% d&rsquo;ici!<\/p>\n<p>TS2604H<\/p>\n<p>&nbsp;<\/p>","protected":false},"excerpt":{"rendered":"<p>Soulier de travail Quest Bound &#8211; 4TF3CO Soulier de travail Quest Bound &#8211; 4TF3CO de Kodiak. Inspir\u00e9e des chaussures de randonn\u00e9e et con\u00e7ue pour une performance optimale au travail, notre chaussure de s\u00e9curit\u00e9 imperm\u00e9able offre agilit\u00e9, confort et une protection s\u00e9rieuse, combinant une semelle ext\u00e9rieure en caoutchouc Vibram\u00ae TC4+ adh\u00e9rente, un embout composite et une [&hellip;]<\/p>","protected":false},"featured_media":21842,"comment_status":"open","ping_status":"closed","template":"","meta":[],"product_cat":[645,808,602],"product_tag":[252,270,242,253],"class_list":{"0":"post-36162","1":"product","2":"type-product","3":"status-publish","4":"has-post-thumbnail","6":"product_brand-kodiak","7":"product_cat-espadrilles-de-travail","8":"product_cat-espadrilles-de-travail-homme","9":"product_cat-hommes","10":"product_tag-electric-shock-resistant","11":"product_tag-espadrilles-de-travail","12":"product_tag-homme","13":"product_tag-sole-protection","15":"first","16":"instock","17":"taxable","18":"shipping-taxable","19":"purchasable","20":"product-type-variable"},"yoast_head":"<!-- This site is optimized with the Yoast SEO plugin v25.3.1 - https:\/\/yoast.com\/wordpress\/plugins\/seo\/ -->\n<title>Soulier de travail Quest Bound - 4TF3CO - Le Magasin Industriel<\/title>\n<meta name=\"description\" content=\"Soulier de travail Quest Bound - 4TF3CO. Inspir\u00e9e des chaussures de randonn\u00e9e et con\u00e7ue pour une performance optimale au travail\" \/>\n<meta name=\"robots\" content=\"index, follow, max-snippet:-1, max-image-preview:large, max-video-preview:-1\" \/>\n<link rel=\"canonical\" href=\"https:\/\/autravail.ca\/en\/product\/soulier-de-travail-quest-bound-4tf3co\/\" \/>\n<meta property=\"og:locale\" content=\"en_US\" \/>\n<meta property=\"og:type\" content=\"article\" \/>\n<meta property=\"og:title\" content=\"Soulier de travail Quest Bound - 4TF3CO - Le Magasin Industriel\" \/>\n<meta property=\"og:description\" content=\"Soulier de travail Quest Bound - 4TF3CO. Inspir\u00e9e des chaussures de randonn\u00e9e et con\u00e7ue pour une performance optimale au travail\" \/>\n<meta property=\"og:url\" content=\"https:\/\/autravail.ca\/en\/product\/soulier-de-travail-quest-bound-4tf3co\/\" \/>\n<meta property=\"og:site_name\" content=\"Le Magasin Industriel\" \/>\n<meta property=\"article:publisher\" content=\"https:\/\/www.facebook.com\/lemagasinindustriel\/?locale=fr_FR\" \/>\n<meta property=\"article:modified_time\" content=\"2026-04-01T17:33:34+00:00\" \/>\n<meta property=\"og:image\" content=\"https:\/\/autravail.ca\/wp-content\/uploads\/2025\/05\/4TF3CO_A01_a4c538f8-05d3-4b26-af59-21a18967ae0f.jpg\" \/>\n\t<meta property=\"og:image:width\" content=\"1000\" \/>\n\t<meta property=\"og:image:height\" content=\"1000\" \/>\n\t<meta property=\"og:image:type\" content=\"image\/jpeg\" \/>\n<meta name=\"twitter:card\" content=\"summary_large_image\" \/>\n<meta name=\"twitter:label1\" content=\"Est. reading time\" \/>\n\t<meta name=\"twitter:data1\" content=\"2 minutes\" \/>\n<script type=\"application\/ld+json\" class=\"yoast-schema-graph\">{\"@context\":\"https:\/\/schema.org\",\"@graph\":[{\"@type\":\"WebPage\",\"@id\":\"https:\/\/autravail.ca\/product\/soulier-de-travail-quest-bound-4tf3co\/\",\"url\":\"https:\/\/autravail.ca\/product\/soulier-de-travail-quest-bound-4tf3co\/\",\"name\":\"Soulier de travail Quest Bound - 4TF3CO - Le Magasin Industriel\",\"isPartOf\":{\"@id\":\"https:\/\/autravail.ca\/#website\"},\"primaryImageOfPage\":{\"@id\":\"https:\/\/autravail.ca\/product\/soulier-de-travail-quest-bound-4tf3co\/#primaryimage\"},\"image\":{\"@id\":\"https:\/\/autravail.ca\/product\/soulier-de-travail-quest-bound-4tf3co\/#primaryimage\"},\"thumbnailUrl\":\"https:\/\/autravail.ca\/wp-content\/uploads\/2025\/05\/4TF3CO_A01_a4c538f8-05d3-4b26-af59-21a18967ae0f.jpg\",\"datePublished\":\"2025-05-08T07:49:55+00:00\",\"dateModified\":\"2026-04-01T17:33:34+00:00\",\"description\":\"Soulier de travail Quest Bound - 4TF3CO. Inspir\u00e9e des chaussures de randonn\u00e9e et con\u00e7ue pour une performance optimale au travail\",\"breadcrumb\":{\"@id\":\"https:\/\/autravail.ca\/product\/soulier-de-travail-quest-bound-4tf3co\/#breadcrumb\"},\"inLanguage\":\"en-CA\",\"potentialAction\":[{\"@type\":\"ReadAction\",\"target\":[\"https:\/\/autravail.ca\/product\/soulier-de-travail-quest-bound-4tf3co\/\"]}]},{\"@type\":\"ImageObject\",\"inLanguage\":\"en-CA\",\"@id\":\"https:\/\/autravail.ca\/product\/soulier-de-travail-quest-bound-4tf3co\/#primaryimage\",\"url\":\"https:\/\/autravail.ca\/wp-content\/uploads\/2025\/05\/4TF3CO_A01_a4c538f8-05d3-4b26-af59-21a18967ae0f.jpg\",\"contentUrl\":\"https:\/\/autravail.ca\/wp-content\/uploads\/2025\/05\/4TF3CO_A01_a4c538f8-05d3-4b26-af59-21a18967ae0f.jpg\",\"width\":1000,\"height\":1000,\"caption\":\"Soulier de travail Quest Bound - 4TF3CO\"},{\"@type\":\"BreadcrumbList\",\"@id\":\"https:\/\/autravail.ca\/product\/soulier-de-travail-quest-bound-4tf3co\/#breadcrumb\",\"itemListElement\":[{\"@type\":\"ListItem\",\"position\":1,\"name\":\"Accueil\",\"item\":\"https:\/\/autravail.ca\/\"},{\"@type\":\"ListItem\",\"position\":2,\"name\":\"Magasin\",\"item\":\"https:\/\/autravail.ca\/en\/shop\/\"},{\"@type\":\"ListItem\",\"position\":3,\"name\":\"Soulier de travail Quest Bound &#8211; 4TF3CO\"}]},{\"@type\":\"WebSite\",\"@id\":\"https:\/\/autravail.ca\/#website\",\"url\":\"https:\/\/autravail.ca\/\",\"name\":\"Le Magasin Industriel\",\"description\":\"50 ans de tradition de s\u00e9curit\u00e9 au travail\",\"publisher\":{\"@id\":\"https:\/\/autravail.ca\/#organization\"},\"potentialAction\":[{\"@type\":\"SearchAction\",\"target\":{\"@type\":\"EntryPoint\",\"urlTemplate\":\"https:\/\/autravail.ca\/?s={search_term_string}\"},\"query-input\":{\"@type\":\"PropertyValueSpecification\",\"valueRequired\":true,\"valueName\":\"search_term_string\"}}],\"inLanguage\":\"en-CA\"},{\"@type\":\"Organization\",\"@id\":\"https:\/\/autravail.ca\/#organization\",\"name\":\"Le Magasin Industriel\",\"url\":\"https:\/\/autravail.ca\/\",\"logo\":{\"@type\":\"ImageObject\",\"inLanguage\":\"en-CA\",\"@id\":\"https:\/\/autravail.ca\/#\/schema\/logo\/image\/\",\"url\":\"https:\/\/autravail.ca\/wp-content\/uploads\/2025\/05\/cropped-magasin_industriel_120x.avif\",\"contentUrl\":\"https:\/\/autravail.ca\/wp-content\/uploads\/2025\/05\/cropped-magasin_industriel_120x.avif\",\"width\":120,\"height\":24,\"caption\":\"Le Magasin Industriel\"},\"image\":{\"@id\":\"https:\/\/autravail.ca\/#\/schema\/logo\/image\/\"},\"sameAs\":[\"https:\/\/www.facebook.com\/lemagasinindustriel\/?locale=fr_FR\"]}]}<\/script>\n<!-- \/ Yoast SEO plugin. -->","yoast_head_json":{"title":"Soulier de travail Quest Bound - 4TF3CO - Le Magasin Industriel","description":"Soulier de travail Quest Bound - 4TF3CO. Inspir\u00e9e des chaussures de randonn\u00e9e et con\u00e7ue pour une performance optimale au travail","robots":{"index":"index","follow":"follow","max-snippet":"max-snippet:-1","max-image-preview":"max-image-preview:large","max-video-preview":"max-video-preview:-1"},"canonical":"https:\/\/autravail.ca\/en\/product\/soulier-de-travail-quest-bound-4tf3co\/","og_locale":"en_US","og_type":"article","og_title":"Soulier de travail Quest Bound - 4TF3CO - Le Magasin Industriel","og_description":"Soulier de travail Quest Bound - 4TF3CO. Inspir\u00e9e des chaussures de randonn\u00e9e et con\u00e7ue pour une performance optimale au travail","og_url":"https:\/\/autravail.ca\/en\/product\/soulier-de-travail-quest-bound-4tf3co\/","og_site_name":"Le Magasin Industriel","article_publisher":"https:\/\/www.facebook.com\/lemagasinindustriel\/?locale=fr_FR","article_modified_time":"2026-04-01T17:33:34+00:00","og_image":[{"width":1000,"height":1000,"url":"https:\/\/autravail.ca\/wp-content\/uploads\/2025\/05\/4TF3CO_A01_a4c538f8-05d3-4b26-af59-21a18967ae0f.jpg","type":"image\/jpeg"}],"twitter_card":"summary_large_image","twitter_misc":{"Est. reading time":"2 minutes"},"schema":{"@context":"https:\/\/schema.org","@graph":[{"@type":"WebPage","@id":"https:\/\/autravail.ca\/product\/soulier-de-travail-quest-bound-4tf3co\/","url":"https:\/\/autravail.ca\/product\/soulier-de-travail-quest-bound-4tf3co\/","name":"Soulier de travail Quest Bound - 4TF3CO - Le Magasin Industriel","isPartOf":{"@id":"https:\/\/autravail.ca\/#website"},"primaryImageOfPage":{"@id":"https:\/\/autravail.ca\/product\/soulier-de-travail-quest-bound-4tf3co\/#primaryimage"},"image":{"@id":"https:\/\/autravail.ca\/product\/soulier-de-travail-quest-bound-4tf3co\/#primaryimage"},"thumbnailUrl":"https:\/\/autravail.ca\/wp-content\/uploads\/2025\/05\/4TF3CO_A01_a4c538f8-05d3-4b26-af59-21a18967ae0f.jpg","datePublished":"2025-05-08T07:49:55+00:00","dateModified":"2026-04-01T17:33:34+00:00","description":"Soulier de travail Quest Bound - 4TF3CO. Inspir\u00e9e des chaussures de randonn\u00e9e et con\u00e7ue pour une performance optimale au travail","breadcrumb":{"@id":"https:\/\/autravail.ca\/product\/soulier-de-travail-quest-bound-4tf3co\/#breadcrumb"},"inLanguage":"en-CA","potentialAction":[{"@type":"ReadAction","target":["https:\/\/autravail.ca\/product\/soulier-de-travail-quest-bound-4tf3co\/"]}]},{"@type":"ImageObject","inLanguage":"en-CA","@id":"https:\/\/autravail.ca\/product\/soulier-de-travail-quest-bound-4tf3co\/#primaryimage","url":"https:\/\/autravail.ca\/wp-content\/uploads\/2025\/05\/4TF3CO_A01_a4c538f8-05d3-4b26-af59-21a18967ae0f.jpg","contentUrl":"https:\/\/autravail.ca\/wp-content\/uploads\/2025\/05\/4TF3CO_A01_a4c538f8-05d3-4b26-af59-21a18967ae0f.jpg","width":1000,"height":1000,"caption":"Soulier de travail Quest Bound - 4TF3CO"},{"@type":"BreadcrumbList","@id":"https:\/\/autravail.ca\/product\/soulier-de-travail-quest-bound-4tf3co\/#breadcrumb","itemListElement":[{"@type":"ListItem","position":1,"name":"Accueil","item":"https:\/\/autravail.ca\/"},{"@type":"ListItem","position":2,"name":"Magasin","item":"https:\/\/autravail.ca\/en\/shop\/"},{"@type":"ListItem","position":3,"name":"Soulier de travail Quest Bound &#8211; 4TF3CO"}]},{"@type":"WebSite","@id":"https:\/\/autravail.ca\/#website","url":"https:\/\/autravail.ca\/","name":"Le Magasin Industriel","description":"50 ans de tradition de s\u00e9curit\u00e9 au travail","publisher":{"@id":"https:\/\/autravail.ca\/#organization"},"potentialAction":[{"@type":"SearchAction","target":{"@type":"EntryPoint","urlTemplate":"https:\/\/autravail.ca\/?s={search_term_string}"},"query-input":{"@type":"PropertyValueSpecification","valueRequired":true,"valueName":"search_term_string"}}],"inLanguage":"en-CA"},{"@type":"Organization","@id":"https:\/\/autravail.ca\/#organization","name":"Le Magasin Industriel","url":"https:\/\/autravail.ca\/","logo":{"@type":"ImageObject","inLanguage":"en-CA","@id":"https:\/\/autravail.ca\/#\/schema\/logo\/image\/","url":"https:\/\/autravail.ca\/wp-content\/uploads\/2025\/05\/cropped-magasin_industriel_120x.avif","contentUrl":"https:\/\/autravail.ca\/wp-content\/uploads\/2025\/05\/cropped-magasin_industriel_120x.avif","width":120,"height":24,"caption":"Le Magasin Industriel"},"image":{"@id":"https:\/\/autravail.ca\/#\/schema\/logo\/image\/"},"sameAs":["https:\/\/www.facebook.com\/lemagasinindustriel\/?locale=fr_FR"]}]}},"jetpack_sharing_enabled":true,"_links":{"self":[{"href":"https:\/\/autravail.ca\/en\/wp-json\/wp\/v2\/product\/36162","targetHints":{"allow":["GET"]}}],"collection":[{"href":"https:\/\/autravail.ca\/en\/wp-json\/wp\/v2\/product"}],"about":[{"href":"https:\/\/autravail.ca\/en\/wp-json\/wp\/v2\/types\/product"}],"replies":[{"embeddable":true,"href":"https:\/\/autravail.ca\/en\/wp-json\/wp\/v2\/comments?post=36162"}],"wp:featuredmedia":[{"embeddable":true,"href":"https:\/\/autravail.ca\/en\/wp-json\/wp\/v2\/media\/21842"}],"wp:attachment":[{"href":"https:\/\/autravail.ca\/en\/wp-json\/wp\/v2\/media?parent=36162"}],"wp:term":[{"taxonomy":"product_cat","embeddable":true,"href":"https:\/\/autravail.ca\/en\/wp-json\/wp\/v2\/product_cat?post=36162"},{"taxonomy":"product_tag","embeddable":true,"href":"https:\/\/autravail.ca\/en\/wp-json\/wp\/v2\/product_tag?post=36162"}],"curies":[{"name":"wp","href":"https:\/\/api.w.org\/{rel}","templated":true}]}}