{"id":36132,"date":"2025-05-08T07:49:31","date_gmt":"2025-05-08T07:49:31","guid":{"rendered":"https:\/\/meteoquebec.ca\/?post_type=product&#038;p=36132"},"modified":"2026-04-01T13:08:35","modified_gmt":"2026-04-01T17:08:35","slug":"botte-de-travail-proworker-master-4nk3wt","status":"publish","type":"product","link":"https:\/\/autravail.ca\/en\/product\/botte-de-travail-proworker-master-4nk3wt\/","title":{"rendered":"Botte de travail Proworker Master &#8211; 4NK3WT"},"content":{"rendered":"<h3>Botte de travail Proworker Master &#8211; 4NK3WT<\/h3>\n<p>Botte de travail Proworker Master &#8211; 4NK3WT de Kodiak. Ce mod\u00e8le de botte de travail de 20 cm (8 pouces) allie un cuir pleine fleur robuste et imperm\u00e9able \u00e0 des caract\u00e9ristiques de s\u00e9curit\u00e9 essentielles. Son embout et sa semelle composites assurent une protection optimale au travail, tandis que sa semelle ext\u00e9rieure en TPU offre une adh\u00e9rence maximale sur tous les terrains. L&rsquo;isolation Thinsulate\u2122 toutes saisons garantit une chaleur agr\u00e9able sans surchauffe, m\u00eame en cas de variations de temp\u00e9rature tout au long de la journ\u00e9e.<\/p>\n<p><img decoding=\"async\" class=\"alignnone size-full wp-image-40117\" src=\"https:\/\/autravail.ca\/wp-content\/uploads\/2025\/09\/Certification-Omega-Triangle-vert.jpg\" alt=\"Certifications Om\u00e9ga Triangle vert\" width=\"193\" height=\"110\" srcset=\"https:\/\/autravail.ca\/wp-content\/uploads\/2025\/09\/Certification-Omega-Triangle-vert.jpg 193w, https:\/\/autravail.ca\/wp-content\/uploads\/2025\/09\/Certification-Omega-Triangle-vert-150x85.jpg 150w, https:\/\/autravail.ca\/wp-content\/uploads\/2025\/09\/Certification-Omega-Triangle-vert-18x10.jpg 18w\" sizes=\"(max-width: 193px) 100vw, 193px\" \/><\/p>\n<h6>Characteristics:<\/h6>\n<ul>\n<li><span dir=\"auto\"><span dir=\"auto\">Conception norv\u00e9gienne classique KODIAK\u00ae avec languette \u00e0 soufflet int\u00e9gr\u00e9e caract\u00e9ristique de la botte ProWorker\u00ae<\/span><\/span><\/li>\n<li><span dir=\"auto\"><span dir=\"auto\">Full Grain Waterproof Metal Zip Pole<\/span><\/span><\/li>\n<li><span dir=\"auto\"><span dir=\"auto\">Isolation Thinsulate\u2122 de 200 g pour un confort en toutes saisons<\/span><\/span><\/li>\n<li><span dir=\"auto\"><span dir=\"auto\">La sangle de maintien moul\u00e9e bloque le pied en place<\/span><\/span><\/li>\n<li><span dir=\"auto\"><span dir=\"auto\">Protection des orteils r\u00e9sistante en TPU moul\u00e9 \u00e0 triple couture<\/span><\/span><\/li>\n<li><span dir=\"auto\"><span dir=\"auto\">La doublure r\u00e9sistante \u00e0 l&rsquo;abrasion et \u00e9vacuant l&rsquo;humidit\u00e9 garde les pieds au sec.<\/span><\/span><\/li>\n<li><span dir=\"auto\"><span dir=\"auto\">Technologie de contr\u00f4le des odeurs KODIAK\u00ae SOS Smell Out Science\u00ae<\/span><\/span><\/li>\n<li><span dir=\"auto\"><span dir=\"auto\">Languette \u00e0 large ouverture et tirette en nylon pour une entr\u00e9e facile<\/span><\/span><\/li>\n<li><span dir=\"auto\"><span dir=\"auto\">La semelle int\u00e9rieure amovible en EVA offre un amorti et un confort optimaux.<\/span><\/span><\/li>\n<li><span dir=\"auto\"><span dir=\"auto\">La semelle interm\u00e9diaire en polyur\u00e9thane inject\u00e9 directement absorbe les chocs<\/span><\/span><\/li>\n<li><span dir=\"auto\"><span dir=\"auto\">Semelle ext\u00e9rieure en TPU \u00e0 formule froide, antid\u00e9rapante, r\u00e9sistante \u00e0 l&rsquo;huile et \u00e0 l&rsquo;abrasion<\/span><\/span><\/li>\n<li><span dir=\"auto\"><span dir=\"auto\">Embout composite homologu\u00e9 CSA, plaque composite, ESR<\/span><\/span><\/li>\n<li><span dir=\"auto\"><span dir=\"auto\">2 paires de lacets<\/span><\/span><\/li>\n<li><span dir=\"auto\"><span dir=\"auto\">Poids : 909 grammes \/ 2 livres par botte de pointure 9<\/span><\/span><\/li>\n<\/ul>\n<p><em><span style=\"color: #fa0b0b;\">Unisex U.S. men's sizes presented. To convert to U.S. women's size, add 2 sizes. Example: 5 U.S. men = 7 U.S. women<\/span><\/em><\/p>\n<p><img decoding=\"async\" class=\"alignnone wp-image-40620\" src=\"https:\/\/autravail.ca\/wp-content\/uploads\/2025\/09\/Jachete-quebec-et-canada.jpg\" alt=\"Logo de l'achat local\" width=\"162\" height=\"139\" \/>Merci d&rsquo;encourager une entreprise 100% d&rsquo;ici!<\/p>\n<p>TS2604H<\/p>","protected":false},"excerpt":{"rendered":"<p>Botte de travail Proworker Master &#8211; 4NK3WT Botte de travail Proworker Master &#8211; 4NK3WT de Kodiak. Ce mod\u00e8le de botte de travail de 20 cm (8 pouces) allie un cuir pleine fleur robuste et imperm\u00e9able \u00e0 des caract\u00e9ristiques de s\u00e9curit\u00e9 essentielles. Son embout et sa semelle composites assurent une protection optimale au travail, tandis que [&hellip;]<\/p>","protected":false},"featured_media":21824,"comment_status":"open","ping_status":"closed","template":"","meta":[],"product_cat":[613,602],"product_tag":[251,252,242,253],"class_list":{"0":"post-36132","1":"product","2":"type-product","3":"status-publish","4":"has-post-thumbnail","6":"product_brand-kodiak","7":"product_cat-bottes-de-travail","8":"product_cat-hommes","9":"product_tag-bottes-de-travail","10":"product_tag-electric-shock-resistant","11":"product_tag-homme","12":"product_tag-sole-protection","14":"first","15":"instock","16":"taxable","17":"shipping-taxable","18":"purchasable","19":"product-type-variable"},"yoast_head":"<!-- This site is optimized with the Yoast SEO plugin v25.3.1 - https:\/\/yoast.com\/wordpress\/plugins\/seo\/ -->\n<title>Botte de travail Proworker Master - 4NK3WT - Le Magasin Industriel<\/title>\n<meta name=\"description\" content=\"Botte de travail Proworker Master - 4NK3WT allie un cuir pleine fleur robuste et imperm\u00e9able \u00e0 des caract\u00e9ristiques de s\u00e9curit\u00e9 essentielles\" \/>\n<meta name=\"robots\" content=\"index, follow, max-snippet:-1, max-image-preview:large, max-video-preview:-1\" \/>\n<link rel=\"canonical\" href=\"https:\/\/autravail.ca\/en\/product\/botte-de-travail-proworker-master-4nk3wt\/\" \/>\n<meta property=\"og:locale\" content=\"en_US\" \/>\n<meta property=\"og:type\" content=\"article\" \/>\n<meta property=\"og:title\" content=\"Botte de travail Proworker Master - 4NK3WT - Le Magasin Industriel\" \/>\n<meta property=\"og:description\" content=\"Botte de travail Proworker Master - 4NK3WT allie un cuir pleine fleur robuste et imperm\u00e9able \u00e0 des caract\u00e9ristiques de s\u00e9curit\u00e9 essentielles\" \/>\n<meta property=\"og:url\" content=\"https:\/\/autravail.ca\/en\/product\/botte-de-travail-proworker-master-4nk3wt\/\" \/>\n<meta property=\"og:site_name\" content=\"Le Magasin Industriel\" \/>\n<meta property=\"article:publisher\" content=\"https:\/\/www.facebook.com\/lemagasinindustriel\/?locale=fr_FR\" \/>\n<meta property=\"article:modified_time\" content=\"2026-04-01T17:08:35+00:00\" \/>\n<meta property=\"og:image\" content=\"https:\/\/autravail.ca\/wp-content\/uploads\/2025\/05\/4NK3WT_A01.jpg\" \/>\n\t<meta property=\"og:image:width\" content=\"1000\" \/>\n\t<meta property=\"og:image:height\" content=\"1000\" \/>\n\t<meta property=\"og:image:type\" content=\"image\/jpeg\" \/>\n<meta name=\"twitter:card\" content=\"summary_large_image\" \/>\n<meta name=\"twitter:label1\" content=\"Est. reading time\" \/>\n\t<meta name=\"twitter:data1\" content=\"2 minutes\" \/>\n<script type=\"application\/ld+json\" class=\"yoast-schema-graph\">{\"@context\":\"https:\/\/schema.org\",\"@graph\":[{\"@type\":\"WebPage\",\"@id\":\"https:\/\/autravail.ca\/product\/botte-de-travail-proworker-master-4nk3wt\/\",\"url\":\"https:\/\/autravail.ca\/product\/botte-de-travail-proworker-master-4nk3wt\/\",\"name\":\"Botte de travail Proworker Master - 4NK3WT - Le Magasin Industriel\",\"isPartOf\":{\"@id\":\"https:\/\/autravail.ca\/#website\"},\"primaryImageOfPage\":{\"@id\":\"https:\/\/autravail.ca\/product\/botte-de-travail-proworker-master-4nk3wt\/#primaryimage\"},\"image\":{\"@id\":\"https:\/\/autravail.ca\/product\/botte-de-travail-proworker-master-4nk3wt\/#primaryimage\"},\"thumbnailUrl\":\"https:\/\/autravail.ca\/wp-content\/uploads\/2025\/05\/4NK3WT_A01.jpg\",\"datePublished\":\"2025-05-08T07:49:31+00:00\",\"dateModified\":\"2026-04-01T17:08:35+00:00\",\"description\":\"Botte de travail Proworker Master - 4NK3WT allie un cuir pleine fleur robuste et imperm\u00e9able \u00e0 des caract\u00e9ristiques de s\u00e9curit\u00e9 essentielles\",\"breadcrumb\":{\"@id\":\"https:\/\/autravail.ca\/product\/botte-de-travail-proworker-master-4nk3wt\/#breadcrumb\"},\"inLanguage\":\"en-CA\",\"potentialAction\":[{\"@type\":\"ReadAction\",\"target\":[\"https:\/\/autravail.ca\/product\/botte-de-travail-proworker-master-4nk3wt\/\"]}]},{\"@type\":\"ImageObject\",\"inLanguage\":\"en-CA\",\"@id\":\"https:\/\/autravail.ca\/product\/botte-de-travail-proworker-master-4nk3wt\/#primaryimage\",\"url\":\"https:\/\/autravail.ca\/wp-content\/uploads\/2025\/05\/4NK3WT_A01.jpg\",\"contentUrl\":\"https:\/\/autravail.ca\/wp-content\/uploads\/2025\/05\/4NK3WT_A01.jpg\",\"width\":1000,\"height\":1000,\"caption\":\"Botte de travail Proworker Master - 4NK3WT\"},{\"@type\":\"BreadcrumbList\",\"@id\":\"https:\/\/autravail.ca\/product\/botte-de-travail-proworker-master-4nk3wt\/#breadcrumb\",\"itemListElement\":[{\"@type\":\"ListItem\",\"position\":1,\"name\":\"Accueil\",\"item\":\"https:\/\/autravail.ca\/\"},{\"@type\":\"ListItem\",\"position\":2,\"name\":\"Magasin\",\"item\":\"https:\/\/autravail.ca\/en\/shop\/\"},{\"@type\":\"ListItem\",\"position\":3,\"name\":\"Botte de travail Proworker Master &#8211; 4NK3WT\"}]},{\"@type\":\"WebSite\",\"@id\":\"https:\/\/autravail.ca\/#website\",\"url\":\"https:\/\/autravail.ca\/\",\"name\":\"Le Magasin Industriel\",\"description\":\"50 ans de tradition de s\u00e9curit\u00e9 au travail\",\"publisher\":{\"@id\":\"https:\/\/autravail.ca\/#organization\"},\"potentialAction\":[{\"@type\":\"SearchAction\",\"target\":{\"@type\":\"EntryPoint\",\"urlTemplate\":\"https:\/\/autravail.ca\/?s={search_term_string}\"},\"query-input\":{\"@type\":\"PropertyValueSpecification\",\"valueRequired\":true,\"valueName\":\"search_term_string\"}}],\"inLanguage\":\"en-CA\"},{\"@type\":\"Organization\",\"@id\":\"https:\/\/autravail.ca\/#organization\",\"name\":\"Le Magasin Industriel\",\"url\":\"https:\/\/autravail.ca\/\",\"logo\":{\"@type\":\"ImageObject\",\"inLanguage\":\"en-CA\",\"@id\":\"https:\/\/autravail.ca\/#\/schema\/logo\/image\/\",\"url\":\"https:\/\/autravail.ca\/wp-content\/uploads\/2025\/05\/cropped-magasin_industriel_120x.avif\",\"contentUrl\":\"https:\/\/autravail.ca\/wp-content\/uploads\/2025\/05\/cropped-magasin_industriel_120x.avif\",\"width\":120,\"height\":24,\"caption\":\"Le Magasin Industriel\"},\"image\":{\"@id\":\"https:\/\/autravail.ca\/#\/schema\/logo\/image\/\"},\"sameAs\":[\"https:\/\/www.facebook.com\/lemagasinindustriel\/?locale=fr_FR\"]}]}<\/script>\n<!-- \/ Yoast SEO plugin. -->","yoast_head_json":{"title":"Botte de travail Proworker Master - 4NK3WT - Le Magasin Industriel","description":"Botte de travail Proworker Master - 4NK3WT allie un cuir pleine fleur robuste et imperm\u00e9able \u00e0 des caract\u00e9ristiques de s\u00e9curit\u00e9 essentielles","robots":{"index":"index","follow":"follow","max-snippet":"max-snippet:-1","max-image-preview":"max-image-preview:large","max-video-preview":"max-video-preview:-1"},"canonical":"https:\/\/autravail.ca\/en\/product\/botte-de-travail-proworker-master-4nk3wt\/","og_locale":"en_US","og_type":"article","og_title":"Botte de travail Proworker Master - 4NK3WT - Le Magasin Industriel","og_description":"Botte de travail Proworker Master - 4NK3WT allie un cuir pleine fleur robuste et imperm\u00e9able \u00e0 des caract\u00e9ristiques de s\u00e9curit\u00e9 essentielles","og_url":"https:\/\/autravail.ca\/en\/product\/botte-de-travail-proworker-master-4nk3wt\/","og_site_name":"Le Magasin Industriel","article_publisher":"https:\/\/www.facebook.com\/lemagasinindustriel\/?locale=fr_FR","article_modified_time":"2026-04-01T17:08:35+00:00","og_image":[{"width":1000,"height":1000,"url":"https:\/\/autravail.ca\/wp-content\/uploads\/2025\/05\/4NK3WT_A01.jpg","type":"image\/jpeg"}],"twitter_card":"summary_large_image","twitter_misc":{"Est. reading time":"2 minutes"},"schema":{"@context":"https:\/\/schema.org","@graph":[{"@type":"WebPage","@id":"https:\/\/autravail.ca\/product\/botte-de-travail-proworker-master-4nk3wt\/","url":"https:\/\/autravail.ca\/product\/botte-de-travail-proworker-master-4nk3wt\/","name":"Botte de travail Proworker Master - 4NK3WT - Le Magasin Industriel","isPartOf":{"@id":"https:\/\/autravail.ca\/#website"},"primaryImageOfPage":{"@id":"https:\/\/autravail.ca\/product\/botte-de-travail-proworker-master-4nk3wt\/#primaryimage"},"image":{"@id":"https:\/\/autravail.ca\/product\/botte-de-travail-proworker-master-4nk3wt\/#primaryimage"},"thumbnailUrl":"https:\/\/autravail.ca\/wp-content\/uploads\/2025\/05\/4NK3WT_A01.jpg","datePublished":"2025-05-08T07:49:31+00:00","dateModified":"2026-04-01T17:08:35+00:00","description":"Botte de travail Proworker Master - 4NK3WT allie un cuir pleine fleur robuste et imperm\u00e9able \u00e0 des caract\u00e9ristiques de s\u00e9curit\u00e9 essentielles","breadcrumb":{"@id":"https:\/\/autravail.ca\/product\/botte-de-travail-proworker-master-4nk3wt\/#breadcrumb"},"inLanguage":"en-CA","potentialAction":[{"@type":"ReadAction","target":["https:\/\/autravail.ca\/product\/botte-de-travail-proworker-master-4nk3wt\/"]}]},{"@type":"ImageObject","inLanguage":"en-CA","@id":"https:\/\/autravail.ca\/product\/botte-de-travail-proworker-master-4nk3wt\/#primaryimage","url":"https:\/\/autravail.ca\/wp-content\/uploads\/2025\/05\/4NK3WT_A01.jpg","contentUrl":"https:\/\/autravail.ca\/wp-content\/uploads\/2025\/05\/4NK3WT_A01.jpg","width":1000,"height":1000,"caption":"Botte de travail Proworker Master - 4NK3WT"},{"@type":"BreadcrumbList","@id":"https:\/\/autravail.ca\/product\/botte-de-travail-proworker-master-4nk3wt\/#breadcrumb","itemListElement":[{"@type":"ListItem","position":1,"name":"Accueil","item":"https:\/\/autravail.ca\/"},{"@type":"ListItem","position":2,"name":"Magasin","item":"https:\/\/autravail.ca\/en\/shop\/"},{"@type":"ListItem","position":3,"name":"Botte de travail Proworker Master &#8211; 4NK3WT"}]},{"@type":"WebSite","@id":"https:\/\/autravail.ca\/#website","url":"https:\/\/autravail.ca\/","name":"Le Magasin Industriel","description":"50 ans de tradition de s\u00e9curit\u00e9 au travail","publisher":{"@id":"https:\/\/autravail.ca\/#organization"},"potentialAction":[{"@type":"SearchAction","target":{"@type":"EntryPoint","urlTemplate":"https:\/\/autravail.ca\/?s={search_term_string}"},"query-input":{"@type":"PropertyValueSpecification","valueRequired":true,"valueName":"search_term_string"}}],"inLanguage":"en-CA"},{"@type":"Organization","@id":"https:\/\/autravail.ca\/#organization","name":"Le Magasin Industriel","url":"https:\/\/autravail.ca\/","logo":{"@type":"ImageObject","inLanguage":"en-CA","@id":"https:\/\/autravail.ca\/#\/schema\/logo\/image\/","url":"https:\/\/autravail.ca\/wp-content\/uploads\/2025\/05\/cropped-magasin_industriel_120x.avif","contentUrl":"https:\/\/autravail.ca\/wp-content\/uploads\/2025\/05\/cropped-magasin_industriel_120x.avif","width":120,"height":24,"caption":"Le Magasin Industriel"},"image":{"@id":"https:\/\/autravail.ca\/#\/schema\/logo\/image\/"},"sameAs":["https:\/\/www.facebook.com\/lemagasinindustriel\/?locale=fr_FR"]}]}},"jetpack_sharing_enabled":true,"_links":{"self":[{"href":"https:\/\/autravail.ca\/en\/wp-json\/wp\/v2\/product\/36132","targetHints":{"allow":["GET"]}}],"collection":[{"href":"https:\/\/autravail.ca\/en\/wp-json\/wp\/v2\/product"}],"about":[{"href":"https:\/\/autravail.ca\/en\/wp-json\/wp\/v2\/types\/product"}],"replies":[{"embeddable":true,"href":"https:\/\/autravail.ca\/en\/wp-json\/wp\/v2\/comments?post=36132"}],"wp:featuredmedia":[{"embeddable":true,"href":"https:\/\/autravail.ca\/en\/wp-json\/wp\/v2\/media\/21824"}],"wp:attachment":[{"href":"https:\/\/autravail.ca\/en\/wp-json\/wp\/v2\/media?parent=36132"}],"wp:term":[{"taxonomy":"product_cat","embeddable":true,"href":"https:\/\/autravail.ca\/en\/wp-json\/wp\/v2\/product_cat?post=36132"},{"taxonomy":"product_tag","embeddable":true,"href":"https:\/\/autravail.ca\/en\/wp-json\/wp\/v2\/product_tag?post=36132"}],"curies":[{"name":"wp","href":"https:\/\/api.w.org\/{rel}","templated":true}]}}